{"id":335312,"date":"2026-05-08T15:06:34","date_gmt":"2026-05-08T12:06:34","guid":{"rendered":"https:\/\/shop.noor.fi\/product\/bird-4-delad-pendel-sand\/"},"modified":"2026-05-08T15:06:34","modified_gmt":"2026-05-08T12:06:34","slug":"bird-4-delad-pendel-sand","status":"publish","type":"product","link":"https:\/\/shop.noor.fi\/sv\/produkt\/bird-4-delad-pendel-sand\/","title":{"rendered":"Bird 4-delad pendel sand"},"content":{"rendered":"<p>Elegant belysning med Bird linj\u00e4r ljuskrona. Bird \u00e4r en hyllning till Belids hantverksarv samtidigt som den bryter gr\u00e4nserna f\u00f6r traditionell design. Den linj\u00e4ra formen och metallkonstruktionen skapar en imponerande och sv\u00e4vande lampa som blir en f\u00e4ngslande mittpunkt i vilket rum som helst. En trevlig detalj \u00e4r de i\u00f6gonfallande m\u00e4ssingsringar.<br \/>\nSladdl\u00e4ngden \u00e4r 280 cm. Fast installation.<br \/>\nE14, max 4 x 10W LED. Ljusk\u00e4llor ing\u00e5r ej.<br \/>\nDesign F\u00e4rg &#038; Blanche.<\/p>\n<p>Bredd 119,3 cm<br \/>\nDjup 17,3 cm<br \/>\nH\u00f6jd 38,8 cm<\/p>\n<p>Tillverkad i Varberg, Sverige.<\/p>\n","protected":false},"excerpt":{"rendered":"<p>Elegant belysning med Bird linj\u00e4r ljuskrona. Bird \u00e4r en hyllning till Belids hantverksarv samtidigt som den bryter gr\u00e4nserna f\u00f6r traditionell design. Den linj\u00e4ra formen och metallkonstruktionen skapar en imponerande och sv\u00e4vande lampa som blir en f\u00e4ngslande mittpunkt i vilket rum som helst. En trevlig detalj \u00e4r de i\u00f6gonfallande m\u00e4ssingsringar. Sladdl\u00e4ngden \u00e4r 280 cm. Fast installation. [&hellip;]<\/p>\n","protected":false},"featured_media":335240,"comment_status":"open","ping_status":"closed","template":"","meta":{"_acf_changed":false,"_relevanssi_hide_post":"","_relevanssi_hide_content":"","_relevanssi_pin_for_all":"","_relevanssi_pin_keywords":"","_relevanssi_unpin_keywords":"","_relevanssi_related_keywords":"","_relevanssi_related_include_ids":"","_relevanssi_related_exclude_ids":"","_relevanssi_related_no_append":"","_relevanssi_related_not_related":"","_relevanssi_related_posts":"","_relevanssi_noindex_reason":""},"pwb-brand":[37482],"product_brand":[],"product_cat":[32115],"product_tag":[],"class_list":{"0":"post-335312","1":"product","2":"type-product","3":"status-publish","4":"has-post-thumbnail","6":"pwb-brand-belid-sv","7":"product_cat-pendlar","9":"first","10":"onbackorder","11":"taxable","12":"shipping-taxable","13":"purchasable","14":"product-type-simple"},"acf":[],"yoast_head":"<!-- This site is optimized with the Yoast SEO plugin v27.5 - https:\/\/yoast.com\/product\/yoast-seo-wordpress\/ -->\n<title>Bird 4-delad pendel sand - Oy Noortrade Ab<\/title>\n<meta name=\"robots\" content=\"index, follow, max-snippet:-1, max-image-preview:large, max-video-preview:-1\" \/>\n<link rel=\"canonical\" href=\"https:\/\/shop.noor.fi\/sv\/produkt\/bird-4-delad-pendel-sand\/\" \/>\n<meta property=\"og:locale\" content=\"sv_SE\" \/>\n<meta property=\"og:type\" content=\"article\" \/>\n<meta property=\"og:title\" content=\"Bird 4-delad pendel sand - Oy Noortrade Ab\" \/>\n<meta property=\"og:description\" content=\"Elegant belysning med Bird linj\u00e4r ljuskrona. Bird \u00e4r en hyllning till Belids hantverksarv samtidigt som den bryter gr\u00e4nserna f\u00f6r traditionell design. Den linj\u00e4ra formen och metallkonstruktionen skapar en imponerande och sv\u00e4vande lampa som blir en f\u00e4ngslande mittpunkt i vilket rum som helst. En trevlig detalj \u00e4r de i\u00f6gonfallande m\u00e4ssingsringar. Sladdl\u00e4ngden \u00e4r 280 cm. Fast installation. [&hellip;]\" \/>\n<meta property=\"og:url\" content=\"https:\/\/shop.noor.fi\/sv\/produkt\/bird-4-delad-pendel-sand\/\" \/>\n<meta property=\"og:site_name\" content=\"Oy Noortrade Ab\" \/>\n<meta property=\"og:image\" content=\"https:\/\/shop.noor.fi\/wp-content\/uploads\/2026\/05\/BE-1824533.jpg\" \/>\n\t<meta property=\"og:image:width\" content=\"1210\" \/>\n\t<meta property=\"og:image:height\" content=\"908\" \/>\n\t<meta property=\"og:image:type\" content=\"image\/jpeg\" \/>\n<meta name=\"twitter:card\" content=\"summary_large_image\" \/>\n<script type=\"application\/ld+json\" class=\"yoast-schema-graph\">{\"@context\":\"https:\\\/\\\/schema.org\",\"@graph\":[{\"@type\":\"WebPage\",\"@id\":\"https:\\\/\\\/shop.noor.fi\\\/sv\\\/produkt\\\/bird-4-delad-pendel-sand\\\/\",\"url\":\"https:\\\/\\\/shop.noor.fi\\\/sv\\\/produkt\\\/bird-4-delad-pendel-sand\\\/\",\"name\":\"Bird 4-delad pendel sand - Oy Noortrade Ab\",\"isPartOf\":{\"@id\":\"https:\\\/\\\/shopnoorfi-wp31835.test.cchosting.fi\\\/#website\"},\"primaryImageOfPage\":{\"@id\":\"https:\\\/\\\/shop.noor.fi\\\/sv\\\/produkt\\\/bird-4-delad-pendel-sand\\\/#primaryimage\"},\"image\":{\"@id\":\"https:\\\/\\\/shop.noor.fi\\\/sv\\\/produkt\\\/bird-4-delad-pendel-sand\\\/#primaryimage\"},\"thumbnailUrl\":\"https:\\\/\\\/shop.noor.fi\\\/wp-content\\\/uploads\\\/2026\\\/05\\\/BE-1824533.jpg\",\"datePublished\":\"2026-05-08T12:06:34+00:00\",\"breadcrumb\":{\"@id\":\"https:\\\/\\\/shop.noor.fi\\\/sv\\\/produkt\\\/bird-4-delad-pendel-sand\\\/#breadcrumb\"},\"inLanguage\":\"sv-SE\",\"potentialAction\":[{\"@type\":\"ReadAction\",\"target\":[\"https:\\\/\\\/shop.noor.fi\\\/sv\\\/produkt\\\/bird-4-delad-pendel-sand\\\/\"]}]},{\"@type\":\"ImageObject\",\"inLanguage\":\"sv-SE\",\"@id\":\"https:\\\/\\\/shop.noor.fi\\\/sv\\\/produkt\\\/bird-4-delad-pendel-sand\\\/#primaryimage\",\"url\":\"https:\\\/\\\/shop.noor.fi\\\/wp-content\\\/uploads\\\/2026\\\/05\\\/BE-1824533.jpg\",\"contentUrl\":\"https:\\\/\\\/shop.noor.fi\\\/wp-content\\\/uploads\\\/2026\\\/05\\\/BE-1824533.jpg\",\"width\":1210,\"height\":908},{\"@type\":\"BreadcrumbList\",\"@id\":\"https:\\\/\\\/shop.noor.fi\\\/sv\\\/produkt\\\/bird-4-delad-pendel-sand\\\/#breadcrumb\",\"itemListElement\":[{\"@type\":\"ListItem\",\"position\":1,\"name\":\"Etusivu\",\"item\":\"https:\\\/\\\/shop.noor.fi\\\/sv\\\/\"},{\"@type\":\"ListItem\",\"position\":2,\"name\":\"Butik\",\"item\":\"https:\\\/\\\/shopnoorfi-wp31835.test.cchosting.fi\\\/sv\\\/butik\\\/\"},{\"@type\":\"ListItem\",\"position\":3,\"name\":\"Bird 4-delad pendel sand\"}]},{\"@type\":\"WebSite\",\"@id\":\"https:\\\/\\\/shopnoorfi-wp31835.test.cchosting.fi\\\/#website\",\"url\":\"https:\\\/\\\/shopnoorfi-wp31835.test.cchosting.fi\\\/\",\"name\":\"Oy Noortrade Ab\",\"description\":\"Finnish family owned company with over 30 years of professional experience in lighting &amp; interior products import and sales - reliably.\",\"publisher\":{\"@id\":\"https:\\\/\\\/shopnoorfi-wp31835.test.cchosting.fi\\\/#organization\"},\"potentialAction\":[{\"@type\":\"SearchAction\",\"target\":{\"@type\":\"EntryPoint\",\"urlTemplate\":\"https:\\\/\\\/shopnoorfi-wp31835.test.cchosting.fi\\\/?s={search_term_string}\"},\"query-input\":{\"@type\":\"PropertyValueSpecification\",\"valueRequired\":true,\"valueName\":\"search_term_string\"}}],\"inLanguage\":\"sv-SE\"},{\"@type\":\"Organization\",\"@id\":\"https:\\\/\\\/shopnoorfi-wp31835.test.cchosting.fi\\\/#organization\",\"name\":\"Oy Noortrade Ab\",\"url\":\"https:\\\/\\\/shopnoorfi-wp31835.test.cchosting.fi\\\/\",\"logo\":{\"@type\":\"ImageObject\",\"inLanguage\":\"sv-SE\",\"@id\":\"https:\\\/\\\/shopnoorfi-wp31835.test.cchosting.fi\\\/#\\\/schema\\\/logo\\\/image\\\/\",\"url\":\"https:\\\/\\\/shop.noor.fi\\\/wp-content\\\/uploads\\\/2024\\\/01\\\/Oy-Noortrade-Ab-Corbel-VERSAL-bold-BLACK.png\",\"contentUrl\":\"https:\\\/\\\/shop.noor.fi\\\/wp-content\\\/uploads\\\/2024\\\/01\\\/Oy-Noortrade-Ab-Corbel-VERSAL-bold-BLACK.png\",\"width\":721,\"height\":177,\"caption\":\"Oy Noortrade Ab\"},\"image\":{\"@id\":\"https:\\\/\\\/shopnoorfi-wp31835.test.cchosting.fi\\\/#\\\/schema\\\/logo\\\/image\\\/\"}}]}<\/script>\n<!-- \/ Yoast SEO plugin. -->","yoast_head_json":{"title":"Bird 4-delad pendel sand - Oy Noortrade Ab","robots":{"index":"index","follow":"follow","max-snippet":"max-snippet:-1","max-image-preview":"max-image-preview:large","max-video-preview":"max-video-preview:-1"},"canonical":"https:\/\/shop.noor.fi\/sv\/produkt\/bird-4-delad-pendel-sand\/","og_locale":"sv_SE","og_type":"article","og_title":"Bird 4-delad pendel sand - Oy Noortrade Ab","og_description":"Elegant belysning med Bird linj\u00e4r ljuskrona. Bird \u00e4r en hyllning till Belids hantverksarv samtidigt som den bryter gr\u00e4nserna f\u00f6r traditionell design. Den linj\u00e4ra formen och metallkonstruktionen skapar en imponerande och sv\u00e4vande lampa som blir en f\u00e4ngslande mittpunkt i vilket rum som helst. En trevlig detalj \u00e4r de i\u00f6gonfallande m\u00e4ssingsringar. Sladdl\u00e4ngden \u00e4r 280 cm. Fast installation. [&hellip;]","og_url":"https:\/\/shop.noor.fi\/sv\/produkt\/bird-4-delad-pendel-sand\/","og_site_name":"Oy Noortrade Ab","og_image":[{"width":1210,"height":908,"url":"https:\/\/shop.noor.fi\/wp-content\/uploads\/2026\/05\/BE-1824533.jpg","type":"image\/jpeg"}],"twitter_card":"summary_large_image","schema":{"@context":"https:\/\/schema.org","@graph":[{"@type":"WebPage","@id":"https:\/\/shop.noor.fi\/sv\/produkt\/bird-4-delad-pendel-sand\/","url":"https:\/\/shop.noor.fi\/sv\/produkt\/bird-4-delad-pendel-sand\/","name":"Bird 4-delad pendel sand - Oy Noortrade Ab","isPartOf":{"@id":"https:\/\/shopnoorfi-wp31835.test.cchosting.fi\/#website"},"primaryImageOfPage":{"@id":"https:\/\/shop.noor.fi\/sv\/produkt\/bird-4-delad-pendel-sand\/#primaryimage"},"image":{"@id":"https:\/\/shop.noor.fi\/sv\/produkt\/bird-4-delad-pendel-sand\/#primaryimage"},"thumbnailUrl":"https:\/\/shop.noor.fi\/wp-content\/uploads\/2026\/05\/BE-1824533.jpg","datePublished":"2026-05-08T12:06:34+00:00","breadcrumb":{"@id":"https:\/\/shop.noor.fi\/sv\/produkt\/bird-4-delad-pendel-sand\/#breadcrumb"},"inLanguage":"sv-SE","potentialAction":[{"@type":"ReadAction","target":["https:\/\/shop.noor.fi\/sv\/produkt\/bird-4-delad-pendel-sand\/"]}]},{"@type":"ImageObject","inLanguage":"sv-SE","@id":"https:\/\/shop.noor.fi\/sv\/produkt\/bird-4-delad-pendel-sand\/#primaryimage","url":"https:\/\/shop.noor.fi\/wp-content\/uploads\/2026\/05\/BE-1824533.jpg","contentUrl":"https:\/\/shop.noor.fi\/wp-content\/uploads\/2026\/05\/BE-1824533.jpg","width":1210,"height":908},{"@type":"BreadcrumbList","@id":"https:\/\/shop.noor.fi\/sv\/produkt\/bird-4-delad-pendel-sand\/#breadcrumb","itemListElement":[{"@type":"ListItem","position":1,"name":"Etusivu","item":"https:\/\/shop.noor.fi\/sv\/"},{"@type":"ListItem","position":2,"name":"Butik","item":"https:\/\/shopnoorfi-wp31835.test.cchosting.fi\/sv\/butik\/"},{"@type":"ListItem","position":3,"name":"Bird 4-delad pendel sand"}]},{"@type":"WebSite","@id":"https:\/\/shopnoorfi-wp31835.test.cchosting.fi\/#website","url":"https:\/\/shopnoorfi-wp31835.test.cchosting.fi\/","name":"Oy Noortrade Ab","description":"Finnish family owned company with over 30 years of professional experience in lighting &amp; interior products import and sales - reliably.","publisher":{"@id":"https:\/\/shopnoorfi-wp31835.test.cchosting.fi\/#organization"},"potentialAction":[{"@type":"SearchAction","target":{"@type":"EntryPoint","urlTemplate":"https:\/\/shopnoorfi-wp31835.test.cchosting.fi\/?s={search_term_string}"},"query-input":{"@type":"PropertyValueSpecification","valueRequired":true,"valueName":"search_term_string"}}],"inLanguage":"sv-SE"},{"@type":"Organization","@id":"https:\/\/shopnoorfi-wp31835.test.cchosting.fi\/#organization","name":"Oy Noortrade Ab","url":"https:\/\/shopnoorfi-wp31835.test.cchosting.fi\/","logo":{"@type":"ImageObject","inLanguage":"sv-SE","@id":"https:\/\/shopnoorfi-wp31835.test.cchosting.fi\/#\/schema\/logo\/image\/","url":"https:\/\/shop.noor.fi\/wp-content\/uploads\/2024\/01\/Oy-Noortrade-Ab-Corbel-VERSAL-bold-BLACK.png","contentUrl":"https:\/\/shop.noor.fi\/wp-content\/uploads\/2024\/01\/Oy-Noortrade-Ab-Corbel-VERSAL-bold-BLACK.png","width":721,"height":177,"caption":"Oy Noortrade Ab"},"image":{"@id":"https:\/\/shopnoorfi-wp31835.test.cchosting.fi\/#\/schema\/logo\/image\/"}}]}},"brands":[{"id":37482,"name":"Belid","slug":"belid-sv"}],"_links":{"self":[{"href":"https:\/\/shop.noor.fi\/sv\/wp-json\/wp\/v2\/product\/335312","targetHints":{"allow":["GET"]}}],"collection":[{"href":"https:\/\/shop.noor.fi\/sv\/wp-json\/wp\/v2\/product"}],"about":[{"href":"https:\/\/shop.noor.fi\/sv\/wp-json\/wp\/v2\/types\/product"}],"replies":[{"embeddable":true,"href":"https:\/\/shop.noor.fi\/sv\/wp-json\/wp\/v2\/comments?post=335312"}],"wp:featuredmedia":[{"embeddable":true,"href":"https:\/\/shop.noor.fi\/sv\/wp-json\/wp\/v2\/media\/335240"}],"wp:attachment":[{"href":"https:\/\/shop.noor.fi\/sv\/wp-json\/wp\/v2\/media?parent=335312"}],"wp:term":[{"taxonomy":"pwb-brand","embeddable":true,"href":"https:\/\/shop.noor.fi\/sv\/wp-json\/wp\/v2\/pwb-brand?post=335312"},{"taxonomy":"product_brand","embeddable":true,"href":"https:\/\/shop.noor.fi\/sv\/wp-json\/wp\/v2\/product_brand?post=335312"},{"taxonomy":"product_cat","embeddable":true,"href":"https:\/\/shop.noor.fi\/sv\/wp-json\/wp\/v2\/product_cat?post=335312"},{"taxonomy":"product_tag","embeddable":true,"href":"https:\/\/shop.noor.fi\/sv\/wp-json\/wp\/v2\/product_tag?post=335312"}],"curies":[{"name":"wp","href":"https:\/\/api.w.org\/{rel}","templated":true}]}}