{"id":333746,"date":"2026-05-05T10:02:53","date_gmt":"2026-05-05T07:02:53","guid":{"rendered":"https:\/\/shop.noor.fi\/product\/ikat-gardin-beige-2x135x280cm\/"},"modified":"2026-05-05T10:02:53","modified_gmt":"2026-05-05T07:02:53","slug":"ikat-gardin-beige-2x135x280cm","status":"publish","type":"product","link":"https:\/\/shop.noor.fi\/sv\/produkt\/ikat-gardin-beige-2x135x280cm\/","title":{"rendered":"Ikat gardin beige 2x135x280cm"},"content":{"rendered":"<p>Skapa ett mjukt och behagligt ljus i rummet med dimout-gardinen Ikat. Den d\u00e4mpar effektivt det starka dagsljuset och ger en lugn, harmonisk atmosf\u00e4r \u2013 utan att st\u00e4nga ute ljuset helt. Perfekt f\u00f6r dig som vill ha avskildhet och en ombonad k\u00e4nsla, samtidigt som rummet fortfarande k\u00e4nns levande och ljust.<br \/>\nGardinerna har multiband i ovankant, f\u00e5llade l\u00e5ngsidor och overlocks\u00f6m i nederkant. F\u00f6rpackningen inneh\u00e5ller 2 gardiner.<br \/>\nKan krympa max 5% p\u00e5 bredden och 1% p\u00e5 l\u00e4ngden.<br \/>\nM\u00e5tt: 135 x 280 cm.<br \/>\nMultibandet \u00e4r en flexibel l\u00f6sning som g\u00f6r att gardinen kan h\u00e4ngas upp antingen med fingerkrokar, r\u00e4kor eller direkt p\u00e5 en st\u00e5ng beroende p\u00e5 vilken typ av veck och vilket fall man vill ha p\u00e5 gardinen.<br \/>\nAnv\u00e4nd snabbf\u00e5llningsband f\u00f6r att f\u00e5 r\u00e4tt l\u00e4ngd p\u00e5 gardinen (ing\u00e5r ej i f\u00f6rpackningen).<\/p>\n<p>Material: 85% bomull, 15% polyester  <\/p>\n<p>Sk\u00f6tselr\u00e5d:<br \/>\n&#8211; 30 grader skontv\u00e4tt<br \/>\n&#8211; Klorblekmedel f\u00e5r ej anv\u00e4ndas<br \/>\n&#8211; Kan ej torktumlas<br \/>\n&#8211; T\u00e5l strykning med l\u00e5g temperatur<br \/>\n&#8211; Kemtv\u00e4tt (Perkloretylen)<\/p>\n","protected":false},"excerpt":{"rendered":"<p>Skapa ett mjukt och behagligt ljus i rummet med dimout-gardinen Ikat. Den d\u00e4mpar effektivt det starka dagsljuset och ger en lugn, harmonisk atmosf\u00e4r \u2013 utan att st\u00e4nga ute ljuset helt. Perfekt f\u00f6r dig som vill ha avskildhet och en ombonad k\u00e4nsla, samtidigt som rummet fortfarande k\u00e4nns levande och ljust. Gardinerna har multiband i ovankant, f\u00e5llade [&hellip;]<\/p>\n","protected":false},"featured_media":334422,"comment_status":"open","ping_status":"closed","template":"","meta":{"_acf_changed":false,"_relevanssi_hide_post":"","_relevanssi_hide_content":"","_relevanssi_pin_for_all":"","_relevanssi_pin_keywords":"","_relevanssi_unpin_keywords":"","_relevanssi_related_keywords":"","_relevanssi_related_include_ids":"","_relevanssi_related_exclude_ids":"","_relevanssi_related_no_append":"","_relevanssi_related_not_related":"","_relevanssi_related_posts":"","_relevanssi_noindex_reason":""},"pwb-brand":[37492],"product_brand":[],"product_cat":[36163,32132],"product_tag":[],"class_list":{"0":"post-333746","1":"product","2":"type-product","3":"status-publish","4":"has-post-thumbnail","6":"pwb-brand-svanefors-sv","7":"product_cat-host","8":"product_cat-sidogardiner","10":"first","11":"onbackorder","12":"taxable","13":"shipping-taxable","14":"purchasable","15":"product-type-simple"},"acf":[],"yoast_head":"<!-- This site is optimized with the Yoast SEO plugin v27.5 - https:\/\/yoast.com\/product\/yoast-seo-wordpress\/ -->\n<title>Ikat gardin beige 2x135x280cm - Oy Noortrade Ab<\/title>\n<meta name=\"robots\" content=\"index, follow, max-snippet:-1, max-image-preview:large, max-video-preview:-1\" \/>\n<link rel=\"canonical\" href=\"https:\/\/shop.noor.fi\/sv\/produkt\/ikat-gardin-beige-2x135x280cm\/\" \/>\n<meta property=\"og:locale\" content=\"sv_SE\" \/>\n<meta property=\"og:type\" content=\"article\" \/>\n<meta property=\"og:title\" content=\"Ikat gardin beige 2x135x280cm - Oy Noortrade Ab\" \/>\n<meta property=\"og:description\" content=\"Skapa ett mjukt och behagligt ljus i rummet med dimout-gardinen Ikat. Den d\u00e4mpar effektivt det starka dagsljuset och ger en lugn, harmonisk atmosf\u00e4r \u2013 utan att st\u00e4nga ute ljuset helt. Perfekt f\u00f6r dig som vill ha avskildhet och en ombonad k\u00e4nsla, samtidigt som rummet fortfarande k\u00e4nns levande och ljust. Gardinerna har multiband i ovankant, f\u00e5llade [&hellip;]\" \/>\n<meta property=\"og:url\" content=\"https:\/\/shop.noor.fi\/sv\/produkt\/ikat-gardin-beige-2x135x280cm\/\" \/>\n<meta property=\"og:site_name\" content=\"Oy Noortrade Ab\" \/>\n<meta property=\"og:image\" content=\"https:\/\/shop.noor.fi\/wp-content\/uploads\/2026\/05\/SV-1504-20-124.jpg\" \/>\n\t<meta property=\"og:image:width\" content=\"908\" \/>\n\t<meta property=\"og:image:height\" content=\"1210\" \/>\n\t<meta property=\"og:image:type\" content=\"image\/jpeg\" \/>\n<meta name=\"twitter:card\" content=\"summary_large_image\" \/>\n<meta name=\"twitter:label1\" content=\"Ber\u00e4knad l\u00e4stid\" \/>\n\t<meta name=\"twitter:data1\" content=\"1 minut\" \/>\n<script type=\"application\/ld+json\" class=\"yoast-schema-graph\">{\"@context\":\"https:\\\/\\\/schema.org\",\"@graph\":[{\"@type\":\"WebPage\",\"@id\":\"https:\\\/\\\/shop.noor.fi\\\/sv\\\/produkt\\\/ikat-gardin-beige-2x135x280cm\\\/\",\"url\":\"https:\\\/\\\/shop.noor.fi\\\/sv\\\/produkt\\\/ikat-gardin-beige-2x135x280cm\\\/\",\"name\":\"Ikat gardin beige 2x135x280cm - Oy Noortrade Ab\",\"isPartOf\":{\"@id\":\"https:\\\/\\\/shopnoorfi-wp31835.test.cchosting.fi\\\/#website\"},\"primaryImageOfPage\":{\"@id\":\"https:\\\/\\\/shop.noor.fi\\\/sv\\\/produkt\\\/ikat-gardin-beige-2x135x280cm\\\/#primaryimage\"},\"image\":{\"@id\":\"https:\\\/\\\/shop.noor.fi\\\/sv\\\/produkt\\\/ikat-gardin-beige-2x135x280cm\\\/#primaryimage\"},\"thumbnailUrl\":\"https:\\\/\\\/shop.noor.fi\\\/wp-content\\\/uploads\\\/2026\\\/05\\\/SV-1504-20-124.jpg\",\"datePublished\":\"2026-05-05T07:02:53+00:00\",\"breadcrumb\":{\"@id\":\"https:\\\/\\\/shop.noor.fi\\\/sv\\\/produkt\\\/ikat-gardin-beige-2x135x280cm\\\/#breadcrumb\"},\"inLanguage\":\"sv-SE\",\"potentialAction\":[{\"@type\":\"ReadAction\",\"target\":[\"https:\\\/\\\/shop.noor.fi\\\/sv\\\/produkt\\\/ikat-gardin-beige-2x135x280cm\\\/\"]}]},{\"@type\":\"ImageObject\",\"inLanguage\":\"sv-SE\",\"@id\":\"https:\\\/\\\/shop.noor.fi\\\/sv\\\/produkt\\\/ikat-gardin-beige-2x135x280cm\\\/#primaryimage\",\"url\":\"https:\\\/\\\/shop.noor.fi\\\/wp-content\\\/uploads\\\/2026\\\/05\\\/SV-1504-20-124.jpg\",\"contentUrl\":\"https:\\\/\\\/shop.noor.fi\\\/wp-content\\\/uploads\\\/2026\\\/05\\\/SV-1504-20-124.jpg\",\"width\":908,\"height\":1210},{\"@type\":\"BreadcrumbList\",\"@id\":\"https:\\\/\\\/shop.noor.fi\\\/sv\\\/produkt\\\/ikat-gardin-beige-2x135x280cm\\\/#breadcrumb\",\"itemListElement\":[{\"@type\":\"ListItem\",\"position\":1,\"name\":\"Etusivu\",\"item\":\"https:\\\/\\\/shop.noor.fi\\\/sv\\\/\"},{\"@type\":\"ListItem\",\"position\":2,\"name\":\"Butik\",\"item\":\"https:\\\/\\\/shopnoorfi-wp31835.test.cchosting.fi\\\/sv\\\/butik\\\/\"},{\"@type\":\"ListItem\",\"position\":3,\"name\":\"Ikat gardin beige 2x135x280cm\"}]},{\"@type\":\"WebSite\",\"@id\":\"https:\\\/\\\/shopnoorfi-wp31835.test.cchosting.fi\\\/#website\",\"url\":\"https:\\\/\\\/shopnoorfi-wp31835.test.cchosting.fi\\\/\",\"name\":\"Oy Noortrade Ab\",\"description\":\"Finnish family owned company with over 30 years of professional experience in lighting &amp; interior products import and sales - reliably.\",\"publisher\":{\"@id\":\"https:\\\/\\\/shopnoorfi-wp31835.test.cchosting.fi\\\/#organization\"},\"potentialAction\":[{\"@type\":\"SearchAction\",\"target\":{\"@type\":\"EntryPoint\",\"urlTemplate\":\"https:\\\/\\\/shopnoorfi-wp31835.test.cchosting.fi\\\/?s={search_term_string}\"},\"query-input\":{\"@type\":\"PropertyValueSpecification\",\"valueRequired\":true,\"valueName\":\"search_term_string\"}}],\"inLanguage\":\"sv-SE\"},{\"@type\":\"Organization\",\"@id\":\"https:\\\/\\\/shopnoorfi-wp31835.test.cchosting.fi\\\/#organization\",\"name\":\"Oy Noortrade Ab\",\"url\":\"https:\\\/\\\/shopnoorfi-wp31835.test.cchosting.fi\\\/\",\"logo\":{\"@type\":\"ImageObject\",\"inLanguage\":\"sv-SE\",\"@id\":\"https:\\\/\\\/shopnoorfi-wp31835.test.cchosting.fi\\\/#\\\/schema\\\/logo\\\/image\\\/\",\"url\":\"https:\\\/\\\/shop.noor.fi\\\/wp-content\\\/uploads\\\/2024\\\/01\\\/Oy-Noortrade-Ab-Corbel-VERSAL-bold-BLACK.png\",\"contentUrl\":\"https:\\\/\\\/shop.noor.fi\\\/wp-content\\\/uploads\\\/2024\\\/01\\\/Oy-Noortrade-Ab-Corbel-VERSAL-bold-BLACK.png\",\"width\":721,\"height\":177,\"caption\":\"Oy Noortrade Ab\"},\"image\":{\"@id\":\"https:\\\/\\\/shopnoorfi-wp31835.test.cchosting.fi\\\/#\\\/schema\\\/logo\\\/image\\\/\"}}]}<\/script>\n<!-- \/ Yoast SEO plugin. -->","yoast_head_json":{"title":"Ikat gardin beige 2x135x280cm - Oy Noortrade Ab","robots":{"index":"index","follow":"follow","max-snippet":"max-snippet:-1","max-image-preview":"max-image-preview:large","max-video-preview":"max-video-preview:-1"},"canonical":"https:\/\/shop.noor.fi\/sv\/produkt\/ikat-gardin-beige-2x135x280cm\/","og_locale":"sv_SE","og_type":"article","og_title":"Ikat gardin beige 2x135x280cm - Oy Noortrade Ab","og_description":"Skapa ett mjukt och behagligt ljus i rummet med dimout-gardinen Ikat. Den d\u00e4mpar effektivt det starka dagsljuset och ger en lugn, harmonisk atmosf\u00e4r \u2013 utan att st\u00e4nga ute ljuset helt. Perfekt f\u00f6r dig som vill ha avskildhet och en ombonad k\u00e4nsla, samtidigt som rummet fortfarande k\u00e4nns levande och ljust. Gardinerna har multiband i ovankant, f\u00e5llade [&hellip;]","og_url":"https:\/\/shop.noor.fi\/sv\/produkt\/ikat-gardin-beige-2x135x280cm\/","og_site_name":"Oy Noortrade Ab","og_image":[{"width":908,"height":1210,"url":"https:\/\/shop.noor.fi\/wp-content\/uploads\/2026\/05\/SV-1504-20-124.jpg","type":"image\/jpeg"}],"twitter_card":"summary_large_image","twitter_misc":{"Ber\u00e4knad l\u00e4stid":"1 minut"},"schema":{"@context":"https:\/\/schema.org","@graph":[{"@type":"WebPage","@id":"https:\/\/shop.noor.fi\/sv\/produkt\/ikat-gardin-beige-2x135x280cm\/","url":"https:\/\/shop.noor.fi\/sv\/produkt\/ikat-gardin-beige-2x135x280cm\/","name":"Ikat gardin beige 2x135x280cm - Oy Noortrade Ab","isPartOf":{"@id":"https:\/\/shopnoorfi-wp31835.test.cchosting.fi\/#website"},"primaryImageOfPage":{"@id":"https:\/\/shop.noor.fi\/sv\/produkt\/ikat-gardin-beige-2x135x280cm\/#primaryimage"},"image":{"@id":"https:\/\/shop.noor.fi\/sv\/produkt\/ikat-gardin-beige-2x135x280cm\/#primaryimage"},"thumbnailUrl":"https:\/\/shop.noor.fi\/wp-content\/uploads\/2026\/05\/SV-1504-20-124.jpg","datePublished":"2026-05-05T07:02:53+00:00","breadcrumb":{"@id":"https:\/\/shop.noor.fi\/sv\/produkt\/ikat-gardin-beige-2x135x280cm\/#breadcrumb"},"inLanguage":"sv-SE","potentialAction":[{"@type":"ReadAction","target":["https:\/\/shop.noor.fi\/sv\/produkt\/ikat-gardin-beige-2x135x280cm\/"]}]},{"@type":"ImageObject","inLanguage":"sv-SE","@id":"https:\/\/shop.noor.fi\/sv\/produkt\/ikat-gardin-beige-2x135x280cm\/#primaryimage","url":"https:\/\/shop.noor.fi\/wp-content\/uploads\/2026\/05\/SV-1504-20-124.jpg","contentUrl":"https:\/\/shop.noor.fi\/wp-content\/uploads\/2026\/05\/SV-1504-20-124.jpg","width":908,"height":1210},{"@type":"BreadcrumbList","@id":"https:\/\/shop.noor.fi\/sv\/produkt\/ikat-gardin-beige-2x135x280cm\/#breadcrumb","itemListElement":[{"@type":"ListItem","position":1,"name":"Etusivu","item":"https:\/\/shop.noor.fi\/sv\/"},{"@type":"ListItem","position":2,"name":"Butik","item":"https:\/\/shopnoorfi-wp31835.test.cchosting.fi\/sv\/butik\/"},{"@type":"ListItem","position":3,"name":"Ikat gardin beige 2x135x280cm"}]},{"@type":"WebSite","@id":"https:\/\/shopnoorfi-wp31835.test.cchosting.fi\/#website","url":"https:\/\/shopnoorfi-wp31835.test.cchosting.fi\/","name":"Oy Noortrade Ab","description":"Finnish family owned company with over 30 years of professional experience in lighting &amp; interior products import and sales - reliably.","publisher":{"@id":"https:\/\/shopnoorfi-wp31835.test.cchosting.fi\/#organization"},"potentialAction":[{"@type":"SearchAction","target":{"@type":"EntryPoint","urlTemplate":"https:\/\/shopnoorfi-wp31835.test.cchosting.fi\/?s={search_term_string}"},"query-input":{"@type":"PropertyValueSpecification","valueRequired":true,"valueName":"search_term_string"}}],"inLanguage":"sv-SE"},{"@type":"Organization","@id":"https:\/\/shopnoorfi-wp31835.test.cchosting.fi\/#organization","name":"Oy Noortrade Ab","url":"https:\/\/shopnoorfi-wp31835.test.cchosting.fi\/","logo":{"@type":"ImageObject","inLanguage":"sv-SE","@id":"https:\/\/shopnoorfi-wp31835.test.cchosting.fi\/#\/schema\/logo\/image\/","url":"https:\/\/shop.noor.fi\/wp-content\/uploads\/2024\/01\/Oy-Noortrade-Ab-Corbel-VERSAL-bold-BLACK.png","contentUrl":"https:\/\/shop.noor.fi\/wp-content\/uploads\/2024\/01\/Oy-Noortrade-Ab-Corbel-VERSAL-bold-BLACK.png","width":721,"height":177,"caption":"Oy Noortrade Ab"},"image":{"@id":"https:\/\/shopnoorfi-wp31835.test.cchosting.fi\/#\/schema\/logo\/image\/"}}]}},"brands":[{"id":37492,"name":"Svanefors","slug":"svanefors-sv"}],"_links":{"self":[{"href":"https:\/\/shop.noor.fi\/sv\/wp-json\/wp\/v2\/product\/333746","targetHints":{"allow":["GET"]}}],"collection":[{"href":"https:\/\/shop.noor.fi\/sv\/wp-json\/wp\/v2\/product"}],"about":[{"href":"https:\/\/shop.noor.fi\/sv\/wp-json\/wp\/v2\/types\/product"}],"replies":[{"embeddable":true,"href":"https:\/\/shop.noor.fi\/sv\/wp-json\/wp\/v2\/comments?post=333746"}],"wp:featuredmedia":[{"embeddable":true,"href":"https:\/\/shop.noor.fi\/sv\/wp-json\/wp\/v2\/media\/334422"}],"wp:attachment":[{"href":"https:\/\/shop.noor.fi\/sv\/wp-json\/wp\/v2\/media?parent=333746"}],"wp:term":[{"taxonomy":"pwb-brand","embeddable":true,"href":"https:\/\/shop.noor.fi\/sv\/wp-json\/wp\/v2\/pwb-brand?post=333746"},{"taxonomy":"product_brand","embeddable":true,"href":"https:\/\/shop.noor.fi\/sv\/wp-json\/wp\/v2\/product_brand?post=333746"},{"taxonomy":"product_cat","embeddable":true,"href":"https:\/\/shop.noor.fi\/sv\/wp-json\/wp\/v2\/product_cat?post=333746"},{"taxonomy":"product_tag","embeddable":true,"href":"https:\/\/shop.noor.fi\/sv\/wp-json\/wp\/v2\/product_tag?post=333746"}],"curies":[{"name":"wp","href":"https:\/\/api.w.org\/{rel}","templated":true}]}}