{"id":333394,"date":"2026-04-23T20:45:24","date_gmt":"2026-04-23T17:45:24","guid":{"rendered":"https:\/\/shop.noor.fi\/product\/iluma-uppladdningsbar-bordslampa-svart\/"},"modified":"2026-04-25T17:29:41","modified_gmt":"2026-04-25T14:29:41","slug":"iluma-uppladdningsbar-bordslampa-svart","status":"publish","type":"product","link":"https:\/\/shop.noor.fi\/sv\/produkt\/iluma-uppladdningsbar-bordslampa-svart\/","title":{"rendered":"Iluma uppladdningsbar bordslampa USB-C svart"},"content":{"rendered":"<p>Iluma f\u00f6ljer med dig genom dagen, fr\u00e5n en middag som flyttar ut p\u00e5 balkongen till stilla morgnar vid f\u00f6nstret. Alltid n\u00e4ra och redo, skapad f\u00f6r ett modernt liv i r\u00f6relse. En portabel bordslampa med ett mjukt uttryck och stark funktion, med upp- och ned\u00e5triktat ljus som f\u00f6ljer din dygnsrytm och lyser upp de \u00f6gonblick som betyder mest.<br \/>\nLampan har en trestegsdimmer f\u00f6r justering av ljusstyrka 20%, 60% eller 100%.<br \/>\nEnkel laddning med medf\u00f6ljande USB-C sladd. Laddningstid: 7 timmar fr\u00e5n tomt till full batteriniv\u00e5. Drifttid: upp till 48 timmars ljus och 12 timmar p\u00e5 full effekt.<br \/>\nF\u00e4rgtemperaturen \u00e4r 2700K och ljusfl\u00f6den 60 lumen.<br \/>\nTillverkad av anodiserad aluminium som ger en slitstark och h\u00e5llbar ytfinish med en exklusiv k\u00e4nsla. Iluma \u00e4r mer \u00e4n bara ljus \u2013 det \u00e4r k\u00e4nsla, atmosf\u00e4r och en del av ditt s\u00e4tt att leva.<br \/>\nDesignad av Thomas Fearis, Zenisk Design.<br \/>\nIntegrerad LED-modul som \u00e4r utbytbar.<\/p>\n<p>Diameter 12,2 cm<br \/>\nH\u00f6jd 22,1 cm<\/p>\n","protected":false},"excerpt":{"rendered":"<p>Iluma f\u00f6ljer med dig genom dagen, fr\u00e5n en middag som flyttar ut p\u00e5 balkongen till stilla morgnar vid f\u00f6nstret. Alltid n\u00e4ra och redo, skapad f\u00f6r ett modernt liv i r\u00f6relse. En portabel bordslampa med ett mjukt uttryck och stark funktion, med upp- och ned\u00e5triktat ljus som f\u00f6ljer din dygnsrytm och lyser upp de \u00f6gonblick som [&hellip;]<\/p>\n","protected":false},"featured_media":333429,"comment_status":"open","ping_status":"closed","template":"","meta":{"_acf_changed":false,"_relevanssi_hide_post":"","_relevanssi_hide_content":"","_relevanssi_pin_for_all":"","_relevanssi_pin_keywords":"","_relevanssi_unpin_keywords":"","_relevanssi_related_keywords":"","_relevanssi_related_include_ids":"","_relevanssi_related_exclude_ids":"","_relevanssi_related_no_append":"","_relevanssi_related_not_related":"","_relevanssi_related_posts":"","_relevanssi_noindex_reason":""},"pwb-brand":[28735,37485],"product_brand":[],"product_cat":[32051,31793,32105,32129,31803,31806],"product_tag":[],"class_list":{"0":"post-333394","1":"product","2":"type-product","3":"status-publish","4":"has-post-thumbnail","6":"pwb-brand-herstal","7":"pwb-brand-herstal-sv","8":"product_cat-laddbara-lampor","9":"product_cat-sisavalaisimet-uutuudet","10":"product_cat-bordslampor","11":"product_cat-inomhusbelysning-sv","12":"product_cat-poytavalaisimet","13":"product_cat-ladattavat-valaisimet","15":"first","16":"onbackorder","17":"taxable","18":"shipping-taxable","19":"purchasable","20":"product-type-simple"},"acf":[],"yoast_head":"<!-- This site is optimized with the Yoast SEO plugin v27.4 - https:\/\/yoast.com\/product\/yoast-seo-wordpress\/ -->\n<title>Iluma uppladdningsbar bordslampa USB-C svart - Oy Noortrade Ab<\/title>\n<meta name=\"robots\" content=\"index, follow, max-snippet:-1, max-image-preview:large, max-video-preview:-1\" \/>\n<link rel=\"canonical\" href=\"https:\/\/shop.noor.fi\/tuote\/iluma-ladattava-poytavalaisin-musta\/\" \/>\n<meta property=\"og:locale\" content=\"sv_SE\" \/>\n<meta property=\"og:type\" content=\"article\" \/>\n<meta property=\"og:title\" content=\"Iluma uppladdningsbar bordslampa USB-C svart - Oy Noortrade Ab\" \/>\n<meta property=\"og:description\" content=\"Iluma f\u00f6ljer med dig genom dagen, fr\u00e5n en middag som flyttar ut p\u00e5 balkongen till stilla morgnar vid f\u00f6nstret. Alltid n\u00e4ra och redo, skapad f\u00f6r ett modernt liv i r\u00f6relse. En portabel bordslampa med ett mjukt uttryck och stark funktion, med upp- och ned\u00e5triktat ljus som f\u00f6ljer din dygnsrytm och lyser upp de \u00f6gonblick som [&hellip;]\" \/>\n<meta property=\"og:url\" content=\"https:\/\/shop.noor.fi\/tuote\/iluma-ladattava-poytavalaisin-musta\/\" \/>\n<meta property=\"og:site_name\" content=\"Oy Noortrade Ab\" \/>\n<meta property=\"article:modified_time\" content=\"2026-04-25T14:29:41+00:00\" \/>\n<meta property=\"og:image\" content=\"https:\/\/shop.noor.fi\/wp-content\/uploads\/2026\/04\/HB131100120605.jpg\" \/>\n\t<meta property=\"og:image:width\" content=\"1000\" \/>\n\t<meta property=\"og:image:height\" content=\"1000\" \/>\n\t<meta property=\"og:image:type\" content=\"image\/jpeg\" \/>\n<meta name=\"twitter:card\" content=\"summary_large_image\" \/>\n<meta name=\"twitter:label1\" content=\"Ber\u00e4knad l\u00e4stid\" \/>\n\t<meta name=\"twitter:data1\" content=\"2 minuter\" \/>\n<script type=\"application\/ld+json\" class=\"yoast-schema-graph\">{\"@context\":\"https:\\\/\\\/schema.org\",\"@graph\":[{\"@type\":\"WebPage\",\"@id\":\"https:\\\/\\\/shop.noor.fi\\\/tuote\\\/iluma-ladattava-poytavalaisin-musta\\\/\",\"url\":\"https:\\\/\\\/shop.noor.fi\\\/tuote\\\/iluma-ladattava-poytavalaisin-musta\\\/\",\"name\":\"Iluma uppladdningsbar bordslampa USB-C svart - Oy Noortrade Ab\",\"isPartOf\":{\"@id\":\"https:\\\/\\\/shopnoorfi-wp31835.test.cchosting.fi\\\/#website\"},\"primaryImageOfPage\":{\"@id\":\"https:\\\/\\\/shop.noor.fi\\\/tuote\\\/iluma-ladattava-poytavalaisin-musta\\\/#primaryimage\"},\"image\":{\"@id\":\"https:\\\/\\\/shop.noor.fi\\\/tuote\\\/iluma-ladattava-poytavalaisin-musta\\\/#primaryimage\"},\"thumbnailUrl\":\"https:\\\/\\\/shop.noor.fi\\\/wp-content\\\/uploads\\\/2026\\\/04\\\/HB131100120605.jpg\",\"datePublished\":\"2026-04-23T17:45:24+00:00\",\"dateModified\":\"2026-04-25T14:29:41+00:00\",\"breadcrumb\":{\"@id\":\"https:\\\/\\\/shop.noor.fi\\\/tuote\\\/iluma-ladattava-poytavalaisin-musta\\\/#breadcrumb\"},\"inLanguage\":\"sv-SE\",\"potentialAction\":[{\"@type\":\"ReadAction\",\"target\":[\"https:\\\/\\\/shop.noor.fi\\\/tuote\\\/iluma-ladattava-poytavalaisin-musta\\\/\"]}]},{\"@type\":\"ImageObject\",\"inLanguage\":\"sv-SE\",\"@id\":\"https:\\\/\\\/shop.noor.fi\\\/tuote\\\/iluma-ladattava-poytavalaisin-musta\\\/#primaryimage\",\"url\":\"https:\\\/\\\/shop.noor.fi\\\/wp-content\\\/uploads\\\/2026\\\/04\\\/HB131100120605.jpg\",\"contentUrl\":\"https:\\\/\\\/shop.noor.fi\\\/wp-content\\\/uploads\\\/2026\\\/04\\\/HB131100120605.jpg\",\"width\":1000,\"height\":1000},{\"@type\":\"BreadcrumbList\",\"@id\":\"https:\\\/\\\/shop.noor.fi\\\/tuote\\\/iluma-ladattava-poytavalaisin-musta\\\/#breadcrumb\",\"itemListElement\":[{\"@type\":\"ListItem\",\"position\":1,\"name\":\"Etusivu\",\"item\":\"https:\\\/\\\/shop.noor.fi\\\/sv\\\/\"},{\"@type\":\"ListItem\",\"position\":2,\"name\":\"Butik\",\"item\":\"https:\\\/\\\/shopnoorfi-wp31835.test.cchosting.fi\\\/sv\\\/butik\\\/\"},{\"@type\":\"ListItem\",\"position\":3,\"name\":\"Iluma uppladdningsbar bordslampa USB-C svart\"}]},{\"@type\":\"WebSite\",\"@id\":\"https:\\\/\\\/shopnoorfi-wp31835.test.cchosting.fi\\\/#website\",\"url\":\"https:\\\/\\\/shopnoorfi-wp31835.test.cchosting.fi\\\/\",\"name\":\"Oy Noortrade Ab\",\"description\":\"Finnish family owned company with over 30 years of professional experience in lighting &amp; interior products import and sales - reliably.\",\"publisher\":{\"@id\":\"https:\\\/\\\/shopnoorfi-wp31835.test.cchosting.fi\\\/#organization\"},\"potentialAction\":[{\"@type\":\"SearchAction\",\"target\":{\"@type\":\"EntryPoint\",\"urlTemplate\":\"https:\\\/\\\/shopnoorfi-wp31835.test.cchosting.fi\\\/?s={search_term_string}\"},\"query-input\":{\"@type\":\"PropertyValueSpecification\",\"valueRequired\":true,\"valueName\":\"search_term_string\"}}],\"inLanguage\":\"sv-SE\"},{\"@type\":\"Organization\",\"@id\":\"https:\\\/\\\/shopnoorfi-wp31835.test.cchosting.fi\\\/#organization\",\"name\":\"Oy Noortrade Ab\",\"url\":\"https:\\\/\\\/shopnoorfi-wp31835.test.cchosting.fi\\\/\",\"logo\":{\"@type\":\"ImageObject\",\"inLanguage\":\"sv-SE\",\"@id\":\"https:\\\/\\\/shopnoorfi-wp31835.test.cchosting.fi\\\/#\\\/schema\\\/logo\\\/image\\\/\",\"url\":\"https:\\\/\\\/shop.noor.fi\\\/wp-content\\\/uploads\\\/2024\\\/01\\\/Oy-Noortrade-Ab-Corbel-VERSAL-bold-BLACK.png\",\"contentUrl\":\"https:\\\/\\\/shop.noor.fi\\\/wp-content\\\/uploads\\\/2024\\\/01\\\/Oy-Noortrade-Ab-Corbel-VERSAL-bold-BLACK.png\",\"width\":721,\"height\":177,\"caption\":\"Oy Noortrade Ab\"},\"image\":{\"@id\":\"https:\\\/\\\/shopnoorfi-wp31835.test.cchosting.fi\\\/#\\\/schema\\\/logo\\\/image\\\/\"}}]}<\/script>\n<!-- \/ Yoast SEO plugin. -->","yoast_head_json":{"title":"Iluma uppladdningsbar bordslampa USB-C svart - Oy Noortrade Ab","robots":{"index":"index","follow":"follow","max-snippet":"max-snippet:-1","max-image-preview":"max-image-preview:large","max-video-preview":"max-video-preview:-1"},"canonical":"https:\/\/shop.noor.fi\/tuote\/iluma-ladattava-poytavalaisin-musta\/","og_locale":"sv_SE","og_type":"article","og_title":"Iluma uppladdningsbar bordslampa USB-C svart - Oy Noortrade Ab","og_description":"Iluma f\u00f6ljer med dig genom dagen, fr\u00e5n en middag som flyttar ut p\u00e5 balkongen till stilla morgnar vid f\u00f6nstret. Alltid n\u00e4ra och redo, skapad f\u00f6r ett modernt liv i r\u00f6relse. En portabel bordslampa med ett mjukt uttryck och stark funktion, med upp- och ned\u00e5triktat ljus som f\u00f6ljer din dygnsrytm och lyser upp de \u00f6gonblick som [&hellip;]","og_url":"https:\/\/shop.noor.fi\/tuote\/iluma-ladattava-poytavalaisin-musta\/","og_site_name":"Oy Noortrade Ab","article_modified_time":"2026-04-25T14:29:41+00:00","og_image":[{"width":1000,"height":1000,"url":"https:\/\/shop.noor.fi\/wp-content\/uploads\/2026\/04\/HB131100120605.jpg","type":"image\/jpeg"}],"twitter_card":"summary_large_image","twitter_misc":{"Ber\u00e4knad l\u00e4stid":"2 minuter"},"schema":{"@context":"https:\/\/schema.org","@graph":[{"@type":"WebPage","@id":"https:\/\/shop.noor.fi\/tuote\/iluma-ladattava-poytavalaisin-musta\/","url":"https:\/\/shop.noor.fi\/tuote\/iluma-ladattava-poytavalaisin-musta\/","name":"Iluma uppladdningsbar bordslampa USB-C svart - Oy Noortrade Ab","isPartOf":{"@id":"https:\/\/shopnoorfi-wp31835.test.cchosting.fi\/#website"},"primaryImageOfPage":{"@id":"https:\/\/shop.noor.fi\/tuote\/iluma-ladattava-poytavalaisin-musta\/#primaryimage"},"image":{"@id":"https:\/\/shop.noor.fi\/tuote\/iluma-ladattava-poytavalaisin-musta\/#primaryimage"},"thumbnailUrl":"https:\/\/shop.noor.fi\/wp-content\/uploads\/2026\/04\/HB131100120605.jpg","datePublished":"2026-04-23T17:45:24+00:00","dateModified":"2026-04-25T14:29:41+00:00","breadcrumb":{"@id":"https:\/\/shop.noor.fi\/tuote\/iluma-ladattava-poytavalaisin-musta\/#breadcrumb"},"inLanguage":"sv-SE","potentialAction":[{"@type":"ReadAction","target":["https:\/\/shop.noor.fi\/tuote\/iluma-ladattava-poytavalaisin-musta\/"]}]},{"@type":"ImageObject","inLanguage":"sv-SE","@id":"https:\/\/shop.noor.fi\/tuote\/iluma-ladattava-poytavalaisin-musta\/#primaryimage","url":"https:\/\/shop.noor.fi\/wp-content\/uploads\/2026\/04\/HB131100120605.jpg","contentUrl":"https:\/\/shop.noor.fi\/wp-content\/uploads\/2026\/04\/HB131100120605.jpg","width":1000,"height":1000},{"@type":"BreadcrumbList","@id":"https:\/\/shop.noor.fi\/tuote\/iluma-ladattava-poytavalaisin-musta\/#breadcrumb","itemListElement":[{"@type":"ListItem","position":1,"name":"Etusivu","item":"https:\/\/shop.noor.fi\/sv\/"},{"@type":"ListItem","position":2,"name":"Butik","item":"https:\/\/shopnoorfi-wp31835.test.cchosting.fi\/sv\/butik\/"},{"@type":"ListItem","position":3,"name":"Iluma uppladdningsbar bordslampa USB-C svart"}]},{"@type":"WebSite","@id":"https:\/\/shopnoorfi-wp31835.test.cchosting.fi\/#website","url":"https:\/\/shopnoorfi-wp31835.test.cchosting.fi\/","name":"Oy Noortrade Ab","description":"Finnish family owned company with over 30 years of professional experience in lighting &amp; interior products import and sales - reliably.","publisher":{"@id":"https:\/\/shopnoorfi-wp31835.test.cchosting.fi\/#organization"},"potentialAction":[{"@type":"SearchAction","target":{"@type":"EntryPoint","urlTemplate":"https:\/\/shopnoorfi-wp31835.test.cchosting.fi\/?s={search_term_string}"},"query-input":{"@type":"PropertyValueSpecification","valueRequired":true,"valueName":"search_term_string"}}],"inLanguage":"sv-SE"},{"@type":"Organization","@id":"https:\/\/shopnoorfi-wp31835.test.cchosting.fi\/#organization","name":"Oy Noortrade Ab","url":"https:\/\/shopnoorfi-wp31835.test.cchosting.fi\/","logo":{"@type":"ImageObject","inLanguage":"sv-SE","@id":"https:\/\/shopnoorfi-wp31835.test.cchosting.fi\/#\/schema\/logo\/image\/","url":"https:\/\/shop.noor.fi\/wp-content\/uploads\/2024\/01\/Oy-Noortrade-Ab-Corbel-VERSAL-bold-BLACK.png","contentUrl":"https:\/\/shop.noor.fi\/wp-content\/uploads\/2024\/01\/Oy-Noortrade-Ab-Corbel-VERSAL-bold-BLACK.png","width":721,"height":177,"caption":"Oy Noortrade Ab"},"image":{"@id":"https:\/\/shopnoorfi-wp31835.test.cchosting.fi\/#\/schema\/logo\/image\/"}}]}},"brands":[{"id":37485,"name":"Herstal","slug":"herstal-sv"},{"id":28735,"name":"Herstal","slug":"herstal"}],"_links":{"self":[{"href":"https:\/\/shop.noor.fi\/sv\/wp-json\/wp\/v2\/product\/333394","targetHints":{"allow":["GET"]}}],"collection":[{"href":"https:\/\/shop.noor.fi\/sv\/wp-json\/wp\/v2\/product"}],"about":[{"href":"https:\/\/shop.noor.fi\/sv\/wp-json\/wp\/v2\/types\/product"}],"replies":[{"embeddable":true,"href":"https:\/\/shop.noor.fi\/sv\/wp-json\/wp\/v2\/comments?post=333394"}],"wp:featuredmedia":[{"embeddable":true,"href":"https:\/\/shop.noor.fi\/sv\/wp-json\/wp\/v2\/media\/333429"}],"wp:attachment":[{"href":"https:\/\/shop.noor.fi\/sv\/wp-json\/wp\/v2\/media?parent=333394"}],"wp:term":[{"taxonomy":"pwb-brand","embeddable":true,"href":"https:\/\/shop.noor.fi\/sv\/wp-json\/wp\/v2\/pwb-brand?post=333394"},{"taxonomy":"product_brand","embeddable":true,"href":"https:\/\/shop.noor.fi\/sv\/wp-json\/wp\/v2\/product_brand?post=333394"},{"taxonomy":"product_cat","embeddable":true,"href":"https:\/\/shop.noor.fi\/sv\/wp-json\/wp\/v2\/product_cat?post=333394"},{"taxonomy":"product_tag","embeddable":true,"href":"https:\/\/shop.noor.fi\/sv\/wp-json\/wp\/v2\/product_tag?post=333394"}],"curies":[{"name":"wp","href":"https:\/\/api.w.org\/{rel}","templated":true}]}}