{"id":148689,"date":"2026-03-04T08:51:13","date_gmt":"2026-03-04T06:51:13","guid":{"rendered":"https:\/\/shop.noor.fi\/product\/eik-link-3-spotlights-och-1-m-skena-svart\/"},"modified":"2026-03-06T23:22:37","modified_gmt":"2026-03-06T21:22:37","slug":"eik-link-3-spotlights-och-1-m-skena-svart","status":"publish","type":"product","link":"https:\/\/shop.noor.fi\/sv\/produkt\/eik-link-3-spotlights-och-1-m-skena-svart\/","title":{"rendered":"Eik Link 3 spotlights och 1 m skena svart"},"content":{"rendered":"<p>Eik har en enkel, modern stil som passar in i de flesta inredningar. Lamphuvudet kan vinklas och vridas, vilket ger ett riktat ljus \u2013 perfekt f\u00f6r att belysa utvalda detaljer i din inredning.<br \/>\nInneh\u00e5ller tre Eik spotlights och en Nordlux Link-skena (1 meter). <\/p>\n<p>GU10, max 3 x 35W. Ljusk\u00e4llor ing\u00e5r ej.<\/p>\n<p>Spotlights:<br \/>\nBredd 11 cm<br \/>\nDjup 8,5 cm<br \/>\nH\u00f6jd 15,5 cm<br \/>\nSk\u00e4rmens h\u00f6jd 9 cm<\/p>\n<p>Obs! Passar endast Nordlux <a href=\"https:\/\/shop.noor.fi\/sv\/?s=NordluxLink\">Link<\/a>-system!<\/p>\n","protected":false},"excerpt":{"rendered":"<p>Eik har en enkel, modern stil som passar in i de flesta inredningar. Lamphuvudet kan vinklas och vridas, vilket ger ett riktat ljus \u2013 perfekt f\u00f6r att belysa utvalda detaljer i din inredning. Inneh\u00e5ller tre Eik spotlights och en Nordlux Link-skena (1 meter). GU10, max 3 x 35W. Ljusk\u00e4llor ing\u00e5r ej. Spotlights: Bredd 11 cm [&hellip;]<\/p>\n","protected":false},"featured_media":148980,"comment_status":"open","ping_status":"closed","template":"","meta":{"_acf_changed":false,"_relevanssi_hide_post":"","_relevanssi_hide_content":"","_relevanssi_pin_for_all":"","_relevanssi_pin_keywords":"","_relevanssi_unpin_keywords":"","_relevanssi_related_keywords":"","_relevanssi_related_include_ids":"","_relevanssi_related_exclude_ids":"","_relevanssi_related_no_append":"","_relevanssi_related_not_related":"","_relevanssi_related_posts":"","_relevanssi_noindex_reason":""},"pwb-brand":[28730,37488],"product_brand":[],"product_cat":[32135,31867],"product_tag":[39807],"class_list":{"0":"post-148689","1":"product","2":"type-product","3":"status-publish","4":"has-post-thumbnail","6":"pwb-brand-nordlux","7":"pwb-brand-nordlux-sv","8":"product_cat-spotlights-och-allmanljus","9":"product_cat-spotti-ja-yleisvalaisimet","10":"product_tag-b2b-sv","12":"first","13":"onbackorder","14":"taxable","15":"shipping-taxable","16":"purchasable","17":"product-type-simple"},"acf":[],"yoast_head":"<!-- This site is optimized with the Yoast SEO plugin v27.5 - https:\/\/yoast.com\/product\/yoast-seo-wordpress\/ -->\n<title>Eik Link 3 spotlights och 1 m skena svart - Oy Noortrade Ab<\/title>\n<meta name=\"robots\" content=\"index, follow, max-snippet:-1, max-image-preview:large, max-video-preview:-1\" \/>\n<link rel=\"canonical\" href=\"https:\/\/shop.noor.fi\/produkt\/eik-link-3-spottia-ja-1-m-kisko-musta\/\" \/>\n<meta property=\"og:locale\" content=\"sv_SE\" \/>\n<meta property=\"og:type\" content=\"article\" \/>\n<meta property=\"og:title\" content=\"Eik Link 3 spotlights och 1 m skena svart - Oy Noortrade Ab\" \/>\n<meta property=\"og:description\" content=\"Eik har en enkel, modern stil som passar in i de flesta inredningar. Lamphuvudet kan vinklas och vridas, vilket ger ett riktat ljus \u2013 perfekt f\u00f6r att belysa utvalda detaljer i din inredning. Inneh\u00e5ller tre Eik spotlights och en Nordlux Link-skena (1 meter). GU10, max 3 x 35W. Ljusk\u00e4llor ing\u00e5r ej. Spotlights: Bredd 11 cm [&hellip;]\" \/>\n<meta property=\"og:url\" content=\"https:\/\/shop.noor.fi\/produkt\/eik-link-3-spottia-ja-1-m-kisko-musta\/\" \/>\n<meta property=\"og:site_name\" content=\"Oy Noortrade Ab\" \/>\n<meta property=\"article:modified_time\" content=\"2026-03-06T21:22:37+00:00\" \/>\n<meta property=\"og:image\" content=\"https:\/\/shop.noor.fi\/wp-content\/uploads\/2026\/03\/NL-2510399903.jpg\" \/>\n\t<meta property=\"og:image:width\" content=\"1210\" \/>\n\t<meta property=\"og:image:height\" content=\"1210\" \/>\n\t<meta property=\"og:image:type\" content=\"image\/jpeg\" \/>\n<meta name=\"twitter:card\" content=\"summary_large_image\" \/>\n<meta name=\"twitter:label1\" content=\"Ber\u00e4knad l\u00e4stid\" \/>\n\t<meta name=\"twitter:data1\" content=\"1 minut\" \/>\n<script type=\"application\/ld+json\" class=\"yoast-schema-graph\">{\"@context\":\"https:\\\/\\\/schema.org\",\"@graph\":[{\"@type\":\"WebPage\",\"@id\":\"https:\\\/\\\/shop.noor.fi\\\/produkt\\\/eik-link-3-spottia-ja-1-m-kisko-musta\\\/\",\"url\":\"https:\\\/\\\/shop.noor.fi\\\/produkt\\\/eik-link-3-spottia-ja-1-m-kisko-musta\\\/\",\"name\":\"Eik Link 3 spotlights och 1 m skena svart - Oy Noortrade Ab\",\"isPartOf\":{\"@id\":\"https:\\\/\\\/shopnoorfi-wp31835.test.cchosting.fi\\\/#website\"},\"primaryImageOfPage\":{\"@id\":\"https:\\\/\\\/shop.noor.fi\\\/produkt\\\/eik-link-3-spottia-ja-1-m-kisko-musta\\\/#primaryimage\"},\"image\":{\"@id\":\"https:\\\/\\\/shop.noor.fi\\\/produkt\\\/eik-link-3-spottia-ja-1-m-kisko-musta\\\/#primaryimage\"},\"thumbnailUrl\":\"https:\\\/\\\/shop.noor.fi\\\/wp-content\\\/uploads\\\/2026\\\/03\\\/NL-2510399903.jpg\",\"datePublished\":\"2026-03-04T06:51:13+00:00\",\"dateModified\":\"2026-03-06T21:22:37+00:00\",\"breadcrumb\":{\"@id\":\"https:\\\/\\\/shop.noor.fi\\\/produkt\\\/eik-link-3-spottia-ja-1-m-kisko-musta\\\/#breadcrumb\"},\"inLanguage\":\"sv-SE\",\"potentialAction\":[{\"@type\":\"ReadAction\",\"target\":[\"https:\\\/\\\/shop.noor.fi\\\/produkt\\\/eik-link-3-spottia-ja-1-m-kisko-musta\\\/\"]}]},{\"@type\":\"ImageObject\",\"inLanguage\":\"sv-SE\",\"@id\":\"https:\\\/\\\/shop.noor.fi\\\/produkt\\\/eik-link-3-spottia-ja-1-m-kisko-musta\\\/#primaryimage\",\"url\":\"https:\\\/\\\/shop.noor.fi\\\/wp-content\\\/uploads\\\/2026\\\/03\\\/NL-2510399903.jpg\",\"contentUrl\":\"https:\\\/\\\/shop.noor.fi\\\/wp-content\\\/uploads\\\/2026\\\/03\\\/NL-2510399903.jpg\",\"width\":1210,\"height\":1210},{\"@type\":\"BreadcrumbList\",\"@id\":\"https:\\\/\\\/shop.noor.fi\\\/produkt\\\/eik-link-3-spottia-ja-1-m-kisko-musta\\\/#breadcrumb\",\"itemListElement\":[{\"@type\":\"ListItem\",\"position\":1,\"name\":\"Etusivu\",\"item\":\"https:\\\/\\\/shop.noor.fi\\\/sv\\\/\"},{\"@type\":\"ListItem\",\"position\":2,\"name\":\"Butik\",\"item\":\"https:\\\/\\\/shopnoorfi-wp31835.test.cchosting.fi\\\/sv\\\/butik\\\/\"},{\"@type\":\"ListItem\",\"position\":3,\"name\":\"Eik Link 3 spotlights och 1 m skena svart\"}]},{\"@type\":\"WebSite\",\"@id\":\"https:\\\/\\\/shopnoorfi-wp31835.test.cchosting.fi\\\/#website\",\"url\":\"https:\\\/\\\/shopnoorfi-wp31835.test.cchosting.fi\\\/\",\"name\":\"Oy Noortrade Ab\",\"description\":\"Finnish family owned company with over 30 years of professional experience in lighting &amp; interior products import and sales - reliably.\",\"publisher\":{\"@id\":\"https:\\\/\\\/shopnoorfi-wp31835.test.cchosting.fi\\\/#organization\"},\"potentialAction\":[{\"@type\":\"SearchAction\",\"target\":{\"@type\":\"EntryPoint\",\"urlTemplate\":\"https:\\\/\\\/shopnoorfi-wp31835.test.cchosting.fi\\\/?s={search_term_string}\"},\"query-input\":{\"@type\":\"PropertyValueSpecification\",\"valueRequired\":true,\"valueName\":\"search_term_string\"}}],\"inLanguage\":\"sv-SE\"},{\"@type\":\"Organization\",\"@id\":\"https:\\\/\\\/shopnoorfi-wp31835.test.cchosting.fi\\\/#organization\",\"name\":\"Oy Noortrade Ab\",\"url\":\"https:\\\/\\\/shopnoorfi-wp31835.test.cchosting.fi\\\/\",\"logo\":{\"@type\":\"ImageObject\",\"inLanguage\":\"sv-SE\",\"@id\":\"https:\\\/\\\/shopnoorfi-wp31835.test.cchosting.fi\\\/#\\\/schema\\\/logo\\\/image\\\/\",\"url\":\"https:\\\/\\\/shop.noor.fi\\\/wp-content\\\/uploads\\\/2024\\\/01\\\/Oy-Noortrade-Ab-Corbel-VERSAL-bold-BLACK.png\",\"contentUrl\":\"https:\\\/\\\/shop.noor.fi\\\/wp-content\\\/uploads\\\/2024\\\/01\\\/Oy-Noortrade-Ab-Corbel-VERSAL-bold-BLACK.png\",\"width\":721,\"height\":177,\"caption\":\"Oy Noortrade Ab\"},\"image\":{\"@id\":\"https:\\\/\\\/shopnoorfi-wp31835.test.cchosting.fi\\\/#\\\/schema\\\/logo\\\/image\\\/\"}}]}<\/script>\n<!-- \/ Yoast SEO plugin. -->","yoast_head_json":{"title":"Eik Link 3 spotlights och 1 m skena svart - Oy Noortrade Ab","robots":{"index":"index","follow":"follow","max-snippet":"max-snippet:-1","max-image-preview":"max-image-preview:large","max-video-preview":"max-video-preview:-1"},"canonical":"https:\/\/shop.noor.fi\/produkt\/eik-link-3-spottia-ja-1-m-kisko-musta\/","og_locale":"sv_SE","og_type":"article","og_title":"Eik Link 3 spotlights och 1 m skena svart - Oy Noortrade Ab","og_description":"Eik har en enkel, modern stil som passar in i de flesta inredningar. Lamphuvudet kan vinklas och vridas, vilket ger ett riktat ljus \u2013 perfekt f\u00f6r att belysa utvalda detaljer i din inredning. Inneh\u00e5ller tre Eik spotlights och en Nordlux Link-skena (1 meter). GU10, max 3 x 35W. Ljusk\u00e4llor ing\u00e5r ej. Spotlights: Bredd 11 cm [&hellip;]","og_url":"https:\/\/shop.noor.fi\/produkt\/eik-link-3-spottia-ja-1-m-kisko-musta\/","og_site_name":"Oy Noortrade Ab","article_modified_time":"2026-03-06T21:22:37+00:00","og_image":[{"width":1210,"height":1210,"url":"https:\/\/shop.noor.fi\/wp-content\/uploads\/2026\/03\/NL-2510399903.jpg","type":"image\/jpeg"}],"twitter_card":"summary_large_image","twitter_misc":{"Ber\u00e4knad l\u00e4stid":"1 minut"},"schema":{"@context":"https:\/\/schema.org","@graph":[{"@type":"WebPage","@id":"https:\/\/shop.noor.fi\/produkt\/eik-link-3-spottia-ja-1-m-kisko-musta\/","url":"https:\/\/shop.noor.fi\/produkt\/eik-link-3-spottia-ja-1-m-kisko-musta\/","name":"Eik Link 3 spotlights och 1 m skena svart - Oy Noortrade Ab","isPartOf":{"@id":"https:\/\/shopnoorfi-wp31835.test.cchosting.fi\/#website"},"primaryImageOfPage":{"@id":"https:\/\/shop.noor.fi\/produkt\/eik-link-3-spottia-ja-1-m-kisko-musta\/#primaryimage"},"image":{"@id":"https:\/\/shop.noor.fi\/produkt\/eik-link-3-spottia-ja-1-m-kisko-musta\/#primaryimage"},"thumbnailUrl":"https:\/\/shop.noor.fi\/wp-content\/uploads\/2026\/03\/NL-2510399903.jpg","datePublished":"2026-03-04T06:51:13+00:00","dateModified":"2026-03-06T21:22:37+00:00","breadcrumb":{"@id":"https:\/\/shop.noor.fi\/produkt\/eik-link-3-spottia-ja-1-m-kisko-musta\/#breadcrumb"},"inLanguage":"sv-SE","potentialAction":[{"@type":"ReadAction","target":["https:\/\/shop.noor.fi\/produkt\/eik-link-3-spottia-ja-1-m-kisko-musta\/"]}]},{"@type":"ImageObject","inLanguage":"sv-SE","@id":"https:\/\/shop.noor.fi\/produkt\/eik-link-3-spottia-ja-1-m-kisko-musta\/#primaryimage","url":"https:\/\/shop.noor.fi\/wp-content\/uploads\/2026\/03\/NL-2510399903.jpg","contentUrl":"https:\/\/shop.noor.fi\/wp-content\/uploads\/2026\/03\/NL-2510399903.jpg","width":1210,"height":1210},{"@type":"BreadcrumbList","@id":"https:\/\/shop.noor.fi\/produkt\/eik-link-3-spottia-ja-1-m-kisko-musta\/#breadcrumb","itemListElement":[{"@type":"ListItem","position":1,"name":"Etusivu","item":"https:\/\/shop.noor.fi\/sv\/"},{"@type":"ListItem","position":2,"name":"Butik","item":"https:\/\/shopnoorfi-wp31835.test.cchosting.fi\/sv\/butik\/"},{"@type":"ListItem","position":3,"name":"Eik Link 3 spotlights och 1 m skena svart"}]},{"@type":"WebSite","@id":"https:\/\/shopnoorfi-wp31835.test.cchosting.fi\/#website","url":"https:\/\/shopnoorfi-wp31835.test.cchosting.fi\/","name":"Oy Noortrade Ab","description":"Finnish family owned company with over 30 years of professional experience in lighting &amp; interior products import and sales - reliably.","publisher":{"@id":"https:\/\/shopnoorfi-wp31835.test.cchosting.fi\/#organization"},"potentialAction":[{"@type":"SearchAction","target":{"@type":"EntryPoint","urlTemplate":"https:\/\/shopnoorfi-wp31835.test.cchosting.fi\/?s={search_term_string}"},"query-input":{"@type":"PropertyValueSpecification","valueRequired":true,"valueName":"search_term_string"}}],"inLanguage":"sv-SE"},{"@type":"Organization","@id":"https:\/\/shopnoorfi-wp31835.test.cchosting.fi\/#organization","name":"Oy Noortrade Ab","url":"https:\/\/shopnoorfi-wp31835.test.cchosting.fi\/","logo":{"@type":"ImageObject","inLanguage":"sv-SE","@id":"https:\/\/shopnoorfi-wp31835.test.cchosting.fi\/#\/schema\/logo\/image\/","url":"https:\/\/shop.noor.fi\/wp-content\/uploads\/2024\/01\/Oy-Noortrade-Ab-Corbel-VERSAL-bold-BLACK.png","contentUrl":"https:\/\/shop.noor.fi\/wp-content\/uploads\/2024\/01\/Oy-Noortrade-Ab-Corbel-VERSAL-bold-BLACK.png","width":721,"height":177,"caption":"Oy Noortrade Ab"},"image":{"@id":"https:\/\/shopnoorfi-wp31835.test.cchosting.fi\/#\/schema\/logo\/image\/"}}]}},"brands":[{"id":28730,"name":"Nordlux","slug":"nordlux"},{"id":37488,"name":"Nordlux","slug":"nordlux-sv"}],"_links":{"self":[{"href":"https:\/\/shop.noor.fi\/sv\/wp-json\/wp\/v2\/product\/148689","targetHints":{"allow":["GET"]}}],"collection":[{"href":"https:\/\/shop.noor.fi\/sv\/wp-json\/wp\/v2\/product"}],"about":[{"href":"https:\/\/shop.noor.fi\/sv\/wp-json\/wp\/v2\/types\/product"}],"replies":[{"embeddable":true,"href":"https:\/\/shop.noor.fi\/sv\/wp-json\/wp\/v2\/comments?post=148689"}],"wp:featuredmedia":[{"embeddable":true,"href":"https:\/\/shop.noor.fi\/sv\/wp-json\/wp\/v2\/media\/148980"}],"wp:attachment":[{"href":"https:\/\/shop.noor.fi\/sv\/wp-json\/wp\/v2\/media?parent=148689"}],"wp:term":[{"taxonomy":"pwb-brand","embeddable":true,"href":"https:\/\/shop.noor.fi\/sv\/wp-json\/wp\/v2\/pwb-brand?post=148689"},{"taxonomy":"product_brand","embeddable":true,"href":"https:\/\/shop.noor.fi\/sv\/wp-json\/wp\/v2\/product_brand?post=148689"},{"taxonomy":"product_cat","embeddable":true,"href":"https:\/\/shop.noor.fi\/sv\/wp-json\/wp\/v2\/product_cat?post=148689"},{"taxonomy":"product_tag","embeddable":true,"href":"https:\/\/shop.noor.fi\/sv\/wp-json\/wp\/v2\/product_tag?post=148689"}],"curies":[{"name":"wp","href":"https:\/\/api.w.org\/{rel}","templated":true}]}}