{"id":147883,"date":"2026-02-25T09:30:23","date_gmt":"2026-02-25T07:30:23","guid":{"rendered":"https:\/\/shop.noor.fi\/product\/gil-12-takkrona-krom-opal\/"},"modified":"2026-05-06T18:06:14","modified_gmt":"2026-05-06T15:06:14","slug":"gil-12-takkrona-krom-opal-2","status":"publish","type":"product","link":"https:\/\/shop.noor.fi\/sv\/produkt\/gil-12-takkrona-krom-opal-2\/","title":{"rendered":"Gil 12 takkrona krom\/opal"},"content":{"rendered":"<p>Tv\u00e5 ytbehandlingar. En ikon. Gil f\u00e5ngar essensen av dansk design \u2014 klassisk men modig, mjuk men strukturerad. En modern design som reflekterar ljus och liv med sj\u00e4lvs\u00e4ker elegans. Storslagen takkrona \u2014 varje del balanserar varma toner och svala reflektioner. Oavsett om den h\u00e4nger \u00f6ver matbordet eller lyser upp ett lugnt h\u00f6rn, skapar Gil atmosf\u00e4r, n\u00e4rvaro och det karakt\u00e4ristiska Herstal-uttrycket. Ljuset som formar rummet.<br \/>\n2,5 meter l\u00e5ng sladd. Krokupph\u00e4ng, kopplingsplint. Takplugg ing\u00e5r ej.<br \/>\nG9, max 12 x 4W. F\u00f6rpackningen inneh\u00e5ller dimbara Dim-to-warm ljusk\u00e4llor med ljustemperatur 2200-3000K.<\/p>\n<p>Diameter 67 cm<br \/>\nH\u00f6jd 56  cm<\/p>\n","protected":false},"excerpt":{"rendered":"<p>Tv\u00e5 ytbehandlingar. En ikon. Gil f\u00e5ngar essensen av dansk design \u2014 klassisk men modig, mjuk men strukturerad. En modern design som reflekterar ljus och liv med sj\u00e4lvs\u00e4ker elegans. Storslagen takkrona \u2014 varje del balanserar varma toner och svala reflektioner. Oavsett om den h\u00e4nger \u00f6ver matbordet eller lyser upp ett lugnt h\u00f6rn, skapar Gil atmosf\u00e4r, n\u00e4rvaro [&hellip;]<\/p>\n","protected":false},"featured_media":147897,"comment_status":"open","ping_status":"closed","template":"","meta":{"_acf_changed":false,"_relevanssi_hide_post":"","_relevanssi_hide_content":"","_relevanssi_pin_for_all":"","_relevanssi_pin_keywords":"","_relevanssi_unpin_keywords":"","_relevanssi_related_keywords":"","_relevanssi_related_include_ids":"","_relevanssi_related_exclude_ids":"","_relevanssi_related_no_append":"","_relevanssi_related_not_related":"","_relevanssi_related_posts":"","_relevanssi_noindex_reason":""},"pwb-brand":[28735],"product_brand":[],"product_cat":[32022,32129],"product_tag":[],"class_list":{"0":"post-147883","1":"product","2":"type-product","3":"status-publish","4":"has-post-thumbnail","6":"pwb-brand-herstal","7":"product_cat-takkronor","8":"product_cat-inomhusbelysning-sv","10":"first","11":"onbackorder","12":"taxable","13":"shipping-taxable","14":"purchasable","15":"product-type-simple"},"acf":[],"yoast_head":"<!-- This site is optimized with the Yoast SEO plugin v27.5 - https:\/\/yoast.com\/product\/yoast-seo-wordpress\/ -->\n<title>Gil 12 takkrona krom\/opal - Oy Noortrade Ab<\/title>\n<meta name=\"robots\" content=\"index, follow, max-snippet:-1, max-image-preview:large, max-video-preview:-1\" \/>\n<link rel=\"canonical\" href=\"https:\/\/shop.noor.fi\/sv\/produkt\/gil-12-takkrona-krom-opal-2\/\" \/>\n<meta property=\"og:locale\" content=\"sv_SE\" \/>\n<meta property=\"og:type\" content=\"article\" \/>\n<meta property=\"og:title\" content=\"Gil 12 takkrona krom\/opal - Oy Noortrade Ab\" \/>\n<meta property=\"og:description\" content=\"Tv\u00e5 ytbehandlingar. En ikon. Gil f\u00e5ngar essensen av dansk design \u2014 klassisk men modig, mjuk men strukturerad. En modern design som reflekterar ljus och liv med sj\u00e4lvs\u00e4ker elegans. Storslagen takkrona \u2014 varje del balanserar varma toner och svala reflektioner. Oavsett om den h\u00e4nger \u00f6ver matbordet eller lyser upp ett lugnt h\u00f6rn, skapar Gil atmosf\u00e4r, n\u00e4rvaro [&hellip;]\" \/>\n<meta property=\"og:url\" content=\"https:\/\/shop.noor.fi\/sv\/produkt\/gil-12-takkrona-krom-opal-2\/\" \/>\n<meta property=\"og:site_name\" content=\"Oy Noortrade Ab\" \/>\n<meta property=\"article:modified_time\" content=\"2026-05-06T15:06:14+00:00\" \/>\n<meta property=\"og:image\" content=\"https:\/\/shop.noor.fi\/wp-content\/uploads\/2026\/02\/HB166624123120.jpg\" \/>\n\t<meta property=\"og:image:width\" content=\"968\" \/>\n\t<meta property=\"og:image:height\" content=\"1210\" \/>\n\t<meta property=\"og:image:type\" content=\"image\/jpeg\" \/>\n<meta name=\"twitter:card\" content=\"summary_large_image\" \/>\n<meta name=\"twitter:label1\" content=\"Ber\u00e4knad l\u00e4stid\" \/>\n\t<meta name=\"twitter:data1\" content=\"1 minut\" \/>\n<script type=\"application\/ld+json\" class=\"yoast-schema-graph\">{\"@context\":\"https:\\\/\\\/schema.org\",\"@graph\":[{\"@type\":\"WebPage\",\"@id\":\"https:\\\/\\\/shop.noor.fi\\\/sv\\\/produkt\\\/gil-12-takkrona-krom-opal-2\\\/\",\"url\":\"https:\\\/\\\/shop.noor.fi\\\/sv\\\/produkt\\\/gil-12-takkrona-krom-opal-2\\\/\",\"name\":\"Gil 12 takkrona krom\\\/opal - Oy Noortrade Ab\",\"isPartOf\":{\"@id\":\"https:\\\/\\\/shopnoorfi-wp31835.test.cchosting.fi\\\/#website\"},\"primaryImageOfPage\":{\"@id\":\"https:\\\/\\\/shop.noor.fi\\\/sv\\\/produkt\\\/gil-12-takkrona-krom-opal-2\\\/#primaryimage\"},\"image\":{\"@id\":\"https:\\\/\\\/shop.noor.fi\\\/sv\\\/produkt\\\/gil-12-takkrona-krom-opal-2\\\/#primaryimage\"},\"thumbnailUrl\":\"https:\\\/\\\/shop.noor.fi\\\/wp-content\\\/uploads\\\/2026\\\/02\\\/HB166624123120.jpg\",\"datePublished\":\"2026-02-25T07:30:23+00:00\",\"dateModified\":\"2026-05-06T15:06:14+00:00\",\"breadcrumb\":{\"@id\":\"https:\\\/\\\/shop.noor.fi\\\/sv\\\/produkt\\\/gil-12-takkrona-krom-opal-2\\\/#breadcrumb\"},\"inLanguage\":\"sv-SE\",\"potentialAction\":[{\"@type\":\"ReadAction\",\"target\":[\"https:\\\/\\\/shop.noor.fi\\\/sv\\\/produkt\\\/gil-12-takkrona-krom-opal-2\\\/\"]}]},{\"@type\":\"ImageObject\",\"inLanguage\":\"sv-SE\",\"@id\":\"https:\\\/\\\/shop.noor.fi\\\/sv\\\/produkt\\\/gil-12-takkrona-krom-opal-2\\\/#primaryimage\",\"url\":\"https:\\\/\\\/shop.noor.fi\\\/wp-content\\\/uploads\\\/2026\\\/02\\\/HB166624123120.jpg\",\"contentUrl\":\"https:\\\/\\\/shop.noor.fi\\\/wp-content\\\/uploads\\\/2026\\\/02\\\/HB166624123120.jpg\",\"width\":968,\"height\":1210},{\"@type\":\"BreadcrumbList\",\"@id\":\"https:\\\/\\\/shop.noor.fi\\\/sv\\\/produkt\\\/gil-12-takkrona-krom-opal-2\\\/#breadcrumb\",\"itemListElement\":[{\"@type\":\"ListItem\",\"position\":1,\"name\":\"Etusivu\",\"item\":\"https:\\\/\\\/shop.noor.fi\\\/sv\\\/\"},{\"@type\":\"ListItem\",\"position\":2,\"name\":\"Butik\",\"item\":\"https:\\\/\\\/shopnoorfi-wp31835.test.cchosting.fi\\\/sv\\\/butik\\\/\"},{\"@type\":\"ListItem\",\"position\":3,\"name\":\"Gil 12 takkrona krom\\\/opal\"}]},{\"@type\":\"WebSite\",\"@id\":\"https:\\\/\\\/shopnoorfi-wp31835.test.cchosting.fi\\\/#website\",\"url\":\"https:\\\/\\\/shopnoorfi-wp31835.test.cchosting.fi\\\/\",\"name\":\"Oy Noortrade Ab\",\"description\":\"Finnish family owned company with over 30 years of professional experience in lighting &amp; interior products import and sales - reliably.\",\"publisher\":{\"@id\":\"https:\\\/\\\/shopnoorfi-wp31835.test.cchosting.fi\\\/#organization\"},\"potentialAction\":[{\"@type\":\"SearchAction\",\"target\":{\"@type\":\"EntryPoint\",\"urlTemplate\":\"https:\\\/\\\/shopnoorfi-wp31835.test.cchosting.fi\\\/?s={search_term_string}\"},\"query-input\":{\"@type\":\"PropertyValueSpecification\",\"valueRequired\":true,\"valueName\":\"search_term_string\"}}],\"inLanguage\":\"sv-SE\"},{\"@type\":\"Organization\",\"@id\":\"https:\\\/\\\/shopnoorfi-wp31835.test.cchosting.fi\\\/#organization\",\"name\":\"Oy Noortrade Ab\",\"url\":\"https:\\\/\\\/shopnoorfi-wp31835.test.cchosting.fi\\\/\",\"logo\":{\"@type\":\"ImageObject\",\"inLanguage\":\"sv-SE\",\"@id\":\"https:\\\/\\\/shopnoorfi-wp31835.test.cchosting.fi\\\/#\\\/schema\\\/logo\\\/image\\\/\",\"url\":\"https:\\\/\\\/shop.noor.fi\\\/wp-content\\\/uploads\\\/2024\\\/01\\\/Oy-Noortrade-Ab-Corbel-VERSAL-bold-BLACK.png\",\"contentUrl\":\"https:\\\/\\\/shop.noor.fi\\\/wp-content\\\/uploads\\\/2024\\\/01\\\/Oy-Noortrade-Ab-Corbel-VERSAL-bold-BLACK.png\",\"width\":721,\"height\":177,\"caption\":\"Oy Noortrade Ab\"},\"image\":{\"@id\":\"https:\\\/\\\/shopnoorfi-wp31835.test.cchosting.fi\\\/#\\\/schema\\\/logo\\\/image\\\/\"}}]}<\/script>\n<!-- \/ Yoast SEO plugin. -->","yoast_head_json":{"title":"Gil 12 takkrona krom\/opal - Oy Noortrade Ab","robots":{"index":"index","follow":"follow","max-snippet":"max-snippet:-1","max-image-preview":"max-image-preview:large","max-video-preview":"max-video-preview:-1"},"canonical":"https:\/\/shop.noor.fi\/sv\/produkt\/gil-12-takkrona-krom-opal-2\/","og_locale":"sv_SE","og_type":"article","og_title":"Gil 12 takkrona krom\/opal - Oy Noortrade Ab","og_description":"Tv\u00e5 ytbehandlingar. En ikon. Gil f\u00e5ngar essensen av dansk design \u2014 klassisk men modig, mjuk men strukturerad. En modern design som reflekterar ljus och liv med sj\u00e4lvs\u00e4ker elegans. Storslagen takkrona \u2014 varje del balanserar varma toner och svala reflektioner. Oavsett om den h\u00e4nger \u00f6ver matbordet eller lyser upp ett lugnt h\u00f6rn, skapar Gil atmosf\u00e4r, n\u00e4rvaro [&hellip;]","og_url":"https:\/\/shop.noor.fi\/sv\/produkt\/gil-12-takkrona-krom-opal-2\/","og_site_name":"Oy Noortrade Ab","article_modified_time":"2026-05-06T15:06:14+00:00","og_image":[{"width":968,"height":1210,"url":"https:\/\/shop.noor.fi\/wp-content\/uploads\/2026\/02\/HB166624123120.jpg","type":"image\/jpeg"}],"twitter_card":"summary_large_image","twitter_misc":{"Ber\u00e4knad l\u00e4stid":"1 minut"},"schema":{"@context":"https:\/\/schema.org","@graph":[{"@type":"WebPage","@id":"https:\/\/shop.noor.fi\/sv\/produkt\/gil-12-takkrona-krom-opal-2\/","url":"https:\/\/shop.noor.fi\/sv\/produkt\/gil-12-takkrona-krom-opal-2\/","name":"Gil 12 takkrona krom\/opal - Oy Noortrade Ab","isPartOf":{"@id":"https:\/\/shopnoorfi-wp31835.test.cchosting.fi\/#website"},"primaryImageOfPage":{"@id":"https:\/\/shop.noor.fi\/sv\/produkt\/gil-12-takkrona-krom-opal-2\/#primaryimage"},"image":{"@id":"https:\/\/shop.noor.fi\/sv\/produkt\/gil-12-takkrona-krom-opal-2\/#primaryimage"},"thumbnailUrl":"https:\/\/shop.noor.fi\/wp-content\/uploads\/2026\/02\/HB166624123120.jpg","datePublished":"2026-02-25T07:30:23+00:00","dateModified":"2026-05-06T15:06:14+00:00","breadcrumb":{"@id":"https:\/\/shop.noor.fi\/sv\/produkt\/gil-12-takkrona-krom-opal-2\/#breadcrumb"},"inLanguage":"sv-SE","potentialAction":[{"@type":"ReadAction","target":["https:\/\/shop.noor.fi\/sv\/produkt\/gil-12-takkrona-krom-opal-2\/"]}]},{"@type":"ImageObject","inLanguage":"sv-SE","@id":"https:\/\/shop.noor.fi\/sv\/produkt\/gil-12-takkrona-krom-opal-2\/#primaryimage","url":"https:\/\/shop.noor.fi\/wp-content\/uploads\/2026\/02\/HB166624123120.jpg","contentUrl":"https:\/\/shop.noor.fi\/wp-content\/uploads\/2026\/02\/HB166624123120.jpg","width":968,"height":1210},{"@type":"BreadcrumbList","@id":"https:\/\/shop.noor.fi\/sv\/produkt\/gil-12-takkrona-krom-opal-2\/#breadcrumb","itemListElement":[{"@type":"ListItem","position":1,"name":"Etusivu","item":"https:\/\/shop.noor.fi\/sv\/"},{"@type":"ListItem","position":2,"name":"Butik","item":"https:\/\/shopnoorfi-wp31835.test.cchosting.fi\/sv\/butik\/"},{"@type":"ListItem","position":3,"name":"Gil 12 takkrona krom\/opal"}]},{"@type":"WebSite","@id":"https:\/\/shopnoorfi-wp31835.test.cchosting.fi\/#website","url":"https:\/\/shopnoorfi-wp31835.test.cchosting.fi\/","name":"Oy Noortrade Ab","description":"Finnish family owned company with over 30 years of professional experience in lighting &amp; interior products import and sales - reliably.","publisher":{"@id":"https:\/\/shopnoorfi-wp31835.test.cchosting.fi\/#organization"},"potentialAction":[{"@type":"SearchAction","target":{"@type":"EntryPoint","urlTemplate":"https:\/\/shopnoorfi-wp31835.test.cchosting.fi\/?s={search_term_string}"},"query-input":{"@type":"PropertyValueSpecification","valueRequired":true,"valueName":"search_term_string"}}],"inLanguage":"sv-SE"},{"@type":"Organization","@id":"https:\/\/shopnoorfi-wp31835.test.cchosting.fi\/#organization","name":"Oy Noortrade Ab","url":"https:\/\/shopnoorfi-wp31835.test.cchosting.fi\/","logo":{"@type":"ImageObject","inLanguage":"sv-SE","@id":"https:\/\/shopnoorfi-wp31835.test.cchosting.fi\/#\/schema\/logo\/image\/","url":"https:\/\/shop.noor.fi\/wp-content\/uploads\/2024\/01\/Oy-Noortrade-Ab-Corbel-VERSAL-bold-BLACK.png","contentUrl":"https:\/\/shop.noor.fi\/wp-content\/uploads\/2024\/01\/Oy-Noortrade-Ab-Corbel-VERSAL-bold-BLACK.png","width":721,"height":177,"caption":"Oy Noortrade Ab"},"image":{"@id":"https:\/\/shopnoorfi-wp31835.test.cchosting.fi\/#\/schema\/logo\/image\/"}}]}},"brands":[{"id":28735,"name":"Herstal","slug":"herstal"}],"_links":{"self":[{"href":"https:\/\/shop.noor.fi\/sv\/wp-json\/wp\/v2\/product\/147883","targetHints":{"allow":["GET"]}}],"collection":[{"href":"https:\/\/shop.noor.fi\/sv\/wp-json\/wp\/v2\/product"}],"about":[{"href":"https:\/\/shop.noor.fi\/sv\/wp-json\/wp\/v2\/types\/product"}],"replies":[{"embeddable":true,"href":"https:\/\/shop.noor.fi\/sv\/wp-json\/wp\/v2\/comments?post=147883"}],"wp:featuredmedia":[{"embeddable":true,"href":"https:\/\/shop.noor.fi\/sv\/wp-json\/wp\/v2\/media\/147897"}],"wp:attachment":[{"href":"https:\/\/shop.noor.fi\/sv\/wp-json\/wp\/v2\/media?parent=147883"}],"wp:term":[{"taxonomy":"pwb-brand","embeddable":true,"href":"https:\/\/shop.noor.fi\/sv\/wp-json\/wp\/v2\/pwb-brand?post=147883"},{"taxonomy":"product_brand","embeddable":true,"href":"https:\/\/shop.noor.fi\/sv\/wp-json\/wp\/v2\/product_brand?post=147883"},{"taxonomy":"product_cat","embeddable":true,"href":"https:\/\/shop.noor.fi\/sv\/wp-json\/wp\/v2\/product_cat?post=147883"},{"taxonomy":"product_tag","embeddable":true,"href":"https:\/\/shop.noor.fi\/sv\/wp-json\/wp\/v2\/product_tag?post=147883"}],"curies":[{"name":"wp","href":"https:\/\/api.w.org\/{rel}","templated":true}]}}