{"id":147856,"date":"2026-03-02T10:27:27","date_gmt":"2026-03-02T08:27:27","guid":{"rendered":"https:\/\/shop.noor.fi\/product\/winter-stjarna-pa-fot-beige\/"},"modified":"2026-03-06T23:02:36","modified_gmt":"2026-03-06T21:02:36","slug":"winter-stjarna-pa-fot-beige-2","status":"publish","type":"product","link":"https:\/\/shop.noor.fi\/sv\/produkt\/winter-stjarna-pa-fot-beige-2\/","title":{"rendered":"Winter stj\u00e4rna p\u00e5 fot beige"},"content":{"rendered":"<p>Fantastisk beige pappersstj\u00e4rna med guld prickar och svart fot . Stj\u00e4rnan \u00e4r tillverkad av tre lager veckat papper. Konturen har runda flikar som g\u00f6r att stj\u00e4rnan ser busigt vintrig ut. Adventsstj\u00e4rnan p\u00e5 fot skapar en perfekt julst\u00e4mning och ger hemmet den d\u00e4r speciella julk\u00e4nslan. Kan placeras b\u00e5de i f\u00f6nster och p\u00e5 en sk\u00e4nk. F\u00f6r inomhusbruk.<br \/>\nSladdl\u00e4ngd 150 cm, med str\u00f6mbrytare.<br \/>\nE14, max 25W. Ljusk\u00e4lla ing\u00e5r ej.<\/p>\n<p>Bredd 40 cm<br \/>\nH\u00f6jd 60 cm<br \/>\nDjup 17 cm<\/p>\n","protected":false},"excerpt":{"rendered":"<p>Fantastisk beige pappersstj\u00e4rna med guld prickar och svart fot . Stj\u00e4rnan \u00e4r tillverkad av tre lager veckat papper. Konturen har runda flikar som g\u00f6r att stj\u00e4rnan ser busigt vintrig ut. Adventsstj\u00e4rnan p\u00e5 fot skapar en perfekt julst\u00e4mning och ger hemmet den d\u00e4r speciella julk\u00e4nslan. Kan placeras b\u00e5de i f\u00f6nster och p\u00e5 en sk\u00e4nk. F\u00f6r inomhusbruk. [&hellip;]<\/p>\n","protected":false},"featured_media":148338,"comment_status":"open","ping_status":"closed","template":"","meta":{"_acf_changed":false,"_relevanssi_hide_post":"","_relevanssi_hide_content":"","_relevanssi_pin_for_all":"","_relevanssi_pin_keywords":"","_relevanssi_unpin_keywords":"","_relevanssi_related_keywords":"","_relevanssi_related_include_ids":"","_relevanssi_related_exclude_ids":"","_relevanssi_related_no_append":"","_relevanssi_related_not_related":"","_relevanssi_related_posts":"","_relevanssi_noindex_reason":""},"pwb-brand":[28728],"product_brand":[],"product_cat":[32104],"product_tag":[],"class_list":{"0":"post-147856","1":"product","2":"type-product","3":"status-publish","4":"has-post-thumbnail","6":"pwb-brand-star-trading","7":"product_cat-stjarnor-pa-fot","9":"first","10":"onbackorder","11":"taxable","12":"shipping-taxable","13":"purchasable","14":"product-type-simple"},"acf":[],"yoast_head":"<!-- This site is optimized with the Yoast SEO plugin v27.5 - https:\/\/yoast.com\/product\/yoast-seo-wordpress\/ -->\n<title>Winter stj\u00e4rna p\u00e5 fot beige - Oy Noortrade Ab<\/title>\n<meta name=\"robots\" content=\"index, follow, max-snippet:-1, max-image-preview:large, max-video-preview:-1\" \/>\n<link rel=\"canonical\" href=\"https:\/\/shop.noor.fi\/sv\/produkt\/winter-stjarna-pa-fot-beige-2\/\" \/>\n<meta property=\"og:locale\" content=\"sv_SE\" \/>\n<meta property=\"og:type\" content=\"article\" \/>\n<meta property=\"og:title\" content=\"Winter stj\u00e4rna p\u00e5 fot beige - Oy Noortrade Ab\" \/>\n<meta property=\"og:description\" content=\"Fantastisk beige pappersstj\u00e4rna med guld prickar och svart fot . Stj\u00e4rnan \u00e4r tillverkad av tre lager veckat papper. Konturen har runda flikar som g\u00f6r att stj\u00e4rnan ser busigt vintrig ut. Adventsstj\u00e4rnan p\u00e5 fot skapar en perfekt julst\u00e4mning och ger hemmet den d\u00e4r speciella julk\u00e4nslan. Kan placeras b\u00e5de i f\u00f6nster och p\u00e5 en sk\u00e4nk. F\u00f6r inomhusbruk. [&hellip;]\" \/>\n<meta property=\"og:url\" content=\"https:\/\/shop.noor.fi\/sv\/produkt\/winter-stjarna-pa-fot-beige-2\/\" \/>\n<meta property=\"og:site_name\" content=\"Oy Noortrade Ab\" \/>\n<meta property=\"article:modified_time\" content=\"2026-03-06T21:02:36+00:00\" \/>\n<meta property=\"og:image\" content=\"https:\/\/shop.noor.fi\/wp-content\/uploads\/2026\/03\/SR-502-29-1.jpg\" \/>\n\t<meta property=\"og:image:width\" content=\"805\" \/>\n\t<meta property=\"og:image:height\" content=\"1210\" \/>\n\t<meta property=\"og:image:type\" content=\"image\/jpeg\" \/>\n<meta name=\"twitter:card\" content=\"summary_large_image\" \/>\n<script type=\"application\/ld+json\" class=\"yoast-schema-graph\">{\"@context\":\"https:\\\/\\\/schema.org\",\"@graph\":[{\"@type\":\"WebPage\",\"@id\":\"https:\\\/\\\/shop.noor.fi\\\/sv\\\/produkt\\\/winter-stjarna-pa-fot-beige-2\\\/\",\"url\":\"https:\\\/\\\/shop.noor.fi\\\/sv\\\/produkt\\\/winter-stjarna-pa-fot-beige-2\\\/\",\"name\":\"Winter stj\u00e4rna p\u00e5 fot beige - Oy Noortrade Ab\",\"isPartOf\":{\"@id\":\"https:\\\/\\\/shopnoorfi-wp31835.test.cchosting.fi\\\/#website\"},\"primaryImageOfPage\":{\"@id\":\"https:\\\/\\\/shop.noor.fi\\\/sv\\\/produkt\\\/winter-stjarna-pa-fot-beige-2\\\/#primaryimage\"},\"image\":{\"@id\":\"https:\\\/\\\/shop.noor.fi\\\/sv\\\/produkt\\\/winter-stjarna-pa-fot-beige-2\\\/#primaryimage\"},\"thumbnailUrl\":\"https:\\\/\\\/shop.noor.fi\\\/wp-content\\\/uploads\\\/2026\\\/03\\\/SR-502-29-1.jpg\",\"datePublished\":\"2026-03-02T08:27:27+00:00\",\"dateModified\":\"2026-03-06T21:02:36+00:00\",\"breadcrumb\":{\"@id\":\"https:\\\/\\\/shop.noor.fi\\\/sv\\\/produkt\\\/winter-stjarna-pa-fot-beige-2\\\/#breadcrumb\"},\"inLanguage\":\"sv-SE\",\"potentialAction\":[{\"@type\":\"ReadAction\",\"target\":[\"https:\\\/\\\/shop.noor.fi\\\/sv\\\/produkt\\\/winter-stjarna-pa-fot-beige-2\\\/\"]}]},{\"@type\":\"ImageObject\",\"inLanguage\":\"sv-SE\",\"@id\":\"https:\\\/\\\/shop.noor.fi\\\/sv\\\/produkt\\\/winter-stjarna-pa-fot-beige-2\\\/#primaryimage\",\"url\":\"https:\\\/\\\/shop.noor.fi\\\/wp-content\\\/uploads\\\/2026\\\/03\\\/SR-502-29-1.jpg\",\"contentUrl\":\"https:\\\/\\\/shop.noor.fi\\\/wp-content\\\/uploads\\\/2026\\\/03\\\/SR-502-29-1.jpg\",\"width\":805,\"height\":1210},{\"@type\":\"BreadcrumbList\",\"@id\":\"https:\\\/\\\/shop.noor.fi\\\/sv\\\/produkt\\\/winter-stjarna-pa-fot-beige-2\\\/#breadcrumb\",\"itemListElement\":[{\"@type\":\"ListItem\",\"position\":1,\"name\":\"Etusivu\",\"item\":\"https:\\\/\\\/shop.noor.fi\\\/sv\\\/\"},{\"@type\":\"ListItem\",\"position\":2,\"name\":\"Butik\",\"item\":\"https:\\\/\\\/shopnoorfi-wp31835.test.cchosting.fi\\\/sv\\\/butik\\\/\"},{\"@type\":\"ListItem\",\"position\":3,\"name\":\"Winter stj\u00e4rna p\u00e5 fot beige\"}]},{\"@type\":\"WebSite\",\"@id\":\"https:\\\/\\\/shopnoorfi-wp31835.test.cchosting.fi\\\/#website\",\"url\":\"https:\\\/\\\/shopnoorfi-wp31835.test.cchosting.fi\\\/\",\"name\":\"Oy Noortrade Ab\",\"description\":\"Finnish family owned company with over 30 years of professional experience in lighting &amp; interior products import and sales - reliably.\",\"publisher\":{\"@id\":\"https:\\\/\\\/shopnoorfi-wp31835.test.cchosting.fi\\\/#organization\"},\"potentialAction\":[{\"@type\":\"SearchAction\",\"target\":{\"@type\":\"EntryPoint\",\"urlTemplate\":\"https:\\\/\\\/shopnoorfi-wp31835.test.cchosting.fi\\\/?s={search_term_string}\"},\"query-input\":{\"@type\":\"PropertyValueSpecification\",\"valueRequired\":true,\"valueName\":\"search_term_string\"}}],\"inLanguage\":\"sv-SE\"},{\"@type\":\"Organization\",\"@id\":\"https:\\\/\\\/shopnoorfi-wp31835.test.cchosting.fi\\\/#organization\",\"name\":\"Oy Noortrade Ab\",\"url\":\"https:\\\/\\\/shopnoorfi-wp31835.test.cchosting.fi\\\/\",\"logo\":{\"@type\":\"ImageObject\",\"inLanguage\":\"sv-SE\",\"@id\":\"https:\\\/\\\/shopnoorfi-wp31835.test.cchosting.fi\\\/#\\\/schema\\\/logo\\\/image\\\/\",\"url\":\"https:\\\/\\\/shop.noor.fi\\\/wp-content\\\/uploads\\\/2024\\\/01\\\/Oy-Noortrade-Ab-Corbel-VERSAL-bold-BLACK.png\",\"contentUrl\":\"https:\\\/\\\/shop.noor.fi\\\/wp-content\\\/uploads\\\/2024\\\/01\\\/Oy-Noortrade-Ab-Corbel-VERSAL-bold-BLACK.png\",\"width\":721,\"height\":177,\"caption\":\"Oy Noortrade Ab\"},\"image\":{\"@id\":\"https:\\\/\\\/shopnoorfi-wp31835.test.cchosting.fi\\\/#\\\/schema\\\/logo\\\/image\\\/\"}}]}<\/script>\n<!-- \/ Yoast SEO plugin. -->","yoast_head_json":{"title":"Winter stj\u00e4rna p\u00e5 fot beige - Oy Noortrade Ab","robots":{"index":"index","follow":"follow","max-snippet":"max-snippet:-1","max-image-preview":"max-image-preview:large","max-video-preview":"max-video-preview:-1"},"canonical":"https:\/\/shop.noor.fi\/sv\/produkt\/winter-stjarna-pa-fot-beige-2\/","og_locale":"sv_SE","og_type":"article","og_title":"Winter stj\u00e4rna p\u00e5 fot beige - Oy Noortrade Ab","og_description":"Fantastisk beige pappersstj\u00e4rna med guld prickar och svart fot . Stj\u00e4rnan \u00e4r tillverkad av tre lager veckat papper. Konturen har runda flikar som g\u00f6r att stj\u00e4rnan ser busigt vintrig ut. Adventsstj\u00e4rnan p\u00e5 fot skapar en perfekt julst\u00e4mning och ger hemmet den d\u00e4r speciella julk\u00e4nslan. Kan placeras b\u00e5de i f\u00f6nster och p\u00e5 en sk\u00e4nk. F\u00f6r inomhusbruk. [&hellip;]","og_url":"https:\/\/shop.noor.fi\/sv\/produkt\/winter-stjarna-pa-fot-beige-2\/","og_site_name":"Oy Noortrade Ab","article_modified_time":"2026-03-06T21:02:36+00:00","og_image":[{"width":805,"height":1210,"url":"https:\/\/shop.noor.fi\/wp-content\/uploads\/2026\/03\/SR-502-29-1.jpg","type":"image\/jpeg"}],"twitter_card":"summary_large_image","schema":{"@context":"https:\/\/schema.org","@graph":[{"@type":"WebPage","@id":"https:\/\/shop.noor.fi\/sv\/produkt\/winter-stjarna-pa-fot-beige-2\/","url":"https:\/\/shop.noor.fi\/sv\/produkt\/winter-stjarna-pa-fot-beige-2\/","name":"Winter stj\u00e4rna p\u00e5 fot beige - Oy Noortrade Ab","isPartOf":{"@id":"https:\/\/shopnoorfi-wp31835.test.cchosting.fi\/#website"},"primaryImageOfPage":{"@id":"https:\/\/shop.noor.fi\/sv\/produkt\/winter-stjarna-pa-fot-beige-2\/#primaryimage"},"image":{"@id":"https:\/\/shop.noor.fi\/sv\/produkt\/winter-stjarna-pa-fot-beige-2\/#primaryimage"},"thumbnailUrl":"https:\/\/shop.noor.fi\/wp-content\/uploads\/2026\/03\/SR-502-29-1.jpg","datePublished":"2026-03-02T08:27:27+00:00","dateModified":"2026-03-06T21:02:36+00:00","breadcrumb":{"@id":"https:\/\/shop.noor.fi\/sv\/produkt\/winter-stjarna-pa-fot-beige-2\/#breadcrumb"},"inLanguage":"sv-SE","potentialAction":[{"@type":"ReadAction","target":["https:\/\/shop.noor.fi\/sv\/produkt\/winter-stjarna-pa-fot-beige-2\/"]}]},{"@type":"ImageObject","inLanguage":"sv-SE","@id":"https:\/\/shop.noor.fi\/sv\/produkt\/winter-stjarna-pa-fot-beige-2\/#primaryimage","url":"https:\/\/shop.noor.fi\/wp-content\/uploads\/2026\/03\/SR-502-29-1.jpg","contentUrl":"https:\/\/shop.noor.fi\/wp-content\/uploads\/2026\/03\/SR-502-29-1.jpg","width":805,"height":1210},{"@type":"BreadcrumbList","@id":"https:\/\/shop.noor.fi\/sv\/produkt\/winter-stjarna-pa-fot-beige-2\/#breadcrumb","itemListElement":[{"@type":"ListItem","position":1,"name":"Etusivu","item":"https:\/\/shop.noor.fi\/sv\/"},{"@type":"ListItem","position":2,"name":"Butik","item":"https:\/\/shopnoorfi-wp31835.test.cchosting.fi\/sv\/butik\/"},{"@type":"ListItem","position":3,"name":"Winter stj\u00e4rna p\u00e5 fot beige"}]},{"@type":"WebSite","@id":"https:\/\/shopnoorfi-wp31835.test.cchosting.fi\/#website","url":"https:\/\/shopnoorfi-wp31835.test.cchosting.fi\/","name":"Oy Noortrade Ab","description":"Finnish family owned company with over 30 years of professional experience in lighting &amp; interior products import and sales - reliably.","publisher":{"@id":"https:\/\/shopnoorfi-wp31835.test.cchosting.fi\/#organization"},"potentialAction":[{"@type":"SearchAction","target":{"@type":"EntryPoint","urlTemplate":"https:\/\/shopnoorfi-wp31835.test.cchosting.fi\/?s={search_term_string}"},"query-input":{"@type":"PropertyValueSpecification","valueRequired":true,"valueName":"search_term_string"}}],"inLanguage":"sv-SE"},{"@type":"Organization","@id":"https:\/\/shopnoorfi-wp31835.test.cchosting.fi\/#organization","name":"Oy Noortrade Ab","url":"https:\/\/shopnoorfi-wp31835.test.cchosting.fi\/","logo":{"@type":"ImageObject","inLanguage":"sv-SE","@id":"https:\/\/shopnoorfi-wp31835.test.cchosting.fi\/#\/schema\/logo\/image\/","url":"https:\/\/shop.noor.fi\/wp-content\/uploads\/2024\/01\/Oy-Noortrade-Ab-Corbel-VERSAL-bold-BLACK.png","contentUrl":"https:\/\/shop.noor.fi\/wp-content\/uploads\/2024\/01\/Oy-Noortrade-Ab-Corbel-VERSAL-bold-BLACK.png","width":721,"height":177,"caption":"Oy Noortrade Ab"},"image":{"@id":"https:\/\/shopnoorfi-wp31835.test.cchosting.fi\/#\/schema\/logo\/image\/"}}]}},"brands":[{"id":28728,"name":"Star Trading","slug":"star-trading"}],"_links":{"self":[{"href":"https:\/\/shop.noor.fi\/sv\/wp-json\/wp\/v2\/product\/147856","targetHints":{"allow":["GET"]}}],"collection":[{"href":"https:\/\/shop.noor.fi\/sv\/wp-json\/wp\/v2\/product"}],"about":[{"href":"https:\/\/shop.noor.fi\/sv\/wp-json\/wp\/v2\/types\/product"}],"replies":[{"embeddable":true,"href":"https:\/\/shop.noor.fi\/sv\/wp-json\/wp\/v2\/comments?post=147856"}],"wp:featuredmedia":[{"embeddable":true,"href":"https:\/\/shop.noor.fi\/sv\/wp-json\/wp\/v2\/media\/148338"}],"wp:attachment":[{"href":"https:\/\/shop.noor.fi\/sv\/wp-json\/wp\/v2\/media?parent=147856"}],"wp:term":[{"taxonomy":"pwb-brand","embeddable":true,"href":"https:\/\/shop.noor.fi\/sv\/wp-json\/wp\/v2\/pwb-brand?post=147856"},{"taxonomy":"product_brand","embeddable":true,"href":"https:\/\/shop.noor.fi\/sv\/wp-json\/wp\/v2\/product_brand?post=147856"},{"taxonomy":"product_cat","embeddable":true,"href":"https:\/\/shop.noor.fi\/sv\/wp-json\/wp\/v2\/product_cat?post=147856"},{"taxonomy":"product_tag","embeddable":true,"href":"https:\/\/shop.noor.fi\/sv\/wp-json\/wp\/v2\/product_tag?post=147856"}],"curies":[{"name":"wp","href":"https:\/\/api.w.org\/{rel}","templated":true}]}}