{"id":145920,"date":"2026-02-19T10:30:10","date_gmt":"2026-02-19T08:30:10","guid":{"rendered":"https:\/\/shop.noor.fi\/product\/marcellio-solar-vagglampa-brun\/"},"modified":"2026-03-03T10:11:54","modified_gmt":"2026-03-03T08:11:54","slug":"marcellio-solar-vagglampa-brun","status":"publish","type":"product","link":"https:\/\/shop.noor.fi\/sv\/produkt\/marcellio-solar-vagglampa-brun\/","title":{"rendered":"Marcellio Solar v\u00e4gglampa brun"},"content":{"rendered":"<p>Marcellio fr\u00e5n den danska designstudion Says Who \u00e4r en tr\u00e5dl\u00f6s v\u00e4gglampa med en elegant, b\u00f6jd form och inbyggd solcellspanel. Lampan laddas under dagen och t\u00e4nds automatiskt n\u00e4r den k\u00e4nner av r\u00f6relse. Det ned\u00e5triktade ljuset g\u00f6r den idealisk f\u00f6r entr\u00e9er eller l\u00e4ngs tr\u00e4dg\u00e5rdsg\u00e5ngar och staket. Enkel att installera helt utan sladdar.<br \/>\nF\u00e4rgtemperatur 3000K.<br \/>\nLaddningstid ca 6 timmar.<br \/>\nBatteritid \u00e4r ca 1,5 timmar med 400 lumen och i upp till 11 timmar med 40 lumen.<br \/>\nPlacera lampan s\u00e5 att solen kan n\u00e5 panelen under dagen.<br \/>\nIntegrerad LED, ljusk\u00e4llan \u00e4r ej utbytbar. Produkten har 5 \u00e5rs LED-garanti.<\/p>\n<p>Bredd 22 cm<br \/>\nDjup 9 cm<br \/>\nH\u00f6jd 8,5 cm<\/p>\n<p>Obs!<br \/>\nSolcellspanelen beh\u00f6ver riktas mot solen f\u00f6r optimal laddning av batteri<br \/>\nProdukten har en skymningsrel\u00e4 och lyser d\u00e4rf\u00f6r endast under de m\u00f6rka timmarna<\/p>\n","protected":false},"excerpt":{"rendered":"<p>Marcellio fr\u00e5n den danska designstudion Says Who \u00e4r en tr\u00e5dl\u00f6s v\u00e4gglampa med en elegant, b\u00f6jd form och inbyggd solcellspanel. Lampan laddas under dagen och t\u00e4nds automatiskt n\u00e4r den k\u00e4nner av r\u00f6relse. Det ned\u00e5triktade ljuset g\u00f6r den idealisk f\u00f6r entr\u00e9er eller l\u00e4ngs tr\u00e4dg\u00e5rdsg\u00e5ngar och staket. Enkel att installera helt utan sladdar. F\u00e4rgtemperatur 3000K. Laddningstid ca 6 [&hellip;]<\/p>\n","protected":false},"featured_media":146891,"comment_status":"open","ping_status":"closed","template":"","meta":{"_acf_changed":false,"_relevanssi_hide_post":"","_relevanssi_hide_content":"","_relevanssi_pin_for_all":"","_relevanssi_pin_keywords":"","_relevanssi_unpin_keywords":"","_relevanssi_related_keywords":"","_relevanssi_related_include_ids":"","_relevanssi_related_exclude_ids":"","_relevanssi_related_no_append":"","_relevanssi_related_not_related":"","_relevanssi_related_posts":"","_relevanssi_noindex_reason":""},"pwb-brand":[28730],"product_brand":[],"product_cat":[32155,32193,32121],"product_tag":[],"class_list":{"0":"post-145920","1":"product","2":"type-product","3":"status-publish","4":"has-post-thumbnail","6":"pwb-brand-nordlux","7":"product_cat-utomhusbelysning","8":"product_cat-vagglampor-sv-2","9":"product_cat-vagglampor-sv","11":"first","12":"onbackorder","13":"taxable","14":"shipping-taxable","15":"purchasable","16":"product-type-simple"},"acf":[],"yoast_head":"<!-- This site is optimized with the Yoast SEO plugin v27.5 - https:\/\/yoast.com\/product\/yoast-seo-wordpress\/ -->\n<title>Marcellio Solar v\u00e4gglampa brun - Oy Noortrade Ab<\/title>\n<meta name=\"robots\" content=\"index, follow, max-snippet:-1, max-image-preview:large, max-video-preview:-1\" \/>\n<link rel=\"canonical\" href=\"https:\/\/shop.noor.fi\/produkt\/marcellio-solar-seinavalaisin-ruskea\/\" \/>\n<meta property=\"og:locale\" content=\"sv_SE\" \/>\n<meta property=\"og:type\" content=\"article\" \/>\n<meta property=\"og:title\" content=\"Marcellio Solar v\u00e4gglampa brun - Oy Noortrade Ab\" \/>\n<meta property=\"og:description\" content=\"Marcellio fr\u00e5n den danska designstudion Says Who \u00e4r en tr\u00e5dl\u00f6s v\u00e4gglampa med en elegant, b\u00f6jd form och inbyggd solcellspanel. Lampan laddas under dagen och t\u00e4nds automatiskt n\u00e4r den k\u00e4nner av r\u00f6relse. Det ned\u00e5triktade ljuset g\u00f6r den idealisk f\u00f6r entr\u00e9er eller l\u00e4ngs tr\u00e4dg\u00e5rdsg\u00e5ngar och staket. Enkel att installera helt utan sladdar. F\u00e4rgtemperatur 3000K. Laddningstid ca 6 [&hellip;]\" \/>\n<meta property=\"og:url\" content=\"https:\/\/shop.noor.fi\/produkt\/marcellio-solar-seinavalaisin-ruskea\/\" \/>\n<meta property=\"og:site_name\" content=\"Oy Noortrade Ab\" \/>\n<meta property=\"article:modified_time\" content=\"2026-03-03T08:11:54+00:00\" \/>\n<meta property=\"og:image\" content=\"https:\/\/shop.noor.fi\/wp-content\/uploads\/2026\/02\/NL-2618001018.jpg\" \/>\n\t<meta property=\"og:image:width\" content=\"1210\" \/>\n\t<meta property=\"og:image:height\" content=\"1210\" \/>\n\t<meta property=\"og:image:type\" content=\"image\/jpeg\" \/>\n<meta name=\"twitter:card\" content=\"summary_large_image\" \/>\n<meta name=\"twitter:label1\" content=\"Ber\u00e4knad l\u00e4stid\" \/>\n\t<meta name=\"twitter:data1\" content=\"1 minut\" \/>\n<script type=\"application\/ld+json\" class=\"yoast-schema-graph\">{\"@context\":\"https:\\\/\\\/schema.org\",\"@graph\":[{\"@type\":\"WebPage\",\"@id\":\"https:\\\/\\\/shop.noor.fi\\\/produkt\\\/marcellio-solar-seinavalaisin-ruskea\\\/\",\"url\":\"https:\\\/\\\/shop.noor.fi\\\/produkt\\\/marcellio-solar-seinavalaisin-ruskea\\\/\",\"name\":\"Marcellio Solar v\u00e4gglampa brun - Oy Noortrade Ab\",\"isPartOf\":{\"@id\":\"https:\\\/\\\/shopnoorfi-wp31835.test.cchosting.fi\\\/#website\"},\"primaryImageOfPage\":{\"@id\":\"https:\\\/\\\/shop.noor.fi\\\/produkt\\\/marcellio-solar-seinavalaisin-ruskea\\\/#primaryimage\"},\"image\":{\"@id\":\"https:\\\/\\\/shop.noor.fi\\\/produkt\\\/marcellio-solar-seinavalaisin-ruskea\\\/#primaryimage\"},\"thumbnailUrl\":\"https:\\\/\\\/shop.noor.fi\\\/wp-content\\\/uploads\\\/2026\\\/02\\\/NL-2618001018.jpg\",\"datePublished\":\"2026-02-19T08:30:10+00:00\",\"dateModified\":\"2026-03-03T08:11:54+00:00\",\"breadcrumb\":{\"@id\":\"https:\\\/\\\/shop.noor.fi\\\/produkt\\\/marcellio-solar-seinavalaisin-ruskea\\\/#breadcrumb\"},\"inLanguage\":\"sv-SE\",\"potentialAction\":[{\"@type\":\"ReadAction\",\"target\":[\"https:\\\/\\\/shop.noor.fi\\\/produkt\\\/marcellio-solar-seinavalaisin-ruskea\\\/\"]}]},{\"@type\":\"ImageObject\",\"inLanguage\":\"sv-SE\",\"@id\":\"https:\\\/\\\/shop.noor.fi\\\/produkt\\\/marcellio-solar-seinavalaisin-ruskea\\\/#primaryimage\",\"url\":\"https:\\\/\\\/shop.noor.fi\\\/wp-content\\\/uploads\\\/2026\\\/02\\\/NL-2618001018.jpg\",\"contentUrl\":\"https:\\\/\\\/shop.noor.fi\\\/wp-content\\\/uploads\\\/2026\\\/02\\\/NL-2618001018.jpg\",\"width\":1210,\"height\":1210},{\"@type\":\"BreadcrumbList\",\"@id\":\"https:\\\/\\\/shop.noor.fi\\\/produkt\\\/marcellio-solar-seinavalaisin-ruskea\\\/#breadcrumb\",\"itemListElement\":[{\"@type\":\"ListItem\",\"position\":1,\"name\":\"Etusivu\",\"item\":\"https:\\\/\\\/shop.noor.fi\\\/sv\\\/\"},{\"@type\":\"ListItem\",\"position\":2,\"name\":\"Butik\",\"item\":\"https:\\\/\\\/shopnoorfi-wp31835.test.cchosting.fi\\\/sv\\\/butik\\\/\"},{\"@type\":\"ListItem\",\"position\":3,\"name\":\"Marcellio Solar v\u00e4gglampa brun\"}]},{\"@type\":\"WebSite\",\"@id\":\"https:\\\/\\\/shopnoorfi-wp31835.test.cchosting.fi\\\/#website\",\"url\":\"https:\\\/\\\/shopnoorfi-wp31835.test.cchosting.fi\\\/\",\"name\":\"Oy Noortrade Ab\",\"description\":\"Finnish family owned company with over 30 years of professional experience in lighting &amp; interior products import and sales - reliably.\",\"publisher\":{\"@id\":\"https:\\\/\\\/shopnoorfi-wp31835.test.cchosting.fi\\\/#organization\"},\"potentialAction\":[{\"@type\":\"SearchAction\",\"target\":{\"@type\":\"EntryPoint\",\"urlTemplate\":\"https:\\\/\\\/shopnoorfi-wp31835.test.cchosting.fi\\\/?s={search_term_string}\"},\"query-input\":{\"@type\":\"PropertyValueSpecification\",\"valueRequired\":true,\"valueName\":\"search_term_string\"}}],\"inLanguage\":\"sv-SE\"},{\"@type\":\"Organization\",\"@id\":\"https:\\\/\\\/shopnoorfi-wp31835.test.cchosting.fi\\\/#organization\",\"name\":\"Oy Noortrade Ab\",\"url\":\"https:\\\/\\\/shopnoorfi-wp31835.test.cchosting.fi\\\/\",\"logo\":{\"@type\":\"ImageObject\",\"inLanguage\":\"sv-SE\",\"@id\":\"https:\\\/\\\/shopnoorfi-wp31835.test.cchosting.fi\\\/#\\\/schema\\\/logo\\\/image\\\/\",\"url\":\"https:\\\/\\\/shop.noor.fi\\\/wp-content\\\/uploads\\\/2024\\\/01\\\/Oy-Noortrade-Ab-Corbel-VERSAL-bold-BLACK.png\",\"contentUrl\":\"https:\\\/\\\/shop.noor.fi\\\/wp-content\\\/uploads\\\/2024\\\/01\\\/Oy-Noortrade-Ab-Corbel-VERSAL-bold-BLACK.png\",\"width\":721,\"height\":177,\"caption\":\"Oy Noortrade Ab\"},\"image\":{\"@id\":\"https:\\\/\\\/shopnoorfi-wp31835.test.cchosting.fi\\\/#\\\/schema\\\/logo\\\/image\\\/\"}}]}<\/script>\n<!-- \/ Yoast SEO plugin. -->","yoast_head_json":{"title":"Marcellio Solar v\u00e4gglampa brun - Oy Noortrade Ab","robots":{"index":"index","follow":"follow","max-snippet":"max-snippet:-1","max-image-preview":"max-image-preview:large","max-video-preview":"max-video-preview:-1"},"canonical":"https:\/\/shop.noor.fi\/produkt\/marcellio-solar-seinavalaisin-ruskea\/","og_locale":"sv_SE","og_type":"article","og_title":"Marcellio Solar v\u00e4gglampa brun - Oy Noortrade Ab","og_description":"Marcellio fr\u00e5n den danska designstudion Says Who \u00e4r en tr\u00e5dl\u00f6s v\u00e4gglampa med en elegant, b\u00f6jd form och inbyggd solcellspanel. Lampan laddas under dagen och t\u00e4nds automatiskt n\u00e4r den k\u00e4nner av r\u00f6relse. Det ned\u00e5triktade ljuset g\u00f6r den idealisk f\u00f6r entr\u00e9er eller l\u00e4ngs tr\u00e4dg\u00e5rdsg\u00e5ngar och staket. Enkel att installera helt utan sladdar. F\u00e4rgtemperatur 3000K. Laddningstid ca 6 [&hellip;]","og_url":"https:\/\/shop.noor.fi\/produkt\/marcellio-solar-seinavalaisin-ruskea\/","og_site_name":"Oy Noortrade Ab","article_modified_time":"2026-03-03T08:11:54+00:00","og_image":[{"width":1210,"height":1210,"url":"https:\/\/shop.noor.fi\/wp-content\/uploads\/2026\/02\/NL-2618001018.jpg","type":"image\/jpeg"}],"twitter_card":"summary_large_image","twitter_misc":{"Ber\u00e4knad l\u00e4stid":"1 minut"},"schema":{"@context":"https:\/\/schema.org","@graph":[{"@type":"WebPage","@id":"https:\/\/shop.noor.fi\/produkt\/marcellio-solar-seinavalaisin-ruskea\/","url":"https:\/\/shop.noor.fi\/produkt\/marcellio-solar-seinavalaisin-ruskea\/","name":"Marcellio Solar v\u00e4gglampa brun - Oy Noortrade Ab","isPartOf":{"@id":"https:\/\/shopnoorfi-wp31835.test.cchosting.fi\/#website"},"primaryImageOfPage":{"@id":"https:\/\/shop.noor.fi\/produkt\/marcellio-solar-seinavalaisin-ruskea\/#primaryimage"},"image":{"@id":"https:\/\/shop.noor.fi\/produkt\/marcellio-solar-seinavalaisin-ruskea\/#primaryimage"},"thumbnailUrl":"https:\/\/shop.noor.fi\/wp-content\/uploads\/2026\/02\/NL-2618001018.jpg","datePublished":"2026-02-19T08:30:10+00:00","dateModified":"2026-03-03T08:11:54+00:00","breadcrumb":{"@id":"https:\/\/shop.noor.fi\/produkt\/marcellio-solar-seinavalaisin-ruskea\/#breadcrumb"},"inLanguage":"sv-SE","potentialAction":[{"@type":"ReadAction","target":["https:\/\/shop.noor.fi\/produkt\/marcellio-solar-seinavalaisin-ruskea\/"]}]},{"@type":"ImageObject","inLanguage":"sv-SE","@id":"https:\/\/shop.noor.fi\/produkt\/marcellio-solar-seinavalaisin-ruskea\/#primaryimage","url":"https:\/\/shop.noor.fi\/wp-content\/uploads\/2026\/02\/NL-2618001018.jpg","contentUrl":"https:\/\/shop.noor.fi\/wp-content\/uploads\/2026\/02\/NL-2618001018.jpg","width":1210,"height":1210},{"@type":"BreadcrumbList","@id":"https:\/\/shop.noor.fi\/produkt\/marcellio-solar-seinavalaisin-ruskea\/#breadcrumb","itemListElement":[{"@type":"ListItem","position":1,"name":"Etusivu","item":"https:\/\/shop.noor.fi\/sv\/"},{"@type":"ListItem","position":2,"name":"Butik","item":"https:\/\/shopnoorfi-wp31835.test.cchosting.fi\/sv\/butik\/"},{"@type":"ListItem","position":3,"name":"Marcellio Solar v\u00e4gglampa brun"}]},{"@type":"WebSite","@id":"https:\/\/shopnoorfi-wp31835.test.cchosting.fi\/#website","url":"https:\/\/shopnoorfi-wp31835.test.cchosting.fi\/","name":"Oy Noortrade Ab","description":"Finnish family owned company with over 30 years of professional experience in lighting &amp; interior products import and sales - reliably.","publisher":{"@id":"https:\/\/shopnoorfi-wp31835.test.cchosting.fi\/#organization"},"potentialAction":[{"@type":"SearchAction","target":{"@type":"EntryPoint","urlTemplate":"https:\/\/shopnoorfi-wp31835.test.cchosting.fi\/?s={search_term_string}"},"query-input":{"@type":"PropertyValueSpecification","valueRequired":true,"valueName":"search_term_string"}}],"inLanguage":"sv-SE"},{"@type":"Organization","@id":"https:\/\/shopnoorfi-wp31835.test.cchosting.fi\/#organization","name":"Oy Noortrade Ab","url":"https:\/\/shopnoorfi-wp31835.test.cchosting.fi\/","logo":{"@type":"ImageObject","inLanguage":"sv-SE","@id":"https:\/\/shopnoorfi-wp31835.test.cchosting.fi\/#\/schema\/logo\/image\/","url":"https:\/\/shop.noor.fi\/wp-content\/uploads\/2024\/01\/Oy-Noortrade-Ab-Corbel-VERSAL-bold-BLACK.png","contentUrl":"https:\/\/shop.noor.fi\/wp-content\/uploads\/2024\/01\/Oy-Noortrade-Ab-Corbel-VERSAL-bold-BLACK.png","width":721,"height":177,"caption":"Oy Noortrade Ab"},"image":{"@id":"https:\/\/shopnoorfi-wp31835.test.cchosting.fi\/#\/schema\/logo\/image\/"}}]}},"brands":[{"id":28730,"name":"Nordlux","slug":"nordlux"}],"_links":{"self":[{"href":"https:\/\/shop.noor.fi\/sv\/wp-json\/wp\/v2\/product\/145920","targetHints":{"allow":["GET"]}}],"collection":[{"href":"https:\/\/shop.noor.fi\/sv\/wp-json\/wp\/v2\/product"}],"about":[{"href":"https:\/\/shop.noor.fi\/sv\/wp-json\/wp\/v2\/types\/product"}],"replies":[{"embeddable":true,"href":"https:\/\/shop.noor.fi\/sv\/wp-json\/wp\/v2\/comments?post=145920"}],"wp:featuredmedia":[{"embeddable":true,"href":"https:\/\/shop.noor.fi\/sv\/wp-json\/wp\/v2\/media\/146891"}],"wp:attachment":[{"href":"https:\/\/shop.noor.fi\/sv\/wp-json\/wp\/v2\/media?parent=145920"}],"wp:term":[{"taxonomy":"pwb-brand","embeddable":true,"href":"https:\/\/shop.noor.fi\/sv\/wp-json\/wp\/v2\/pwb-brand?post=145920"},{"taxonomy":"product_brand","embeddable":true,"href":"https:\/\/shop.noor.fi\/sv\/wp-json\/wp\/v2\/product_brand?post=145920"},{"taxonomy":"product_cat","embeddable":true,"href":"https:\/\/shop.noor.fi\/sv\/wp-json\/wp\/v2\/product_cat?post=145920"},{"taxonomy":"product_tag","embeddable":true,"href":"https:\/\/shop.noor.fi\/sv\/wp-json\/wp\/v2\/product_tag?post=145920"}],"curies":[{"name":"wp","href":"https:\/\/api.w.org\/{rel}","templated":true}]}}