{"id":145908,"date":"2026-02-17T14:45:14","date_gmt":"2026-02-17T12:45:14","guid":{"rendered":"https:\/\/shop.noor.fi\/product\/cirella-vagglampa-seaside-svart\/"},"modified":"2026-03-06T11:46:44","modified_gmt":"2026-03-06T09:46:44","slug":"cirella-vagglampa-seaside-svart","status":"publish","type":"product","link":"https:\/\/shop.noor.fi\/sv\/produkt\/cirella-vagglampa-seaside-svart\/","title":{"rendered":"Cirella v\u00e4gglampa Seaside svart"},"content":{"rendered":"<p>Cirella som skapats av den danska designduon Says Who ger med sina rena linjer och sl\u00e5ende silhuett ett arkitektoniskt uttryck till moderna utomhusmilj\u00f6er. Designen leker med kontraster \u2013 mjuka kurvor m\u00f6ter skarpa vinklar i en skulptural form som k\u00e4nns b\u00e5de samtida och tidl\u00f6s.<br \/>\nDenna produkt ing\u00e5r i v\u00e5rt sortiment \u201dDesigned For Seaside\u201d som \u00e4r utvecklat med en unik ytbehandling och f\u00e4rg f\u00f6r att klara \u00e4ven de tuffaste v\u00e4derf\u00f6rh\u00e5llandena vid kusten.<br \/>\nE27, max 15W. Ljusk\u00e4lla ing\u00e5r ej.<\/p>\n<p>Bredd 25 cm<br \/>\nDjup 31,5 cm<br \/>\nH\u00f6jd 19,5 cm<\/p>\n","protected":false},"excerpt":{"rendered":"<p>Cirella som skapats av den danska designduon Says Who ger med sina rena linjer och sl\u00e5ende silhuett ett arkitektoniskt uttryck till moderna utomhusmilj\u00f6er. Designen leker med kontraster \u2013 mjuka kurvor m\u00f6ter skarpa vinklar i en skulptural form som k\u00e4nns b\u00e5de samtida och tidl\u00f6s. Denna produkt ing\u00e5r i v\u00e5rt sortiment \u201dDesigned For Seaside\u201d som \u00e4r utvecklat [&hellip;]<\/p>\n","protected":false},"featured_media":146913,"comment_status":"open","ping_status":"closed","template":"","meta":{"_acf_changed":false,"_relevanssi_hide_post":"","_relevanssi_hide_content":"","_relevanssi_pin_for_all":"","_relevanssi_pin_keywords":"","_relevanssi_unpin_keywords":"","_relevanssi_related_keywords":"","_relevanssi_related_include_ids":"","_relevanssi_related_exclude_ids":"","_relevanssi_related_no_append":"","_relevanssi_related_not_related":"","_relevanssi_related_posts":"","_relevanssi_noindex_reason":""},"pwb-brand":[28730],"product_brand":[],"product_cat":[32155,32193],"product_tag":[],"class_list":{"0":"post-145908","1":"product","2":"type-product","3":"status-publish","4":"has-post-thumbnail","6":"pwb-brand-nordlux","7":"product_cat-utomhusbelysning","8":"product_cat-vagglampor-sv-2","10":"first","11":"onbackorder","12":"taxable","13":"shipping-taxable","14":"purchasable","15":"product-type-simple"},"acf":[],"yoast_head":"<!-- This site is optimized with the Yoast SEO plugin v27.5 - https:\/\/yoast.com\/product\/yoast-seo-wordpress\/ -->\n<title>Cirella v\u00e4gglampa Seaside svart - Oy Noortrade Ab<\/title>\n<meta name=\"robots\" content=\"index, follow, max-snippet:-1, max-image-preview:large, max-video-preview:-1\" \/>\n<link rel=\"canonical\" href=\"https:\/\/shop.noor.fi\/sv\/produkt\/cirella-vagglampa-seaside-svart\/\" \/>\n<meta property=\"og:locale\" content=\"sv_SE\" \/>\n<meta property=\"og:type\" content=\"article\" \/>\n<meta property=\"og:title\" content=\"Cirella v\u00e4gglampa Seaside svart - Oy Noortrade Ab\" \/>\n<meta property=\"og:description\" content=\"Cirella som skapats av den danska designduon Says Who ger med sina rena linjer och sl\u00e5ende silhuett ett arkitektoniskt uttryck till moderna utomhusmilj\u00f6er. Designen leker med kontraster \u2013 mjuka kurvor m\u00f6ter skarpa vinklar i en skulptural form som k\u00e4nns b\u00e5de samtida och tidl\u00f6s. Denna produkt ing\u00e5r i v\u00e5rt sortiment \u201dDesigned For Seaside\u201d som \u00e4r utvecklat [&hellip;]\" \/>\n<meta property=\"og:url\" content=\"https:\/\/shop.noor.fi\/sv\/produkt\/cirella-vagglampa-seaside-svart\/\" \/>\n<meta property=\"og:site_name\" content=\"Oy Noortrade Ab\" \/>\n<meta property=\"article:modified_time\" content=\"2026-03-06T09:46:44+00:00\" \/>\n<meta property=\"og:image\" content=\"https:\/\/shop.noor.fi\/wp-content\/uploads\/2026\/02\/NL-2618101203.jpg\" \/>\n\t<meta property=\"og:image:width\" content=\"1210\" \/>\n\t<meta property=\"og:image:height\" content=\"1210\" \/>\n\t<meta property=\"og:image:type\" content=\"image\/jpeg\" \/>\n<meta name=\"twitter:card\" content=\"summary_large_image\" \/>\n<meta name=\"twitter:label1\" content=\"Ber\u00e4knad l\u00e4stid\" \/>\n\t<meta name=\"twitter:data1\" content=\"1 minut\" \/>\n<script type=\"application\/ld+json\" class=\"yoast-schema-graph\">{\"@context\":\"https:\\\/\\\/schema.org\",\"@graph\":[{\"@type\":\"WebPage\",\"@id\":\"https:\\\/\\\/shop.noor.fi\\\/sv\\\/produkt\\\/cirella-vagglampa-seaside-svart\\\/\",\"url\":\"https:\\\/\\\/shop.noor.fi\\\/sv\\\/produkt\\\/cirella-vagglampa-seaside-svart\\\/\",\"name\":\"Cirella v\u00e4gglampa Seaside svart - Oy Noortrade Ab\",\"isPartOf\":{\"@id\":\"https:\\\/\\\/shopnoorfi-wp31835.test.cchosting.fi\\\/#website\"},\"primaryImageOfPage\":{\"@id\":\"https:\\\/\\\/shop.noor.fi\\\/sv\\\/produkt\\\/cirella-vagglampa-seaside-svart\\\/#primaryimage\"},\"image\":{\"@id\":\"https:\\\/\\\/shop.noor.fi\\\/sv\\\/produkt\\\/cirella-vagglampa-seaside-svart\\\/#primaryimage\"},\"thumbnailUrl\":\"https:\\\/\\\/shop.noor.fi\\\/wp-content\\\/uploads\\\/2026\\\/02\\\/NL-2618101203.jpg\",\"datePublished\":\"2026-02-17T12:45:14+00:00\",\"dateModified\":\"2026-03-06T09:46:44+00:00\",\"breadcrumb\":{\"@id\":\"https:\\\/\\\/shop.noor.fi\\\/sv\\\/produkt\\\/cirella-vagglampa-seaside-svart\\\/#breadcrumb\"},\"inLanguage\":\"sv-SE\",\"potentialAction\":[{\"@type\":\"ReadAction\",\"target\":[\"https:\\\/\\\/shop.noor.fi\\\/sv\\\/produkt\\\/cirella-vagglampa-seaside-svart\\\/\"]}]},{\"@type\":\"ImageObject\",\"inLanguage\":\"sv-SE\",\"@id\":\"https:\\\/\\\/shop.noor.fi\\\/sv\\\/produkt\\\/cirella-vagglampa-seaside-svart\\\/#primaryimage\",\"url\":\"https:\\\/\\\/shop.noor.fi\\\/wp-content\\\/uploads\\\/2026\\\/02\\\/NL-2618101203.jpg\",\"contentUrl\":\"https:\\\/\\\/shop.noor.fi\\\/wp-content\\\/uploads\\\/2026\\\/02\\\/NL-2618101203.jpg\",\"width\":1210,\"height\":1210},{\"@type\":\"BreadcrumbList\",\"@id\":\"https:\\\/\\\/shop.noor.fi\\\/sv\\\/produkt\\\/cirella-vagglampa-seaside-svart\\\/#breadcrumb\",\"itemListElement\":[{\"@type\":\"ListItem\",\"position\":1,\"name\":\"Etusivu\",\"item\":\"https:\\\/\\\/shop.noor.fi\\\/sv\\\/\"},{\"@type\":\"ListItem\",\"position\":2,\"name\":\"Butik\",\"item\":\"https:\\\/\\\/shopnoorfi-wp31835.test.cchosting.fi\\\/sv\\\/butik\\\/\"},{\"@type\":\"ListItem\",\"position\":3,\"name\":\"Cirella v\u00e4gglampa Seaside svart\"}]},{\"@type\":\"WebSite\",\"@id\":\"https:\\\/\\\/shopnoorfi-wp31835.test.cchosting.fi\\\/#website\",\"url\":\"https:\\\/\\\/shopnoorfi-wp31835.test.cchosting.fi\\\/\",\"name\":\"Oy Noortrade Ab\",\"description\":\"Finnish family owned company with over 30 years of professional experience in lighting &amp; interior products import and sales - reliably.\",\"publisher\":{\"@id\":\"https:\\\/\\\/shopnoorfi-wp31835.test.cchosting.fi\\\/#organization\"},\"potentialAction\":[{\"@type\":\"SearchAction\",\"target\":{\"@type\":\"EntryPoint\",\"urlTemplate\":\"https:\\\/\\\/shopnoorfi-wp31835.test.cchosting.fi\\\/?s={search_term_string}\"},\"query-input\":{\"@type\":\"PropertyValueSpecification\",\"valueRequired\":true,\"valueName\":\"search_term_string\"}}],\"inLanguage\":\"sv-SE\"},{\"@type\":\"Organization\",\"@id\":\"https:\\\/\\\/shopnoorfi-wp31835.test.cchosting.fi\\\/#organization\",\"name\":\"Oy Noortrade Ab\",\"url\":\"https:\\\/\\\/shopnoorfi-wp31835.test.cchosting.fi\\\/\",\"logo\":{\"@type\":\"ImageObject\",\"inLanguage\":\"sv-SE\",\"@id\":\"https:\\\/\\\/shopnoorfi-wp31835.test.cchosting.fi\\\/#\\\/schema\\\/logo\\\/image\\\/\",\"url\":\"https:\\\/\\\/shop.noor.fi\\\/wp-content\\\/uploads\\\/2024\\\/01\\\/Oy-Noortrade-Ab-Corbel-VERSAL-bold-BLACK.png\",\"contentUrl\":\"https:\\\/\\\/shop.noor.fi\\\/wp-content\\\/uploads\\\/2024\\\/01\\\/Oy-Noortrade-Ab-Corbel-VERSAL-bold-BLACK.png\",\"width\":721,\"height\":177,\"caption\":\"Oy Noortrade Ab\"},\"image\":{\"@id\":\"https:\\\/\\\/shopnoorfi-wp31835.test.cchosting.fi\\\/#\\\/schema\\\/logo\\\/image\\\/\"}}]}<\/script>\n<!-- \/ Yoast SEO plugin. -->","yoast_head_json":{"title":"Cirella v\u00e4gglampa Seaside svart - Oy Noortrade Ab","robots":{"index":"index","follow":"follow","max-snippet":"max-snippet:-1","max-image-preview":"max-image-preview:large","max-video-preview":"max-video-preview:-1"},"canonical":"https:\/\/shop.noor.fi\/sv\/produkt\/cirella-vagglampa-seaside-svart\/","og_locale":"sv_SE","og_type":"article","og_title":"Cirella v\u00e4gglampa Seaside svart - Oy Noortrade Ab","og_description":"Cirella som skapats av den danska designduon Says Who ger med sina rena linjer och sl\u00e5ende silhuett ett arkitektoniskt uttryck till moderna utomhusmilj\u00f6er. Designen leker med kontraster \u2013 mjuka kurvor m\u00f6ter skarpa vinklar i en skulptural form som k\u00e4nns b\u00e5de samtida och tidl\u00f6s. Denna produkt ing\u00e5r i v\u00e5rt sortiment \u201dDesigned For Seaside\u201d som \u00e4r utvecklat [&hellip;]","og_url":"https:\/\/shop.noor.fi\/sv\/produkt\/cirella-vagglampa-seaside-svart\/","og_site_name":"Oy Noortrade Ab","article_modified_time":"2026-03-06T09:46:44+00:00","og_image":[{"width":1210,"height":1210,"url":"https:\/\/shop.noor.fi\/wp-content\/uploads\/2026\/02\/NL-2618101203.jpg","type":"image\/jpeg"}],"twitter_card":"summary_large_image","twitter_misc":{"Ber\u00e4knad l\u00e4stid":"1 minut"},"schema":{"@context":"https:\/\/schema.org","@graph":[{"@type":"WebPage","@id":"https:\/\/shop.noor.fi\/sv\/produkt\/cirella-vagglampa-seaside-svart\/","url":"https:\/\/shop.noor.fi\/sv\/produkt\/cirella-vagglampa-seaside-svart\/","name":"Cirella v\u00e4gglampa Seaside svart - Oy Noortrade Ab","isPartOf":{"@id":"https:\/\/shopnoorfi-wp31835.test.cchosting.fi\/#website"},"primaryImageOfPage":{"@id":"https:\/\/shop.noor.fi\/sv\/produkt\/cirella-vagglampa-seaside-svart\/#primaryimage"},"image":{"@id":"https:\/\/shop.noor.fi\/sv\/produkt\/cirella-vagglampa-seaside-svart\/#primaryimage"},"thumbnailUrl":"https:\/\/shop.noor.fi\/wp-content\/uploads\/2026\/02\/NL-2618101203.jpg","datePublished":"2026-02-17T12:45:14+00:00","dateModified":"2026-03-06T09:46:44+00:00","breadcrumb":{"@id":"https:\/\/shop.noor.fi\/sv\/produkt\/cirella-vagglampa-seaside-svart\/#breadcrumb"},"inLanguage":"sv-SE","potentialAction":[{"@type":"ReadAction","target":["https:\/\/shop.noor.fi\/sv\/produkt\/cirella-vagglampa-seaside-svart\/"]}]},{"@type":"ImageObject","inLanguage":"sv-SE","@id":"https:\/\/shop.noor.fi\/sv\/produkt\/cirella-vagglampa-seaside-svart\/#primaryimage","url":"https:\/\/shop.noor.fi\/wp-content\/uploads\/2026\/02\/NL-2618101203.jpg","contentUrl":"https:\/\/shop.noor.fi\/wp-content\/uploads\/2026\/02\/NL-2618101203.jpg","width":1210,"height":1210},{"@type":"BreadcrumbList","@id":"https:\/\/shop.noor.fi\/sv\/produkt\/cirella-vagglampa-seaside-svart\/#breadcrumb","itemListElement":[{"@type":"ListItem","position":1,"name":"Etusivu","item":"https:\/\/shop.noor.fi\/sv\/"},{"@type":"ListItem","position":2,"name":"Butik","item":"https:\/\/shopnoorfi-wp31835.test.cchosting.fi\/sv\/butik\/"},{"@type":"ListItem","position":3,"name":"Cirella v\u00e4gglampa Seaside svart"}]},{"@type":"WebSite","@id":"https:\/\/shopnoorfi-wp31835.test.cchosting.fi\/#website","url":"https:\/\/shopnoorfi-wp31835.test.cchosting.fi\/","name":"Oy Noortrade Ab","description":"Finnish family owned company with over 30 years of professional experience in lighting &amp; interior products import and sales - reliably.","publisher":{"@id":"https:\/\/shopnoorfi-wp31835.test.cchosting.fi\/#organization"},"potentialAction":[{"@type":"SearchAction","target":{"@type":"EntryPoint","urlTemplate":"https:\/\/shopnoorfi-wp31835.test.cchosting.fi\/?s={search_term_string}"},"query-input":{"@type":"PropertyValueSpecification","valueRequired":true,"valueName":"search_term_string"}}],"inLanguage":"sv-SE"},{"@type":"Organization","@id":"https:\/\/shopnoorfi-wp31835.test.cchosting.fi\/#organization","name":"Oy Noortrade Ab","url":"https:\/\/shopnoorfi-wp31835.test.cchosting.fi\/","logo":{"@type":"ImageObject","inLanguage":"sv-SE","@id":"https:\/\/shopnoorfi-wp31835.test.cchosting.fi\/#\/schema\/logo\/image\/","url":"https:\/\/shop.noor.fi\/wp-content\/uploads\/2024\/01\/Oy-Noortrade-Ab-Corbel-VERSAL-bold-BLACK.png","contentUrl":"https:\/\/shop.noor.fi\/wp-content\/uploads\/2024\/01\/Oy-Noortrade-Ab-Corbel-VERSAL-bold-BLACK.png","width":721,"height":177,"caption":"Oy Noortrade Ab"},"image":{"@id":"https:\/\/shopnoorfi-wp31835.test.cchosting.fi\/#\/schema\/logo\/image\/"}}]}},"brands":[{"id":28730,"name":"Nordlux","slug":"nordlux"}],"_links":{"self":[{"href":"https:\/\/shop.noor.fi\/sv\/wp-json\/wp\/v2\/product\/145908","targetHints":{"allow":["GET"]}}],"collection":[{"href":"https:\/\/shop.noor.fi\/sv\/wp-json\/wp\/v2\/product"}],"about":[{"href":"https:\/\/shop.noor.fi\/sv\/wp-json\/wp\/v2\/types\/product"}],"replies":[{"embeddable":true,"href":"https:\/\/shop.noor.fi\/sv\/wp-json\/wp\/v2\/comments?post=145908"}],"wp:featuredmedia":[{"embeddable":true,"href":"https:\/\/shop.noor.fi\/sv\/wp-json\/wp\/v2\/media\/146913"}],"wp:attachment":[{"href":"https:\/\/shop.noor.fi\/sv\/wp-json\/wp\/v2\/media?parent=145908"}],"wp:term":[{"taxonomy":"pwb-brand","embeddable":true,"href":"https:\/\/shop.noor.fi\/sv\/wp-json\/wp\/v2\/pwb-brand?post=145908"},{"taxonomy":"product_brand","embeddable":true,"href":"https:\/\/shop.noor.fi\/sv\/wp-json\/wp\/v2\/product_brand?post=145908"},{"taxonomy":"product_cat","embeddable":true,"href":"https:\/\/shop.noor.fi\/sv\/wp-json\/wp\/v2\/product_cat?post=145908"},{"taxonomy":"product_tag","embeddable":true,"href":"https:\/\/shop.noor.fi\/sv\/wp-json\/wp\/v2\/product_tag?post=145908"}],"curies":[{"name":"wp","href":"https:\/\/api.w.org\/{rel}","templated":true}]}}