{"id":145886,"date":"2026-02-17T14:43:24","date_gmt":"2026-02-17T12:43:24","guid":{"rendered":"https:\/\/shop.noor.fi\/product\/sandro-pendel-ljusbrun\/"},"modified":"2026-03-06T11:44:46","modified_gmt":"2026-03-06T09:44:46","slug":"sandro-pendel-ljusbrun","status":"publish","type":"product","link":"https:\/\/shop.noor.fi\/sv\/produkt\/sandro-pendel-ljusbrun\/","title":{"rendered":"Sandro pendel ljusbrun"},"content":{"rendered":"<p>Sandro har en ren och skandinavisk design med en stilren rund form och en elegant detalj h\u00f6gst upp p\u00e5 sk\u00e4rmen som ger lampan en diskret, modern pr\u00e4gel. Den minimalistiska designen passar perfekt ovanf\u00f6r matbordet.<br \/>\nArmaturen har en 200 cm l\u00e5ng textilsladd. Krokupph\u00e4ng, kopplingsplint.<br \/>\nE27, max 15W. Ljusk\u00e4lla ing\u00e5r ej.<\/p>\n<p>Diameter 40 cm<br \/>\nH\u00f6jd 26 cm<br \/>\nTakkopp 12,5 cm i diameter, h\u00f6jd 9,5 cm<\/p>\n","protected":false},"excerpt":{"rendered":"<p>Sandro har en ren och skandinavisk design med en stilren rund form och en elegant detalj h\u00f6gst upp p\u00e5 sk\u00e4rmen som ger lampan en diskret, modern pr\u00e4gel. Den minimalistiska designen passar perfekt ovanf\u00f6r matbordet. Armaturen har en 200 cm l\u00e5ng textilsladd. Krokupph\u00e4ng, kopplingsplint. E27, max 15W. Ljusk\u00e4lla ing\u00e5r ej. Diameter 40 cm H\u00f6jd 26 cm [&hellip;]<\/p>\n","protected":false},"featured_media":146390,"comment_status":"open","ping_status":"closed","template":"","meta":{"_acf_changed":false,"_relevanssi_hide_post":"","_relevanssi_hide_content":"","_relevanssi_pin_for_all":"","_relevanssi_pin_keywords":"","_relevanssi_unpin_keywords":"","_relevanssi_related_keywords":"","_relevanssi_related_include_ids":"","_relevanssi_related_exclude_ids":"","_relevanssi_related_no_append":"","_relevanssi_related_not_related":"","_relevanssi_related_posts":"","_relevanssi_noindex_reason":""},"pwb-brand":[37488],"product_brand":[],"product_cat":[32115,32129],"product_tag":[],"class_list":{"0":"post-145886","1":"product","2":"type-product","3":"status-publish","4":"has-post-thumbnail","6":"pwb-brand-nordlux-sv","7":"product_cat-pendlar","8":"product_cat-inomhusbelysning-sv","10":"first","11":"onbackorder","12":"taxable","13":"shipping-taxable","14":"purchasable","15":"product-type-simple"},"acf":[],"yoast_head":"<!-- This site is optimized with the Yoast SEO plugin v27.5 - https:\/\/yoast.com\/product\/yoast-seo-wordpress\/ -->\n<title>Sandro pendel ljusbrun - Oy Noortrade Ab<\/title>\n<meta name=\"robots\" content=\"index, follow, max-snippet:-1, max-image-preview:large, max-video-preview:-1\" \/>\n<link rel=\"canonical\" href=\"https:\/\/shop.noor.fi\/produkt\/sandro-riippuvalaisin-vaaleanruskea\/\" \/>\n<meta property=\"og:locale\" content=\"sv_SE\" \/>\n<meta property=\"og:type\" content=\"article\" \/>\n<meta property=\"og:title\" content=\"Sandro pendel ljusbrun - Oy Noortrade Ab\" \/>\n<meta property=\"og:description\" content=\"Sandro har en ren och skandinavisk design med en stilren rund form och en elegant detalj h\u00f6gst upp p\u00e5 sk\u00e4rmen som ger lampan en diskret, modern pr\u00e4gel. Den minimalistiska designen passar perfekt ovanf\u00f6r matbordet. Armaturen har en 200 cm l\u00e5ng textilsladd. Krokupph\u00e4ng, kopplingsplint. E27, max 15W. Ljusk\u00e4lla ing\u00e5r ej. Diameter 40 cm H\u00f6jd 26 cm [&hellip;]\" \/>\n<meta property=\"og:url\" content=\"https:\/\/shop.noor.fi\/produkt\/sandro-riippuvalaisin-vaaleanruskea\/\" \/>\n<meta property=\"og:site_name\" content=\"Oy Noortrade Ab\" \/>\n<meta property=\"article:modified_time\" content=\"2026-03-06T09:44:46+00:00\" \/>\n<meta property=\"og:image\" content=\"https:\/\/shop.noor.fi\/wp-content\/uploads\/2026\/02\/NL-2612003018.jpg\" \/>\n\t<meta property=\"og:image:width\" content=\"1210\" \/>\n\t<meta property=\"og:image:height\" content=\"1210\" \/>\n\t<meta property=\"og:image:type\" content=\"image\/jpeg\" \/>\n<meta name=\"twitter:card\" content=\"summary_large_image\" \/>\n<meta name=\"twitter:label1\" content=\"Ber\u00e4knad l\u00e4stid\" \/>\n\t<meta name=\"twitter:data1\" content=\"1 minut\" \/>\n<script type=\"application\/ld+json\" class=\"yoast-schema-graph\">{\"@context\":\"https:\\\/\\\/schema.org\",\"@graph\":[{\"@type\":\"WebPage\",\"@id\":\"https:\\\/\\\/shop.noor.fi\\\/produkt\\\/sandro-riippuvalaisin-vaaleanruskea\\\/\",\"url\":\"https:\\\/\\\/shop.noor.fi\\\/produkt\\\/sandro-riippuvalaisin-vaaleanruskea\\\/\",\"name\":\"Sandro pendel ljusbrun - Oy Noortrade Ab\",\"isPartOf\":{\"@id\":\"https:\\\/\\\/shopnoorfi-wp31835.test.cchosting.fi\\\/#website\"},\"primaryImageOfPage\":{\"@id\":\"https:\\\/\\\/shop.noor.fi\\\/produkt\\\/sandro-riippuvalaisin-vaaleanruskea\\\/#primaryimage\"},\"image\":{\"@id\":\"https:\\\/\\\/shop.noor.fi\\\/produkt\\\/sandro-riippuvalaisin-vaaleanruskea\\\/#primaryimage\"},\"thumbnailUrl\":\"https:\\\/\\\/shop.noor.fi\\\/wp-content\\\/uploads\\\/2026\\\/02\\\/NL-2612003018.jpg\",\"datePublished\":\"2026-02-17T12:43:24+00:00\",\"dateModified\":\"2026-03-06T09:44:46+00:00\",\"breadcrumb\":{\"@id\":\"https:\\\/\\\/shop.noor.fi\\\/produkt\\\/sandro-riippuvalaisin-vaaleanruskea\\\/#breadcrumb\"},\"inLanguage\":\"sv-SE\",\"potentialAction\":[{\"@type\":\"ReadAction\",\"target\":[\"https:\\\/\\\/shop.noor.fi\\\/produkt\\\/sandro-riippuvalaisin-vaaleanruskea\\\/\"]}]},{\"@type\":\"ImageObject\",\"inLanguage\":\"sv-SE\",\"@id\":\"https:\\\/\\\/shop.noor.fi\\\/produkt\\\/sandro-riippuvalaisin-vaaleanruskea\\\/#primaryimage\",\"url\":\"https:\\\/\\\/shop.noor.fi\\\/wp-content\\\/uploads\\\/2026\\\/02\\\/NL-2612003018.jpg\",\"contentUrl\":\"https:\\\/\\\/shop.noor.fi\\\/wp-content\\\/uploads\\\/2026\\\/02\\\/NL-2612003018.jpg\",\"width\":1210,\"height\":1210},{\"@type\":\"BreadcrumbList\",\"@id\":\"https:\\\/\\\/shop.noor.fi\\\/produkt\\\/sandro-riippuvalaisin-vaaleanruskea\\\/#breadcrumb\",\"itemListElement\":[{\"@type\":\"ListItem\",\"position\":1,\"name\":\"Etusivu\",\"item\":\"https:\\\/\\\/shop.noor.fi\\\/sv\\\/\"},{\"@type\":\"ListItem\",\"position\":2,\"name\":\"Butik\",\"item\":\"https:\\\/\\\/shopnoorfi-wp31835.test.cchosting.fi\\\/sv\\\/butik\\\/\"},{\"@type\":\"ListItem\",\"position\":3,\"name\":\"Sandro pendel ljusbrun\"}]},{\"@type\":\"WebSite\",\"@id\":\"https:\\\/\\\/shopnoorfi-wp31835.test.cchosting.fi\\\/#website\",\"url\":\"https:\\\/\\\/shopnoorfi-wp31835.test.cchosting.fi\\\/\",\"name\":\"Oy Noortrade Ab\",\"description\":\"Finnish family owned company with over 30 years of professional experience in lighting &amp; interior products import and sales - reliably.\",\"publisher\":{\"@id\":\"https:\\\/\\\/shopnoorfi-wp31835.test.cchosting.fi\\\/#organization\"},\"potentialAction\":[{\"@type\":\"SearchAction\",\"target\":{\"@type\":\"EntryPoint\",\"urlTemplate\":\"https:\\\/\\\/shopnoorfi-wp31835.test.cchosting.fi\\\/?s={search_term_string}\"},\"query-input\":{\"@type\":\"PropertyValueSpecification\",\"valueRequired\":true,\"valueName\":\"search_term_string\"}}],\"inLanguage\":\"sv-SE\"},{\"@type\":\"Organization\",\"@id\":\"https:\\\/\\\/shopnoorfi-wp31835.test.cchosting.fi\\\/#organization\",\"name\":\"Oy Noortrade Ab\",\"url\":\"https:\\\/\\\/shopnoorfi-wp31835.test.cchosting.fi\\\/\",\"logo\":{\"@type\":\"ImageObject\",\"inLanguage\":\"sv-SE\",\"@id\":\"https:\\\/\\\/shopnoorfi-wp31835.test.cchosting.fi\\\/#\\\/schema\\\/logo\\\/image\\\/\",\"url\":\"https:\\\/\\\/shop.noor.fi\\\/wp-content\\\/uploads\\\/2024\\\/01\\\/Oy-Noortrade-Ab-Corbel-VERSAL-bold-BLACK.png\",\"contentUrl\":\"https:\\\/\\\/shop.noor.fi\\\/wp-content\\\/uploads\\\/2024\\\/01\\\/Oy-Noortrade-Ab-Corbel-VERSAL-bold-BLACK.png\",\"width\":721,\"height\":177,\"caption\":\"Oy Noortrade Ab\"},\"image\":{\"@id\":\"https:\\\/\\\/shopnoorfi-wp31835.test.cchosting.fi\\\/#\\\/schema\\\/logo\\\/image\\\/\"}}]}<\/script>\n<!-- \/ Yoast SEO plugin. -->","yoast_head_json":{"title":"Sandro pendel ljusbrun - Oy Noortrade Ab","robots":{"index":"index","follow":"follow","max-snippet":"max-snippet:-1","max-image-preview":"max-image-preview:large","max-video-preview":"max-video-preview:-1"},"canonical":"https:\/\/shop.noor.fi\/produkt\/sandro-riippuvalaisin-vaaleanruskea\/","og_locale":"sv_SE","og_type":"article","og_title":"Sandro pendel ljusbrun - Oy Noortrade Ab","og_description":"Sandro har en ren och skandinavisk design med en stilren rund form och en elegant detalj h\u00f6gst upp p\u00e5 sk\u00e4rmen som ger lampan en diskret, modern pr\u00e4gel. Den minimalistiska designen passar perfekt ovanf\u00f6r matbordet. Armaturen har en 200 cm l\u00e5ng textilsladd. Krokupph\u00e4ng, kopplingsplint. E27, max 15W. Ljusk\u00e4lla ing\u00e5r ej. Diameter 40 cm H\u00f6jd 26 cm [&hellip;]","og_url":"https:\/\/shop.noor.fi\/produkt\/sandro-riippuvalaisin-vaaleanruskea\/","og_site_name":"Oy Noortrade Ab","article_modified_time":"2026-03-06T09:44:46+00:00","og_image":[{"width":1210,"height":1210,"url":"https:\/\/shop.noor.fi\/wp-content\/uploads\/2026\/02\/NL-2612003018.jpg","type":"image\/jpeg"}],"twitter_card":"summary_large_image","twitter_misc":{"Ber\u00e4knad l\u00e4stid":"1 minut"},"schema":{"@context":"https:\/\/schema.org","@graph":[{"@type":"WebPage","@id":"https:\/\/shop.noor.fi\/produkt\/sandro-riippuvalaisin-vaaleanruskea\/","url":"https:\/\/shop.noor.fi\/produkt\/sandro-riippuvalaisin-vaaleanruskea\/","name":"Sandro pendel ljusbrun - Oy Noortrade Ab","isPartOf":{"@id":"https:\/\/shopnoorfi-wp31835.test.cchosting.fi\/#website"},"primaryImageOfPage":{"@id":"https:\/\/shop.noor.fi\/produkt\/sandro-riippuvalaisin-vaaleanruskea\/#primaryimage"},"image":{"@id":"https:\/\/shop.noor.fi\/produkt\/sandro-riippuvalaisin-vaaleanruskea\/#primaryimage"},"thumbnailUrl":"https:\/\/shop.noor.fi\/wp-content\/uploads\/2026\/02\/NL-2612003018.jpg","datePublished":"2026-02-17T12:43:24+00:00","dateModified":"2026-03-06T09:44:46+00:00","breadcrumb":{"@id":"https:\/\/shop.noor.fi\/produkt\/sandro-riippuvalaisin-vaaleanruskea\/#breadcrumb"},"inLanguage":"sv-SE","potentialAction":[{"@type":"ReadAction","target":["https:\/\/shop.noor.fi\/produkt\/sandro-riippuvalaisin-vaaleanruskea\/"]}]},{"@type":"ImageObject","inLanguage":"sv-SE","@id":"https:\/\/shop.noor.fi\/produkt\/sandro-riippuvalaisin-vaaleanruskea\/#primaryimage","url":"https:\/\/shop.noor.fi\/wp-content\/uploads\/2026\/02\/NL-2612003018.jpg","contentUrl":"https:\/\/shop.noor.fi\/wp-content\/uploads\/2026\/02\/NL-2612003018.jpg","width":1210,"height":1210},{"@type":"BreadcrumbList","@id":"https:\/\/shop.noor.fi\/produkt\/sandro-riippuvalaisin-vaaleanruskea\/#breadcrumb","itemListElement":[{"@type":"ListItem","position":1,"name":"Etusivu","item":"https:\/\/shop.noor.fi\/sv\/"},{"@type":"ListItem","position":2,"name":"Butik","item":"https:\/\/shopnoorfi-wp31835.test.cchosting.fi\/sv\/butik\/"},{"@type":"ListItem","position":3,"name":"Sandro pendel ljusbrun"}]},{"@type":"WebSite","@id":"https:\/\/shopnoorfi-wp31835.test.cchosting.fi\/#website","url":"https:\/\/shopnoorfi-wp31835.test.cchosting.fi\/","name":"Oy Noortrade Ab","description":"Finnish family owned company with over 30 years of professional experience in lighting &amp; interior products import and sales - reliably.","publisher":{"@id":"https:\/\/shopnoorfi-wp31835.test.cchosting.fi\/#organization"},"potentialAction":[{"@type":"SearchAction","target":{"@type":"EntryPoint","urlTemplate":"https:\/\/shopnoorfi-wp31835.test.cchosting.fi\/?s={search_term_string}"},"query-input":{"@type":"PropertyValueSpecification","valueRequired":true,"valueName":"search_term_string"}}],"inLanguage":"sv-SE"},{"@type":"Organization","@id":"https:\/\/shopnoorfi-wp31835.test.cchosting.fi\/#organization","name":"Oy Noortrade Ab","url":"https:\/\/shopnoorfi-wp31835.test.cchosting.fi\/","logo":{"@type":"ImageObject","inLanguage":"sv-SE","@id":"https:\/\/shopnoorfi-wp31835.test.cchosting.fi\/#\/schema\/logo\/image\/","url":"https:\/\/shop.noor.fi\/wp-content\/uploads\/2024\/01\/Oy-Noortrade-Ab-Corbel-VERSAL-bold-BLACK.png","contentUrl":"https:\/\/shop.noor.fi\/wp-content\/uploads\/2024\/01\/Oy-Noortrade-Ab-Corbel-VERSAL-bold-BLACK.png","width":721,"height":177,"caption":"Oy Noortrade Ab"},"image":{"@id":"https:\/\/shopnoorfi-wp31835.test.cchosting.fi\/#\/schema\/logo\/image\/"}}]}},"brands":[{"id":37488,"name":"Nordlux","slug":"nordlux-sv"}],"_links":{"self":[{"href":"https:\/\/shop.noor.fi\/sv\/wp-json\/wp\/v2\/product\/145886","targetHints":{"allow":["GET"]}}],"collection":[{"href":"https:\/\/shop.noor.fi\/sv\/wp-json\/wp\/v2\/product"}],"about":[{"href":"https:\/\/shop.noor.fi\/sv\/wp-json\/wp\/v2\/types\/product"}],"replies":[{"embeddable":true,"href":"https:\/\/shop.noor.fi\/sv\/wp-json\/wp\/v2\/comments?post=145886"}],"wp:featuredmedia":[{"embeddable":true,"href":"https:\/\/shop.noor.fi\/sv\/wp-json\/wp\/v2\/media\/146390"}],"wp:attachment":[{"href":"https:\/\/shop.noor.fi\/sv\/wp-json\/wp\/v2\/media?parent=145886"}],"wp:term":[{"taxonomy":"pwb-brand","embeddable":true,"href":"https:\/\/shop.noor.fi\/sv\/wp-json\/wp\/v2\/pwb-brand?post=145886"},{"taxonomy":"product_brand","embeddable":true,"href":"https:\/\/shop.noor.fi\/sv\/wp-json\/wp\/v2\/product_brand?post=145886"},{"taxonomy":"product_cat","embeddable":true,"href":"https:\/\/shop.noor.fi\/sv\/wp-json\/wp\/v2\/product_cat?post=145886"},{"taxonomy":"product_tag","embeddable":true,"href":"https:\/\/shop.noor.fi\/sv\/wp-json\/wp\/v2\/product_tag?post=145886"}],"curies":[{"name":"wp","href":"https:\/\/api.w.org\/{rel}","templated":true}]}}