{"id":145868,"date":"2026-02-17T14:41:59","date_gmt":"2026-02-17T12:41:59","guid":{"rendered":"https:\/\/shop.noor.fi\/product\/kelvis-golvlampa-svart\/"},"modified":"2026-03-06T11:41:27","modified_gmt":"2026-03-06T09:41:27","slug":"kelvis-golvlampa-svart","status":"publish","type":"product","link":"https:\/\/shop.noor.fi\/sv\/produkt\/kelvis-golvlampa-svart\/","title":{"rendered":"Kelvis golvlampa svart"},"content":{"rendered":"<p>Kelvis har en enkel och minimalistisk design med tv\u00e5 konformade sk\u00e4rmar som ger en raffinerad och grafisk look. Det justerbara lamphuvudet kan b\u00e5de lutas och roteras \u2013 perfekt f\u00f6r l\u00e4sning eller riktad, funktionell belysning i hemmet.<br \/>\nArmaturen har en 180 cm l\u00e5ng textilsladd med str\u00f6mbrytare..<br \/>\nGU10, max 2 x 12W. Ljusk\u00e4llor ing\u00e5r ej.<\/p>\n<p>Bredd 25 cm<br \/>\nDjup 37 cm<br \/>\nH\u00f6jd 151 cm<br \/>\nSk\u00e4rmarna 11 cm i diameter<br \/>\nBottenplatta i diameter 25 cm<\/p>\n","protected":false},"excerpt":{"rendered":"<p>Kelvis har en enkel och minimalistisk design med tv\u00e5 konformade sk\u00e4rmar som ger en raffinerad och grafisk look. Det justerbara lamphuvudet kan b\u00e5de lutas och roteras \u2013 perfekt f\u00f6r l\u00e4sning eller riktad, funktionell belysning i hemmet. Armaturen har en 180 cm l\u00e5ng textilsladd med str\u00f6mbrytare.. GU10, max 2 x 12W. Ljusk\u00e4llor ing\u00e5r ej. Bredd 25 [&hellip;]<\/p>\n","protected":false},"featured_media":146818,"comment_status":"open","ping_status":"closed","template":"","meta":{"_acf_changed":false,"_relevanssi_hide_post":"","_relevanssi_hide_content":"","_relevanssi_pin_for_all":"","_relevanssi_pin_keywords":"","_relevanssi_unpin_keywords":"","_relevanssi_related_keywords":"","_relevanssi_related_include_ids":"","_relevanssi_related_exclude_ids":"","_relevanssi_related_no_append":"","_relevanssi_related_not_related":"","_relevanssi_related_posts":"","_relevanssi_noindex_reason":""},"pwb-brand":[37488],"product_brand":[],"product_cat":[],"product_tag":[],"class_list":{"0":"post-145868","1":"product","2":"type-product","3":"status-publish","4":"has-post-thumbnail","6":"pwb-brand-nordlux-sv","8":"first","9":"onbackorder","10":"taxable","11":"shipping-taxable","12":"purchasable","13":"product-type-simple"},"acf":[],"yoast_head":"<!-- This site is optimized with the Yoast SEO plugin v27.6 - https:\/\/yoast.com\/product\/yoast-seo-wordpress\/ -->\n<title>Kelvis golvlampa svart - Oy Noortrade Ab<\/title>\n<meta name=\"robots\" content=\"index, follow, max-snippet:-1, max-image-preview:large, max-video-preview:-1\" \/>\n<link rel=\"canonical\" href=\"https:\/\/shop.noor.fi\/produkt\/kelvis-lattiavalaisin-musta\/\" \/>\n<meta property=\"og:locale\" content=\"sv_SE\" \/>\n<meta property=\"og:type\" content=\"article\" \/>\n<meta property=\"og:title\" content=\"Kelvis golvlampa svart - Oy Noortrade Ab\" \/>\n<meta property=\"og:description\" content=\"Kelvis har en enkel och minimalistisk design med tv\u00e5 konformade sk\u00e4rmar som ger en raffinerad och grafisk look. Det justerbara lamphuvudet kan b\u00e5de lutas och roteras \u2013 perfekt f\u00f6r l\u00e4sning eller riktad, funktionell belysning i hemmet. Armaturen har en 180 cm l\u00e5ng textilsladd med str\u00f6mbrytare.. GU10, max 2 x 12W. Ljusk\u00e4llor ing\u00e5r ej. Bredd 25 [&hellip;]\" \/>\n<meta property=\"og:url\" content=\"https:\/\/shop.noor.fi\/produkt\/kelvis-lattiavalaisin-musta\/\" \/>\n<meta property=\"og:site_name\" content=\"Oy Noortrade Ab\" \/>\n<meta property=\"article:modified_time\" content=\"2026-03-06T09:41:27+00:00\" \/>\n<meta property=\"og:image\" content=\"https:\/\/shop.noor.fi\/wp-content\/uploads\/2026\/02\/NL-2612784003.jpg\" \/>\n\t<meta property=\"og:image:width\" content=\"1210\" \/>\n\t<meta property=\"og:image:height\" content=\"1210\" \/>\n\t<meta property=\"og:image:type\" content=\"image\/jpeg\" \/>\n<meta name=\"twitter:card\" content=\"summary_large_image\" \/>\n<meta name=\"twitter:label1\" content=\"Ber\u00e4knad l\u00e4stid\" \/>\n\t<meta name=\"twitter:data1\" content=\"1 minut\" \/>\n<script type=\"application\/ld+json\" class=\"yoast-schema-graph\">{\"@context\":\"https:\\\/\\\/schema.org\",\"@graph\":[{\"@type\":\"WebPage\",\"@id\":\"https:\\\/\\\/shop.noor.fi\\\/produkt\\\/kelvis-lattiavalaisin-musta\\\/\",\"url\":\"https:\\\/\\\/shop.noor.fi\\\/produkt\\\/kelvis-lattiavalaisin-musta\\\/\",\"name\":\"Kelvis golvlampa svart - Oy Noortrade Ab\",\"isPartOf\":{\"@id\":\"https:\\\/\\\/shopnoorfi-wp31835.test.cchosting.fi\\\/#website\"},\"primaryImageOfPage\":{\"@id\":\"https:\\\/\\\/shop.noor.fi\\\/produkt\\\/kelvis-lattiavalaisin-musta\\\/#primaryimage\"},\"image\":{\"@id\":\"https:\\\/\\\/shop.noor.fi\\\/produkt\\\/kelvis-lattiavalaisin-musta\\\/#primaryimage\"},\"thumbnailUrl\":\"https:\\\/\\\/shop.noor.fi\\\/wp-content\\\/uploads\\\/2026\\\/02\\\/NL-2612784003.jpg\",\"datePublished\":\"2026-02-17T12:41:59+00:00\",\"dateModified\":\"2026-03-06T09:41:27+00:00\",\"breadcrumb\":{\"@id\":\"https:\\\/\\\/shop.noor.fi\\\/produkt\\\/kelvis-lattiavalaisin-musta\\\/#breadcrumb\"},\"inLanguage\":\"sv-SE\",\"potentialAction\":[{\"@type\":\"ReadAction\",\"target\":[\"https:\\\/\\\/shop.noor.fi\\\/produkt\\\/kelvis-lattiavalaisin-musta\\\/\"]}]},{\"@type\":\"ImageObject\",\"inLanguage\":\"sv-SE\",\"@id\":\"https:\\\/\\\/shop.noor.fi\\\/produkt\\\/kelvis-lattiavalaisin-musta\\\/#primaryimage\",\"url\":\"https:\\\/\\\/shop.noor.fi\\\/wp-content\\\/uploads\\\/2026\\\/02\\\/NL-2612784003.jpg\",\"contentUrl\":\"https:\\\/\\\/shop.noor.fi\\\/wp-content\\\/uploads\\\/2026\\\/02\\\/NL-2612784003.jpg\",\"width\":1210,\"height\":1210},{\"@type\":\"BreadcrumbList\",\"@id\":\"https:\\\/\\\/shop.noor.fi\\\/produkt\\\/kelvis-lattiavalaisin-musta\\\/#breadcrumb\",\"itemListElement\":[{\"@type\":\"ListItem\",\"position\":1,\"name\":\"Etusivu\",\"item\":\"https:\\\/\\\/shop.noor.fi\\\/sv\\\/\"},{\"@type\":\"ListItem\",\"position\":2,\"name\":\"Butik\",\"item\":\"https:\\\/\\\/shopnoorfi-wp31835.test.cchosting.fi\\\/sv\\\/butik\\\/\"},{\"@type\":\"ListItem\",\"position\":3,\"name\":\"Kelvis golvlampa svart\"}]},{\"@type\":\"WebSite\",\"@id\":\"https:\\\/\\\/shopnoorfi-wp31835.test.cchosting.fi\\\/#website\",\"url\":\"https:\\\/\\\/shopnoorfi-wp31835.test.cchosting.fi\\\/\",\"name\":\"Oy Noortrade Ab\",\"description\":\"Finnish family owned company with over 30 years of professional experience in lighting &amp; interior products import and sales - reliably.\",\"publisher\":{\"@id\":\"https:\\\/\\\/shopnoorfi-wp31835.test.cchosting.fi\\\/#organization\"},\"potentialAction\":[{\"@type\":\"SearchAction\",\"target\":{\"@type\":\"EntryPoint\",\"urlTemplate\":\"https:\\\/\\\/shopnoorfi-wp31835.test.cchosting.fi\\\/?s={search_term_string}\"},\"query-input\":{\"@type\":\"PropertyValueSpecification\",\"valueRequired\":true,\"valueName\":\"search_term_string\"}}],\"inLanguage\":\"sv-SE\"},{\"@type\":\"Organization\",\"@id\":\"https:\\\/\\\/shopnoorfi-wp31835.test.cchosting.fi\\\/#organization\",\"name\":\"Oy Noortrade Ab\",\"url\":\"https:\\\/\\\/shopnoorfi-wp31835.test.cchosting.fi\\\/\",\"logo\":{\"@type\":\"ImageObject\",\"inLanguage\":\"sv-SE\",\"@id\":\"https:\\\/\\\/shopnoorfi-wp31835.test.cchosting.fi\\\/#\\\/schema\\\/logo\\\/image\\\/\",\"url\":\"https:\\\/\\\/shop.noor.fi\\\/wp-content\\\/uploads\\\/2024\\\/01\\\/Oy-Noortrade-Ab-Corbel-VERSAL-bold-BLACK.png\",\"contentUrl\":\"https:\\\/\\\/shop.noor.fi\\\/wp-content\\\/uploads\\\/2024\\\/01\\\/Oy-Noortrade-Ab-Corbel-VERSAL-bold-BLACK.png\",\"width\":721,\"height\":177,\"caption\":\"Oy Noortrade Ab\"},\"image\":{\"@id\":\"https:\\\/\\\/shopnoorfi-wp31835.test.cchosting.fi\\\/#\\\/schema\\\/logo\\\/image\\\/\"}}]}<\/script>\n<!-- \/ Yoast SEO plugin. -->","yoast_head_json":{"title":"Kelvis golvlampa svart - Oy Noortrade Ab","robots":{"index":"index","follow":"follow","max-snippet":"max-snippet:-1","max-image-preview":"max-image-preview:large","max-video-preview":"max-video-preview:-1"},"canonical":"https:\/\/shop.noor.fi\/produkt\/kelvis-lattiavalaisin-musta\/","og_locale":"sv_SE","og_type":"article","og_title":"Kelvis golvlampa svart - Oy Noortrade Ab","og_description":"Kelvis har en enkel och minimalistisk design med tv\u00e5 konformade sk\u00e4rmar som ger en raffinerad och grafisk look. Det justerbara lamphuvudet kan b\u00e5de lutas och roteras \u2013 perfekt f\u00f6r l\u00e4sning eller riktad, funktionell belysning i hemmet. Armaturen har en 180 cm l\u00e5ng textilsladd med str\u00f6mbrytare.. GU10, max 2 x 12W. Ljusk\u00e4llor ing\u00e5r ej. Bredd 25 [&hellip;]","og_url":"https:\/\/shop.noor.fi\/produkt\/kelvis-lattiavalaisin-musta\/","og_site_name":"Oy Noortrade Ab","article_modified_time":"2026-03-06T09:41:27+00:00","og_image":[{"width":1210,"height":1210,"url":"https:\/\/shop.noor.fi\/wp-content\/uploads\/2026\/02\/NL-2612784003.jpg","type":"image\/jpeg"}],"twitter_card":"summary_large_image","twitter_misc":{"Ber\u00e4knad l\u00e4stid":"1 minut"},"schema":{"@context":"https:\/\/schema.org","@graph":[{"@type":"WebPage","@id":"https:\/\/shop.noor.fi\/produkt\/kelvis-lattiavalaisin-musta\/","url":"https:\/\/shop.noor.fi\/produkt\/kelvis-lattiavalaisin-musta\/","name":"Kelvis golvlampa svart - Oy Noortrade Ab","isPartOf":{"@id":"https:\/\/shopnoorfi-wp31835.test.cchosting.fi\/#website"},"primaryImageOfPage":{"@id":"https:\/\/shop.noor.fi\/produkt\/kelvis-lattiavalaisin-musta\/#primaryimage"},"image":{"@id":"https:\/\/shop.noor.fi\/produkt\/kelvis-lattiavalaisin-musta\/#primaryimage"},"thumbnailUrl":"https:\/\/shop.noor.fi\/wp-content\/uploads\/2026\/02\/NL-2612784003.jpg","datePublished":"2026-02-17T12:41:59+00:00","dateModified":"2026-03-06T09:41:27+00:00","breadcrumb":{"@id":"https:\/\/shop.noor.fi\/produkt\/kelvis-lattiavalaisin-musta\/#breadcrumb"},"inLanguage":"sv-SE","potentialAction":[{"@type":"ReadAction","target":["https:\/\/shop.noor.fi\/produkt\/kelvis-lattiavalaisin-musta\/"]}]},{"@type":"ImageObject","inLanguage":"sv-SE","@id":"https:\/\/shop.noor.fi\/produkt\/kelvis-lattiavalaisin-musta\/#primaryimage","url":"https:\/\/shop.noor.fi\/wp-content\/uploads\/2026\/02\/NL-2612784003.jpg","contentUrl":"https:\/\/shop.noor.fi\/wp-content\/uploads\/2026\/02\/NL-2612784003.jpg","width":1210,"height":1210},{"@type":"BreadcrumbList","@id":"https:\/\/shop.noor.fi\/produkt\/kelvis-lattiavalaisin-musta\/#breadcrumb","itemListElement":[{"@type":"ListItem","position":1,"name":"Etusivu","item":"https:\/\/shop.noor.fi\/sv\/"},{"@type":"ListItem","position":2,"name":"Butik","item":"https:\/\/shopnoorfi-wp31835.test.cchosting.fi\/sv\/butik\/"},{"@type":"ListItem","position":3,"name":"Kelvis golvlampa svart"}]},{"@type":"WebSite","@id":"https:\/\/shopnoorfi-wp31835.test.cchosting.fi\/#website","url":"https:\/\/shopnoorfi-wp31835.test.cchosting.fi\/","name":"Oy Noortrade Ab","description":"Finnish family owned company with over 30 years of professional experience in lighting &amp; interior products import and sales - reliably.","publisher":{"@id":"https:\/\/shopnoorfi-wp31835.test.cchosting.fi\/#organization"},"potentialAction":[{"@type":"SearchAction","target":{"@type":"EntryPoint","urlTemplate":"https:\/\/shopnoorfi-wp31835.test.cchosting.fi\/?s={search_term_string}"},"query-input":{"@type":"PropertyValueSpecification","valueRequired":true,"valueName":"search_term_string"}}],"inLanguage":"sv-SE"},{"@type":"Organization","@id":"https:\/\/shopnoorfi-wp31835.test.cchosting.fi\/#organization","name":"Oy Noortrade Ab","url":"https:\/\/shopnoorfi-wp31835.test.cchosting.fi\/","logo":{"@type":"ImageObject","inLanguage":"sv-SE","@id":"https:\/\/shopnoorfi-wp31835.test.cchosting.fi\/#\/schema\/logo\/image\/","url":"https:\/\/shop.noor.fi\/wp-content\/uploads\/2024\/01\/Oy-Noortrade-Ab-Corbel-VERSAL-bold-BLACK.png","contentUrl":"https:\/\/shop.noor.fi\/wp-content\/uploads\/2024\/01\/Oy-Noortrade-Ab-Corbel-VERSAL-bold-BLACK.png","width":721,"height":177,"caption":"Oy Noortrade Ab"},"image":{"@id":"https:\/\/shopnoorfi-wp31835.test.cchosting.fi\/#\/schema\/logo\/image\/"}}]}},"brands":[{"id":37488,"name":"Nordlux","slug":"nordlux-sv"}],"_links":{"self":[{"href":"https:\/\/shop.noor.fi\/sv\/wp-json\/wp\/v2\/product\/145868","targetHints":{"allow":["GET"]}}],"collection":[{"href":"https:\/\/shop.noor.fi\/sv\/wp-json\/wp\/v2\/product"}],"about":[{"href":"https:\/\/shop.noor.fi\/sv\/wp-json\/wp\/v2\/types\/product"}],"replies":[{"embeddable":true,"href":"https:\/\/shop.noor.fi\/sv\/wp-json\/wp\/v2\/comments?post=145868"}],"wp:featuredmedia":[{"embeddable":true,"href":"https:\/\/shop.noor.fi\/sv\/wp-json\/wp\/v2\/media\/146818"}],"wp:attachment":[{"href":"https:\/\/shop.noor.fi\/sv\/wp-json\/wp\/v2\/media?parent=145868"}],"wp:term":[{"taxonomy":"pwb-brand","embeddable":true,"href":"https:\/\/shop.noor.fi\/sv\/wp-json\/wp\/v2\/pwb-brand?post=145868"},{"taxonomy":"product_brand","embeddable":true,"href":"https:\/\/shop.noor.fi\/sv\/wp-json\/wp\/v2\/product_brand?post=145868"},{"taxonomy":"product_cat","embeddable":true,"href":"https:\/\/shop.noor.fi\/sv\/wp-json\/wp\/v2\/product_cat?post=145868"},{"taxonomy":"product_tag","embeddable":true,"href":"https:\/\/shop.noor.fi\/sv\/wp-json\/wp\/v2\/product_tag?post=145868"}],"curies":[{"name":"wp","href":"https:\/\/api.w.org\/{rel}","templated":true}]}}