{"id":145846,"date":"2026-02-17T14:40:27","date_gmt":"2026-02-17T12:40:27","guid":{"rendered":"https:\/\/shop.noor.fi\/product\/lilly-5-delad-pendel-massing\/"},"modified":"2026-03-06T11:42:46","modified_gmt":"2026-03-06T09:42:46","slug":"lilly-5-delad-pendel-massing","status":"publish","type":"product","link":"https:\/\/shop.noor.fi\/sv\/produkt\/lilly-5-delad-pendel-massing\/","title":{"rendered":"Lilly 5-delad pendel m\u00e4ssing"},"content":{"rendered":"<p>Lilly har en vacker balans mellan enkelhet och elegans. Den minimalistiska metallupph\u00e4ngningen kontrasterar mjukt mot de lysande opalglassk\u00e4rmarna som sprider ett varmt och behagligt ljus.<br \/>\nKombinationen av rena linjer och runda glassk\u00e4rmar skapar ett raffinerat och dekorativt utseende som passar perfekt ovanf\u00f6r matbordet eller i vardagsrummet.<br \/>\nArmaturen har en 200 cm l\u00e5ng sladd. Fast installation.<br \/>\nE14, max 5 x 10W. Ljusk\u00e4llor ing\u00e5r ej.<\/p>\n<p>Glaset i den h\u00e4r lampan \u00e4r munbl\u00e5st och varje glas har tillverkats individuellt f\u00f6r hand. P\u00e5 grund av denna unika process kan det f\u00f6rekomma luftbubblor i glaset och glasets tjocklek variera. Detta ger glaset dess karakt\u00e4r och levande utseende.<\/p>\n<p>Bredd 90 cm<br \/>\nDjup 32 cm<br \/>\nH\u00f6jd 20 cm<br \/>\nTakf\u00e4stets bredd 28,5 cm, djup 5 cm<br \/>\nGlassk\u00e4rmar 15 cm i diameter<\/p>\n","protected":false},"excerpt":{"rendered":"<p>Lilly har en vacker balans mellan enkelhet och elegans. Den minimalistiska metallupph\u00e4ngningen kontrasterar mjukt mot de lysande opalglassk\u00e4rmarna som sprider ett varmt och behagligt ljus. Kombinationen av rena linjer och runda glassk\u00e4rmar skapar ett raffinerat och dekorativt utseende som passar perfekt ovanf\u00f6r matbordet eller i vardagsrummet. Armaturen har en 200 cm l\u00e5ng sladd. Fast installation. [&hellip;]<\/p>\n","protected":false},"featured_media":146748,"comment_status":"open","ping_status":"closed","template":"","meta":{"_acf_changed":false,"_relevanssi_hide_post":"","_relevanssi_hide_content":"","_relevanssi_pin_for_all":"","_relevanssi_pin_keywords":"","_relevanssi_unpin_keywords":"","_relevanssi_related_keywords":"","_relevanssi_related_include_ids":"","_relevanssi_related_exclude_ids":"","_relevanssi_related_no_append":"","_relevanssi_related_not_related":"","_relevanssi_related_posts":"","_relevanssi_noindex_reason":""},"pwb-brand":[37488],"product_brand":[],"product_cat":[32115,32129],"product_tag":[],"class_list":{"0":"post-145846","1":"product","2":"type-product","3":"status-publish","4":"has-post-thumbnail","6":"pwb-brand-nordlux-sv","7":"product_cat-pendlar","8":"product_cat-inomhusbelysning-sv","10":"first","11":"onbackorder","12":"taxable","13":"shipping-taxable","14":"purchasable","15":"product-type-simple"},"acf":[],"yoast_head":"<!-- This site is optimized with the Yoast SEO plugin v27.5 - https:\/\/yoast.com\/product\/yoast-seo-wordpress\/ -->\n<title>Lilly 5-delad pendel m\u00e4ssing - Oy Noortrade Ab<\/title>\n<meta name=\"robots\" content=\"index, follow, max-snippet:-1, max-image-preview:large, max-video-preview:-1\" \/>\n<link rel=\"canonical\" href=\"https:\/\/shop.noor.fi\/sv\/produkt\/lilly-5-delad-pendel-massing\/\" \/>\n<meta property=\"og:locale\" content=\"sv_SE\" \/>\n<meta property=\"og:type\" content=\"article\" \/>\n<meta property=\"og:title\" content=\"Lilly 5-delad pendel m\u00e4ssing - Oy Noortrade Ab\" \/>\n<meta property=\"og:description\" content=\"Lilly har en vacker balans mellan enkelhet och elegans. Den minimalistiska metallupph\u00e4ngningen kontrasterar mjukt mot de lysande opalglassk\u00e4rmarna som sprider ett varmt och behagligt ljus. Kombinationen av rena linjer och runda glassk\u00e4rmar skapar ett raffinerat och dekorativt utseende som passar perfekt ovanf\u00f6r matbordet eller i vardagsrummet. Armaturen har en 200 cm l\u00e5ng sladd. Fast installation. [&hellip;]\" \/>\n<meta property=\"og:url\" content=\"https:\/\/shop.noor.fi\/sv\/produkt\/lilly-5-delad-pendel-massing\/\" \/>\n<meta property=\"og:site_name\" content=\"Oy Noortrade Ab\" \/>\n<meta property=\"article:modified_time\" content=\"2026-03-06T09:42:46+00:00\" \/>\n<meta property=\"og:image\" content=\"https:\/\/shop.noor.fi\/wp-content\/uploads\/2026\/02\/NL-2612623035.jpg\" \/>\n\t<meta property=\"og:image:width\" content=\"1210\" \/>\n\t<meta property=\"og:image:height\" content=\"1210\" \/>\n\t<meta property=\"og:image:type\" content=\"image\/jpeg\" \/>\n<meta name=\"twitter:card\" content=\"summary_large_image\" \/>\n<meta name=\"twitter:label1\" content=\"Ber\u00e4knad l\u00e4stid\" \/>\n\t<meta name=\"twitter:data1\" content=\"1 minut\" \/>\n<script type=\"application\/ld+json\" class=\"yoast-schema-graph\">{\"@context\":\"https:\\\/\\\/schema.org\",\"@graph\":[{\"@type\":\"WebPage\",\"@id\":\"https:\\\/\\\/shop.noor.fi\\\/sv\\\/produkt\\\/lilly-5-delad-pendel-massing\\\/\",\"url\":\"https:\\\/\\\/shop.noor.fi\\\/sv\\\/produkt\\\/lilly-5-delad-pendel-massing\\\/\",\"name\":\"Lilly 5-delad pendel m\u00e4ssing - Oy Noortrade Ab\",\"isPartOf\":{\"@id\":\"https:\\\/\\\/shopnoorfi-wp31835.test.cchosting.fi\\\/#website\"},\"primaryImageOfPage\":{\"@id\":\"https:\\\/\\\/shop.noor.fi\\\/sv\\\/produkt\\\/lilly-5-delad-pendel-massing\\\/#primaryimage\"},\"image\":{\"@id\":\"https:\\\/\\\/shop.noor.fi\\\/sv\\\/produkt\\\/lilly-5-delad-pendel-massing\\\/#primaryimage\"},\"thumbnailUrl\":\"https:\\\/\\\/shop.noor.fi\\\/wp-content\\\/uploads\\\/2026\\\/02\\\/NL-2612623035.jpg\",\"datePublished\":\"2026-02-17T12:40:27+00:00\",\"dateModified\":\"2026-03-06T09:42:46+00:00\",\"breadcrumb\":{\"@id\":\"https:\\\/\\\/shop.noor.fi\\\/sv\\\/produkt\\\/lilly-5-delad-pendel-massing\\\/#breadcrumb\"},\"inLanguage\":\"sv-SE\",\"potentialAction\":[{\"@type\":\"ReadAction\",\"target\":[\"https:\\\/\\\/shop.noor.fi\\\/sv\\\/produkt\\\/lilly-5-delad-pendel-massing\\\/\"]}]},{\"@type\":\"ImageObject\",\"inLanguage\":\"sv-SE\",\"@id\":\"https:\\\/\\\/shop.noor.fi\\\/sv\\\/produkt\\\/lilly-5-delad-pendel-massing\\\/#primaryimage\",\"url\":\"https:\\\/\\\/shop.noor.fi\\\/wp-content\\\/uploads\\\/2026\\\/02\\\/NL-2612623035.jpg\",\"contentUrl\":\"https:\\\/\\\/shop.noor.fi\\\/wp-content\\\/uploads\\\/2026\\\/02\\\/NL-2612623035.jpg\",\"width\":1210,\"height\":1210},{\"@type\":\"BreadcrumbList\",\"@id\":\"https:\\\/\\\/shop.noor.fi\\\/sv\\\/produkt\\\/lilly-5-delad-pendel-massing\\\/#breadcrumb\",\"itemListElement\":[{\"@type\":\"ListItem\",\"position\":1,\"name\":\"Etusivu\",\"item\":\"https:\\\/\\\/shop.noor.fi\\\/sv\\\/\"},{\"@type\":\"ListItem\",\"position\":2,\"name\":\"Butik\",\"item\":\"https:\\\/\\\/shopnoorfi-wp31835.test.cchosting.fi\\\/sv\\\/butik\\\/\"},{\"@type\":\"ListItem\",\"position\":3,\"name\":\"Lilly 5-delad pendel m\u00e4ssing\"}]},{\"@type\":\"WebSite\",\"@id\":\"https:\\\/\\\/shopnoorfi-wp31835.test.cchosting.fi\\\/#website\",\"url\":\"https:\\\/\\\/shopnoorfi-wp31835.test.cchosting.fi\\\/\",\"name\":\"Oy Noortrade Ab\",\"description\":\"Finnish family owned company with over 30 years of professional experience in lighting &amp; interior products import and sales - reliably.\",\"publisher\":{\"@id\":\"https:\\\/\\\/shopnoorfi-wp31835.test.cchosting.fi\\\/#organization\"},\"potentialAction\":[{\"@type\":\"SearchAction\",\"target\":{\"@type\":\"EntryPoint\",\"urlTemplate\":\"https:\\\/\\\/shopnoorfi-wp31835.test.cchosting.fi\\\/?s={search_term_string}\"},\"query-input\":{\"@type\":\"PropertyValueSpecification\",\"valueRequired\":true,\"valueName\":\"search_term_string\"}}],\"inLanguage\":\"sv-SE\"},{\"@type\":\"Organization\",\"@id\":\"https:\\\/\\\/shopnoorfi-wp31835.test.cchosting.fi\\\/#organization\",\"name\":\"Oy Noortrade Ab\",\"url\":\"https:\\\/\\\/shopnoorfi-wp31835.test.cchosting.fi\\\/\",\"logo\":{\"@type\":\"ImageObject\",\"inLanguage\":\"sv-SE\",\"@id\":\"https:\\\/\\\/shopnoorfi-wp31835.test.cchosting.fi\\\/#\\\/schema\\\/logo\\\/image\\\/\",\"url\":\"https:\\\/\\\/shop.noor.fi\\\/wp-content\\\/uploads\\\/2024\\\/01\\\/Oy-Noortrade-Ab-Corbel-VERSAL-bold-BLACK.png\",\"contentUrl\":\"https:\\\/\\\/shop.noor.fi\\\/wp-content\\\/uploads\\\/2024\\\/01\\\/Oy-Noortrade-Ab-Corbel-VERSAL-bold-BLACK.png\",\"width\":721,\"height\":177,\"caption\":\"Oy Noortrade Ab\"},\"image\":{\"@id\":\"https:\\\/\\\/shopnoorfi-wp31835.test.cchosting.fi\\\/#\\\/schema\\\/logo\\\/image\\\/\"}}]}<\/script>\n<!-- \/ Yoast SEO plugin. -->","yoast_head_json":{"title":"Lilly 5-delad pendel m\u00e4ssing - Oy Noortrade Ab","robots":{"index":"index","follow":"follow","max-snippet":"max-snippet:-1","max-image-preview":"max-image-preview:large","max-video-preview":"max-video-preview:-1"},"canonical":"https:\/\/shop.noor.fi\/sv\/produkt\/lilly-5-delad-pendel-massing\/","og_locale":"sv_SE","og_type":"article","og_title":"Lilly 5-delad pendel m\u00e4ssing - Oy Noortrade Ab","og_description":"Lilly har en vacker balans mellan enkelhet och elegans. Den minimalistiska metallupph\u00e4ngningen kontrasterar mjukt mot de lysande opalglassk\u00e4rmarna som sprider ett varmt och behagligt ljus. Kombinationen av rena linjer och runda glassk\u00e4rmar skapar ett raffinerat och dekorativt utseende som passar perfekt ovanf\u00f6r matbordet eller i vardagsrummet. Armaturen har en 200 cm l\u00e5ng sladd. Fast installation. [&hellip;]","og_url":"https:\/\/shop.noor.fi\/sv\/produkt\/lilly-5-delad-pendel-massing\/","og_site_name":"Oy Noortrade Ab","article_modified_time":"2026-03-06T09:42:46+00:00","og_image":[{"width":1210,"height":1210,"url":"https:\/\/shop.noor.fi\/wp-content\/uploads\/2026\/02\/NL-2612623035.jpg","type":"image\/jpeg"}],"twitter_card":"summary_large_image","twitter_misc":{"Ber\u00e4knad l\u00e4stid":"1 minut"},"schema":{"@context":"https:\/\/schema.org","@graph":[{"@type":"WebPage","@id":"https:\/\/shop.noor.fi\/sv\/produkt\/lilly-5-delad-pendel-massing\/","url":"https:\/\/shop.noor.fi\/sv\/produkt\/lilly-5-delad-pendel-massing\/","name":"Lilly 5-delad pendel m\u00e4ssing - Oy Noortrade Ab","isPartOf":{"@id":"https:\/\/shopnoorfi-wp31835.test.cchosting.fi\/#website"},"primaryImageOfPage":{"@id":"https:\/\/shop.noor.fi\/sv\/produkt\/lilly-5-delad-pendel-massing\/#primaryimage"},"image":{"@id":"https:\/\/shop.noor.fi\/sv\/produkt\/lilly-5-delad-pendel-massing\/#primaryimage"},"thumbnailUrl":"https:\/\/shop.noor.fi\/wp-content\/uploads\/2026\/02\/NL-2612623035.jpg","datePublished":"2026-02-17T12:40:27+00:00","dateModified":"2026-03-06T09:42:46+00:00","breadcrumb":{"@id":"https:\/\/shop.noor.fi\/sv\/produkt\/lilly-5-delad-pendel-massing\/#breadcrumb"},"inLanguage":"sv-SE","potentialAction":[{"@type":"ReadAction","target":["https:\/\/shop.noor.fi\/sv\/produkt\/lilly-5-delad-pendel-massing\/"]}]},{"@type":"ImageObject","inLanguage":"sv-SE","@id":"https:\/\/shop.noor.fi\/sv\/produkt\/lilly-5-delad-pendel-massing\/#primaryimage","url":"https:\/\/shop.noor.fi\/wp-content\/uploads\/2026\/02\/NL-2612623035.jpg","contentUrl":"https:\/\/shop.noor.fi\/wp-content\/uploads\/2026\/02\/NL-2612623035.jpg","width":1210,"height":1210},{"@type":"BreadcrumbList","@id":"https:\/\/shop.noor.fi\/sv\/produkt\/lilly-5-delad-pendel-massing\/#breadcrumb","itemListElement":[{"@type":"ListItem","position":1,"name":"Etusivu","item":"https:\/\/shop.noor.fi\/sv\/"},{"@type":"ListItem","position":2,"name":"Butik","item":"https:\/\/shopnoorfi-wp31835.test.cchosting.fi\/sv\/butik\/"},{"@type":"ListItem","position":3,"name":"Lilly 5-delad pendel m\u00e4ssing"}]},{"@type":"WebSite","@id":"https:\/\/shopnoorfi-wp31835.test.cchosting.fi\/#website","url":"https:\/\/shopnoorfi-wp31835.test.cchosting.fi\/","name":"Oy Noortrade Ab","description":"Finnish family owned company with over 30 years of professional experience in lighting &amp; interior products import and sales - reliably.","publisher":{"@id":"https:\/\/shopnoorfi-wp31835.test.cchosting.fi\/#organization"},"potentialAction":[{"@type":"SearchAction","target":{"@type":"EntryPoint","urlTemplate":"https:\/\/shopnoorfi-wp31835.test.cchosting.fi\/?s={search_term_string}"},"query-input":{"@type":"PropertyValueSpecification","valueRequired":true,"valueName":"search_term_string"}}],"inLanguage":"sv-SE"},{"@type":"Organization","@id":"https:\/\/shopnoorfi-wp31835.test.cchosting.fi\/#organization","name":"Oy Noortrade Ab","url":"https:\/\/shopnoorfi-wp31835.test.cchosting.fi\/","logo":{"@type":"ImageObject","inLanguage":"sv-SE","@id":"https:\/\/shopnoorfi-wp31835.test.cchosting.fi\/#\/schema\/logo\/image\/","url":"https:\/\/shop.noor.fi\/wp-content\/uploads\/2024\/01\/Oy-Noortrade-Ab-Corbel-VERSAL-bold-BLACK.png","contentUrl":"https:\/\/shop.noor.fi\/wp-content\/uploads\/2024\/01\/Oy-Noortrade-Ab-Corbel-VERSAL-bold-BLACK.png","width":721,"height":177,"caption":"Oy Noortrade Ab"},"image":{"@id":"https:\/\/shopnoorfi-wp31835.test.cchosting.fi\/#\/schema\/logo\/image\/"}}]}},"brands":[{"id":37488,"name":"Nordlux","slug":"nordlux-sv"}],"_links":{"self":[{"href":"https:\/\/shop.noor.fi\/sv\/wp-json\/wp\/v2\/product\/145846","targetHints":{"allow":["GET"]}}],"collection":[{"href":"https:\/\/shop.noor.fi\/sv\/wp-json\/wp\/v2\/product"}],"about":[{"href":"https:\/\/shop.noor.fi\/sv\/wp-json\/wp\/v2\/types\/product"}],"replies":[{"embeddable":true,"href":"https:\/\/shop.noor.fi\/sv\/wp-json\/wp\/v2\/comments?post=145846"}],"wp:featuredmedia":[{"embeddable":true,"href":"https:\/\/shop.noor.fi\/sv\/wp-json\/wp\/v2\/media\/146748"}],"wp:attachment":[{"href":"https:\/\/shop.noor.fi\/sv\/wp-json\/wp\/v2\/media?parent=145846"}],"wp:term":[{"taxonomy":"pwb-brand","embeddable":true,"href":"https:\/\/shop.noor.fi\/sv\/wp-json\/wp\/v2\/pwb-brand?post=145846"},{"taxonomy":"product_brand","embeddable":true,"href":"https:\/\/shop.noor.fi\/sv\/wp-json\/wp\/v2\/product_brand?post=145846"},{"taxonomy":"product_cat","embeddable":true,"href":"https:\/\/shop.noor.fi\/sv\/wp-json\/wp\/v2\/product_cat?post=145846"},{"taxonomy":"product_tag","embeddable":true,"href":"https:\/\/shop.noor.fi\/sv\/wp-json\/wp\/v2\/product_tag?post=145846"}],"curies":[{"name":"wp","href":"https:\/\/api.w.org\/{rel}","templated":true}]}}