{"id":145289,"date":"2026-02-05T08:18:07","date_gmt":"2026-02-05T06:18:07","guid":{"rendered":"https:\/\/shop.noor.fi\/product\/vakuumforpackare-vac-585\/"},"modified":"2026-02-25T13:33:21","modified_gmt":"2026-02-25T11:33:21","slug":"vakuumforpackare-vac-585","status":"publish","type":"product","link":"https:\/\/shop.noor.fi\/sv\/produkt\/vakuumforpackare-vac-585\/","title":{"rendered":"Vakuumf\u00f6rpackare VAC 585"},"content":{"rendered":"<p>Denna anv\u00e4ndarv\u00e4nliga vakuumf\u00f6rpackare \u00f6vertygar till och med ett proffs! Oavsett om det \u00e4r i privata hush\u00e5ll, f\u00f6r sportfiskare, j\u00e4gare eller i sm\u00e5 cateringf\u00f6retag \u2013 denna vakuumf\u00f6rpackare \u00e4r m\u00e5ngsidig och flexibel. Apparaten kan enkelt \u00f6ppnas och st\u00e4ngas s\u00e4kert med bara en hand. VAC 585 arbetar exceptionellt snabbt och \u00e4r \u00e4ven l\u00e4mplig f\u00f6r l\u00e5ngvarig anv\u00e4ndning. Stora ink\u00f6p eller sk\u00f6rden fr\u00e5n din tr\u00e4dg\u00e5rd kan bearbetas och f\u00f6rpackas s\u00e4kert utan on\u00f6diga pauser. Det integrerade folierullfacket med s\u00e4kerhetssk\u00e4rare s\u00e4kerst\u00e4ller att den n\u00f6dv\u00e4ndiga specialfolien alltid finns till hands och kan sk\u00e4ras exakt till r\u00e4tt storlek. Den kraftfulla dubbelkolvpumpen avl\u00e4gsnar upp till 97 % av luften fr\u00e5n de speciella vakuump\u00e5sarna och f\u00f6rseglar dem automatiskt med en stabil dubbels\u00f6m. Tack vare m\u00e5ngsidiga funktioner som justerbar pumphastighet och f\u00f6rslutningsprogram kan alla livsmedel \u2013 oavsett om de \u00e4r torra eller v\u00e5ta, h\u00e5rda eller tryckk\u00e4nsliga \u2013 vakuumf\u00f6rpackas tillf\u00f6rlitligt och rent. Detta s\u00e4kerst\u00e4lls ocks\u00e5 av det exceptionella snabbstoppet, som aktiveras automatiskt vid bearbetning av v\u00e4tskor. Apparatens m\u00e5ngsidighet g\u00e5r \u00e4nnu l\u00e4ngre: marineringsprogrammet \u00e4r s\u00e4rskilt popul\u00e4rt bland grillfantaster som vill smaks\u00e4tta sina ingredienser p\u00e5 kortast m\u00f6jliga tid. De h\u00f6gkvalitativa p\u00e5sarna \u00e4r ocks\u00e5 idealiska f\u00f6r sous-vide-matlagning. Och m\u00f6jligheten att vakuumf\u00f6rsluta livsmedel i speciella beh\u00e5llare f\u00f6rl\u00e4nger kylsk\u00e5pslagrets h\u00e5llbarhet m\u00e5ngfaldigt. Denna vakuumf\u00f6rslutare fr\u00e5n Rommelsbacher \u00e4r den perfekta hj\u00e4lpredan f\u00f6r ett smart hush\u00e5ll!<\/p>\n<p>Robust och s\u00e4rskilt l\u00e4tt att reng\u00f6ra: rostfritt st\u00e5l med anti-fingeravtrycksbel\u00e4ggning<br \/>\nBekv\u00e4m enhandsman\u00f6vrering, Touch Control-sensorer, stor statusdisplay<br \/>\nIntegrerat rullfack med s\u00e4kerhetssk\u00e4rare<br \/>\nH\u00f6gkvalitativ kolvpump, ca 20 l\/min., vakuum upp till -0,9 bar<br \/>\nL\u00e4mplig f\u00f6r l\u00e5ngvarig drift utan mellanliggande pauser<br \/>\nFast dubbelt\u00e4tningss\u00f6m, tjocklek 2,5 mm vardera, med temperatur\u00f6vervakning<br \/>\nSupersnabb och energibesparande tack vare parallell t\u00e4tning och automatisk justering av f\u00f6rseglingstiden<br \/>\nM\u00e5ngsidiga funktioner: helautomatisk sugning och f\u00f6rsegling, anpassad sugning med pulsfunktion, manuell f\u00f6rsegling<br \/>\n2 f\u00f6rseglingsprogram (torr\/v\u00e5t), 2 pumphastigheter (fast\/mjuk)<br \/>\nSnabbstopp f\u00f6r v\u00e4tskor, marineringsprogram, slanganslutning f\u00f6r vakuumbeh\u00e5llare<br \/>\nVakuumkammare med uttagbar insats f\u00f6r enkel reng\u00f6ring<br \/>\nF\u00f6r alla kommersiellt tillg\u00e4ngliga vakuump\u00e5sar och filmer upp till 30 cm breda, \u00e4ven f\u00f6r beh\u00e5llare<br \/>\n4 anti-slip gummif\u00f6tter, bl\u00e5 indikatorlampor<br \/>\nInklusive 10 foliep\u00e5sar, 1 folierulle, vakuumslang<\/p>\n","protected":false},"excerpt":{"rendered":"<p>Denna anv\u00e4ndarv\u00e4nliga vakuumf\u00f6rpackare \u00f6vertygar till och med ett proffs! Oavsett om det \u00e4r i privata hush\u00e5ll, f\u00f6r sportfiskare, j\u00e4gare eller i sm\u00e5 cateringf\u00f6retag \u2013 denna vakuumf\u00f6rpackare \u00e4r m\u00e5ngsidig och flexibel. Apparaten kan enkelt \u00f6ppnas och st\u00e4ngas s\u00e4kert med bara en hand. VAC 585 arbetar exceptionellt snabbt och \u00e4r \u00e4ven l\u00e4mplig f\u00f6r l\u00e5ngvarig anv\u00e4ndning. Stora ink\u00f6p [&hellip;]<\/p>\n","protected":false},"featured_media":145121,"comment_status":"open","ping_status":"closed","template":"","meta":{"_acf_changed":false,"_relevanssi_hide_post":"","_relevanssi_hide_content":"","_relevanssi_pin_for_all":"","_relevanssi_pin_keywords":"","_relevanssi_unpin_keywords":"","_relevanssi_related_keywords":"","_relevanssi_related_include_ids":"","_relevanssi_related_exclude_ids":"","_relevanssi_related_no_append":"","_relevanssi_related_not_related":"","_relevanssi_related_posts":"","_relevanssi_noindex_reason":""},"pwb-brand":[37500],"product_brand":[],"product_cat":[32082,37035],"product_tag":[],"class_list":{"0":"post-145289","1":"product","2":"type-product","3":"status-publish","4":"has-post-thumbnail","6":"pwb-brand-rommelsbacher","7":"product_cat-ovriga-nyheter","8":"product_cat-koksmaskiner","10":"first","11":"instock","12":"taxable","13":"shipping-taxable","14":"purchasable","15":"product-type-simple"},"acf":[],"yoast_head":"<!-- This site is optimized with the Yoast SEO plugin v27.5 - https:\/\/yoast.com\/product\/yoast-seo-wordpress\/ -->\n<title>Vakuumf\u00f6rpackare VAC 585 - Oy Noortrade Ab<\/title>\n<meta name=\"robots\" content=\"index, follow, max-snippet:-1, max-image-preview:large, max-video-preview:-1\" \/>\n<link rel=\"canonical\" href=\"https:\/\/shop.noor.fi\/sv\/produkt\/vakuumforpackare-vac-585\/\" \/>\n<meta property=\"og:locale\" content=\"sv_SE\" \/>\n<meta property=\"og:type\" content=\"article\" \/>\n<meta property=\"og:title\" content=\"Vakuumf\u00f6rpackare VAC 585 - Oy Noortrade Ab\" \/>\n<meta property=\"og:description\" content=\"Denna anv\u00e4ndarv\u00e4nliga vakuumf\u00f6rpackare \u00f6vertygar till och med ett proffs! Oavsett om det \u00e4r i privata hush\u00e5ll, f\u00f6r sportfiskare, j\u00e4gare eller i sm\u00e5 cateringf\u00f6retag \u2013 denna vakuumf\u00f6rpackare \u00e4r m\u00e5ngsidig och flexibel. Apparaten kan enkelt \u00f6ppnas och st\u00e4ngas s\u00e4kert med bara en hand. VAC 585 arbetar exceptionellt snabbt och \u00e4r \u00e4ven l\u00e4mplig f\u00f6r l\u00e5ngvarig anv\u00e4ndning. Stora ink\u00f6p [&hellip;]\" \/>\n<meta property=\"og:url\" content=\"https:\/\/shop.noor.fi\/sv\/produkt\/vakuumforpackare-vac-585\/\" \/>\n<meta property=\"og:site_name\" content=\"Oy Noortrade Ab\" \/>\n<meta property=\"article:modified_time\" content=\"2026-02-25T11:33:21+00:00\" \/>\n<meta property=\"og:image\" content=\"https:\/\/shop.noor.fi\/wp-content\/uploads\/2026\/01\/RB-VAC585.jpg\" \/>\n\t<meta property=\"og:image:width\" content=\"1000\" \/>\n\t<meta property=\"og:image:height\" content=\"1000\" \/>\n\t<meta property=\"og:image:type\" content=\"image\/jpeg\" \/>\n<meta name=\"twitter:card\" content=\"summary_large_image\" \/>\n<meta name=\"twitter:label1\" content=\"Ber\u00e4knad l\u00e4stid\" \/>\n\t<meta name=\"twitter:data1\" content=\"2 minuter\" \/>\n<script type=\"application\/ld+json\" class=\"yoast-schema-graph\">{\"@context\":\"https:\\\/\\\/schema.org\",\"@graph\":[{\"@type\":\"WebPage\",\"@id\":\"https:\\\/\\\/shop.noor.fi\\\/sv\\\/produkt\\\/vakuumforpackare-vac-585\\\/\",\"url\":\"https:\\\/\\\/shop.noor.fi\\\/sv\\\/produkt\\\/vakuumforpackare-vac-585\\\/\",\"name\":\"Vakuumf\u00f6rpackare VAC 585 - Oy Noortrade Ab\",\"isPartOf\":{\"@id\":\"https:\\\/\\\/shopnoorfi-wp31835.test.cchosting.fi\\\/#website\"},\"primaryImageOfPage\":{\"@id\":\"https:\\\/\\\/shop.noor.fi\\\/sv\\\/produkt\\\/vakuumforpackare-vac-585\\\/#primaryimage\"},\"image\":{\"@id\":\"https:\\\/\\\/shop.noor.fi\\\/sv\\\/produkt\\\/vakuumforpackare-vac-585\\\/#primaryimage\"},\"thumbnailUrl\":\"https:\\\/\\\/shop.noor.fi\\\/wp-content\\\/uploads\\\/2026\\\/01\\\/RB-VAC585.jpg\",\"datePublished\":\"2026-02-05T06:18:07+00:00\",\"dateModified\":\"2026-02-25T11:33:21+00:00\",\"breadcrumb\":{\"@id\":\"https:\\\/\\\/shop.noor.fi\\\/sv\\\/produkt\\\/vakuumforpackare-vac-585\\\/#breadcrumb\"},\"inLanguage\":\"sv-SE\",\"potentialAction\":[{\"@type\":\"ReadAction\",\"target\":[\"https:\\\/\\\/shop.noor.fi\\\/sv\\\/produkt\\\/vakuumforpackare-vac-585\\\/\"]}]},{\"@type\":\"ImageObject\",\"inLanguage\":\"sv-SE\",\"@id\":\"https:\\\/\\\/shop.noor.fi\\\/sv\\\/produkt\\\/vakuumforpackare-vac-585\\\/#primaryimage\",\"url\":\"https:\\\/\\\/shop.noor.fi\\\/wp-content\\\/uploads\\\/2026\\\/01\\\/RB-VAC585.jpg\",\"contentUrl\":\"https:\\\/\\\/shop.noor.fi\\\/wp-content\\\/uploads\\\/2026\\\/01\\\/RB-VAC585.jpg\",\"width\":1000,\"height\":1000},{\"@type\":\"BreadcrumbList\",\"@id\":\"https:\\\/\\\/shop.noor.fi\\\/sv\\\/produkt\\\/vakuumforpackare-vac-585\\\/#breadcrumb\",\"itemListElement\":[{\"@type\":\"ListItem\",\"position\":1,\"name\":\"Etusivu\",\"item\":\"https:\\\/\\\/shop.noor.fi\\\/sv\\\/\"},{\"@type\":\"ListItem\",\"position\":2,\"name\":\"Butik\",\"item\":\"https:\\\/\\\/shopnoorfi-wp31835.test.cchosting.fi\\\/sv\\\/butik\\\/\"},{\"@type\":\"ListItem\",\"position\":3,\"name\":\"Vakuumf\u00f6rpackare VAC 585\"}]},{\"@type\":\"WebSite\",\"@id\":\"https:\\\/\\\/shopnoorfi-wp31835.test.cchosting.fi\\\/#website\",\"url\":\"https:\\\/\\\/shopnoorfi-wp31835.test.cchosting.fi\\\/\",\"name\":\"Oy Noortrade Ab\",\"description\":\"Finnish family owned company with over 30 years of professional experience in lighting &amp; interior products import and sales - reliably.\",\"publisher\":{\"@id\":\"https:\\\/\\\/shopnoorfi-wp31835.test.cchosting.fi\\\/#organization\"},\"potentialAction\":[{\"@type\":\"SearchAction\",\"target\":{\"@type\":\"EntryPoint\",\"urlTemplate\":\"https:\\\/\\\/shopnoorfi-wp31835.test.cchosting.fi\\\/?s={search_term_string}\"},\"query-input\":{\"@type\":\"PropertyValueSpecification\",\"valueRequired\":true,\"valueName\":\"search_term_string\"}}],\"inLanguage\":\"sv-SE\"},{\"@type\":\"Organization\",\"@id\":\"https:\\\/\\\/shopnoorfi-wp31835.test.cchosting.fi\\\/#organization\",\"name\":\"Oy Noortrade Ab\",\"url\":\"https:\\\/\\\/shopnoorfi-wp31835.test.cchosting.fi\\\/\",\"logo\":{\"@type\":\"ImageObject\",\"inLanguage\":\"sv-SE\",\"@id\":\"https:\\\/\\\/shopnoorfi-wp31835.test.cchosting.fi\\\/#\\\/schema\\\/logo\\\/image\\\/\",\"url\":\"https:\\\/\\\/shop.noor.fi\\\/wp-content\\\/uploads\\\/2024\\\/01\\\/Oy-Noortrade-Ab-Corbel-VERSAL-bold-BLACK.png\",\"contentUrl\":\"https:\\\/\\\/shop.noor.fi\\\/wp-content\\\/uploads\\\/2024\\\/01\\\/Oy-Noortrade-Ab-Corbel-VERSAL-bold-BLACK.png\",\"width\":721,\"height\":177,\"caption\":\"Oy Noortrade Ab\"},\"image\":{\"@id\":\"https:\\\/\\\/shopnoorfi-wp31835.test.cchosting.fi\\\/#\\\/schema\\\/logo\\\/image\\\/\"}}]}<\/script>\n<!-- \/ Yoast SEO plugin. -->","yoast_head_json":{"title":"Vakuumf\u00f6rpackare VAC 585 - Oy Noortrade Ab","robots":{"index":"index","follow":"follow","max-snippet":"max-snippet:-1","max-image-preview":"max-image-preview:large","max-video-preview":"max-video-preview:-1"},"canonical":"https:\/\/shop.noor.fi\/sv\/produkt\/vakuumforpackare-vac-585\/","og_locale":"sv_SE","og_type":"article","og_title":"Vakuumf\u00f6rpackare VAC 585 - Oy Noortrade Ab","og_description":"Denna anv\u00e4ndarv\u00e4nliga vakuumf\u00f6rpackare \u00f6vertygar till och med ett proffs! Oavsett om det \u00e4r i privata hush\u00e5ll, f\u00f6r sportfiskare, j\u00e4gare eller i sm\u00e5 cateringf\u00f6retag \u2013 denna vakuumf\u00f6rpackare \u00e4r m\u00e5ngsidig och flexibel. Apparaten kan enkelt \u00f6ppnas och st\u00e4ngas s\u00e4kert med bara en hand. VAC 585 arbetar exceptionellt snabbt och \u00e4r \u00e4ven l\u00e4mplig f\u00f6r l\u00e5ngvarig anv\u00e4ndning. Stora ink\u00f6p [&hellip;]","og_url":"https:\/\/shop.noor.fi\/sv\/produkt\/vakuumforpackare-vac-585\/","og_site_name":"Oy Noortrade Ab","article_modified_time":"2026-02-25T11:33:21+00:00","og_image":[{"width":1000,"height":1000,"url":"https:\/\/shop.noor.fi\/wp-content\/uploads\/2026\/01\/RB-VAC585.jpg","type":"image\/jpeg"}],"twitter_card":"summary_large_image","twitter_misc":{"Ber\u00e4knad l\u00e4stid":"2 minuter"},"schema":{"@context":"https:\/\/schema.org","@graph":[{"@type":"WebPage","@id":"https:\/\/shop.noor.fi\/sv\/produkt\/vakuumforpackare-vac-585\/","url":"https:\/\/shop.noor.fi\/sv\/produkt\/vakuumforpackare-vac-585\/","name":"Vakuumf\u00f6rpackare VAC 585 - Oy Noortrade Ab","isPartOf":{"@id":"https:\/\/shopnoorfi-wp31835.test.cchosting.fi\/#website"},"primaryImageOfPage":{"@id":"https:\/\/shop.noor.fi\/sv\/produkt\/vakuumforpackare-vac-585\/#primaryimage"},"image":{"@id":"https:\/\/shop.noor.fi\/sv\/produkt\/vakuumforpackare-vac-585\/#primaryimage"},"thumbnailUrl":"https:\/\/shop.noor.fi\/wp-content\/uploads\/2026\/01\/RB-VAC585.jpg","datePublished":"2026-02-05T06:18:07+00:00","dateModified":"2026-02-25T11:33:21+00:00","breadcrumb":{"@id":"https:\/\/shop.noor.fi\/sv\/produkt\/vakuumforpackare-vac-585\/#breadcrumb"},"inLanguage":"sv-SE","potentialAction":[{"@type":"ReadAction","target":["https:\/\/shop.noor.fi\/sv\/produkt\/vakuumforpackare-vac-585\/"]}]},{"@type":"ImageObject","inLanguage":"sv-SE","@id":"https:\/\/shop.noor.fi\/sv\/produkt\/vakuumforpackare-vac-585\/#primaryimage","url":"https:\/\/shop.noor.fi\/wp-content\/uploads\/2026\/01\/RB-VAC585.jpg","contentUrl":"https:\/\/shop.noor.fi\/wp-content\/uploads\/2026\/01\/RB-VAC585.jpg","width":1000,"height":1000},{"@type":"BreadcrumbList","@id":"https:\/\/shop.noor.fi\/sv\/produkt\/vakuumforpackare-vac-585\/#breadcrumb","itemListElement":[{"@type":"ListItem","position":1,"name":"Etusivu","item":"https:\/\/shop.noor.fi\/sv\/"},{"@type":"ListItem","position":2,"name":"Butik","item":"https:\/\/shopnoorfi-wp31835.test.cchosting.fi\/sv\/butik\/"},{"@type":"ListItem","position":3,"name":"Vakuumf\u00f6rpackare VAC 585"}]},{"@type":"WebSite","@id":"https:\/\/shopnoorfi-wp31835.test.cchosting.fi\/#website","url":"https:\/\/shopnoorfi-wp31835.test.cchosting.fi\/","name":"Oy Noortrade Ab","description":"Finnish family owned company with over 30 years of professional experience in lighting &amp; interior products import and sales - reliably.","publisher":{"@id":"https:\/\/shopnoorfi-wp31835.test.cchosting.fi\/#organization"},"potentialAction":[{"@type":"SearchAction","target":{"@type":"EntryPoint","urlTemplate":"https:\/\/shopnoorfi-wp31835.test.cchosting.fi\/?s={search_term_string}"},"query-input":{"@type":"PropertyValueSpecification","valueRequired":true,"valueName":"search_term_string"}}],"inLanguage":"sv-SE"},{"@type":"Organization","@id":"https:\/\/shopnoorfi-wp31835.test.cchosting.fi\/#organization","name":"Oy Noortrade Ab","url":"https:\/\/shopnoorfi-wp31835.test.cchosting.fi\/","logo":{"@type":"ImageObject","inLanguage":"sv-SE","@id":"https:\/\/shopnoorfi-wp31835.test.cchosting.fi\/#\/schema\/logo\/image\/","url":"https:\/\/shop.noor.fi\/wp-content\/uploads\/2024\/01\/Oy-Noortrade-Ab-Corbel-VERSAL-bold-BLACK.png","contentUrl":"https:\/\/shop.noor.fi\/wp-content\/uploads\/2024\/01\/Oy-Noortrade-Ab-Corbel-VERSAL-bold-BLACK.png","width":721,"height":177,"caption":"Oy Noortrade Ab"},"image":{"@id":"https:\/\/shopnoorfi-wp31835.test.cchosting.fi\/#\/schema\/logo\/image\/"}}]}},"brands":[{"id":37500,"name":"Rommelsbacher","slug":"rommelsbacher"}],"_links":{"self":[{"href":"https:\/\/shop.noor.fi\/sv\/wp-json\/wp\/v2\/product\/145289","targetHints":{"allow":["GET"]}}],"collection":[{"href":"https:\/\/shop.noor.fi\/sv\/wp-json\/wp\/v2\/product"}],"about":[{"href":"https:\/\/shop.noor.fi\/sv\/wp-json\/wp\/v2\/types\/product"}],"replies":[{"embeddable":true,"href":"https:\/\/shop.noor.fi\/sv\/wp-json\/wp\/v2\/comments?post=145289"}],"wp:featuredmedia":[{"embeddable":true,"href":"https:\/\/shop.noor.fi\/sv\/wp-json\/wp\/v2\/media\/145121"}],"wp:attachment":[{"href":"https:\/\/shop.noor.fi\/sv\/wp-json\/wp\/v2\/media?parent=145289"}],"wp:term":[{"taxonomy":"pwb-brand","embeddable":true,"href":"https:\/\/shop.noor.fi\/sv\/wp-json\/wp\/v2\/pwb-brand?post=145289"},{"taxonomy":"product_brand","embeddable":true,"href":"https:\/\/shop.noor.fi\/sv\/wp-json\/wp\/v2\/product_brand?post=145289"},{"taxonomy":"product_cat","embeddable":true,"href":"https:\/\/shop.noor.fi\/sv\/wp-json\/wp\/v2\/product_cat?post=145289"},{"taxonomy":"product_tag","embeddable":true,"href":"https:\/\/shop.noor.fi\/sv\/wp-json\/wp\/v2\/product_tag?post=145289"}],"curies":[{"name":"wp","href":"https:\/\/api.w.org\/{rel}","templated":true}]}}