{"id":145146,"date":"2026-01-29T13:34:57","date_gmt":"2026-01-29T11:34:57","guid":{"rendered":"https:\/\/shop.noor.fi\/product\/vakuumforpackare-vac-25\/"},"modified":"2026-02-25T17:21:28","modified_gmt":"2026-02-25T15:21:28","slug":"vakuumforpackare-vac-25","status":"publish","type":"product","link":"https:\/\/shop.noor.fi\/sv\/produkt\/vakuumforpackare-vac-25\/","title":{"rendered":"Vakuumf\u00f6rpackare VAC 25"},"content":{"rendered":"<p>Den sladdl\u00f6sa handh\u00e5llna vakuumf\u00f6rpackaren VAC 25 fr\u00e5n Rommelsbacher g\u00f6r vakuumf\u00f6rpackning s\u00e4rskilt enkelt och flexibelt! Livsmedel som frukt, gr\u00f6nsaker, k\u00f6tt eller ost packas optimalt i l\u00e4mpliga beh\u00e5llare och ZIP-p\u00e5sar och h\u00e5ller sig f\u00e4rska mycket l\u00e4ngre &#8211; n\u00e4rings\u00e4mnen och smaker bevaras. Den kraftfulla, tysta vakuumpumpen, den automatiska stoppfunktionen och power-l\u00e4get s\u00e4kerst\u00e4ller perfekta resultat. Den sladdl\u00f6sa enhandsman\u00f6vreringen och batteriniv\u00e5indikatorn i 3 f\u00e4rger g\u00f6r VAC 25 s\u00e4rskilt bekv\u00e4m. Det l\u00e5nglivade litiumjonbatteriet m\u00f6jligg\u00f6r upp till 100 anv\u00e4ndningar per laddning och \u00e4r enkelt uppladdningsbart via USB-C. Den slimmade designen f\u00e5r plats i vilken l\u00e5da som helst och reng\u00f6ringen \u00e4r hygienisk och enkel tack vare den avtagbara sugkoppen. Allt du beh\u00f6ver f\u00f6r att komma ig\u00e5ng ing\u00e5r!<\/p>\n<p>Litiumjonbatteri 3,7 V \u2013 1500 mAh<br \/>\nKompakt plasth\u00f6lje, antracitgr\u00e5<br \/>\nSladdl\u00f6s, enhandsman\u00f6vrering f\u00f6r vakuumf\u00f6rpackningen p\u00e5 n\u00e5gra sekunder<br \/>\n3-f\u00e4rgs LED-display, litiumjonbatteri med l\u00e5ng livsl\u00e4ngd (upp till 100 anv\u00e4ndningar\/laddning)<br \/>\nLaddning via USB-C-kabel<br \/>\nKraftfull och tyst vakuumpump (upp till 7 liter\/minut), sugtryck upp till \u2013 0,5 bar<br \/>\nAutomatiskt stopp, powerl\u00e4ge f\u00f6r maximal effekt<br \/>\nPlatssparande f\u00f6rvaring, l\u00e4tt att reng\u00f6ra, avtagbar sugkopp<br \/>\nInklusive: 8 \u00e5teranv\u00e4ndbara ZIP-vakuump\u00e5sar med ventil, t\u00e4tningstillbeh\u00f6r, USB-C-laddningskabel<br \/>\nObs: \u00e4ven l\u00e4mplig f\u00f6r m\u00e5nga vakuumbeh\u00e5llare och ZIP-vakuump\u00e5sar fr\u00e5n andra tillverkare!<\/p>\n","protected":false},"excerpt":{"rendered":"<p>Den sladdl\u00f6sa handh\u00e5llna vakuumf\u00f6rpackaren VAC 25 fr\u00e5n Rommelsbacher g\u00f6r vakuumf\u00f6rpackning s\u00e4rskilt enkelt och flexibelt! Livsmedel som frukt, gr\u00f6nsaker, k\u00f6tt eller ost packas optimalt i l\u00e4mpliga beh\u00e5llare och ZIP-p\u00e5sar och h\u00e5ller sig f\u00e4rska mycket l\u00e4ngre &#8211; n\u00e4rings\u00e4mnen och smaker bevaras. Den kraftfulla, tysta vakuumpumpen, den automatiska stoppfunktionen och power-l\u00e4get s\u00e4kerst\u00e4ller perfekta resultat. Den sladdl\u00f6sa enhandsman\u00f6vreringen och [&hellip;]<\/p>\n","protected":false},"featured_media":145095,"comment_status":"open","ping_status":"closed","template":"","meta":{"_acf_changed":false,"_relevanssi_hide_post":"","_relevanssi_hide_content":"","_relevanssi_pin_for_all":"","_relevanssi_pin_keywords":"","_relevanssi_unpin_keywords":"","_relevanssi_related_keywords":"","_relevanssi_related_include_ids":"","_relevanssi_related_exclude_ids":"","_relevanssi_related_no_append":"","_relevanssi_related_not_related":"","_relevanssi_related_posts":"","_relevanssi_noindex_reason":""},"pwb-brand":[37500],"product_brand":[],"product_cat":[32082,37035],"product_tag":[],"class_list":{"0":"post-145146","1":"product","2":"type-product","3":"status-publish","4":"has-post-thumbnail","6":"pwb-brand-rommelsbacher","7":"product_cat-ovriga-nyheter","8":"product_cat-koksmaskiner","10":"first","11":"instock","12":"taxable","13":"shipping-taxable","14":"purchasable","15":"product-type-simple"},"acf":[],"yoast_head":"<!-- This site is optimized with the Yoast SEO plugin v27.5 - https:\/\/yoast.com\/product\/yoast-seo-wordpress\/ -->\n<title>Vakuumf\u00f6rpackare VAC 25 - Oy Noortrade Ab<\/title>\n<meta name=\"robots\" content=\"index, follow, max-snippet:-1, max-image-preview:large, max-video-preview:-1\" \/>\n<link rel=\"canonical\" href=\"https:\/\/shop.noor.fi\/sv\/produkt\/vakuumforpackare-vac-25\/\" \/>\n<meta property=\"og:locale\" content=\"sv_SE\" \/>\n<meta property=\"og:type\" content=\"article\" \/>\n<meta property=\"og:title\" content=\"Vakuumf\u00f6rpackare VAC 25 - Oy Noortrade Ab\" \/>\n<meta property=\"og:description\" content=\"Den sladdl\u00f6sa handh\u00e5llna vakuumf\u00f6rpackaren VAC 25 fr\u00e5n Rommelsbacher g\u00f6r vakuumf\u00f6rpackning s\u00e4rskilt enkelt och flexibelt! Livsmedel som frukt, gr\u00f6nsaker, k\u00f6tt eller ost packas optimalt i l\u00e4mpliga beh\u00e5llare och ZIP-p\u00e5sar och h\u00e5ller sig f\u00e4rska mycket l\u00e4ngre &#8211; n\u00e4rings\u00e4mnen och smaker bevaras. Den kraftfulla, tysta vakuumpumpen, den automatiska stoppfunktionen och power-l\u00e4get s\u00e4kerst\u00e4ller perfekta resultat. Den sladdl\u00f6sa enhandsman\u00f6vreringen och [&hellip;]\" \/>\n<meta property=\"og:url\" content=\"https:\/\/shop.noor.fi\/sv\/produkt\/vakuumforpackare-vac-25\/\" \/>\n<meta property=\"og:site_name\" content=\"Oy Noortrade Ab\" \/>\n<meta property=\"article:modified_time\" content=\"2026-02-25T15:21:28+00:00\" \/>\n<meta property=\"og:image\" content=\"https:\/\/shop.noor.fi\/wp-content\/uploads\/2026\/01\/RB-VAC25.jpg\" \/>\n\t<meta property=\"og:image:width\" content=\"1000\" \/>\n\t<meta property=\"og:image:height\" content=\"1000\" \/>\n\t<meta property=\"og:image:type\" content=\"image\/jpeg\" \/>\n<meta name=\"twitter:card\" content=\"summary_large_image\" \/>\n<meta name=\"twitter:label1\" content=\"Ber\u00e4knad l\u00e4stid\" \/>\n\t<meta name=\"twitter:data1\" content=\"2 minuter\" \/>\n<script type=\"application\/ld+json\" class=\"yoast-schema-graph\">{\"@context\":\"https:\\\/\\\/schema.org\",\"@graph\":[{\"@type\":\"WebPage\",\"@id\":\"https:\\\/\\\/shop.noor.fi\\\/sv\\\/produkt\\\/vakuumforpackare-vac-25\\\/\",\"url\":\"https:\\\/\\\/shop.noor.fi\\\/sv\\\/produkt\\\/vakuumforpackare-vac-25\\\/\",\"name\":\"Vakuumf\u00f6rpackare VAC 25 - Oy Noortrade Ab\",\"isPartOf\":{\"@id\":\"https:\\\/\\\/shopnoorfi-wp31835.test.cchosting.fi\\\/#website\"},\"primaryImageOfPage\":{\"@id\":\"https:\\\/\\\/shop.noor.fi\\\/sv\\\/produkt\\\/vakuumforpackare-vac-25\\\/#primaryimage\"},\"image\":{\"@id\":\"https:\\\/\\\/shop.noor.fi\\\/sv\\\/produkt\\\/vakuumforpackare-vac-25\\\/#primaryimage\"},\"thumbnailUrl\":\"https:\\\/\\\/shop.noor.fi\\\/wp-content\\\/uploads\\\/2026\\\/01\\\/RB-VAC25.jpg\",\"datePublished\":\"2026-01-29T11:34:57+00:00\",\"dateModified\":\"2026-02-25T15:21:28+00:00\",\"breadcrumb\":{\"@id\":\"https:\\\/\\\/shop.noor.fi\\\/sv\\\/produkt\\\/vakuumforpackare-vac-25\\\/#breadcrumb\"},\"inLanguage\":\"sv-SE\",\"potentialAction\":[{\"@type\":\"ReadAction\",\"target\":[\"https:\\\/\\\/shop.noor.fi\\\/sv\\\/produkt\\\/vakuumforpackare-vac-25\\\/\"]}]},{\"@type\":\"ImageObject\",\"inLanguage\":\"sv-SE\",\"@id\":\"https:\\\/\\\/shop.noor.fi\\\/sv\\\/produkt\\\/vakuumforpackare-vac-25\\\/#primaryimage\",\"url\":\"https:\\\/\\\/shop.noor.fi\\\/wp-content\\\/uploads\\\/2026\\\/01\\\/RB-VAC25.jpg\",\"contentUrl\":\"https:\\\/\\\/shop.noor.fi\\\/wp-content\\\/uploads\\\/2026\\\/01\\\/RB-VAC25.jpg\",\"width\":1000,\"height\":1000},{\"@type\":\"BreadcrumbList\",\"@id\":\"https:\\\/\\\/shop.noor.fi\\\/sv\\\/produkt\\\/vakuumforpackare-vac-25\\\/#breadcrumb\",\"itemListElement\":[{\"@type\":\"ListItem\",\"position\":1,\"name\":\"Etusivu\",\"item\":\"https:\\\/\\\/shop.noor.fi\\\/sv\\\/\"},{\"@type\":\"ListItem\",\"position\":2,\"name\":\"Butik\",\"item\":\"https:\\\/\\\/shopnoorfi-wp31835.test.cchosting.fi\\\/sv\\\/butik\\\/\"},{\"@type\":\"ListItem\",\"position\":3,\"name\":\"Vakuumf\u00f6rpackare VAC 25\"}]},{\"@type\":\"WebSite\",\"@id\":\"https:\\\/\\\/shopnoorfi-wp31835.test.cchosting.fi\\\/#website\",\"url\":\"https:\\\/\\\/shopnoorfi-wp31835.test.cchosting.fi\\\/\",\"name\":\"Oy Noortrade Ab\",\"description\":\"Finnish family owned company with over 30 years of professional experience in lighting &amp; interior products import and sales - reliably.\",\"publisher\":{\"@id\":\"https:\\\/\\\/shopnoorfi-wp31835.test.cchosting.fi\\\/#organization\"},\"potentialAction\":[{\"@type\":\"SearchAction\",\"target\":{\"@type\":\"EntryPoint\",\"urlTemplate\":\"https:\\\/\\\/shopnoorfi-wp31835.test.cchosting.fi\\\/?s={search_term_string}\"},\"query-input\":{\"@type\":\"PropertyValueSpecification\",\"valueRequired\":true,\"valueName\":\"search_term_string\"}}],\"inLanguage\":\"sv-SE\"},{\"@type\":\"Organization\",\"@id\":\"https:\\\/\\\/shopnoorfi-wp31835.test.cchosting.fi\\\/#organization\",\"name\":\"Oy Noortrade Ab\",\"url\":\"https:\\\/\\\/shopnoorfi-wp31835.test.cchosting.fi\\\/\",\"logo\":{\"@type\":\"ImageObject\",\"inLanguage\":\"sv-SE\",\"@id\":\"https:\\\/\\\/shopnoorfi-wp31835.test.cchosting.fi\\\/#\\\/schema\\\/logo\\\/image\\\/\",\"url\":\"https:\\\/\\\/shop.noor.fi\\\/wp-content\\\/uploads\\\/2024\\\/01\\\/Oy-Noortrade-Ab-Corbel-VERSAL-bold-BLACK.png\",\"contentUrl\":\"https:\\\/\\\/shop.noor.fi\\\/wp-content\\\/uploads\\\/2024\\\/01\\\/Oy-Noortrade-Ab-Corbel-VERSAL-bold-BLACK.png\",\"width\":721,\"height\":177,\"caption\":\"Oy Noortrade Ab\"},\"image\":{\"@id\":\"https:\\\/\\\/shopnoorfi-wp31835.test.cchosting.fi\\\/#\\\/schema\\\/logo\\\/image\\\/\"}}]}<\/script>\n<!-- \/ Yoast SEO plugin. -->","yoast_head_json":{"title":"Vakuumf\u00f6rpackare VAC 25 - Oy Noortrade Ab","robots":{"index":"index","follow":"follow","max-snippet":"max-snippet:-1","max-image-preview":"max-image-preview:large","max-video-preview":"max-video-preview:-1"},"canonical":"https:\/\/shop.noor.fi\/sv\/produkt\/vakuumforpackare-vac-25\/","og_locale":"sv_SE","og_type":"article","og_title":"Vakuumf\u00f6rpackare VAC 25 - Oy Noortrade Ab","og_description":"Den sladdl\u00f6sa handh\u00e5llna vakuumf\u00f6rpackaren VAC 25 fr\u00e5n Rommelsbacher g\u00f6r vakuumf\u00f6rpackning s\u00e4rskilt enkelt och flexibelt! Livsmedel som frukt, gr\u00f6nsaker, k\u00f6tt eller ost packas optimalt i l\u00e4mpliga beh\u00e5llare och ZIP-p\u00e5sar och h\u00e5ller sig f\u00e4rska mycket l\u00e4ngre &#8211; n\u00e4rings\u00e4mnen och smaker bevaras. Den kraftfulla, tysta vakuumpumpen, den automatiska stoppfunktionen och power-l\u00e4get s\u00e4kerst\u00e4ller perfekta resultat. Den sladdl\u00f6sa enhandsman\u00f6vreringen och [&hellip;]","og_url":"https:\/\/shop.noor.fi\/sv\/produkt\/vakuumforpackare-vac-25\/","og_site_name":"Oy Noortrade Ab","article_modified_time":"2026-02-25T15:21:28+00:00","og_image":[{"width":1000,"height":1000,"url":"https:\/\/shop.noor.fi\/wp-content\/uploads\/2026\/01\/RB-VAC25.jpg","type":"image\/jpeg"}],"twitter_card":"summary_large_image","twitter_misc":{"Ber\u00e4knad l\u00e4stid":"2 minuter"},"schema":{"@context":"https:\/\/schema.org","@graph":[{"@type":"WebPage","@id":"https:\/\/shop.noor.fi\/sv\/produkt\/vakuumforpackare-vac-25\/","url":"https:\/\/shop.noor.fi\/sv\/produkt\/vakuumforpackare-vac-25\/","name":"Vakuumf\u00f6rpackare VAC 25 - Oy Noortrade Ab","isPartOf":{"@id":"https:\/\/shopnoorfi-wp31835.test.cchosting.fi\/#website"},"primaryImageOfPage":{"@id":"https:\/\/shop.noor.fi\/sv\/produkt\/vakuumforpackare-vac-25\/#primaryimage"},"image":{"@id":"https:\/\/shop.noor.fi\/sv\/produkt\/vakuumforpackare-vac-25\/#primaryimage"},"thumbnailUrl":"https:\/\/shop.noor.fi\/wp-content\/uploads\/2026\/01\/RB-VAC25.jpg","datePublished":"2026-01-29T11:34:57+00:00","dateModified":"2026-02-25T15:21:28+00:00","breadcrumb":{"@id":"https:\/\/shop.noor.fi\/sv\/produkt\/vakuumforpackare-vac-25\/#breadcrumb"},"inLanguage":"sv-SE","potentialAction":[{"@type":"ReadAction","target":["https:\/\/shop.noor.fi\/sv\/produkt\/vakuumforpackare-vac-25\/"]}]},{"@type":"ImageObject","inLanguage":"sv-SE","@id":"https:\/\/shop.noor.fi\/sv\/produkt\/vakuumforpackare-vac-25\/#primaryimage","url":"https:\/\/shop.noor.fi\/wp-content\/uploads\/2026\/01\/RB-VAC25.jpg","contentUrl":"https:\/\/shop.noor.fi\/wp-content\/uploads\/2026\/01\/RB-VAC25.jpg","width":1000,"height":1000},{"@type":"BreadcrumbList","@id":"https:\/\/shop.noor.fi\/sv\/produkt\/vakuumforpackare-vac-25\/#breadcrumb","itemListElement":[{"@type":"ListItem","position":1,"name":"Etusivu","item":"https:\/\/shop.noor.fi\/sv\/"},{"@type":"ListItem","position":2,"name":"Butik","item":"https:\/\/shopnoorfi-wp31835.test.cchosting.fi\/sv\/butik\/"},{"@type":"ListItem","position":3,"name":"Vakuumf\u00f6rpackare VAC 25"}]},{"@type":"WebSite","@id":"https:\/\/shopnoorfi-wp31835.test.cchosting.fi\/#website","url":"https:\/\/shopnoorfi-wp31835.test.cchosting.fi\/","name":"Oy Noortrade Ab","description":"Finnish family owned company with over 30 years of professional experience in lighting &amp; interior products import and sales - reliably.","publisher":{"@id":"https:\/\/shopnoorfi-wp31835.test.cchosting.fi\/#organization"},"potentialAction":[{"@type":"SearchAction","target":{"@type":"EntryPoint","urlTemplate":"https:\/\/shopnoorfi-wp31835.test.cchosting.fi\/?s={search_term_string}"},"query-input":{"@type":"PropertyValueSpecification","valueRequired":true,"valueName":"search_term_string"}}],"inLanguage":"sv-SE"},{"@type":"Organization","@id":"https:\/\/shopnoorfi-wp31835.test.cchosting.fi\/#organization","name":"Oy Noortrade Ab","url":"https:\/\/shopnoorfi-wp31835.test.cchosting.fi\/","logo":{"@type":"ImageObject","inLanguage":"sv-SE","@id":"https:\/\/shopnoorfi-wp31835.test.cchosting.fi\/#\/schema\/logo\/image\/","url":"https:\/\/shop.noor.fi\/wp-content\/uploads\/2024\/01\/Oy-Noortrade-Ab-Corbel-VERSAL-bold-BLACK.png","contentUrl":"https:\/\/shop.noor.fi\/wp-content\/uploads\/2024\/01\/Oy-Noortrade-Ab-Corbel-VERSAL-bold-BLACK.png","width":721,"height":177,"caption":"Oy Noortrade Ab"},"image":{"@id":"https:\/\/shopnoorfi-wp31835.test.cchosting.fi\/#\/schema\/logo\/image\/"}}]}},"brands":[{"id":37500,"name":"Rommelsbacher","slug":"rommelsbacher"}],"_links":{"self":[{"href":"https:\/\/shop.noor.fi\/sv\/wp-json\/wp\/v2\/product\/145146","targetHints":{"allow":["GET"]}}],"collection":[{"href":"https:\/\/shop.noor.fi\/sv\/wp-json\/wp\/v2\/product"}],"about":[{"href":"https:\/\/shop.noor.fi\/sv\/wp-json\/wp\/v2\/types\/product"}],"replies":[{"embeddable":true,"href":"https:\/\/shop.noor.fi\/sv\/wp-json\/wp\/v2\/comments?post=145146"}],"wp:featuredmedia":[{"embeddable":true,"href":"https:\/\/shop.noor.fi\/sv\/wp-json\/wp\/v2\/media\/145095"}],"wp:attachment":[{"href":"https:\/\/shop.noor.fi\/sv\/wp-json\/wp\/v2\/media?parent=145146"}],"wp:term":[{"taxonomy":"pwb-brand","embeddable":true,"href":"https:\/\/shop.noor.fi\/sv\/wp-json\/wp\/v2\/pwb-brand?post=145146"},{"taxonomy":"product_brand","embeddable":true,"href":"https:\/\/shop.noor.fi\/sv\/wp-json\/wp\/v2\/product_brand?post=145146"},{"taxonomy":"product_cat","embeddable":true,"href":"https:\/\/shop.noor.fi\/sv\/wp-json\/wp\/v2\/product_cat?post=145146"},{"taxonomy":"product_tag","embeddable":true,"href":"https:\/\/shop.noor.fi\/sv\/wp-json\/wp\/v2\/product_tag?post=145146"}],"curies":[{"name":"wp","href":"https:\/\/api.w.org\/{rel}","templated":true}]}}