{"id":145144,"date":"2026-01-29T13:34:58","date_gmt":"2026-01-29T11:34:58","guid":{"rendered":"https:\/\/shop.noor.fi\/product\/kontakigrill-kg-2025\/"},"modified":"2026-04-22T15:57:45","modified_gmt":"2026-04-22T12:57:45","slug":"kontaktgrill-kg-2025","status":"publish","type":"product","link":"https:\/\/shop.noor.fi\/sv\/produkt\/kontaktgrill-kg-2025\/","title":{"rendered":"Kontaktgrill KG 2025"},"content":{"rendered":"<p>I k\u00f6ket eller i tr\u00e4dg\u00e5rden, p\u00e5 balkongen eller p\u00e5 terrassen \u2013 denna m\u00e5ngsidiga kontaktgrill \u00e4r redo f\u00f6r grillning p\u00e5 bara n\u00e5gra minuter. Tack vare de olika grillplattorna med den senaste keramiska bel\u00e4ggningen \u00e4r denna apparat inte bara idealisk f\u00f6r klassisk kontaktgrillning, utan \u00e4ven f\u00f6r gratinering och \u00f6ppen grillning som bordsgrill:<br \/>\n&#8211; L\u00e4ge \u201dKontaktgrill\u201d: direkt v\u00e4rme\u00f6verf\u00f6ring s\u00e4kerst\u00e4ller korta tillagningstider, maten f\u00e5r de popul\u00e4ra grillr\u00e4nderna.<br \/>\n&#8211; L\u00e4ge \u201dGratinering\u201d: gratineringen \u00e4r snabbt och enkel! Rostbr\u00f6d, gr\u00f6nsaker eller k\u00f6tt tillagas perfekt.<br \/>\n&#8211; \u00d6ppen som \u201dbordsgrill\u201d: n\u00e4r den \u00f6ppnas f\u00f6rdubblas grillytan; temperaturen p\u00e5 b\u00e5da plattorna kan v\u00e4ljas separat upp till 230 \u00b0C.<\/p>\n<p>Rommelsbacher KG 2025 kontaktgrill k\u00e4nnetecknas av anv\u00e4ndningen av h\u00f6gkvalitativa material (t.ex. rostfritt st\u00e5l med anti-fingeravtrycksbel\u00e4ggning, PFAS-fri keramisk bel\u00e4ggning p\u00e5 grillplattorna), den v\u00e4l genomt\u00e4nkta designen och flexibiliteten i anv\u00e4ndningen. Eftersom v\u00e4rmeelementen \u00e4r integrerade i grillplattorna garanteras b\u00e4sta prestanda i varje l\u00e4ge. Denna kontaktgrill \u00e4r en praktisk allroundare och en oumb\u00e4rlig hj\u00e4lpreda f\u00f6r alla som v\u00e4rdes\u00e4tter en h\u00e4lsosam, fettsn\u00e5l och m\u00e5ngsidig kost!<\/p>\n<p>L\u00e4ttsk\u00f6tt h\u00f6lje med anti-fingeravtrycksbel\u00e4ggning<br \/>\nF\u00f6r m\u00e5ngsidig anv\u00e4ndning: st\u00e4ngd som kontaktgrill, h\u00f6jdjusterbar i 5 l\u00e4gen f\u00f6r gratinering, \u00f6ppen som bordsgrill med tv\u00e5 separata justerbara grillytor<br \/>\nMassiva, avtagbara grillplattor, en plan och en r\u00e4fflad<br \/>\nPlattor med h\u00f6gkvalitativ non-stick keramisk bel\u00e4ggning (PFAS-fri) och integrerat v\u00e4rmeelement &#8211; effektiv och snabb<br \/>\nElektronisk temperaturkontroll i 15 niv\u00e5er, exakt fr\u00e5n 60 till 230 \u00b0C, f\u00f6r stabila temperaturer \u00e4ven vid anv\u00e4ndning som \u00f6ppen bordsgrill<br \/>\nLED-display, 2 vridknappar f\u00f6r temperaturreglering, start\/stopp knapp, timer<br \/>\nFettavrinning med integrerad droppbricka f\u00f6r h\u00e4lsosam, fettsn\u00e5l grillning<br \/>\nS\u00e4ker tack vare fyrdubbelt \u00f6verhettningsskydd och anti-slip f\u00f6tter<br \/>\nGrillplattor: 29 x 23,5 \u00d7 3 cm<\/p>\n","protected":false},"excerpt":{"rendered":"<p>I k\u00f6ket eller i tr\u00e4dg\u00e5rden, p\u00e5 balkongen eller p\u00e5 terrassen \u2013 denna m\u00e5ngsidiga kontaktgrill \u00e4r redo f\u00f6r grillning p\u00e5 bara n\u00e5gra minuter. Tack vare de olika grillplattorna med den senaste keramiska bel\u00e4ggningen \u00e4r denna apparat inte bara idealisk f\u00f6r klassisk kontaktgrillning, utan \u00e4ven f\u00f6r gratinering och \u00f6ppen grillning som bordsgrill: &#8211; L\u00e4ge \u201dKontaktgrill\u201d: direkt v\u00e4rme\u00f6verf\u00f6ring [&hellip;]<\/p>\n","protected":false},"featured_media":145046,"comment_status":"open","ping_status":"closed","template":"","meta":{"_acf_changed":false,"_relevanssi_hide_post":"","_relevanssi_hide_content":"","_relevanssi_pin_for_all":"","_relevanssi_pin_keywords":"","_relevanssi_unpin_keywords":"","_relevanssi_related_keywords":"","_relevanssi_related_include_ids":"","_relevanssi_related_exclude_ids":"","_relevanssi_related_no_append":"","_relevanssi_related_not_related":"","_relevanssi_related_posts":"","_relevanssi_noindex_reason":""},"pwb-brand":[37696],"product_brand":[],"product_cat":[32082,37035],"product_tag":[],"class_list":{"0":"post-145144","1":"product","2":"type-product","3":"status-publish","4":"has-post-thumbnail","6":"pwb-brand-rommelsbacher-sv","7":"product_cat-ovriga-nyheter","8":"product_cat-koksmaskiner","10":"first","11":"instock","12":"taxable","13":"shipping-taxable","14":"purchasable","15":"product-type-simple"},"acf":[],"yoast_head":"<!-- This site is optimized with the Yoast SEO plugin v27.5 - https:\/\/yoast.com\/product\/yoast-seo-wordpress\/ -->\n<title>Kontaktgrill KG 2025 - Oy Noortrade Ab<\/title>\n<meta name=\"robots\" content=\"index, follow, max-snippet:-1, max-image-preview:large, max-video-preview:-1\" \/>\n<link rel=\"canonical\" href=\"https:\/\/shop.noor.fi\/sv\/produkt\/kontaktgrill-kg-2025\/\" \/>\n<meta property=\"og:locale\" content=\"sv_SE\" \/>\n<meta property=\"og:type\" content=\"article\" \/>\n<meta property=\"og:title\" content=\"Kontaktgrill KG 2025 - Oy Noortrade Ab\" \/>\n<meta property=\"og:description\" content=\"I k\u00f6ket eller i tr\u00e4dg\u00e5rden, p\u00e5 balkongen eller p\u00e5 terrassen \u2013 denna m\u00e5ngsidiga kontaktgrill \u00e4r redo f\u00f6r grillning p\u00e5 bara n\u00e5gra minuter. Tack vare de olika grillplattorna med den senaste keramiska bel\u00e4ggningen \u00e4r denna apparat inte bara idealisk f\u00f6r klassisk kontaktgrillning, utan \u00e4ven f\u00f6r gratinering och \u00f6ppen grillning som bordsgrill: &#8211; L\u00e4ge \u201dKontaktgrill\u201d: direkt v\u00e4rme\u00f6verf\u00f6ring [&hellip;]\" \/>\n<meta property=\"og:url\" content=\"https:\/\/shop.noor.fi\/sv\/produkt\/kontaktgrill-kg-2025\/\" \/>\n<meta property=\"og:site_name\" content=\"Oy Noortrade Ab\" \/>\n<meta property=\"article:modified_time\" content=\"2026-04-22T12:57:45+00:00\" \/>\n<meta property=\"og:image\" content=\"https:\/\/shop.noor.fi\/wp-content\/uploads\/2026\/01\/RB-KG2025.jpg\" \/>\n\t<meta property=\"og:image:width\" content=\"1000\" \/>\n\t<meta property=\"og:image:height\" content=\"1000\" \/>\n\t<meta property=\"og:image:type\" content=\"image\/jpeg\" \/>\n<meta name=\"twitter:card\" content=\"summary_large_image\" \/>\n<meta name=\"twitter:label1\" content=\"Ber\u00e4knad l\u00e4stid\" \/>\n\t<meta name=\"twitter:data1\" content=\"2 minuter\" \/>\n<script type=\"application\/ld+json\" class=\"yoast-schema-graph\">{\"@context\":\"https:\\\/\\\/schema.org\",\"@graph\":[{\"@type\":\"WebPage\",\"@id\":\"https:\\\/\\\/shop.noor.fi\\\/sv\\\/produkt\\\/kontaktgrill-kg-2025\\\/\",\"url\":\"https:\\\/\\\/shop.noor.fi\\\/sv\\\/produkt\\\/kontaktgrill-kg-2025\\\/\",\"name\":\"Kontaktgrill KG 2025 - Oy Noortrade Ab\",\"isPartOf\":{\"@id\":\"https:\\\/\\\/shopnoorfi-wp31835.test.cchosting.fi\\\/#website\"},\"primaryImageOfPage\":{\"@id\":\"https:\\\/\\\/shop.noor.fi\\\/sv\\\/produkt\\\/kontaktgrill-kg-2025\\\/#primaryimage\"},\"image\":{\"@id\":\"https:\\\/\\\/shop.noor.fi\\\/sv\\\/produkt\\\/kontaktgrill-kg-2025\\\/#primaryimage\"},\"thumbnailUrl\":\"https:\\\/\\\/shop.noor.fi\\\/wp-content\\\/uploads\\\/2026\\\/01\\\/RB-KG2025.jpg\",\"datePublished\":\"2026-01-29T11:34:58+00:00\",\"dateModified\":\"2026-04-22T12:57:45+00:00\",\"breadcrumb\":{\"@id\":\"https:\\\/\\\/shop.noor.fi\\\/sv\\\/produkt\\\/kontaktgrill-kg-2025\\\/#breadcrumb\"},\"inLanguage\":\"sv-SE\",\"potentialAction\":[{\"@type\":\"ReadAction\",\"target\":[\"https:\\\/\\\/shop.noor.fi\\\/sv\\\/produkt\\\/kontaktgrill-kg-2025\\\/\"]}]},{\"@type\":\"ImageObject\",\"inLanguage\":\"sv-SE\",\"@id\":\"https:\\\/\\\/shop.noor.fi\\\/sv\\\/produkt\\\/kontaktgrill-kg-2025\\\/#primaryimage\",\"url\":\"https:\\\/\\\/shop.noor.fi\\\/wp-content\\\/uploads\\\/2026\\\/01\\\/RB-KG2025.jpg\",\"contentUrl\":\"https:\\\/\\\/shop.noor.fi\\\/wp-content\\\/uploads\\\/2026\\\/01\\\/RB-KG2025.jpg\",\"width\":1000,\"height\":1000},{\"@type\":\"BreadcrumbList\",\"@id\":\"https:\\\/\\\/shop.noor.fi\\\/sv\\\/produkt\\\/kontaktgrill-kg-2025\\\/#breadcrumb\",\"itemListElement\":[{\"@type\":\"ListItem\",\"position\":1,\"name\":\"Etusivu\",\"item\":\"https:\\\/\\\/shop.noor.fi\\\/sv\\\/\"},{\"@type\":\"ListItem\",\"position\":2,\"name\":\"Butik\",\"item\":\"https:\\\/\\\/shopnoorfi-wp31835.test.cchosting.fi\\\/sv\\\/butik\\\/\"},{\"@type\":\"ListItem\",\"position\":3,\"name\":\"Kontaktgrill KG 2025\"}]},{\"@type\":\"WebSite\",\"@id\":\"https:\\\/\\\/shopnoorfi-wp31835.test.cchosting.fi\\\/#website\",\"url\":\"https:\\\/\\\/shopnoorfi-wp31835.test.cchosting.fi\\\/\",\"name\":\"Oy Noortrade Ab\",\"description\":\"Finnish family owned company with over 30 years of professional experience in lighting &amp; interior products import and sales - reliably.\",\"publisher\":{\"@id\":\"https:\\\/\\\/shopnoorfi-wp31835.test.cchosting.fi\\\/#organization\"},\"potentialAction\":[{\"@type\":\"SearchAction\",\"target\":{\"@type\":\"EntryPoint\",\"urlTemplate\":\"https:\\\/\\\/shopnoorfi-wp31835.test.cchosting.fi\\\/?s={search_term_string}\"},\"query-input\":{\"@type\":\"PropertyValueSpecification\",\"valueRequired\":true,\"valueName\":\"search_term_string\"}}],\"inLanguage\":\"sv-SE\"},{\"@type\":\"Organization\",\"@id\":\"https:\\\/\\\/shopnoorfi-wp31835.test.cchosting.fi\\\/#organization\",\"name\":\"Oy Noortrade Ab\",\"url\":\"https:\\\/\\\/shopnoorfi-wp31835.test.cchosting.fi\\\/\",\"logo\":{\"@type\":\"ImageObject\",\"inLanguage\":\"sv-SE\",\"@id\":\"https:\\\/\\\/shopnoorfi-wp31835.test.cchosting.fi\\\/#\\\/schema\\\/logo\\\/image\\\/\",\"url\":\"https:\\\/\\\/shop.noor.fi\\\/wp-content\\\/uploads\\\/2024\\\/01\\\/Oy-Noortrade-Ab-Corbel-VERSAL-bold-BLACK.png\",\"contentUrl\":\"https:\\\/\\\/shop.noor.fi\\\/wp-content\\\/uploads\\\/2024\\\/01\\\/Oy-Noortrade-Ab-Corbel-VERSAL-bold-BLACK.png\",\"width\":721,\"height\":177,\"caption\":\"Oy Noortrade Ab\"},\"image\":{\"@id\":\"https:\\\/\\\/shopnoorfi-wp31835.test.cchosting.fi\\\/#\\\/schema\\\/logo\\\/image\\\/\"}}]}<\/script>\n<!-- \/ Yoast SEO plugin. -->","yoast_head_json":{"title":"Kontaktgrill KG 2025 - Oy Noortrade Ab","robots":{"index":"index","follow":"follow","max-snippet":"max-snippet:-1","max-image-preview":"max-image-preview:large","max-video-preview":"max-video-preview:-1"},"canonical":"https:\/\/shop.noor.fi\/sv\/produkt\/kontaktgrill-kg-2025\/","og_locale":"sv_SE","og_type":"article","og_title":"Kontaktgrill KG 2025 - Oy Noortrade Ab","og_description":"I k\u00f6ket eller i tr\u00e4dg\u00e5rden, p\u00e5 balkongen eller p\u00e5 terrassen \u2013 denna m\u00e5ngsidiga kontaktgrill \u00e4r redo f\u00f6r grillning p\u00e5 bara n\u00e5gra minuter. Tack vare de olika grillplattorna med den senaste keramiska bel\u00e4ggningen \u00e4r denna apparat inte bara idealisk f\u00f6r klassisk kontaktgrillning, utan \u00e4ven f\u00f6r gratinering och \u00f6ppen grillning som bordsgrill: &#8211; L\u00e4ge \u201dKontaktgrill\u201d: direkt v\u00e4rme\u00f6verf\u00f6ring [&hellip;]","og_url":"https:\/\/shop.noor.fi\/sv\/produkt\/kontaktgrill-kg-2025\/","og_site_name":"Oy Noortrade Ab","article_modified_time":"2026-04-22T12:57:45+00:00","og_image":[{"width":1000,"height":1000,"url":"https:\/\/shop.noor.fi\/wp-content\/uploads\/2026\/01\/RB-KG2025.jpg","type":"image\/jpeg"}],"twitter_card":"summary_large_image","twitter_misc":{"Ber\u00e4knad l\u00e4stid":"2 minuter"},"schema":{"@context":"https:\/\/schema.org","@graph":[{"@type":"WebPage","@id":"https:\/\/shop.noor.fi\/sv\/produkt\/kontaktgrill-kg-2025\/","url":"https:\/\/shop.noor.fi\/sv\/produkt\/kontaktgrill-kg-2025\/","name":"Kontaktgrill KG 2025 - Oy Noortrade Ab","isPartOf":{"@id":"https:\/\/shopnoorfi-wp31835.test.cchosting.fi\/#website"},"primaryImageOfPage":{"@id":"https:\/\/shop.noor.fi\/sv\/produkt\/kontaktgrill-kg-2025\/#primaryimage"},"image":{"@id":"https:\/\/shop.noor.fi\/sv\/produkt\/kontaktgrill-kg-2025\/#primaryimage"},"thumbnailUrl":"https:\/\/shop.noor.fi\/wp-content\/uploads\/2026\/01\/RB-KG2025.jpg","datePublished":"2026-01-29T11:34:58+00:00","dateModified":"2026-04-22T12:57:45+00:00","breadcrumb":{"@id":"https:\/\/shop.noor.fi\/sv\/produkt\/kontaktgrill-kg-2025\/#breadcrumb"},"inLanguage":"sv-SE","potentialAction":[{"@type":"ReadAction","target":["https:\/\/shop.noor.fi\/sv\/produkt\/kontaktgrill-kg-2025\/"]}]},{"@type":"ImageObject","inLanguage":"sv-SE","@id":"https:\/\/shop.noor.fi\/sv\/produkt\/kontaktgrill-kg-2025\/#primaryimage","url":"https:\/\/shop.noor.fi\/wp-content\/uploads\/2026\/01\/RB-KG2025.jpg","contentUrl":"https:\/\/shop.noor.fi\/wp-content\/uploads\/2026\/01\/RB-KG2025.jpg","width":1000,"height":1000},{"@type":"BreadcrumbList","@id":"https:\/\/shop.noor.fi\/sv\/produkt\/kontaktgrill-kg-2025\/#breadcrumb","itemListElement":[{"@type":"ListItem","position":1,"name":"Etusivu","item":"https:\/\/shop.noor.fi\/sv\/"},{"@type":"ListItem","position":2,"name":"Butik","item":"https:\/\/shopnoorfi-wp31835.test.cchosting.fi\/sv\/butik\/"},{"@type":"ListItem","position":3,"name":"Kontaktgrill KG 2025"}]},{"@type":"WebSite","@id":"https:\/\/shopnoorfi-wp31835.test.cchosting.fi\/#website","url":"https:\/\/shopnoorfi-wp31835.test.cchosting.fi\/","name":"Oy Noortrade Ab","description":"Finnish family owned company with over 30 years of professional experience in lighting &amp; interior products import and sales - reliably.","publisher":{"@id":"https:\/\/shopnoorfi-wp31835.test.cchosting.fi\/#organization"},"potentialAction":[{"@type":"SearchAction","target":{"@type":"EntryPoint","urlTemplate":"https:\/\/shopnoorfi-wp31835.test.cchosting.fi\/?s={search_term_string}"},"query-input":{"@type":"PropertyValueSpecification","valueRequired":true,"valueName":"search_term_string"}}],"inLanguage":"sv-SE"},{"@type":"Organization","@id":"https:\/\/shopnoorfi-wp31835.test.cchosting.fi\/#organization","name":"Oy Noortrade Ab","url":"https:\/\/shopnoorfi-wp31835.test.cchosting.fi\/","logo":{"@type":"ImageObject","inLanguage":"sv-SE","@id":"https:\/\/shopnoorfi-wp31835.test.cchosting.fi\/#\/schema\/logo\/image\/","url":"https:\/\/shop.noor.fi\/wp-content\/uploads\/2024\/01\/Oy-Noortrade-Ab-Corbel-VERSAL-bold-BLACK.png","contentUrl":"https:\/\/shop.noor.fi\/wp-content\/uploads\/2024\/01\/Oy-Noortrade-Ab-Corbel-VERSAL-bold-BLACK.png","width":721,"height":177,"caption":"Oy Noortrade Ab"},"image":{"@id":"https:\/\/shopnoorfi-wp31835.test.cchosting.fi\/#\/schema\/logo\/image\/"}}]}},"brands":[{"id":37696,"name":"Rommelsbacher","slug":"rommelsbacher-sv"}],"_links":{"self":[{"href":"https:\/\/shop.noor.fi\/sv\/wp-json\/wp\/v2\/product\/145144","targetHints":{"allow":["GET"]}}],"collection":[{"href":"https:\/\/shop.noor.fi\/sv\/wp-json\/wp\/v2\/product"}],"about":[{"href":"https:\/\/shop.noor.fi\/sv\/wp-json\/wp\/v2\/types\/product"}],"replies":[{"embeddable":true,"href":"https:\/\/shop.noor.fi\/sv\/wp-json\/wp\/v2\/comments?post=145144"}],"wp:featuredmedia":[{"embeddable":true,"href":"https:\/\/shop.noor.fi\/sv\/wp-json\/wp\/v2\/media\/145046"}],"wp:attachment":[{"href":"https:\/\/shop.noor.fi\/sv\/wp-json\/wp\/v2\/media?parent=145144"}],"wp:term":[{"taxonomy":"pwb-brand","embeddable":true,"href":"https:\/\/shop.noor.fi\/sv\/wp-json\/wp\/v2\/pwb-brand?post=145144"},{"taxonomy":"product_brand","embeddable":true,"href":"https:\/\/shop.noor.fi\/sv\/wp-json\/wp\/v2\/product_brand?post=145144"},{"taxonomy":"product_cat","embeddable":true,"href":"https:\/\/shop.noor.fi\/sv\/wp-json\/wp\/v2\/product_cat?post=145144"},{"taxonomy":"product_tag","embeddable":true,"href":"https:\/\/shop.noor.fi\/sv\/wp-json\/wp\/v2\/product_tag?post=145144"}],"curies":[{"name":"wp","href":"https:\/\/api.w.org\/{rel}","templated":true}]}}