{"id":145033,"date":"2026-01-29T13:31:13","date_gmt":"2026-01-29T11:31:13","guid":{"rendered":"https:\/\/shop.noor.fi\/product\/blender-mx-1260\/"},"modified":"2026-02-25T17:21:25","modified_gmt":"2026-02-25T15:21:25","slug":"blender-mx-1260","status":"publish","type":"product","link":"https:\/\/shop.noor.fi\/sv\/produkt\/blender-mx-1260\/","title":{"rendered":"Blender MX 1260"},"content":{"rendered":"<p>Rommelsbacher MX 1260 mixer med sin kraftfulla 1200 watts motor och upp till 22 000 varv\/min hastighet ger perfekt resultat p\u00e5 n\u00e5gra sekunder. Oavsett om det g\u00e4ller kr\u00e4miga smoothies, uppfriskande cocktails eller krossad is \u2013 8-stegs hastighetskontrollen och den praktiska pulsfunktionen s\u00e4kerst\u00e4ller optimala resultat varje g\u00e5ng. Tv\u00e5 automatiska program (&#8221;Smoothie&#8221; och &#8221;Ice Crush&#8221;) m\u00f6jligg\u00f6r en enkel, snabb och p\u00e5litlig tillagning med en enda knapptryckning. Det robusta bladet i rostfritt st\u00e5l hackar \u00e4ven h\u00e5rda ingredienser utan anstr\u00e4ngning och \u00e4r dessutom l\u00e4tt att reng\u00f6ra. Den solida glaskannan med m\u00e5ttskala, pip och praktisk p\u00e5fyllnings\u00f6ppning garanterar enkel hantering. Den medf\u00f6ljande tryckstaven s\u00e4kerst\u00e4ller att ingredienserna bearbetas optimalt. De omfattande s\u00e4kerhetsfunktionerna som \u00f6verhettningsskydd, anti-slip f\u00f6tter och automatisk avst\u00e4ngning om glaset inte sitter korrekt, s\u00e4kerst\u00e4ller maximal drifts\u00e4kerhet. MX 1260 kan tas is\u00e4r helt och \u00e4r l\u00e4tt att reng\u00f6ra, vilket g\u00f6r den till en oumb\u00e4rlig, kraftfull och s\u00e4ker k\u00f6kshj\u00e4lpreda f\u00f6r varje dag.<\/p>\n<p>Fyrdubbelt s\u00e4kerhetssystem f\u00f6r maximalt skydd:<br \/>\n&#8211; Kan endast anv\u00e4ndas med locket st\u00e4ngt<br \/>\n&#8211; Drift endast m\u00f6jlig med glaskannan i r\u00e4tt l\u00e4ge<br \/>\n&#8211; \u00d6verhettningsskydd av motorn<br \/>\n&#8211; GS-testad s\u00e4kerhet (testinstitut: SGS)<br \/>\n1200 W effekt, upp till 22 000 varv per minut f\u00f6r b\u00e4sta effektivitet<br \/>\nHastighetsreglering i 8 niv\u00e5er och pulsfunktion<br \/>\nStor kontrollvridknapp med LED-display<br \/>\n2 automatiska program &#8221;Ice Crush&#8221; och &#8221;Smoothie&#8221;<br \/>\nH\u00f6gkvalitativ, mycket effektiv specialkniv med 6 blad i rostfritt st\u00e5l, avtagbar f\u00f6r enkel reng\u00f6ring<br \/>\nSolid 1,5 liters glaskanna med m\u00e5ttskala och pip<br \/>\nAvtagbart lock med refill\u00f6ppning<br \/>\nTryckstav<br \/>\n4 anti-slip f\u00f6tter h\u00e5ller apparaten p\u00e5 plats under anv\u00e4ndning<\/p>\n","protected":false},"excerpt":{"rendered":"<p>Rommelsbacher MX 1260 mixer med sin kraftfulla 1200 watts motor och upp till 22 000 varv\/min hastighet ger perfekt resultat p\u00e5 n\u00e5gra sekunder. Oavsett om det g\u00e4ller kr\u00e4miga smoothies, uppfriskande cocktails eller krossad is \u2013 8-stegs hastighetskontrollen och den praktiska pulsfunktionen s\u00e4kerst\u00e4ller optimala resultat varje g\u00e5ng. Tv\u00e5 automatiska program (&#8221;Smoothie&#8221; och &#8221;Ice Crush&#8221;) m\u00f6jligg\u00f6r en [&hellip;]<\/p>\n","protected":false},"featured_media":145055,"comment_status":"open","ping_status":"closed","template":"","meta":{"_acf_changed":false,"_relevanssi_hide_post":"","_relevanssi_hide_content":"","_relevanssi_pin_for_all":"","_relevanssi_pin_keywords":"","_relevanssi_unpin_keywords":"","_relevanssi_related_keywords":"","_relevanssi_related_include_ids":"","_relevanssi_related_exclude_ids":"","_relevanssi_related_no_append":"","_relevanssi_related_not_related":"","_relevanssi_related_posts":"","_relevanssi_noindex_reason":""},"pwb-brand":[37500],"product_brand":[],"product_cat":[32082,37035],"product_tag":[],"class_list":{"0":"post-145033","1":"product","2":"type-product","3":"status-publish","4":"has-post-thumbnail","6":"pwb-brand-rommelsbacher","7":"product_cat-ovriga-nyheter","8":"product_cat-koksmaskiner","10":"first","11":"instock","12":"taxable","13":"shipping-taxable","14":"purchasable","15":"product-type-simple"},"acf":[],"yoast_head":"<!-- This site is optimized with the Yoast SEO plugin v27.5 - https:\/\/yoast.com\/product\/yoast-seo-wordpress\/ -->\n<title>Blender MX 1260 - Oy Noortrade Ab<\/title>\n<meta name=\"robots\" content=\"index, follow, max-snippet:-1, max-image-preview:large, max-video-preview:-1\" \/>\n<link rel=\"canonical\" href=\"https:\/\/shop.noor.fi\/sv\/produkt\/blender-mx-1260\/\" \/>\n<meta property=\"og:locale\" content=\"sv_SE\" \/>\n<meta property=\"og:type\" content=\"article\" \/>\n<meta property=\"og:title\" content=\"Blender MX 1260 - Oy Noortrade Ab\" \/>\n<meta property=\"og:description\" content=\"Rommelsbacher MX 1260 mixer med sin kraftfulla 1200 watts motor och upp till 22 000 varv\/min hastighet ger perfekt resultat p\u00e5 n\u00e5gra sekunder. Oavsett om det g\u00e4ller kr\u00e4miga smoothies, uppfriskande cocktails eller krossad is \u2013 8-stegs hastighetskontrollen och den praktiska pulsfunktionen s\u00e4kerst\u00e4ller optimala resultat varje g\u00e5ng. Tv\u00e5 automatiska program (&#8221;Smoothie&#8221; och &#8221;Ice Crush&#8221;) m\u00f6jligg\u00f6r en [&hellip;]\" \/>\n<meta property=\"og:url\" content=\"https:\/\/shop.noor.fi\/sv\/produkt\/blender-mx-1260\/\" \/>\n<meta property=\"og:site_name\" content=\"Oy Noortrade Ab\" \/>\n<meta property=\"article:modified_time\" content=\"2026-02-25T15:21:25+00:00\" \/>\n<meta property=\"og:image\" content=\"https:\/\/shop.noor.fi\/wp-content\/uploads\/2026\/01\/RB-MX1260.jpg\" \/>\n\t<meta property=\"og:image:width\" content=\"1000\" \/>\n\t<meta property=\"og:image:height\" content=\"1000\" \/>\n\t<meta property=\"og:image:type\" content=\"image\/jpeg\" \/>\n<meta name=\"twitter:card\" content=\"summary_large_image\" \/>\n<meta name=\"twitter:label1\" content=\"Ber\u00e4knad l\u00e4stid\" \/>\n\t<meta name=\"twitter:data1\" content=\"2 minuter\" \/>\n<script type=\"application\/ld+json\" class=\"yoast-schema-graph\">{\"@context\":\"https:\\\/\\\/schema.org\",\"@graph\":[{\"@type\":\"WebPage\",\"@id\":\"https:\\\/\\\/shop.noor.fi\\\/sv\\\/produkt\\\/blender-mx-1260\\\/\",\"url\":\"https:\\\/\\\/shop.noor.fi\\\/sv\\\/produkt\\\/blender-mx-1260\\\/\",\"name\":\"Blender MX 1260 - Oy Noortrade Ab\",\"isPartOf\":{\"@id\":\"https:\\\/\\\/shopnoorfi-wp31835.test.cchosting.fi\\\/#website\"},\"primaryImageOfPage\":{\"@id\":\"https:\\\/\\\/shop.noor.fi\\\/sv\\\/produkt\\\/blender-mx-1260\\\/#primaryimage\"},\"image\":{\"@id\":\"https:\\\/\\\/shop.noor.fi\\\/sv\\\/produkt\\\/blender-mx-1260\\\/#primaryimage\"},\"thumbnailUrl\":\"https:\\\/\\\/shop.noor.fi\\\/wp-content\\\/uploads\\\/2026\\\/01\\\/RB-MX1260.jpg\",\"datePublished\":\"2026-01-29T11:31:13+00:00\",\"dateModified\":\"2026-02-25T15:21:25+00:00\",\"breadcrumb\":{\"@id\":\"https:\\\/\\\/shop.noor.fi\\\/sv\\\/produkt\\\/blender-mx-1260\\\/#breadcrumb\"},\"inLanguage\":\"sv-SE\",\"potentialAction\":[{\"@type\":\"ReadAction\",\"target\":[\"https:\\\/\\\/shop.noor.fi\\\/sv\\\/produkt\\\/blender-mx-1260\\\/\"]}]},{\"@type\":\"ImageObject\",\"inLanguage\":\"sv-SE\",\"@id\":\"https:\\\/\\\/shop.noor.fi\\\/sv\\\/produkt\\\/blender-mx-1260\\\/#primaryimage\",\"url\":\"https:\\\/\\\/shop.noor.fi\\\/wp-content\\\/uploads\\\/2026\\\/01\\\/RB-MX1260.jpg\",\"contentUrl\":\"https:\\\/\\\/shop.noor.fi\\\/wp-content\\\/uploads\\\/2026\\\/01\\\/RB-MX1260.jpg\",\"width\":1000,\"height\":1000},{\"@type\":\"BreadcrumbList\",\"@id\":\"https:\\\/\\\/shop.noor.fi\\\/sv\\\/produkt\\\/blender-mx-1260\\\/#breadcrumb\",\"itemListElement\":[{\"@type\":\"ListItem\",\"position\":1,\"name\":\"Etusivu\",\"item\":\"https:\\\/\\\/shop.noor.fi\\\/sv\\\/\"},{\"@type\":\"ListItem\",\"position\":2,\"name\":\"Butik\",\"item\":\"https:\\\/\\\/shopnoorfi-wp31835.test.cchosting.fi\\\/sv\\\/butik\\\/\"},{\"@type\":\"ListItem\",\"position\":3,\"name\":\"Blender MX 1260\"}]},{\"@type\":\"WebSite\",\"@id\":\"https:\\\/\\\/shopnoorfi-wp31835.test.cchosting.fi\\\/#website\",\"url\":\"https:\\\/\\\/shopnoorfi-wp31835.test.cchosting.fi\\\/\",\"name\":\"Oy Noortrade Ab\",\"description\":\"Finnish family owned company with over 30 years of professional experience in lighting &amp; interior products import and sales - reliably.\",\"publisher\":{\"@id\":\"https:\\\/\\\/shopnoorfi-wp31835.test.cchosting.fi\\\/#organization\"},\"potentialAction\":[{\"@type\":\"SearchAction\",\"target\":{\"@type\":\"EntryPoint\",\"urlTemplate\":\"https:\\\/\\\/shopnoorfi-wp31835.test.cchosting.fi\\\/?s={search_term_string}\"},\"query-input\":{\"@type\":\"PropertyValueSpecification\",\"valueRequired\":true,\"valueName\":\"search_term_string\"}}],\"inLanguage\":\"sv-SE\"},{\"@type\":\"Organization\",\"@id\":\"https:\\\/\\\/shopnoorfi-wp31835.test.cchosting.fi\\\/#organization\",\"name\":\"Oy Noortrade Ab\",\"url\":\"https:\\\/\\\/shopnoorfi-wp31835.test.cchosting.fi\\\/\",\"logo\":{\"@type\":\"ImageObject\",\"inLanguage\":\"sv-SE\",\"@id\":\"https:\\\/\\\/shopnoorfi-wp31835.test.cchosting.fi\\\/#\\\/schema\\\/logo\\\/image\\\/\",\"url\":\"https:\\\/\\\/shop.noor.fi\\\/wp-content\\\/uploads\\\/2024\\\/01\\\/Oy-Noortrade-Ab-Corbel-VERSAL-bold-BLACK.png\",\"contentUrl\":\"https:\\\/\\\/shop.noor.fi\\\/wp-content\\\/uploads\\\/2024\\\/01\\\/Oy-Noortrade-Ab-Corbel-VERSAL-bold-BLACK.png\",\"width\":721,\"height\":177,\"caption\":\"Oy Noortrade Ab\"},\"image\":{\"@id\":\"https:\\\/\\\/shopnoorfi-wp31835.test.cchosting.fi\\\/#\\\/schema\\\/logo\\\/image\\\/\"}}]}<\/script>\n<!-- \/ Yoast SEO plugin. -->","yoast_head_json":{"title":"Blender MX 1260 - Oy Noortrade Ab","robots":{"index":"index","follow":"follow","max-snippet":"max-snippet:-1","max-image-preview":"max-image-preview:large","max-video-preview":"max-video-preview:-1"},"canonical":"https:\/\/shop.noor.fi\/sv\/produkt\/blender-mx-1260\/","og_locale":"sv_SE","og_type":"article","og_title":"Blender MX 1260 - Oy Noortrade Ab","og_description":"Rommelsbacher MX 1260 mixer med sin kraftfulla 1200 watts motor och upp till 22 000 varv\/min hastighet ger perfekt resultat p\u00e5 n\u00e5gra sekunder. Oavsett om det g\u00e4ller kr\u00e4miga smoothies, uppfriskande cocktails eller krossad is \u2013 8-stegs hastighetskontrollen och den praktiska pulsfunktionen s\u00e4kerst\u00e4ller optimala resultat varje g\u00e5ng. Tv\u00e5 automatiska program (&#8221;Smoothie&#8221; och &#8221;Ice Crush&#8221;) m\u00f6jligg\u00f6r en [&hellip;]","og_url":"https:\/\/shop.noor.fi\/sv\/produkt\/blender-mx-1260\/","og_site_name":"Oy Noortrade Ab","article_modified_time":"2026-02-25T15:21:25+00:00","og_image":[{"width":1000,"height":1000,"url":"https:\/\/shop.noor.fi\/wp-content\/uploads\/2026\/01\/RB-MX1260.jpg","type":"image\/jpeg"}],"twitter_card":"summary_large_image","twitter_misc":{"Ber\u00e4knad l\u00e4stid":"2 minuter"},"schema":{"@context":"https:\/\/schema.org","@graph":[{"@type":"WebPage","@id":"https:\/\/shop.noor.fi\/sv\/produkt\/blender-mx-1260\/","url":"https:\/\/shop.noor.fi\/sv\/produkt\/blender-mx-1260\/","name":"Blender MX 1260 - Oy Noortrade Ab","isPartOf":{"@id":"https:\/\/shopnoorfi-wp31835.test.cchosting.fi\/#website"},"primaryImageOfPage":{"@id":"https:\/\/shop.noor.fi\/sv\/produkt\/blender-mx-1260\/#primaryimage"},"image":{"@id":"https:\/\/shop.noor.fi\/sv\/produkt\/blender-mx-1260\/#primaryimage"},"thumbnailUrl":"https:\/\/shop.noor.fi\/wp-content\/uploads\/2026\/01\/RB-MX1260.jpg","datePublished":"2026-01-29T11:31:13+00:00","dateModified":"2026-02-25T15:21:25+00:00","breadcrumb":{"@id":"https:\/\/shop.noor.fi\/sv\/produkt\/blender-mx-1260\/#breadcrumb"},"inLanguage":"sv-SE","potentialAction":[{"@type":"ReadAction","target":["https:\/\/shop.noor.fi\/sv\/produkt\/blender-mx-1260\/"]}]},{"@type":"ImageObject","inLanguage":"sv-SE","@id":"https:\/\/shop.noor.fi\/sv\/produkt\/blender-mx-1260\/#primaryimage","url":"https:\/\/shop.noor.fi\/wp-content\/uploads\/2026\/01\/RB-MX1260.jpg","contentUrl":"https:\/\/shop.noor.fi\/wp-content\/uploads\/2026\/01\/RB-MX1260.jpg","width":1000,"height":1000},{"@type":"BreadcrumbList","@id":"https:\/\/shop.noor.fi\/sv\/produkt\/blender-mx-1260\/#breadcrumb","itemListElement":[{"@type":"ListItem","position":1,"name":"Etusivu","item":"https:\/\/shop.noor.fi\/sv\/"},{"@type":"ListItem","position":2,"name":"Butik","item":"https:\/\/shopnoorfi-wp31835.test.cchosting.fi\/sv\/butik\/"},{"@type":"ListItem","position":3,"name":"Blender MX 1260"}]},{"@type":"WebSite","@id":"https:\/\/shopnoorfi-wp31835.test.cchosting.fi\/#website","url":"https:\/\/shopnoorfi-wp31835.test.cchosting.fi\/","name":"Oy Noortrade Ab","description":"Finnish family owned company with over 30 years of professional experience in lighting &amp; interior products import and sales - reliably.","publisher":{"@id":"https:\/\/shopnoorfi-wp31835.test.cchosting.fi\/#organization"},"potentialAction":[{"@type":"SearchAction","target":{"@type":"EntryPoint","urlTemplate":"https:\/\/shopnoorfi-wp31835.test.cchosting.fi\/?s={search_term_string}"},"query-input":{"@type":"PropertyValueSpecification","valueRequired":true,"valueName":"search_term_string"}}],"inLanguage":"sv-SE"},{"@type":"Organization","@id":"https:\/\/shopnoorfi-wp31835.test.cchosting.fi\/#organization","name":"Oy Noortrade Ab","url":"https:\/\/shopnoorfi-wp31835.test.cchosting.fi\/","logo":{"@type":"ImageObject","inLanguage":"sv-SE","@id":"https:\/\/shopnoorfi-wp31835.test.cchosting.fi\/#\/schema\/logo\/image\/","url":"https:\/\/shop.noor.fi\/wp-content\/uploads\/2024\/01\/Oy-Noortrade-Ab-Corbel-VERSAL-bold-BLACK.png","contentUrl":"https:\/\/shop.noor.fi\/wp-content\/uploads\/2024\/01\/Oy-Noortrade-Ab-Corbel-VERSAL-bold-BLACK.png","width":721,"height":177,"caption":"Oy Noortrade Ab"},"image":{"@id":"https:\/\/shopnoorfi-wp31835.test.cchosting.fi\/#\/schema\/logo\/image\/"}}]}},"brands":[{"id":37500,"name":"Rommelsbacher","slug":"rommelsbacher"}],"_links":{"self":[{"href":"https:\/\/shop.noor.fi\/sv\/wp-json\/wp\/v2\/product\/145033","targetHints":{"allow":["GET"]}}],"collection":[{"href":"https:\/\/shop.noor.fi\/sv\/wp-json\/wp\/v2\/product"}],"about":[{"href":"https:\/\/shop.noor.fi\/sv\/wp-json\/wp\/v2\/types\/product"}],"replies":[{"embeddable":true,"href":"https:\/\/shop.noor.fi\/sv\/wp-json\/wp\/v2\/comments?post=145033"}],"wp:featuredmedia":[{"embeddable":true,"href":"https:\/\/shop.noor.fi\/sv\/wp-json\/wp\/v2\/media\/145055"}],"wp:attachment":[{"href":"https:\/\/shop.noor.fi\/sv\/wp-json\/wp\/v2\/media?parent=145033"}],"wp:term":[{"taxonomy":"pwb-brand","embeddable":true,"href":"https:\/\/shop.noor.fi\/sv\/wp-json\/wp\/v2\/pwb-brand?post=145033"},{"taxonomy":"product_brand","embeddable":true,"href":"https:\/\/shop.noor.fi\/sv\/wp-json\/wp\/v2\/product_brand?post=145033"},{"taxonomy":"product_cat","embeddable":true,"href":"https:\/\/shop.noor.fi\/sv\/wp-json\/wp\/v2\/product_cat?post=145033"},{"taxonomy":"product_tag","embeddable":true,"href":"https:\/\/shop.noor.fi\/sv\/wp-json\/wp\/v2\/product_tag?post=145033"}],"curies":[{"name":"wp","href":"https:\/\/api.w.org\/{rel}","templated":true}]}}