{"id":144722,"date":"2026-01-29T13:31:17","date_gmt":"2026-01-29T11:31:17","guid":{"rendered":"https:\/\/shop.noor.fi\/product\/hackare-mz-800\/"},"modified":"2026-02-25T13:33:18","modified_gmt":"2026-02-25T11:33:18","slug":"hackare-mz-800","status":"publish","type":"product","link":"https:\/\/shop.noor.fi\/sv\/produkt\/hackare-mz-800\/","title":{"rendered":"Hackare MZ 800"},"content":{"rendered":"<p>Ibland beh\u00f6ver man bara lite mer! Och just f\u00f6r detta har Rommelsbacher utvecklat den h\u00f6gkvalitativa extrastora multihackaren MZ 800. Hacka, sk\u00e4ra, mixa \u2013 med ett l\u00e4tt tryck p\u00e5 start\/stopp-knappen bearbetar apparaten l\u00f6k, \u00f6rter, gr\u00f6nsaker, frukt, n\u00f6tter, k\u00f6tt och mer. Bladets hastighet kan regleras i 22 l\u00e4gen s\u00e5 att all mat \u00e4r perfekt hackad och varje blandning perfekt tillagad. H\u00e4lsosamma, vitaminrika r\u00e5a gr\u00f6nsakssallader, kr\u00e4miga p\u00e5l\u00e4gg, fantasifulla dipps\u00e5ser, pesto och mycket mer skapas p\u00e5 nolltid. Det 9-vingade bladet \u00e4r tillverkat av rostfritt st\u00e5l, fungerar mycket effektivt tack vare sin placering och ger perfekta resultat. Beh\u00e5llaren i klarglas \u00e4r ytterst robust, smak- och luktneutral, hygienisk och mycket l\u00e4tt att reng\u00f6ra. En kraftfull men tyst och l\u00e5gvibrerande motor klarar alla uppgifter du \u00f6nskar. De integrerade s\u00e4kerhetsfunktionerna g\u00f6r arbetet s\u00e4kert. Alla l\u00f6stagbara delar kan s\u00e4ttas in i diskmaskin f\u00f6r att s\u00e4kerst\u00e4lla en enkel reng\u00f6ring.<\/p>\n<p>H\u00f6lje i rostfritt st\u00e5l<br \/>\nKraftfull l\u00e5gvibrerande och tyst motor<br \/>\nRobust drivsystem: bladaxel och motorkoppling i rostfritt st\u00e5l<br \/>\nRobust XXL-glasbeh\u00e5llare 2,7 l, transparent lock med t\u00e4tning<br \/>\n9-vingat specialblad i rostfritt st\u00e5l, avtagbart f\u00f6r enkel reng\u00f6ring<br \/>\n22-stegs hastighetsreglering av knivenheten, start\/stopp knapp<br \/>\nMaximal s\u00e4kerhet: s\u00e4kerhetssystem mot oavsiktlig aktivering, start endast m\u00f6jlig med locket p\u00e5, autostopp vid \u00f6verhettning, halkfri bottenring, knivskydd<br \/>\nAlla avtagbara delar t\u00e5l diskmaskin<\/p>\n","protected":false},"excerpt":{"rendered":"<p>Ibland beh\u00f6ver man bara lite mer! Och just f\u00f6r detta har Rommelsbacher utvecklat den h\u00f6gkvalitativa extrastora multihackaren MZ 800. Hacka, sk\u00e4ra, mixa \u2013 med ett l\u00e4tt tryck p\u00e5 start\/stopp-knappen bearbetar apparaten l\u00f6k, \u00f6rter, gr\u00f6nsaker, frukt, n\u00f6tter, k\u00f6tt och mer. Bladets hastighet kan regleras i 22 l\u00e4gen s\u00e5 att all mat \u00e4r perfekt hackad och varje [&hellip;]<\/p>\n","protected":false},"featured_media":145065,"comment_status":"open","ping_status":"closed","template":"","meta":{"_acf_changed":false,"_relevanssi_hide_post":"","_relevanssi_hide_content":"","_relevanssi_pin_for_all":"","_relevanssi_pin_keywords":"","_relevanssi_unpin_keywords":"","_relevanssi_related_keywords":"","_relevanssi_related_include_ids":"","_relevanssi_related_exclude_ids":"","_relevanssi_related_no_append":"","_relevanssi_related_not_related":"","_relevanssi_related_posts":"","_relevanssi_noindex_reason":""},"pwb-brand":[37500],"product_brand":[],"product_cat":[32082,37035],"product_tag":[],"class_list":{"0":"post-144722","1":"product","2":"type-product","3":"status-publish","4":"has-post-thumbnail","6":"pwb-brand-rommelsbacher","7":"product_cat-ovriga-nyheter","8":"product_cat-koksmaskiner","10":"first","11":"instock","12":"taxable","13":"shipping-taxable","14":"purchasable","15":"product-type-simple"},"acf":[],"yoast_head":"<!-- This site is optimized with the Yoast SEO plugin v27.5 - https:\/\/yoast.com\/product\/yoast-seo-wordpress\/ -->\n<title>Hackare MZ 800 - Oy Noortrade Ab<\/title>\n<meta name=\"robots\" content=\"index, follow, max-snippet:-1, max-image-preview:large, max-video-preview:-1\" \/>\n<link rel=\"canonical\" href=\"https:\/\/shop.noor.fi\/sv\/produkt\/hackare-mz-800\/\" \/>\n<meta property=\"og:locale\" content=\"sv_SE\" \/>\n<meta property=\"og:type\" content=\"article\" \/>\n<meta property=\"og:title\" content=\"Hackare MZ 800 - Oy Noortrade Ab\" \/>\n<meta property=\"og:description\" content=\"Ibland beh\u00f6ver man bara lite mer! Och just f\u00f6r detta har Rommelsbacher utvecklat den h\u00f6gkvalitativa extrastora multihackaren MZ 800. Hacka, sk\u00e4ra, mixa \u2013 med ett l\u00e4tt tryck p\u00e5 start\/stopp-knappen bearbetar apparaten l\u00f6k, \u00f6rter, gr\u00f6nsaker, frukt, n\u00f6tter, k\u00f6tt och mer. Bladets hastighet kan regleras i 22 l\u00e4gen s\u00e5 att all mat \u00e4r perfekt hackad och varje [&hellip;]\" \/>\n<meta property=\"og:url\" content=\"https:\/\/shop.noor.fi\/sv\/produkt\/hackare-mz-800\/\" \/>\n<meta property=\"og:site_name\" content=\"Oy Noortrade Ab\" \/>\n<meta property=\"article:modified_time\" content=\"2026-02-25T11:33:18+00:00\" \/>\n<meta property=\"og:image\" content=\"https:\/\/shop.noor.fi\/wp-content\/uploads\/2026\/01\/RB-MZ800.jpg\" \/>\n\t<meta property=\"og:image:width\" content=\"1000\" \/>\n\t<meta property=\"og:image:height\" content=\"1000\" \/>\n\t<meta property=\"og:image:type\" content=\"image\/jpeg\" \/>\n<meta name=\"twitter:card\" content=\"summary_large_image\" \/>\n<meta name=\"twitter:label1\" content=\"Ber\u00e4knad l\u00e4stid\" \/>\n\t<meta name=\"twitter:data1\" content=\"2 minuter\" \/>\n<script type=\"application\/ld+json\" class=\"yoast-schema-graph\">{\"@context\":\"https:\\\/\\\/schema.org\",\"@graph\":[{\"@type\":\"WebPage\",\"@id\":\"https:\\\/\\\/shop.noor.fi\\\/sv\\\/produkt\\\/hackare-mz-800\\\/\",\"url\":\"https:\\\/\\\/shop.noor.fi\\\/sv\\\/produkt\\\/hackare-mz-800\\\/\",\"name\":\"Hackare MZ 800 - Oy Noortrade Ab\",\"isPartOf\":{\"@id\":\"https:\\\/\\\/shopnoorfi-wp31835.test.cchosting.fi\\\/#website\"},\"primaryImageOfPage\":{\"@id\":\"https:\\\/\\\/shop.noor.fi\\\/sv\\\/produkt\\\/hackare-mz-800\\\/#primaryimage\"},\"image\":{\"@id\":\"https:\\\/\\\/shop.noor.fi\\\/sv\\\/produkt\\\/hackare-mz-800\\\/#primaryimage\"},\"thumbnailUrl\":\"https:\\\/\\\/shop.noor.fi\\\/wp-content\\\/uploads\\\/2026\\\/01\\\/RB-MZ800.jpg\",\"datePublished\":\"2026-01-29T11:31:17+00:00\",\"dateModified\":\"2026-02-25T11:33:18+00:00\",\"breadcrumb\":{\"@id\":\"https:\\\/\\\/shop.noor.fi\\\/sv\\\/produkt\\\/hackare-mz-800\\\/#breadcrumb\"},\"inLanguage\":\"sv-SE\",\"potentialAction\":[{\"@type\":\"ReadAction\",\"target\":[\"https:\\\/\\\/shop.noor.fi\\\/sv\\\/produkt\\\/hackare-mz-800\\\/\"]}]},{\"@type\":\"ImageObject\",\"inLanguage\":\"sv-SE\",\"@id\":\"https:\\\/\\\/shop.noor.fi\\\/sv\\\/produkt\\\/hackare-mz-800\\\/#primaryimage\",\"url\":\"https:\\\/\\\/shop.noor.fi\\\/wp-content\\\/uploads\\\/2026\\\/01\\\/RB-MZ800.jpg\",\"contentUrl\":\"https:\\\/\\\/shop.noor.fi\\\/wp-content\\\/uploads\\\/2026\\\/01\\\/RB-MZ800.jpg\",\"width\":1000,\"height\":1000},{\"@type\":\"BreadcrumbList\",\"@id\":\"https:\\\/\\\/shop.noor.fi\\\/sv\\\/produkt\\\/hackare-mz-800\\\/#breadcrumb\",\"itemListElement\":[{\"@type\":\"ListItem\",\"position\":1,\"name\":\"Etusivu\",\"item\":\"https:\\\/\\\/shop.noor.fi\\\/sv\\\/\"},{\"@type\":\"ListItem\",\"position\":2,\"name\":\"Butik\",\"item\":\"https:\\\/\\\/shopnoorfi-wp31835.test.cchosting.fi\\\/sv\\\/butik\\\/\"},{\"@type\":\"ListItem\",\"position\":3,\"name\":\"Hackare MZ 800\"}]},{\"@type\":\"WebSite\",\"@id\":\"https:\\\/\\\/shopnoorfi-wp31835.test.cchosting.fi\\\/#website\",\"url\":\"https:\\\/\\\/shopnoorfi-wp31835.test.cchosting.fi\\\/\",\"name\":\"Oy Noortrade Ab\",\"description\":\"Finnish family owned company with over 30 years of professional experience in lighting &amp; interior products import and sales - reliably.\",\"publisher\":{\"@id\":\"https:\\\/\\\/shopnoorfi-wp31835.test.cchosting.fi\\\/#organization\"},\"potentialAction\":[{\"@type\":\"SearchAction\",\"target\":{\"@type\":\"EntryPoint\",\"urlTemplate\":\"https:\\\/\\\/shopnoorfi-wp31835.test.cchosting.fi\\\/?s={search_term_string}\"},\"query-input\":{\"@type\":\"PropertyValueSpecification\",\"valueRequired\":true,\"valueName\":\"search_term_string\"}}],\"inLanguage\":\"sv-SE\"},{\"@type\":\"Organization\",\"@id\":\"https:\\\/\\\/shopnoorfi-wp31835.test.cchosting.fi\\\/#organization\",\"name\":\"Oy Noortrade Ab\",\"url\":\"https:\\\/\\\/shopnoorfi-wp31835.test.cchosting.fi\\\/\",\"logo\":{\"@type\":\"ImageObject\",\"inLanguage\":\"sv-SE\",\"@id\":\"https:\\\/\\\/shopnoorfi-wp31835.test.cchosting.fi\\\/#\\\/schema\\\/logo\\\/image\\\/\",\"url\":\"https:\\\/\\\/shop.noor.fi\\\/wp-content\\\/uploads\\\/2024\\\/01\\\/Oy-Noortrade-Ab-Corbel-VERSAL-bold-BLACK.png\",\"contentUrl\":\"https:\\\/\\\/shop.noor.fi\\\/wp-content\\\/uploads\\\/2024\\\/01\\\/Oy-Noortrade-Ab-Corbel-VERSAL-bold-BLACK.png\",\"width\":721,\"height\":177,\"caption\":\"Oy Noortrade Ab\"},\"image\":{\"@id\":\"https:\\\/\\\/shopnoorfi-wp31835.test.cchosting.fi\\\/#\\\/schema\\\/logo\\\/image\\\/\"}}]}<\/script>\n<!-- \/ Yoast SEO plugin. -->","yoast_head_json":{"title":"Hackare MZ 800 - Oy Noortrade Ab","robots":{"index":"index","follow":"follow","max-snippet":"max-snippet:-1","max-image-preview":"max-image-preview:large","max-video-preview":"max-video-preview:-1"},"canonical":"https:\/\/shop.noor.fi\/sv\/produkt\/hackare-mz-800\/","og_locale":"sv_SE","og_type":"article","og_title":"Hackare MZ 800 - Oy Noortrade Ab","og_description":"Ibland beh\u00f6ver man bara lite mer! Och just f\u00f6r detta har Rommelsbacher utvecklat den h\u00f6gkvalitativa extrastora multihackaren MZ 800. Hacka, sk\u00e4ra, mixa \u2013 med ett l\u00e4tt tryck p\u00e5 start\/stopp-knappen bearbetar apparaten l\u00f6k, \u00f6rter, gr\u00f6nsaker, frukt, n\u00f6tter, k\u00f6tt och mer. Bladets hastighet kan regleras i 22 l\u00e4gen s\u00e5 att all mat \u00e4r perfekt hackad och varje [&hellip;]","og_url":"https:\/\/shop.noor.fi\/sv\/produkt\/hackare-mz-800\/","og_site_name":"Oy Noortrade Ab","article_modified_time":"2026-02-25T11:33:18+00:00","og_image":[{"width":1000,"height":1000,"url":"https:\/\/shop.noor.fi\/wp-content\/uploads\/2026\/01\/RB-MZ800.jpg","type":"image\/jpeg"}],"twitter_card":"summary_large_image","twitter_misc":{"Ber\u00e4knad l\u00e4stid":"2 minuter"},"schema":{"@context":"https:\/\/schema.org","@graph":[{"@type":"WebPage","@id":"https:\/\/shop.noor.fi\/sv\/produkt\/hackare-mz-800\/","url":"https:\/\/shop.noor.fi\/sv\/produkt\/hackare-mz-800\/","name":"Hackare MZ 800 - Oy Noortrade Ab","isPartOf":{"@id":"https:\/\/shopnoorfi-wp31835.test.cchosting.fi\/#website"},"primaryImageOfPage":{"@id":"https:\/\/shop.noor.fi\/sv\/produkt\/hackare-mz-800\/#primaryimage"},"image":{"@id":"https:\/\/shop.noor.fi\/sv\/produkt\/hackare-mz-800\/#primaryimage"},"thumbnailUrl":"https:\/\/shop.noor.fi\/wp-content\/uploads\/2026\/01\/RB-MZ800.jpg","datePublished":"2026-01-29T11:31:17+00:00","dateModified":"2026-02-25T11:33:18+00:00","breadcrumb":{"@id":"https:\/\/shop.noor.fi\/sv\/produkt\/hackare-mz-800\/#breadcrumb"},"inLanguage":"sv-SE","potentialAction":[{"@type":"ReadAction","target":["https:\/\/shop.noor.fi\/sv\/produkt\/hackare-mz-800\/"]}]},{"@type":"ImageObject","inLanguage":"sv-SE","@id":"https:\/\/shop.noor.fi\/sv\/produkt\/hackare-mz-800\/#primaryimage","url":"https:\/\/shop.noor.fi\/wp-content\/uploads\/2026\/01\/RB-MZ800.jpg","contentUrl":"https:\/\/shop.noor.fi\/wp-content\/uploads\/2026\/01\/RB-MZ800.jpg","width":1000,"height":1000},{"@type":"BreadcrumbList","@id":"https:\/\/shop.noor.fi\/sv\/produkt\/hackare-mz-800\/#breadcrumb","itemListElement":[{"@type":"ListItem","position":1,"name":"Etusivu","item":"https:\/\/shop.noor.fi\/sv\/"},{"@type":"ListItem","position":2,"name":"Butik","item":"https:\/\/shopnoorfi-wp31835.test.cchosting.fi\/sv\/butik\/"},{"@type":"ListItem","position":3,"name":"Hackare MZ 800"}]},{"@type":"WebSite","@id":"https:\/\/shopnoorfi-wp31835.test.cchosting.fi\/#website","url":"https:\/\/shopnoorfi-wp31835.test.cchosting.fi\/","name":"Oy Noortrade Ab","description":"Finnish family owned company with over 30 years of professional experience in lighting &amp; interior products import and sales - reliably.","publisher":{"@id":"https:\/\/shopnoorfi-wp31835.test.cchosting.fi\/#organization"},"potentialAction":[{"@type":"SearchAction","target":{"@type":"EntryPoint","urlTemplate":"https:\/\/shopnoorfi-wp31835.test.cchosting.fi\/?s={search_term_string}"},"query-input":{"@type":"PropertyValueSpecification","valueRequired":true,"valueName":"search_term_string"}}],"inLanguage":"sv-SE"},{"@type":"Organization","@id":"https:\/\/shopnoorfi-wp31835.test.cchosting.fi\/#organization","name":"Oy Noortrade Ab","url":"https:\/\/shopnoorfi-wp31835.test.cchosting.fi\/","logo":{"@type":"ImageObject","inLanguage":"sv-SE","@id":"https:\/\/shopnoorfi-wp31835.test.cchosting.fi\/#\/schema\/logo\/image\/","url":"https:\/\/shop.noor.fi\/wp-content\/uploads\/2024\/01\/Oy-Noortrade-Ab-Corbel-VERSAL-bold-BLACK.png","contentUrl":"https:\/\/shop.noor.fi\/wp-content\/uploads\/2024\/01\/Oy-Noortrade-Ab-Corbel-VERSAL-bold-BLACK.png","width":721,"height":177,"caption":"Oy Noortrade Ab"},"image":{"@id":"https:\/\/shopnoorfi-wp31835.test.cchosting.fi\/#\/schema\/logo\/image\/"}}]}},"brands":[{"id":37500,"name":"Rommelsbacher","slug":"rommelsbacher"}],"_links":{"self":[{"href":"https:\/\/shop.noor.fi\/sv\/wp-json\/wp\/v2\/product\/144722","targetHints":{"allow":["GET"]}}],"collection":[{"href":"https:\/\/shop.noor.fi\/sv\/wp-json\/wp\/v2\/product"}],"about":[{"href":"https:\/\/shop.noor.fi\/sv\/wp-json\/wp\/v2\/types\/product"}],"replies":[{"embeddable":true,"href":"https:\/\/shop.noor.fi\/sv\/wp-json\/wp\/v2\/comments?post=144722"}],"wp:featuredmedia":[{"embeddable":true,"href":"https:\/\/shop.noor.fi\/sv\/wp-json\/wp\/v2\/media\/145065"}],"wp:attachment":[{"href":"https:\/\/shop.noor.fi\/sv\/wp-json\/wp\/v2\/media?parent=144722"}],"wp:term":[{"taxonomy":"pwb-brand","embeddable":true,"href":"https:\/\/shop.noor.fi\/sv\/wp-json\/wp\/v2\/pwb-brand?post=144722"},{"taxonomy":"product_brand","embeddable":true,"href":"https:\/\/shop.noor.fi\/sv\/wp-json\/wp\/v2\/product_brand?post=144722"},{"taxonomy":"product_cat","embeddable":true,"href":"https:\/\/shop.noor.fi\/sv\/wp-json\/wp\/v2\/product_cat?post=144722"},{"taxonomy":"product_tag","embeddable":true,"href":"https:\/\/shop.noor.fi\/sv\/wp-json\/wp\/v2\/product_tag?post=144722"}],"curies":[{"name":"wp","href":"https:\/\/api.w.org\/{rel}","templated":true}]}}