{"id":144720,"date":"2026-01-29T13:28:34","date_gmt":"2026-01-29T11:28:34","guid":{"rendered":"https:\/\/shop.noor.fi\/product\/elektrisk-grill-med-grillvagn-bbq-4100-s\/"},"modified":"2026-04-22T15:57:27","modified_gmt":"2026-04-22T12:57:27","slug":"elektrisk-grill-med-grillvagn-bbq-4100-s","status":"publish","type":"product","link":"https:\/\/shop.noor.fi\/sv\/produkt\/elektrisk-grill-med-grillvagn-bbq-4100-s\/","title":{"rendered":"Elektrisk grill med grillvagn BBQ 4100\/S"},"content":{"rendered":"<p>BBQ 4100\/S \u00e4r ett set f\u00f6r grillentusiaster som vill kombinera ett modernt s\u00e4tt att grilla med f\u00f6rdelarna med en traditionell grill med lock. Setet best\u00e5r av elektrisk grillen BBQ 4000 och den mobila grillvagnen BGW 100, som erbjuder en bekv\u00e4m arbetsh\u00f6jd och m\u00e5nga praktiska f\u00f6rvaringsytor. Benen h\u00e5ller apparaten stabil, och de tv\u00e5 stora hjulen g\u00f6r den enkel och s\u00e4ker att flytta. Denna praktiska kombination g\u00f6r det \u00e4nnu bekv\u00e4mare att grilla med el!<\/p>\n<p>Rommelsbacher BBQ 4000 \u00e4r en kompakt och effektiv elektrisk grill som \u00e4r redo att anv\u00e4ndas snabbt och utan l\u00e5nga f\u00f6rberedelser inomhus, p\u00e5 balkongen eller i tr\u00e4dg\u00e5rden. Allt du beh\u00f6ver \u00e4r ett eluttag och grillningen kan b\u00f6rja. En elektrisk grill fungerar snabbt, s\u00e4kert och rent, utan r\u00f6k. Locket s\u00e4kerst\u00e4ller optimal v\u00e4rmelagring vid indirekt grillning och temperaturdisplayen g\u00f6r att du alltid kan h\u00e5lla ett \u00f6ga p\u00e5 grilltemperaturen. Det solida 2-delade grillgallret av gjutj\u00e4rn \u00e4r perfekt f\u00f6r att l\u00e4mna klassiska grillr\u00e4nder p\u00e5 den grillade maten. \u00d6verfl\u00f6digt fett kan l\u00e4tt rinna av p\u00e5 den avtagbara droppbrickan, vilket g\u00f6r att du kan grilla h\u00e4lsosammare med mindre fett.<br \/>\nEnheten har en 1,75 meters sladd.<\/p>\n<p>H\u00f6lje av st\u00e5l, 4 stabila f\u00f6tter<br \/>\nH\u00f6gkvalitativt 2-delat grillgaller av massivt gjutj\u00e4rn, matt emaljerad yta, 1 500 cm\u00b2 grillyta, f\u00f6r optimal v\u00e4rmef\u00f6rdelning och v\u00e4rmelagring<br \/>\nKorrugerad grillyta f\u00f6r typiska grillr\u00e4nder, perfekt f\u00f6r biff, hamburgare, bacon, korv, pulled pork, spareribs, gr\u00f6nsaker osv<br \/>\n\u00c4ven l\u00e4mplig f\u00f6r att tillaga pizza (med pizzasten)<br \/>\nLock med g\u00e5ngj\u00e4rn, med v\u00e4rmeisolerande v\u00e4rmeskyddssk\u00f6ld och temperaturm\u00e4tare<br \/>\nKraftfullt v\u00e4rmeelement i rostfritt st\u00e5l f\u00f6r snabb uppv\u00e4rmning<br \/>\nStegl\u00f6s temperaturkontroll upp till 300 \u00b0C, \u00e4ven l\u00e4mplig f\u00f6r l\u00e5gtemperaturgrillning<br \/>\nAvtagbar temperaturkontroll<br \/>\nL\u00e5ng sladd (1,75 m)<br \/>\nIndikationslampa<br \/>\nSidohandtag f\u00f6r s\u00e4ker hantering<br \/>\nAvtagbar droppbricka<\/p>\n<p>Grillvagn BGW 100<\/p>\n<p>Solid konstruktion f\u00f6r stabil och s\u00e4ker grillning<br \/>\n&#8211; 4 r\u00f6r av rostfritt st\u00e5l<br \/>\n&#8211; 2 hjul f\u00f6r h\u00f6g mobilitet<br \/>\n&#8211; 2 avtagbara sidobord som f\u00e4sts p\u00e5 sidohandtagen<br \/>\n&#8211; Praktisk hylla<\/p>\n","protected":false},"excerpt":{"rendered":"<p>BBQ 4100\/S \u00e4r ett set f\u00f6r grillentusiaster som vill kombinera ett modernt s\u00e4tt att grilla med f\u00f6rdelarna med en traditionell grill med lock. Setet best\u00e5r av elektrisk grillen BBQ 4000 och den mobila grillvagnen BGW 100, som erbjuder en bekv\u00e4m arbetsh\u00f6jd och m\u00e5nga praktiska f\u00f6rvaringsytor. Benen h\u00e5ller apparaten stabil, och de tv\u00e5 stora hjulen g\u00f6r [&hellip;]<\/p>\n","protected":false},"featured_media":145036,"comment_status":"open","ping_status":"closed","template":"","meta":{"_acf_changed":false,"_relevanssi_hide_post":"","_relevanssi_hide_content":"","_relevanssi_pin_for_all":"","_relevanssi_pin_keywords":"","_relevanssi_unpin_keywords":"","_relevanssi_related_keywords":"","_relevanssi_related_include_ids":"","_relevanssi_related_exclude_ids":"","_relevanssi_related_no_append":"","_relevanssi_related_not_related":"","_relevanssi_related_posts":"","_relevanssi_noindex_reason":""},"pwb-brand":[37696],"product_brand":[],"product_cat":[32082,37035],"product_tag":[],"class_list":{"0":"post-144720","1":"product","2":"type-product","3":"status-publish","4":"has-post-thumbnail","6":"pwb-brand-rommelsbacher-sv","7":"product_cat-ovriga-nyheter","8":"product_cat-koksmaskiner","10":"first","11":"instock","12":"taxable","13":"shipping-taxable","14":"purchasable","15":"product-type-simple"},"acf":[],"yoast_head":"<!-- This site is optimized with the Yoast SEO plugin v27.5 - https:\/\/yoast.com\/product\/yoast-seo-wordpress\/ -->\n<title>Elektrisk grill med grillvagn BBQ 4100\/S - Oy Noortrade Ab<\/title>\n<meta name=\"robots\" content=\"index, follow, max-snippet:-1, max-image-preview:large, max-video-preview:-1\" \/>\n<link rel=\"canonical\" href=\"https:\/\/shop.noor.fi\/sv\/produkt\/elektrisk-grill-med-grillvagn-bbq-4100-s\/\" \/>\n<meta property=\"og:locale\" content=\"sv_SE\" \/>\n<meta property=\"og:type\" content=\"article\" \/>\n<meta property=\"og:title\" content=\"Elektrisk grill med grillvagn BBQ 4100\/S - Oy Noortrade Ab\" \/>\n<meta property=\"og:description\" content=\"BBQ 4100\/S \u00e4r ett set f\u00f6r grillentusiaster som vill kombinera ett modernt s\u00e4tt att grilla med f\u00f6rdelarna med en traditionell grill med lock. Setet best\u00e5r av elektrisk grillen BBQ 4000 och den mobila grillvagnen BGW 100, som erbjuder en bekv\u00e4m arbetsh\u00f6jd och m\u00e5nga praktiska f\u00f6rvaringsytor. Benen h\u00e5ller apparaten stabil, och de tv\u00e5 stora hjulen g\u00f6r [&hellip;]\" \/>\n<meta property=\"og:url\" content=\"https:\/\/shop.noor.fi\/sv\/produkt\/elektrisk-grill-med-grillvagn-bbq-4100-s\/\" \/>\n<meta property=\"og:site_name\" content=\"Oy Noortrade Ab\" \/>\n<meta property=\"article:modified_time\" content=\"2026-04-22T12:57:27+00:00\" \/>\n<meta property=\"og:image\" content=\"https:\/\/shop.noor.fi\/wp-content\/uploads\/2026\/01\/RB-BBQ4100S.jpg\" \/>\n\t<meta property=\"og:image:width\" content=\"1000\" \/>\n\t<meta property=\"og:image:height\" content=\"1000\" \/>\n\t<meta property=\"og:image:type\" content=\"image\/jpeg\" \/>\n<meta name=\"twitter:card\" content=\"summary_large_image\" \/>\n<meta name=\"twitter:label1\" content=\"Ber\u00e4knad l\u00e4stid\" \/>\n\t<meta name=\"twitter:data1\" content=\"3 minuter\" \/>\n<script type=\"application\/ld+json\" class=\"yoast-schema-graph\">{\"@context\":\"https:\\\/\\\/schema.org\",\"@graph\":[{\"@type\":\"WebPage\",\"@id\":\"https:\\\/\\\/shop.noor.fi\\\/sv\\\/produkt\\\/elektrisk-grill-med-grillvagn-bbq-4100-s\\\/\",\"url\":\"https:\\\/\\\/shop.noor.fi\\\/sv\\\/produkt\\\/elektrisk-grill-med-grillvagn-bbq-4100-s\\\/\",\"name\":\"Elektrisk grill med grillvagn BBQ 4100\\\/S - Oy Noortrade Ab\",\"isPartOf\":{\"@id\":\"https:\\\/\\\/shopnoorfi-wp31835.test.cchosting.fi\\\/#website\"},\"primaryImageOfPage\":{\"@id\":\"https:\\\/\\\/shop.noor.fi\\\/sv\\\/produkt\\\/elektrisk-grill-med-grillvagn-bbq-4100-s\\\/#primaryimage\"},\"image\":{\"@id\":\"https:\\\/\\\/shop.noor.fi\\\/sv\\\/produkt\\\/elektrisk-grill-med-grillvagn-bbq-4100-s\\\/#primaryimage\"},\"thumbnailUrl\":\"https:\\\/\\\/shop.noor.fi\\\/wp-content\\\/uploads\\\/2026\\\/01\\\/RB-BBQ4100S.jpg\",\"datePublished\":\"2026-01-29T11:28:34+00:00\",\"dateModified\":\"2026-04-22T12:57:27+00:00\",\"breadcrumb\":{\"@id\":\"https:\\\/\\\/shop.noor.fi\\\/sv\\\/produkt\\\/elektrisk-grill-med-grillvagn-bbq-4100-s\\\/#breadcrumb\"},\"inLanguage\":\"sv-SE\",\"potentialAction\":[{\"@type\":\"ReadAction\",\"target\":[\"https:\\\/\\\/shop.noor.fi\\\/sv\\\/produkt\\\/elektrisk-grill-med-grillvagn-bbq-4100-s\\\/\"]}]},{\"@type\":\"ImageObject\",\"inLanguage\":\"sv-SE\",\"@id\":\"https:\\\/\\\/shop.noor.fi\\\/sv\\\/produkt\\\/elektrisk-grill-med-grillvagn-bbq-4100-s\\\/#primaryimage\",\"url\":\"https:\\\/\\\/shop.noor.fi\\\/wp-content\\\/uploads\\\/2026\\\/01\\\/RB-BBQ4100S.jpg\",\"contentUrl\":\"https:\\\/\\\/shop.noor.fi\\\/wp-content\\\/uploads\\\/2026\\\/01\\\/RB-BBQ4100S.jpg\",\"width\":1000,\"height\":1000},{\"@type\":\"BreadcrumbList\",\"@id\":\"https:\\\/\\\/shop.noor.fi\\\/sv\\\/produkt\\\/elektrisk-grill-med-grillvagn-bbq-4100-s\\\/#breadcrumb\",\"itemListElement\":[{\"@type\":\"ListItem\",\"position\":1,\"name\":\"Etusivu\",\"item\":\"https:\\\/\\\/shop.noor.fi\\\/sv\\\/\"},{\"@type\":\"ListItem\",\"position\":2,\"name\":\"Butik\",\"item\":\"https:\\\/\\\/shopnoorfi-wp31835.test.cchosting.fi\\\/sv\\\/butik\\\/\"},{\"@type\":\"ListItem\",\"position\":3,\"name\":\"Elektrisk grill med grillvagn BBQ 4100\\\/S\"}]},{\"@type\":\"WebSite\",\"@id\":\"https:\\\/\\\/shopnoorfi-wp31835.test.cchosting.fi\\\/#website\",\"url\":\"https:\\\/\\\/shopnoorfi-wp31835.test.cchosting.fi\\\/\",\"name\":\"Oy Noortrade Ab\",\"description\":\"Finnish family owned company with over 30 years of professional experience in lighting &amp; interior products import and sales - reliably.\",\"publisher\":{\"@id\":\"https:\\\/\\\/shopnoorfi-wp31835.test.cchosting.fi\\\/#organization\"},\"potentialAction\":[{\"@type\":\"SearchAction\",\"target\":{\"@type\":\"EntryPoint\",\"urlTemplate\":\"https:\\\/\\\/shopnoorfi-wp31835.test.cchosting.fi\\\/?s={search_term_string}\"},\"query-input\":{\"@type\":\"PropertyValueSpecification\",\"valueRequired\":true,\"valueName\":\"search_term_string\"}}],\"inLanguage\":\"sv-SE\"},{\"@type\":\"Organization\",\"@id\":\"https:\\\/\\\/shopnoorfi-wp31835.test.cchosting.fi\\\/#organization\",\"name\":\"Oy Noortrade Ab\",\"url\":\"https:\\\/\\\/shopnoorfi-wp31835.test.cchosting.fi\\\/\",\"logo\":{\"@type\":\"ImageObject\",\"inLanguage\":\"sv-SE\",\"@id\":\"https:\\\/\\\/shopnoorfi-wp31835.test.cchosting.fi\\\/#\\\/schema\\\/logo\\\/image\\\/\",\"url\":\"https:\\\/\\\/shop.noor.fi\\\/wp-content\\\/uploads\\\/2024\\\/01\\\/Oy-Noortrade-Ab-Corbel-VERSAL-bold-BLACK.png\",\"contentUrl\":\"https:\\\/\\\/shop.noor.fi\\\/wp-content\\\/uploads\\\/2024\\\/01\\\/Oy-Noortrade-Ab-Corbel-VERSAL-bold-BLACK.png\",\"width\":721,\"height\":177,\"caption\":\"Oy Noortrade Ab\"},\"image\":{\"@id\":\"https:\\\/\\\/shopnoorfi-wp31835.test.cchosting.fi\\\/#\\\/schema\\\/logo\\\/image\\\/\"}}]}<\/script>\n<!-- \/ Yoast SEO plugin. -->","yoast_head_json":{"title":"Elektrisk grill med grillvagn BBQ 4100\/S - Oy Noortrade Ab","robots":{"index":"index","follow":"follow","max-snippet":"max-snippet:-1","max-image-preview":"max-image-preview:large","max-video-preview":"max-video-preview:-1"},"canonical":"https:\/\/shop.noor.fi\/sv\/produkt\/elektrisk-grill-med-grillvagn-bbq-4100-s\/","og_locale":"sv_SE","og_type":"article","og_title":"Elektrisk grill med grillvagn BBQ 4100\/S - Oy Noortrade Ab","og_description":"BBQ 4100\/S \u00e4r ett set f\u00f6r grillentusiaster som vill kombinera ett modernt s\u00e4tt att grilla med f\u00f6rdelarna med en traditionell grill med lock. Setet best\u00e5r av elektrisk grillen BBQ 4000 och den mobila grillvagnen BGW 100, som erbjuder en bekv\u00e4m arbetsh\u00f6jd och m\u00e5nga praktiska f\u00f6rvaringsytor. Benen h\u00e5ller apparaten stabil, och de tv\u00e5 stora hjulen g\u00f6r [&hellip;]","og_url":"https:\/\/shop.noor.fi\/sv\/produkt\/elektrisk-grill-med-grillvagn-bbq-4100-s\/","og_site_name":"Oy Noortrade Ab","article_modified_time":"2026-04-22T12:57:27+00:00","og_image":[{"width":1000,"height":1000,"url":"https:\/\/shop.noor.fi\/wp-content\/uploads\/2026\/01\/RB-BBQ4100S.jpg","type":"image\/jpeg"}],"twitter_card":"summary_large_image","twitter_misc":{"Ber\u00e4knad l\u00e4stid":"3 minuter"},"schema":{"@context":"https:\/\/schema.org","@graph":[{"@type":"WebPage","@id":"https:\/\/shop.noor.fi\/sv\/produkt\/elektrisk-grill-med-grillvagn-bbq-4100-s\/","url":"https:\/\/shop.noor.fi\/sv\/produkt\/elektrisk-grill-med-grillvagn-bbq-4100-s\/","name":"Elektrisk grill med grillvagn BBQ 4100\/S - Oy Noortrade Ab","isPartOf":{"@id":"https:\/\/shopnoorfi-wp31835.test.cchosting.fi\/#website"},"primaryImageOfPage":{"@id":"https:\/\/shop.noor.fi\/sv\/produkt\/elektrisk-grill-med-grillvagn-bbq-4100-s\/#primaryimage"},"image":{"@id":"https:\/\/shop.noor.fi\/sv\/produkt\/elektrisk-grill-med-grillvagn-bbq-4100-s\/#primaryimage"},"thumbnailUrl":"https:\/\/shop.noor.fi\/wp-content\/uploads\/2026\/01\/RB-BBQ4100S.jpg","datePublished":"2026-01-29T11:28:34+00:00","dateModified":"2026-04-22T12:57:27+00:00","breadcrumb":{"@id":"https:\/\/shop.noor.fi\/sv\/produkt\/elektrisk-grill-med-grillvagn-bbq-4100-s\/#breadcrumb"},"inLanguage":"sv-SE","potentialAction":[{"@type":"ReadAction","target":["https:\/\/shop.noor.fi\/sv\/produkt\/elektrisk-grill-med-grillvagn-bbq-4100-s\/"]}]},{"@type":"ImageObject","inLanguage":"sv-SE","@id":"https:\/\/shop.noor.fi\/sv\/produkt\/elektrisk-grill-med-grillvagn-bbq-4100-s\/#primaryimage","url":"https:\/\/shop.noor.fi\/wp-content\/uploads\/2026\/01\/RB-BBQ4100S.jpg","contentUrl":"https:\/\/shop.noor.fi\/wp-content\/uploads\/2026\/01\/RB-BBQ4100S.jpg","width":1000,"height":1000},{"@type":"BreadcrumbList","@id":"https:\/\/shop.noor.fi\/sv\/produkt\/elektrisk-grill-med-grillvagn-bbq-4100-s\/#breadcrumb","itemListElement":[{"@type":"ListItem","position":1,"name":"Etusivu","item":"https:\/\/shop.noor.fi\/sv\/"},{"@type":"ListItem","position":2,"name":"Butik","item":"https:\/\/shopnoorfi-wp31835.test.cchosting.fi\/sv\/butik\/"},{"@type":"ListItem","position":3,"name":"Elektrisk grill med grillvagn BBQ 4100\/S"}]},{"@type":"WebSite","@id":"https:\/\/shopnoorfi-wp31835.test.cchosting.fi\/#website","url":"https:\/\/shopnoorfi-wp31835.test.cchosting.fi\/","name":"Oy Noortrade Ab","description":"Finnish family owned company with over 30 years of professional experience in lighting &amp; interior products import and sales - reliably.","publisher":{"@id":"https:\/\/shopnoorfi-wp31835.test.cchosting.fi\/#organization"},"potentialAction":[{"@type":"SearchAction","target":{"@type":"EntryPoint","urlTemplate":"https:\/\/shopnoorfi-wp31835.test.cchosting.fi\/?s={search_term_string}"},"query-input":{"@type":"PropertyValueSpecification","valueRequired":true,"valueName":"search_term_string"}}],"inLanguage":"sv-SE"},{"@type":"Organization","@id":"https:\/\/shopnoorfi-wp31835.test.cchosting.fi\/#organization","name":"Oy Noortrade Ab","url":"https:\/\/shopnoorfi-wp31835.test.cchosting.fi\/","logo":{"@type":"ImageObject","inLanguage":"sv-SE","@id":"https:\/\/shopnoorfi-wp31835.test.cchosting.fi\/#\/schema\/logo\/image\/","url":"https:\/\/shop.noor.fi\/wp-content\/uploads\/2024\/01\/Oy-Noortrade-Ab-Corbel-VERSAL-bold-BLACK.png","contentUrl":"https:\/\/shop.noor.fi\/wp-content\/uploads\/2024\/01\/Oy-Noortrade-Ab-Corbel-VERSAL-bold-BLACK.png","width":721,"height":177,"caption":"Oy Noortrade Ab"},"image":{"@id":"https:\/\/shopnoorfi-wp31835.test.cchosting.fi\/#\/schema\/logo\/image\/"}}]}},"brands":[{"id":37696,"name":"Rommelsbacher","slug":"rommelsbacher-sv"}],"_links":{"self":[{"href":"https:\/\/shop.noor.fi\/sv\/wp-json\/wp\/v2\/product\/144720","targetHints":{"allow":["GET"]}}],"collection":[{"href":"https:\/\/shop.noor.fi\/sv\/wp-json\/wp\/v2\/product"}],"about":[{"href":"https:\/\/shop.noor.fi\/sv\/wp-json\/wp\/v2\/types\/product"}],"replies":[{"embeddable":true,"href":"https:\/\/shop.noor.fi\/sv\/wp-json\/wp\/v2\/comments?post=144720"}],"wp:featuredmedia":[{"embeddable":true,"href":"https:\/\/shop.noor.fi\/sv\/wp-json\/wp\/v2\/media\/145036"}],"wp:attachment":[{"href":"https:\/\/shop.noor.fi\/sv\/wp-json\/wp\/v2\/media?parent=144720"}],"wp:term":[{"taxonomy":"pwb-brand","embeddable":true,"href":"https:\/\/shop.noor.fi\/sv\/wp-json\/wp\/v2\/pwb-brand?post=144720"},{"taxonomy":"product_brand","embeddable":true,"href":"https:\/\/shop.noor.fi\/sv\/wp-json\/wp\/v2\/product_brand?post=144720"},{"taxonomy":"product_cat","embeddable":true,"href":"https:\/\/shop.noor.fi\/sv\/wp-json\/wp\/v2\/product_cat?post=144720"},{"taxonomy":"product_tag","embeddable":true,"href":"https:\/\/shop.noor.fi\/sv\/wp-json\/wp\/v2\/product_tag?post=144720"}],"curies":[{"name":"wp","href":"https:\/\/api.w.org\/{rel}","templated":true}]}}