{"id":144716,"date":"2026-01-29T13:31:22","date_gmt":"2026-01-29T11:31:22","guid":{"rendered":"https:\/\/shop.noor.fi\/product\/pannkaksmaskin-pc-1800\/"},"modified":"2026-02-25T13:33:08","modified_gmt":"2026-02-25T11:33:08","slug":"pannkaksmaskin-pc-1800","status":"publish","type":"product","link":"https:\/\/shop.noor.fi\/sv\/produkt\/pannkaksmaskin-pc-1800\/","title":{"rendered":"Pannkaksmaskin PC 1800"},"content":{"rendered":"<p>Den m\u00e5ngsidiga pannkaksmaskinen PC 1800 gr\u00e4ddar moderna recept och popul\u00e4ra klassiker direkt \u2013 fyra i ett. Amerikanska pannkakor till frukost, rej\u00e4la potatispannkakor till lunch, hamburgare med antingen k\u00f6tt eller gr\u00f6nsaker p\u00e5 kv\u00e4llen eller till festen. Denna kraftfulla apparat v\u00e4rmer upp de fyra stora non-stick-formarna p\u00e5 n\u00e5gra minuter. Apparaten \u00e4r l\u00e4tt att anv\u00e4nda med Touch-knappar och LED-displayen. De solida gjutna aluminiumplattorna f\u00f6rdelar v\u00e4rmen optimalt och s\u00e4kerst\u00e4ller j\u00e4mnt bakresultat. Apparaten har justerbar baktid och eftergr\u00e4ddningsfunktion som m\u00f6jligg\u00f6r \u00e4nnu intensivare stekning med en knapptryckning. Pannkaksmaskinen \u00e4r s\u00e4ker att anv\u00e4nda tack vare den automatiska avst\u00e4ngningen, &#8221;Cool Touch&#8221;-h\u00f6ljet, \u00f6verhettningsskyddet och anti-slip f\u00f6tterna. Den h\u00f6gkvalitativa non-stick-bel\u00e4ggningen g\u00f6r den ocks\u00e5 enkel att reng\u00f6ra, varefter PC 1800 kan f\u00f6rvaras vertikalt och d\u00e4rmed spara plats i sk\u00e5pet. Den perfekta apparaten f\u00f6r det moderna k\u00f6ket!<\/p>\n<p>Massiva gjutna aluminiumplattor med 4 bakformar p\u00e5 13,5 cm \u00d8 vardera<br \/>\n\u00d6verl\u00e4gsen 2-lagers non-stick-bel\u00e4ggning Xylan Plus, f\u00f6r b\u00e4sta gr\u00e4ddningsresultat och mycket enkel reng\u00f6ring<br \/>\nCool Touch-h\u00f6lje och v\u00e4rmeisolerande handtag<br \/>\nEffektiv och snabbt klar att anv\u00e4nda<br \/>\nTouch-knappar, LED-display<br \/>\nIndikatorlampor, \u00f6verhettningsskydd<br \/>\nJusterbar gr\u00e4ddningstid, max 15 minuter<br \/>\nAutomatisk avst\u00e4ngning, knapp f\u00f6r eftergr\u00e4ddning<br \/>\nAnti-slip silikonf\u00f6tter<br \/>\nPlatsbesparande vertikal f\u00f6rvaring<\/p>\n","protected":false},"excerpt":{"rendered":"<p>Den m\u00e5ngsidiga pannkaksmaskinen PC 1800 gr\u00e4ddar moderna recept och popul\u00e4ra klassiker direkt \u2013 fyra i ett. Amerikanska pannkakor till frukost, rej\u00e4la potatispannkakor till lunch, hamburgare med antingen k\u00f6tt eller gr\u00f6nsaker p\u00e5 kv\u00e4llen eller till festen. Denna kraftfulla apparat v\u00e4rmer upp de fyra stora non-stick-formarna p\u00e5 n\u00e5gra minuter. Apparaten \u00e4r l\u00e4tt att anv\u00e4nda med Touch-knappar och [&hellip;]<\/p>\n","protected":false},"featured_media":145075,"comment_status":"open","ping_status":"closed","template":"","meta":{"_acf_changed":false,"_relevanssi_hide_post":"","_relevanssi_hide_content":"","_relevanssi_pin_for_all":"","_relevanssi_pin_keywords":"","_relevanssi_unpin_keywords":"","_relevanssi_related_keywords":"","_relevanssi_related_include_ids":"","_relevanssi_related_exclude_ids":"","_relevanssi_related_no_append":"","_relevanssi_related_not_related":"","_relevanssi_related_posts":"","_relevanssi_noindex_reason":""},"pwb-brand":[37500],"product_brand":[],"product_cat":[32082,37035],"product_tag":[],"class_list":{"0":"post-144716","1":"product","2":"type-product","3":"status-publish","4":"has-post-thumbnail","6":"pwb-brand-rommelsbacher","7":"product_cat-ovriga-nyheter","8":"product_cat-koksmaskiner","10":"first","11":"instock","12":"taxable","13":"shipping-taxable","14":"purchasable","15":"product-type-simple"},"acf":[],"yoast_head":"<!-- This site is optimized with the Yoast SEO plugin v27.5 - https:\/\/yoast.com\/product\/yoast-seo-wordpress\/ -->\n<title>Pannkaksmaskin PC 1800 - Oy Noortrade Ab<\/title>\n<meta name=\"robots\" content=\"index, follow, max-snippet:-1, max-image-preview:large, max-video-preview:-1\" \/>\n<link rel=\"canonical\" href=\"https:\/\/shop.noor.fi\/produkt\/pannukakkurauta-pc-1800\/\" \/>\n<meta property=\"og:locale\" content=\"sv_SE\" \/>\n<meta property=\"og:type\" content=\"article\" \/>\n<meta property=\"og:title\" content=\"Pannkaksmaskin PC 1800 - Oy Noortrade Ab\" \/>\n<meta property=\"og:description\" content=\"Den m\u00e5ngsidiga pannkaksmaskinen PC 1800 gr\u00e4ddar moderna recept och popul\u00e4ra klassiker direkt \u2013 fyra i ett. Amerikanska pannkakor till frukost, rej\u00e4la potatispannkakor till lunch, hamburgare med antingen k\u00f6tt eller gr\u00f6nsaker p\u00e5 kv\u00e4llen eller till festen. Denna kraftfulla apparat v\u00e4rmer upp de fyra stora non-stick-formarna p\u00e5 n\u00e5gra minuter. Apparaten \u00e4r l\u00e4tt att anv\u00e4nda med Touch-knappar och [&hellip;]\" \/>\n<meta property=\"og:url\" content=\"https:\/\/shop.noor.fi\/produkt\/pannukakkurauta-pc-1800\/\" \/>\n<meta property=\"og:site_name\" content=\"Oy Noortrade Ab\" \/>\n<meta property=\"article:modified_time\" content=\"2026-02-25T11:33:08+00:00\" \/>\n<meta property=\"og:image\" content=\"https:\/\/shop.noor.fi\/wp-content\/uploads\/2026\/01\/RB-PC1800.jpg\" \/>\n\t<meta property=\"og:image:width\" content=\"1000\" \/>\n\t<meta property=\"og:image:height\" content=\"1000\" \/>\n\t<meta property=\"og:image:type\" content=\"image\/jpeg\" \/>\n<meta name=\"twitter:card\" content=\"summary_large_image\" \/>\n<meta name=\"twitter:label1\" content=\"Ber\u00e4knad l\u00e4stid\" \/>\n\t<meta name=\"twitter:data1\" content=\"2 minuter\" \/>\n<script type=\"application\/ld+json\" class=\"yoast-schema-graph\">{\"@context\":\"https:\\\/\\\/schema.org\",\"@graph\":[{\"@type\":\"WebPage\",\"@id\":\"https:\\\/\\\/shop.noor.fi\\\/produkt\\\/pannukakkurauta-pc-1800\\\/\",\"url\":\"https:\\\/\\\/shop.noor.fi\\\/produkt\\\/pannukakkurauta-pc-1800\\\/\",\"name\":\"Pannkaksmaskin PC 1800 - Oy Noortrade Ab\",\"isPartOf\":{\"@id\":\"https:\\\/\\\/shopnoorfi-wp31835.test.cchosting.fi\\\/#website\"},\"primaryImageOfPage\":{\"@id\":\"https:\\\/\\\/shop.noor.fi\\\/produkt\\\/pannukakkurauta-pc-1800\\\/#primaryimage\"},\"image\":{\"@id\":\"https:\\\/\\\/shop.noor.fi\\\/produkt\\\/pannukakkurauta-pc-1800\\\/#primaryimage\"},\"thumbnailUrl\":\"https:\\\/\\\/shop.noor.fi\\\/wp-content\\\/uploads\\\/2026\\\/01\\\/RB-PC1800.jpg\",\"datePublished\":\"2026-01-29T11:31:22+00:00\",\"dateModified\":\"2026-02-25T11:33:08+00:00\",\"breadcrumb\":{\"@id\":\"https:\\\/\\\/shop.noor.fi\\\/produkt\\\/pannukakkurauta-pc-1800\\\/#breadcrumb\"},\"inLanguage\":\"sv-SE\",\"potentialAction\":[{\"@type\":\"ReadAction\",\"target\":[\"https:\\\/\\\/shop.noor.fi\\\/produkt\\\/pannukakkurauta-pc-1800\\\/\"]}]},{\"@type\":\"ImageObject\",\"inLanguage\":\"sv-SE\",\"@id\":\"https:\\\/\\\/shop.noor.fi\\\/produkt\\\/pannukakkurauta-pc-1800\\\/#primaryimage\",\"url\":\"https:\\\/\\\/shop.noor.fi\\\/wp-content\\\/uploads\\\/2026\\\/01\\\/RB-PC1800.jpg\",\"contentUrl\":\"https:\\\/\\\/shop.noor.fi\\\/wp-content\\\/uploads\\\/2026\\\/01\\\/RB-PC1800.jpg\",\"width\":1000,\"height\":1000},{\"@type\":\"BreadcrumbList\",\"@id\":\"https:\\\/\\\/shop.noor.fi\\\/produkt\\\/pannukakkurauta-pc-1800\\\/#breadcrumb\",\"itemListElement\":[{\"@type\":\"ListItem\",\"position\":1,\"name\":\"Etusivu\",\"item\":\"https:\\\/\\\/shop.noor.fi\\\/sv\\\/\"},{\"@type\":\"ListItem\",\"position\":2,\"name\":\"Butik\",\"item\":\"https:\\\/\\\/shopnoorfi-wp31835.test.cchosting.fi\\\/sv\\\/butik\\\/\"},{\"@type\":\"ListItem\",\"position\":3,\"name\":\"Pannkaksmaskin PC 1800\"}]},{\"@type\":\"WebSite\",\"@id\":\"https:\\\/\\\/shopnoorfi-wp31835.test.cchosting.fi\\\/#website\",\"url\":\"https:\\\/\\\/shopnoorfi-wp31835.test.cchosting.fi\\\/\",\"name\":\"Oy Noortrade Ab\",\"description\":\"Finnish family owned company with over 30 years of professional experience in lighting &amp; interior products import and sales - reliably.\",\"publisher\":{\"@id\":\"https:\\\/\\\/shopnoorfi-wp31835.test.cchosting.fi\\\/#organization\"},\"potentialAction\":[{\"@type\":\"SearchAction\",\"target\":{\"@type\":\"EntryPoint\",\"urlTemplate\":\"https:\\\/\\\/shopnoorfi-wp31835.test.cchosting.fi\\\/?s={search_term_string}\"},\"query-input\":{\"@type\":\"PropertyValueSpecification\",\"valueRequired\":true,\"valueName\":\"search_term_string\"}}],\"inLanguage\":\"sv-SE\"},{\"@type\":\"Organization\",\"@id\":\"https:\\\/\\\/shopnoorfi-wp31835.test.cchosting.fi\\\/#organization\",\"name\":\"Oy Noortrade Ab\",\"url\":\"https:\\\/\\\/shopnoorfi-wp31835.test.cchosting.fi\\\/\",\"logo\":{\"@type\":\"ImageObject\",\"inLanguage\":\"sv-SE\",\"@id\":\"https:\\\/\\\/shopnoorfi-wp31835.test.cchosting.fi\\\/#\\\/schema\\\/logo\\\/image\\\/\",\"url\":\"https:\\\/\\\/shop.noor.fi\\\/wp-content\\\/uploads\\\/2024\\\/01\\\/Oy-Noortrade-Ab-Corbel-VERSAL-bold-BLACK.png\",\"contentUrl\":\"https:\\\/\\\/shop.noor.fi\\\/wp-content\\\/uploads\\\/2024\\\/01\\\/Oy-Noortrade-Ab-Corbel-VERSAL-bold-BLACK.png\",\"width\":721,\"height\":177,\"caption\":\"Oy Noortrade Ab\"},\"image\":{\"@id\":\"https:\\\/\\\/shopnoorfi-wp31835.test.cchosting.fi\\\/#\\\/schema\\\/logo\\\/image\\\/\"}}]}<\/script>\n<!-- \/ Yoast SEO plugin. -->","yoast_head_json":{"title":"Pannkaksmaskin PC 1800 - Oy Noortrade Ab","robots":{"index":"index","follow":"follow","max-snippet":"max-snippet:-1","max-image-preview":"max-image-preview:large","max-video-preview":"max-video-preview:-1"},"canonical":"https:\/\/shop.noor.fi\/produkt\/pannukakkurauta-pc-1800\/","og_locale":"sv_SE","og_type":"article","og_title":"Pannkaksmaskin PC 1800 - Oy Noortrade Ab","og_description":"Den m\u00e5ngsidiga pannkaksmaskinen PC 1800 gr\u00e4ddar moderna recept och popul\u00e4ra klassiker direkt \u2013 fyra i ett. Amerikanska pannkakor till frukost, rej\u00e4la potatispannkakor till lunch, hamburgare med antingen k\u00f6tt eller gr\u00f6nsaker p\u00e5 kv\u00e4llen eller till festen. Denna kraftfulla apparat v\u00e4rmer upp de fyra stora non-stick-formarna p\u00e5 n\u00e5gra minuter. Apparaten \u00e4r l\u00e4tt att anv\u00e4nda med Touch-knappar och [&hellip;]","og_url":"https:\/\/shop.noor.fi\/produkt\/pannukakkurauta-pc-1800\/","og_site_name":"Oy Noortrade Ab","article_modified_time":"2026-02-25T11:33:08+00:00","og_image":[{"width":1000,"height":1000,"url":"https:\/\/shop.noor.fi\/wp-content\/uploads\/2026\/01\/RB-PC1800.jpg","type":"image\/jpeg"}],"twitter_card":"summary_large_image","twitter_misc":{"Ber\u00e4knad l\u00e4stid":"2 minuter"},"schema":{"@context":"https:\/\/schema.org","@graph":[{"@type":"WebPage","@id":"https:\/\/shop.noor.fi\/produkt\/pannukakkurauta-pc-1800\/","url":"https:\/\/shop.noor.fi\/produkt\/pannukakkurauta-pc-1800\/","name":"Pannkaksmaskin PC 1800 - Oy Noortrade Ab","isPartOf":{"@id":"https:\/\/shopnoorfi-wp31835.test.cchosting.fi\/#website"},"primaryImageOfPage":{"@id":"https:\/\/shop.noor.fi\/produkt\/pannukakkurauta-pc-1800\/#primaryimage"},"image":{"@id":"https:\/\/shop.noor.fi\/produkt\/pannukakkurauta-pc-1800\/#primaryimage"},"thumbnailUrl":"https:\/\/shop.noor.fi\/wp-content\/uploads\/2026\/01\/RB-PC1800.jpg","datePublished":"2026-01-29T11:31:22+00:00","dateModified":"2026-02-25T11:33:08+00:00","breadcrumb":{"@id":"https:\/\/shop.noor.fi\/produkt\/pannukakkurauta-pc-1800\/#breadcrumb"},"inLanguage":"sv-SE","potentialAction":[{"@type":"ReadAction","target":["https:\/\/shop.noor.fi\/produkt\/pannukakkurauta-pc-1800\/"]}]},{"@type":"ImageObject","inLanguage":"sv-SE","@id":"https:\/\/shop.noor.fi\/produkt\/pannukakkurauta-pc-1800\/#primaryimage","url":"https:\/\/shop.noor.fi\/wp-content\/uploads\/2026\/01\/RB-PC1800.jpg","contentUrl":"https:\/\/shop.noor.fi\/wp-content\/uploads\/2026\/01\/RB-PC1800.jpg","width":1000,"height":1000},{"@type":"BreadcrumbList","@id":"https:\/\/shop.noor.fi\/produkt\/pannukakkurauta-pc-1800\/#breadcrumb","itemListElement":[{"@type":"ListItem","position":1,"name":"Etusivu","item":"https:\/\/shop.noor.fi\/sv\/"},{"@type":"ListItem","position":2,"name":"Butik","item":"https:\/\/shopnoorfi-wp31835.test.cchosting.fi\/sv\/butik\/"},{"@type":"ListItem","position":3,"name":"Pannkaksmaskin PC 1800"}]},{"@type":"WebSite","@id":"https:\/\/shopnoorfi-wp31835.test.cchosting.fi\/#website","url":"https:\/\/shopnoorfi-wp31835.test.cchosting.fi\/","name":"Oy Noortrade Ab","description":"Finnish family owned company with over 30 years of professional experience in lighting &amp; interior products import and sales - reliably.","publisher":{"@id":"https:\/\/shopnoorfi-wp31835.test.cchosting.fi\/#organization"},"potentialAction":[{"@type":"SearchAction","target":{"@type":"EntryPoint","urlTemplate":"https:\/\/shopnoorfi-wp31835.test.cchosting.fi\/?s={search_term_string}"},"query-input":{"@type":"PropertyValueSpecification","valueRequired":true,"valueName":"search_term_string"}}],"inLanguage":"sv-SE"},{"@type":"Organization","@id":"https:\/\/shopnoorfi-wp31835.test.cchosting.fi\/#organization","name":"Oy Noortrade Ab","url":"https:\/\/shopnoorfi-wp31835.test.cchosting.fi\/","logo":{"@type":"ImageObject","inLanguage":"sv-SE","@id":"https:\/\/shopnoorfi-wp31835.test.cchosting.fi\/#\/schema\/logo\/image\/","url":"https:\/\/shop.noor.fi\/wp-content\/uploads\/2024\/01\/Oy-Noortrade-Ab-Corbel-VERSAL-bold-BLACK.png","contentUrl":"https:\/\/shop.noor.fi\/wp-content\/uploads\/2024\/01\/Oy-Noortrade-Ab-Corbel-VERSAL-bold-BLACK.png","width":721,"height":177,"caption":"Oy Noortrade Ab"},"image":{"@id":"https:\/\/shopnoorfi-wp31835.test.cchosting.fi\/#\/schema\/logo\/image\/"}}]}},"brands":[{"id":37500,"name":"Rommelsbacher","slug":"rommelsbacher"}],"_links":{"self":[{"href":"https:\/\/shop.noor.fi\/sv\/wp-json\/wp\/v2\/product\/144716","targetHints":{"allow":["GET"]}}],"collection":[{"href":"https:\/\/shop.noor.fi\/sv\/wp-json\/wp\/v2\/product"}],"about":[{"href":"https:\/\/shop.noor.fi\/sv\/wp-json\/wp\/v2\/types\/product"}],"replies":[{"embeddable":true,"href":"https:\/\/shop.noor.fi\/sv\/wp-json\/wp\/v2\/comments?post=144716"}],"wp:featuredmedia":[{"embeddable":true,"href":"https:\/\/shop.noor.fi\/sv\/wp-json\/wp\/v2\/media\/145075"}],"wp:attachment":[{"href":"https:\/\/shop.noor.fi\/sv\/wp-json\/wp\/v2\/media?parent=144716"}],"wp:term":[{"taxonomy":"pwb-brand","embeddable":true,"href":"https:\/\/shop.noor.fi\/sv\/wp-json\/wp\/v2\/pwb-brand?post=144716"},{"taxonomy":"product_brand","embeddable":true,"href":"https:\/\/shop.noor.fi\/sv\/wp-json\/wp\/v2\/product_brand?post=144716"},{"taxonomy":"product_cat","embeddable":true,"href":"https:\/\/shop.noor.fi\/sv\/wp-json\/wp\/v2\/product_cat?post=144716"},{"taxonomy":"product_tag","embeddable":true,"href":"https:\/\/shop.noor.fi\/sv\/wp-json\/wp\/v2\/product_tag?post=144716"}],"curies":[{"name":"wp","href":"https:\/\/api.w.org\/{rel}","templated":true}]}}