{"id":142978,"date":"2026-01-07T14:53:08","date_gmt":"2026-01-07T12:53:08","guid":{"rendered":"https:\/\/shop.noor.fi\/product\/esther-dekorationsfigur-4-st-multifarg\/"},"modified":"2026-03-13T09:09:02","modified_gmt":"2026-03-13T07:09:02","slug":"esther-dekorationsfigur-4-st-multifarg","status":"publish","type":"product","link":"https:\/\/shop.noor.fi\/sv\/produkt\/esther-dekorationsfigur-4-st-multifarg\/","title":{"rendered":"Esther dekorationsfigur 4 st multif\u00e4rg"},"content":{"rendered":"<p>Dekorativ p\u00e5skdekoration i set av 2 st p\u00e5skkycklingar och 2 st \u00e4gg i blank porslin. H\u00e4rliga pastelliga f\u00e4rger som l\u00e4tt kombineras med andra p\u00e5skdekorationer. Dekorationerna lyser i behagligt varmvitt sken. Lika fina t\u00e4nda som sl\u00e4ckta.<br \/>\nFungerar med \u00e5tta AG13-batterier som ing\u00e5r ej.<br \/>\nIntegrerad LED, lamporna \u00e4r ej utbytbara.<\/p>\n<p>Bredd 8,5 cm<br \/>\nDjup 6 cm<br \/>\nH\u00f6jd 7,5 cm<\/p>\n","protected":false},"excerpt":{"rendered":"<p>Dekorativ p\u00e5skdekoration i set av 2 st p\u00e5skkycklingar och 2 st \u00e4gg i blank porslin. H\u00e4rliga pastelliga f\u00e4rger som l\u00e4tt kombineras med andra p\u00e5skdekorationer. Dekorationerna lyser i behagligt varmvitt sken. Lika fina t\u00e4nda som sl\u00e4ckta. Fungerar med \u00e5tta AG13-batterier som ing\u00e5r ej. Integrerad LED, lamporna \u00e4r ej utbytbara. Bredd 8,5 cm Djup 6 cm H\u00f6jd [&hellip;]<\/p>\n","protected":false},"featured_media":144361,"comment_status":"open","ping_status":"closed","template":"","meta":{"_acf_changed":false,"_relevanssi_hide_post":"","_relevanssi_hide_content":"","_relevanssi_pin_for_all":"","_relevanssi_pin_keywords":"","_relevanssi_unpin_keywords":"","_relevanssi_related_keywords":"","_relevanssi_related_include_ids":"","_relevanssi_related_exclude_ids":"","_relevanssi_related_no_append":"","_relevanssi_related_not_related":"","_relevanssi_related_posts":"","_relevanssi_noindex_reason":""},"pwb-brand":[28728],"product_brand":[],"product_cat":[31918,31795,32009,32032],"product_tag":[],"class_list":{"0":"post-142978","1":"product","2":"type-product","3":"status-publish","4":"has-post-thumbnail","6":"pwb-brand-star-trading","7":"product_cat-koristeet-ymparivuotiseen-kayttoon","8":"product_cat-joulu-ja-sesonkivalot","9":"product_cat-jul-och-sasongsbelysning","10":"product_cat-inomhusdekorationer-aret-runt","12":"first","13":"instock","14":"taxable","15":"shipping-taxable","16":"purchasable","17":"product-type-simple"},"acf":[],"yoast_head":"<!-- This site is optimized with the Yoast SEO plugin v27.4 - https:\/\/yoast.com\/product\/yoast-seo-wordpress\/ -->\n<title>Esther dekorationsfigur 4 st multif\u00e4rg - Oy Noortrade Ab<\/title>\n<meta name=\"robots\" content=\"index, follow, max-snippet:-1, max-image-preview:large, max-video-preview:-1\" \/>\n<link rel=\"canonical\" href=\"https:\/\/shop.noor.fi\/sv\/produkt\/esther-dekorationsfigur-4-st-multifarg\/\" \/>\n<meta property=\"og:locale\" content=\"sv_SE\" \/>\n<meta property=\"og:type\" content=\"article\" \/>\n<meta property=\"og:title\" content=\"Esther dekorationsfigur 4 st multif\u00e4rg - Oy Noortrade Ab\" \/>\n<meta property=\"og:description\" content=\"Dekorativ p\u00e5skdekoration i set av 2 st p\u00e5skkycklingar och 2 st \u00e4gg i blank porslin. H\u00e4rliga pastelliga f\u00e4rger som l\u00e4tt kombineras med andra p\u00e5skdekorationer. Dekorationerna lyser i behagligt varmvitt sken. Lika fina t\u00e4nda som sl\u00e4ckta. Fungerar med \u00e5tta AG13-batterier som ing\u00e5r ej. Integrerad LED, lamporna \u00e4r ej utbytbara. Bredd 8,5 cm Djup 6 cm H\u00f6jd [&hellip;]\" \/>\n<meta property=\"og:url\" content=\"https:\/\/shop.noor.fi\/sv\/produkt\/esther-dekorationsfigur-4-st-multifarg\/\" \/>\n<meta property=\"og:site_name\" content=\"Oy Noortrade Ab\" \/>\n<meta property=\"article:modified_time\" content=\"2026-03-13T07:09:02+00:00\" \/>\n<meta property=\"og:image\" content=\"https:\/\/shop.noor.fi\/wp-content\/uploads\/2026\/01\/SR-581-56.jpg\" \/>\n\t<meta property=\"og:image:width\" content=\"1200\" \/>\n\t<meta property=\"og:image:height\" content=\"820\" \/>\n\t<meta property=\"og:image:type\" content=\"image\/jpeg\" \/>\n<meta name=\"twitter:card\" content=\"summary_large_image\" \/>\n<script type=\"application\/ld+json\" class=\"yoast-schema-graph\">{\"@context\":\"https:\\\/\\\/schema.org\",\"@graph\":[{\"@type\":\"WebPage\",\"@id\":\"https:\\\/\\\/shop.noor.fi\\\/sv\\\/produkt\\\/esther-dekorationsfigur-4-st-multifarg\\\/\",\"url\":\"https:\\\/\\\/shop.noor.fi\\\/sv\\\/produkt\\\/esther-dekorationsfigur-4-st-multifarg\\\/\",\"name\":\"Esther dekorationsfigur 4 st multif\u00e4rg - Oy Noortrade Ab\",\"isPartOf\":{\"@id\":\"https:\\\/\\\/shopnoorfi-wp31835.test.cchosting.fi\\\/#website\"},\"primaryImageOfPage\":{\"@id\":\"https:\\\/\\\/shop.noor.fi\\\/sv\\\/produkt\\\/esther-dekorationsfigur-4-st-multifarg\\\/#primaryimage\"},\"image\":{\"@id\":\"https:\\\/\\\/shop.noor.fi\\\/sv\\\/produkt\\\/esther-dekorationsfigur-4-st-multifarg\\\/#primaryimage\"},\"thumbnailUrl\":\"https:\\\/\\\/shop.noor.fi\\\/wp-content\\\/uploads\\\/2026\\\/01\\\/SR-581-56.jpg\",\"datePublished\":\"2026-01-07T12:53:08+00:00\",\"dateModified\":\"2026-03-13T07:09:02+00:00\",\"breadcrumb\":{\"@id\":\"https:\\\/\\\/shop.noor.fi\\\/sv\\\/produkt\\\/esther-dekorationsfigur-4-st-multifarg\\\/#breadcrumb\"},\"inLanguage\":\"sv-SE\",\"potentialAction\":[{\"@type\":\"ReadAction\",\"target\":[\"https:\\\/\\\/shop.noor.fi\\\/sv\\\/produkt\\\/esther-dekorationsfigur-4-st-multifarg\\\/\"]}]},{\"@type\":\"ImageObject\",\"inLanguage\":\"sv-SE\",\"@id\":\"https:\\\/\\\/shop.noor.fi\\\/sv\\\/produkt\\\/esther-dekorationsfigur-4-st-multifarg\\\/#primaryimage\",\"url\":\"https:\\\/\\\/shop.noor.fi\\\/wp-content\\\/uploads\\\/2026\\\/01\\\/SR-581-56.jpg\",\"contentUrl\":\"https:\\\/\\\/shop.noor.fi\\\/wp-content\\\/uploads\\\/2026\\\/01\\\/SR-581-56.jpg\",\"width\":1200,\"height\":820},{\"@type\":\"BreadcrumbList\",\"@id\":\"https:\\\/\\\/shop.noor.fi\\\/sv\\\/produkt\\\/esther-dekorationsfigur-4-st-multifarg\\\/#breadcrumb\",\"itemListElement\":[{\"@type\":\"ListItem\",\"position\":1,\"name\":\"Etusivu\",\"item\":\"https:\\\/\\\/shop.noor.fi\\\/sv\\\/\"},{\"@type\":\"ListItem\",\"position\":2,\"name\":\"Butik\",\"item\":\"https:\\\/\\\/shopnoorfi-wp31835.test.cchosting.fi\\\/sv\\\/butik\\\/\"},{\"@type\":\"ListItem\",\"position\":3,\"name\":\"Esther dekorationsfigur 4 st multif\u00e4rg\"}]},{\"@type\":\"WebSite\",\"@id\":\"https:\\\/\\\/shopnoorfi-wp31835.test.cchosting.fi\\\/#website\",\"url\":\"https:\\\/\\\/shopnoorfi-wp31835.test.cchosting.fi\\\/\",\"name\":\"Oy Noortrade Ab\",\"description\":\"Finnish family owned company with over 30 years of professional experience in lighting &amp; interior products import and sales - reliably.\",\"publisher\":{\"@id\":\"https:\\\/\\\/shopnoorfi-wp31835.test.cchosting.fi\\\/#organization\"},\"potentialAction\":[{\"@type\":\"SearchAction\",\"target\":{\"@type\":\"EntryPoint\",\"urlTemplate\":\"https:\\\/\\\/shopnoorfi-wp31835.test.cchosting.fi\\\/?s={search_term_string}\"},\"query-input\":{\"@type\":\"PropertyValueSpecification\",\"valueRequired\":true,\"valueName\":\"search_term_string\"}}],\"inLanguage\":\"sv-SE\"},{\"@type\":\"Organization\",\"@id\":\"https:\\\/\\\/shopnoorfi-wp31835.test.cchosting.fi\\\/#organization\",\"name\":\"Oy Noortrade Ab\",\"url\":\"https:\\\/\\\/shopnoorfi-wp31835.test.cchosting.fi\\\/\",\"logo\":{\"@type\":\"ImageObject\",\"inLanguage\":\"sv-SE\",\"@id\":\"https:\\\/\\\/shopnoorfi-wp31835.test.cchosting.fi\\\/#\\\/schema\\\/logo\\\/image\\\/\",\"url\":\"https:\\\/\\\/shop.noor.fi\\\/wp-content\\\/uploads\\\/2024\\\/01\\\/Oy-Noortrade-Ab-Corbel-VERSAL-bold-BLACK.png\",\"contentUrl\":\"https:\\\/\\\/shop.noor.fi\\\/wp-content\\\/uploads\\\/2024\\\/01\\\/Oy-Noortrade-Ab-Corbel-VERSAL-bold-BLACK.png\",\"width\":721,\"height\":177,\"caption\":\"Oy Noortrade Ab\"},\"image\":{\"@id\":\"https:\\\/\\\/shopnoorfi-wp31835.test.cchosting.fi\\\/#\\\/schema\\\/logo\\\/image\\\/\"}}]}<\/script>\n<!-- \/ Yoast SEO plugin. -->","yoast_head_json":{"title":"Esther dekorationsfigur 4 st multif\u00e4rg - Oy Noortrade Ab","robots":{"index":"index","follow":"follow","max-snippet":"max-snippet:-1","max-image-preview":"max-image-preview:large","max-video-preview":"max-video-preview:-1"},"canonical":"https:\/\/shop.noor.fi\/sv\/produkt\/esther-dekorationsfigur-4-st-multifarg\/","og_locale":"sv_SE","og_type":"article","og_title":"Esther dekorationsfigur 4 st multif\u00e4rg - Oy Noortrade Ab","og_description":"Dekorativ p\u00e5skdekoration i set av 2 st p\u00e5skkycklingar och 2 st \u00e4gg i blank porslin. H\u00e4rliga pastelliga f\u00e4rger som l\u00e4tt kombineras med andra p\u00e5skdekorationer. Dekorationerna lyser i behagligt varmvitt sken. Lika fina t\u00e4nda som sl\u00e4ckta. Fungerar med \u00e5tta AG13-batterier som ing\u00e5r ej. Integrerad LED, lamporna \u00e4r ej utbytbara. Bredd 8,5 cm Djup 6 cm H\u00f6jd [&hellip;]","og_url":"https:\/\/shop.noor.fi\/sv\/produkt\/esther-dekorationsfigur-4-st-multifarg\/","og_site_name":"Oy Noortrade Ab","article_modified_time":"2026-03-13T07:09:02+00:00","og_image":[{"width":1200,"height":820,"url":"https:\/\/shop.noor.fi\/wp-content\/uploads\/2026\/01\/SR-581-56.jpg","type":"image\/jpeg"}],"twitter_card":"summary_large_image","schema":{"@context":"https:\/\/schema.org","@graph":[{"@type":"WebPage","@id":"https:\/\/shop.noor.fi\/sv\/produkt\/esther-dekorationsfigur-4-st-multifarg\/","url":"https:\/\/shop.noor.fi\/sv\/produkt\/esther-dekorationsfigur-4-st-multifarg\/","name":"Esther dekorationsfigur 4 st multif\u00e4rg - Oy Noortrade Ab","isPartOf":{"@id":"https:\/\/shopnoorfi-wp31835.test.cchosting.fi\/#website"},"primaryImageOfPage":{"@id":"https:\/\/shop.noor.fi\/sv\/produkt\/esther-dekorationsfigur-4-st-multifarg\/#primaryimage"},"image":{"@id":"https:\/\/shop.noor.fi\/sv\/produkt\/esther-dekorationsfigur-4-st-multifarg\/#primaryimage"},"thumbnailUrl":"https:\/\/shop.noor.fi\/wp-content\/uploads\/2026\/01\/SR-581-56.jpg","datePublished":"2026-01-07T12:53:08+00:00","dateModified":"2026-03-13T07:09:02+00:00","breadcrumb":{"@id":"https:\/\/shop.noor.fi\/sv\/produkt\/esther-dekorationsfigur-4-st-multifarg\/#breadcrumb"},"inLanguage":"sv-SE","potentialAction":[{"@type":"ReadAction","target":["https:\/\/shop.noor.fi\/sv\/produkt\/esther-dekorationsfigur-4-st-multifarg\/"]}]},{"@type":"ImageObject","inLanguage":"sv-SE","@id":"https:\/\/shop.noor.fi\/sv\/produkt\/esther-dekorationsfigur-4-st-multifarg\/#primaryimage","url":"https:\/\/shop.noor.fi\/wp-content\/uploads\/2026\/01\/SR-581-56.jpg","contentUrl":"https:\/\/shop.noor.fi\/wp-content\/uploads\/2026\/01\/SR-581-56.jpg","width":1200,"height":820},{"@type":"BreadcrumbList","@id":"https:\/\/shop.noor.fi\/sv\/produkt\/esther-dekorationsfigur-4-st-multifarg\/#breadcrumb","itemListElement":[{"@type":"ListItem","position":1,"name":"Etusivu","item":"https:\/\/shop.noor.fi\/sv\/"},{"@type":"ListItem","position":2,"name":"Butik","item":"https:\/\/shopnoorfi-wp31835.test.cchosting.fi\/sv\/butik\/"},{"@type":"ListItem","position":3,"name":"Esther dekorationsfigur 4 st multif\u00e4rg"}]},{"@type":"WebSite","@id":"https:\/\/shopnoorfi-wp31835.test.cchosting.fi\/#website","url":"https:\/\/shopnoorfi-wp31835.test.cchosting.fi\/","name":"Oy Noortrade Ab","description":"Finnish family owned company with over 30 years of professional experience in lighting &amp; interior products import and sales - reliably.","publisher":{"@id":"https:\/\/shopnoorfi-wp31835.test.cchosting.fi\/#organization"},"potentialAction":[{"@type":"SearchAction","target":{"@type":"EntryPoint","urlTemplate":"https:\/\/shopnoorfi-wp31835.test.cchosting.fi\/?s={search_term_string}"},"query-input":{"@type":"PropertyValueSpecification","valueRequired":true,"valueName":"search_term_string"}}],"inLanguage":"sv-SE"},{"@type":"Organization","@id":"https:\/\/shopnoorfi-wp31835.test.cchosting.fi\/#organization","name":"Oy Noortrade Ab","url":"https:\/\/shopnoorfi-wp31835.test.cchosting.fi\/","logo":{"@type":"ImageObject","inLanguage":"sv-SE","@id":"https:\/\/shopnoorfi-wp31835.test.cchosting.fi\/#\/schema\/logo\/image\/","url":"https:\/\/shop.noor.fi\/wp-content\/uploads\/2024\/01\/Oy-Noortrade-Ab-Corbel-VERSAL-bold-BLACK.png","contentUrl":"https:\/\/shop.noor.fi\/wp-content\/uploads\/2024\/01\/Oy-Noortrade-Ab-Corbel-VERSAL-bold-BLACK.png","width":721,"height":177,"caption":"Oy Noortrade Ab"},"image":{"@id":"https:\/\/shopnoorfi-wp31835.test.cchosting.fi\/#\/schema\/logo\/image\/"}}]}},"brands":[{"id":28728,"name":"Star Trading","slug":"star-trading"}],"_links":{"self":[{"href":"https:\/\/shop.noor.fi\/sv\/wp-json\/wp\/v2\/product\/142978","targetHints":{"allow":["GET"]}}],"collection":[{"href":"https:\/\/shop.noor.fi\/sv\/wp-json\/wp\/v2\/product"}],"about":[{"href":"https:\/\/shop.noor.fi\/sv\/wp-json\/wp\/v2\/types\/product"}],"replies":[{"embeddable":true,"href":"https:\/\/shop.noor.fi\/sv\/wp-json\/wp\/v2\/comments?post=142978"}],"wp:featuredmedia":[{"embeddable":true,"href":"https:\/\/shop.noor.fi\/sv\/wp-json\/wp\/v2\/media\/144361"}],"wp:attachment":[{"href":"https:\/\/shop.noor.fi\/sv\/wp-json\/wp\/v2\/media?parent=142978"}],"wp:term":[{"taxonomy":"pwb-brand","embeddable":true,"href":"https:\/\/shop.noor.fi\/sv\/wp-json\/wp\/v2\/pwb-brand?post=142978"},{"taxonomy":"product_brand","embeddable":true,"href":"https:\/\/shop.noor.fi\/sv\/wp-json\/wp\/v2\/product_brand?post=142978"},{"taxonomy":"product_cat","embeddable":true,"href":"https:\/\/shop.noor.fi\/sv\/wp-json\/wp\/v2\/product_cat?post=142978"},{"taxonomy":"product_tag","embeddable":true,"href":"https:\/\/shop.noor.fi\/sv\/wp-json\/wp\/v2\/product_tag?post=142978"}],"curies":[{"name":"wp","href":"https:\/\/api.w.org\/{rel}","templated":true}]}}