{"id":141717,"date":"2025-11-12T10:44:53","date_gmt":"2025-11-12T08:44:53","guid":{"rendered":"https:\/\/shop.noor.fi\/product\/matdehydrator-da-450\/"},"modified":"2026-04-22T15:56:06","modified_gmt":"2026-04-22T12:56:06","slug":"matdehydrator-da-450","status":"publish","type":"product","link":"https:\/\/shop.noor.fi\/sv\/produkt\/matdehydrator-da-450\/","title":{"rendered":"Matdehydrator DA 450"},"content":{"rendered":"<p>Rommelsbacher <a href=\"https:\/\/www.youtube.com\/watch?v=KuwaixUC7X0\">DA 450<\/a> \u00e4r en liten torkugn f\u00f6r en noggrann torkning av frukt, gr\u00f6nsaker, \u00f6rter, svamp och mer. Torkning &#8211; som den \u00e4ldsta formen av matkonservering &#8211; \u00e4r ett skonsamt s\u00e4tt att konservera mat utan tillsatser eller konserveringsmedel, och har blivit en oumb\u00e4rlig del av det moderna k\u00f6ket. Detta uppn\u00e5s naturligtvis b\u00e4st med en h\u00f6gkvalitativ elektrisk torkugn med exakta temperaturer och j\u00e4mn v\u00e4rmef\u00f6rdelning.<\/p>\n<p>Den kompakta torkugnen erbjuder maximal funktionalitet p\u00e5 minimalt utrymme. Med en torkyta p\u00e5 cirka 0,2 m\u00b2 och fem torkbrickor i rostfritt st\u00e5l \u00e4r den idealisk f\u00f6r sm\u00e5 hush\u00e5ll, nyb\u00f6rjare inom matlagning eller kreativa g\u00f6r-det-sj\u00e4lv-entusiaster. Oavsett om det g\u00e4ller \u00e4ppelchips, fruktl\u00e4der, torkat n\u00f6tk\u00f6tt, m\u00fcslibars eller naturmaterial f\u00f6r hantverk \u2013 anv\u00e4ndningsm\u00f6jligheterna \u00e4r extremt m\u00e5ngsidiga.<\/p>\n<p>Trots sin lilla storlek imponerar <a href=\"https:\/\/shop.noor.fi\/sv\/produkt-kategori\/koksmaskiner\/\">Rommelsbacher<\/a> DA 450 med exakt temperaturkontroll fr\u00e5n 35 \u00b0C till 80 \u00b0C, optimal luftcirkulation och tyst, energibesparande drift. Praktiska extrafunktioner som 99 timmars timer, varmh\u00e5llningsfunktion, LED-innerbelysning och ett ouppv\u00e4rmt funktion f\u00f6r kylning eller upptining maximerar anv\u00e4ndarkomforten. De medf\u00f6ljande tillbeh\u00f6ren som m\u00fcsliformar, torkmattan, utbytbart filter och torkst\u00e4llet kompletterar det smarta paketet. DA 450 \u00e4r en m\u00e5ngsidig apparat f\u00f6r att planera h\u00e4lsosamma snacks, kreativa id\u00e9er och medveten kost \u2013 \u00e4ven i det minsta k\u00f6ket.<\/p>\n<p>Platsbesparande apparat med Cool Touch-h\u00f6lje<br \/>\n5 avtagbara torkbrickor i rostfritt st\u00e5l, torkyta ca 0,2 m\u00b2<br \/>\nExakt temperaturkontroll, individuellt justerbar fr\u00e5n 35 \u00b0C till 80 \u00b0C<br \/>\nEnergibesparande och tyst drift, optimal luftcirkulation och temperaturf\u00f6rdelning<br \/>\nKan \u00e4ven anv\u00e4ndas utan uppv\u00e4rmning &#8211; perfekt f\u00f6r kylning eller upptining<br \/>\nLCD-display<br \/>\n99 timmars timer, varmh\u00e5llningsfunktion, touchknappar, omkopplingsbar LED-innerbelysning<br \/>\nAlla tillbeh\u00f6r t\u00e5l diskmaskin<br \/>\nUtbytbart filter<br \/>\nInneh\u00e5ller 2 formar f\u00f6r totalt 8 m\u00fcslibars, 5 torkbrickor (23,5 x 18 cm), 1 torkst\u00e4ll, 1 torkmatta (BPA-fri), 5 reservfilter<\/p>\n","protected":false},"excerpt":{"rendered":"<p>Rommelsbacher DA 450 \u00e4r en liten torkugn f\u00f6r en noggrann torkning av frukt, gr\u00f6nsaker, \u00f6rter, svamp och mer. Torkning &#8211; som den \u00e4ldsta formen av matkonservering &#8211; \u00e4r ett skonsamt s\u00e4tt att konservera mat utan tillsatser eller konserveringsmedel, och har blivit en oumb\u00e4rlig del av det moderna k\u00f6ket. Detta uppn\u00e5s naturligtvis b\u00e4st med en h\u00f6gkvalitativ [&hellip;]<\/p>\n","protected":false},"featured_media":141729,"comment_status":"open","ping_status":"closed","template":"","meta":{"_acf_changed":false,"_relevanssi_hide_post":"","_relevanssi_hide_content":"","_relevanssi_pin_for_all":"","_relevanssi_pin_keywords":"","_relevanssi_unpin_keywords":"","_relevanssi_related_keywords":"","_relevanssi_related_include_ids":"","_relevanssi_related_exclude_ids":"","_relevanssi_related_no_append":"","_relevanssi_related_not_related":"","_relevanssi_related_posts":"","_relevanssi_noindex_reason":""},"pwb-brand":[37696],"product_brand":[],"product_cat":[32082,37035],"product_tag":[],"class_list":{"0":"post-141717","1":"product","2":"type-product","3":"status-publish","4":"has-post-thumbnail","6":"pwb-brand-rommelsbacher-sv","7":"product_cat-ovriga-nyheter","8":"product_cat-koksmaskiner","10":"first","11":"instock","12":"taxable","13":"shipping-taxable","14":"purchasable","15":"product-type-simple"},"acf":[],"yoast_head":"<!-- This site is optimized with the Yoast SEO plugin v27.5 - https:\/\/yoast.com\/product\/yoast-seo-wordpress\/ -->\n<title>Matdehydrator DA 450 - Oy Noortrade Ab<\/title>\n<meta name=\"robots\" content=\"index, follow, max-snippet:-1, max-image-preview:large, max-video-preview:-1\" \/>\n<link rel=\"canonical\" href=\"https:\/\/shop.noor.fi\/sv\/produkt\/matdehydrator-da-450\/\" \/>\n<meta property=\"og:locale\" content=\"sv_SE\" \/>\n<meta property=\"og:type\" content=\"article\" \/>\n<meta property=\"og:title\" content=\"Matdehydrator DA 450 - Oy Noortrade Ab\" \/>\n<meta property=\"og:description\" content=\"Rommelsbacher DA 450 \u00e4r en liten torkugn f\u00f6r en noggrann torkning av frukt, gr\u00f6nsaker, \u00f6rter, svamp och mer. Torkning &#8211; som den \u00e4ldsta formen av matkonservering &#8211; \u00e4r ett skonsamt s\u00e4tt att konservera mat utan tillsatser eller konserveringsmedel, och har blivit en oumb\u00e4rlig del av det moderna k\u00f6ket. Detta uppn\u00e5s naturligtvis b\u00e4st med en h\u00f6gkvalitativ [&hellip;]\" \/>\n<meta property=\"og:url\" content=\"https:\/\/shop.noor.fi\/sv\/produkt\/matdehydrator-da-450\/\" \/>\n<meta property=\"og:site_name\" content=\"Oy Noortrade Ab\" \/>\n<meta property=\"article:modified_time\" content=\"2026-04-22T12:56:06+00:00\" \/>\n<meta property=\"og:image\" content=\"https:\/\/shop.noor.fi\/wp-content\/uploads\/2025\/11\/4001797008220.jpg\" \/>\n\t<meta property=\"og:image:width\" content=\"1000\" \/>\n\t<meta property=\"og:image:height\" content=\"1000\" \/>\n\t<meta property=\"og:image:type\" content=\"image\/jpeg\" \/>\n<meta name=\"twitter:card\" content=\"summary_large_image\" \/>\n<meta name=\"twitter:label1\" content=\"Ber\u00e4knad l\u00e4stid\" \/>\n\t<meta name=\"twitter:data1\" content=\"2 minuter\" \/>\n<script type=\"application\/ld+json\" class=\"yoast-schema-graph\">{\"@context\":\"https:\\\/\\\/schema.org\",\"@graph\":[{\"@type\":\"WebPage\",\"@id\":\"https:\\\/\\\/shop.noor.fi\\\/sv\\\/produkt\\\/matdehydrator-da-450\\\/\",\"url\":\"https:\\\/\\\/shop.noor.fi\\\/sv\\\/produkt\\\/matdehydrator-da-450\\\/\",\"name\":\"Matdehydrator DA 450 - Oy Noortrade Ab\",\"isPartOf\":{\"@id\":\"https:\\\/\\\/shopnoorfi-wp31835.test.cchosting.fi\\\/#website\"},\"primaryImageOfPage\":{\"@id\":\"https:\\\/\\\/shop.noor.fi\\\/sv\\\/produkt\\\/matdehydrator-da-450\\\/#primaryimage\"},\"image\":{\"@id\":\"https:\\\/\\\/shop.noor.fi\\\/sv\\\/produkt\\\/matdehydrator-da-450\\\/#primaryimage\"},\"thumbnailUrl\":\"https:\\\/\\\/shop.noor.fi\\\/wp-content\\\/uploads\\\/2025\\\/11\\\/4001797008220.jpg\",\"datePublished\":\"2025-11-12T08:44:53+00:00\",\"dateModified\":\"2026-04-22T12:56:06+00:00\",\"breadcrumb\":{\"@id\":\"https:\\\/\\\/shop.noor.fi\\\/sv\\\/produkt\\\/matdehydrator-da-450\\\/#breadcrumb\"},\"inLanguage\":\"sv-SE\",\"potentialAction\":[{\"@type\":\"ReadAction\",\"target\":[\"https:\\\/\\\/shop.noor.fi\\\/sv\\\/produkt\\\/matdehydrator-da-450\\\/\"]}]},{\"@type\":\"ImageObject\",\"inLanguage\":\"sv-SE\",\"@id\":\"https:\\\/\\\/shop.noor.fi\\\/sv\\\/produkt\\\/matdehydrator-da-450\\\/#primaryimage\",\"url\":\"https:\\\/\\\/shop.noor.fi\\\/wp-content\\\/uploads\\\/2025\\\/11\\\/4001797008220.jpg\",\"contentUrl\":\"https:\\\/\\\/shop.noor.fi\\\/wp-content\\\/uploads\\\/2025\\\/11\\\/4001797008220.jpg\",\"width\":1000,\"height\":1000},{\"@type\":\"BreadcrumbList\",\"@id\":\"https:\\\/\\\/shop.noor.fi\\\/sv\\\/produkt\\\/matdehydrator-da-450\\\/#breadcrumb\",\"itemListElement\":[{\"@type\":\"ListItem\",\"position\":1,\"name\":\"Etusivu\",\"item\":\"https:\\\/\\\/shop.noor.fi\\\/sv\\\/\"},{\"@type\":\"ListItem\",\"position\":2,\"name\":\"Butik\",\"item\":\"https:\\\/\\\/shopnoorfi-wp31835.test.cchosting.fi\\\/sv\\\/butik\\\/\"},{\"@type\":\"ListItem\",\"position\":3,\"name\":\"Matdehydrator DA 450\"}]},{\"@type\":\"WebSite\",\"@id\":\"https:\\\/\\\/shopnoorfi-wp31835.test.cchosting.fi\\\/#website\",\"url\":\"https:\\\/\\\/shopnoorfi-wp31835.test.cchosting.fi\\\/\",\"name\":\"Oy Noortrade Ab\",\"description\":\"Finnish family owned company with over 30 years of professional experience in lighting &amp; interior products import and sales - reliably.\",\"publisher\":{\"@id\":\"https:\\\/\\\/shopnoorfi-wp31835.test.cchosting.fi\\\/#organization\"},\"potentialAction\":[{\"@type\":\"SearchAction\",\"target\":{\"@type\":\"EntryPoint\",\"urlTemplate\":\"https:\\\/\\\/shopnoorfi-wp31835.test.cchosting.fi\\\/?s={search_term_string}\"},\"query-input\":{\"@type\":\"PropertyValueSpecification\",\"valueRequired\":true,\"valueName\":\"search_term_string\"}}],\"inLanguage\":\"sv-SE\"},{\"@type\":\"Organization\",\"@id\":\"https:\\\/\\\/shopnoorfi-wp31835.test.cchosting.fi\\\/#organization\",\"name\":\"Oy Noortrade Ab\",\"url\":\"https:\\\/\\\/shopnoorfi-wp31835.test.cchosting.fi\\\/\",\"logo\":{\"@type\":\"ImageObject\",\"inLanguage\":\"sv-SE\",\"@id\":\"https:\\\/\\\/shopnoorfi-wp31835.test.cchosting.fi\\\/#\\\/schema\\\/logo\\\/image\\\/\",\"url\":\"https:\\\/\\\/shop.noor.fi\\\/wp-content\\\/uploads\\\/2024\\\/01\\\/Oy-Noortrade-Ab-Corbel-VERSAL-bold-BLACK.png\",\"contentUrl\":\"https:\\\/\\\/shop.noor.fi\\\/wp-content\\\/uploads\\\/2024\\\/01\\\/Oy-Noortrade-Ab-Corbel-VERSAL-bold-BLACK.png\",\"width\":721,\"height\":177,\"caption\":\"Oy Noortrade Ab\"},\"image\":{\"@id\":\"https:\\\/\\\/shopnoorfi-wp31835.test.cchosting.fi\\\/#\\\/schema\\\/logo\\\/image\\\/\"}}]}<\/script>\n<!-- \/ Yoast SEO plugin. -->","yoast_head_json":{"title":"Matdehydrator DA 450 - Oy Noortrade Ab","robots":{"index":"index","follow":"follow","max-snippet":"max-snippet:-1","max-image-preview":"max-image-preview:large","max-video-preview":"max-video-preview:-1"},"canonical":"https:\/\/shop.noor.fi\/sv\/produkt\/matdehydrator-da-450\/","og_locale":"sv_SE","og_type":"article","og_title":"Matdehydrator DA 450 - Oy Noortrade Ab","og_description":"Rommelsbacher DA 450 \u00e4r en liten torkugn f\u00f6r en noggrann torkning av frukt, gr\u00f6nsaker, \u00f6rter, svamp och mer. Torkning &#8211; som den \u00e4ldsta formen av matkonservering &#8211; \u00e4r ett skonsamt s\u00e4tt att konservera mat utan tillsatser eller konserveringsmedel, och har blivit en oumb\u00e4rlig del av det moderna k\u00f6ket. Detta uppn\u00e5s naturligtvis b\u00e4st med en h\u00f6gkvalitativ [&hellip;]","og_url":"https:\/\/shop.noor.fi\/sv\/produkt\/matdehydrator-da-450\/","og_site_name":"Oy Noortrade Ab","article_modified_time":"2026-04-22T12:56:06+00:00","og_image":[{"width":1000,"height":1000,"url":"https:\/\/shop.noor.fi\/wp-content\/uploads\/2025\/11\/4001797008220.jpg","type":"image\/jpeg"}],"twitter_card":"summary_large_image","twitter_misc":{"Ber\u00e4knad l\u00e4stid":"2 minuter"},"schema":{"@context":"https:\/\/schema.org","@graph":[{"@type":"WebPage","@id":"https:\/\/shop.noor.fi\/sv\/produkt\/matdehydrator-da-450\/","url":"https:\/\/shop.noor.fi\/sv\/produkt\/matdehydrator-da-450\/","name":"Matdehydrator DA 450 - Oy Noortrade Ab","isPartOf":{"@id":"https:\/\/shopnoorfi-wp31835.test.cchosting.fi\/#website"},"primaryImageOfPage":{"@id":"https:\/\/shop.noor.fi\/sv\/produkt\/matdehydrator-da-450\/#primaryimage"},"image":{"@id":"https:\/\/shop.noor.fi\/sv\/produkt\/matdehydrator-da-450\/#primaryimage"},"thumbnailUrl":"https:\/\/shop.noor.fi\/wp-content\/uploads\/2025\/11\/4001797008220.jpg","datePublished":"2025-11-12T08:44:53+00:00","dateModified":"2026-04-22T12:56:06+00:00","breadcrumb":{"@id":"https:\/\/shop.noor.fi\/sv\/produkt\/matdehydrator-da-450\/#breadcrumb"},"inLanguage":"sv-SE","potentialAction":[{"@type":"ReadAction","target":["https:\/\/shop.noor.fi\/sv\/produkt\/matdehydrator-da-450\/"]}]},{"@type":"ImageObject","inLanguage":"sv-SE","@id":"https:\/\/shop.noor.fi\/sv\/produkt\/matdehydrator-da-450\/#primaryimage","url":"https:\/\/shop.noor.fi\/wp-content\/uploads\/2025\/11\/4001797008220.jpg","contentUrl":"https:\/\/shop.noor.fi\/wp-content\/uploads\/2025\/11\/4001797008220.jpg","width":1000,"height":1000},{"@type":"BreadcrumbList","@id":"https:\/\/shop.noor.fi\/sv\/produkt\/matdehydrator-da-450\/#breadcrumb","itemListElement":[{"@type":"ListItem","position":1,"name":"Etusivu","item":"https:\/\/shop.noor.fi\/sv\/"},{"@type":"ListItem","position":2,"name":"Butik","item":"https:\/\/shopnoorfi-wp31835.test.cchosting.fi\/sv\/butik\/"},{"@type":"ListItem","position":3,"name":"Matdehydrator DA 450"}]},{"@type":"WebSite","@id":"https:\/\/shopnoorfi-wp31835.test.cchosting.fi\/#website","url":"https:\/\/shopnoorfi-wp31835.test.cchosting.fi\/","name":"Oy Noortrade Ab","description":"Finnish family owned company with over 30 years of professional experience in lighting &amp; interior products import and sales - reliably.","publisher":{"@id":"https:\/\/shopnoorfi-wp31835.test.cchosting.fi\/#organization"},"potentialAction":[{"@type":"SearchAction","target":{"@type":"EntryPoint","urlTemplate":"https:\/\/shopnoorfi-wp31835.test.cchosting.fi\/?s={search_term_string}"},"query-input":{"@type":"PropertyValueSpecification","valueRequired":true,"valueName":"search_term_string"}}],"inLanguage":"sv-SE"},{"@type":"Organization","@id":"https:\/\/shopnoorfi-wp31835.test.cchosting.fi\/#organization","name":"Oy Noortrade Ab","url":"https:\/\/shopnoorfi-wp31835.test.cchosting.fi\/","logo":{"@type":"ImageObject","inLanguage":"sv-SE","@id":"https:\/\/shopnoorfi-wp31835.test.cchosting.fi\/#\/schema\/logo\/image\/","url":"https:\/\/shop.noor.fi\/wp-content\/uploads\/2024\/01\/Oy-Noortrade-Ab-Corbel-VERSAL-bold-BLACK.png","contentUrl":"https:\/\/shop.noor.fi\/wp-content\/uploads\/2024\/01\/Oy-Noortrade-Ab-Corbel-VERSAL-bold-BLACK.png","width":721,"height":177,"caption":"Oy Noortrade Ab"},"image":{"@id":"https:\/\/shopnoorfi-wp31835.test.cchosting.fi\/#\/schema\/logo\/image\/"}}]}},"brands":[{"id":37696,"name":"Rommelsbacher","slug":"rommelsbacher-sv"}],"_links":{"self":[{"href":"https:\/\/shop.noor.fi\/sv\/wp-json\/wp\/v2\/product\/141717","targetHints":{"allow":["GET"]}}],"collection":[{"href":"https:\/\/shop.noor.fi\/sv\/wp-json\/wp\/v2\/product"}],"about":[{"href":"https:\/\/shop.noor.fi\/sv\/wp-json\/wp\/v2\/types\/product"}],"replies":[{"embeddable":true,"href":"https:\/\/shop.noor.fi\/sv\/wp-json\/wp\/v2\/comments?post=141717"}],"wp:featuredmedia":[{"embeddable":true,"href":"https:\/\/shop.noor.fi\/sv\/wp-json\/wp\/v2\/media\/141729"}],"wp:attachment":[{"href":"https:\/\/shop.noor.fi\/sv\/wp-json\/wp\/v2\/media?parent=141717"}],"wp:term":[{"taxonomy":"pwb-brand","embeddable":true,"href":"https:\/\/shop.noor.fi\/sv\/wp-json\/wp\/v2\/pwb-brand?post=141717"},{"taxonomy":"product_brand","embeddable":true,"href":"https:\/\/shop.noor.fi\/sv\/wp-json\/wp\/v2\/product_brand?post=141717"},{"taxonomy":"product_cat","embeddable":true,"href":"https:\/\/shop.noor.fi\/sv\/wp-json\/wp\/v2\/product_cat?post=141717"},{"taxonomy":"product_tag","embeddable":true,"href":"https:\/\/shop.noor.fi\/sv\/wp-json\/wp\/v2\/product_tag?post=141717"}],"curies":[{"name":"wp","href":"https:\/\/api.w.org\/{rel}","templated":true}]}}