{"id":140806,"date":"2025-11-07T14:36:49","date_gmt":"2025-11-07T12:36:49","guid":{"rendered":"https:\/\/shop.noor.fi\/product\/john-ullmatta-mossa-170x240cm\/"},"modified":"2026-04-22T19:37:05","modified_gmt":"2026-04-22T16:37:05","slug":"john-ullmatta-mossa-170x240cm","status":"publish","type":"product","link":"https:\/\/shop.noor.fi\/sv\/produkt\/john-ullmatta-mossa-170x240cm\/","title":{"rendered":"John ullmatta mossa 170x240cm"},"content":{"rendered":"<p>John \u00e4r en tunn sl\u00e4tv\u00e4vd, v\u00e4ndbar ullmatta med bomullsvarp och en kort frans p\u00e5 b\u00e5da kortsidorna. Ull har en naturlig smuts- och vattenavvisande f\u00f6rm\u00e5ga och l\u00e4mpar sig d\u00e4rf\u00f6r mycket bra som material i en matta. Denna mattan \u00e4r ett hantverk och vissa avvikelser och oj\u00e4mnheter i v\u00e4ven kan f\u00f6rekomma.<br \/>\nM\u00e5tt: 170 x 240 cm.<br \/>\nViss f\u00e4llning \u00e4r normalt f\u00f6r nya ullmattor och avtar efter tid.<\/p>\n<p>Material: 100% ull<\/p>\n<p>Sk\u00f6tselr\u00e5d:<br \/>\n&#8211; Skaka mattan regelbundet f\u00f6r att f\u00e5 bort damm eller smuts och v\u00e4dra den d\u00e5 och d\u00e5.<br \/>\n&#8211; Fackmannm\u00e4ssig mattv\u00e4tt<\/p>\n","protected":false},"excerpt":{"rendered":"<p>John \u00e4r en tunn sl\u00e4tv\u00e4vd, v\u00e4ndbar ullmatta med bomullsvarp och en kort frans p\u00e5 b\u00e5da kortsidorna. Ull har en naturlig smuts- och vattenavvisande f\u00f6rm\u00e5ga och l\u00e4mpar sig d\u00e4rf\u00f6r mycket bra som material i en matta. Denna mattan \u00e4r ett hantverk och vissa avvikelser och oj\u00e4mnheter i v\u00e4ven kan f\u00f6rekomma. M\u00e5tt: 170 x 240 cm. Viss [&hellip;]<\/p>\n","protected":false},"featured_media":141429,"comment_status":"open","ping_status":"closed","template":"","meta":{"_acf_changed":false,"_relevanssi_hide_post":"","_relevanssi_hide_content":"","_relevanssi_pin_for_all":"","_relevanssi_pin_keywords":"","_relevanssi_unpin_keywords":"","_relevanssi_related_keywords":"","_relevanssi_related_include_ids":"","_relevanssi_related_exclude_ids":"","_relevanssi_related_no_append":"","_relevanssi_related_not_related":"","_relevanssi_related_posts":"","_relevanssi_noindex_reason":""},"pwb-brand":[28738,37492],"product_brand":[],"product_cat":[36162,32006,36159,31974],"product_tag":[],"class_list":{"0":"post-140806","1":"product","2":"type-product","3":"status-publish","4":"has-post-thumbnail","6":"pwb-brand-svanefors","7":"pwb-brand-svanefors-sv","8":"product_cat-var","9":"product_cat-stora-mattor","10":"product_cat-kevat","11":"product_cat-isot-matot","13":"first","14":"instock","15":"taxable","16":"shipping-taxable","17":"purchasable","18":"product-type-simple"},"acf":[],"yoast_head":"<!-- This site is optimized with the Yoast SEO plugin v27.5 - https:\/\/yoast.com\/product\/yoast-seo-wordpress\/ -->\n<title>John ullmatta mossa 170x240cm - Oy Noortrade Ab<\/title>\n<meta name=\"robots\" content=\"index, follow, max-snippet:-1, max-image-preview:large, max-video-preview:-1\" \/>\n<link rel=\"canonical\" href=\"https:\/\/shop.noor.fi\/produkt\/john-villamatto-sammaleenvihrea-170x240cm\/\" \/>\n<meta property=\"og:locale\" content=\"sv_SE\" \/>\n<meta property=\"og:type\" content=\"article\" \/>\n<meta property=\"og:title\" content=\"John ullmatta mossa 170x240cm - Oy Noortrade Ab\" \/>\n<meta property=\"og:description\" content=\"John \u00e4r en tunn sl\u00e4tv\u00e4vd, v\u00e4ndbar ullmatta med bomullsvarp och en kort frans p\u00e5 b\u00e5da kortsidorna. Ull har en naturlig smuts- och vattenavvisande f\u00f6rm\u00e5ga och l\u00e4mpar sig d\u00e4rf\u00f6r mycket bra som material i en matta. Denna mattan \u00e4r ett hantverk och vissa avvikelser och oj\u00e4mnheter i v\u00e4ven kan f\u00f6rekomma. M\u00e5tt: 170 x 240 cm. Viss [&hellip;]\" \/>\n<meta property=\"og:url\" content=\"https:\/\/shop.noor.fi\/produkt\/john-villamatto-sammaleenvihrea-170x240cm\/\" \/>\n<meta property=\"og:site_name\" content=\"Oy Noortrade Ab\" \/>\n<meta property=\"article:modified_time\" content=\"2026-04-22T16:37:05+00:00\" \/>\n<meta property=\"og:image\" content=\"https:\/\/shop.noor.fi\/wp-content\/uploads\/2025\/11\/SV-1562-67-177.jpg\" \/>\n\t<meta property=\"og:image:width\" content=\"908\" \/>\n\t<meta property=\"og:image:height\" content=\"1210\" \/>\n\t<meta property=\"og:image:type\" content=\"image\/jpeg\" \/>\n<meta name=\"twitter:card\" content=\"summary_large_image\" \/>\n<meta name=\"twitter:label1\" content=\"Ber\u00e4knad l\u00e4stid\" \/>\n\t<meta name=\"twitter:data1\" content=\"1 minut\" \/>\n<script type=\"application\/ld+json\" class=\"yoast-schema-graph\">{\"@context\":\"https:\\\/\\\/schema.org\",\"@graph\":[{\"@type\":\"WebPage\",\"@id\":\"https:\\\/\\\/shop.noor.fi\\\/produkt\\\/john-villamatto-sammaleenvihrea-170x240cm\\\/\",\"url\":\"https:\\\/\\\/shop.noor.fi\\\/produkt\\\/john-villamatto-sammaleenvihrea-170x240cm\\\/\",\"name\":\"John ullmatta mossa 170x240cm - Oy Noortrade Ab\",\"isPartOf\":{\"@id\":\"https:\\\/\\\/shopnoorfi-wp31835.test.cchosting.fi\\\/#website\"},\"primaryImageOfPage\":{\"@id\":\"https:\\\/\\\/shop.noor.fi\\\/produkt\\\/john-villamatto-sammaleenvihrea-170x240cm\\\/#primaryimage\"},\"image\":{\"@id\":\"https:\\\/\\\/shop.noor.fi\\\/produkt\\\/john-villamatto-sammaleenvihrea-170x240cm\\\/#primaryimage\"},\"thumbnailUrl\":\"https:\\\/\\\/shop.noor.fi\\\/wp-content\\\/uploads\\\/2025\\\/11\\\/SV-1562-67-177.jpg\",\"datePublished\":\"2025-11-07T12:36:49+00:00\",\"dateModified\":\"2026-04-22T16:37:05+00:00\",\"breadcrumb\":{\"@id\":\"https:\\\/\\\/shop.noor.fi\\\/produkt\\\/john-villamatto-sammaleenvihrea-170x240cm\\\/#breadcrumb\"},\"inLanguage\":\"sv-SE\",\"potentialAction\":[{\"@type\":\"ReadAction\",\"target\":[\"https:\\\/\\\/shop.noor.fi\\\/produkt\\\/john-villamatto-sammaleenvihrea-170x240cm\\\/\"]}]},{\"@type\":\"ImageObject\",\"inLanguage\":\"sv-SE\",\"@id\":\"https:\\\/\\\/shop.noor.fi\\\/produkt\\\/john-villamatto-sammaleenvihrea-170x240cm\\\/#primaryimage\",\"url\":\"https:\\\/\\\/shop.noor.fi\\\/wp-content\\\/uploads\\\/2025\\\/11\\\/SV-1562-67-177.jpg\",\"contentUrl\":\"https:\\\/\\\/shop.noor.fi\\\/wp-content\\\/uploads\\\/2025\\\/11\\\/SV-1562-67-177.jpg\",\"width\":908,\"height\":1210},{\"@type\":\"BreadcrumbList\",\"@id\":\"https:\\\/\\\/shop.noor.fi\\\/produkt\\\/john-villamatto-sammaleenvihrea-170x240cm\\\/#breadcrumb\",\"itemListElement\":[{\"@type\":\"ListItem\",\"position\":1,\"name\":\"Etusivu\",\"item\":\"https:\\\/\\\/shop.noor.fi\\\/sv\\\/\"},{\"@type\":\"ListItem\",\"position\":2,\"name\":\"Butik\",\"item\":\"https:\\\/\\\/shopnoorfi-wp31835.test.cchosting.fi\\\/sv\\\/butik\\\/\"},{\"@type\":\"ListItem\",\"position\":3,\"name\":\"John ullmatta mossa 170x240cm\"}]},{\"@type\":\"WebSite\",\"@id\":\"https:\\\/\\\/shopnoorfi-wp31835.test.cchosting.fi\\\/#website\",\"url\":\"https:\\\/\\\/shopnoorfi-wp31835.test.cchosting.fi\\\/\",\"name\":\"Oy Noortrade Ab\",\"description\":\"Finnish family owned company with over 30 years of professional experience in lighting &amp; interior products import and sales - reliably.\",\"publisher\":{\"@id\":\"https:\\\/\\\/shopnoorfi-wp31835.test.cchosting.fi\\\/#organization\"},\"potentialAction\":[{\"@type\":\"SearchAction\",\"target\":{\"@type\":\"EntryPoint\",\"urlTemplate\":\"https:\\\/\\\/shopnoorfi-wp31835.test.cchosting.fi\\\/?s={search_term_string}\"},\"query-input\":{\"@type\":\"PropertyValueSpecification\",\"valueRequired\":true,\"valueName\":\"search_term_string\"}}],\"inLanguage\":\"sv-SE\"},{\"@type\":\"Organization\",\"@id\":\"https:\\\/\\\/shopnoorfi-wp31835.test.cchosting.fi\\\/#organization\",\"name\":\"Oy Noortrade Ab\",\"url\":\"https:\\\/\\\/shopnoorfi-wp31835.test.cchosting.fi\\\/\",\"logo\":{\"@type\":\"ImageObject\",\"inLanguage\":\"sv-SE\",\"@id\":\"https:\\\/\\\/shopnoorfi-wp31835.test.cchosting.fi\\\/#\\\/schema\\\/logo\\\/image\\\/\",\"url\":\"https:\\\/\\\/shop.noor.fi\\\/wp-content\\\/uploads\\\/2024\\\/01\\\/Oy-Noortrade-Ab-Corbel-VERSAL-bold-BLACK.png\",\"contentUrl\":\"https:\\\/\\\/shop.noor.fi\\\/wp-content\\\/uploads\\\/2024\\\/01\\\/Oy-Noortrade-Ab-Corbel-VERSAL-bold-BLACK.png\",\"width\":721,\"height\":177,\"caption\":\"Oy Noortrade Ab\"},\"image\":{\"@id\":\"https:\\\/\\\/shopnoorfi-wp31835.test.cchosting.fi\\\/#\\\/schema\\\/logo\\\/image\\\/\"}}]}<\/script>\n<!-- \/ Yoast SEO plugin. -->","yoast_head_json":{"title":"John ullmatta mossa 170x240cm - Oy Noortrade Ab","robots":{"index":"index","follow":"follow","max-snippet":"max-snippet:-1","max-image-preview":"max-image-preview:large","max-video-preview":"max-video-preview:-1"},"canonical":"https:\/\/shop.noor.fi\/produkt\/john-villamatto-sammaleenvihrea-170x240cm\/","og_locale":"sv_SE","og_type":"article","og_title":"John ullmatta mossa 170x240cm - Oy Noortrade Ab","og_description":"John \u00e4r en tunn sl\u00e4tv\u00e4vd, v\u00e4ndbar ullmatta med bomullsvarp och en kort frans p\u00e5 b\u00e5da kortsidorna. Ull har en naturlig smuts- och vattenavvisande f\u00f6rm\u00e5ga och l\u00e4mpar sig d\u00e4rf\u00f6r mycket bra som material i en matta. Denna mattan \u00e4r ett hantverk och vissa avvikelser och oj\u00e4mnheter i v\u00e4ven kan f\u00f6rekomma. M\u00e5tt: 170 x 240 cm. Viss [&hellip;]","og_url":"https:\/\/shop.noor.fi\/produkt\/john-villamatto-sammaleenvihrea-170x240cm\/","og_site_name":"Oy Noortrade Ab","article_modified_time":"2026-04-22T16:37:05+00:00","og_image":[{"width":908,"height":1210,"url":"https:\/\/shop.noor.fi\/wp-content\/uploads\/2025\/11\/SV-1562-67-177.jpg","type":"image\/jpeg"}],"twitter_card":"summary_large_image","twitter_misc":{"Ber\u00e4knad l\u00e4stid":"1 minut"},"schema":{"@context":"https:\/\/schema.org","@graph":[{"@type":"WebPage","@id":"https:\/\/shop.noor.fi\/produkt\/john-villamatto-sammaleenvihrea-170x240cm\/","url":"https:\/\/shop.noor.fi\/produkt\/john-villamatto-sammaleenvihrea-170x240cm\/","name":"John ullmatta mossa 170x240cm - Oy Noortrade Ab","isPartOf":{"@id":"https:\/\/shopnoorfi-wp31835.test.cchosting.fi\/#website"},"primaryImageOfPage":{"@id":"https:\/\/shop.noor.fi\/produkt\/john-villamatto-sammaleenvihrea-170x240cm\/#primaryimage"},"image":{"@id":"https:\/\/shop.noor.fi\/produkt\/john-villamatto-sammaleenvihrea-170x240cm\/#primaryimage"},"thumbnailUrl":"https:\/\/shop.noor.fi\/wp-content\/uploads\/2025\/11\/SV-1562-67-177.jpg","datePublished":"2025-11-07T12:36:49+00:00","dateModified":"2026-04-22T16:37:05+00:00","breadcrumb":{"@id":"https:\/\/shop.noor.fi\/produkt\/john-villamatto-sammaleenvihrea-170x240cm\/#breadcrumb"},"inLanguage":"sv-SE","potentialAction":[{"@type":"ReadAction","target":["https:\/\/shop.noor.fi\/produkt\/john-villamatto-sammaleenvihrea-170x240cm\/"]}]},{"@type":"ImageObject","inLanguage":"sv-SE","@id":"https:\/\/shop.noor.fi\/produkt\/john-villamatto-sammaleenvihrea-170x240cm\/#primaryimage","url":"https:\/\/shop.noor.fi\/wp-content\/uploads\/2025\/11\/SV-1562-67-177.jpg","contentUrl":"https:\/\/shop.noor.fi\/wp-content\/uploads\/2025\/11\/SV-1562-67-177.jpg","width":908,"height":1210},{"@type":"BreadcrumbList","@id":"https:\/\/shop.noor.fi\/produkt\/john-villamatto-sammaleenvihrea-170x240cm\/#breadcrumb","itemListElement":[{"@type":"ListItem","position":1,"name":"Etusivu","item":"https:\/\/shop.noor.fi\/sv\/"},{"@type":"ListItem","position":2,"name":"Butik","item":"https:\/\/shopnoorfi-wp31835.test.cchosting.fi\/sv\/butik\/"},{"@type":"ListItem","position":3,"name":"John ullmatta mossa 170x240cm"}]},{"@type":"WebSite","@id":"https:\/\/shopnoorfi-wp31835.test.cchosting.fi\/#website","url":"https:\/\/shopnoorfi-wp31835.test.cchosting.fi\/","name":"Oy Noortrade Ab","description":"Finnish family owned company with over 30 years of professional experience in lighting &amp; interior products import and sales - reliably.","publisher":{"@id":"https:\/\/shopnoorfi-wp31835.test.cchosting.fi\/#organization"},"potentialAction":[{"@type":"SearchAction","target":{"@type":"EntryPoint","urlTemplate":"https:\/\/shopnoorfi-wp31835.test.cchosting.fi\/?s={search_term_string}"},"query-input":{"@type":"PropertyValueSpecification","valueRequired":true,"valueName":"search_term_string"}}],"inLanguage":"sv-SE"},{"@type":"Organization","@id":"https:\/\/shopnoorfi-wp31835.test.cchosting.fi\/#organization","name":"Oy Noortrade Ab","url":"https:\/\/shopnoorfi-wp31835.test.cchosting.fi\/","logo":{"@type":"ImageObject","inLanguage":"sv-SE","@id":"https:\/\/shopnoorfi-wp31835.test.cchosting.fi\/#\/schema\/logo\/image\/","url":"https:\/\/shop.noor.fi\/wp-content\/uploads\/2024\/01\/Oy-Noortrade-Ab-Corbel-VERSAL-bold-BLACK.png","contentUrl":"https:\/\/shop.noor.fi\/wp-content\/uploads\/2024\/01\/Oy-Noortrade-Ab-Corbel-VERSAL-bold-BLACK.png","width":721,"height":177,"caption":"Oy Noortrade Ab"},"image":{"@id":"https:\/\/shopnoorfi-wp31835.test.cchosting.fi\/#\/schema\/logo\/image\/"}}]}},"brands":[{"id":28738,"name":"Svanefors","slug":"svanefors"},{"id":37492,"name":"Svanefors","slug":"svanefors-sv"}],"_links":{"self":[{"href":"https:\/\/shop.noor.fi\/sv\/wp-json\/wp\/v2\/product\/140806","targetHints":{"allow":["GET"]}}],"collection":[{"href":"https:\/\/shop.noor.fi\/sv\/wp-json\/wp\/v2\/product"}],"about":[{"href":"https:\/\/shop.noor.fi\/sv\/wp-json\/wp\/v2\/types\/product"}],"replies":[{"embeddable":true,"href":"https:\/\/shop.noor.fi\/sv\/wp-json\/wp\/v2\/comments?post=140806"}],"wp:featuredmedia":[{"embeddable":true,"href":"https:\/\/shop.noor.fi\/sv\/wp-json\/wp\/v2\/media\/141429"}],"wp:attachment":[{"href":"https:\/\/shop.noor.fi\/sv\/wp-json\/wp\/v2\/media?parent=140806"}],"wp:term":[{"taxonomy":"pwb-brand","embeddable":true,"href":"https:\/\/shop.noor.fi\/sv\/wp-json\/wp\/v2\/pwb-brand?post=140806"},{"taxonomy":"product_brand","embeddable":true,"href":"https:\/\/shop.noor.fi\/sv\/wp-json\/wp\/v2\/product_brand?post=140806"},{"taxonomy":"product_cat","embeddable":true,"href":"https:\/\/shop.noor.fi\/sv\/wp-json\/wp\/v2\/product_cat?post=140806"},{"taxonomy":"product_tag","embeddable":true,"href":"https:\/\/shop.noor.fi\/sv\/wp-json\/wp\/v2\/product_tag?post=140806"}],"curies":[{"name":"wp","href":"https:\/\/api.w.org\/{rel}","templated":true}]}}