{"id":140802,"date":"2025-11-07T12:53:12","date_gmt":"2025-11-07T10:53:12","guid":{"rendered":"https:\/\/shop.noor.fi\/product\/mayla-pendel-43cm-natur\/"},"modified":"2026-05-05T15:05:16","modified_gmt":"2026-05-05T12:05:16","slug":"mayla-pendel-43cm-natur","status":"publish","type":"product","link":"https:\/\/shop.noor.fi\/sv\/produkt\/mayla-pendel-43cm-natur\/","title":{"rendered":"Mayla pendel 43cm natur"},"content":{"rendered":"<p>Mayla \u00e4r en elegant taklampa i handfl\u00e4tad naturrotting som tillf\u00f6r hemmet en varm, naturlig och inbjudande atmosf\u00e4r. Den formade lampsk\u00e4rmen \u00e4r skickligt v\u00e4vd av rottingstr\u00e5n, vilket g\u00f6r varje exemplar unikt med sin egen struktur och karakt\u00e4r. Den l\u00e4tt vridna designen ger ett modernt uttryck med bohemiska inslag \u2013 perfekt f\u00f6r dig som vill skapa en personlig och levande inredning. Eftersom lampan \u00e4r tillverkad i naturmaterial kan b\u00e5de form och f\u00e4rg variera n\u00e5got, och ytan f\u00e5r en vacker patina \u00f6ver tid \u2013 en del av dess genuina charm.<br \/>\nEtt 120 cm l\u00e5ng takupph\u00e4ng med tvinnad kabel kl\u00e4dd i linneliknande tyg med vit takkopp ing\u00e5r.<br \/>\nKrokupph\u00e4ng, kopplingsplint. Takplugg ing\u00e5r j.<br \/>\nE27, max 40W. Ljusk\u00e4lla ing\u00e5r ej.<\/p>\n<p>Diameter 43 cm<br \/>\nH\u00f6jd 27 cm<\/p>\n","protected":false},"excerpt":{"rendered":"<p>Mayla \u00e4r en elegant taklampa i handfl\u00e4tad naturrotting som tillf\u00f6r hemmet en varm, naturlig och inbjudande atmosf\u00e4r. Den formade lampsk\u00e4rmen \u00e4r skickligt v\u00e4vd av rottingstr\u00e5n, vilket g\u00f6r varje exemplar unikt med sin egen struktur och karakt\u00e4r. Den l\u00e4tt vridna designen ger ett modernt uttryck med bohemiska inslag \u2013 perfekt f\u00f6r dig som vill skapa en [&hellip;]<\/p>\n","protected":false},"featured_media":141034,"comment_status":"open","ping_status":"closed","template":"","meta":{"_acf_changed":false,"_relevanssi_hide_post":"","_relevanssi_hide_content":"","_relevanssi_pin_for_all":"","_relevanssi_pin_keywords":"","_relevanssi_unpin_keywords":"","_relevanssi_related_keywords":"","_relevanssi_related_include_ids":"","_relevanssi_related_exclude_ids":"","_relevanssi_related_no_append":"","_relevanssi_related_not_related":"","_relevanssi_related_posts":"","_relevanssi_noindex_reason":""},"pwb-brand":[37489],"product_brand":[],"product_cat":[32115,32129],"product_tag":[],"class_list":{"0":"post-140802","1":"product","2":"type-product","3":"status-publish","4":"has-post-thumbnail","6":"pwb-brand-pr-home-sv","7":"product_cat-pendlar","8":"product_cat-inomhusbelysning-sv","10":"first","11":"onbackorder","12":"taxable","13":"shipping-taxable","14":"purchasable","15":"product-type-simple"},"acf":[],"yoast_head":"<!-- This site is optimized with the Yoast SEO plugin v27.5 - https:\/\/yoast.com\/product\/yoast-seo-wordpress\/ -->\n<title>Mayla pendel 43cm natur - Oy Noortrade Ab<\/title>\n<meta name=\"robots\" content=\"index, follow, max-snippet:-1, max-image-preview:large, max-video-preview:-1\" \/>\n<link rel=\"canonical\" href=\"https:\/\/shop.noor.fi\/sv\/produkt\/mayla-pendel-43cm-natur\/\" \/>\n<meta property=\"og:locale\" content=\"sv_SE\" \/>\n<meta property=\"og:type\" content=\"article\" \/>\n<meta property=\"og:title\" content=\"Mayla pendel 43cm natur - Oy Noortrade Ab\" \/>\n<meta property=\"og:description\" content=\"Mayla \u00e4r en elegant taklampa i handfl\u00e4tad naturrotting som tillf\u00f6r hemmet en varm, naturlig och inbjudande atmosf\u00e4r. Den formade lampsk\u00e4rmen \u00e4r skickligt v\u00e4vd av rottingstr\u00e5n, vilket g\u00f6r varje exemplar unikt med sin egen struktur och karakt\u00e4r. Den l\u00e4tt vridna designen ger ett modernt uttryck med bohemiska inslag \u2013 perfekt f\u00f6r dig som vill skapa en [&hellip;]\" \/>\n<meta property=\"og:url\" content=\"https:\/\/shop.noor.fi\/sv\/produkt\/mayla-pendel-43cm-natur\/\" \/>\n<meta property=\"og:site_name\" content=\"Oy Noortrade Ab\" \/>\n<meta property=\"article:modified_time\" content=\"2026-05-05T12:05:16+00:00\" \/>\n<meta property=\"og:image\" content=\"https:\/\/shop.noor.fi\/wp-content\/uploads\/2025\/11\/PR-7743-CT18.jpg\" \/>\n\t<meta property=\"og:image:width\" content=\"908\" \/>\n\t<meta property=\"og:image:height\" content=\"1210\" \/>\n\t<meta property=\"og:image:type\" content=\"image\/jpeg\" \/>\n<meta name=\"twitter:card\" content=\"summary_large_image\" \/>\n<meta name=\"twitter:label1\" content=\"Ber\u00e4knad l\u00e4stid\" \/>\n\t<meta name=\"twitter:data1\" content=\"1 minut\" \/>\n<script type=\"application\/ld+json\" class=\"yoast-schema-graph\">{\"@context\":\"https:\\\/\\\/schema.org\",\"@graph\":[{\"@type\":\"WebPage\",\"@id\":\"https:\\\/\\\/shop.noor.fi\\\/sv\\\/produkt\\\/mayla-pendel-43cm-natur\\\/\",\"url\":\"https:\\\/\\\/shop.noor.fi\\\/sv\\\/produkt\\\/mayla-pendel-43cm-natur\\\/\",\"name\":\"Mayla pendel 43cm natur - Oy Noortrade Ab\",\"isPartOf\":{\"@id\":\"https:\\\/\\\/shopnoorfi-wp31835.test.cchosting.fi\\\/#website\"},\"primaryImageOfPage\":{\"@id\":\"https:\\\/\\\/shop.noor.fi\\\/sv\\\/produkt\\\/mayla-pendel-43cm-natur\\\/#primaryimage\"},\"image\":{\"@id\":\"https:\\\/\\\/shop.noor.fi\\\/sv\\\/produkt\\\/mayla-pendel-43cm-natur\\\/#primaryimage\"},\"thumbnailUrl\":\"https:\\\/\\\/shop.noor.fi\\\/wp-content\\\/uploads\\\/2025\\\/11\\\/PR-7743-CT18.jpg\",\"datePublished\":\"2025-11-07T10:53:12+00:00\",\"dateModified\":\"2026-05-05T12:05:16+00:00\",\"breadcrumb\":{\"@id\":\"https:\\\/\\\/shop.noor.fi\\\/sv\\\/produkt\\\/mayla-pendel-43cm-natur\\\/#breadcrumb\"},\"inLanguage\":\"sv-SE\",\"potentialAction\":[{\"@type\":\"ReadAction\",\"target\":[\"https:\\\/\\\/shop.noor.fi\\\/sv\\\/produkt\\\/mayla-pendel-43cm-natur\\\/\"]}]},{\"@type\":\"ImageObject\",\"inLanguage\":\"sv-SE\",\"@id\":\"https:\\\/\\\/shop.noor.fi\\\/sv\\\/produkt\\\/mayla-pendel-43cm-natur\\\/#primaryimage\",\"url\":\"https:\\\/\\\/shop.noor.fi\\\/wp-content\\\/uploads\\\/2025\\\/11\\\/PR-7743-CT18.jpg\",\"contentUrl\":\"https:\\\/\\\/shop.noor.fi\\\/wp-content\\\/uploads\\\/2025\\\/11\\\/PR-7743-CT18.jpg\",\"width\":908,\"height\":1210},{\"@type\":\"BreadcrumbList\",\"@id\":\"https:\\\/\\\/shop.noor.fi\\\/sv\\\/produkt\\\/mayla-pendel-43cm-natur\\\/#breadcrumb\",\"itemListElement\":[{\"@type\":\"ListItem\",\"position\":1,\"name\":\"Etusivu\",\"item\":\"https:\\\/\\\/shop.noor.fi\\\/sv\\\/\"},{\"@type\":\"ListItem\",\"position\":2,\"name\":\"Butik\",\"item\":\"https:\\\/\\\/shopnoorfi-wp31835.test.cchosting.fi\\\/sv\\\/butik\\\/\"},{\"@type\":\"ListItem\",\"position\":3,\"name\":\"Mayla pendel 43cm natur\"}]},{\"@type\":\"WebSite\",\"@id\":\"https:\\\/\\\/shopnoorfi-wp31835.test.cchosting.fi\\\/#website\",\"url\":\"https:\\\/\\\/shopnoorfi-wp31835.test.cchosting.fi\\\/\",\"name\":\"Oy Noortrade Ab\",\"description\":\"Finnish family owned company with over 30 years of professional experience in lighting &amp; interior products import and sales - reliably.\",\"publisher\":{\"@id\":\"https:\\\/\\\/shopnoorfi-wp31835.test.cchosting.fi\\\/#organization\"},\"potentialAction\":[{\"@type\":\"SearchAction\",\"target\":{\"@type\":\"EntryPoint\",\"urlTemplate\":\"https:\\\/\\\/shopnoorfi-wp31835.test.cchosting.fi\\\/?s={search_term_string}\"},\"query-input\":{\"@type\":\"PropertyValueSpecification\",\"valueRequired\":true,\"valueName\":\"search_term_string\"}}],\"inLanguage\":\"sv-SE\"},{\"@type\":\"Organization\",\"@id\":\"https:\\\/\\\/shopnoorfi-wp31835.test.cchosting.fi\\\/#organization\",\"name\":\"Oy Noortrade Ab\",\"url\":\"https:\\\/\\\/shopnoorfi-wp31835.test.cchosting.fi\\\/\",\"logo\":{\"@type\":\"ImageObject\",\"inLanguage\":\"sv-SE\",\"@id\":\"https:\\\/\\\/shopnoorfi-wp31835.test.cchosting.fi\\\/#\\\/schema\\\/logo\\\/image\\\/\",\"url\":\"https:\\\/\\\/shop.noor.fi\\\/wp-content\\\/uploads\\\/2024\\\/01\\\/Oy-Noortrade-Ab-Corbel-VERSAL-bold-BLACK.png\",\"contentUrl\":\"https:\\\/\\\/shop.noor.fi\\\/wp-content\\\/uploads\\\/2024\\\/01\\\/Oy-Noortrade-Ab-Corbel-VERSAL-bold-BLACK.png\",\"width\":721,\"height\":177,\"caption\":\"Oy Noortrade Ab\"},\"image\":{\"@id\":\"https:\\\/\\\/shopnoorfi-wp31835.test.cchosting.fi\\\/#\\\/schema\\\/logo\\\/image\\\/\"}}]}<\/script>\n<!-- \/ Yoast SEO plugin. -->","yoast_head_json":{"title":"Mayla pendel 43cm natur - Oy Noortrade Ab","robots":{"index":"index","follow":"follow","max-snippet":"max-snippet:-1","max-image-preview":"max-image-preview:large","max-video-preview":"max-video-preview:-1"},"canonical":"https:\/\/shop.noor.fi\/sv\/produkt\/mayla-pendel-43cm-natur\/","og_locale":"sv_SE","og_type":"article","og_title":"Mayla pendel 43cm natur - Oy Noortrade Ab","og_description":"Mayla \u00e4r en elegant taklampa i handfl\u00e4tad naturrotting som tillf\u00f6r hemmet en varm, naturlig och inbjudande atmosf\u00e4r. Den formade lampsk\u00e4rmen \u00e4r skickligt v\u00e4vd av rottingstr\u00e5n, vilket g\u00f6r varje exemplar unikt med sin egen struktur och karakt\u00e4r. Den l\u00e4tt vridna designen ger ett modernt uttryck med bohemiska inslag \u2013 perfekt f\u00f6r dig som vill skapa en [&hellip;]","og_url":"https:\/\/shop.noor.fi\/sv\/produkt\/mayla-pendel-43cm-natur\/","og_site_name":"Oy Noortrade Ab","article_modified_time":"2026-05-05T12:05:16+00:00","og_image":[{"width":908,"height":1210,"url":"https:\/\/shop.noor.fi\/wp-content\/uploads\/2025\/11\/PR-7743-CT18.jpg","type":"image\/jpeg"}],"twitter_card":"summary_large_image","twitter_misc":{"Ber\u00e4knad l\u00e4stid":"1 minut"},"schema":{"@context":"https:\/\/schema.org","@graph":[{"@type":"WebPage","@id":"https:\/\/shop.noor.fi\/sv\/produkt\/mayla-pendel-43cm-natur\/","url":"https:\/\/shop.noor.fi\/sv\/produkt\/mayla-pendel-43cm-natur\/","name":"Mayla pendel 43cm natur - Oy Noortrade Ab","isPartOf":{"@id":"https:\/\/shopnoorfi-wp31835.test.cchosting.fi\/#website"},"primaryImageOfPage":{"@id":"https:\/\/shop.noor.fi\/sv\/produkt\/mayla-pendel-43cm-natur\/#primaryimage"},"image":{"@id":"https:\/\/shop.noor.fi\/sv\/produkt\/mayla-pendel-43cm-natur\/#primaryimage"},"thumbnailUrl":"https:\/\/shop.noor.fi\/wp-content\/uploads\/2025\/11\/PR-7743-CT18.jpg","datePublished":"2025-11-07T10:53:12+00:00","dateModified":"2026-05-05T12:05:16+00:00","breadcrumb":{"@id":"https:\/\/shop.noor.fi\/sv\/produkt\/mayla-pendel-43cm-natur\/#breadcrumb"},"inLanguage":"sv-SE","potentialAction":[{"@type":"ReadAction","target":["https:\/\/shop.noor.fi\/sv\/produkt\/mayla-pendel-43cm-natur\/"]}]},{"@type":"ImageObject","inLanguage":"sv-SE","@id":"https:\/\/shop.noor.fi\/sv\/produkt\/mayla-pendel-43cm-natur\/#primaryimage","url":"https:\/\/shop.noor.fi\/wp-content\/uploads\/2025\/11\/PR-7743-CT18.jpg","contentUrl":"https:\/\/shop.noor.fi\/wp-content\/uploads\/2025\/11\/PR-7743-CT18.jpg","width":908,"height":1210},{"@type":"BreadcrumbList","@id":"https:\/\/shop.noor.fi\/sv\/produkt\/mayla-pendel-43cm-natur\/#breadcrumb","itemListElement":[{"@type":"ListItem","position":1,"name":"Etusivu","item":"https:\/\/shop.noor.fi\/sv\/"},{"@type":"ListItem","position":2,"name":"Butik","item":"https:\/\/shopnoorfi-wp31835.test.cchosting.fi\/sv\/butik\/"},{"@type":"ListItem","position":3,"name":"Mayla pendel 43cm natur"}]},{"@type":"WebSite","@id":"https:\/\/shopnoorfi-wp31835.test.cchosting.fi\/#website","url":"https:\/\/shopnoorfi-wp31835.test.cchosting.fi\/","name":"Oy Noortrade Ab","description":"Finnish family owned company with over 30 years of professional experience in lighting &amp; interior products import and sales - reliably.","publisher":{"@id":"https:\/\/shopnoorfi-wp31835.test.cchosting.fi\/#organization"},"potentialAction":[{"@type":"SearchAction","target":{"@type":"EntryPoint","urlTemplate":"https:\/\/shopnoorfi-wp31835.test.cchosting.fi\/?s={search_term_string}"},"query-input":{"@type":"PropertyValueSpecification","valueRequired":true,"valueName":"search_term_string"}}],"inLanguage":"sv-SE"},{"@type":"Organization","@id":"https:\/\/shopnoorfi-wp31835.test.cchosting.fi\/#organization","name":"Oy Noortrade Ab","url":"https:\/\/shopnoorfi-wp31835.test.cchosting.fi\/","logo":{"@type":"ImageObject","inLanguage":"sv-SE","@id":"https:\/\/shopnoorfi-wp31835.test.cchosting.fi\/#\/schema\/logo\/image\/","url":"https:\/\/shop.noor.fi\/wp-content\/uploads\/2024\/01\/Oy-Noortrade-Ab-Corbel-VERSAL-bold-BLACK.png","contentUrl":"https:\/\/shop.noor.fi\/wp-content\/uploads\/2024\/01\/Oy-Noortrade-Ab-Corbel-VERSAL-bold-BLACK.png","width":721,"height":177,"caption":"Oy Noortrade Ab"},"image":{"@id":"https:\/\/shopnoorfi-wp31835.test.cchosting.fi\/#\/schema\/logo\/image\/"}}]}},"brands":[{"id":37489,"name":"PR Home","slug":"pr-home-sv"}],"_links":{"self":[{"href":"https:\/\/shop.noor.fi\/sv\/wp-json\/wp\/v2\/product\/140802","targetHints":{"allow":["GET"]}}],"collection":[{"href":"https:\/\/shop.noor.fi\/sv\/wp-json\/wp\/v2\/product"}],"about":[{"href":"https:\/\/shop.noor.fi\/sv\/wp-json\/wp\/v2\/types\/product"}],"replies":[{"embeddable":true,"href":"https:\/\/shop.noor.fi\/sv\/wp-json\/wp\/v2\/comments?post=140802"}],"wp:featuredmedia":[{"embeddable":true,"href":"https:\/\/shop.noor.fi\/sv\/wp-json\/wp\/v2\/media\/141034"}],"wp:attachment":[{"href":"https:\/\/shop.noor.fi\/sv\/wp-json\/wp\/v2\/media?parent=140802"}],"wp:term":[{"taxonomy":"pwb-brand","embeddable":true,"href":"https:\/\/shop.noor.fi\/sv\/wp-json\/wp\/v2\/pwb-brand?post=140802"},{"taxonomy":"product_brand","embeddable":true,"href":"https:\/\/shop.noor.fi\/sv\/wp-json\/wp\/v2\/product_brand?post=140802"},{"taxonomy":"product_cat","embeddable":true,"href":"https:\/\/shop.noor.fi\/sv\/wp-json\/wp\/v2\/product_cat?post=140802"},{"taxonomy":"product_tag","embeddable":true,"href":"https:\/\/shop.noor.fi\/sv\/wp-json\/wp\/v2\/product_tag?post=140802"}],"curies":[{"name":"wp","href":"https:\/\/api.w.org\/{rel}","templated":true}]}}