{"id":140800,"date":"2025-11-07T12:53:11","date_gmt":"2025-11-07T10:53:11","guid":{"rendered":"https:\/\/shop.noor.fi\/product\/belle-pendel-53cm-natur\/"},"modified":"2026-03-06T21:14:13","modified_gmt":"2026-03-06T19:14:13","slug":"belle-pendel-53cm-natur","status":"publish","type":"product","link":"https:\/\/shop.noor.fi\/sv\/produkt\/belle-pendel-53cm-natur\/","title":{"rendered":"Belle pendel 53cm natur"},"content":{"rendered":"<p>Belle \u00e4r en vacker taklampa i handfl\u00e4tad naturrotting som ger hemmet en varm och inbjudande k\u00e4nsla. Den formade sk\u00e4rmen best\u00e5r av noggrant sammanfl\u00e4tade rottingstr\u00e5n, vilket g\u00f6r varje exemplar unikt med sin egen karakt\u00e4r. Nederkanten har en elegant sn\u00e4ckskalsform som tillf\u00f6r mjuka linjer och en bohemisk k\u00e4nsla till rummet, medan den smala halsen upptill d\u00f6ljer sladdst\u00e4llet p\u00e5 ett diskret och stilfullt s\u00e4tt. D\u00e5 lampan \u00e4r tillverkad i naturligt material kan b\u00e5de f\u00e4rg och form variera n\u00e5got, och f\u00e4rgen kan f\u00f6r\u00e4ndras \u00f6ver tid \u2013 en del av dess charm och \u00e4kthet.<br \/>\nEtt 120 cm l\u00e5ng takupph\u00e4ng med tvinnade kabel kl\u00e4dd i linneliknande tyg med vit takkopp ing\u00e5r.<br \/>\nKrokupph\u00e4ng, kopplingsplint. Takplugg ing\u00e5r j.<br \/>\nE27, max 40W. Ljusk\u00e4lla ing\u00e5r ej.<\/p>\n<p>Diameter 53 cm<br \/>\nH\u00f6jd 32 cm<\/p>\n","protected":false},"excerpt":{"rendered":"<p>Belle \u00e4r en vacker taklampa i handfl\u00e4tad naturrotting som ger hemmet en varm och inbjudande k\u00e4nsla. Den formade sk\u00e4rmen best\u00e5r av noggrant sammanfl\u00e4tade rottingstr\u00e5n, vilket g\u00f6r varje exemplar unikt med sin egen karakt\u00e4r. Nederkanten har en elegant sn\u00e4ckskalsform som tillf\u00f6r mjuka linjer och en bohemisk k\u00e4nsla till rummet, medan den smala halsen upptill d\u00f6ljer sladdst\u00e4llet [&hellip;]<\/p>\n","protected":false},"featured_media":141023,"comment_status":"open","ping_status":"closed","template":"","meta":{"_acf_changed":false,"_relevanssi_hide_post":"","_relevanssi_hide_content":"","_relevanssi_pin_for_all":"","_relevanssi_pin_keywords":"","_relevanssi_unpin_keywords":"","_relevanssi_related_keywords":"","_relevanssi_related_include_ids":"","_relevanssi_related_exclude_ids":"","_relevanssi_related_no_append":"","_relevanssi_related_not_related":"","_relevanssi_related_posts":"","_relevanssi_noindex_reason":""},"pwb-brand":[37489,28732],"product_brand":[],"product_cat":[31793,31864,32115,32129],"product_tag":[],"class_list":{"0":"post-140800","1":"product","2":"type-product","3":"status-publish","4":"has-post-thumbnail","6":"pwb-brand-pr-home-sv","7":"pwb-brand-pr-home","8":"product_cat-sisavalaisimet-uutuudet","9":"product_cat-riippuvalaisimet","10":"product_cat-pendlar","11":"product_cat-inomhusbelysning-sv","13":"first","14":"instock","15":"taxable","16":"shipping-taxable","17":"purchasable","18":"product-type-simple"},"acf":[],"yoast_head":"<!-- This site is optimized with the Yoast SEO plugin v27.5 - https:\/\/yoast.com\/product\/yoast-seo-wordpress\/ -->\n<title>Belle pendel 53cm natur - Oy Noortrade Ab<\/title>\n<meta name=\"robots\" content=\"index, follow, max-snippet:-1, max-image-preview:large, max-video-preview:-1\" \/>\n<link rel=\"canonical\" href=\"https:\/\/shop.noor.fi\/produkt\/belle-riippuvalaisin-53cm-natur\/\" \/>\n<meta property=\"og:locale\" content=\"sv_SE\" \/>\n<meta property=\"og:type\" content=\"article\" \/>\n<meta property=\"og:title\" content=\"Belle pendel 53cm natur - Oy Noortrade Ab\" \/>\n<meta property=\"og:description\" content=\"Belle \u00e4r en vacker taklampa i handfl\u00e4tad naturrotting som ger hemmet en varm och inbjudande k\u00e4nsla. Den formade sk\u00e4rmen best\u00e5r av noggrant sammanfl\u00e4tade rottingstr\u00e5n, vilket g\u00f6r varje exemplar unikt med sin egen karakt\u00e4r. Nederkanten har en elegant sn\u00e4ckskalsform som tillf\u00f6r mjuka linjer och en bohemisk k\u00e4nsla till rummet, medan den smala halsen upptill d\u00f6ljer sladdst\u00e4llet [&hellip;]\" \/>\n<meta property=\"og:url\" content=\"https:\/\/shop.noor.fi\/produkt\/belle-riippuvalaisin-53cm-natur\/\" \/>\n<meta property=\"og:site_name\" content=\"Oy Noortrade Ab\" \/>\n<meta property=\"article:modified_time\" content=\"2026-03-06T19:14:13+00:00\" \/>\n<meta property=\"og:image\" content=\"https:\/\/shop.noor.fi\/wp-content\/uploads\/2025\/11\/PR-7653-CT18.jpg\" \/>\n\t<meta property=\"og:image:width\" content=\"908\" \/>\n\t<meta property=\"og:image:height\" content=\"1210\" \/>\n\t<meta property=\"og:image:type\" content=\"image\/jpeg\" \/>\n<meta name=\"twitter:card\" content=\"summary_large_image\" \/>\n<meta name=\"twitter:label1\" content=\"Ber\u00e4knad l\u00e4stid\" \/>\n\t<meta name=\"twitter:data1\" content=\"1 minut\" \/>\n<script type=\"application\/ld+json\" class=\"yoast-schema-graph\">{\"@context\":\"https:\\\/\\\/schema.org\",\"@graph\":[{\"@type\":\"WebPage\",\"@id\":\"https:\\\/\\\/shop.noor.fi\\\/produkt\\\/belle-riippuvalaisin-53cm-natur\\\/\",\"url\":\"https:\\\/\\\/shop.noor.fi\\\/produkt\\\/belle-riippuvalaisin-53cm-natur\\\/\",\"name\":\"Belle pendel 53cm natur - Oy Noortrade Ab\",\"isPartOf\":{\"@id\":\"https:\\\/\\\/shopnoorfi-wp31835.test.cchosting.fi\\\/#website\"},\"primaryImageOfPage\":{\"@id\":\"https:\\\/\\\/shop.noor.fi\\\/produkt\\\/belle-riippuvalaisin-53cm-natur\\\/#primaryimage\"},\"image\":{\"@id\":\"https:\\\/\\\/shop.noor.fi\\\/produkt\\\/belle-riippuvalaisin-53cm-natur\\\/#primaryimage\"},\"thumbnailUrl\":\"https:\\\/\\\/shop.noor.fi\\\/wp-content\\\/uploads\\\/2025\\\/11\\\/PR-7653-CT18.jpg\",\"datePublished\":\"2025-11-07T10:53:11+00:00\",\"dateModified\":\"2026-03-06T19:14:13+00:00\",\"breadcrumb\":{\"@id\":\"https:\\\/\\\/shop.noor.fi\\\/produkt\\\/belle-riippuvalaisin-53cm-natur\\\/#breadcrumb\"},\"inLanguage\":\"sv-SE\",\"potentialAction\":[{\"@type\":\"ReadAction\",\"target\":[\"https:\\\/\\\/shop.noor.fi\\\/produkt\\\/belle-riippuvalaisin-53cm-natur\\\/\"]}]},{\"@type\":\"ImageObject\",\"inLanguage\":\"sv-SE\",\"@id\":\"https:\\\/\\\/shop.noor.fi\\\/produkt\\\/belle-riippuvalaisin-53cm-natur\\\/#primaryimage\",\"url\":\"https:\\\/\\\/shop.noor.fi\\\/wp-content\\\/uploads\\\/2025\\\/11\\\/PR-7653-CT18.jpg\",\"contentUrl\":\"https:\\\/\\\/shop.noor.fi\\\/wp-content\\\/uploads\\\/2025\\\/11\\\/PR-7653-CT18.jpg\",\"width\":908,\"height\":1210},{\"@type\":\"BreadcrumbList\",\"@id\":\"https:\\\/\\\/shop.noor.fi\\\/produkt\\\/belle-riippuvalaisin-53cm-natur\\\/#breadcrumb\",\"itemListElement\":[{\"@type\":\"ListItem\",\"position\":1,\"name\":\"Etusivu\",\"item\":\"https:\\\/\\\/shop.noor.fi\\\/sv\\\/\"},{\"@type\":\"ListItem\",\"position\":2,\"name\":\"Butik\",\"item\":\"https:\\\/\\\/shopnoorfi-wp31835.test.cchosting.fi\\\/sv\\\/butik\\\/\"},{\"@type\":\"ListItem\",\"position\":3,\"name\":\"Belle pendel 53cm natur\"}]},{\"@type\":\"WebSite\",\"@id\":\"https:\\\/\\\/shopnoorfi-wp31835.test.cchosting.fi\\\/#website\",\"url\":\"https:\\\/\\\/shopnoorfi-wp31835.test.cchosting.fi\\\/\",\"name\":\"Oy Noortrade Ab\",\"description\":\"Finnish family owned company with over 30 years of professional experience in lighting &amp; interior products import and sales - reliably.\",\"publisher\":{\"@id\":\"https:\\\/\\\/shopnoorfi-wp31835.test.cchosting.fi\\\/#organization\"},\"potentialAction\":[{\"@type\":\"SearchAction\",\"target\":{\"@type\":\"EntryPoint\",\"urlTemplate\":\"https:\\\/\\\/shopnoorfi-wp31835.test.cchosting.fi\\\/?s={search_term_string}\"},\"query-input\":{\"@type\":\"PropertyValueSpecification\",\"valueRequired\":true,\"valueName\":\"search_term_string\"}}],\"inLanguage\":\"sv-SE\"},{\"@type\":\"Organization\",\"@id\":\"https:\\\/\\\/shopnoorfi-wp31835.test.cchosting.fi\\\/#organization\",\"name\":\"Oy Noortrade Ab\",\"url\":\"https:\\\/\\\/shopnoorfi-wp31835.test.cchosting.fi\\\/\",\"logo\":{\"@type\":\"ImageObject\",\"inLanguage\":\"sv-SE\",\"@id\":\"https:\\\/\\\/shopnoorfi-wp31835.test.cchosting.fi\\\/#\\\/schema\\\/logo\\\/image\\\/\",\"url\":\"https:\\\/\\\/shop.noor.fi\\\/wp-content\\\/uploads\\\/2024\\\/01\\\/Oy-Noortrade-Ab-Corbel-VERSAL-bold-BLACK.png\",\"contentUrl\":\"https:\\\/\\\/shop.noor.fi\\\/wp-content\\\/uploads\\\/2024\\\/01\\\/Oy-Noortrade-Ab-Corbel-VERSAL-bold-BLACK.png\",\"width\":721,\"height\":177,\"caption\":\"Oy Noortrade Ab\"},\"image\":{\"@id\":\"https:\\\/\\\/shopnoorfi-wp31835.test.cchosting.fi\\\/#\\\/schema\\\/logo\\\/image\\\/\"}}]}<\/script>\n<!-- \/ Yoast SEO plugin. -->","yoast_head_json":{"title":"Belle pendel 53cm natur - Oy Noortrade Ab","robots":{"index":"index","follow":"follow","max-snippet":"max-snippet:-1","max-image-preview":"max-image-preview:large","max-video-preview":"max-video-preview:-1"},"canonical":"https:\/\/shop.noor.fi\/produkt\/belle-riippuvalaisin-53cm-natur\/","og_locale":"sv_SE","og_type":"article","og_title":"Belle pendel 53cm natur - Oy Noortrade Ab","og_description":"Belle \u00e4r en vacker taklampa i handfl\u00e4tad naturrotting som ger hemmet en varm och inbjudande k\u00e4nsla. Den formade sk\u00e4rmen best\u00e5r av noggrant sammanfl\u00e4tade rottingstr\u00e5n, vilket g\u00f6r varje exemplar unikt med sin egen karakt\u00e4r. Nederkanten har en elegant sn\u00e4ckskalsform som tillf\u00f6r mjuka linjer och en bohemisk k\u00e4nsla till rummet, medan den smala halsen upptill d\u00f6ljer sladdst\u00e4llet [&hellip;]","og_url":"https:\/\/shop.noor.fi\/produkt\/belle-riippuvalaisin-53cm-natur\/","og_site_name":"Oy Noortrade Ab","article_modified_time":"2026-03-06T19:14:13+00:00","og_image":[{"width":908,"height":1210,"url":"https:\/\/shop.noor.fi\/wp-content\/uploads\/2025\/11\/PR-7653-CT18.jpg","type":"image\/jpeg"}],"twitter_card":"summary_large_image","twitter_misc":{"Ber\u00e4knad l\u00e4stid":"1 minut"},"schema":{"@context":"https:\/\/schema.org","@graph":[{"@type":"WebPage","@id":"https:\/\/shop.noor.fi\/produkt\/belle-riippuvalaisin-53cm-natur\/","url":"https:\/\/shop.noor.fi\/produkt\/belle-riippuvalaisin-53cm-natur\/","name":"Belle pendel 53cm natur - Oy Noortrade Ab","isPartOf":{"@id":"https:\/\/shopnoorfi-wp31835.test.cchosting.fi\/#website"},"primaryImageOfPage":{"@id":"https:\/\/shop.noor.fi\/produkt\/belle-riippuvalaisin-53cm-natur\/#primaryimage"},"image":{"@id":"https:\/\/shop.noor.fi\/produkt\/belle-riippuvalaisin-53cm-natur\/#primaryimage"},"thumbnailUrl":"https:\/\/shop.noor.fi\/wp-content\/uploads\/2025\/11\/PR-7653-CT18.jpg","datePublished":"2025-11-07T10:53:11+00:00","dateModified":"2026-03-06T19:14:13+00:00","breadcrumb":{"@id":"https:\/\/shop.noor.fi\/produkt\/belle-riippuvalaisin-53cm-natur\/#breadcrumb"},"inLanguage":"sv-SE","potentialAction":[{"@type":"ReadAction","target":["https:\/\/shop.noor.fi\/produkt\/belle-riippuvalaisin-53cm-natur\/"]}]},{"@type":"ImageObject","inLanguage":"sv-SE","@id":"https:\/\/shop.noor.fi\/produkt\/belle-riippuvalaisin-53cm-natur\/#primaryimage","url":"https:\/\/shop.noor.fi\/wp-content\/uploads\/2025\/11\/PR-7653-CT18.jpg","contentUrl":"https:\/\/shop.noor.fi\/wp-content\/uploads\/2025\/11\/PR-7653-CT18.jpg","width":908,"height":1210},{"@type":"BreadcrumbList","@id":"https:\/\/shop.noor.fi\/produkt\/belle-riippuvalaisin-53cm-natur\/#breadcrumb","itemListElement":[{"@type":"ListItem","position":1,"name":"Etusivu","item":"https:\/\/shop.noor.fi\/sv\/"},{"@type":"ListItem","position":2,"name":"Butik","item":"https:\/\/shopnoorfi-wp31835.test.cchosting.fi\/sv\/butik\/"},{"@type":"ListItem","position":3,"name":"Belle pendel 53cm natur"}]},{"@type":"WebSite","@id":"https:\/\/shopnoorfi-wp31835.test.cchosting.fi\/#website","url":"https:\/\/shopnoorfi-wp31835.test.cchosting.fi\/","name":"Oy Noortrade Ab","description":"Finnish family owned company with over 30 years of professional experience in lighting &amp; interior products import and sales - reliably.","publisher":{"@id":"https:\/\/shopnoorfi-wp31835.test.cchosting.fi\/#organization"},"potentialAction":[{"@type":"SearchAction","target":{"@type":"EntryPoint","urlTemplate":"https:\/\/shopnoorfi-wp31835.test.cchosting.fi\/?s={search_term_string}"},"query-input":{"@type":"PropertyValueSpecification","valueRequired":true,"valueName":"search_term_string"}}],"inLanguage":"sv-SE"},{"@type":"Organization","@id":"https:\/\/shopnoorfi-wp31835.test.cchosting.fi\/#organization","name":"Oy Noortrade Ab","url":"https:\/\/shopnoorfi-wp31835.test.cchosting.fi\/","logo":{"@type":"ImageObject","inLanguage":"sv-SE","@id":"https:\/\/shopnoorfi-wp31835.test.cchosting.fi\/#\/schema\/logo\/image\/","url":"https:\/\/shop.noor.fi\/wp-content\/uploads\/2024\/01\/Oy-Noortrade-Ab-Corbel-VERSAL-bold-BLACK.png","contentUrl":"https:\/\/shop.noor.fi\/wp-content\/uploads\/2024\/01\/Oy-Noortrade-Ab-Corbel-VERSAL-bold-BLACK.png","width":721,"height":177,"caption":"Oy Noortrade Ab"},"image":{"@id":"https:\/\/shopnoorfi-wp31835.test.cchosting.fi\/#\/schema\/logo\/image\/"}}]}},"brands":[{"id":28732,"name":"PR Home","slug":"pr-home"},{"id":37489,"name":"PR Home","slug":"pr-home-sv"}],"_links":{"self":[{"href":"https:\/\/shop.noor.fi\/sv\/wp-json\/wp\/v2\/product\/140800","targetHints":{"allow":["GET"]}}],"collection":[{"href":"https:\/\/shop.noor.fi\/sv\/wp-json\/wp\/v2\/product"}],"about":[{"href":"https:\/\/shop.noor.fi\/sv\/wp-json\/wp\/v2\/types\/product"}],"replies":[{"embeddable":true,"href":"https:\/\/shop.noor.fi\/sv\/wp-json\/wp\/v2\/comments?post=140800"}],"wp:featuredmedia":[{"embeddable":true,"href":"https:\/\/shop.noor.fi\/sv\/wp-json\/wp\/v2\/media\/141023"}],"wp:attachment":[{"href":"https:\/\/shop.noor.fi\/sv\/wp-json\/wp\/v2\/media?parent=140800"}],"wp:term":[{"taxonomy":"pwb-brand","embeddable":true,"href":"https:\/\/shop.noor.fi\/sv\/wp-json\/wp\/v2\/pwb-brand?post=140800"},{"taxonomy":"product_brand","embeddable":true,"href":"https:\/\/shop.noor.fi\/sv\/wp-json\/wp\/v2\/product_brand?post=140800"},{"taxonomy":"product_cat","embeddable":true,"href":"https:\/\/shop.noor.fi\/sv\/wp-json\/wp\/v2\/product_cat?post=140800"},{"taxonomy":"product_tag","embeddable":true,"href":"https:\/\/shop.noor.fi\/sv\/wp-json\/wp\/v2\/product_tag?post=140800"}],"curies":[{"name":"wp","href":"https:\/\/api.w.org\/{rel}","templated":true}]}}