{"id":140796,"date":"2025-11-07T12:53:09","date_gmt":"2025-11-07T10:53:09","guid":{"rendered":"https:\/\/shop.noor.fi\/product\/yuni-takskarm-50cm-gron\/"},"modified":"2026-03-31T21:35:14","modified_gmt":"2026-03-31T18:35:14","slug":"yuni-takskarm-50cm-gron","status":"publish","type":"product","link":"https:\/\/shop.noor.fi\/sv\/produkt\/yuni-takskarm-50cm-gron\/","title":{"rendered":"Yuni taksk\u00e4rm 50cm gr\u00f6n"},"content":{"rendered":"<p>Den h\u00e4r taksk\u00e4rmen i gr\u00f6nt rispapper \u00e4r ett l\u00e4tt och luftigt inslag i rummet \u2013 perfekt f\u00f6r dig som vill skapa en mjuk och st\u00e4mningsfull belysning med ett stilrent uttryck. Den elliptiska formen ger sk\u00e4rmen ett modernt men organiskt intryck, medan det tunna rispappret filtrerar ljuset p\u00e5 ett behagligt s\u00e4tt och skapar en varm atmosf\u00e4r. Sk\u00e4rmen \u00e4r i en gener\u00f6s storlek som passar lika bra \u00f6ver ett matbord som i vardagsrummet eller sovrummet. Den levereras i ett platt paket och monteras enkelt med hj\u00e4lp av en medf\u00f6ljande metallexpander. En stilren och poetisk taksk\u00e4rm som kombinerar form och funktion \u2013 och blir ett vackert blickf\u00e5ng b\u00e5de t\u00e4nd och sl\u00e4ckt.<br \/>\nLampsladd och ljusk\u00e4lla ing\u00e5r ej.<\/p>\n<p>Diameter 58 cm<br \/>\nH\u00f6jd 23 cm<\/p>\n","protected":false},"excerpt":{"rendered":"<p>Den h\u00e4r taksk\u00e4rmen i gr\u00f6nt rispapper \u00e4r ett l\u00e4tt och luftigt inslag i rummet \u2013 perfekt f\u00f6r dig som vill skapa en mjuk och st\u00e4mningsfull belysning med ett stilrent uttryck. Den elliptiska formen ger sk\u00e4rmen ett modernt men organiskt intryck, medan det tunna rispappret filtrerar ljuset p\u00e5 ett behagligt s\u00e4tt och skapar en varm atmosf\u00e4r. [&hellip;]<\/p>\n","protected":false},"featured_media":141003,"comment_status":"open","ping_status":"closed","template":"","meta":{"_acf_changed":false,"_relevanssi_hide_post":"","_relevanssi_hide_content":"","_relevanssi_pin_for_all":"","_relevanssi_pin_keywords":"","_relevanssi_unpin_keywords":"","_relevanssi_related_keywords":"","_relevanssi_related_include_ids":"","_relevanssi_related_exclude_ids":"","_relevanssi_related_no_append":"","_relevanssi_related_not_related":"","_relevanssi_related_posts":"","_relevanssi_noindex_reason":""},"pwb-brand":[28732,37489],"product_brand":[],"product_cat":[31793,32028,31877,32129],"product_tag":[],"class_list":{"0":"post-140796","1":"product","2":"type-product","3":"status-publish","4":"has-post-thumbnail","6":"pwb-brand-pr-home","7":"pwb-brand-pr-home-sv","8":"product_cat-sisavalaisimet-uutuudet","9":"product_cat-takskarmar","10":"product_cat-kattovarjostimet","11":"product_cat-inomhusbelysning-sv","13":"first","14":"instock","15":"taxable","16":"shipping-taxable","17":"purchasable","18":"product-type-simple"},"acf":[],"yoast_head":"<!-- This site is optimized with the Yoast SEO plugin v27.5 - https:\/\/yoast.com\/product\/yoast-seo-wordpress\/ -->\n<title>Yuni taksk\u00e4rm 50cm gr\u00f6n - Oy Noortrade Ab<\/title>\n<meta name=\"robots\" content=\"index, follow, max-snippet:-1, max-image-preview:large, max-video-preview:-1\" \/>\n<link rel=\"canonical\" href=\"https:\/\/shop.noor.fi\/produkt\/yuni-kattovarjostin-50cm-vihrea\/\" \/>\n<meta property=\"og:locale\" content=\"sv_SE\" \/>\n<meta property=\"og:type\" content=\"article\" \/>\n<meta property=\"og:title\" content=\"Yuni taksk\u00e4rm 50cm gr\u00f6n - Oy Noortrade Ab\" \/>\n<meta property=\"og:description\" content=\"Den h\u00e4r taksk\u00e4rmen i gr\u00f6nt rispapper \u00e4r ett l\u00e4tt och luftigt inslag i rummet \u2013 perfekt f\u00f6r dig som vill skapa en mjuk och st\u00e4mningsfull belysning med ett stilrent uttryck. Den elliptiska formen ger sk\u00e4rmen ett modernt men organiskt intryck, medan det tunna rispappret filtrerar ljuset p\u00e5 ett behagligt s\u00e4tt och skapar en varm atmosf\u00e4r. [&hellip;]\" \/>\n<meta property=\"og:url\" content=\"https:\/\/shop.noor.fi\/produkt\/yuni-kattovarjostin-50cm-vihrea\/\" \/>\n<meta property=\"og:site_name\" content=\"Oy Noortrade Ab\" \/>\n<meta property=\"article:modified_time\" content=\"2026-03-31T18:35:14+00:00\" \/>\n<meta property=\"og:image\" content=\"https:\/\/shop.noor.fi\/wp-content\/uploads\/2025\/11\/PR-6177.jpg\" \/>\n\t<meta property=\"og:image:width\" content=\"908\" \/>\n\t<meta property=\"og:image:height\" content=\"1210\" \/>\n\t<meta property=\"og:image:type\" content=\"image\/jpeg\" \/>\n<meta name=\"twitter:card\" content=\"summary_large_image\" \/>\n<meta name=\"twitter:label1\" content=\"Ber\u00e4knad l\u00e4stid\" \/>\n\t<meta name=\"twitter:data1\" content=\"1 minut\" \/>\n<script type=\"application\/ld+json\" class=\"yoast-schema-graph\">{\"@context\":\"https:\\\/\\\/schema.org\",\"@graph\":[{\"@type\":\"WebPage\",\"@id\":\"https:\\\/\\\/shop.noor.fi\\\/produkt\\\/yuni-kattovarjostin-50cm-vihrea\\\/\",\"url\":\"https:\\\/\\\/shop.noor.fi\\\/produkt\\\/yuni-kattovarjostin-50cm-vihrea\\\/\",\"name\":\"Yuni taksk\u00e4rm 50cm gr\u00f6n - Oy Noortrade Ab\",\"isPartOf\":{\"@id\":\"https:\\\/\\\/shopnoorfi-wp31835.test.cchosting.fi\\\/#website\"},\"primaryImageOfPage\":{\"@id\":\"https:\\\/\\\/shop.noor.fi\\\/produkt\\\/yuni-kattovarjostin-50cm-vihrea\\\/#primaryimage\"},\"image\":{\"@id\":\"https:\\\/\\\/shop.noor.fi\\\/produkt\\\/yuni-kattovarjostin-50cm-vihrea\\\/#primaryimage\"},\"thumbnailUrl\":\"https:\\\/\\\/shop.noor.fi\\\/wp-content\\\/uploads\\\/2025\\\/11\\\/PR-6177.jpg\",\"datePublished\":\"2025-11-07T10:53:09+00:00\",\"dateModified\":\"2026-03-31T18:35:14+00:00\",\"breadcrumb\":{\"@id\":\"https:\\\/\\\/shop.noor.fi\\\/produkt\\\/yuni-kattovarjostin-50cm-vihrea\\\/#breadcrumb\"},\"inLanguage\":\"sv-SE\",\"potentialAction\":[{\"@type\":\"ReadAction\",\"target\":[\"https:\\\/\\\/shop.noor.fi\\\/produkt\\\/yuni-kattovarjostin-50cm-vihrea\\\/\"]}]},{\"@type\":\"ImageObject\",\"inLanguage\":\"sv-SE\",\"@id\":\"https:\\\/\\\/shop.noor.fi\\\/produkt\\\/yuni-kattovarjostin-50cm-vihrea\\\/#primaryimage\",\"url\":\"https:\\\/\\\/shop.noor.fi\\\/wp-content\\\/uploads\\\/2025\\\/11\\\/PR-6177.jpg\",\"contentUrl\":\"https:\\\/\\\/shop.noor.fi\\\/wp-content\\\/uploads\\\/2025\\\/11\\\/PR-6177.jpg\",\"width\":908,\"height\":1210},{\"@type\":\"BreadcrumbList\",\"@id\":\"https:\\\/\\\/shop.noor.fi\\\/produkt\\\/yuni-kattovarjostin-50cm-vihrea\\\/#breadcrumb\",\"itemListElement\":[{\"@type\":\"ListItem\",\"position\":1,\"name\":\"Etusivu\",\"item\":\"https:\\\/\\\/shop.noor.fi\\\/sv\\\/\"},{\"@type\":\"ListItem\",\"position\":2,\"name\":\"Butik\",\"item\":\"https:\\\/\\\/shopnoorfi-wp31835.test.cchosting.fi\\\/sv\\\/butik\\\/\"},{\"@type\":\"ListItem\",\"position\":3,\"name\":\"Yuni taksk\u00e4rm 50cm gr\u00f6n\"}]},{\"@type\":\"WebSite\",\"@id\":\"https:\\\/\\\/shopnoorfi-wp31835.test.cchosting.fi\\\/#website\",\"url\":\"https:\\\/\\\/shopnoorfi-wp31835.test.cchosting.fi\\\/\",\"name\":\"Oy Noortrade Ab\",\"description\":\"Finnish family owned company with over 30 years of professional experience in lighting &amp; interior products import and sales - reliably.\",\"publisher\":{\"@id\":\"https:\\\/\\\/shopnoorfi-wp31835.test.cchosting.fi\\\/#organization\"},\"potentialAction\":[{\"@type\":\"SearchAction\",\"target\":{\"@type\":\"EntryPoint\",\"urlTemplate\":\"https:\\\/\\\/shopnoorfi-wp31835.test.cchosting.fi\\\/?s={search_term_string}\"},\"query-input\":{\"@type\":\"PropertyValueSpecification\",\"valueRequired\":true,\"valueName\":\"search_term_string\"}}],\"inLanguage\":\"sv-SE\"},{\"@type\":\"Organization\",\"@id\":\"https:\\\/\\\/shopnoorfi-wp31835.test.cchosting.fi\\\/#organization\",\"name\":\"Oy Noortrade Ab\",\"url\":\"https:\\\/\\\/shopnoorfi-wp31835.test.cchosting.fi\\\/\",\"logo\":{\"@type\":\"ImageObject\",\"inLanguage\":\"sv-SE\",\"@id\":\"https:\\\/\\\/shopnoorfi-wp31835.test.cchosting.fi\\\/#\\\/schema\\\/logo\\\/image\\\/\",\"url\":\"https:\\\/\\\/shop.noor.fi\\\/wp-content\\\/uploads\\\/2024\\\/01\\\/Oy-Noortrade-Ab-Corbel-VERSAL-bold-BLACK.png\",\"contentUrl\":\"https:\\\/\\\/shop.noor.fi\\\/wp-content\\\/uploads\\\/2024\\\/01\\\/Oy-Noortrade-Ab-Corbel-VERSAL-bold-BLACK.png\",\"width\":721,\"height\":177,\"caption\":\"Oy Noortrade Ab\"},\"image\":{\"@id\":\"https:\\\/\\\/shopnoorfi-wp31835.test.cchosting.fi\\\/#\\\/schema\\\/logo\\\/image\\\/\"}}]}<\/script>\n<!-- \/ Yoast SEO plugin. -->","yoast_head_json":{"title":"Yuni taksk\u00e4rm 50cm gr\u00f6n - Oy Noortrade Ab","robots":{"index":"index","follow":"follow","max-snippet":"max-snippet:-1","max-image-preview":"max-image-preview:large","max-video-preview":"max-video-preview:-1"},"canonical":"https:\/\/shop.noor.fi\/produkt\/yuni-kattovarjostin-50cm-vihrea\/","og_locale":"sv_SE","og_type":"article","og_title":"Yuni taksk\u00e4rm 50cm gr\u00f6n - Oy Noortrade Ab","og_description":"Den h\u00e4r taksk\u00e4rmen i gr\u00f6nt rispapper \u00e4r ett l\u00e4tt och luftigt inslag i rummet \u2013 perfekt f\u00f6r dig som vill skapa en mjuk och st\u00e4mningsfull belysning med ett stilrent uttryck. Den elliptiska formen ger sk\u00e4rmen ett modernt men organiskt intryck, medan det tunna rispappret filtrerar ljuset p\u00e5 ett behagligt s\u00e4tt och skapar en varm atmosf\u00e4r. [&hellip;]","og_url":"https:\/\/shop.noor.fi\/produkt\/yuni-kattovarjostin-50cm-vihrea\/","og_site_name":"Oy Noortrade Ab","article_modified_time":"2026-03-31T18:35:14+00:00","og_image":[{"width":908,"height":1210,"url":"https:\/\/shop.noor.fi\/wp-content\/uploads\/2025\/11\/PR-6177.jpg","type":"image\/jpeg"}],"twitter_card":"summary_large_image","twitter_misc":{"Ber\u00e4knad l\u00e4stid":"1 minut"},"schema":{"@context":"https:\/\/schema.org","@graph":[{"@type":"WebPage","@id":"https:\/\/shop.noor.fi\/produkt\/yuni-kattovarjostin-50cm-vihrea\/","url":"https:\/\/shop.noor.fi\/produkt\/yuni-kattovarjostin-50cm-vihrea\/","name":"Yuni taksk\u00e4rm 50cm gr\u00f6n - Oy Noortrade Ab","isPartOf":{"@id":"https:\/\/shopnoorfi-wp31835.test.cchosting.fi\/#website"},"primaryImageOfPage":{"@id":"https:\/\/shop.noor.fi\/produkt\/yuni-kattovarjostin-50cm-vihrea\/#primaryimage"},"image":{"@id":"https:\/\/shop.noor.fi\/produkt\/yuni-kattovarjostin-50cm-vihrea\/#primaryimage"},"thumbnailUrl":"https:\/\/shop.noor.fi\/wp-content\/uploads\/2025\/11\/PR-6177.jpg","datePublished":"2025-11-07T10:53:09+00:00","dateModified":"2026-03-31T18:35:14+00:00","breadcrumb":{"@id":"https:\/\/shop.noor.fi\/produkt\/yuni-kattovarjostin-50cm-vihrea\/#breadcrumb"},"inLanguage":"sv-SE","potentialAction":[{"@type":"ReadAction","target":["https:\/\/shop.noor.fi\/produkt\/yuni-kattovarjostin-50cm-vihrea\/"]}]},{"@type":"ImageObject","inLanguage":"sv-SE","@id":"https:\/\/shop.noor.fi\/produkt\/yuni-kattovarjostin-50cm-vihrea\/#primaryimage","url":"https:\/\/shop.noor.fi\/wp-content\/uploads\/2025\/11\/PR-6177.jpg","contentUrl":"https:\/\/shop.noor.fi\/wp-content\/uploads\/2025\/11\/PR-6177.jpg","width":908,"height":1210},{"@type":"BreadcrumbList","@id":"https:\/\/shop.noor.fi\/produkt\/yuni-kattovarjostin-50cm-vihrea\/#breadcrumb","itemListElement":[{"@type":"ListItem","position":1,"name":"Etusivu","item":"https:\/\/shop.noor.fi\/sv\/"},{"@type":"ListItem","position":2,"name":"Butik","item":"https:\/\/shopnoorfi-wp31835.test.cchosting.fi\/sv\/butik\/"},{"@type":"ListItem","position":3,"name":"Yuni taksk\u00e4rm 50cm gr\u00f6n"}]},{"@type":"WebSite","@id":"https:\/\/shopnoorfi-wp31835.test.cchosting.fi\/#website","url":"https:\/\/shopnoorfi-wp31835.test.cchosting.fi\/","name":"Oy Noortrade Ab","description":"Finnish family owned company with over 30 years of professional experience in lighting &amp; interior products import and sales - reliably.","publisher":{"@id":"https:\/\/shopnoorfi-wp31835.test.cchosting.fi\/#organization"},"potentialAction":[{"@type":"SearchAction","target":{"@type":"EntryPoint","urlTemplate":"https:\/\/shopnoorfi-wp31835.test.cchosting.fi\/?s={search_term_string}"},"query-input":{"@type":"PropertyValueSpecification","valueRequired":true,"valueName":"search_term_string"}}],"inLanguage":"sv-SE"},{"@type":"Organization","@id":"https:\/\/shopnoorfi-wp31835.test.cchosting.fi\/#organization","name":"Oy Noortrade Ab","url":"https:\/\/shopnoorfi-wp31835.test.cchosting.fi\/","logo":{"@type":"ImageObject","inLanguage":"sv-SE","@id":"https:\/\/shopnoorfi-wp31835.test.cchosting.fi\/#\/schema\/logo\/image\/","url":"https:\/\/shop.noor.fi\/wp-content\/uploads\/2024\/01\/Oy-Noortrade-Ab-Corbel-VERSAL-bold-BLACK.png","contentUrl":"https:\/\/shop.noor.fi\/wp-content\/uploads\/2024\/01\/Oy-Noortrade-Ab-Corbel-VERSAL-bold-BLACK.png","width":721,"height":177,"caption":"Oy Noortrade Ab"},"image":{"@id":"https:\/\/shopnoorfi-wp31835.test.cchosting.fi\/#\/schema\/logo\/image\/"}}]}},"brands":[{"id":28732,"name":"PR Home","slug":"pr-home"},{"id":37489,"name":"PR Home","slug":"pr-home-sv"}],"_links":{"self":[{"href":"https:\/\/shop.noor.fi\/sv\/wp-json\/wp\/v2\/product\/140796","targetHints":{"allow":["GET"]}}],"collection":[{"href":"https:\/\/shop.noor.fi\/sv\/wp-json\/wp\/v2\/product"}],"about":[{"href":"https:\/\/shop.noor.fi\/sv\/wp-json\/wp\/v2\/types\/product"}],"replies":[{"embeddable":true,"href":"https:\/\/shop.noor.fi\/sv\/wp-json\/wp\/v2\/comments?post=140796"}],"wp:featuredmedia":[{"embeddable":true,"href":"https:\/\/shop.noor.fi\/sv\/wp-json\/wp\/v2\/media\/141003"}],"wp:attachment":[{"href":"https:\/\/shop.noor.fi\/sv\/wp-json\/wp\/v2\/media?parent=140796"}],"wp:term":[{"taxonomy":"pwb-brand","embeddable":true,"href":"https:\/\/shop.noor.fi\/sv\/wp-json\/wp\/v2\/pwb-brand?post=140796"},{"taxonomy":"product_brand","embeddable":true,"href":"https:\/\/shop.noor.fi\/sv\/wp-json\/wp\/v2\/product_brand?post=140796"},{"taxonomy":"product_cat","embeddable":true,"href":"https:\/\/shop.noor.fi\/sv\/wp-json\/wp\/v2\/product_cat?post=140796"},{"taxonomy":"product_tag","embeddable":true,"href":"https:\/\/shop.noor.fi\/sv\/wp-json\/wp\/v2\/product_tag?post=140796"}],"curies":[{"name":"wp","href":"https:\/\/api.w.org\/{rel}","templated":true}]}}