{"id":140782,"date":"2025-11-07T12:52:59","date_gmt":"2025-11-07T10:52:59","guid":{"rendered":"https:\/\/shop.noor.fi\/product\/nell-takskarm-35cm-mossa\/"},"modified":"2026-03-06T21:08:48","modified_gmt":"2026-03-06T19:08:48","slug":"nell-takskarm-35cm-mossa","status":"publish","type":"product","link":"https:\/\/shop.noor.fi\/sv\/produkt\/nell-takskarm-35cm-mossa\/","title":{"rendered":"Nell taksk\u00e4rm 35cm mossa"},"content":{"rendered":"<p>Den h\u00e4r vackra lampsk\u00e4rmen i linneliknande tyg kombinerar klassisk form med modern funktion. Med sin sn\u00e4ckformade nederkant och mjuka textur blir den en stilfull detalj i rummet \u2013 oavsett om du anv\u00e4nder den som taklampa eller p\u00e5 en lampfot. Det smarta, v\u00e4ndbara E27-f\u00e4stet g\u00f6r att sk\u00e4rmen enkelt kan anpassas efter behov: placera den p\u00e5 ett takupph\u00e4ng f\u00f6r att skapa en st\u00e4mningsfull taklampa, eller anv\u00e4nd den med en passande lampfot f\u00f6r att f\u00f6rvandla den till en dekorativ bordslampa.<br \/>\nDen neutrala f\u00e4rgen i kombination med det b\u00f6ljande formspr\u00e5ket g\u00f6r att den passar lika bra i moderna som mer klassiska milj\u00f6er. En flexibel och tidl\u00f6s lampsk\u00e4rm som l\u00e5ter dig skapa precis den k\u00e4nsla du vill ha \u2013 p\u00e5 dina villkor.<\/p>\n<p>Diameter 35 cm<br \/>\nH\u00f6jd 24 cm<\/p>\n","protected":false},"excerpt":{"rendered":"<p>Den h\u00e4r vackra lampsk\u00e4rmen i linneliknande tyg kombinerar klassisk form med modern funktion. Med sin sn\u00e4ckformade nederkant och mjuka textur blir den en stilfull detalj i rummet \u2013 oavsett om du anv\u00e4nder den som taklampa eller p\u00e5 en lampfot. Det smarta, v\u00e4ndbara E27-f\u00e4stet g\u00f6r att sk\u00e4rmen enkelt kan anpassas efter behov: placera den p\u00e5 ett [&hellip;]<\/p>\n","protected":false},"featured_media":141365,"comment_status":"open","ping_status":"closed","template":"","meta":{"_acf_changed":false,"_relevanssi_hide_post":"","_relevanssi_hide_content":"","_relevanssi_pin_for_all":"","_relevanssi_pin_keywords":"","_relevanssi_unpin_keywords":"","_relevanssi_related_keywords":"","_relevanssi_related_include_ids":"","_relevanssi_related_exclude_ids":"","_relevanssi_related_no_append":"","_relevanssi_related_not_related":"","_relevanssi_related_posts":"","_relevanssi_noindex_reason":""},"pwb-brand":[28732],"product_brand":[],"product_cat":[32028,32129],"product_tag":[],"class_list":{"0":"post-140782","1":"product","2":"type-product","3":"status-publish","4":"has-post-thumbnail","6":"pwb-brand-pr-home","7":"product_cat-takskarmar","8":"product_cat-inomhusbelysning-sv","10":"first","11":"onbackorder","12":"taxable","13":"shipping-taxable","14":"purchasable","15":"product-type-simple"},"acf":[],"yoast_head":"<!-- This site is optimized with the Yoast SEO plugin v27.5 - https:\/\/yoast.com\/product\/yoast-seo-wordpress\/ -->\n<title>Nell taksk\u00e4rm 35cm mossa - Oy Noortrade Ab<\/title>\n<meta name=\"robots\" content=\"index, follow, max-snippet:-1, max-image-preview:large, max-video-preview:-1\" \/>\n<link rel=\"canonical\" href=\"https:\/\/shop.noor.fi\/produkt\/nell-kattovarjostin-35cm-sammaleenvihrea\/\" \/>\n<meta property=\"og:locale\" content=\"sv_SE\" \/>\n<meta property=\"og:type\" content=\"article\" \/>\n<meta property=\"og:title\" content=\"Nell taksk\u00e4rm 35cm mossa - Oy Noortrade Ab\" \/>\n<meta property=\"og:description\" content=\"Den h\u00e4r vackra lampsk\u00e4rmen i linneliknande tyg kombinerar klassisk form med modern funktion. Med sin sn\u00e4ckformade nederkant och mjuka textur blir den en stilfull detalj i rummet \u2013 oavsett om du anv\u00e4nder den som taklampa eller p\u00e5 en lampfot. Det smarta, v\u00e4ndbara E27-f\u00e4stet g\u00f6r att sk\u00e4rmen enkelt kan anpassas efter behov: placera den p\u00e5 ett [&hellip;]\" \/>\n<meta property=\"og:url\" content=\"https:\/\/shop.noor.fi\/produkt\/nell-kattovarjostin-35cm-sammaleenvihrea\/\" \/>\n<meta property=\"og:site_name\" content=\"Oy Noortrade Ab\" \/>\n<meta property=\"article:modified_time\" content=\"2026-03-06T19:08:48+00:00\" \/>\n<meta property=\"og:image\" content=\"https:\/\/shop.noor.fi\/wp-content\/uploads\/2025\/11\/PR-510035177.jpg\" \/>\n\t<meta property=\"og:image:width\" content=\"1210\" \/>\n\t<meta property=\"og:image:height\" content=\"1210\" \/>\n\t<meta property=\"og:image:type\" content=\"image\/jpeg\" \/>\n<meta name=\"twitter:card\" content=\"summary_large_image\" \/>\n<meta name=\"twitter:label1\" content=\"Ber\u00e4knad l\u00e4stid\" \/>\n\t<meta name=\"twitter:data1\" content=\"1 minut\" \/>\n<script type=\"application\/ld+json\" class=\"yoast-schema-graph\">{\"@context\":\"https:\\\/\\\/schema.org\",\"@graph\":[{\"@type\":\"WebPage\",\"@id\":\"https:\\\/\\\/shop.noor.fi\\\/produkt\\\/nell-kattovarjostin-35cm-sammaleenvihrea\\\/\",\"url\":\"https:\\\/\\\/shop.noor.fi\\\/produkt\\\/nell-kattovarjostin-35cm-sammaleenvihrea\\\/\",\"name\":\"Nell taksk\u00e4rm 35cm mossa - Oy Noortrade Ab\",\"isPartOf\":{\"@id\":\"https:\\\/\\\/shopnoorfi-wp31835.test.cchosting.fi\\\/#website\"},\"primaryImageOfPage\":{\"@id\":\"https:\\\/\\\/shop.noor.fi\\\/produkt\\\/nell-kattovarjostin-35cm-sammaleenvihrea\\\/#primaryimage\"},\"image\":{\"@id\":\"https:\\\/\\\/shop.noor.fi\\\/produkt\\\/nell-kattovarjostin-35cm-sammaleenvihrea\\\/#primaryimage\"},\"thumbnailUrl\":\"https:\\\/\\\/shop.noor.fi\\\/wp-content\\\/uploads\\\/2025\\\/11\\\/PR-510035177.jpg\",\"datePublished\":\"2025-11-07T10:52:59+00:00\",\"dateModified\":\"2026-03-06T19:08:48+00:00\",\"breadcrumb\":{\"@id\":\"https:\\\/\\\/shop.noor.fi\\\/produkt\\\/nell-kattovarjostin-35cm-sammaleenvihrea\\\/#breadcrumb\"},\"inLanguage\":\"sv-SE\",\"potentialAction\":[{\"@type\":\"ReadAction\",\"target\":[\"https:\\\/\\\/shop.noor.fi\\\/produkt\\\/nell-kattovarjostin-35cm-sammaleenvihrea\\\/\"]}]},{\"@type\":\"ImageObject\",\"inLanguage\":\"sv-SE\",\"@id\":\"https:\\\/\\\/shop.noor.fi\\\/produkt\\\/nell-kattovarjostin-35cm-sammaleenvihrea\\\/#primaryimage\",\"url\":\"https:\\\/\\\/shop.noor.fi\\\/wp-content\\\/uploads\\\/2025\\\/11\\\/PR-510035177.jpg\",\"contentUrl\":\"https:\\\/\\\/shop.noor.fi\\\/wp-content\\\/uploads\\\/2025\\\/11\\\/PR-510035177.jpg\",\"width\":1210,\"height\":1210},{\"@type\":\"BreadcrumbList\",\"@id\":\"https:\\\/\\\/shop.noor.fi\\\/produkt\\\/nell-kattovarjostin-35cm-sammaleenvihrea\\\/#breadcrumb\",\"itemListElement\":[{\"@type\":\"ListItem\",\"position\":1,\"name\":\"Etusivu\",\"item\":\"https:\\\/\\\/shop.noor.fi\\\/sv\\\/\"},{\"@type\":\"ListItem\",\"position\":2,\"name\":\"Butik\",\"item\":\"https:\\\/\\\/shopnoorfi-wp31835.test.cchosting.fi\\\/sv\\\/butik\\\/\"},{\"@type\":\"ListItem\",\"position\":3,\"name\":\"Nell taksk\u00e4rm 35cm mossa\"}]},{\"@type\":\"WebSite\",\"@id\":\"https:\\\/\\\/shopnoorfi-wp31835.test.cchosting.fi\\\/#website\",\"url\":\"https:\\\/\\\/shopnoorfi-wp31835.test.cchosting.fi\\\/\",\"name\":\"Oy Noortrade Ab\",\"description\":\"Finnish family owned company with over 30 years of professional experience in lighting &amp; interior products import and sales - reliably.\",\"publisher\":{\"@id\":\"https:\\\/\\\/shopnoorfi-wp31835.test.cchosting.fi\\\/#organization\"},\"potentialAction\":[{\"@type\":\"SearchAction\",\"target\":{\"@type\":\"EntryPoint\",\"urlTemplate\":\"https:\\\/\\\/shopnoorfi-wp31835.test.cchosting.fi\\\/?s={search_term_string}\"},\"query-input\":{\"@type\":\"PropertyValueSpecification\",\"valueRequired\":true,\"valueName\":\"search_term_string\"}}],\"inLanguage\":\"sv-SE\"},{\"@type\":\"Organization\",\"@id\":\"https:\\\/\\\/shopnoorfi-wp31835.test.cchosting.fi\\\/#organization\",\"name\":\"Oy Noortrade Ab\",\"url\":\"https:\\\/\\\/shopnoorfi-wp31835.test.cchosting.fi\\\/\",\"logo\":{\"@type\":\"ImageObject\",\"inLanguage\":\"sv-SE\",\"@id\":\"https:\\\/\\\/shopnoorfi-wp31835.test.cchosting.fi\\\/#\\\/schema\\\/logo\\\/image\\\/\",\"url\":\"https:\\\/\\\/shop.noor.fi\\\/wp-content\\\/uploads\\\/2024\\\/01\\\/Oy-Noortrade-Ab-Corbel-VERSAL-bold-BLACK.png\",\"contentUrl\":\"https:\\\/\\\/shop.noor.fi\\\/wp-content\\\/uploads\\\/2024\\\/01\\\/Oy-Noortrade-Ab-Corbel-VERSAL-bold-BLACK.png\",\"width\":721,\"height\":177,\"caption\":\"Oy Noortrade Ab\"},\"image\":{\"@id\":\"https:\\\/\\\/shopnoorfi-wp31835.test.cchosting.fi\\\/#\\\/schema\\\/logo\\\/image\\\/\"}}]}<\/script>\n<!-- \/ Yoast SEO plugin. -->","yoast_head_json":{"title":"Nell taksk\u00e4rm 35cm mossa - Oy Noortrade Ab","robots":{"index":"index","follow":"follow","max-snippet":"max-snippet:-1","max-image-preview":"max-image-preview:large","max-video-preview":"max-video-preview:-1"},"canonical":"https:\/\/shop.noor.fi\/produkt\/nell-kattovarjostin-35cm-sammaleenvihrea\/","og_locale":"sv_SE","og_type":"article","og_title":"Nell taksk\u00e4rm 35cm mossa - Oy Noortrade Ab","og_description":"Den h\u00e4r vackra lampsk\u00e4rmen i linneliknande tyg kombinerar klassisk form med modern funktion. Med sin sn\u00e4ckformade nederkant och mjuka textur blir den en stilfull detalj i rummet \u2013 oavsett om du anv\u00e4nder den som taklampa eller p\u00e5 en lampfot. Det smarta, v\u00e4ndbara E27-f\u00e4stet g\u00f6r att sk\u00e4rmen enkelt kan anpassas efter behov: placera den p\u00e5 ett [&hellip;]","og_url":"https:\/\/shop.noor.fi\/produkt\/nell-kattovarjostin-35cm-sammaleenvihrea\/","og_site_name":"Oy Noortrade Ab","article_modified_time":"2026-03-06T19:08:48+00:00","og_image":[{"width":1210,"height":1210,"url":"https:\/\/shop.noor.fi\/wp-content\/uploads\/2025\/11\/PR-510035177.jpg","type":"image\/jpeg"}],"twitter_card":"summary_large_image","twitter_misc":{"Ber\u00e4knad l\u00e4stid":"1 minut"},"schema":{"@context":"https:\/\/schema.org","@graph":[{"@type":"WebPage","@id":"https:\/\/shop.noor.fi\/produkt\/nell-kattovarjostin-35cm-sammaleenvihrea\/","url":"https:\/\/shop.noor.fi\/produkt\/nell-kattovarjostin-35cm-sammaleenvihrea\/","name":"Nell taksk\u00e4rm 35cm mossa - Oy Noortrade Ab","isPartOf":{"@id":"https:\/\/shopnoorfi-wp31835.test.cchosting.fi\/#website"},"primaryImageOfPage":{"@id":"https:\/\/shop.noor.fi\/produkt\/nell-kattovarjostin-35cm-sammaleenvihrea\/#primaryimage"},"image":{"@id":"https:\/\/shop.noor.fi\/produkt\/nell-kattovarjostin-35cm-sammaleenvihrea\/#primaryimage"},"thumbnailUrl":"https:\/\/shop.noor.fi\/wp-content\/uploads\/2025\/11\/PR-510035177.jpg","datePublished":"2025-11-07T10:52:59+00:00","dateModified":"2026-03-06T19:08:48+00:00","breadcrumb":{"@id":"https:\/\/shop.noor.fi\/produkt\/nell-kattovarjostin-35cm-sammaleenvihrea\/#breadcrumb"},"inLanguage":"sv-SE","potentialAction":[{"@type":"ReadAction","target":["https:\/\/shop.noor.fi\/produkt\/nell-kattovarjostin-35cm-sammaleenvihrea\/"]}]},{"@type":"ImageObject","inLanguage":"sv-SE","@id":"https:\/\/shop.noor.fi\/produkt\/nell-kattovarjostin-35cm-sammaleenvihrea\/#primaryimage","url":"https:\/\/shop.noor.fi\/wp-content\/uploads\/2025\/11\/PR-510035177.jpg","contentUrl":"https:\/\/shop.noor.fi\/wp-content\/uploads\/2025\/11\/PR-510035177.jpg","width":1210,"height":1210},{"@type":"BreadcrumbList","@id":"https:\/\/shop.noor.fi\/produkt\/nell-kattovarjostin-35cm-sammaleenvihrea\/#breadcrumb","itemListElement":[{"@type":"ListItem","position":1,"name":"Etusivu","item":"https:\/\/shop.noor.fi\/sv\/"},{"@type":"ListItem","position":2,"name":"Butik","item":"https:\/\/shopnoorfi-wp31835.test.cchosting.fi\/sv\/butik\/"},{"@type":"ListItem","position":3,"name":"Nell taksk\u00e4rm 35cm mossa"}]},{"@type":"WebSite","@id":"https:\/\/shopnoorfi-wp31835.test.cchosting.fi\/#website","url":"https:\/\/shopnoorfi-wp31835.test.cchosting.fi\/","name":"Oy Noortrade Ab","description":"Finnish family owned company with over 30 years of professional experience in lighting &amp; interior products import and sales - reliably.","publisher":{"@id":"https:\/\/shopnoorfi-wp31835.test.cchosting.fi\/#organization"},"potentialAction":[{"@type":"SearchAction","target":{"@type":"EntryPoint","urlTemplate":"https:\/\/shopnoorfi-wp31835.test.cchosting.fi\/?s={search_term_string}"},"query-input":{"@type":"PropertyValueSpecification","valueRequired":true,"valueName":"search_term_string"}}],"inLanguage":"sv-SE"},{"@type":"Organization","@id":"https:\/\/shopnoorfi-wp31835.test.cchosting.fi\/#organization","name":"Oy Noortrade Ab","url":"https:\/\/shopnoorfi-wp31835.test.cchosting.fi\/","logo":{"@type":"ImageObject","inLanguage":"sv-SE","@id":"https:\/\/shopnoorfi-wp31835.test.cchosting.fi\/#\/schema\/logo\/image\/","url":"https:\/\/shop.noor.fi\/wp-content\/uploads\/2024\/01\/Oy-Noortrade-Ab-Corbel-VERSAL-bold-BLACK.png","contentUrl":"https:\/\/shop.noor.fi\/wp-content\/uploads\/2024\/01\/Oy-Noortrade-Ab-Corbel-VERSAL-bold-BLACK.png","width":721,"height":177,"caption":"Oy Noortrade Ab"},"image":{"@id":"https:\/\/shopnoorfi-wp31835.test.cchosting.fi\/#\/schema\/logo\/image\/"}}]}},"brands":[{"id":28732,"name":"PR Home","slug":"pr-home"}],"_links":{"self":[{"href":"https:\/\/shop.noor.fi\/sv\/wp-json\/wp\/v2\/product\/140782","targetHints":{"allow":["GET"]}}],"collection":[{"href":"https:\/\/shop.noor.fi\/sv\/wp-json\/wp\/v2\/product"}],"about":[{"href":"https:\/\/shop.noor.fi\/sv\/wp-json\/wp\/v2\/types\/product"}],"replies":[{"embeddable":true,"href":"https:\/\/shop.noor.fi\/sv\/wp-json\/wp\/v2\/comments?post=140782"}],"wp:featuredmedia":[{"embeddable":true,"href":"https:\/\/shop.noor.fi\/sv\/wp-json\/wp\/v2\/media\/141365"}],"wp:attachment":[{"href":"https:\/\/shop.noor.fi\/sv\/wp-json\/wp\/v2\/media?parent=140782"}],"wp:term":[{"taxonomy":"pwb-brand","embeddable":true,"href":"https:\/\/shop.noor.fi\/sv\/wp-json\/wp\/v2\/pwb-brand?post=140782"},{"taxonomy":"product_brand","embeddable":true,"href":"https:\/\/shop.noor.fi\/sv\/wp-json\/wp\/v2\/product_brand?post=140782"},{"taxonomy":"product_cat","embeddable":true,"href":"https:\/\/shop.noor.fi\/sv\/wp-json\/wp\/v2\/product_cat?post=140782"},{"taxonomy":"product_tag","embeddable":true,"href":"https:\/\/shop.noor.fi\/sv\/wp-json\/wp\/v2\/product_tag?post=140782"}],"curies":[{"name":"wp","href":"https:\/\/api.w.org\/{rel}","templated":true}]}}