{"id":140768,"date":"2025-11-07T12:52:55","date_gmt":"2025-11-07T10:52:55","guid":{"rendered":"https:\/\/shop.noor.fi\/product\/lucca-lampfot-55cm-sand\/"},"modified":"2026-05-06T08:29:39","modified_gmt":"2026-05-06T05:29:39","slug":"lucca-lampfot-55cm-sand","status":"publish","type":"product","link":"https:\/\/shop.noor.fi\/sv\/produkt\/lucca-lampfot-55cm-sand\/","title":{"rendered":"Lucca lampfot 55cm sand"},"content":{"rendered":"<p>Den h\u00e4r lampfoten \u00e4r ett riktigt konstverk \u2013 en elegant och f\u00e4rgstark keramikfot som f\u00e5ngar uppm\u00e4rksamheten med sin mjuka gula ton, dekorerad med pastellf\u00e4rgade fj\u00e4rilar och inslag av skimrande guld. Den cylinderformade lampfoten ger den ett stilrent, arkitektoniskt uttryck som kontrasterar vackert mot det lekfulla dekorm\u00f6nstret. Resultatet \u00e4r en lampa som k\u00e4nns b\u00e5de klassisk och ov\u00e4ntad \u2013 en perfekt mix f\u00f6r dig som vill addera n\u00e5got personligt och livfullt till ditt hem. Denna lampan blir ett tydligt designelement i rummet, oavsett om den st\u00e5r p\u00e5 ett sidobord, i en hall eller som prydnad p\u00e5 en sk\u00e4nk. Det h\u00e4r \u00e4r mer \u00e4n en lampa \u2013 det \u00e4r ett uttryck f\u00f6r stil, v\u00e4rme och karakt\u00e4r.<br \/>\nDen svarta textilkabeln \u00e4r 180 cm l\u00e5ng och har en str\u00f6mbrytare.<br \/>\nE27, max 40W. Ljusk\u00e4lla ing\u00e5r ej.<\/p>\n<p>Diameter 20 cm<br \/>\nH\u00f6jd 55 cm<\/p>\n","protected":false},"excerpt":{"rendered":"<p>Den h\u00e4r lampfoten \u00e4r ett riktigt konstverk \u2013 en elegant och f\u00e4rgstark keramikfot som f\u00e5ngar uppm\u00e4rksamheten med sin mjuka gula ton, dekorerad med pastellf\u00e4rgade fj\u00e4rilar och inslag av skimrande guld. Den cylinderformade lampfoten ger den ett stilrent, arkitektoniskt uttryck som kontrasterar vackert mot det lekfulla dekorm\u00f6nstret. Resultatet \u00e4r en lampa som k\u00e4nns b\u00e5de klassisk och [&hellip;]<\/p>\n","protected":false},"featured_media":141340,"comment_status":"open","ping_status":"closed","template":"","meta":{"_acf_changed":false,"_relevanssi_hide_post":"","_relevanssi_hide_content":"","_relevanssi_pin_for_all":"","_relevanssi_pin_keywords":"","_relevanssi_unpin_keywords":"","_relevanssi_related_keywords":"","_relevanssi_related_include_ids":"","_relevanssi_related_exclude_ids":"","_relevanssi_related_no_append":"","_relevanssi_related_not_related":"","_relevanssi_related_posts":"","_relevanssi_noindex_reason":""},"pwb-brand":[37489],"product_brand":[],"product_cat":[32129,32105],"product_tag":[],"class_list":{"0":"post-140768","1":"product","2":"type-product","3":"status-publish","4":"has-post-thumbnail","6":"pwb-brand-pr-home-sv","7":"product_cat-inomhusbelysning-sv","8":"product_cat-bordslampor","10":"first","11":"onbackorder","12":"taxable","13":"shipping-taxable","14":"purchasable","15":"product-type-simple"},"acf":[],"yoast_head":"<!-- This site is optimized with the Yoast SEO plugin v27.5 - https:\/\/yoast.com\/product\/yoast-seo-wordpress\/ -->\n<title>Lucca lampfot 55cm sand - Oy Noortrade Ab<\/title>\n<meta name=\"robots\" content=\"index, follow, max-snippet:-1, max-image-preview:large, max-video-preview:-1\" \/>\n<link rel=\"canonical\" href=\"https:\/\/shop.noor.fi\/sv\/produkt\/lucca-lampfot-55cm-sand\/\" \/>\n<meta property=\"og:locale\" content=\"sv_SE\" \/>\n<meta property=\"og:type\" content=\"article\" \/>\n<meta property=\"og:title\" content=\"Lucca lampfot 55cm sand - Oy Noortrade Ab\" \/>\n<meta property=\"og:description\" content=\"Den h\u00e4r lampfoten \u00e4r ett riktigt konstverk \u2013 en elegant och f\u00e4rgstark keramikfot som f\u00e5ngar uppm\u00e4rksamheten med sin mjuka gula ton, dekorerad med pastellf\u00e4rgade fj\u00e4rilar och inslag av skimrande guld. Den cylinderformade lampfoten ger den ett stilrent, arkitektoniskt uttryck som kontrasterar vackert mot det lekfulla dekorm\u00f6nstret. Resultatet \u00e4r en lampa som k\u00e4nns b\u00e5de klassisk och [&hellip;]\" \/>\n<meta property=\"og:url\" content=\"https:\/\/shop.noor.fi\/sv\/produkt\/lucca-lampfot-55cm-sand\/\" \/>\n<meta property=\"og:site_name\" content=\"Oy Noortrade Ab\" \/>\n<meta property=\"article:modified_time\" content=\"2026-05-06T05:29:39+00:00\" \/>\n<meta property=\"og:image\" content=\"https:\/\/shop.noor.fi\/wp-content\/uploads\/2025\/11\/PR-502055122.jpg\" \/>\n\t<meta property=\"og:image:width\" content=\"908\" \/>\n\t<meta property=\"og:image:height\" content=\"1210\" \/>\n\t<meta property=\"og:image:type\" content=\"image\/jpeg\" \/>\n<meta name=\"twitter:card\" content=\"summary_large_image\" \/>\n<meta name=\"twitter:label1\" content=\"Ber\u00e4knad l\u00e4stid\" \/>\n\t<meta name=\"twitter:data1\" content=\"2 minuter\" \/>\n<script type=\"application\/ld+json\" class=\"yoast-schema-graph\">{\"@context\":\"https:\\\/\\\/schema.org\",\"@graph\":[{\"@type\":\"WebPage\",\"@id\":\"https:\\\/\\\/shop.noor.fi\\\/sv\\\/produkt\\\/lucca-lampfot-55cm-sand\\\/\",\"url\":\"https:\\\/\\\/shop.noor.fi\\\/sv\\\/produkt\\\/lucca-lampfot-55cm-sand\\\/\",\"name\":\"Lucca lampfot 55cm sand - Oy Noortrade Ab\",\"isPartOf\":{\"@id\":\"https:\\\/\\\/shopnoorfi-wp31835.test.cchosting.fi\\\/#website\"},\"primaryImageOfPage\":{\"@id\":\"https:\\\/\\\/shop.noor.fi\\\/sv\\\/produkt\\\/lucca-lampfot-55cm-sand\\\/#primaryimage\"},\"image\":{\"@id\":\"https:\\\/\\\/shop.noor.fi\\\/sv\\\/produkt\\\/lucca-lampfot-55cm-sand\\\/#primaryimage\"},\"thumbnailUrl\":\"https:\\\/\\\/shop.noor.fi\\\/wp-content\\\/uploads\\\/2025\\\/11\\\/PR-502055122.jpg\",\"datePublished\":\"2025-11-07T10:52:55+00:00\",\"dateModified\":\"2026-05-06T05:29:39+00:00\",\"breadcrumb\":{\"@id\":\"https:\\\/\\\/shop.noor.fi\\\/sv\\\/produkt\\\/lucca-lampfot-55cm-sand\\\/#breadcrumb\"},\"inLanguage\":\"sv-SE\",\"potentialAction\":[{\"@type\":\"ReadAction\",\"target\":[\"https:\\\/\\\/shop.noor.fi\\\/sv\\\/produkt\\\/lucca-lampfot-55cm-sand\\\/\"]}]},{\"@type\":\"ImageObject\",\"inLanguage\":\"sv-SE\",\"@id\":\"https:\\\/\\\/shop.noor.fi\\\/sv\\\/produkt\\\/lucca-lampfot-55cm-sand\\\/#primaryimage\",\"url\":\"https:\\\/\\\/shop.noor.fi\\\/wp-content\\\/uploads\\\/2025\\\/11\\\/PR-502055122.jpg\",\"contentUrl\":\"https:\\\/\\\/shop.noor.fi\\\/wp-content\\\/uploads\\\/2025\\\/11\\\/PR-502055122.jpg\",\"width\":908,\"height\":1210},{\"@type\":\"BreadcrumbList\",\"@id\":\"https:\\\/\\\/shop.noor.fi\\\/sv\\\/produkt\\\/lucca-lampfot-55cm-sand\\\/#breadcrumb\",\"itemListElement\":[{\"@type\":\"ListItem\",\"position\":1,\"name\":\"Etusivu\",\"item\":\"https:\\\/\\\/shop.noor.fi\\\/sv\\\/\"},{\"@type\":\"ListItem\",\"position\":2,\"name\":\"Butik\",\"item\":\"https:\\\/\\\/shopnoorfi-wp31835.test.cchosting.fi\\\/sv\\\/butik\\\/\"},{\"@type\":\"ListItem\",\"position\":3,\"name\":\"Lucca lampfot 55cm sand\"}]},{\"@type\":\"WebSite\",\"@id\":\"https:\\\/\\\/shopnoorfi-wp31835.test.cchosting.fi\\\/#website\",\"url\":\"https:\\\/\\\/shopnoorfi-wp31835.test.cchosting.fi\\\/\",\"name\":\"Oy Noortrade Ab\",\"description\":\"Finnish family owned company with over 30 years of professional experience in lighting &amp; interior products import and sales - reliably.\",\"publisher\":{\"@id\":\"https:\\\/\\\/shopnoorfi-wp31835.test.cchosting.fi\\\/#organization\"},\"potentialAction\":[{\"@type\":\"SearchAction\",\"target\":{\"@type\":\"EntryPoint\",\"urlTemplate\":\"https:\\\/\\\/shopnoorfi-wp31835.test.cchosting.fi\\\/?s={search_term_string}\"},\"query-input\":{\"@type\":\"PropertyValueSpecification\",\"valueRequired\":true,\"valueName\":\"search_term_string\"}}],\"inLanguage\":\"sv-SE\"},{\"@type\":\"Organization\",\"@id\":\"https:\\\/\\\/shopnoorfi-wp31835.test.cchosting.fi\\\/#organization\",\"name\":\"Oy Noortrade Ab\",\"url\":\"https:\\\/\\\/shopnoorfi-wp31835.test.cchosting.fi\\\/\",\"logo\":{\"@type\":\"ImageObject\",\"inLanguage\":\"sv-SE\",\"@id\":\"https:\\\/\\\/shopnoorfi-wp31835.test.cchosting.fi\\\/#\\\/schema\\\/logo\\\/image\\\/\",\"url\":\"https:\\\/\\\/shop.noor.fi\\\/wp-content\\\/uploads\\\/2024\\\/01\\\/Oy-Noortrade-Ab-Corbel-VERSAL-bold-BLACK.png\",\"contentUrl\":\"https:\\\/\\\/shop.noor.fi\\\/wp-content\\\/uploads\\\/2024\\\/01\\\/Oy-Noortrade-Ab-Corbel-VERSAL-bold-BLACK.png\",\"width\":721,\"height\":177,\"caption\":\"Oy Noortrade Ab\"},\"image\":{\"@id\":\"https:\\\/\\\/shopnoorfi-wp31835.test.cchosting.fi\\\/#\\\/schema\\\/logo\\\/image\\\/\"}}]}<\/script>\n<!-- \/ Yoast SEO plugin. -->","yoast_head_json":{"title":"Lucca lampfot 55cm sand - Oy Noortrade Ab","robots":{"index":"index","follow":"follow","max-snippet":"max-snippet:-1","max-image-preview":"max-image-preview:large","max-video-preview":"max-video-preview:-1"},"canonical":"https:\/\/shop.noor.fi\/sv\/produkt\/lucca-lampfot-55cm-sand\/","og_locale":"sv_SE","og_type":"article","og_title":"Lucca lampfot 55cm sand - Oy Noortrade Ab","og_description":"Den h\u00e4r lampfoten \u00e4r ett riktigt konstverk \u2013 en elegant och f\u00e4rgstark keramikfot som f\u00e5ngar uppm\u00e4rksamheten med sin mjuka gula ton, dekorerad med pastellf\u00e4rgade fj\u00e4rilar och inslag av skimrande guld. Den cylinderformade lampfoten ger den ett stilrent, arkitektoniskt uttryck som kontrasterar vackert mot det lekfulla dekorm\u00f6nstret. Resultatet \u00e4r en lampa som k\u00e4nns b\u00e5de klassisk och [&hellip;]","og_url":"https:\/\/shop.noor.fi\/sv\/produkt\/lucca-lampfot-55cm-sand\/","og_site_name":"Oy Noortrade Ab","article_modified_time":"2026-05-06T05:29:39+00:00","og_image":[{"width":908,"height":1210,"url":"https:\/\/shop.noor.fi\/wp-content\/uploads\/2025\/11\/PR-502055122.jpg","type":"image\/jpeg"}],"twitter_card":"summary_large_image","twitter_misc":{"Ber\u00e4knad l\u00e4stid":"2 minuter"},"schema":{"@context":"https:\/\/schema.org","@graph":[{"@type":"WebPage","@id":"https:\/\/shop.noor.fi\/sv\/produkt\/lucca-lampfot-55cm-sand\/","url":"https:\/\/shop.noor.fi\/sv\/produkt\/lucca-lampfot-55cm-sand\/","name":"Lucca lampfot 55cm sand - Oy Noortrade Ab","isPartOf":{"@id":"https:\/\/shopnoorfi-wp31835.test.cchosting.fi\/#website"},"primaryImageOfPage":{"@id":"https:\/\/shop.noor.fi\/sv\/produkt\/lucca-lampfot-55cm-sand\/#primaryimage"},"image":{"@id":"https:\/\/shop.noor.fi\/sv\/produkt\/lucca-lampfot-55cm-sand\/#primaryimage"},"thumbnailUrl":"https:\/\/shop.noor.fi\/wp-content\/uploads\/2025\/11\/PR-502055122.jpg","datePublished":"2025-11-07T10:52:55+00:00","dateModified":"2026-05-06T05:29:39+00:00","breadcrumb":{"@id":"https:\/\/shop.noor.fi\/sv\/produkt\/lucca-lampfot-55cm-sand\/#breadcrumb"},"inLanguage":"sv-SE","potentialAction":[{"@type":"ReadAction","target":["https:\/\/shop.noor.fi\/sv\/produkt\/lucca-lampfot-55cm-sand\/"]}]},{"@type":"ImageObject","inLanguage":"sv-SE","@id":"https:\/\/shop.noor.fi\/sv\/produkt\/lucca-lampfot-55cm-sand\/#primaryimage","url":"https:\/\/shop.noor.fi\/wp-content\/uploads\/2025\/11\/PR-502055122.jpg","contentUrl":"https:\/\/shop.noor.fi\/wp-content\/uploads\/2025\/11\/PR-502055122.jpg","width":908,"height":1210},{"@type":"BreadcrumbList","@id":"https:\/\/shop.noor.fi\/sv\/produkt\/lucca-lampfot-55cm-sand\/#breadcrumb","itemListElement":[{"@type":"ListItem","position":1,"name":"Etusivu","item":"https:\/\/shop.noor.fi\/sv\/"},{"@type":"ListItem","position":2,"name":"Butik","item":"https:\/\/shopnoorfi-wp31835.test.cchosting.fi\/sv\/butik\/"},{"@type":"ListItem","position":3,"name":"Lucca lampfot 55cm sand"}]},{"@type":"WebSite","@id":"https:\/\/shopnoorfi-wp31835.test.cchosting.fi\/#website","url":"https:\/\/shopnoorfi-wp31835.test.cchosting.fi\/","name":"Oy Noortrade Ab","description":"Finnish family owned company with over 30 years of professional experience in lighting &amp; interior products import and sales - reliably.","publisher":{"@id":"https:\/\/shopnoorfi-wp31835.test.cchosting.fi\/#organization"},"potentialAction":[{"@type":"SearchAction","target":{"@type":"EntryPoint","urlTemplate":"https:\/\/shopnoorfi-wp31835.test.cchosting.fi\/?s={search_term_string}"},"query-input":{"@type":"PropertyValueSpecification","valueRequired":true,"valueName":"search_term_string"}}],"inLanguage":"sv-SE"},{"@type":"Organization","@id":"https:\/\/shopnoorfi-wp31835.test.cchosting.fi\/#organization","name":"Oy Noortrade Ab","url":"https:\/\/shopnoorfi-wp31835.test.cchosting.fi\/","logo":{"@type":"ImageObject","inLanguage":"sv-SE","@id":"https:\/\/shopnoorfi-wp31835.test.cchosting.fi\/#\/schema\/logo\/image\/","url":"https:\/\/shop.noor.fi\/wp-content\/uploads\/2024\/01\/Oy-Noortrade-Ab-Corbel-VERSAL-bold-BLACK.png","contentUrl":"https:\/\/shop.noor.fi\/wp-content\/uploads\/2024\/01\/Oy-Noortrade-Ab-Corbel-VERSAL-bold-BLACK.png","width":721,"height":177,"caption":"Oy Noortrade Ab"},"image":{"@id":"https:\/\/shopnoorfi-wp31835.test.cchosting.fi\/#\/schema\/logo\/image\/"}}]}},"brands":[{"id":37489,"name":"PR Home","slug":"pr-home-sv"}],"_links":{"self":[{"href":"https:\/\/shop.noor.fi\/sv\/wp-json\/wp\/v2\/product\/140768","targetHints":{"allow":["GET"]}}],"collection":[{"href":"https:\/\/shop.noor.fi\/sv\/wp-json\/wp\/v2\/product"}],"about":[{"href":"https:\/\/shop.noor.fi\/sv\/wp-json\/wp\/v2\/types\/product"}],"replies":[{"embeddable":true,"href":"https:\/\/shop.noor.fi\/sv\/wp-json\/wp\/v2\/comments?post=140768"}],"wp:featuredmedia":[{"embeddable":true,"href":"https:\/\/shop.noor.fi\/sv\/wp-json\/wp\/v2\/media\/141340"}],"wp:attachment":[{"href":"https:\/\/shop.noor.fi\/sv\/wp-json\/wp\/v2\/media?parent=140768"}],"wp:term":[{"taxonomy":"pwb-brand","embeddable":true,"href":"https:\/\/shop.noor.fi\/sv\/wp-json\/wp\/v2\/pwb-brand?post=140768"},{"taxonomy":"product_brand","embeddable":true,"href":"https:\/\/shop.noor.fi\/sv\/wp-json\/wp\/v2\/product_brand?post=140768"},{"taxonomy":"product_cat","embeddable":true,"href":"https:\/\/shop.noor.fi\/sv\/wp-json\/wp\/v2\/product_cat?post=140768"},{"taxonomy":"product_tag","embeddable":true,"href":"https:\/\/shop.noor.fi\/sv\/wp-json\/wp\/v2\/product_tag?post=140768"}],"curies":[{"name":"wp","href":"https:\/\/api.w.org\/{rel}","templated":true}]}}