{"id":140752,"date":"2025-11-07T12:54:20","date_gmt":"2025-11-07T10:54:20","guid":{"rendered":"https:\/\/shop.noor.fi\/product\/new-york-bordslampa-46cm-vit-skarm\/"},"modified":"2026-05-05T10:05:22","modified_gmt":"2026-05-05T07:05:22","slug":"new-york-bordslampa-46cm-vit-skarm","status":"publish","type":"product","link":"https:\/\/shop.noor.fi\/sv\/produkt\/new-york-bordslampa-46cm-vit-skarm\/","title":{"rendered":"New York bordslampa 46cm, vit sk\u00e4rm"},"content":{"rendered":"<p>Denna urnformade bordslampan i keramik \u00e4r en riktig statement piece som drar blickarna till sig, den blir lika mycket ett konstobjekt som en ljusk\u00e4lla. Den distinkta formen och uttrycket ger lampan en stark karakt\u00e4r, perfekt f\u00f6r dig som vill addera n\u00e5got dj\u00e4rvt och personligt till din inredning. En stabil och balanserad storlek som passar utm\u00e4rkt p\u00e5 ett sidobord, ett konsolbord eller som ett centralt blickf\u00e5ng i ett f\u00f6nster. Den h\u00e4r keramiska bordslampan \u00e4r inte bara funktionell \u2013 den \u00e4r ett uttryck f\u00f6r stil och personlighet. En perfekt kombination av grafisk sk\u00e4rpa och klassisk form som lyfter vilket rum som helst.<br \/>\nEn cylinderformad vit sk\u00e4rm, 25 cm i diameter, ing\u00e5r.<br \/>\nDen svarta textilkabeln \u00e4r 180 cm l\u00e5ng och har en str\u00f6mbrytare.<br \/>\nE27, max 40W. Ljusk\u00e4lla ing\u00e5r ej.<\/p>\n<p>Diameter 25 cm<br \/>\nH\u00f6jd 46 cm<\/p>\n","protected":false},"excerpt":{"rendered":"<p>Denna urnformade bordslampan i keramik \u00e4r en riktig statement piece som drar blickarna till sig, den blir lika mycket ett konstobjekt som en ljusk\u00e4lla. Den distinkta formen och uttrycket ger lampan en stark karakt\u00e4r, perfekt f\u00f6r dig som vill addera n\u00e5got dj\u00e4rvt och personligt till din inredning. En stabil och balanserad storlek som passar utm\u00e4rkt [&hellip;]<\/p>\n","protected":false},"featured_media":141299,"comment_status":"open","ping_status":"closed","template":"","meta":{"_acf_changed":false,"_relevanssi_hide_post":"","_relevanssi_hide_content":"","_relevanssi_pin_for_all":"","_relevanssi_pin_keywords":"","_relevanssi_unpin_keywords":"","_relevanssi_related_keywords":"","_relevanssi_related_include_ids":"","_relevanssi_related_exclude_ids":"","_relevanssi_related_no_append":"","_relevanssi_related_not_related":"","_relevanssi_related_posts":"","_relevanssi_noindex_reason":""},"pwb-brand":[28732],"product_brand":[],"product_cat":[32105,32129],"product_tag":[],"class_list":{"0":"post-140752","1":"product","2":"type-product","3":"status-publish","4":"has-post-thumbnail","6":"pwb-brand-pr-home","7":"product_cat-bordslampor","8":"product_cat-inomhusbelysning-sv","10":"first","11":"onbackorder","12":"taxable","13":"shipping-taxable","14":"purchasable","15":"product-type-simple"},"acf":[],"yoast_head":"<!-- This site is optimized with the Yoast SEO plugin v27.5 - https:\/\/yoast.com\/product\/yoast-seo-wordpress\/ -->\n<title>New York bordslampa 46cm, vit sk\u00e4rm - Oy Noortrade Ab<\/title>\n<meta name=\"robots\" content=\"index, follow, max-snippet:-1, max-image-preview:large, max-video-preview:-1\" \/>\n<link rel=\"canonical\" href=\"https:\/\/shop.noor.fi\/produkt\/new-york-poytavalaisin-46cm-valkoinen-varjostin\/\" \/>\n<meta property=\"og:locale\" content=\"sv_SE\" \/>\n<meta property=\"og:type\" content=\"article\" \/>\n<meta property=\"og:title\" content=\"New York bordslampa 46cm, vit sk\u00e4rm - Oy Noortrade Ab\" \/>\n<meta property=\"og:description\" content=\"Denna urnformade bordslampan i keramik \u00e4r en riktig statement piece som drar blickarna till sig, den blir lika mycket ett konstobjekt som en ljusk\u00e4lla. Den distinkta formen och uttrycket ger lampan en stark karakt\u00e4r, perfekt f\u00f6r dig som vill addera n\u00e5got dj\u00e4rvt och personligt till din inredning. En stabil och balanserad storlek som passar utm\u00e4rkt [&hellip;]\" \/>\n<meta property=\"og:url\" content=\"https:\/\/shop.noor.fi\/produkt\/new-york-poytavalaisin-46cm-valkoinen-varjostin\/\" \/>\n<meta property=\"og:site_name\" content=\"Oy Noortrade Ab\" \/>\n<meta property=\"article:modified_time\" content=\"2026-05-05T07:05:22+00:00\" \/>\n<meta property=\"og:image\" content=\"https:\/\/shop.noor.fi\/wp-content\/uploads\/2025\/11\/PR-501032191FR01.jpg\" \/>\n\t<meta property=\"og:image:width\" content=\"908\" \/>\n\t<meta property=\"og:image:height\" content=\"1210\" \/>\n\t<meta property=\"og:image:type\" content=\"image\/jpeg\" \/>\n<meta name=\"twitter:card\" content=\"summary_large_image\" \/>\n<meta name=\"twitter:label1\" content=\"Ber\u00e4knad l\u00e4stid\" \/>\n\t<meta name=\"twitter:data1\" content=\"1 minut\" \/>\n<script type=\"application\/ld+json\" class=\"yoast-schema-graph\">{\"@context\":\"https:\\\/\\\/schema.org\",\"@graph\":[{\"@type\":\"WebPage\",\"@id\":\"https:\\\/\\\/shop.noor.fi\\\/produkt\\\/new-york-poytavalaisin-46cm-valkoinen-varjostin\\\/\",\"url\":\"https:\\\/\\\/shop.noor.fi\\\/produkt\\\/new-york-poytavalaisin-46cm-valkoinen-varjostin\\\/\",\"name\":\"New York bordslampa 46cm, vit sk\u00e4rm - Oy Noortrade Ab\",\"isPartOf\":{\"@id\":\"https:\\\/\\\/shopnoorfi-wp31835.test.cchosting.fi\\\/#website\"},\"primaryImageOfPage\":{\"@id\":\"https:\\\/\\\/shop.noor.fi\\\/produkt\\\/new-york-poytavalaisin-46cm-valkoinen-varjostin\\\/#primaryimage\"},\"image\":{\"@id\":\"https:\\\/\\\/shop.noor.fi\\\/produkt\\\/new-york-poytavalaisin-46cm-valkoinen-varjostin\\\/#primaryimage\"},\"thumbnailUrl\":\"https:\\\/\\\/shop.noor.fi\\\/wp-content\\\/uploads\\\/2025\\\/11\\\/PR-501032191FR01.jpg\",\"datePublished\":\"2025-11-07T10:54:20+00:00\",\"dateModified\":\"2026-05-05T07:05:22+00:00\",\"breadcrumb\":{\"@id\":\"https:\\\/\\\/shop.noor.fi\\\/produkt\\\/new-york-poytavalaisin-46cm-valkoinen-varjostin\\\/#breadcrumb\"},\"inLanguage\":\"sv-SE\",\"potentialAction\":[{\"@type\":\"ReadAction\",\"target\":[\"https:\\\/\\\/shop.noor.fi\\\/produkt\\\/new-york-poytavalaisin-46cm-valkoinen-varjostin\\\/\"]}]},{\"@type\":\"ImageObject\",\"inLanguage\":\"sv-SE\",\"@id\":\"https:\\\/\\\/shop.noor.fi\\\/produkt\\\/new-york-poytavalaisin-46cm-valkoinen-varjostin\\\/#primaryimage\",\"url\":\"https:\\\/\\\/shop.noor.fi\\\/wp-content\\\/uploads\\\/2025\\\/11\\\/PR-501032191FR01.jpg\",\"contentUrl\":\"https:\\\/\\\/shop.noor.fi\\\/wp-content\\\/uploads\\\/2025\\\/11\\\/PR-501032191FR01.jpg\",\"width\":908,\"height\":1210},{\"@type\":\"BreadcrumbList\",\"@id\":\"https:\\\/\\\/shop.noor.fi\\\/produkt\\\/new-york-poytavalaisin-46cm-valkoinen-varjostin\\\/#breadcrumb\",\"itemListElement\":[{\"@type\":\"ListItem\",\"position\":1,\"name\":\"Etusivu\",\"item\":\"https:\\\/\\\/shop.noor.fi\\\/sv\\\/\"},{\"@type\":\"ListItem\",\"position\":2,\"name\":\"Butik\",\"item\":\"https:\\\/\\\/shopnoorfi-wp31835.test.cchosting.fi\\\/sv\\\/butik\\\/\"},{\"@type\":\"ListItem\",\"position\":3,\"name\":\"New York bordslampa 46cm, vit sk\u00e4rm\"}]},{\"@type\":\"WebSite\",\"@id\":\"https:\\\/\\\/shopnoorfi-wp31835.test.cchosting.fi\\\/#website\",\"url\":\"https:\\\/\\\/shopnoorfi-wp31835.test.cchosting.fi\\\/\",\"name\":\"Oy Noortrade Ab\",\"description\":\"Finnish family owned company with over 30 years of professional experience in lighting &amp; interior products import and sales - reliably.\",\"publisher\":{\"@id\":\"https:\\\/\\\/shopnoorfi-wp31835.test.cchosting.fi\\\/#organization\"},\"potentialAction\":[{\"@type\":\"SearchAction\",\"target\":{\"@type\":\"EntryPoint\",\"urlTemplate\":\"https:\\\/\\\/shopnoorfi-wp31835.test.cchosting.fi\\\/?s={search_term_string}\"},\"query-input\":{\"@type\":\"PropertyValueSpecification\",\"valueRequired\":true,\"valueName\":\"search_term_string\"}}],\"inLanguage\":\"sv-SE\"},{\"@type\":\"Organization\",\"@id\":\"https:\\\/\\\/shopnoorfi-wp31835.test.cchosting.fi\\\/#organization\",\"name\":\"Oy Noortrade Ab\",\"url\":\"https:\\\/\\\/shopnoorfi-wp31835.test.cchosting.fi\\\/\",\"logo\":{\"@type\":\"ImageObject\",\"inLanguage\":\"sv-SE\",\"@id\":\"https:\\\/\\\/shopnoorfi-wp31835.test.cchosting.fi\\\/#\\\/schema\\\/logo\\\/image\\\/\",\"url\":\"https:\\\/\\\/shop.noor.fi\\\/wp-content\\\/uploads\\\/2024\\\/01\\\/Oy-Noortrade-Ab-Corbel-VERSAL-bold-BLACK.png\",\"contentUrl\":\"https:\\\/\\\/shop.noor.fi\\\/wp-content\\\/uploads\\\/2024\\\/01\\\/Oy-Noortrade-Ab-Corbel-VERSAL-bold-BLACK.png\",\"width\":721,\"height\":177,\"caption\":\"Oy Noortrade Ab\"},\"image\":{\"@id\":\"https:\\\/\\\/shopnoorfi-wp31835.test.cchosting.fi\\\/#\\\/schema\\\/logo\\\/image\\\/\"}}]}<\/script>\n<!-- \/ Yoast SEO plugin. -->","yoast_head_json":{"title":"New York bordslampa 46cm, vit sk\u00e4rm - Oy Noortrade Ab","robots":{"index":"index","follow":"follow","max-snippet":"max-snippet:-1","max-image-preview":"max-image-preview:large","max-video-preview":"max-video-preview:-1"},"canonical":"https:\/\/shop.noor.fi\/produkt\/new-york-poytavalaisin-46cm-valkoinen-varjostin\/","og_locale":"sv_SE","og_type":"article","og_title":"New York bordslampa 46cm, vit sk\u00e4rm - Oy Noortrade Ab","og_description":"Denna urnformade bordslampan i keramik \u00e4r en riktig statement piece som drar blickarna till sig, den blir lika mycket ett konstobjekt som en ljusk\u00e4lla. Den distinkta formen och uttrycket ger lampan en stark karakt\u00e4r, perfekt f\u00f6r dig som vill addera n\u00e5got dj\u00e4rvt och personligt till din inredning. En stabil och balanserad storlek som passar utm\u00e4rkt [&hellip;]","og_url":"https:\/\/shop.noor.fi\/produkt\/new-york-poytavalaisin-46cm-valkoinen-varjostin\/","og_site_name":"Oy Noortrade Ab","article_modified_time":"2026-05-05T07:05:22+00:00","og_image":[{"width":908,"height":1210,"url":"https:\/\/shop.noor.fi\/wp-content\/uploads\/2025\/11\/PR-501032191FR01.jpg","type":"image\/jpeg"}],"twitter_card":"summary_large_image","twitter_misc":{"Ber\u00e4knad l\u00e4stid":"1 minut"},"schema":{"@context":"https:\/\/schema.org","@graph":[{"@type":"WebPage","@id":"https:\/\/shop.noor.fi\/produkt\/new-york-poytavalaisin-46cm-valkoinen-varjostin\/","url":"https:\/\/shop.noor.fi\/produkt\/new-york-poytavalaisin-46cm-valkoinen-varjostin\/","name":"New York bordslampa 46cm, vit sk\u00e4rm - Oy Noortrade Ab","isPartOf":{"@id":"https:\/\/shopnoorfi-wp31835.test.cchosting.fi\/#website"},"primaryImageOfPage":{"@id":"https:\/\/shop.noor.fi\/produkt\/new-york-poytavalaisin-46cm-valkoinen-varjostin\/#primaryimage"},"image":{"@id":"https:\/\/shop.noor.fi\/produkt\/new-york-poytavalaisin-46cm-valkoinen-varjostin\/#primaryimage"},"thumbnailUrl":"https:\/\/shop.noor.fi\/wp-content\/uploads\/2025\/11\/PR-501032191FR01.jpg","datePublished":"2025-11-07T10:54:20+00:00","dateModified":"2026-05-05T07:05:22+00:00","breadcrumb":{"@id":"https:\/\/shop.noor.fi\/produkt\/new-york-poytavalaisin-46cm-valkoinen-varjostin\/#breadcrumb"},"inLanguage":"sv-SE","potentialAction":[{"@type":"ReadAction","target":["https:\/\/shop.noor.fi\/produkt\/new-york-poytavalaisin-46cm-valkoinen-varjostin\/"]}]},{"@type":"ImageObject","inLanguage":"sv-SE","@id":"https:\/\/shop.noor.fi\/produkt\/new-york-poytavalaisin-46cm-valkoinen-varjostin\/#primaryimage","url":"https:\/\/shop.noor.fi\/wp-content\/uploads\/2025\/11\/PR-501032191FR01.jpg","contentUrl":"https:\/\/shop.noor.fi\/wp-content\/uploads\/2025\/11\/PR-501032191FR01.jpg","width":908,"height":1210},{"@type":"BreadcrumbList","@id":"https:\/\/shop.noor.fi\/produkt\/new-york-poytavalaisin-46cm-valkoinen-varjostin\/#breadcrumb","itemListElement":[{"@type":"ListItem","position":1,"name":"Etusivu","item":"https:\/\/shop.noor.fi\/sv\/"},{"@type":"ListItem","position":2,"name":"Butik","item":"https:\/\/shopnoorfi-wp31835.test.cchosting.fi\/sv\/butik\/"},{"@type":"ListItem","position":3,"name":"New York bordslampa 46cm, vit sk\u00e4rm"}]},{"@type":"WebSite","@id":"https:\/\/shopnoorfi-wp31835.test.cchosting.fi\/#website","url":"https:\/\/shopnoorfi-wp31835.test.cchosting.fi\/","name":"Oy Noortrade Ab","description":"Finnish family owned company with over 30 years of professional experience in lighting &amp; interior products import and sales - reliably.","publisher":{"@id":"https:\/\/shopnoorfi-wp31835.test.cchosting.fi\/#organization"},"potentialAction":[{"@type":"SearchAction","target":{"@type":"EntryPoint","urlTemplate":"https:\/\/shopnoorfi-wp31835.test.cchosting.fi\/?s={search_term_string}"},"query-input":{"@type":"PropertyValueSpecification","valueRequired":true,"valueName":"search_term_string"}}],"inLanguage":"sv-SE"},{"@type":"Organization","@id":"https:\/\/shopnoorfi-wp31835.test.cchosting.fi\/#organization","name":"Oy Noortrade Ab","url":"https:\/\/shopnoorfi-wp31835.test.cchosting.fi\/","logo":{"@type":"ImageObject","inLanguage":"sv-SE","@id":"https:\/\/shopnoorfi-wp31835.test.cchosting.fi\/#\/schema\/logo\/image\/","url":"https:\/\/shop.noor.fi\/wp-content\/uploads\/2024\/01\/Oy-Noortrade-Ab-Corbel-VERSAL-bold-BLACK.png","contentUrl":"https:\/\/shop.noor.fi\/wp-content\/uploads\/2024\/01\/Oy-Noortrade-Ab-Corbel-VERSAL-bold-BLACK.png","width":721,"height":177,"caption":"Oy Noortrade Ab"},"image":{"@id":"https:\/\/shopnoorfi-wp31835.test.cchosting.fi\/#\/schema\/logo\/image\/"}}]}},"brands":[{"id":28732,"name":"PR Home","slug":"pr-home"}],"_links":{"self":[{"href":"https:\/\/shop.noor.fi\/sv\/wp-json\/wp\/v2\/product\/140752","targetHints":{"allow":["GET"]}}],"collection":[{"href":"https:\/\/shop.noor.fi\/sv\/wp-json\/wp\/v2\/product"}],"about":[{"href":"https:\/\/shop.noor.fi\/sv\/wp-json\/wp\/v2\/types\/product"}],"replies":[{"embeddable":true,"href":"https:\/\/shop.noor.fi\/sv\/wp-json\/wp\/v2\/comments?post=140752"}],"wp:featuredmedia":[{"embeddable":true,"href":"https:\/\/shop.noor.fi\/sv\/wp-json\/wp\/v2\/media\/141299"}],"wp:attachment":[{"href":"https:\/\/shop.noor.fi\/sv\/wp-json\/wp\/v2\/media?parent=140752"}],"wp:term":[{"taxonomy":"pwb-brand","embeddable":true,"href":"https:\/\/shop.noor.fi\/sv\/wp-json\/wp\/v2\/pwb-brand?post=140752"},{"taxonomy":"product_brand","embeddable":true,"href":"https:\/\/shop.noor.fi\/sv\/wp-json\/wp\/v2\/product_brand?post=140752"},{"taxonomy":"product_cat","embeddable":true,"href":"https:\/\/shop.noor.fi\/sv\/wp-json\/wp\/v2\/product_cat?post=140752"},{"taxonomy":"product_tag","embeddable":true,"href":"https:\/\/shop.noor.fi\/sv\/wp-json\/wp\/v2\/product_tag?post=140752"}],"curies":[{"name":"wp","href":"https:\/\/api.w.org\/{rel}","templated":true}]}}