{"id":140730,"date":"2025-11-07T12:54:26","date_gmt":"2025-11-07T10:54:26","guid":{"rendered":"https:\/\/shop.noor.fi\/product\/elsy-pendel-5-arm-56cm-massing\/"},"modified":"2026-05-05T10:04:27","modified_gmt":"2026-05-05T07:04:27","slug":"elsy-pendel-5-arm-56cm-massing","status":"publish","type":"product","link":"https:\/\/shop.noor.fi\/sv\/produkt\/elsy-pendel-5-arm-56cm-massing\/","title":{"rendered":"Elsy pendel 5-arm 56cm m\u00e4ssing"},"content":{"rendered":"<p>Lyft rummet med en taklampa som kombinerar klassisk elegans med modern v\u00e4rme. Denna stilfulla lampa i borstad m\u00e4ssing har fem upp\u00e5triktade armar, var och en prydd med en opalvit glaskupa som sprider ett mjukt och inbjudande sken. Den varma tonen i glaset skapar en ombonad atmosf\u00e4r \u2013 perfekt f\u00f6r b\u00e5de vardagsrum, matsal eller sovrum d\u00e4r du vill addera b\u00e5de ljus och karakt\u00e4r. Med sin vackert avrundade form och en diameter p\u00e5 56 cm blir lampan ett naturligt blickf\u00e5ng i rummet, utan att ta \u00f6ver. Oavsett om du vill skapa ett harmoniskt ljus \u00f6ver matbordet eller ge hallen ett elegant lyft, \u00e4r den h\u00e4r taklampan ett tidl\u00f6st val med b\u00e5de stil och funktion.<br \/>\nKrokupph\u00e4ng, kopplingsplint. Takplugg ing\u00e5r ej.<br \/>\nE14, max 5 x 15W. Ljusk\u00e4llor ing\u00e5r ej. Opalf\u00e4rgade klotformade eller kronljusformade ljusk\u00e4llor rekommenderas f\u00f6r att framh\u00e4va glaskupornas varma ton och skapa ett j\u00e4mnt, behagligt ljus. <\/p>\n<p>Diameter 56 cm<br \/>\nH\u00f6jd 36 cm<\/p>\n","protected":false},"excerpt":{"rendered":"<p>Lyft rummet med en taklampa som kombinerar klassisk elegans med modern v\u00e4rme. Denna stilfulla lampa i borstad m\u00e4ssing har fem upp\u00e5triktade armar, var och en prydd med en opalvit glaskupa som sprider ett mjukt och inbjudande sken. Den varma tonen i glaset skapar en ombonad atmosf\u00e4r \u2013 perfekt f\u00f6r b\u00e5de vardagsrum, matsal eller sovrum d\u00e4r [&hellip;]<\/p>\n","protected":false},"featured_media":141140,"comment_status":"open","ping_status":"closed","template":"","meta":{"_acf_changed":false,"_relevanssi_hide_post":"","_relevanssi_hide_content":"","_relevanssi_pin_for_all":"","_relevanssi_pin_keywords":"","_relevanssi_unpin_keywords":"","_relevanssi_related_keywords":"","_relevanssi_related_include_ids":"","_relevanssi_related_exclude_ids":"","_relevanssi_related_no_append":"","_relevanssi_related_not_related":"","_relevanssi_related_posts":"","_relevanssi_noindex_reason":""},"pwb-brand":[37489],"product_brand":[],"product_cat":[32115,32129],"product_tag":[],"class_list":{"0":"post-140730","1":"product","2":"type-product","3":"status-publish","4":"has-post-thumbnail","6":"pwb-brand-pr-home-sv","7":"product_cat-pendlar","8":"product_cat-inomhusbelysning-sv","10":"first","11":"onbackorder","12":"taxable","13":"shipping-taxable","14":"purchasable","15":"product-type-simple"},"acf":[],"yoast_head":"<!-- This site is optimized with the Yoast SEO plugin v27.5 - https:\/\/yoast.com\/product\/yoast-seo-wordpress\/ -->\n<title>Elsy pendel 5-arm 56cm m\u00e4ssing - Oy Noortrade Ab<\/title>\n<meta name=\"robots\" content=\"index, follow, max-snippet:-1, max-image-preview:large, max-video-preview:-1\" \/>\n<link rel=\"canonical\" href=\"https:\/\/shop.noor.fi\/produkt\/elsy-riippuvalaisin-5-os-56cm-messinki\/\" \/>\n<meta property=\"og:locale\" content=\"sv_SE\" \/>\n<meta property=\"og:type\" content=\"article\" \/>\n<meta property=\"og:title\" content=\"Elsy pendel 5-arm 56cm m\u00e4ssing - Oy Noortrade Ab\" \/>\n<meta property=\"og:description\" content=\"Lyft rummet med en taklampa som kombinerar klassisk elegans med modern v\u00e4rme. Denna stilfulla lampa i borstad m\u00e4ssing har fem upp\u00e5triktade armar, var och en prydd med en opalvit glaskupa som sprider ett mjukt och inbjudande sken. Den varma tonen i glaset skapar en ombonad atmosf\u00e4r \u2013 perfekt f\u00f6r b\u00e5de vardagsrum, matsal eller sovrum d\u00e4r [&hellip;]\" \/>\n<meta property=\"og:url\" content=\"https:\/\/shop.noor.fi\/produkt\/elsy-riippuvalaisin-5-os-56cm-messinki\/\" \/>\n<meta property=\"og:site_name\" content=\"Oy Noortrade Ab\" \/>\n<meta property=\"article:modified_time\" content=\"2026-05-05T07:04:27+00:00\" \/>\n<meta property=\"og:image\" content=\"https:\/\/shop.noor.fi\/wp-content\/uploads\/2025\/11\/PR-4363552.jpg\" \/>\n\t<meta property=\"og:image:width\" content=\"908\" \/>\n\t<meta property=\"og:image:height\" content=\"1210\" \/>\n\t<meta property=\"og:image:type\" content=\"image\/jpeg\" \/>\n<meta name=\"twitter:card\" content=\"summary_large_image\" \/>\n<meta name=\"twitter:label1\" content=\"Ber\u00e4knad l\u00e4stid\" \/>\n\t<meta name=\"twitter:data1\" content=\"1 minut\" \/>\n<script type=\"application\/ld+json\" class=\"yoast-schema-graph\">{\"@context\":\"https:\\\/\\\/schema.org\",\"@graph\":[{\"@type\":\"WebPage\",\"@id\":\"https:\\\/\\\/shop.noor.fi\\\/produkt\\\/elsy-riippuvalaisin-5-os-56cm-messinki\\\/\",\"url\":\"https:\\\/\\\/shop.noor.fi\\\/produkt\\\/elsy-riippuvalaisin-5-os-56cm-messinki\\\/\",\"name\":\"Elsy pendel 5-arm 56cm m\u00e4ssing - Oy Noortrade Ab\",\"isPartOf\":{\"@id\":\"https:\\\/\\\/shopnoorfi-wp31835.test.cchosting.fi\\\/#website\"},\"primaryImageOfPage\":{\"@id\":\"https:\\\/\\\/shop.noor.fi\\\/produkt\\\/elsy-riippuvalaisin-5-os-56cm-messinki\\\/#primaryimage\"},\"image\":{\"@id\":\"https:\\\/\\\/shop.noor.fi\\\/produkt\\\/elsy-riippuvalaisin-5-os-56cm-messinki\\\/#primaryimage\"},\"thumbnailUrl\":\"https:\\\/\\\/shop.noor.fi\\\/wp-content\\\/uploads\\\/2025\\\/11\\\/PR-4363552.jpg\",\"datePublished\":\"2025-11-07T10:54:26+00:00\",\"dateModified\":\"2026-05-05T07:04:27+00:00\",\"breadcrumb\":{\"@id\":\"https:\\\/\\\/shop.noor.fi\\\/produkt\\\/elsy-riippuvalaisin-5-os-56cm-messinki\\\/#breadcrumb\"},\"inLanguage\":\"sv-SE\",\"potentialAction\":[{\"@type\":\"ReadAction\",\"target\":[\"https:\\\/\\\/shop.noor.fi\\\/produkt\\\/elsy-riippuvalaisin-5-os-56cm-messinki\\\/\"]}]},{\"@type\":\"ImageObject\",\"inLanguage\":\"sv-SE\",\"@id\":\"https:\\\/\\\/shop.noor.fi\\\/produkt\\\/elsy-riippuvalaisin-5-os-56cm-messinki\\\/#primaryimage\",\"url\":\"https:\\\/\\\/shop.noor.fi\\\/wp-content\\\/uploads\\\/2025\\\/11\\\/PR-4363552.jpg\",\"contentUrl\":\"https:\\\/\\\/shop.noor.fi\\\/wp-content\\\/uploads\\\/2025\\\/11\\\/PR-4363552.jpg\",\"width\":908,\"height\":1210},{\"@type\":\"BreadcrumbList\",\"@id\":\"https:\\\/\\\/shop.noor.fi\\\/produkt\\\/elsy-riippuvalaisin-5-os-56cm-messinki\\\/#breadcrumb\",\"itemListElement\":[{\"@type\":\"ListItem\",\"position\":1,\"name\":\"Etusivu\",\"item\":\"https:\\\/\\\/shop.noor.fi\\\/sv\\\/\"},{\"@type\":\"ListItem\",\"position\":2,\"name\":\"Butik\",\"item\":\"https:\\\/\\\/shopnoorfi-wp31835.test.cchosting.fi\\\/sv\\\/butik\\\/\"},{\"@type\":\"ListItem\",\"position\":3,\"name\":\"Elsy pendel 5-arm 56cm m\u00e4ssing\"}]},{\"@type\":\"WebSite\",\"@id\":\"https:\\\/\\\/shopnoorfi-wp31835.test.cchosting.fi\\\/#website\",\"url\":\"https:\\\/\\\/shopnoorfi-wp31835.test.cchosting.fi\\\/\",\"name\":\"Oy Noortrade Ab\",\"description\":\"Finnish family owned company with over 30 years of professional experience in lighting &amp; interior products import and sales - reliably.\",\"publisher\":{\"@id\":\"https:\\\/\\\/shopnoorfi-wp31835.test.cchosting.fi\\\/#organization\"},\"potentialAction\":[{\"@type\":\"SearchAction\",\"target\":{\"@type\":\"EntryPoint\",\"urlTemplate\":\"https:\\\/\\\/shopnoorfi-wp31835.test.cchosting.fi\\\/?s={search_term_string}\"},\"query-input\":{\"@type\":\"PropertyValueSpecification\",\"valueRequired\":true,\"valueName\":\"search_term_string\"}}],\"inLanguage\":\"sv-SE\"},{\"@type\":\"Organization\",\"@id\":\"https:\\\/\\\/shopnoorfi-wp31835.test.cchosting.fi\\\/#organization\",\"name\":\"Oy Noortrade Ab\",\"url\":\"https:\\\/\\\/shopnoorfi-wp31835.test.cchosting.fi\\\/\",\"logo\":{\"@type\":\"ImageObject\",\"inLanguage\":\"sv-SE\",\"@id\":\"https:\\\/\\\/shopnoorfi-wp31835.test.cchosting.fi\\\/#\\\/schema\\\/logo\\\/image\\\/\",\"url\":\"https:\\\/\\\/shop.noor.fi\\\/wp-content\\\/uploads\\\/2024\\\/01\\\/Oy-Noortrade-Ab-Corbel-VERSAL-bold-BLACK.png\",\"contentUrl\":\"https:\\\/\\\/shop.noor.fi\\\/wp-content\\\/uploads\\\/2024\\\/01\\\/Oy-Noortrade-Ab-Corbel-VERSAL-bold-BLACK.png\",\"width\":721,\"height\":177,\"caption\":\"Oy Noortrade Ab\"},\"image\":{\"@id\":\"https:\\\/\\\/shopnoorfi-wp31835.test.cchosting.fi\\\/#\\\/schema\\\/logo\\\/image\\\/\"}}]}<\/script>\n<!-- \/ Yoast SEO plugin. -->","yoast_head_json":{"title":"Elsy pendel 5-arm 56cm m\u00e4ssing - Oy Noortrade Ab","robots":{"index":"index","follow":"follow","max-snippet":"max-snippet:-1","max-image-preview":"max-image-preview:large","max-video-preview":"max-video-preview:-1"},"canonical":"https:\/\/shop.noor.fi\/produkt\/elsy-riippuvalaisin-5-os-56cm-messinki\/","og_locale":"sv_SE","og_type":"article","og_title":"Elsy pendel 5-arm 56cm m\u00e4ssing - Oy Noortrade Ab","og_description":"Lyft rummet med en taklampa som kombinerar klassisk elegans med modern v\u00e4rme. Denna stilfulla lampa i borstad m\u00e4ssing har fem upp\u00e5triktade armar, var och en prydd med en opalvit glaskupa som sprider ett mjukt och inbjudande sken. Den varma tonen i glaset skapar en ombonad atmosf\u00e4r \u2013 perfekt f\u00f6r b\u00e5de vardagsrum, matsal eller sovrum d\u00e4r [&hellip;]","og_url":"https:\/\/shop.noor.fi\/produkt\/elsy-riippuvalaisin-5-os-56cm-messinki\/","og_site_name":"Oy Noortrade Ab","article_modified_time":"2026-05-05T07:04:27+00:00","og_image":[{"width":908,"height":1210,"url":"https:\/\/shop.noor.fi\/wp-content\/uploads\/2025\/11\/PR-4363552.jpg","type":"image\/jpeg"}],"twitter_card":"summary_large_image","twitter_misc":{"Ber\u00e4knad l\u00e4stid":"1 minut"},"schema":{"@context":"https:\/\/schema.org","@graph":[{"@type":"WebPage","@id":"https:\/\/shop.noor.fi\/produkt\/elsy-riippuvalaisin-5-os-56cm-messinki\/","url":"https:\/\/shop.noor.fi\/produkt\/elsy-riippuvalaisin-5-os-56cm-messinki\/","name":"Elsy pendel 5-arm 56cm m\u00e4ssing - Oy Noortrade Ab","isPartOf":{"@id":"https:\/\/shopnoorfi-wp31835.test.cchosting.fi\/#website"},"primaryImageOfPage":{"@id":"https:\/\/shop.noor.fi\/produkt\/elsy-riippuvalaisin-5-os-56cm-messinki\/#primaryimage"},"image":{"@id":"https:\/\/shop.noor.fi\/produkt\/elsy-riippuvalaisin-5-os-56cm-messinki\/#primaryimage"},"thumbnailUrl":"https:\/\/shop.noor.fi\/wp-content\/uploads\/2025\/11\/PR-4363552.jpg","datePublished":"2025-11-07T10:54:26+00:00","dateModified":"2026-05-05T07:04:27+00:00","breadcrumb":{"@id":"https:\/\/shop.noor.fi\/produkt\/elsy-riippuvalaisin-5-os-56cm-messinki\/#breadcrumb"},"inLanguage":"sv-SE","potentialAction":[{"@type":"ReadAction","target":["https:\/\/shop.noor.fi\/produkt\/elsy-riippuvalaisin-5-os-56cm-messinki\/"]}]},{"@type":"ImageObject","inLanguage":"sv-SE","@id":"https:\/\/shop.noor.fi\/produkt\/elsy-riippuvalaisin-5-os-56cm-messinki\/#primaryimage","url":"https:\/\/shop.noor.fi\/wp-content\/uploads\/2025\/11\/PR-4363552.jpg","contentUrl":"https:\/\/shop.noor.fi\/wp-content\/uploads\/2025\/11\/PR-4363552.jpg","width":908,"height":1210},{"@type":"BreadcrumbList","@id":"https:\/\/shop.noor.fi\/produkt\/elsy-riippuvalaisin-5-os-56cm-messinki\/#breadcrumb","itemListElement":[{"@type":"ListItem","position":1,"name":"Etusivu","item":"https:\/\/shop.noor.fi\/sv\/"},{"@type":"ListItem","position":2,"name":"Butik","item":"https:\/\/shopnoorfi-wp31835.test.cchosting.fi\/sv\/butik\/"},{"@type":"ListItem","position":3,"name":"Elsy pendel 5-arm 56cm m\u00e4ssing"}]},{"@type":"WebSite","@id":"https:\/\/shopnoorfi-wp31835.test.cchosting.fi\/#website","url":"https:\/\/shopnoorfi-wp31835.test.cchosting.fi\/","name":"Oy Noortrade Ab","description":"Finnish family owned company with over 30 years of professional experience in lighting &amp; interior products import and sales - reliably.","publisher":{"@id":"https:\/\/shopnoorfi-wp31835.test.cchosting.fi\/#organization"},"potentialAction":[{"@type":"SearchAction","target":{"@type":"EntryPoint","urlTemplate":"https:\/\/shopnoorfi-wp31835.test.cchosting.fi\/?s={search_term_string}"},"query-input":{"@type":"PropertyValueSpecification","valueRequired":true,"valueName":"search_term_string"}}],"inLanguage":"sv-SE"},{"@type":"Organization","@id":"https:\/\/shopnoorfi-wp31835.test.cchosting.fi\/#organization","name":"Oy Noortrade Ab","url":"https:\/\/shopnoorfi-wp31835.test.cchosting.fi\/","logo":{"@type":"ImageObject","inLanguage":"sv-SE","@id":"https:\/\/shopnoorfi-wp31835.test.cchosting.fi\/#\/schema\/logo\/image\/","url":"https:\/\/shop.noor.fi\/wp-content\/uploads\/2024\/01\/Oy-Noortrade-Ab-Corbel-VERSAL-bold-BLACK.png","contentUrl":"https:\/\/shop.noor.fi\/wp-content\/uploads\/2024\/01\/Oy-Noortrade-Ab-Corbel-VERSAL-bold-BLACK.png","width":721,"height":177,"caption":"Oy Noortrade Ab"},"image":{"@id":"https:\/\/shopnoorfi-wp31835.test.cchosting.fi\/#\/schema\/logo\/image\/"}}]}},"brands":[{"id":37489,"name":"PR Home","slug":"pr-home-sv"}],"_links":{"self":[{"href":"https:\/\/shop.noor.fi\/sv\/wp-json\/wp\/v2\/product\/140730","targetHints":{"allow":["GET"]}}],"collection":[{"href":"https:\/\/shop.noor.fi\/sv\/wp-json\/wp\/v2\/product"}],"about":[{"href":"https:\/\/shop.noor.fi\/sv\/wp-json\/wp\/v2\/types\/product"}],"replies":[{"embeddable":true,"href":"https:\/\/shop.noor.fi\/sv\/wp-json\/wp\/v2\/comments?post=140730"}],"wp:featuredmedia":[{"embeddable":true,"href":"https:\/\/shop.noor.fi\/sv\/wp-json\/wp\/v2\/media\/141140"}],"wp:attachment":[{"href":"https:\/\/shop.noor.fi\/sv\/wp-json\/wp\/v2\/media?parent=140730"}],"wp:term":[{"taxonomy":"pwb-brand","embeddable":true,"href":"https:\/\/shop.noor.fi\/sv\/wp-json\/wp\/v2\/pwb-brand?post=140730"},{"taxonomy":"product_brand","embeddable":true,"href":"https:\/\/shop.noor.fi\/sv\/wp-json\/wp\/v2\/product_brand?post=140730"},{"taxonomy":"product_cat","embeddable":true,"href":"https:\/\/shop.noor.fi\/sv\/wp-json\/wp\/v2\/product_cat?post=140730"},{"taxonomy":"product_tag","embeddable":true,"href":"https:\/\/shop.noor.fi\/sv\/wp-json\/wp\/v2\/product_tag?post=140730"}],"curies":[{"name":"wp","href":"https:\/\/api.w.org\/{rel}","templated":true}]}}