{"id":140716,"date":"2025-11-07T12:55:18","date_gmt":"2025-11-07T10:55:18","guid":{"rendered":"https:\/\/shop.noor.fi\/product\/uno-bordslampa-37cm-gul\/"},"modified":"2026-03-03T10:14:42","modified_gmt":"2026-03-03T08:14:42","slug":"uno-bordslampa-37cm-gul","status":"publish","type":"product","link":"https:\/\/shop.noor.fi\/sv\/produkt\/uno-bordslampa-37cm-gul\/","title":{"rendered":"Uno bordslampa 37cm gul"},"content":{"rendered":"<p>Bordslampa Uno \u00e4r gjord i keramik och med en matt, enf\u00e4rgad lampstomme. Medf\u00f6ljande lampsk\u00e4rm \u00e4r i polyester och \u00e4r 16 cm i diameter och h\u00f6jd.<br \/>\nUno \u00e4r slimmad och smidig och det g\u00f6r att den \u00e4r v\u00e4ldigt l\u00e4ttplacerad, t.ex. p\u00e5 en f\u00f6nsterbr\u00e4da.<br \/>\nLampan har en 170 cm l\u00e5ng svart plastsladd med str\u00f6mbrytare.<br \/>\nE14, max 15W. Ljusk\u00e4lla och lampsk\u00e4rm ing\u00e5r ej.<\/p>\n<p>Diameter 16 cm<br \/>\nH\u00f6jd 37 cm<\/p>\n","protected":false},"excerpt":{"rendered":"<p>Bordslampa Uno \u00e4r gjord i keramik och med en matt, enf\u00e4rgad lampstomme. Medf\u00f6ljande lampsk\u00e4rm \u00e4r i polyester och \u00e4r 16 cm i diameter och h\u00f6jd. Uno \u00e4r slimmad och smidig och det g\u00f6r att den \u00e4r v\u00e4ldigt l\u00e4ttplacerad, t.ex. p\u00e5 en f\u00f6nsterbr\u00e4da. Lampan har en 170 cm l\u00e5ng svart plastsladd med str\u00f6mbrytare. E14, max 15W. [&hellip;]<\/p>\n","protected":false},"featured_media":141211,"comment_status":"open","ping_status":"closed","template":"","meta":{"_acf_changed":false,"_relevanssi_hide_post":"","_relevanssi_hide_content":"","_relevanssi_pin_for_all":"","_relevanssi_pin_keywords":"","_relevanssi_unpin_keywords":"","_relevanssi_related_keywords":"","_relevanssi_related_include_ids":"","_relevanssi_related_exclude_ids":"","_relevanssi_related_no_append":"","_relevanssi_related_not_related":"","_relevanssi_related_posts":"","_relevanssi_noindex_reason":""},"pwb-brand":[28732],"product_brand":[],"product_cat":[32105,32129],"product_tag":[],"class_list":{"0":"post-140716","1":"product","2":"type-product","3":"status-publish","4":"has-post-thumbnail","6":"pwb-brand-pr-home","7":"product_cat-bordslampor","8":"product_cat-inomhusbelysning-sv","10":"first","11":"onbackorder","12":"taxable","13":"shipping-taxable","14":"purchasable","15":"product-type-simple"},"acf":[],"yoast_head":"<!-- This site is optimized with the Yoast SEO plugin v27.5 - https:\/\/yoast.com\/product\/yoast-seo-wordpress\/ -->\n<title>Uno bordslampa 37cm gul - Oy Noortrade Ab<\/title>\n<meta name=\"robots\" content=\"index, follow, max-snippet:-1, max-image-preview:large, max-video-preview:-1\" \/>\n<link rel=\"canonical\" href=\"https:\/\/shop.noor.fi\/produkt\/uno-poytavalaisin-37cm-keltainen\/\" \/>\n<meta property=\"og:locale\" content=\"sv_SE\" \/>\n<meta property=\"og:type\" content=\"article\" \/>\n<meta property=\"og:title\" content=\"Uno bordslampa 37cm gul - Oy Noortrade Ab\" \/>\n<meta property=\"og:description\" content=\"Bordslampa Uno \u00e4r gjord i keramik och med en matt, enf\u00e4rgad lampstomme. Medf\u00f6ljande lampsk\u00e4rm \u00e4r i polyester och \u00e4r 16 cm i diameter och h\u00f6jd. Uno \u00e4r slimmad och smidig och det g\u00f6r att den \u00e4r v\u00e4ldigt l\u00e4ttplacerad, t.ex. p\u00e5 en f\u00f6nsterbr\u00e4da. Lampan har en 170 cm l\u00e5ng svart plastsladd med str\u00f6mbrytare. E14, max 15W. [&hellip;]\" \/>\n<meta property=\"og:url\" content=\"https:\/\/shop.noor.fi\/produkt\/uno-poytavalaisin-37cm-keltainen\/\" \/>\n<meta property=\"og:site_name\" content=\"Oy Noortrade Ab\" \/>\n<meta property=\"article:modified_time\" content=\"2026-03-03T08:14:42+00:00\" \/>\n<meta property=\"og:image\" content=\"https:\/\/shop.noor.fi\/wp-content\/uploads\/2025\/11\/PR-43037003.jpg\" \/>\n\t<meta property=\"og:image:width\" content=\"908\" \/>\n\t<meta property=\"og:image:height\" content=\"1210\" \/>\n\t<meta property=\"og:image:type\" content=\"image\/jpeg\" \/>\n<meta name=\"twitter:card\" content=\"summary_large_image\" \/>\n<script type=\"application\/ld+json\" class=\"yoast-schema-graph\">{\"@context\":\"https:\\\/\\\/schema.org\",\"@graph\":[{\"@type\":\"WebPage\",\"@id\":\"https:\\\/\\\/shop.noor.fi\\\/produkt\\\/uno-poytavalaisin-37cm-keltainen\\\/\",\"url\":\"https:\\\/\\\/shop.noor.fi\\\/produkt\\\/uno-poytavalaisin-37cm-keltainen\\\/\",\"name\":\"Uno bordslampa 37cm gul - Oy Noortrade Ab\",\"isPartOf\":{\"@id\":\"https:\\\/\\\/shopnoorfi-wp31835.test.cchosting.fi\\\/#website\"},\"primaryImageOfPage\":{\"@id\":\"https:\\\/\\\/shop.noor.fi\\\/produkt\\\/uno-poytavalaisin-37cm-keltainen\\\/#primaryimage\"},\"image\":{\"@id\":\"https:\\\/\\\/shop.noor.fi\\\/produkt\\\/uno-poytavalaisin-37cm-keltainen\\\/#primaryimage\"},\"thumbnailUrl\":\"https:\\\/\\\/shop.noor.fi\\\/wp-content\\\/uploads\\\/2025\\\/11\\\/PR-43037003.jpg\",\"datePublished\":\"2025-11-07T10:55:18+00:00\",\"dateModified\":\"2026-03-03T08:14:42+00:00\",\"breadcrumb\":{\"@id\":\"https:\\\/\\\/shop.noor.fi\\\/produkt\\\/uno-poytavalaisin-37cm-keltainen\\\/#breadcrumb\"},\"inLanguage\":\"sv-SE\",\"potentialAction\":[{\"@type\":\"ReadAction\",\"target\":[\"https:\\\/\\\/shop.noor.fi\\\/produkt\\\/uno-poytavalaisin-37cm-keltainen\\\/\"]}]},{\"@type\":\"ImageObject\",\"inLanguage\":\"sv-SE\",\"@id\":\"https:\\\/\\\/shop.noor.fi\\\/produkt\\\/uno-poytavalaisin-37cm-keltainen\\\/#primaryimage\",\"url\":\"https:\\\/\\\/shop.noor.fi\\\/wp-content\\\/uploads\\\/2025\\\/11\\\/PR-43037003.jpg\",\"contentUrl\":\"https:\\\/\\\/shop.noor.fi\\\/wp-content\\\/uploads\\\/2025\\\/11\\\/PR-43037003.jpg\",\"width\":908,\"height\":1210},{\"@type\":\"BreadcrumbList\",\"@id\":\"https:\\\/\\\/shop.noor.fi\\\/produkt\\\/uno-poytavalaisin-37cm-keltainen\\\/#breadcrumb\",\"itemListElement\":[{\"@type\":\"ListItem\",\"position\":1,\"name\":\"Etusivu\",\"item\":\"https:\\\/\\\/shop.noor.fi\\\/sv\\\/\"},{\"@type\":\"ListItem\",\"position\":2,\"name\":\"Butik\",\"item\":\"https:\\\/\\\/shopnoorfi-wp31835.test.cchosting.fi\\\/sv\\\/butik\\\/\"},{\"@type\":\"ListItem\",\"position\":3,\"name\":\"Uno bordslampa 37cm gul\"}]},{\"@type\":\"WebSite\",\"@id\":\"https:\\\/\\\/shopnoorfi-wp31835.test.cchosting.fi\\\/#website\",\"url\":\"https:\\\/\\\/shopnoorfi-wp31835.test.cchosting.fi\\\/\",\"name\":\"Oy Noortrade Ab\",\"description\":\"Finnish family owned company with over 30 years of professional experience in lighting &amp; interior products import and sales - reliably.\",\"publisher\":{\"@id\":\"https:\\\/\\\/shopnoorfi-wp31835.test.cchosting.fi\\\/#organization\"},\"potentialAction\":[{\"@type\":\"SearchAction\",\"target\":{\"@type\":\"EntryPoint\",\"urlTemplate\":\"https:\\\/\\\/shopnoorfi-wp31835.test.cchosting.fi\\\/?s={search_term_string}\"},\"query-input\":{\"@type\":\"PropertyValueSpecification\",\"valueRequired\":true,\"valueName\":\"search_term_string\"}}],\"inLanguage\":\"sv-SE\"},{\"@type\":\"Organization\",\"@id\":\"https:\\\/\\\/shopnoorfi-wp31835.test.cchosting.fi\\\/#organization\",\"name\":\"Oy Noortrade Ab\",\"url\":\"https:\\\/\\\/shopnoorfi-wp31835.test.cchosting.fi\\\/\",\"logo\":{\"@type\":\"ImageObject\",\"inLanguage\":\"sv-SE\",\"@id\":\"https:\\\/\\\/shopnoorfi-wp31835.test.cchosting.fi\\\/#\\\/schema\\\/logo\\\/image\\\/\",\"url\":\"https:\\\/\\\/shop.noor.fi\\\/wp-content\\\/uploads\\\/2024\\\/01\\\/Oy-Noortrade-Ab-Corbel-VERSAL-bold-BLACK.png\",\"contentUrl\":\"https:\\\/\\\/shop.noor.fi\\\/wp-content\\\/uploads\\\/2024\\\/01\\\/Oy-Noortrade-Ab-Corbel-VERSAL-bold-BLACK.png\",\"width\":721,\"height\":177,\"caption\":\"Oy Noortrade Ab\"},\"image\":{\"@id\":\"https:\\\/\\\/shopnoorfi-wp31835.test.cchosting.fi\\\/#\\\/schema\\\/logo\\\/image\\\/\"}}]}<\/script>\n<!-- \/ Yoast SEO plugin. -->","yoast_head_json":{"title":"Uno bordslampa 37cm gul - Oy Noortrade Ab","robots":{"index":"index","follow":"follow","max-snippet":"max-snippet:-1","max-image-preview":"max-image-preview:large","max-video-preview":"max-video-preview:-1"},"canonical":"https:\/\/shop.noor.fi\/produkt\/uno-poytavalaisin-37cm-keltainen\/","og_locale":"sv_SE","og_type":"article","og_title":"Uno bordslampa 37cm gul - Oy Noortrade Ab","og_description":"Bordslampa Uno \u00e4r gjord i keramik och med en matt, enf\u00e4rgad lampstomme. Medf\u00f6ljande lampsk\u00e4rm \u00e4r i polyester och \u00e4r 16 cm i diameter och h\u00f6jd. Uno \u00e4r slimmad och smidig och det g\u00f6r att den \u00e4r v\u00e4ldigt l\u00e4ttplacerad, t.ex. p\u00e5 en f\u00f6nsterbr\u00e4da. Lampan har en 170 cm l\u00e5ng svart plastsladd med str\u00f6mbrytare. E14, max 15W. [&hellip;]","og_url":"https:\/\/shop.noor.fi\/produkt\/uno-poytavalaisin-37cm-keltainen\/","og_site_name":"Oy Noortrade Ab","article_modified_time":"2026-03-03T08:14:42+00:00","og_image":[{"width":908,"height":1210,"url":"https:\/\/shop.noor.fi\/wp-content\/uploads\/2025\/11\/PR-43037003.jpg","type":"image\/jpeg"}],"twitter_card":"summary_large_image","schema":{"@context":"https:\/\/schema.org","@graph":[{"@type":"WebPage","@id":"https:\/\/shop.noor.fi\/produkt\/uno-poytavalaisin-37cm-keltainen\/","url":"https:\/\/shop.noor.fi\/produkt\/uno-poytavalaisin-37cm-keltainen\/","name":"Uno bordslampa 37cm gul - Oy Noortrade Ab","isPartOf":{"@id":"https:\/\/shopnoorfi-wp31835.test.cchosting.fi\/#website"},"primaryImageOfPage":{"@id":"https:\/\/shop.noor.fi\/produkt\/uno-poytavalaisin-37cm-keltainen\/#primaryimage"},"image":{"@id":"https:\/\/shop.noor.fi\/produkt\/uno-poytavalaisin-37cm-keltainen\/#primaryimage"},"thumbnailUrl":"https:\/\/shop.noor.fi\/wp-content\/uploads\/2025\/11\/PR-43037003.jpg","datePublished":"2025-11-07T10:55:18+00:00","dateModified":"2026-03-03T08:14:42+00:00","breadcrumb":{"@id":"https:\/\/shop.noor.fi\/produkt\/uno-poytavalaisin-37cm-keltainen\/#breadcrumb"},"inLanguage":"sv-SE","potentialAction":[{"@type":"ReadAction","target":["https:\/\/shop.noor.fi\/produkt\/uno-poytavalaisin-37cm-keltainen\/"]}]},{"@type":"ImageObject","inLanguage":"sv-SE","@id":"https:\/\/shop.noor.fi\/produkt\/uno-poytavalaisin-37cm-keltainen\/#primaryimage","url":"https:\/\/shop.noor.fi\/wp-content\/uploads\/2025\/11\/PR-43037003.jpg","contentUrl":"https:\/\/shop.noor.fi\/wp-content\/uploads\/2025\/11\/PR-43037003.jpg","width":908,"height":1210},{"@type":"BreadcrumbList","@id":"https:\/\/shop.noor.fi\/produkt\/uno-poytavalaisin-37cm-keltainen\/#breadcrumb","itemListElement":[{"@type":"ListItem","position":1,"name":"Etusivu","item":"https:\/\/shop.noor.fi\/sv\/"},{"@type":"ListItem","position":2,"name":"Butik","item":"https:\/\/shopnoorfi-wp31835.test.cchosting.fi\/sv\/butik\/"},{"@type":"ListItem","position":3,"name":"Uno bordslampa 37cm gul"}]},{"@type":"WebSite","@id":"https:\/\/shopnoorfi-wp31835.test.cchosting.fi\/#website","url":"https:\/\/shopnoorfi-wp31835.test.cchosting.fi\/","name":"Oy Noortrade Ab","description":"Finnish family owned company with over 30 years of professional experience in lighting &amp; interior products import and sales - reliably.","publisher":{"@id":"https:\/\/shopnoorfi-wp31835.test.cchosting.fi\/#organization"},"potentialAction":[{"@type":"SearchAction","target":{"@type":"EntryPoint","urlTemplate":"https:\/\/shopnoorfi-wp31835.test.cchosting.fi\/?s={search_term_string}"},"query-input":{"@type":"PropertyValueSpecification","valueRequired":true,"valueName":"search_term_string"}}],"inLanguage":"sv-SE"},{"@type":"Organization","@id":"https:\/\/shopnoorfi-wp31835.test.cchosting.fi\/#organization","name":"Oy Noortrade Ab","url":"https:\/\/shopnoorfi-wp31835.test.cchosting.fi\/","logo":{"@type":"ImageObject","inLanguage":"sv-SE","@id":"https:\/\/shopnoorfi-wp31835.test.cchosting.fi\/#\/schema\/logo\/image\/","url":"https:\/\/shop.noor.fi\/wp-content\/uploads\/2024\/01\/Oy-Noortrade-Ab-Corbel-VERSAL-bold-BLACK.png","contentUrl":"https:\/\/shop.noor.fi\/wp-content\/uploads\/2024\/01\/Oy-Noortrade-Ab-Corbel-VERSAL-bold-BLACK.png","width":721,"height":177,"caption":"Oy Noortrade Ab"},"image":{"@id":"https:\/\/shopnoorfi-wp31835.test.cchosting.fi\/#\/schema\/logo\/image\/"}}]}},"brands":[{"id":28732,"name":"PR Home","slug":"pr-home"}],"_links":{"self":[{"href":"https:\/\/shop.noor.fi\/sv\/wp-json\/wp\/v2\/product\/140716","targetHints":{"allow":["GET"]}}],"collection":[{"href":"https:\/\/shop.noor.fi\/sv\/wp-json\/wp\/v2\/product"}],"about":[{"href":"https:\/\/shop.noor.fi\/sv\/wp-json\/wp\/v2\/types\/product"}],"replies":[{"embeddable":true,"href":"https:\/\/shop.noor.fi\/sv\/wp-json\/wp\/v2\/comments?post=140716"}],"wp:featuredmedia":[{"embeddable":true,"href":"https:\/\/shop.noor.fi\/sv\/wp-json\/wp\/v2\/media\/141211"}],"wp:attachment":[{"href":"https:\/\/shop.noor.fi\/sv\/wp-json\/wp\/v2\/media?parent=140716"}],"wp:term":[{"taxonomy":"pwb-brand","embeddable":true,"href":"https:\/\/shop.noor.fi\/sv\/wp-json\/wp\/v2\/pwb-brand?post=140716"},{"taxonomy":"product_brand","embeddable":true,"href":"https:\/\/shop.noor.fi\/sv\/wp-json\/wp\/v2\/product_brand?post=140716"},{"taxonomy":"product_cat","embeddable":true,"href":"https:\/\/shop.noor.fi\/sv\/wp-json\/wp\/v2\/product_cat?post=140716"},{"taxonomy":"product_tag","embeddable":true,"href":"https:\/\/shop.noor.fi\/sv\/wp-json\/wp\/v2\/product_tag?post=140716"}],"curies":[{"name":"wp","href":"https:\/\/api.w.org\/{rel}","templated":true}]}}