{"id":140674,"date":"2025-11-07T12:56:12","date_gmt":"2025-11-07T10:56:12","guid":{"rendered":"https:\/\/shop.noor.fi\/product\/august-vagglampa-ip23-25cm-opal\/"},"modified":"2026-05-05T10:01:41","modified_gmt":"2026-05-05T07:01:41","slug":"august-vagglampa-ip23-25cm-opal","status":"publish","type":"product","link":"https:\/\/shop.noor.fi\/sv\/produkt\/august-vagglampa-ip23-25cm-opal\/","title":{"rendered":"August v\u00e4gglampa IP23 25cm opal"},"content":{"rendered":"<p>Ge badrummet en tidl\u00f6s och stilren uppgradering med en v\u00e4gglampa som kombinerar klassisk form med modern funktionalitet. Den h\u00e4r skomakarlampan \u00e4r s\u00e4rskilt anpassad f\u00f6r badrum och har en elegant glassk\u00e4rm p\u00e5 25 cm i diameter, som sprider ljuset mjukt och j\u00e4mnt. V\u00e4ggf\u00e4stet i borstad m\u00e4ssing ger ett varmt, sofistikerat uttryck som passar perfekt i b\u00e5de traditionella och moderna badrumsmilj\u00f6er. Lampan \u00e4r IP23-klassad, vilket inneb\u00e4r att den \u00e4r skyddad mot vattenst\u00e4nk och d\u00e4rmed l\u00e4mplig f\u00f6r placering i badrum enligt g\u00e4llande elstandard. En stilren och funktionell l\u00f6sning f\u00f6r dig som s\u00f6ker b\u00e5de design och trygghet i badrumsbelysningen.<br \/>\nFast installation.<br \/>\nE27, max 15W. Ljusk\u00e4lla ing\u00e5r ej.<\/p>\n<p>Bredd 25 cm<br \/>\nDjup 38 cm<br \/>\nH\u00f6jd 25 cm<\/p>\n","protected":false},"excerpt":{"rendered":"<p>Ge badrummet en tidl\u00f6s och stilren uppgradering med en v\u00e4gglampa som kombinerar klassisk form med modern funktionalitet. Den h\u00e4r skomakarlampan \u00e4r s\u00e4rskilt anpassad f\u00f6r badrum och har en elegant glassk\u00e4rm p\u00e5 25 cm i diameter, som sprider ljuset mjukt och j\u00e4mnt. V\u00e4ggf\u00e4stet i borstad m\u00e4ssing ger ett varmt, sofistikerat uttryck som passar perfekt i b\u00e5de [&hellip;]<\/p>\n","protected":false},"featured_media":141085,"comment_status":"open","ping_status":"closed","template":"","meta":{"_acf_changed":false,"_relevanssi_hide_post":"","_relevanssi_hide_content":"","_relevanssi_pin_for_all":"","_relevanssi_pin_keywords":"","_relevanssi_unpin_keywords":"","_relevanssi_related_keywords":"","_relevanssi_related_include_ids":"","_relevanssi_related_exclude_ids":"","_relevanssi_related_no_append":"","_relevanssi_related_not_related":"","_relevanssi_related_posts":"","_relevanssi_noindex_reason":""},"pwb-brand":[28732],"product_brand":[],"product_cat":[31793,32120,32129,31804],"product_tag":[],"class_list":{"0":"post-140674","1":"product","2":"type-product","3":"status-publish","4":"has-post-thumbnail","6":"pwb-brand-pr-home","7":"product_cat-sisavalaisimet-uutuudet","8":"product_cat-vagglampor","9":"product_cat-inomhusbelysning-sv","10":"product_cat-seinavalaisimet","12":"first","13":"onbackorder","14":"taxable","15":"shipping-taxable","16":"purchasable","17":"product-type-simple"},"acf":[],"yoast_head":"<!-- This site is optimized with the Yoast SEO plugin v27.5 - https:\/\/yoast.com\/product\/yoast-seo-wordpress\/ -->\n<title>August v\u00e4gglampa IP23 25cm opal - Oy Noortrade Ab<\/title>\n<meta name=\"robots\" content=\"index, follow, max-snippet:-1, max-image-preview:large, max-video-preview:-1\" \/>\n<link rel=\"canonical\" href=\"https:\/\/shop.noor.fi\/produkt\/august-seinavalaisin-ip23-25cm-opaali\/\" \/>\n<meta property=\"og:locale\" content=\"sv_SE\" \/>\n<meta property=\"og:type\" content=\"article\" \/>\n<meta property=\"og:title\" content=\"August v\u00e4gglampa IP23 25cm opal - Oy Noortrade Ab\" \/>\n<meta property=\"og:description\" content=\"Ge badrummet en tidl\u00f6s och stilren uppgradering med en v\u00e4gglampa som kombinerar klassisk form med modern funktionalitet. Den h\u00e4r skomakarlampan \u00e4r s\u00e4rskilt anpassad f\u00f6r badrum och har en elegant glassk\u00e4rm p\u00e5 25 cm i diameter, som sprider ljuset mjukt och j\u00e4mnt. V\u00e4ggf\u00e4stet i borstad m\u00e4ssing ger ett varmt, sofistikerat uttryck som passar perfekt i b\u00e5de [&hellip;]\" \/>\n<meta property=\"og:url\" content=\"https:\/\/shop.noor.fi\/produkt\/august-seinavalaisin-ip23-25cm-opaali\/\" \/>\n<meta property=\"og:site_name\" content=\"Oy Noortrade Ab\" \/>\n<meta property=\"article:modified_time\" content=\"2026-05-05T07:01:41+00:00\" \/>\n<meta property=\"og:image\" content=\"https:\/\/shop.noor.fi\/wp-content\/uploads\/2025\/11\/PR-3162507.jpg\" \/>\n\t<meta property=\"og:image:width\" content=\"908\" \/>\n\t<meta property=\"og:image:height\" content=\"1210\" \/>\n\t<meta property=\"og:image:type\" content=\"image\/jpeg\" \/>\n<meta name=\"twitter:card\" content=\"summary_large_image\" \/>\n<meta name=\"twitter:label1\" content=\"Ber\u00e4knad l\u00e4stid\" \/>\n\t<meta name=\"twitter:data1\" content=\"1 minut\" \/>\n<script type=\"application\/ld+json\" class=\"yoast-schema-graph\">{\"@context\":\"https:\\\/\\\/schema.org\",\"@graph\":[{\"@type\":\"WebPage\",\"@id\":\"https:\\\/\\\/shop.noor.fi\\\/produkt\\\/august-seinavalaisin-ip23-25cm-opaali\\\/\",\"url\":\"https:\\\/\\\/shop.noor.fi\\\/produkt\\\/august-seinavalaisin-ip23-25cm-opaali\\\/\",\"name\":\"August v\u00e4gglampa IP23 25cm opal - Oy Noortrade Ab\",\"isPartOf\":{\"@id\":\"https:\\\/\\\/shopnoorfi-wp31835.test.cchosting.fi\\\/#website\"},\"primaryImageOfPage\":{\"@id\":\"https:\\\/\\\/shop.noor.fi\\\/produkt\\\/august-seinavalaisin-ip23-25cm-opaali\\\/#primaryimage\"},\"image\":{\"@id\":\"https:\\\/\\\/shop.noor.fi\\\/produkt\\\/august-seinavalaisin-ip23-25cm-opaali\\\/#primaryimage\"},\"thumbnailUrl\":\"https:\\\/\\\/shop.noor.fi\\\/wp-content\\\/uploads\\\/2025\\\/11\\\/PR-3162507.jpg\",\"datePublished\":\"2025-11-07T10:56:12+00:00\",\"dateModified\":\"2026-05-05T07:01:41+00:00\",\"breadcrumb\":{\"@id\":\"https:\\\/\\\/shop.noor.fi\\\/produkt\\\/august-seinavalaisin-ip23-25cm-opaali\\\/#breadcrumb\"},\"inLanguage\":\"sv-SE\",\"potentialAction\":[{\"@type\":\"ReadAction\",\"target\":[\"https:\\\/\\\/shop.noor.fi\\\/produkt\\\/august-seinavalaisin-ip23-25cm-opaali\\\/\"]}]},{\"@type\":\"ImageObject\",\"inLanguage\":\"sv-SE\",\"@id\":\"https:\\\/\\\/shop.noor.fi\\\/produkt\\\/august-seinavalaisin-ip23-25cm-opaali\\\/#primaryimage\",\"url\":\"https:\\\/\\\/shop.noor.fi\\\/wp-content\\\/uploads\\\/2025\\\/11\\\/PR-3162507.jpg\",\"contentUrl\":\"https:\\\/\\\/shop.noor.fi\\\/wp-content\\\/uploads\\\/2025\\\/11\\\/PR-3162507.jpg\",\"width\":908,\"height\":1210},{\"@type\":\"BreadcrumbList\",\"@id\":\"https:\\\/\\\/shop.noor.fi\\\/produkt\\\/august-seinavalaisin-ip23-25cm-opaali\\\/#breadcrumb\",\"itemListElement\":[{\"@type\":\"ListItem\",\"position\":1,\"name\":\"Etusivu\",\"item\":\"https:\\\/\\\/shop.noor.fi\\\/sv\\\/\"},{\"@type\":\"ListItem\",\"position\":2,\"name\":\"Butik\",\"item\":\"https:\\\/\\\/shopnoorfi-wp31835.test.cchosting.fi\\\/sv\\\/butik\\\/\"},{\"@type\":\"ListItem\",\"position\":3,\"name\":\"August v\u00e4gglampa IP23 25cm opal\"}]},{\"@type\":\"WebSite\",\"@id\":\"https:\\\/\\\/shopnoorfi-wp31835.test.cchosting.fi\\\/#website\",\"url\":\"https:\\\/\\\/shopnoorfi-wp31835.test.cchosting.fi\\\/\",\"name\":\"Oy Noortrade Ab\",\"description\":\"Finnish family owned company with over 30 years of professional experience in lighting &amp; interior products import and sales - reliably.\",\"publisher\":{\"@id\":\"https:\\\/\\\/shopnoorfi-wp31835.test.cchosting.fi\\\/#organization\"},\"potentialAction\":[{\"@type\":\"SearchAction\",\"target\":{\"@type\":\"EntryPoint\",\"urlTemplate\":\"https:\\\/\\\/shopnoorfi-wp31835.test.cchosting.fi\\\/?s={search_term_string}\"},\"query-input\":{\"@type\":\"PropertyValueSpecification\",\"valueRequired\":true,\"valueName\":\"search_term_string\"}}],\"inLanguage\":\"sv-SE\"},{\"@type\":\"Organization\",\"@id\":\"https:\\\/\\\/shopnoorfi-wp31835.test.cchosting.fi\\\/#organization\",\"name\":\"Oy Noortrade Ab\",\"url\":\"https:\\\/\\\/shopnoorfi-wp31835.test.cchosting.fi\\\/\",\"logo\":{\"@type\":\"ImageObject\",\"inLanguage\":\"sv-SE\",\"@id\":\"https:\\\/\\\/shopnoorfi-wp31835.test.cchosting.fi\\\/#\\\/schema\\\/logo\\\/image\\\/\",\"url\":\"https:\\\/\\\/shop.noor.fi\\\/wp-content\\\/uploads\\\/2024\\\/01\\\/Oy-Noortrade-Ab-Corbel-VERSAL-bold-BLACK.png\",\"contentUrl\":\"https:\\\/\\\/shop.noor.fi\\\/wp-content\\\/uploads\\\/2024\\\/01\\\/Oy-Noortrade-Ab-Corbel-VERSAL-bold-BLACK.png\",\"width\":721,\"height\":177,\"caption\":\"Oy Noortrade Ab\"},\"image\":{\"@id\":\"https:\\\/\\\/shopnoorfi-wp31835.test.cchosting.fi\\\/#\\\/schema\\\/logo\\\/image\\\/\"}}]}<\/script>\n<!-- \/ Yoast SEO plugin. -->","yoast_head_json":{"title":"August v\u00e4gglampa IP23 25cm opal - Oy Noortrade Ab","robots":{"index":"index","follow":"follow","max-snippet":"max-snippet:-1","max-image-preview":"max-image-preview:large","max-video-preview":"max-video-preview:-1"},"canonical":"https:\/\/shop.noor.fi\/produkt\/august-seinavalaisin-ip23-25cm-opaali\/","og_locale":"sv_SE","og_type":"article","og_title":"August v\u00e4gglampa IP23 25cm opal - Oy Noortrade Ab","og_description":"Ge badrummet en tidl\u00f6s och stilren uppgradering med en v\u00e4gglampa som kombinerar klassisk form med modern funktionalitet. Den h\u00e4r skomakarlampan \u00e4r s\u00e4rskilt anpassad f\u00f6r badrum och har en elegant glassk\u00e4rm p\u00e5 25 cm i diameter, som sprider ljuset mjukt och j\u00e4mnt. V\u00e4ggf\u00e4stet i borstad m\u00e4ssing ger ett varmt, sofistikerat uttryck som passar perfekt i b\u00e5de [&hellip;]","og_url":"https:\/\/shop.noor.fi\/produkt\/august-seinavalaisin-ip23-25cm-opaali\/","og_site_name":"Oy Noortrade Ab","article_modified_time":"2026-05-05T07:01:41+00:00","og_image":[{"width":908,"height":1210,"url":"https:\/\/shop.noor.fi\/wp-content\/uploads\/2025\/11\/PR-3162507.jpg","type":"image\/jpeg"}],"twitter_card":"summary_large_image","twitter_misc":{"Ber\u00e4knad l\u00e4stid":"1 minut"},"schema":{"@context":"https:\/\/schema.org","@graph":[{"@type":"WebPage","@id":"https:\/\/shop.noor.fi\/produkt\/august-seinavalaisin-ip23-25cm-opaali\/","url":"https:\/\/shop.noor.fi\/produkt\/august-seinavalaisin-ip23-25cm-opaali\/","name":"August v\u00e4gglampa IP23 25cm opal - Oy Noortrade Ab","isPartOf":{"@id":"https:\/\/shopnoorfi-wp31835.test.cchosting.fi\/#website"},"primaryImageOfPage":{"@id":"https:\/\/shop.noor.fi\/produkt\/august-seinavalaisin-ip23-25cm-opaali\/#primaryimage"},"image":{"@id":"https:\/\/shop.noor.fi\/produkt\/august-seinavalaisin-ip23-25cm-opaali\/#primaryimage"},"thumbnailUrl":"https:\/\/shop.noor.fi\/wp-content\/uploads\/2025\/11\/PR-3162507.jpg","datePublished":"2025-11-07T10:56:12+00:00","dateModified":"2026-05-05T07:01:41+00:00","breadcrumb":{"@id":"https:\/\/shop.noor.fi\/produkt\/august-seinavalaisin-ip23-25cm-opaali\/#breadcrumb"},"inLanguage":"sv-SE","potentialAction":[{"@type":"ReadAction","target":["https:\/\/shop.noor.fi\/produkt\/august-seinavalaisin-ip23-25cm-opaali\/"]}]},{"@type":"ImageObject","inLanguage":"sv-SE","@id":"https:\/\/shop.noor.fi\/produkt\/august-seinavalaisin-ip23-25cm-opaali\/#primaryimage","url":"https:\/\/shop.noor.fi\/wp-content\/uploads\/2025\/11\/PR-3162507.jpg","contentUrl":"https:\/\/shop.noor.fi\/wp-content\/uploads\/2025\/11\/PR-3162507.jpg","width":908,"height":1210},{"@type":"BreadcrumbList","@id":"https:\/\/shop.noor.fi\/produkt\/august-seinavalaisin-ip23-25cm-opaali\/#breadcrumb","itemListElement":[{"@type":"ListItem","position":1,"name":"Etusivu","item":"https:\/\/shop.noor.fi\/sv\/"},{"@type":"ListItem","position":2,"name":"Butik","item":"https:\/\/shopnoorfi-wp31835.test.cchosting.fi\/sv\/butik\/"},{"@type":"ListItem","position":3,"name":"August v\u00e4gglampa IP23 25cm opal"}]},{"@type":"WebSite","@id":"https:\/\/shopnoorfi-wp31835.test.cchosting.fi\/#website","url":"https:\/\/shopnoorfi-wp31835.test.cchosting.fi\/","name":"Oy Noortrade Ab","description":"Finnish family owned company with over 30 years of professional experience in lighting &amp; interior products import and sales - reliably.","publisher":{"@id":"https:\/\/shopnoorfi-wp31835.test.cchosting.fi\/#organization"},"potentialAction":[{"@type":"SearchAction","target":{"@type":"EntryPoint","urlTemplate":"https:\/\/shopnoorfi-wp31835.test.cchosting.fi\/?s={search_term_string}"},"query-input":{"@type":"PropertyValueSpecification","valueRequired":true,"valueName":"search_term_string"}}],"inLanguage":"sv-SE"},{"@type":"Organization","@id":"https:\/\/shopnoorfi-wp31835.test.cchosting.fi\/#organization","name":"Oy Noortrade Ab","url":"https:\/\/shopnoorfi-wp31835.test.cchosting.fi\/","logo":{"@type":"ImageObject","inLanguage":"sv-SE","@id":"https:\/\/shopnoorfi-wp31835.test.cchosting.fi\/#\/schema\/logo\/image\/","url":"https:\/\/shop.noor.fi\/wp-content\/uploads\/2024\/01\/Oy-Noortrade-Ab-Corbel-VERSAL-bold-BLACK.png","contentUrl":"https:\/\/shop.noor.fi\/wp-content\/uploads\/2024\/01\/Oy-Noortrade-Ab-Corbel-VERSAL-bold-BLACK.png","width":721,"height":177,"caption":"Oy Noortrade Ab"},"image":{"@id":"https:\/\/shopnoorfi-wp31835.test.cchosting.fi\/#\/schema\/logo\/image\/"}}]}},"brands":[{"id":28732,"name":"PR Home","slug":"pr-home"}],"_links":{"self":[{"href":"https:\/\/shop.noor.fi\/sv\/wp-json\/wp\/v2\/product\/140674","targetHints":{"allow":["GET"]}}],"collection":[{"href":"https:\/\/shop.noor.fi\/sv\/wp-json\/wp\/v2\/product"}],"about":[{"href":"https:\/\/shop.noor.fi\/sv\/wp-json\/wp\/v2\/types\/product"}],"replies":[{"embeddable":true,"href":"https:\/\/shop.noor.fi\/sv\/wp-json\/wp\/v2\/comments?post=140674"}],"wp:featuredmedia":[{"embeddable":true,"href":"https:\/\/shop.noor.fi\/sv\/wp-json\/wp\/v2\/media\/141085"}],"wp:attachment":[{"href":"https:\/\/shop.noor.fi\/sv\/wp-json\/wp\/v2\/media?parent=140674"}],"wp:term":[{"taxonomy":"pwb-brand","embeddable":true,"href":"https:\/\/shop.noor.fi\/sv\/wp-json\/wp\/v2\/pwb-brand?post=140674"},{"taxonomy":"product_brand","embeddable":true,"href":"https:\/\/shop.noor.fi\/sv\/wp-json\/wp\/v2\/product_brand?post=140674"},{"taxonomy":"product_cat","embeddable":true,"href":"https:\/\/shop.noor.fi\/sv\/wp-json\/wp\/v2\/product_cat?post=140674"},{"taxonomy":"product_tag","embeddable":true,"href":"https:\/\/shop.noor.fi\/sv\/wp-json\/wp\/v2\/product_tag?post=140674"}],"curies":[{"name":"wp","href":"https:\/\/api.w.org\/{rel}","templated":true}]}}