{"id":140656,"date":"2025-11-07T12:56:18","date_gmt":"2025-11-07T10:56:18","guid":{"rendered":"https:\/\/shop.noor.fi\/product\/omera-lampskarm-20cm-ang-multifarg\/"},"modified":"2026-03-21T15:14:49","modified_gmt":"2026-03-21T13:14:49","slug":"omera-lampskarm-20cm-ang-multifarg","status":"publish","type":"product","link":"https:\/\/shop.noor.fi\/sv\/produkt\/omera-lampskarm-20cm-ang-multifarg\/","title":{"rendered":"Omera lampsk\u00e4rm 20cm \u00c4ng multif\u00e4rg"},"content":{"rendered":"<p>Omera lampsk\u00e4rm med ett klassiskt m\u00f6nster av sommarblommor i harmoniska f\u00e4rger som skapar stilen b\u00e5de i det klassiska och det lantliga hemmet. Lampsk\u00e4rmen \u00e4r oval med en l\u00e4tt avsmalnande form vilket f\u00f6r at den passar f\u00f6r smala utrymmen.<br \/>\nDenna modell har ett klof\u00e4ste som f\u00e4stes direkt p\u00e5 ljusk\u00e4llan. <\/p>\n<p>Bredd 20 cm \/ 16 cm<br \/>\nDjup 13 cm \/ 10 cm<br \/>\nH\u00f6jd 14 cm<\/p>\n","protected":false},"excerpt":{"rendered":"<p>Omera lampsk\u00e4rm med ett klassiskt m\u00f6nster av sommarblommor i harmoniska f\u00e4rger som skapar stilen b\u00e5de i det klassiska och det lantliga hemmet. Lampsk\u00e4rmen \u00e4r oval med en l\u00e4tt avsmalnande form vilket f\u00f6r at den passar f\u00f6r smala utrymmen. Denna modell har ett klof\u00e4ste som f\u00e4stes direkt p\u00e5 ljusk\u00e4llan. Bredd 20 cm \/ 16 cm Djup [&hellip;]<\/p>\n","protected":false},"featured_media":140933,"comment_status":"open","ping_status":"closed","template":"","meta":{"_acf_changed":false,"_relevanssi_hide_post":"","_relevanssi_hide_content":"","_relevanssi_pin_for_all":"","_relevanssi_pin_keywords":"","_relevanssi_unpin_keywords":"","_relevanssi_related_keywords":"","_relevanssi_related_include_ids":"","_relevanssi_related_exclude_ids":"","_relevanssi_related_no_append":"","_relevanssi_related_not_related":"","_relevanssi_related_posts":"","_relevanssi_noindex_reason":""},"pwb-brand":[28732],"product_brand":[],"product_cat":[31793,31875,32181,32129],"product_tag":[],"class_list":{"0":"post-140656","1":"product","2":"type-product","3":"status-publish","4":"has-post-thumbnail","6":"pwb-brand-pr-home","7":"product_cat-sisavalaisimet-uutuudet","8":"product_cat-varjostimet-lamppukiinnityksella","9":"product_cat-skarm-klo","10":"product_cat-inomhusbelysning-sv","12":"first","13":"onbackorder","14":"taxable","15":"shipping-taxable","16":"purchasable","17":"product-type-simple"},"acf":[],"yoast_head":"<!-- This site is optimized with the Yoast SEO plugin v27.5 - https:\/\/yoast.com\/product\/yoast-seo-wordpress\/ -->\n<title>Omera lampsk\u00e4rm 20cm \u00c4ng multif\u00e4rg - Oy Noortrade Ab<\/title>\n<meta name=\"robots\" content=\"index, follow, max-snippet:-1, max-image-preview:large, max-video-preview:-1\" \/>\n<link rel=\"canonical\" href=\"https:\/\/shop.noor.fi\/produkt\/omera-lampunvarjostin-20cm-ang-monivari\/\" \/>\n<meta property=\"og:locale\" content=\"sv_SE\" \/>\n<meta property=\"og:type\" content=\"article\" \/>\n<meta property=\"og:title\" content=\"Omera lampsk\u00e4rm 20cm \u00c4ng multif\u00e4rg - Oy Noortrade Ab\" \/>\n<meta property=\"og:description\" content=\"Omera lampsk\u00e4rm med ett klassiskt m\u00f6nster av sommarblommor i harmoniska f\u00e4rger som skapar stilen b\u00e5de i det klassiska och det lantliga hemmet. Lampsk\u00e4rmen \u00e4r oval med en l\u00e4tt avsmalnande form vilket f\u00f6r at den passar f\u00f6r smala utrymmen. Denna modell har ett klof\u00e4ste som f\u00e4stes direkt p\u00e5 ljusk\u00e4llan. Bredd 20 cm \/ 16 cm Djup [&hellip;]\" \/>\n<meta property=\"og:url\" content=\"https:\/\/shop.noor.fi\/produkt\/omera-lampunvarjostin-20cm-ang-monivari\/\" \/>\n<meta property=\"og:site_name\" content=\"Oy Noortrade Ab\" \/>\n<meta property=\"article:modified_time\" content=\"2026-03-21T13:14:49+00:00\" \/>\n<meta property=\"og:image\" content=\"https:\/\/shop.noor.fi\/wp-content\/uploads\/2025\/11\/PR-1620-1618-999.jpg\" \/>\n\t<meta property=\"og:image:width\" content=\"1210\" \/>\n\t<meta property=\"og:image:height\" content=\"1210\" \/>\n\t<meta property=\"og:image:type\" content=\"image\/jpeg\" \/>\n<meta name=\"twitter:card\" content=\"summary_large_image\" \/>\n<script type=\"application\/ld+json\" class=\"yoast-schema-graph\">{\"@context\":\"https:\\\/\\\/schema.org\",\"@graph\":[{\"@type\":\"WebPage\",\"@id\":\"https:\\\/\\\/shop.noor.fi\\\/produkt\\\/omera-lampunvarjostin-20cm-ang-monivari\\\/\",\"url\":\"https:\\\/\\\/shop.noor.fi\\\/produkt\\\/omera-lampunvarjostin-20cm-ang-monivari\\\/\",\"name\":\"Omera lampsk\u00e4rm 20cm \u00c4ng multif\u00e4rg - Oy Noortrade Ab\",\"isPartOf\":{\"@id\":\"https:\\\/\\\/shopnoorfi-wp31835.test.cchosting.fi\\\/#website\"},\"primaryImageOfPage\":{\"@id\":\"https:\\\/\\\/shop.noor.fi\\\/produkt\\\/omera-lampunvarjostin-20cm-ang-monivari\\\/#primaryimage\"},\"image\":{\"@id\":\"https:\\\/\\\/shop.noor.fi\\\/produkt\\\/omera-lampunvarjostin-20cm-ang-monivari\\\/#primaryimage\"},\"thumbnailUrl\":\"https:\\\/\\\/shop.noor.fi\\\/wp-content\\\/uploads\\\/2025\\\/11\\\/PR-1620-1618-999.jpg\",\"datePublished\":\"2025-11-07T10:56:18+00:00\",\"dateModified\":\"2026-03-21T13:14:49+00:00\",\"breadcrumb\":{\"@id\":\"https:\\\/\\\/shop.noor.fi\\\/produkt\\\/omera-lampunvarjostin-20cm-ang-monivari\\\/#breadcrumb\"},\"inLanguage\":\"sv-SE\",\"potentialAction\":[{\"@type\":\"ReadAction\",\"target\":[\"https:\\\/\\\/shop.noor.fi\\\/produkt\\\/omera-lampunvarjostin-20cm-ang-monivari\\\/\"]}]},{\"@type\":\"ImageObject\",\"inLanguage\":\"sv-SE\",\"@id\":\"https:\\\/\\\/shop.noor.fi\\\/produkt\\\/omera-lampunvarjostin-20cm-ang-monivari\\\/#primaryimage\",\"url\":\"https:\\\/\\\/shop.noor.fi\\\/wp-content\\\/uploads\\\/2025\\\/11\\\/PR-1620-1618-999.jpg\",\"contentUrl\":\"https:\\\/\\\/shop.noor.fi\\\/wp-content\\\/uploads\\\/2025\\\/11\\\/PR-1620-1618-999.jpg\",\"width\":1210,\"height\":1210},{\"@type\":\"BreadcrumbList\",\"@id\":\"https:\\\/\\\/shop.noor.fi\\\/produkt\\\/omera-lampunvarjostin-20cm-ang-monivari\\\/#breadcrumb\",\"itemListElement\":[{\"@type\":\"ListItem\",\"position\":1,\"name\":\"Etusivu\",\"item\":\"https:\\\/\\\/shop.noor.fi\\\/sv\\\/\"},{\"@type\":\"ListItem\",\"position\":2,\"name\":\"Butik\",\"item\":\"https:\\\/\\\/shopnoorfi-wp31835.test.cchosting.fi\\\/sv\\\/butik\\\/\"},{\"@type\":\"ListItem\",\"position\":3,\"name\":\"Omera lampsk\u00e4rm 20cm \u00c4ng multif\u00e4rg\"}]},{\"@type\":\"WebSite\",\"@id\":\"https:\\\/\\\/shopnoorfi-wp31835.test.cchosting.fi\\\/#website\",\"url\":\"https:\\\/\\\/shopnoorfi-wp31835.test.cchosting.fi\\\/\",\"name\":\"Oy Noortrade Ab\",\"description\":\"Finnish family owned company with over 30 years of professional experience in lighting &amp; interior products import and sales - reliably.\",\"publisher\":{\"@id\":\"https:\\\/\\\/shopnoorfi-wp31835.test.cchosting.fi\\\/#organization\"},\"potentialAction\":[{\"@type\":\"SearchAction\",\"target\":{\"@type\":\"EntryPoint\",\"urlTemplate\":\"https:\\\/\\\/shopnoorfi-wp31835.test.cchosting.fi\\\/?s={search_term_string}\"},\"query-input\":{\"@type\":\"PropertyValueSpecification\",\"valueRequired\":true,\"valueName\":\"search_term_string\"}}],\"inLanguage\":\"sv-SE\"},{\"@type\":\"Organization\",\"@id\":\"https:\\\/\\\/shopnoorfi-wp31835.test.cchosting.fi\\\/#organization\",\"name\":\"Oy Noortrade Ab\",\"url\":\"https:\\\/\\\/shopnoorfi-wp31835.test.cchosting.fi\\\/\",\"logo\":{\"@type\":\"ImageObject\",\"inLanguage\":\"sv-SE\",\"@id\":\"https:\\\/\\\/shopnoorfi-wp31835.test.cchosting.fi\\\/#\\\/schema\\\/logo\\\/image\\\/\",\"url\":\"https:\\\/\\\/shop.noor.fi\\\/wp-content\\\/uploads\\\/2024\\\/01\\\/Oy-Noortrade-Ab-Corbel-VERSAL-bold-BLACK.png\",\"contentUrl\":\"https:\\\/\\\/shop.noor.fi\\\/wp-content\\\/uploads\\\/2024\\\/01\\\/Oy-Noortrade-Ab-Corbel-VERSAL-bold-BLACK.png\",\"width\":721,\"height\":177,\"caption\":\"Oy Noortrade Ab\"},\"image\":{\"@id\":\"https:\\\/\\\/shopnoorfi-wp31835.test.cchosting.fi\\\/#\\\/schema\\\/logo\\\/image\\\/\"}}]}<\/script>\n<!-- \/ Yoast SEO plugin. -->","yoast_head_json":{"title":"Omera lampsk\u00e4rm 20cm \u00c4ng multif\u00e4rg - Oy Noortrade Ab","robots":{"index":"index","follow":"follow","max-snippet":"max-snippet:-1","max-image-preview":"max-image-preview:large","max-video-preview":"max-video-preview:-1"},"canonical":"https:\/\/shop.noor.fi\/produkt\/omera-lampunvarjostin-20cm-ang-monivari\/","og_locale":"sv_SE","og_type":"article","og_title":"Omera lampsk\u00e4rm 20cm \u00c4ng multif\u00e4rg - Oy Noortrade Ab","og_description":"Omera lampsk\u00e4rm med ett klassiskt m\u00f6nster av sommarblommor i harmoniska f\u00e4rger som skapar stilen b\u00e5de i det klassiska och det lantliga hemmet. Lampsk\u00e4rmen \u00e4r oval med en l\u00e4tt avsmalnande form vilket f\u00f6r at den passar f\u00f6r smala utrymmen. Denna modell har ett klof\u00e4ste som f\u00e4stes direkt p\u00e5 ljusk\u00e4llan. Bredd 20 cm \/ 16 cm Djup [&hellip;]","og_url":"https:\/\/shop.noor.fi\/produkt\/omera-lampunvarjostin-20cm-ang-monivari\/","og_site_name":"Oy Noortrade Ab","article_modified_time":"2026-03-21T13:14:49+00:00","og_image":[{"width":1210,"height":1210,"url":"https:\/\/shop.noor.fi\/wp-content\/uploads\/2025\/11\/PR-1620-1618-999.jpg","type":"image\/jpeg"}],"twitter_card":"summary_large_image","schema":{"@context":"https:\/\/schema.org","@graph":[{"@type":"WebPage","@id":"https:\/\/shop.noor.fi\/produkt\/omera-lampunvarjostin-20cm-ang-monivari\/","url":"https:\/\/shop.noor.fi\/produkt\/omera-lampunvarjostin-20cm-ang-monivari\/","name":"Omera lampsk\u00e4rm 20cm \u00c4ng multif\u00e4rg - Oy Noortrade Ab","isPartOf":{"@id":"https:\/\/shopnoorfi-wp31835.test.cchosting.fi\/#website"},"primaryImageOfPage":{"@id":"https:\/\/shop.noor.fi\/produkt\/omera-lampunvarjostin-20cm-ang-monivari\/#primaryimage"},"image":{"@id":"https:\/\/shop.noor.fi\/produkt\/omera-lampunvarjostin-20cm-ang-monivari\/#primaryimage"},"thumbnailUrl":"https:\/\/shop.noor.fi\/wp-content\/uploads\/2025\/11\/PR-1620-1618-999.jpg","datePublished":"2025-11-07T10:56:18+00:00","dateModified":"2026-03-21T13:14:49+00:00","breadcrumb":{"@id":"https:\/\/shop.noor.fi\/produkt\/omera-lampunvarjostin-20cm-ang-monivari\/#breadcrumb"},"inLanguage":"sv-SE","potentialAction":[{"@type":"ReadAction","target":["https:\/\/shop.noor.fi\/produkt\/omera-lampunvarjostin-20cm-ang-monivari\/"]}]},{"@type":"ImageObject","inLanguage":"sv-SE","@id":"https:\/\/shop.noor.fi\/produkt\/omera-lampunvarjostin-20cm-ang-monivari\/#primaryimage","url":"https:\/\/shop.noor.fi\/wp-content\/uploads\/2025\/11\/PR-1620-1618-999.jpg","contentUrl":"https:\/\/shop.noor.fi\/wp-content\/uploads\/2025\/11\/PR-1620-1618-999.jpg","width":1210,"height":1210},{"@type":"BreadcrumbList","@id":"https:\/\/shop.noor.fi\/produkt\/omera-lampunvarjostin-20cm-ang-monivari\/#breadcrumb","itemListElement":[{"@type":"ListItem","position":1,"name":"Etusivu","item":"https:\/\/shop.noor.fi\/sv\/"},{"@type":"ListItem","position":2,"name":"Butik","item":"https:\/\/shopnoorfi-wp31835.test.cchosting.fi\/sv\/butik\/"},{"@type":"ListItem","position":3,"name":"Omera lampsk\u00e4rm 20cm \u00c4ng multif\u00e4rg"}]},{"@type":"WebSite","@id":"https:\/\/shopnoorfi-wp31835.test.cchosting.fi\/#website","url":"https:\/\/shopnoorfi-wp31835.test.cchosting.fi\/","name":"Oy Noortrade Ab","description":"Finnish family owned company with over 30 years of professional experience in lighting &amp; interior products import and sales - reliably.","publisher":{"@id":"https:\/\/shopnoorfi-wp31835.test.cchosting.fi\/#organization"},"potentialAction":[{"@type":"SearchAction","target":{"@type":"EntryPoint","urlTemplate":"https:\/\/shopnoorfi-wp31835.test.cchosting.fi\/?s={search_term_string}"},"query-input":{"@type":"PropertyValueSpecification","valueRequired":true,"valueName":"search_term_string"}}],"inLanguage":"sv-SE"},{"@type":"Organization","@id":"https:\/\/shopnoorfi-wp31835.test.cchosting.fi\/#organization","name":"Oy Noortrade Ab","url":"https:\/\/shopnoorfi-wp31835.test.cchosting.fi\/","logo":{"@type":"ImageObject","inLanguage":"sv-SE","@id":"https:\/\/shopnoorfi-wp31835.test.cchosting.fi\/#\/schema\/logo\/image\/","url":"https:\/\/shop.noor.fi\/wp-content\/uploads\/2024\/01\/Oy-Noortrade-Ab-Corbel-VERSAL-bold-BLACK.png","contentUrl":"https:\/\/shop.noor.fi\/wp-content\/uploads\/2024\/01\/Oy-Noortrade-Ab-Corbel-VERSAL-bold-BLACK.png","width":721,"height":177,"caption":"Oy Noortrade Ab"},"image":{"@id":"https:\/\/shopnoorfi-wp31835.test.cchosting.fi\/#\/schema\/logo\/image\/"}}]}},"brands":[{"id":28732,"name":"PR Home","slug":"pr-home"}],"_links":{"self":[{"href":"https:\/\/shop.noor.fi\/sv\/wp-json\/wp\/v2\/product\/140656","targetHints":{"allow":["GET"]}}],"collection":[{"href":"https:\/\/shop.noor.fi\/sv\/wp-json\/wp\/v2\/product"}],"about":[{"href":"https:\/\/shop.noor.fi\/sv\/wp-json\/wp\/v2\/types\/product"}],"replies":[{"embeddable":true,"href":"https:\/\/shop.noor.fi\/sv\/wp-json\/wp\/v2\/comments?post=140656"}],"wp:featuredmedia":[{"embeddable":true,"href":"https:\/\/shop.noor.fi\/sv\/wp-json\/wp\/v2\/media\/140933"}],"wp:attachment":[{"href":"https:\/\/shop.noor.fi\/sv\/wp-json\/wp\/v2\/media?parent=140656"}],"wp:term":[{"taxonomy":"pwb-brand","embeddable":true,"href":"https:\/\/shop.noor.fi\/sv\/wp-json\/wp\/v2\/pwb-brand?post=140656"},{"taxonomy":"product_brand","embeddable":true,"href":"https:\/\/shop.noor.fi\/sv\/wp-json\/wp\/v2\/product_brand?post=140656"},{"taxonomy":"product_cat","embeddable":true,"href":"https:\/\/shop.noor.fi\/sv\/wp-json\/wp\/v2\/product_cat?post=140656"},{"taxonomy":"product_tag","embeddable":true,"href":"https:\/\/shop.noor.fi\/sv\/wp-json\/wp\/v2\/product_tag?post=140656"}],"curies":[{"name":"wp","href":"https:\/\/api.w.org\/{rel}","templated":true}]}}