{"id":140650,"date":"2025-11-07T12:56:20","date_gmt":"2025-11-07T10:56:20","guid":{"rendered":"https:\/\/shop.noor.fi\/product\/frida-laddbar-bordslampa-morkgron\/"},"modified":"2026-03-31T21:28:52","modified_gmt":"2026-03-31T18:28:52","slug":"frida-laddbar-bordslampa-morkgron","status":"publish","type":"product","link":"https:\/\/shop.noor.fi\/sv\/produkt\/frida-laddbar-bordslampa-morkgron\/","title":{"rendered":"Frida laddbar bordslampa m\u00f6rkgr\u00f6n"},"content":{"rendered":"<p>Frida \u00e4r en portabel och uppladdningsbar bordslampa, inspirerad av retrostilen som p\u00e5minner om en gammal oljelampa. Det fladdrande ljuset liknar ett levande stearinljus och ger en mysig st\u00e4mning. F\u00e4rgtemperaturen ligger runt 2000K.<br \/>\nLampan har ett inbyggt uppladdningsbart litiumjonbatteri som laddas via USB-C, och en 1 meter l\u00e5ng laddkabel ing\u00e5r. Str\u00f6mk\u00e4llan ing\u00e5r ej.<br \/>\nLaddningstiden \u00e4r cirka 4 timmar, och en full laddning ger upp till 8 timmars anv\u00e4ndning.<br \/>\nIntegrerad LED. Ljusk\u00e4llan \u00e4r inte utbytbar.<\/p>\n<p>Diameter 11 cm<br \/>\nH\u00f6jd 22 cm<\/p>\n","protected":false},"excerpt":{"rendered":"<p>Frida \u00e4r en portabel och uppladdningsbar bordslampa, inspirerad av retrostilen som p\u00e5minner om en gammal oljelampa. Det fladdrande ljuset liknar ett levande stearinljus och ger en mysig st\u00e4mning. F\u00e4rgtemperaturen ligger runt 2000K. Lampan har ett inbyggt uppladdningsbart litiumjonbatteri som laddas via USB-C, och en 1 meter l\u00e5ng laddkabel ing\u00e5r. Str\u00f6mk\u00e4llan ing\u00e5r ej. Laddningstiden \u00e4r cirka [&hellip;]<\/p>\n","protected":false},"featured_media":141198,"comment_status":"open","ping_status":"closed","template":"","meta":{"_acf_changed":false,"_relevanssi_hide_post":"","_relevanssi_hide_content":"","_relevanssi_pin_for_all":"","_relevanssi_pin_keywords":"","_relevanssi_unpin_keywords":"","_relevanssi_related_keywords":"","_relevanssi_related_include_ids":"","_relevanssi_related_exclude_ids":"","_relevanssi_related_no_append":"","_relevanssi_related_not_related":"","_relevanssi_related_posts":"","_relevanssi_noindex_reason":""},"pwb-brand":[37489],"product_brand":[],"product_cat":[32051,32129],"product_tag":[],"class_list":{"0":"post-140650","1":"product","2":"type-product","3":"status-publish","4":"has-post-thumbnail","6":"pwb-brand-pr-home-sv","7":"product_cat-laddbara-lampor","8":"product_cat-inomhusbelysning-sv","10":"first","11":"instock","12":"taxable","13":"shipping-taxable","14":"purchasable","15":"product-type-simple"},"acf":[],"yoast_head":"<!-- This site is optimized with the Yoast SEO plugin v27.5 - https:\/\/yoast.com\/product\/yoast-seo-wordpress\/ -->\n<title>Frida laddbar bordslampa m\u00f6rkgr\u00f6n - Oy Noortrade Ab<\/title>\n<meta name=\"robots\" content=\"index, follow, max-snippet:-1, max-image-preview:large, max-video-preview:-1\" \/>\n<link rel=\"canonical\" href=\"https:\/\/shop.noor.fi\/produkt\/frida-ladattava-poytavalaisin-tummanvihrea\/\" \/>\n<meta property=\"og:locale\" content=\"sv_SE\" \/>\n<meta property=\"og:type\" content=\"article\" \/>\n<meta property=\"og:title\" content=\"Frida laddbar bordslampa m\u00f6rkgr\u00f6n - Oy Noortrade Ab\" \/>\n<meta property=\"og:description\" content=\"Frida \u00e4r en portabel och uppladdningsbar bordslampa, inspirerad av retrostilen som p\u00e5minner om en gammal oljelampa. Det fladdrande ljuset liknar ett levande stearinljus och ger en mysig st\u00e4mning. F\u00e4rgtemperaturen ligger runt 2000K. Lampan har ett inbyggt uppladdningsbart litiumjonbatteri som laddas via USB-C, och en 1 meter l\u00e5ng laddkabel ing\u00e5r. Str\u00f6mk\u00e4llan ing\u00e5r ej. Laddningstiden \u00e4r cirka [&hellip;]\" \/>\n<meta property=\"og:url\" content=\"https:\/\/shop.noor.fi\/produkt\/frida-ladattava-poytavalaisin-tummanvihrea\/\" \/>\n<meta property=\"og:site_name\" content=\"Oy Noortrade Ab\" \/>\n<meta property=\"article:modified_time\" content=\"2026-03-31T18:28:52+00:00\" \/>\n<meta property=\"og:image\" content=\"https:\/\/shop.noor.fi\/wp-content\/uploads\/2025\/11\/PR-12022277.jpg\" \/>\n\t<meta property=\"og:image:width\" content=\"908\" \/>\n\t<meta property=\"og:image:height\" content=\"1210\" \/>\n\t<meta property=\"og:image:type\" content=\"image\/jpeg\" \/>\n<meta name=\"twitter:card\" content=\"summary_large_image\" \/>\n<script type=\"application\/ld+json\" class=\"yoast-schema-graph\">{\"@context\":\"https:\\\/\\\/schema.org\",\"@graph\":[{\"@type\":\"WebPage\",\"@id\":\"https:\\\/\\\/shop.noor.fi\\\/produkt\\\/frida-ladattava-poytavalaisin-tummanvihrea\\\/\",\"url\":\"https:\\\/\\\/shop.noor.fi\\\/produkt\\\/frida-ladattava-poytavalaisin-tummanvihrea\\\/\",\"name\":\"Frida laddbar bordslampa m\u00f6rkgr\u00f6n - Oy Noortrade Ab\",\"isPartOf\":{\"@id\":\"https:\\\/\\\/shopnoorfi-wp31835.test.cchosting.fi\\\/#website\"},\"primaryImageOfPage\":{\"@id\":\"https:\\\/\\\/shop.noor.fi\\\/produkt\\\/frida-ladattava-poytavalaisin-tummanvihrea\\\/#primaryimage\"},\"image\":{\"@id\":\"https:\\\/\\\/shop.noor.fi\\\/produkt\\\/frida-ladattava-poytavalaisin-tummanvihrea\\\/#primaryimage\"},\"thumbnailUrl\":\"https:\\\/\\\/shop.noor.fi\\\/wp-content\\\/uploads\\\/2025\\\/11\\\/PR-12022277.jpg\",\"datePublished\":\"2025-11-07T10:56:20+00:00\",\"dateModified\":\"2026-03-31T18:28:52+00:00\",\"breadcrumb\":{\"@id\":\"https:\\\/\\\/shop.noor.fi\\\/produkt\\\/frida-ladattava-poytavalaisin-tummanvihrea\\\/#breadcrumb\"},\"inLanguage\":\"sv-SE\",\"potentialAction\":[{\"@type\":\"ReadAction\",\"target\":[\"https:\\\/\\\/shop.noor.fi\\\/produkt\\\/frida-ladattava-poytavalaisin-tummanvihrea\\\/\"]}]},{\"@type\":\"ImageObject\",\"inLanguage\":\"sv-SE\",\"@id\":\"https:\\\/\\\/shop.noor.fi\\\/produkt\\\/frida-ladattava-poytavalaisin-tummanvihrea\\\/#primaryimage\",\"url\":\"https:\\\/\\\/shop.noor.fi\\\/wp-content\\\/uploads\\\/2025\\\/11\\\/PR-12022277.jpg\",\"contentUrl\":\"https:\\\/\\\/shop.noor.fi\\\/wp-content\\\/uploads\\\/2025\\\/11\\\/PR-12022277.jpg\",\"width\":908,\"height\":1210},{\"@type\":\"BreadcrumbList\",\"@id\":\"https:\\\/\\\/shop.noor.fi\\\/produkt\\\/frida-ladattava-poytavalaisin-tummanvihrea\\\/#breadcrumb\",\"itemListElement\":[{\"@type\":\"ListItem\",\"position\":1,\"name\":\"Etusivu\",\"item\":\"https:\\\/\\\/shop.noor.fi\\\/sv\\\/\"},{\"@type\":\"ListItem\",\"position\":2,\"name\":\"Butik\",\"item\":\"https:\\\/\\\/shopnoorfi-wp31835.test.cchosting.fi\\\/sv\\\/butik\\\/\"},{\"@type\":\"ListItem\",\"position\":3,\"name\":\"Frida laddbar bordslampa m\u00f6rkgr\u00f6n\"}]},{\"@type\":\"WebSite\",\"@id\":\"https:\\\/\\\/shopnoorfi-wp31835.test.cchosting.fi\\\/#website\",\"url\":\"https:\\\/\\\/shopnoorfi-wp31835.test.cchosting.fi\\\/\",\"name\":\"Oy Noortrade Ab\",\"description\":\"Finnish family owned company with over 30 years of professional experience in lighting &amp; interior products import and sales - reliably.\",\"publisher\":{\"@id\":\"https:\\\/\\\/shopnoorfi-wp31835.test.cchosting.fi\\\/#organization\"},\"potentialAction\":[{\"@type\":\"SearchAction\",\"target\":{\"@type\":\"EntryPoint\",\"urlTemplate\":\"https:\\\/\\\/shopnoorfi-wp31835.test.cchosting.fi\\\/?s={search_term_string}\"},\"query-input\":{\"@type\":\"PropertyValueSpecification\",\"valueRequired\":true,\"valueName\":\"search_term_string\"}}],\"inLanguage\":\"sv-SE\"},{\"@type\":\"Organization\",\"@id\":\"https:\\\/\\\/shopnoorfi-wp31835.test.cchosting.fi\\\/#organization\",\"name\":\"Oy Noortrade Ab\",\"url\":\"https:\\\/\\\/shopnoorfi-wp31835.test.cchosting.fi\\\/\",\"logo\":{\"@type\":\"ImageObject\",\"inLanguage\":\"sv-SE\",\"@id\":\"https:\\\/\\\/shopnoorfi-wp31835.test.cchosting.fi\\\/#\\\/schema\\\/logo\\\/image\\\/\",\"url\":\"https:\\\/\\\/shop.noor.fi\\\/wp-content\\\/uploads\\\/2024\\\/01\\\/Oy-Noortrade-Ab-Corbel-VERSAL-bold-BLACK.png\",\"contentUrl\":\"https:\\\/\\\/shop.noor.fi\\\/wp-content\\\/uploads\\\/2024\\\/01\\\/Oy-Noortrade-Ab-Corbel-VERSAL-bold-BLACK.png\",\"width\":721,\"height\":177,\"caption\":\"Oy Noortrade Ab\"},\"image\":{\"@id\":\"https:\\\/\\\/shopnoorfi-wp31835.test.cchosting.fi\\\/#\\\/schema\\\/logo\\\/image\\\/\"}}]}<\/script>\n<!-- \/ Yoast SEO plugin. -->","yoast_head_json":{"title":"Frida laddbar bordslampa m\u00f6rkgr\u00f6n - Oy Noortrade Ab","robots":{"index":"index","follow":"follow","max-snippet":"max-snippet:-1","max-image-preview":"max-image-preview:large","max-video-preview":"max-video-preview:-1"},"canonical":"https:\/\/shop.noor.fi\/produkt\/frida-ladattava-poytavalaisin-tummanvihrea\/","og_locale":"sv_SE","og_type":"article","og_title":"Frida laddbar bordslampa m\u00f6rkgr\u00f6n - Oy Noortrade Ab","og_description":"Frida \u00e4r en portabel och uppladdningsbar bordslampa, inspirerad av retrostilen som p\u00e5minner om en gammal oljelampa. Det fladdrande ljuset liknar ett levande stearinljus och ger en mysig st\u00e4mning. F\u00e4rgtemperaturen ligger runt 2000K. Lampan har ett inbyggt uppladdningsbart litiumjonbatteri som laddas via USB-C, och en 1 meter l\u00e5ng laddkabel ing\u00e5r. Str\u00f6mk\u00e4llan ing\u00e5r ej. Laddningstiden \u00e4r cirka [&hellip;]","og_url":"https:\/\/shop.noor.fi\/produkt\/frida-ladattava-poytavalaisin-tummanvihrea\/","og_site_name":"Oy Noortrade Ab","article_modified_time":"2026-03-31T18:28:52+00:00","og_image":[{"width":908,"height":1210,"url":"https:\/\/shop.noor.fi\/wp-content\/uploads\/2025\/11\/PR-12022277.jpg","type":"image\/jpeg"}],"twitter_card":"summary_large_image","schema":{"@context":"https:\/\/schema.org","@graph":[{"@type":"WebPage","@id":"https:\/\/shop.noor.fi\/produkt\/frida-ladattava-poytavalaisin-tummanvihrea\/","url":"https:\/\/shop.noor.fi\/produkt\/frida-ladattava-poytavalaisin-tummanvihrea\/","name":"Frida laddbar bordslampa m\u00f6rkgr\u00f6n - Oy Noortrade Ab","isPartOf":{"@id":"https:\/\/shopnoorfi-wp31835.test.cchosting.fi\/#website"},"primaryImageOfPage":{"@id":"https:\/\/shop.noor.fi\/produkt\/frida-ladattava-poytavalaisin-tummanvihrea\/#primaryimage"},"image":{"@id":"https:\/\/shop.noor.fi\/produkt\/frida-ladattava-poytavalaisin-tummanvihrea\/#primaryimage"},"thumbnailUrl":"https:\/\/shop.noor.fi\/wp-content\/uploads\/2025\/11\/PR-12022277.jpg","datePublished":"2025-11-07T10:56:20+00:00","dateModified":"2026-03-31T18:28:52+00:00","breadcrumb":{"@id":"https:\/\/shop.noor.fi\/produkt\/frida-ladattava-poytavalaisin-tummanvihrea\/#breadcrumb"},"inLanguage":"sv-SE","potentialAction":[{"@type":"ReadAction","target":["https:\/\/shop.noor.fi\/produkt\/frida-ladattava-poytavalaisin-tummanvihrea\/"]}]},{"@type":"ImageObject","inLanguage":"sv-SE","@id":"https:\/\/shop.noor.fi\/produkt\/frida-ladattava-poytavalaisin-tummanvihrea\/#primaryimage","url":"https:\/\/shop.noor.fi\/wp-content\/uploads\/2025\/11\/PR-12022277.jpg","contentUrl":"https:\/\/shop.noor.fi\/wp-content\/uploads\/2025\/11\/PR-12022277.jpg","width":908,"height":1210},{"@type":"BreadcrumbList","@id":"https:\/\/shop.noor.fi\/produkt\/frida-ladattava-poytavalaisin-tummanvihrea\/#breadcrumb","itemListElement":[{"@type":"ListItem","position":1,"name":"Etusivu","item":"https:\/\/shop.noor.fi\/sv\/"},{"@type":"ListItem","position":2,"name":"Butik","item":"https:\/\/shopnoorfi-wp31835.test.cchosting.fi\/sv\/butik\/"},{"@type":"ListItem","position":3,"name":"Frida laddbar bordslampa m\u00f6rkgr\u00f6n"}]},{"@type":"WebSite","@id":"https:\/\/shopnoorfi-wp31835.test.cchosting.fi\/#website","url":"https:\/\/shopnoorfi-wp31835.test.cchosting.fi\/","name":"Oy Noortrade Ab","description":"Finnish family owned company with over 30 years of professional experience in lighting &amp; interior products import and sales - reliably.","publisher":{"@id":"https:\/\/shopnoorfi-wp31835.test.cchosting.fi\/#organization"},"potentialAction":[{"@type":"SearchAction","target":{"@type":"EntryPoint","urlTemplate":"https:\/\/shopnoorfi-wp31835.test.cchosting.fi\/?s={search_term_string}"},"query-input":{"@type":"PropertyValueSpecification","valueRequired":true,"valueName":"search_term_string"}}],"inLanguage":"sv-SE"},{"@type":"Organization","@id":"https:\/\/shopnoorfi-wp31835.test.cchosting.fi\/#organization","name":"Oy Noortrade Ab","url":"https:\/\/shopnoorfi-wp31835.test.cchosting.fi\/","logo":{"@type":"ImageObject","inLanguage":"sv-SE","@id":"https:\/\/shopnoorfi-wp31835.test.cchosting.fi\/#\/schema\/logo\/image\/","url":"https:\/\/shop.noor.fi\/wp-content\/uploads\/2024\/01\/Oy-Noortrade-Ab-Corbel-VERSAL-bold-BLACK.png","contentUrl":"https:\/\/shop.noor.fi\/wp-content\/uploads\/2024\/01\/Oy-Noortrade-Ab-Corbel-VERSAL-bold-BLACK.png","width":721,"height":177,"caption":"Oy Noortrade Ab"},"image":{"@id":"https:\/\/shopnoorfi-wp31835.test.cchosting.fi\/#\/schema\/logo\/image\/"}}]}},"brands":[{"id":37489,"name":"PR Home","slug":"pr-home-sv"}],"_links":{"self":[{"href":"https:\/\/shop.noor.fi\/sv\/wp-json\/wp\/v2\/product\/140650","targetHints":{"allow":["GET"]}}],"collection":[{"href":"https:\/\/shop.noor.fi\/sv\/wp-json\/wp\/v2\/product"}],"about":[{"href":"https:\/\/shop.noor.fi\/sv\/wp-json\/wp\/v2\/types\/product"}],"replies":[{"embeddable":true,"href":"https:\/\/shop.noor.fi\/sv\/wp-json\/wp\/v2\/comments?post=140650"}],"wp:featuredmedia":[{"embeddable":true,"href":"https:\/\/shop.noor.fi\/sv\/wp-json\/wp\/v2\/media\/141198"}],"wp:attachment":[{"href":"https:\/\/shop.noor.fi\/sv\/wp-json\/wp\/v2\/media?parent=140650"}],"wp:term":[{"taxonomy":"pwb-brand","embeddable":true,"href":"https:\/\/shop.noor.fi\/sv\/wp-json\/wp\/v2\/pwb-brand?post=140650"},{"taxonomy":"product_brand","embeddable":true,"href":"https:\/\/shop.noor.fi\/sv\/wp-json\/wp\/v2\/product_brand?post=140650"},{"taxonomy":"product_cat","embeddable":true,"href":"https:\/\/shop.noor.fi\/sv\/wp-json\/wp\/v2\/product_cat?post=140650"},{"taxonomy":"product_tag","embeddable":true,"href":"https:\/\/shop.noor.fi\/sv\/wp-json\/wp\/v2\/product_tag?post=140650"}],"curies":[{"name":"wp","href":"https:\/\/api.w.org\/{rel}","templated":true}]}}