{"id":140111,"date":"2025-10-20T08:43:06","date_gmt":"2025-10-20T05:43:06","guid":{"rendered":"https:\/\/shop.noor.fi\/product\/amy-golvlampa-flex2-massing-theo\/"},"modified":"2026-04-07T14:16:12","modified_gmt":"2026-04-07T11:16:12","slug":"amy-golvlampa-flex2-massing-theo","status":"publish","type":"product","link":"https:\/\/shop.noor.fi\/sv\/produkt\/amy-golvlampa-flex2-massing-theo\/","title":{"rendered":"Amy golvlampa Flex2 m\u00e4ssing\/Theo"},"content":{"rendered":"<p>Ett pakett med 150 cm h\u00f6g golvfot Amy Flex 2  i antikm\u00e4ssingsf\u00e4rgad metall med tv\u00e5 lampsk\u00e4rmar Cia Theo.<br \/>\nSk\u00e4rmarna \u00e4r 20 cm i diameter och 19 cm h\u00f6g, och har ett E27 Toppringf\u00e4ste.<br \/>\nGolvlampans totala h\u00f6jd \u00e4r 150 cm.<br \/>\nSladdl\u00e4ngd 190 cm. B\u00e5da lamph\u00e5llare har sin egen str\u00f6mbrytare.<\/p>\n<p>E27, max 40W. Ljusk\u00e4lla ing\u00e5r ej.<\/p>\n","protected":false},"excerpt":{"rendered":"<p>Ett pakett med 150 cm h\u00f6g golvfot Amy Flex 2 i antikm\u00e4ssingsf\u00e4rgad metall med tv\u00e5 lampsk\u00e4rmar Cia Theo. Sk\u00e4rmarna \u00e4r 20 cm i diameter och 19 cm h\u00f6g, och har ett E27 Toppringf\u00e4ste. Golvlampans totala h\u00f6jd \u00e4r 150 cm. Sladdl\u00e4ngd 190 cm. B\u00e5da lamph\u00e5llare har sin egen str\u00f6mbrytare. E27, max 40W. Ljusk\u00e4lla ing\u00e5r ej.<\/p>\n","protected":false},"featured_media":140276,"comment_status":"open","ping_status":"closed","template":"","meta":{"_acf_changed":false,"_relevanssi_hide_post":"","_relevanssi_hide_content":"","_relevanssi_pin_for_all":"","_relevanssi_pin_keywords":"","_relevanssi_unpin_keywords":"","_relevanssi_related_keywords":"","_relevanssi_related_include_ids":"","_relevanssi_related_exclude_ids":"","_relevanssi_related_no_append":"","_relevanssi_related_not_related":"","_relevanssi_related_posts":"","_relevanssi_noindex_reason":""},"pwb-brand":[28732],"product_brand":[],"product_cat":[32061],"product_tag":[],"class_list":{"0":"post-140111","1":"product","2":"type-product","3":"status-publish","4":"has-post-thumbnail","6":"pwb-brand-pr-home","7":"product_cat-golvlampor-sv","9":"first","10":"onbackorder","11":"taxable","12":"shipping-taxable","13":"purchasable","14":"product-type-simple"},"acf":[],"yoast_head":"<!-- This site is optimized with the Yoast SEO plugin v27.6 - https:\/\/yoast.com\/product\/yoast-seo-wordpress\/ -->\n<title>Amy golvlampa Flex2 m\u00e4ssing\/Theo - Oy Noortrade Ab<\/title>\n<meta name=\"robots\" content=\"index, follow, max-snippet:-1, max-image-preview:large, max-video-preview:-1\" \/>\n<link rel=\"canonical\" href=\"https:\/\/shop.noor.fi\/produkt\/amy-lattiavalaisin-flex2-messinki-theo\/\" \/>\n<meta property=\"og:locale\" content=\"sv_SE\" \/>\n<meta property=\"og:type\" content=\"article\" \/>\n<meta property=\"og:title\" content=\"Amy golvlampa Flex2 m\u00e4ssing\/Theo - Oy Noortrade Ab\" \/>\n<meta property=\"og:description\" content=\"Ett pakett med 150 cm h\u00f6g golvfot Amy Flex 2 i antikm\u00e4ssingsf\u00e4rgad metall med tv\u00e5 lampsk\u00e4rmar Cia Theo. Sk\u00e4rmarna \u00e4r 20 cm i diameter och 19 cm h\u00f6g, och har ett E27 Toppringf\u00e4ste. Golvlampans totala h\u00f6jd \u00e4r 150 cm. Sladdl\u00e4ngd 190 cm. B\u00e5da lamph\u00e5llare har sin egen str\u00f6mbrytare. E27, max 40W. Ljusk\u00e4lla ing\u00e5r ej.\" \/>\n<meta property=\"og:url\" content=\"https:\/\/shop.noor.fi\/produkt\/amy-lattiavalaisin-flex2-messinki-theo\/\" \/>\n<meta property=\"og:site_name\" content=\"Oy Noortrade Ab\" \/>\n<meta property=\"article:modified_time\" content=\"2026-04-07T11:16:12+00:00\" \/>\n<meta property=\"og:image\" content=\"https:\/\/shop.noor.fi\/wp-content\/uploads\/2025\/10\/PR-202150-1474.jpg\" \/>\n\t<meta property=\"og:image:width\" content=\"908\" \/>\n\t<meta property=\"og:image:height\" content=\"1210\" \/>\n\t<meta property=\"og:image:type\" content=\"image\/jpeg\" \/>\n<meta name=\"twitter:card\" content=\"summary_large_image\" \/>\n<meta name=\"twitter:label1\" content=\"Ber\u00e4knad l\u00e4stid\" \/>\n\t<meta name=\"twitter:data1\" content=\"1 minut\" \/>\n<script type=\"application\/ld+json\" class=\"yoast-schema-graph\">{\"@context\":\"https:\\\/\\\/schema.org\",\"@graph\":[{\"@type\":\"WebPage\",\"@id\":\"https:\\\/\\\/shop.noor.fi\\\/produkt\\\/amy-lattiavalaisin-flex2-messinki-theo\\\/\",\"url\":\"https:\\\/\\\/shop.noor.fi\\\/produkt\\\/amy-lattiavalaisin-flex2-messinki-theo\\\/\",\"name\":\"Amy golvlampa Flex2 m\u00e4ssing\\\/Theo - Oy Noortrade Ab\",\"isPartOf\":{\"@id\":\"https:\\\/\\\/shopnoorfi-wp31835.test.cchosting.fi\\\/#website\"},\"primaryImageOfPage\":{\"@id\":\"https:\\\/\\\/shop.noor.fi\\\/produkt\\\/amy-lattiavalaisin-flex2-messinki-theo\\\/#primaryimage\"},\"image\":{\"@id\":\"https:\\\/\\\/shop.noor.fi\\\/produkt\\\/amy-lattiavalaisin-flex2-messinki-theo\\\/#primaryimage\"},\"thumbnailUrl\":\"https:\\\/\\\/shop.noor.fi\\\/wp-content\\\/uploads\\\/2025\\\/10\\\/PR-202150-1474.jpg\",\"datePublished\":\"2025-10-20T05:43:06+00:00\",\"dateModified\":\"2026-04-07T11:16:12+00:00\",\"breadcrumb\":{\"@id\":\"https:\\\/\\\/shop.noor.fi\\\/produkt\\\/amy-lattiavalaisin-flex2-messinki-theo\\\/#breadcrumb\"},\"inLanguage\":\"sv-SE\",\"potentialAction\":[{\"@type\":\"ReadAction\",\"target\":[\"https:\\\/\\\/shop.noor.fi\\\/produkt\\\/amy-lattiavalaisin-flex2-messinki-theo\\\/\"]}]},{\"@type\":\"ImageObject\",\"inLanguage\":\"sv-SE\",\"@id\":\"https:\\\/\\\/shop.noor.fi\\\/produkt\\\/amy-lattiavalaisin-flex2-messinki-theo\\\/#primaryimage\",\"url\":\"https:\\\/\\\/shop.noor.fi\\\/wp-content\\\/uploads\\\/2025\\\/10\\\/PR-202150-1474.jpg\",\"contentUrl\":\"https:\\\/\\\/shop.noor.fi\\\/wp-content\\\/uploads\\\/2025\\\/10\\\/PR-202150-1474.jpg\",\"width\":908,\"height\":1210},{\"@type\":\"BreadcrumbList\",\"@id\":\"https:\\\/\\\/shop.noor.fi\\\/produkt\\\/amy-lattiavalaisin-flex2-messinki-theo\\\/#breadcrumb\",\"itemListElement\":[{\"@type\":\"ListItem\",\"position\":1,\"name\":\"Etusivu\",\"item\":\"https:\\\/\\\/shop.noor.fi\\\/sv\\\/\"},{\"@type\":\"ListItem\",\"position\":2,\"name\":\"Butik\",\"item\":\"https:\\\/\\\/shopnoorfi-wp31835.test.cchosting.fi\\\/sv\\\/butik\\\/\"},{\"@type\":\"ListItem\",\"position\":3,\"name\":\"Amy golvlampa Flex2 m\u00e4ssing\\\/Theo\"}]},{\"@type\":\"WebSite\",\"@id\":\"https:\\\/\\\/shopnoorfi-wp31835.test.cchosting.fi\\\/#website\",\"url\":\"https:\\\/\\\/shopnoorfi-wp31835.test.cchosting.fi\\\/\",\"name\":\"Oy Noortrade Ab\",\"description\":\"Finnish family owned company with over 30 years of professional experience in lighting &amp; interior products import and sales - reliably.\",\"publisher\":{\"@id\":\"https:\\\/\\\/shopnoorfi-wp31835.test.cchosting.fi\\\/#organization\"},\"potentialAction\":[{\"@type\":\"SearchAction\",\"target\":{\"@type\":\"EntryPoint\",\"urlTemplate\":\"https:\\\/\\\/shopnoorfi-wp31835.test.cchosting.fi\\\/?s={search_term_string}\"},\"query-input\":{\"@type\":\"PropertyValueSpecification\",\"valueRequired\":true,\"valueName\":\"search_term_string\"}}],\"inLanguage\":\"sv-SE\"},{\"@type\":\"Organization\",\"@id\":\"https:\\\/\\\/shopnoorfi-wp31835.test.cchosting.fi\\\/#organization\",\"name\":\"Oy Noortrade Ab\",\"url\":\"https:\\\/\\\/shopnoorfi-wp31835.test.cchosting.fi\\\/\",\"logo\":{\"@type\":\"ImageObject\",\"inLanguage\":\"sv-SE\",\"@id\":\"https:\\\/\\\/shopnoorfi-wp31835.test.cchosting.fi\\\/#\\\/schema\\\/logo\\\/image\\\/\",\"url\":\"https:\\\/\\\/shop.noor.fi\\\/wp-content\\\/uploads\\\/2024\\\/01\\\/Oy-Noortrade-Ab-Corbel-VERSAL-bold-BLACK.png\",\"contentUrl\":\"https:\\\/\\\/shop.noor.fi\\\/wp-content\\\/uploads\\\/2024\\\/01\\\/Oy-Noortrade-Ab-Corbel-VERSAL-bold-BLACK.png\",\"width\":721,\"height\":177,\"caption\":\"Oy Noortrade Ab\"},\"image\":{\"@id\":\"https:\\\/\\\/shopnoorfi-wp31835.test.cchosting.fi\\\/#\\\/schema\\\/logo\\\/image\\\/\"}}]}<\/script>\n<!-- \/ Yoast SEO plugin. -->","yoast_head_json":{"title":"Amy golvlampa Flex2 m\u00e4ssing\/Theo - Oy Noortrade Ab","robots":{"index":"index","follow":"follow","max-snippet":"max-snippet:-1","max-image-preview":"max-image-preview:large","max-video-preview":"max-video-preview:-1"},"canonical":"https:\/\/shop.noor.fi\/produkt\/amy-lattiavalaisin-flex2-messinki-theo\/","og_locale":"sv_SE","og_type":"article","og_title":"Amy golvlampa Flex2 m\u00e4ssing\/Theo - Oy Noortrade Ab","og_description":"Ett pakett med 150 cm h\u00f6g golvfot Amy Flex 2 i antikm\u00e4ssingsf\u00e4rgad metall med tv\u00e5 lampsk\u00e4rmar Cia Theo. Sk\u00e4rmarna \u00e4r 20 cm i diameter och 19 cm h\u00f6g, och har ett E27 Toppringf\u00e4ste. Golvlampans totala h\u00f6jd \u00e4r 150 cm. Sladdl\u00e4ngd 190 cm. B\u00e5da lamph\u00e5llare har sin egen str\u00f6mbrytare. E27, max 40W. Ljusk\u00e4lla ing\u00e5r ej.","og_url":"https:\/\/shop.noor.fi\/produkt\/amy-lattiavalaisin-flex2-messinki-theo\/","og_site_name":"Oy Noortrade Ab","article_modified_time":"2026-04-07T11:16:12+00:00","og_image":[{"width":908,"height":1210,"url":"https:\/\/shop.noor.fi\/wp-content\/uploads\/2025\/10\/PR-202150-1474.jpg","type":"image\/jpeg"}],"twitter_card":"summary_large_image","twitter_misc":{"Ber\u00e4knad l\u00e4stid":"1 minut"},"schema":{"@context":"https:\/\/schema.org","@graph":[{"@type":"WebPage","@id":"https:\/\/shop.noor.fi\/produkt\/amy-lattiavalaisin-flex2-messinki-theo\/","url":"https:\/\/shop.noor.fi\/produkt\/amy-lattiavalaisin-flex2-messinki-theo\/","name":"Amy golvlampa Flex2 m\u00e4ssing\/Theo - Oy Noortrade Ab","isPartOf":{"@id":"https:\/\/shopnoorfi-wp31835.test.cchosting.fi\/#website"},"primaryImageOfPage":{"@id":"https:\/\/shop.noor.fi\/produkt\/amy-lattiavalaisin-flex2-messinki-theo\/#primaryimage"},"image":{"@id":"https:\/\/shop.noor.fi\/produkt\/amy-lattiavalaisin-flex2-messinki-theo\/#primaryimage"},"thumbnailUrl":"https:\/\/shop.noor.fi\/wp-content\/uploads\/2025\/10\/PR-202150-1474.jpg","datePublished":"2025-10-20T05:43:06+00:00","dateModified":"2026-04-07T11:16:12+00:00","breadcrumb":{"@id":"https:\/\/shop.noor.fi\/produkt\/amy-lattiavalaisin-flex2-messinki-theo\/#breadcrumb"},"inLanguage":"sv-SE","potentialAction":[{"@type":"ReadAction","target":["https:\/\/shop.noor.fi\/produkt\/amy-lattiavalaisin-flex2-messinki-theo\/"]}]},{"@type":"ImageObject","inLanguage":"sv-SE","@id":"https:\/\/shop.noor.fi\/produkt\/amy-lattiavalaisin-flex2-messinki-theo\/#primaryimage","url":"https:\/\/shop.noor.fi\/wp-content\/uploads\/2025\/10\/PR-202150-1474.jpg","contentUrl":"https:\/\/shop.noor.fi\/wp-content\/uploads\/2025\/10\/PR-202150-1474.jpg","width":908,"height":1210},{"@type":"BreadcrumbList","@id":"https:\/\/shop.noor.fi\/produkt\/amy-lattiavalaisin-flex2-messinki-theo\/#breadcrumb","itemListElement":[{"@type":"ListItem","position":1,"name":"Etusivu","item":"https:\/\/shop.noor.fi\/sv\/"},{"@type":"ListItem","position":2,"name":"Butik","item":"https:\/\/shopnoorfi-wp31835.test.cchosting.fi\/sv\/butik\/"},{"@type":"ListItem","position":3,"name":"Amy golvlampa Flex2 m\u00e4ssing\/Theo"}]},{"@type":"WebSite","@id":"https:\/\/shopnoorfi-wp31835.test.cchosting.fi\/#website","url":"https:\/\/shopnoorfi-wp31835.test.cchosting.fi\/","name":"Oy Noortrade Ab","description":"Finnish family owned company with over 30 years of professional experience in lighting &amp; interior products import and sales - reliably.","publisher":{"@id":"https:\/\/shopnoorfi-wp31835.test.cchosting.fi\/#organization"},"potentialAction":[{"@type":"SearchAction","target":{"@type":"EntryPoint","urlTemplate":"https:\/\/shopnoorfi-wp31835.test.cchosting.fi\/?s={search_term_string}"},"query-input":{"@type":"PropertyValueSpecification","valueRequired":true,"valueName":"search_term_string"}}],"inLanguage":"sv-SE"},{"@type":"Organization","@id":"https:\/\/shopnoorfi-wp31835.test.cchosting.fi\/#organization","name":"Oy Noortrade Ab","url":"https:\/\/shopnoorfi-wp31835.test.cchosting.fi\/","logo":{"@type":"ImageObject","inLanguage":"sv-SE","@id":"https:\/\/shopnoorfi-wp31835.test.cchosting.fi\/#\/schema\/logo\/image\/","url":"https:\/\/shop.noor.fi\/wp-content\/uploads\/2024\/01\/Oy-Noortrade-Ab-Corbel-VERSAL-bold-BLACK.png","contentUrl":"https:\/\/shop.noor.fi\/wp-content\/uploads\/2024\/01\/Oy-Noortrade-Ab-Corbel-VERSAL-bold-BLACK.png","width":721,"height":177,"caption":"Oy Noortrade Ab"},"image":{"@id":"https:\/\/shopnoorfi-wp31835.test.cchosting.fi\/#\/schema\/logo\/image\/"}}]}},"brands":[{"id":28732,"name":"PR Home","slug":"pr-home"}],"_links":{"self":[{"href":"https:\/\/shop.noor.fi\/sv\/wp-json\/wp\/v2\/product\/140111","targetHints":{"allow":["GET"]}}],"collection":[{"href":"https:\/\/shop.noor.fi\/sv\/wp-json\/wp\/v2\/product"}],"about":[{"href":"https:\/\/shop.noor.fi\/sv\/wp-json\/wp\/v2\/types\/product"}],"replies":[{"embeddable":true,"href":"https:\/\/shop.noor.fi\/sv\/wp-json\/wp\/v2\/comments?post=140111"}],"wp:featuredmedia":[{"embeddable":true,"href":"https:\/\/shop.noor.fi\/sv\/wp-json\/wp\/v2\/media\/140276"}],"wp:attachment":[{"href":"https:\/\/shop.noor.fi\/sv\/wp-json\/wp\/v2\/media?parent=140111"}],"wp:term":[{"taxonomy":"pwb-brand","embeddable":true,"href":"https:\/\/shop.noor.fi\/sv\/wp-json\/wp\/v2\/pwb-brand?post=140111"},{"taxonomy":"product_brand","embeddable":true,"href":"https:\/\/shop.noor.fi\/sv\/wp-json\/wp\/v2\/product_brand?post=140111"},{"taxonomy":"product_cat","embeddable":true,"href":"https:\/\/shop.noor.fi\/sv\/wp-json\/wp\/v2\/product_cat?post=140111"},{"taxonomy":"product_tag","embeddable":true,"href":"https:\/\/shop.noor.fi\/sv\/wp-json\/wp\/v2\/product_tag?post=140111"}],"curies":[{"name":"wp","href":"https:\/\/api.w.org\/{rel}","templated":true}]}}