{"id":138549,"date":"2025-09-24T09:00:52","date_gmt":"2025-09-24T06:00:52","guid":{"rendered":"https:\/\/shop.noor.fi\/product\/powerspot-solcellsspotlight-svart-10-cm\/"},"modified":"2026-04-10T12:56:04","modified_gmt":"2026-04-10T09:56:04","slug":"powerspot-solcellsspotlight-svart-10-cm","status":"publish","type":"product","link":"https:\/\/shop.noor.fi\/sv\/produkt\/powerspot-solcellsspotlight-svart-10-cm\/","title":{"rendered":"Powerspot solcellsspotlight svart 10 cm"},"content":{"rendered":"<p>Solcellsspotlight som lyser upp i din tr\u00e4dg\u00e5rd eller p\u00e5 terrassen med 50 lumen i m\u00f6rkret och \u00e4r ett bra val f\u00f6r riktad belysning mot en buske eller ett tr\u00e4d. Skenet \u00e4r varmvitt.<br \/>\nPlacera solpanelen s\u00e5 att solen kan n\u00e5 den under dagen. Sj\u00e4lva paneldelen sitter med 200 cm kabel fr\u00e5n spotlighten.<br \/>\nBrinntid med fullt batteri ca 6 timmar.<br \/>\nIntegrerad LED, lampan \u00e4r ej utbytbar.<\/p>\n<p>Djup 13,5 cm<br \/>\nH\u00f6jd 10 cm<\/p>\n<p>Obs!<br \/>\nSolcellspanelen beh\u00f6ver riktas mot solen f\u00f6r optimal laddning av batteri<br \/>\nProdukten har en skymningsrel\u00e4 och lyser d\u00e4rf\u00f6r endast under de m\u00f6rka timmarna<\/p>\n<p>Mer information om solcellsprodukter finns i Solar-guiden under fliken Nedladdningar.<\/p>\n","protected":false},"excerpt":{"rendered":"<p>Solcellsspotlight som lyser upp i din tr\u00e4dg\u00e5rd eller p\u00e5 terrassen med 50 lumen i m\u00f6rkret och \u00e4r ett bra val f\u00f6r riktad belysning mot en buske eller ett tr\u00e4d. Skenet \u00e4r varmvitt. Placera solpanelen s\u00e5 att solen kan n\u00e5 den under dagen. Sj\u00e4lva paneldelen sitter med 200 cm kabel fr\u00e5n spotlighten. Brinntid med fullt batteri [&hellip;]<\/p>\n","protected":false},"featured_media":135201,"comment_status":"open","ping_status":"closed","template":"","meta":{"_acf_changed":false,"_relevanssi_hide_post":"","_relevanssi_hide_content":"","_relevanssi_pin_for_all":"","_relevanssi_pin_keywords":"","_relevanssi_unpin_keywords":"","_relevanssi_related_keywords":"","_relevanssi_related_include_ids":"","_relevanssi_related_exclude_ids":"","_relevanssi_related_no_append":"","_relevanssi_related_not_related":"","_relevanssi_related_posts":"","_relevanssi_noindex_reason":""},"pwb-brand":[28728],"product_brand":[],"product_cat":[32134,31795,32009,31940],"product_tag":[],"class_list":{"0":"post-138549","1":"product","2":"type-product","3":"status-publish","4":"has-post-thumbnail","6":"pwb-brand-star-trading","7":"product_cat-spotlights","8":"product_cat-joulu-ja-sesonkivalot","9":"product_cat-jul-och-sasongsbelysning","10":"product_cat-spotit","12":"first","13":"onbackorder","14":"taxable","15":"shipping-taxable","16":"purchasable","17":"product-type-simple"},"acf":[],"yoast_head":"<!-- This site is optimized with the Yoast SEO plugin v27.5 - https:\/\/yoast.com\/product\/yoast-seo-wordpress\/ -->\n<title>Powerspot solcellsspotlight svart 10 cm - Oy Noortrade Ab<\/title>\n<meta name=\"robots\" content=\"index, follow, max-snippet:-1, max-image-preview:large, max-video-preview:-1\" \/>\n<link rel=\"canonical\" href=\"https:\/\/shop.noor.fi\/tuote\/powerspot-aurinkokennospotti-musta-10-cm\/\" \/>\n<meta property=\"og:locale\" content=\"sv_SE\" \/>\n<meta property=\"og:type\" content=\"article\" \/>\n<meta property=\"og:title\" content=\"Powerspot solcellsspotlight svart 10 cm - Oy Noortrade Ab\" \/>\n<meta property=\"og:description\" content=\"Solcellsspotlight som lyser upp i din tr\u00e4dg\u00e5rd eller p\u00e5 terrassen med 50 lumen i m\u00f6rkret och \u00e4r ett bra val f\u00f6r riktad belysning mot en buske eller ett tr\u00e4d. Skenet \u00e4r varmvitt. Placera solpanelen s\u00e5 att solen kan n\u00e5 den under dagen. Sj\u00e4lva paneldelen sitter med 200 cm kabel fr\u00e5n spotlighten. Brinntid med fullt batteri [&hellip;]\" \/>\n<meta property=\"og:url\" content=\"https:\/\/shop.noor.fi\/tuote\/powerspot-aurinkokennospotti-musta-10-cm\/\" \/>\n<meta property=\"og:site_name\" content=\"Oy Noortrade Ab\" \/>\n<meta property=\"article:modified_time\" content=\"2026-04-10T09:56:04+00:00\" \/>\n<meta property=\"og:image\" content=\"https:\/\/shop.noor.fi\/wp-content\/uploads\/2025\/08\/7391482078940.jpg\" \/>\n\t<meta property=\"og:image:width\" content=\"937\" \/>\n\t<meta property=\"og:image:height\" content=\"1210\" \/>\n\t<meta property=\"og:image:type\" content=\"image\/jpeg\" \/>\n<meta name=\"twitter:card\" content=\"summary_large_image\" \/>\n<meta name=\"twitter:label1\" content=\"Ber\u00e4knad l\u00e4stid\" \/>\n\t<meta name=\"twitter:data1\" content=\"1 minut\" \/>\n<script type=\"application\/ld+json\" class=\"yoast-schema-graph\">{\"@context\":\"https:\\\/\\\/schema.org\",\"@graph\":[{\"@type\":\"WebPage\",\"@id\":\"https:\\\/\\\/shop.noor.fi\\\/tuote\\\/powerspot-aurinkokennospotti-musta-10-cm\\\/\",\"url\":\"https:\\\/\\\/shop.noor.fi\\\/tuote\\\/powerspot-aurinkokennospotti-musta-10-cm\\\/\",\"name\":\"Powerspot solcellsspotlight svart 10 cm - Oy Noortrade Ab\",\"isPartOf\":{\"@id\":\"https:\\\/\\\/shopnoorfi-wp31835.test.cchosting.fi\\\/#website\"},\"primaryImageOfPage\":{\"@id\":\"https:\\\/\\\/shop.noor.fi\\\/tuote\\\/powerspot-aurinkokennospotti-musta-10-cm\\\/#primaryimage\"},\"image\":{\"@id\":\"https:\\\/\\\/shop.noor.fi\\\/tuote\\\/powerspot-aurinkokennospotti-musta-10-cm\\\/#primaryimage\"},\"thumbnailUrl\":\"https:\\\/\\\/shop.noor.fi\\\/wp-content\\\/uploads\\\/2025\\\/08\\\/7391482078940.jpg\",\"datePublished\":\"2025-09-24T06:00:52+00:00\",\"dateModified\":\"2026-04-10T09:56:04+00:00\",\"breadcrumb\":{\"@id\":\"https:\\\/\\\/shop.noor.fi\\\/tuote\\\/powerspot-aurinkokennospotti-musta-10-cm\\\/#breadcrumb\"},\"inLanguage\":\"sv-SE\",\"potentialAction\":[{\"@type\":\"ReadAction\",\"target\":[\"https:\\\/\\\/shop.noor.fi\\\/tuote\\\/powerspot-aurinkokennospotti-musta-10-cm\\\/\"]}]},{\"@type\":\"ImageObject\",\"inLanguage\":\"sv-SE\",\"@id\":\"https:\\\/\\\/shop.noor.fi\\\/tuote\\\/powerspot-aurinkokennospotti-musta-10-cm\\\/#primaryimage\",\"url\":\"https:\\\/\\\/shop.noor.fi\\\/wp-content\\\/uploads\\\/2025\\\/08\\\/7391482078940.jpg\",\"contentUrl\":\"https:\\\/\\\/shop.noor.fi\\\/wp-content\\\/uploads\\\/2025\\\/08\\\/7391482078940.jpg\",\"width\":937,\"height\":1210},{\"@type\":\"BreadcrumbList\",\"@id\":\"https:\\\/\\\/shop.noor.fi\\\/tuote\\\/powerspot-aurinkokennospotti-musta-10-cm\\\/#breadcrumb\",\"itemListElement\":[{\"@type\":\"ListItem\",\"position\":1,\"name\":\"Etusivu\",\"item\":\"https:\\\/\\\/shop.noor.fi\\\/sv\\\/\"},{\"@type\":\"ListItem\",\"position\":2,\"name\":\"Butik\",\"item\":\"https:\\\/\\\/shopnoorfi-wp31835.test.cchosting.fi\\\/sv\\\/butik\\\/\"},{\"@type\":\"ListItem\",\"position\":3,\"name\":\"Powerspot solcellsspotlight svart 10 cm\"}]},{\"@type\":\"WebSite\",\"@id\":\"https:\\\/\\\/shopnoorfi-wp31835.test.cchosting.fi\\\/#website\",\"url\":\"https:\\\/\\\/shopnoorfi-wp31835.test.cchosting.fi\\\/\",\"name\":\"Oy Noortrade Ab\",\"description\":\"Finnish family owned company with over 30 years of professional experience in lighting &amp; interior products import and sales - reliably.\",\"publisher\":{\"@id\":\"https:\\\/\\\/shopnoorfi-wp31835.test.cchosting.fi\\\/#organization\"},\"potentialAction\":[{\"@type\":\"SearchAction\",\"target\":{\"@type\":\"EntryPoint\",\"urlTemplate\":\"https:\\\/\\\/shopnoorfi-wp31835.test.cchosting.fi\\\/?s={search_term_string}\"},\"query-input\":{\"@type\":\"PropertyValueSpecification\",\"valueRequired\":true,\"valueName\":\"search_term_string\"}}],\"inLanguage\":\"sv-SE\"},{\"@type\":\"Organization\",\"@id\":\"https:\\\/\\\/shopnoorfi-wp31835.test.cchosting.fi\\\/#organization\",\"name\":\"Oy Noortrade Ab\",\"url\":\"https:\\\/\\\/shopnoorfi-wp31835.test.cchosting.fi\\\/\",\"logo\":{\"@type\":\"ImageObject\",\"inLanguage\":\"sv-SE\",\"@id\":\"https:\\\/\\\/shopnoorfi-wp31835.test.cchosting.fi\\\/#\\\/schema\\\/logo\\\/image\\\/\",\"url\":\"https:\\\/\\\/shop.noor.fi\\\/wp-content\\\/uploads\\\/2024\\\/01\\\/Oy-Noortrade-Ab-Corbel-VERSAL-bold-BLACK.png\",\"contentUrl\":\"https:\\\/\\\/shop.noor.fi\\\/wp-content\\\/uploads\\\/2024\\\/01\\\/Oy-Noortrade-Ab-Corbel-VERSAL-bold-BLACK.png\",\"width\":721,\"height\":177,\"caption\":\"Oy Noortrade Ab\"},\"image\":{\"@id\":\"https:\\\/\\\/shopnoorfi-wp31835.test.cchosting.fi\\\/#\\\/schema\\\/logo\\\/image\\\/\"}}]}<\/script>\n<!-- \/ Yoast SEO plugin. -->","yoast_head_json":{"title":"Powerspot solcellsspotlight svart 10 cm - Oy Noortrade Ab","robots":{"index":"index","follow":"follow","max-snippet":"max-snippet:-1","max-image-preview":"max-image-preview:large","max-video-preview":"max-video-preview:-1"},"canonical":"https:\/\/shop.noor.fi\/tuote\/powerspot-aurinkokennospotti-musta-10-cm\/","og_locale":"sv_SE","og_type":"article","og_title":"Powerspot solcellsspotlight svart 10 cm - Oy Noortrade Ab","og_description":"Solcellsspotlight som lyser upp i din tr\u00e4dg\u00e5rd eller p\u00e5 terrassen med 50 lumen i m\u00f6rkret och \u00e4r ett bra val f\u00f6r riktad belysning mot en buske eller ett tr\u00e4d. Skenet \u00e4r varmvitt. Placera solpanelen s\u00e5 att solen kan n\u00e5 den under dagen. Sj\u00e4lva paneldelen sitter med 200 cm kabel fr\u00e5n spotlighten. Brinntid med fullt batteri [&hellip;]","og_url":"https:\/\/shop.noor.fi\/tuote\/powerspot-aurinkokennospotti-musta-10-cm\/","og_site_name":"Oy Noortrade Ab","article_modified_time":"2026-04-10T09:56:04+00:00","og_image":[{"width":937,"height":1210,"url":"https:\/\/shop.noor.fi\/wp-content\/uploads\/2025\/08\/7391482078940.jpg","type":"image\/jpeg"}],"twitter_card":"summary_large_image","twitter_misc":{"Ber\u00e4knad l\u00e4stid":"1 minut"},"schema":{"@context":"https:\/\/schema.org","@graph":[{"@type":"WebPage","@id":"https:\/\/shop.noor.fi\/tuote\/powerspot-aurinkokennospotti-musta-10-cm\/","url":"https:\/\/shop.noor.fi\/tuote\/powerspot-aurinkokennospotti-musta-10-cm\/","name":"Powerspot solcellsspotlight svart 10 cm - Oy Noortrade Ab","isPartOf":{"@id":"https:\/\/shopnoorfi-wp31835.test.cchosting.fi\/#website"},"primaryImageOfPage":{"@id":"https:\/\/shop.noor.fi\/tuote\/powerspot-aurinkokennospotti-musta-10-cm\/#primaryimage"},"image":{"@id":"https:\/\/shop.noor.fi\/tuote\/powerspot-aurinkokennospotti-musta-10-cm\/#primaryimage"},"thumbnailUrl":"https:\/\/shop.noor.fi\/wp-content\/uploads\/2025\/08\/7391482078940.jpg","datePublished":"2025-09-24T06:00:52+00:00","dateModified":"2026-04-10T09:56:04+00:00","breadcrumb":{"@id":"https:\/\/shop.noor.fi\/tuote\/powerspot-aurinkokennospotti-musta-10-cm\/#breadcrumb"},"inLanguage":"sv-SE","potentialAction":[{"@type":"ReadAction","target":["https:\/\/shop.noor.fi\/tuote\/powerspot-aurinkokennospotti-musta-10-cm\/"]}]},{"@type":"ImageObject","inLanguage":"sv-SE","@id":"https:\/\/shop.noor.fi\/tuote\/powerspot-aurinkokennospotti-musta-10-cm\/#primaryimage","url":"https:\/\/shop.noor.fi\/wp-content\/uploads\/2025\/08\/7391482078940.jpg","contentUrl":"https:\/\/shop.noor.fi\/wp-content\/uploads\/2025\/08\/7391482078940.jpg","width":937,"height":1210},{"@type":"BreadcrumbList","@id":"https:\/\/shop.noor.fi\/tuote\/powerspot-aurinkokennospotti-musta-10-cm\/#breadcrumb","itemListElement":[{"@type":"ListItem","position":1,"name":"Etusivu","item":"https:\/\/shop.noor.fi\/sv\/"},{"@type":"ListItem","position":2,"name":"Butik","item":"https:\/\/shopnoorfi-wp31835.test.cchosting.fi\/sv\/butik\/"},{"@type":"ListItem","position":3,"name":"Powerspot solcellsspotlight svart 10 cm"}]},{"@type":"WebSite","@id":"https:\/\/shopnoorfi-wp31835.test.cchosting.fi\/#website","url":"https:\/\/shopnoorfi-wp31835.test.cchosting.fi\/","name":"Oy Noortrade Ab","description":"Finnish family owned company with over 30 years of professional experience in lighting &amp; interior products import and sales - reliably.","publisher":{"@id":"https:\/\/shopnoorfi-wp31835.test.cchosting.fi\/#organization"},"potentialAction":[{"@type":"SearchAction","target":{"@type":"EntryPoint","urlTemplate":"https:\/\/shopnoorfi-wp31835.test.cchosting.fi\/?s={search_term_string}"},"query-input":{"@type":"PropertyValueSpecification","valueRequired":true,"valueName":"search_term_string"}}],"inLanguage":"sv-SE"},{"@type":"Organization","@id":"https:\/\/shopnoorfi-wp31835.test.cchosting.fi\/#organization","name":"Oy Noortrade Ab","url":"https:\/\/shopnoorfi-wp31835.test.cchosting.fi\/","logo":{"@type":"ImageObject","inLanguage":"sv-SE","@id":"https:\/\/shopnoorfi-wp31835.test.cchosting.fi\/#\/schema\/logo\/image\/","url":"https:\/\/shop.noor.fi\/wp-content\/uploads\/2024\/01\/Oy-Noortrade-Ab-Corbel-VERSAL-bold-BLACK.png","contentUrl":"https:\/\/shop.noor.fi\/wp-content\/uploads\/2024\/01\/Oy-Noortrade-Ab-Corbel-VERSAL-bold-BLACK.png","width":721,"height":177,"caption":"Oy Noortrade Ab"},"image":{"@id":"https:\/\/shopnoorfi-wp31835.test.cchosting.fi\/#\/schema\/logo\/image\/"}}]}},"brands":[{"id":28728,"name":"Star Trading","slug":"star-trading"}],"_links":{"self":[{"href":"https:\/\/shop.noor.fi\/sv\/wp-json\/wp\/v2\/product\/138549","targetHints":{"allow":["GET"]}}],"collection":[{"href":"https:\/\/shop.noor.fi\/sv\/wp-json\/wp\/v2\/product"}],"about":[{"href":"https:\/\/shop.noor.fi\/sv\/wp-json\/wp\/v2\/types\/product"}],"replies":[{"embeddable":true,"href":"https:\/\/shop.noor.fi\/sv\/wp-json\/wp\/v2\/comments?post=138549"}],"wp:featuredmedia":[{"embeddable":true,"href":"https:\/\/shop.noor.fi\/sv\/wp-json\/wp\/v2\/media\/135201"}],"wp:attachment":[{"href":"https:\/\/shop.noor.fi\/sv\/wp-json\/wp\/v2\/media?parent=138549"}],"wp:term":[{"taxonomy":"pwb-brand","embeddable":true,"href":"https:\/\/shop.noor.fi\/sv\/wp-json\/wp\/v2\/pwb-brand?post=138549"},{"taxonomy":"product_brand","embeddable":true,"href":"https:\/\/shop.noor.fi\/sv\/wp-json\/wp\/v2\/product_brand?post=138549"},{"taxonomy":"product_cat","embeddable":true,"href":"https:\/\/shop.noor.fi\/sv\/wp-json\/wp\/v2\/product_cat?post=138549"},{"taxonomy":"product_tag","embeddable":true,"href":"https:\/\/shop.noor.fi\/sv\/wp-json\/wp\/v2\/product_tag?post=138549"}],"curies":[{"name":"wp","href":"https:\/\/api.w.org\/{rel}","templated":true}]}}