{"id":138541,"date":"2025-09-24T09:00:56","date_gmt":"2025-09-24T06:00:56","guid":{"rendered":"https:\/\/shop.noor.fi\/product\/oxidog-solcellsdekoration-rost-33-cm\/"},"modified":"2026-03-06T11:31:19","modified_gmt":"2026-03-06T09:31:19","slug":"oxidog-solcellsdekoration-rost-33-cm","status":"publish","type":"product","link":"https:\/\/shop.noor.fi\/sv\/produkt\/oxidog-solcellsdekoration-rost-33-cm\/","title":{"rendered":"Oxidog solcellsdekoration rost 33 cm"},"content":{"rendered":"<p>Oxidog blir fin att dekorera med p\u00e5 en trapp, rabatt eller p\u00e5 en balkong och den \u00e4r lika vacker t\u00e4nd som sl\u00e4ckt. I m\u00f6rkret lyser den upp med ett varmvitt sken och om den placeras mot en v\u00e4gg s\u00e5 bildas det en vacker skuggeffekt.<br \/>\nPlacera produkten s\u00e5 att solen kan n\u00e5 panelen under dagen.<br \/>\nBrinntid med fullt batteri ca 8 timmar.<br \/>\nIntegrerad LED, lampan \u00e4r ej utbytbar.<\/p>\n<p>Bredd 25 cm<br \/>\nDjup 15 cm<br \/>\nH\u00f6jd 33 cm<\/p>\n<p>Obs!<br \/>\nSolcellspanelen beh\u00f6ver riktas mot solen f\u00f6r optimal laddning av batteri<br \/>\nProdukten har en skymningsrel\u00e4 och lyser d\u00e4rf\u00f6r endast under de m\u00f6rka timmarna<\/p>\n<p>Mer information om solcellsprodukter finns i Solar-guiden under fliken Nedladdningar.<\/p>\n","protected":false},"excerpt":{"rendered":"<p>Oxidog blir fin att dekorera med p\u00e5 en trapp, rabatt eller p\u00e5 en balkong och den \u00e4r lika vacker t\u00e4nd som sl\u00e4ckt. I m\u00f6rkret lyser den upp med ett varmvitt sken och om den placeras mot en v\u00e4gg s\u00e5 bildas det en vacker skuggeffekt. Placera produkten s\u00e5 att solen kan n\u00e5 panelen under dagen. Brinntid [&hellip;]<\/p>\n","protected":false},"featured_media":135263,"comment_status":"open","ping_status":"closed","template":"","meta":{"_acf_changed":false,"_relevanssi_hide_post":"","_relevanssi_hide_content":"","_relevanssi_pin_for_all":"","_relevanssi_pin_keywords":"","_relevanssi_unpin_keywords":"","_relevanssi_related_keywords":"","_relevanssi_related_include_ids":"","_relevanssi_related_exclude_ids":"","_relevanssi_related_no_append":"","_relevanssi_related_not_related":"","_relevanssi_related_posts":"","_relevanssi_noindex_reason":""},"pwb-brand":[28728,37491],"product_brand":[],"product_cat":[32037,31795,32009,31941],"product_tag":[],"class_list":{"0":"post-138541","1":"product","2":"type-product","3":"status-publish","4":"has-post-thumbnail","6":"pwb-brand-star-trading","7":"pwb-brand-star-trading-sv","8":"product_cat-dekoration-ovrigt","9":"product_cat-joulu-ja-sesonkivalot","10":"product_cat-jul-och-sasongsbelysning","11":"product_cat-koristevalaisimet","13":"first","14":"instock","15":"taxable","16":"shipping-taxable","17":"purchasable","18":"product-type-simple"},"acf":[],"yoast_head":"<!-- This site is optimized with the Yoast SEO plugin v27.5 - https:\/\/yoast.com\/product\/yoast-seo-wordpress\/ -->\n<title>Oxidog solcellsdekoration rost 33 cm - Oy Noortrade Ab<\/title>\n<meta name=\"robots\" content=\"index, follow, max-snippet:-1, max-image-preview:large, max-video-preview:-1\" \/>\n<link rel=\"canonical\" href=\"https:\/\/shop.noor.fi\/produkt\/oxidog-aurinkokennokoriste-ruoste-33-cm\/\" \/>\n<meta property=\"og:locale\" content=\"sv_SE\" \/>\n<meta property=\"og:type\" content=\"article\" \/>\n<meta property=\"og:title\" content=\"Oxidog solcellsdekoration rost 33 cm - Oy Noortrade Ab\" \/>\n<meta property=\"og:description\" content=\"Oxidog blir fin att dekorera med p\u00e5 en trapp, rabatt eller p\u00e5 en balkong och den \u00e4r lika vacker t\u00e4nd som sl\u00e4ckt. I m\u00f6rkret lyser den upp med ett varmvitt sken och om den placeras mot en v\u00e4gg s\u00e5 bildas det en vacker skuggeffekt. Placera produkten s\u00e5 att solen kan n\u00e5 panelen under dagen. Brinntid [&hellip;]\" \/>\n<meta property=\"og:url\" content=\"https:\/\/shop.noor.fi\/produkt\/oxidog-aurinkokennokoriste-ruoste-33-cm\/\" \/>\n<meta property=\"og:site_name\" content=\"Oy Noortrade Ab\" \/>\n<meta property=\"article:modified_time\" content=\"2026-03-06T09:31:19+00:00\" \/>\n<meta property=\"og:image\" content=\"https:\/\/shop.noor.fi\/wp-content\/uploads\/2025\/08\/7391482079220.jpg\" \/>\n\t<meta property=\"og:image:width\" content=\"894\" \/>\n\t<meta property=\"og:image:height\" content=\"1210\" \/>\n\t<meta property=\"og:image:type\" content=\"image\/jpeg\" \/>\n<meta name=\"twitter:card\" content=\"summary_large_image\" \/>\n<meta name=\"twitter:label1\" content=\"Ber\u00e4knad l\u00e4stid\" \/>\n\t<meta name=\"twitter:data1\" content=\"1 minut\" \/>\n<script type=\"application\/ld+json\" class=\"yoast-schema-graph\">{\"@context\":\"https:\\\/\\\/schema.org\",\"@graph\":[{\"@type\":\"WebPage\",\"@id\":\"https:\\\/\\\/shop.noor.fi\\\/produkt\\\/oxidog-aurinkokennokoriste-ruoste-33-cm\\\/\",\"url\":\"https:\\\/\\\/shop.noor.fi\\\/produkt\\\/oxidog-aurinkokennokoriste-ruoste-33-cm\\\/\",\"name\":\"Oxidog solcellsdekoration rost 33 cm - Oy Noortrade Ab\",\"isPartOf\":{\"@id\":\"https:\\\/\\\/shopnoorfi-wp31835.test.cchosting.fi\\\/#website\"},\"primaryImageOfPage\":{\"@id\":\"https:\\\/\\\/shop.noor.fi\\\/produkt\\\/oxidog-aurinkokennokoriste-ruoste-33-cm\\\/#primaryimage\"},\"image\":{\"@id\":\"https:\\\/\\\/shop.noor.fi\\\/produkt\\\/oxidog-aurinkokennokoriste-ruoste-33-cm\\\/#primaryimage\"},\"thumbnailUrl\":\"https:\\\/\\\/shop.noor.fi\\\/wp-content\\\/uploads\\\/2025\\\/08\\\/7391482079220.jpg\",\"datePublished\":\"2025-09-24T06:00:56+00:00\",\"dateModified\":\"2026-03-06T09:31:19+00:00\",\"breadcrumb\":{\"@id\":\"https:\\\/\\\/shop.noor.fi\\\/produkt\\\/oxidog-aurinkokennokoriste-ruoste-33-cm\\\/#breadcrumb\"},\"inLanguage\":\"sv-SE\",\"potentialAction\":[{\"@type\":\"ReadAction\",\"target\":[\"https:\\\/\\\/shop.noor.fi\\\/produkt\\\/oxidog-aurinkokennokoriste-ruoste-33-cm\\\/\"]}]},{\"@type\":\"ImageObject\",\"inLanguage\":\"sv-SE\",\"@id\":\"https:\\\/\\\/shop.noor.fi\\\/produkt\\\/oxidog-aurinkokennokoriste-ruoste-33-cm\\\/#primaryimage\",\"url\":\"https:\\\/\\\/shop.noor.fi\\\/wp-content\\\/uploads\\\/2025\\\/08\\\/7391482079220.jpg\",\"contentUrl\":\"https:\\\/\\\/shop.noor.fi\\\/wp-content\\\/uploads\\\/2025\\\/08\\\/7391482079220.jpg\",\"width\":894,\"height\":1210},{\"@type\":\"BreadcrumbList\",\"@id\":\"https:\\\/\\\/shop.noor.fi\\\/produkt\\\/oxidog-aurinkokennokoriste-ruoste-33-cm\\\/#breadcrumb\",\"itemListElement\":[{\"@type\":\"ListItem\",\"position\":1,\"name\":\"Etusivu\",\"item\":\"https:\\\/\\\/shop.noor.fi\\\/sv\\\/\"},{\"@type\":\"ListItem\",\"position\":2,\"name\":\"Butik\",\"item\":\"https:\\\/\\\/shopnoorfi-wp31835.test.cchosting.fi\\\/sv\\\/butik\\\/\"},{\"@type\":\"ListItem\",\"position\":3,\"name\":\"Oxidog solcellsdekoration rost 33 cm\"}]},{\"@type\":\"WebSite\",\"@id\":\"https:\\\/\\\/shopnoorfi-wp31835.test.cchosting.fi\\\/#website\",\"url\":\"https:\\\/\\\/shopnoorfi-wp31835.test.cchosting.fi\\\/\",\"name\":\"Oy Noortrade Ab\",\"description\":\"Finnish family owned company with over 30 years of professional experience in lighting &amp; interior products import and sales - reliably.\",\"publisher\":{\"@id\":\"https:\\\/\\\/shopnoorfi-wp31835.test.cchosting.fi\\\/#organization\"},\"potentialAction\":[{\"@type\":\"SearchAction\",\"target\":{\"@type\":\"EntryPoint\",\"urlTemplate\":\"https:\\\/\\\/shopnoorfi-wp31835.test.cchosting.fi\\\/?s={search_term_string}\"},\"query-input\":{\"@type\":\"PropertyValueSpecification\",\"valueRequired\":true,\"valueName\":\"search_term_string\"}}],\"inLanguage\":\"sv-SE\"},{\"@type\":\"Organization\",\"@id\":\"https:\\\/\\\/shopnoorfi-wp31835.test.cchosting.fi\\\/#organization\",\"name\":\"Oy Noortrade Ab\",\"url\":\"https:\\\/\\\/shopnoorfi-wp31835.test.cchosting.fi\\\/\",\"logo\":{\"@type\":\"ImageObject\",\"inLanguage\":\"sv-SE\",\"@id\":\"https:\\\/\\\/shopnoorfi-wp31835.test.cchosting.fi\\\/#\\\/schema\\\/logo\\\/image\\\/\",\"url\":\"https:\\\/\\\/shop.noor.fi\\\/wp-content\\\/uploads\\\/2024\\\/01\\\/Oy-Noortrade-Ab-Corbel-VERSAL-bold-BLACK.png\",\"contentUrl\":\"https:\\\/\\\/shop.noor.fi\\\/wp-content\\\/uploads\\\/2024\\\/01\\\/Oy-Noortrade-Ab-Corbel-VERSAL-bold-BLACK.png\",\"width\":721,\"height\":177,\"caption\":\"Oy Noortrade Ab\"},\"image\":{\"@id\":\"https:\\\/\\\/shopnoorfi-wp31835.test.cchosting.fi\\\/#\\\/schema\\\/logo\\\/image\\\/\"}}]}<\/script>\n<!-- \/ Yoast SEO plugin. -->","yoast_head_json":{"title":"Oxidog solcellsdekoration rost 33 cm - Oy Noortrade Ab","robots":{"index":"index","follow":"follow","max-snippet":"max-snippet:-1","max-image-preview":"max-image-preview:large","max-video-preview":"max-video-preview:-1"},"canonical":"https:\/\/shop.noor.fi\/produkt\/oxidog-aurinkokennokoriste-ruoste-33-cm\/","og_locale":"sv_SE","og_type":"article","og_title":"Oxidog solcellsdekoration rost 33 cm - Oy Noortrade Ab","og_description":"Oxidog blir fin att dekorera med p\u00e5 en trapp, rabatt eller p\u00e5 en balkong och den \u00e4r lika vacker t\u00e4nd som sl\u00e4ckt. I m\u00f6rkret lyser den upp med ett varmvitt sken och om den placeras mot en v\u00e4gg s\u00e5 bildas det en vacker skuggeffekt. Placera produkten s\u00e5 att solen kan n\u00e5 panelen under dagen. Brinntid [&hellip;]","og_url":"https:\/\/shop.noor.fi\/produkt\/oxidog-aurinkokennokoriste-ruoste-33-cm\/","og_site_name":"Oy Noortrade Ab","article_modified_time":"2026-03-06T09:31:19+00:00","og_image":[{"width":894,"height":1210,"url":"https:\/\/shop.noor.fi\/wp-content\/uploads\/2025\/08\/7391482079220.jpg","type":"image\/jpeg"}],"twitter_card":"summary_large_image","twitter_misc":{"Ber\u00e4knad l\u00e4stid":"1 minut"},"schema":{"@context":"https:\/\/schema.org","@graph":[{"@type":"WebPage","@id":"https:\/\/shop.noor.fi\/produkt\/oxidog-aurinkokennokoriste-ruoste-33-cm\/","url":"https:\/\/shop.noor.fi\/produkt\/oxidog-aurinkokennokoriste-ruoste-33-cm\/","name":"Oxidog solcellsdekoration rost 33 cm - Oy Noortrade Ab","isPartOf":{"@id":"https:\/\/shopnoorfi-wp31835.test.cchosting.fi\/#website"},"primaryImageOfPage":{"@id":"https:\/\/shop.noor.fi\/produkt\/oxidog-aurinkokennokoriste-ruoste-33-cm\/#primaryimage"},"image":{"@id":"https:\/\/shop.noor.fi\/produkt\/oxidog-aurinkokennokoriste-ruoste-33-cm\/#primaryimage"},"thumbnailUrl":"https:\/\/shop.noor.fi\/wp-content\/uploads\/2025\/08\/7391482079220.jpg","datePublished":"2025-09-24T06:00:56+00:00","dateModified":"2026-03-06T09:31:19+00:00","breadcrumb":{"@id":"https:\/\/shop.noor.fi\/produkt\/oxidog-aurinkokennokoriste-ruoste-33-cm\/#breadcrumb"},"inLanguage":"sv-SE","potentialAction":[{"@type":"ReadAction","target":["https:\/\/shop.noor.fi\/produkt\/oxidog-aurinkokennokoriste-ruoste-33-cm\/"]}]},{"@type":"ImageObject","inLanguage":"sv-SE","@id":"https:\/\/shop.noor.fi\/produkt\/oxidog-aurinkokennokoriste-ruoste-33-cm\/#primaryimage","url":"https:\/\/shop.noor.fi\/wp-content\/uploads\/2025\/08\/7391482079220.jpg","contentUrl":"https:\/\/shop.noor.fi\/wp-content\/uploads\/2025\/08\/7391482079220.jpg","width":894,"height":1210},{"@type":"BreadcrumbList","@id":"https:\/\/shop.noor.fi\/produkt\/oxidog-aurinkokennokoriste-ruoste-33-cm\/#breadcrumb","itemListElement":[{"@type":"ListItem","position":1,"name":"Etusivu","item":"https:\/\/shop.noor.fi\/sv\/"},{"@type":"ListItem","position":2,"name":"Butik","item":"https:\/\/shopnoorfi-wp31835.test.cchosting.fi\/sv\/butik\/"},{"@type":"ListItem","position":3,"name":"Oxidog solcellsdekoration rost 33 cm"}]},{"@type":"WebSite","@id":"https:\/\/shopnoorfi-wp31835.test.cchosting.fi\/#website","url":"https:\/\/shopnoorfi-wp31835.test.cchosting.fi\/","name":"Oy Noortrade Ab","description":"Finnish family owned company with over 30 years of professional experience in lighting &amp; interior products import and sales - reliably.","publisher":{"@id":"https:\/\/shopnoorfi-wp31835.test.cchosting.fi\/#organization"},"potentialAction":[{"@type":"SearchAction","target":{"@type":"EntryPoint","urlTemplate":"https:\/\/shopnoorfi-wp31835.test.cchosting.fi\/?s={search_term_string}"},"query-input":{"@type":"PropertyValueSpecification","valueRequired":true,"valueName":"search_term_string"}}],"inLanguage":"sv-SE"},{"@type":"Organization","@id":"https:\/\/shopnoorfi-wp31835.test.cchosting.fi\/#organization","name":"Oy Noortrade Ab","url":"https:\/\/shopnoorfi-wp31835.test.cchosting.fi\/","logo":{"@type":"ImageObject","inLanguage":"sv-SE","@id":"https:\/\/shopnoorfi-wp31835.test.cchosting.fi\/#\/schema\/logo\/image\/","url":"https:\/\/shop.noor.fi\/wp-content\/uploads\/2024\/01\/Oy-Noortrade-Ab-Corbel-VERSAL-bold-BLACK.png","contentUrl":"https:\/\/shop.noor.fi\/wp-content\/uploads\/2024\/01\/Oy-Noortrade-Ab-Corbel-VERSAL-bold-BLACK.png","width":721,"height":177,"caption":"Oy Noortrade Ab"},"image":{"@id":"https:\/\/shopnoorfi-wp31835.test.cchosting.fi\/#\/schema\/logo\/image\/"}}]}},"brands":[{"id":37491,"name":"Star Trading","slug":"star-trading-sv"},{"id":28728,"name":"Star Trading","slug":"star-trading"}],"_links":{"self":[{"href":"https:\/\/shop.noor.fi\/sv\/wp-json\/wp\/v2\/product\/138541","targetHints":{"allow":["GET"]}}],"collection":[{"href":"https:\/\/shop.noor.fi\/sv\/wp-json\/wp\/v2\/product"}],"about":[{"href":"https:\/\/shop.noor.fi\/sv\/wp-json\/wp\/v2\/types\/product"}],"replies":[{"embeddable":true,"href":"https:\/\/shop.noor.fi\/sv\/wp-json\/wp\/v2\/comments?post=138541"}],"wp:featuredmedia":[{"embeddable":true,"href":"https:\/\/shop.noor.fi\/sv\/wp-json\/wp\/v2\/media\/135263"}],"wp:attachment":[{"href":"https:\/\/shop.noor.fi\/sv\/wp-json\/wp\/v2\/media?parent=138541"}],"wp:term":[{"taxonomy":"pwb-brand","embeddable":true,"href":"https:\/\/shop.noor.fi\/sv\/wp-json\/wp\/v2\/pwb-brand?post=138541"},{"taxonomy":"product_brand","embeddable":true,"href":"https:\/\/shop.noor.fi\/sv\/wp-json\/wp\/v2\/product_brand?post=138541"},{"taxonomy":"product_cat","embeddable":true,"href":"https:\/\/shop.noor.fi\/sv\/wp-json\/wp\/v2\/product_cat?post=138541"},{"taxonomy":"product_tag","embeddable":true,"href":"https:\/\/shop.noor.fi\/sv\/wp-json\/wp\/v2\/product_tag?post=138541"}],"curies":[{"name":"wp","href":"https:\/\/api.w.org\/{rel}","templated":true}]}}