{"id":137420,"date":"2025-09-01T23:59:09","date_gmt":"2025-09-01T20:59:09","guid":{"rendered":"https:\/\/shop.noor.fi\/product\/ottawa-julgran-gron-180-cm-med-led\/"},"modified":"2026-04-07T15:39:20","modified_gmt":"2026-04-07T12:39:20","slug":"ottawa-julgran-gron-180-cm-med-led","status":"publish","type":"product","link":"https:\/\/shop.noor.fi\/sv\/produkt\/ottawa-julgran-gron-180-cm-med-led\/","title":{"rendered":"Ottawa julgran gr\u00f6n 180 cm, med LED"},"content":{"rendered":"<p>Konstgranen Ottawa \u00e4r gjord av PVC och har rundklippta tips. Grenarna \u00e4r fastlindade direkt p\u00e5 stammen och ger m\u00f6jlighet att ge granen den form man \u00f6nskar, antingen ned\u00e5th\u00e4ngande grenar, eller mer raka grenar Denna gran \u00e4r 180cm h\u00f6g och har en klassisk A-form. Med 350 sm\u00e5 ljuspunkter vackert f\u00f6rdelade \u00f6ver granen lyser den upp med ett mjukt varmvitt sken. Granen g\u00e5r att anv\u00e4nda b\u00e5de inomhus och utomhus.<br \/>\nGranfot i metall ing\u00e5r.<br \/>\nSladdl\u00e4ngd 500 cm.<br \/>\nIntegrerad LED, lamporna \u00e4r ej utbytbara.<\/p>\n<p>Diameter 100 cm<br \/>\nH\u00f6jd 180 cm<\/p>\n<p>Ottawa serien \u00e4r prisv\u00e4rd och finns som granar, kransar och girlanger.<\/p>\n","protected":false},"excerpt":{"rendered":"<p>Konstgranen Ottawa \u00e4r gjord av PVC och har rundklippta tips. Grenarna \u00e4r fastlindade direkt p\u00e5 stammen och ger m\u00f6jlighet att ge granen den form man \u00f6nskar, antingen ned\u00e5th\u00e4ngande grenar, eller mer raka grenar Denna gran \u00e4r 180cm h\u00f6g och har en klassisk A-form. Med 350 sm\u00e5 ljuspunkter vackert f\u00f6rdelade \u00f6ver granen lyser den upp med [&hellip;]<\/p>\n","protected":false},"featured_media":137422,"comment_status":"open","ping_status":"closed","template":"","meta":{"_acf_changed":false,"_relevanssi_hide_post":"","_relevanssi_hide_content":"","_relevanssi_pin_for_all":"","_relevanssi_pin_keywords":"","_relevanssi_unpin_keywords":"","_relevanssi_related_keywords":"","_relevanssi_related_include_ids":"","_relevanssi_related_exclude_ids":"","_relevanssi_related_no_append":"","_relevanssi_related_not_related":"","_relevanssi_related_posts":"","_relevanssi_noindex_reason":""},"pwb-brand":[37491,28728],"product_brand":[],"product_cat":[32013],"product_tag":[],"class_list":{"0":"post-137420","1":"product","2":"type-product","3":"status-publish","4":"has-post-thumbnail","6":"pwb-brand-star-trading-sv","7":"pwb-brand-star-trading","8":"product_cat-julgranar-med-belysning","10":"first","11":"instock","12":"taxable","13":"shipping-taxable","14":"purchasable","15":"product-type-simple"},"acf":[],"yoast_head":"<!-- This site is optimized with the Yoast SEO plugin v27.5 - https:\/\/yoast.com\/product\/yoast-seo-wordpress\/ -->\n<title>Ottawa julgran gr\u00f6n 180 cm, med LED - Oy Noortrade Ab<\/title>\n<meta name=\"robots\" content=\"index, follow, max-snippet:-1, max-image-preview:large, max-video-preview:-1\" \/>\n<link rel=\"canonical\" href=\"https:\/\/shop.noor.fi\/sv\/produkt\/ottawa-julgran-gron-180-cm-med-led\/\" \/>\n<meta property=\"og:locale\" content=\"sv_SE\" \/>\n<meta property=\"og:type\" content=\"article\" \/>\n<meta property=\"og:title\" content=\"Ottawa julgran gr\u00f6n 180 cm, med LED - Oy Noortrade Ab\" \/>\n<meta property=\"og:description\" content=\"Konstgranen Ottawa \u00e4r gjord av PVC och har rundklippta tips. Grenarna \u00e4r fastlindade direkt p\u00e5 stammen och ger m\u00f6jlighet att ge granen den form man \u00f6nskar, antingen ned\u00e5th\u00e4ngande grenar, eller mer raka grenar Denna gran \u00e4r 180cm h\u00f6g och har en klassisk A-form. Med 350 sm\u00e5 ljuspunkter vackert f\u00f6rdelade \u00f6ver granen lyser den upp med [&hellip;]\" \/>\n<meta property=\"og:url\" content=\"https:\/\/shop.noor.fi\/sv\/produkt\/ottawa-julgran-gron-180-cm-med-led\/\" \/>\n<meta property=\"og:site_name\" content=\"Oy Noortrade Ab\" \/>\n<meta property=\"article:modified_time\" content=\"2026-04-07T12:39:20+00:00\" \/>\n<meta property=\"og:image\" content=\"https:\/\/shop.noor.fi\/wp-content\/uploads\/2025\/09\/SR-609-02-1.jpg\" \/>\n\t<meta property=\"og:image:width\" content=\"620\" \/>\n\t<meta property=\"og:image:height\" content=\"1210\" \/>\n\t<meta property=\"og:image:type\" content=\"image\/jpeg\" \/>\n<meta name=\"twitter:card\" content=\"summary_large_image\" \/>\n<meta name=\"twitter:label1\" content=\"Ber\u00e4knad l\u00e4stid\" \/>\n\t<meta name=\"twitter:data1\" content=\"1 minut\" \/>\n<script type=\"application\/ld+json\" class=\"yoast-schema-graph\">{\"@context\":\"https:\\\/\\\/schema.org\",\"@graph\":[{\"@type\":\"WebPage\",\"@id\":\"https:\\\/\\\/shop.noor.fi\\\/sv\\\/produkt\\\/ottawa-julgran-gron-180-cm-med-led\\\/\",\"url\":\"https:\\\/\\\/shop.noor.fi\\\/sv\\\/produkt\\\/ottawa-julgran-gron-180-cm-med-led\\\/\",\"name\":\"Ottawa julgran gr\u00f6n 180 cm, med LED - Oy Noortrade Ab\",\"isPartOf\":{\"@id\":\"https:\\\/\\\/shopnoorfi-wp31835.test.cchosting.fi\\\/#website\"},\"primaryImageOfPage\":{\"@id\":\"https:\\\/\\\/shop.noor.fi\\\/sv\\\/produkt\\\/ottawa-julgran-gron-180-cm-med-led\\\/#primaryimage\"},\"image\":{\"@id\":\"https:\\\/\\\/shop.noor.fi\\\/sv\\\/produkt\\\/ottawa-julgran-gron-180-cm-med-led\\\/#primaryimage\"},\"thumbnailUrl\":\"https:\\\/\\\/shop.noor.fi\\\/wp-content\\\/uploads\\\/2025\\\/09\\\/SR-609-02-1.jpg\",\"datePublished\":\"2025-09-01T20:59:09+00:00\",\"dateModified\":\"2026-04-07T12:39:20+00:00\",\"breadcrumb\":{\"@id\":\"https:\\\/\\\/shop.noor.fi\\\/sv\\\/produkt\\\/ottawa-julgran-gron-180-cm-med-led\\\/#breadcrumb\"},\"inLanguage\":\"sv-SE\",\"potentialAction\":[{\"@type\":\"ReadAction\",\"target\":[\"https:\\\/\\\/shop.noor.fi\\\/sv\\\/produkt\\\/ottawa-julgran-gron-180-cm-med-led\\\/\"]}]},{\"@type\":\"ImageObject\",\"inLanguage\":\"sv-SE\",\"@id\":\"https:\\\/\\\/shop.noor.fi\\\/sv\\\/produkt\\\/ottawa-julgran-gron-180-cm-med-led\\\/#primaryimage\",\"url\":\"https:\\\/\\\/shop.noor.fi\\\/wp-content\\\/uploads\\\/2025\\\/09\\\/SR-609-02-1.jpg\",\"contentUrl\":\"https:\\\/\\\/shop.noor.fi\\\/wp-content\\\/uploads\\\/2025\\\/09\\\/SR-609-02-1.jpg\",\"width\":620,\"height\":1210},{\"@type\":\"BreadcrumbList\",\"@id\":\"https:\\\/\\\/shop.noor.fi\\\/sv\\\/produkt\\\/ottawa-julgran-gron-180-cm-med-led\\\/#breadcrumb\",\"itemListElement\":[{\"@type\":\"ListItem\",\"position\":1,\"name\":\"Etusivu\",\"item\":\"https:\\\/\\\/shop.noor.fi\\\/sv\\\/\"},{\"@type\":\"ListItem\",\"position\":2,\"name\":\"Butik\",\"item\":\"https:\\\/\\\/shopnoorfi-wp31835.test.cchosting.fi\\\/sv\\\/butik\\\/\"},{\"@type\":\"ListItem\",\"position\":3,\"name\":\"Ottawa julgran gr\u00f6n 180 cm, med LED\"}]},{\"@type\":\"WebSite\",\"@id\":\"https:\\\/\\\/shopnoorfi-wp31835.test.cchosting.fi\\\/#website\",\"url\":\"https:\\\/\\\/shopnoorfi-wp31835.test.cchosting.fi\\\/\",\"name\":\"Oy Noortrade Ab\",\"description\":\"Finnish family owned company with over 30 years of professional experience in lighting &amp; interior products import and sales - reliably.\",\"publisher\":{\"@id\":\"https:\\\/\\\/shopnoorfi-wp31835.test.cchosting.fi\\\/#organization\"},\"potentialAction\":[{\"@type\":\"SearchAction\",\"target\":{\"@type\":\"EntryPoint\",\"urlTemplate\":\"https:\\\/\\\/shopnoorfi-wp31835.test.cchosting.fi\\\/?s={search_term_string}\"},\"query-input\":{\"@type\":\"PropertyValueSpecification\",\"valueRequired\":true,\"valueName\":\"search_term_string\"}}],\"inLanguage\":\"sv-SE\"},{\"@type\":\"Organization\",\"@id\":\"https:\\\/\\\/shopnoorfi-wp31835.test.cchosting.fi\\\/#organization\",\"name\":\"Oy Noortrade Ab\",\"url\":\"https:\\\/\\\/shopnoorfi-wp31835.test.cchosting.fi\\\/\",\"logo\":{\"@type\":\"ImageObject\",\"inLanguage\":\"sv-SE\",\"@id\":\"https:\\\/\\\/shopnoorfi-wp31835.test.cchosting.fi\\\/#\\\/schema\\\/logo\\\/image\\\/\",\"url\":\"https:\\\/\\\/shop.noor.fi\\\/wp-content\\\/uploads\\\/2024\\\/01\\\/Oy-Noortrade-Ab-Corbel-VERSAL-bold-BLACK.png\",\"contentUrl\":\"https:\\\/\\\/shop.noor.fi\\\/wp-content\\\/uploads\\\/2024\\\/01\\\/Oy-Noortrade-Ab-Corbel-VERSAL-bold-BLACK.png\",\"width\":721,\"height\":177,\"caption\":\"Oy Noortrade Ab\"},\"image\":{\"@id\":\"https:\\\/\\\/shopnoorfi-wp31835.test.cchosting.fi\\\/#\\\/schema\\\/logo\\\/image\\\/\"}}]}<\/script>\n<!-- \/ Yoast SEO plugin. -->","yoast_head_json":{"title":"Ottawa julgran gr\u00f6n 180 cm, med LED - Oy Noortrade Ab","robots":{"index":"index","follow":"follow","max-snippet":"max-snippet:-1","max-image-preview":"max-image-preview:large","max-video-preview":"max-video-preview:-1"},"canonical":"https:\/\/shop.noor.fi\/sv\/produkt\/ottawa-julgran-gron-180-cm-med-led\/","og_locale":"sv_SE","og_type":"article","og_title":"Ottawa julgran gr\u00f6n 180 cm, med LED - Oy Noortrade Ab","og_description":"Konstgranen Ottawa \u00e4r gjord av PVC och har rundklippta tips. Grenarna \u00e4r fastlindade direkt p\u00e5 stammen och ger m\u00f6jlighet att ge granen den form man \u00f6nskar, antingen ned\u00e5th\u00e4ngande grenar, eller mer raka grenar Denna gran \u00e4r 180cm h\u00f6g och har en klassisk A-form. Med 350 sm\u00e5 ljuspunkter vackert f\u00f6rdelade \u00f6ver granen lyser den upp med [&hellip;]","og_url":"https:\/\/shop.noor.fi\/sv\/produkt\/ottawa-julgran-gron-180-cm-med-led\/","og_site_name":"Oy Noortrade Ab","article_modified_time":"2026-04-07T12:39:20+00:00","og_image":[{"width":620,"height":1210,"url":"https:\/\/shop.noor.fi\/wp-content\/uploads\/2025\/09\/SR-609-02-1.jpg","type":"image\/jpeg"}],"twitter_card":"summary_large_image","twitter_misc":{"Ber\u00e4knad l\u00e4stid":"1 minut"},"schema":{"@context":"https:\/\/schema.org","@graph":[{"@type":"WebPage","@id":"https:\/\/shop.noor.fi\/sv\/produkt\/ottawa-julgran-gron-180-cm-med-led\/","url":"https:\/\/shop.noor.fi\/sv\/produkt\/ottawa-julgran-gron-180-cm-med-led\/","name":"Ottawa julgran gr\u00f6n 180 cm, med LED - Oy Noortrade Ab","isPartOf":{"@id":"https:\/\/shopnoorfi-wp31835.test.cchosting.fi\/#website"},"primaryImageOfPage":{"@id":"https:\/\/shop.noor.fi\/sv\/produkt\/ottawa-julgran-gron-180-cm-med-led\/#primaryimage"},"image":{"@id":"https:\/\/shop.noor.fi\/sv\/produkt\/ottawa-julgran-gron-180-cm-med-led\/#primaryimage"},"thumbnailUrl":"https:\/\/shop.noor.fi\/wp-content\/uploads\/2025\/09\/SR-609-02-1.jpg","datePublished":"2025-09-01T20:59:09+00:00","dateModified":"2026-04-07T12:39:20+00:00","breadcrumb":{"@id":"https:\/\/shop.noor.fi\/sv\/produkt\/ottawa-julgran-gron-180-cm-med-led\/#breadcrumb"},"inLanguage":"sv-SE","potentialAction":[{"@type":"ReadAction","target":["https:\/\/shop.noor.fi\/sv\/produkt\/ottawa-julgran-gron-180-cm-med-led\/"]}]},{"@type":"ImageObject","inLanguage":"sv-SE","@id":"https:\/\/shop.noor.fi\/sv\/produkt\/ottawa-julgran-gron-180-cm-med-led\/#primaryimage","url":"https:\/\/shop.noor.fi\/wp-content\/uploads\/2025\/09\/SR-609-02-1.jpg","contentUrl":"https:\/\/shop.noor.fi\/wp-content\/uploads\/2025\/09\/SR-609-02-1.jpg","width":620,"height":1210},{"@type":"BreadcrumbList","@id":"https:\/\/shop.noor.fi\/sv\/produkt\/ottawa-julgran-gron-180-cm-med-led\/#breadcrumb","itemListElement":[{"@type":"ListItem","position":1,"name":"Etusivu","item":"https:\/\/shop.noor.fi\/sv\/"},{"@type":"ListItem","position":2,"name":"Butik","item":"https:\/\/shopnoorfi-wp31835.test.cchosting.fi\/sv\/butik\/"},{"@type":"ListItem","position":3,"name":"Ottawa julgran gr\u00f6n 180 cm, med LED"}]},{"@type":"WebSite","@id":"https:\/\/shopnoorfi-wp31835.test.cchosting.fi\/#website","url":"https:\/\/shopnoorfi-wp31835.test.cchosting.fi\/","name":"Oy Noortrade Ab","description":"Finnish family owned company with over 30 years of professional experience in lighting &amp; interior products import and sales - reliably.","publisher":{"@id":"https:\/\/shopnoorfi-wp31835.test.cchosting.fi\/#organization"},"potentialAction":[{"@type":"SearchAction","target":{"@type":"EntryPoint","urlTemplate":"https:\/\/shopnoorfi-wp31835.test.cchosting.fi\/?s={search_term_string}"},"query-input":{"@type":"PropertyValueSpecification","valueRequired":true,"valueName":"search_term_string"}}],"inLanguage":"sv-SE"},{"@type":"Organization","@id":"https:\/\/shopnoorfi-wp31835.test.cchosting.fi\/#organization","name":"Oy Noortrade Ab","url":"https:\/\/shopnoorfi-wp31835.test.cchosting.fi\/","logo":{"@type":"ImageObject","inLanguage":"sv-SE","@id":"https:\/\/shopnoorfi-wp31835.test.cchosting.fi\/#\/schema\/logo\/image\/","url":"https:\/\/shop.noor.fi\/wp-content\/uploads\/2024\/01\/Oy-Noortrade-Ab-Corbel-VERSAL-bold-BLACK.png","contentUrl":"https:\/\/shop.noor.fi\/wp-content\/uploads\/2024\/01\/Oy-Noortrade-Ab-Corbel-VERSAL-bold-BLACK.png","width":721,"height":177,"caption":"Oy Noortrade Ab"},"image":{"@id":"https:\/\/shopnoorfi-wp31835.test.cchosting.fi\/#\/schema\/logo\/image\/"}}]}},"brands":[{"id":28728,"name":"Star Trading","slug":"star-trading"},{"id":37491,"name":"Star Trading","slug":"star-trading-sv"}],"_links":{"self":[{"href":"https:\/\/shop.noor.fi\/sv\/wp-json\/wp\/v2\/product\/137420","targetHints":{"allow":["GET"]}}],"collection":[{"href":"https:\/\/shop.noor.fi\/sv\/wp-json\/wp\/v2\/product"}],"about":[{"href":"https:\/\/shop.noor.fi\/sv\/wp-json\/wp\/v2\/types\/product"}],"replies":[{"embeddable":true,"href":"https:\/\/shop.noor.fi\/sv\/wp-json\/wp\/v2\/comments?post=137420"}],"wp:featuredmedia":[{"embeddable":true,"href":"https:\/\/shop.noor.fi\/sv\/wp-json\/wp\/v2\/media\/137422"}],"wp:attachment":[{"href":"https:\/\/shop.noor.fi\/sv\/wp-json\/wp\/v2\/media?parent=137420"}],"wp:term":[{"taxonomy":"pwb-brand","embeddable":true,"href":"https:\/\/shop.noor.fi\/sv\/wp-json\/wp\/v2\/pwb-brand?post=137420"},{"taxonomy":"product_brand","embeddable":true,"href":"https:\/\/shop.noor.fi\/sv\/wp-json\/wp\/v2\/product_brand?post=137420"},{"taxonomy":"product_cat","embeddable":true,"href":"https:\/\/shop.noor.fi\/sv\/wp-json\/wp\/v2\/product_cat?post=137420"},{"taxonomy":"product_tag","embeddable":true,"href":"https:\/\/shop.noor.fi\/sv\/wp-json\/wp\/v2\/product_tag?post=137420"}],"curies":[{"name":"wp","href":"https:\/\/api.w.org\/{rel}","templated":true}]}}