{"id":137056,"date":"2026-01-13T10:54:42","date_gmt":"2026-01-13T08:54:42","guid":{"rendered":"https:\/\/shop.noor.fi\/product\/polarbox-coolerbag-6l-pink-pop\/"},"modified":"2026-04-23T20:10:11","modified_gmt":"2026-04-23T17:10:11","slug":"polarbox-coolerbag-6l-pink-pop","status":"publish","type":"product","link":"https:\/\/shop.noor.fi\/sv\/produkt\/polarbox-coolerbag-6l-pink-pop\/","title":{"rendered":"Polarbox CoolerBag 6L Pink POP"},"content":{"rendered":"<p>Polarbox CoolerBag \u00e4r en s\u00f6t och praktisk liten kylv\u00e4ska med tv\u00e5 matl\u00e5dor. Denna h\u00f6gklassiga 5 liters retro-vintage kylv\u00e4ska i h\u00e5rd plast \u00e4r beh\u00e4ndig att ta med vart du \u00e4n g\u00e5r &#8211; till jobbet, tr\u00e4ningen, en kort resa, en picknick..<br \/>\nKylv\u00e4skan \u00e4r tillverkad av polypropylen och isolerad med Airpop-polystyren.<br \/>\nKylv\u00e4skan har ett elegant handtag i l\u00e4der, i samma f\u00e4rg som Polarbox-logon.<\/p>\n<p>F\u00f6rpackningen inneh\u00e5ller tv\u00e5 1 liters stapelbara matl\u00e5dor, i tv\u00e5 f\u00e4rger: gul och pink. Matl\u00e5dorna \u00e4r tillverkade av polypropylen.<br \/>\nL\u00e5dan t\u00e5l diskmaskin och mikrov\u00e5gsugn, vilket g\u00f6r reng\u00f6ringen enkel och g\u00f6r att m\u00e5ltider kan v\u00e4rmas upp snabbt och bekv\u00e4mt. Det \u00e4r dock viktigt att notera att locket t\u00e5l diskmaskin, men INTE micro.<\/p>\n<p>Ytterm\u00e5tt: bredd 303mm, djup 180mm, h\u00f6jd 242 mm<br \/>\nInnerm\u00e5ttt: bredd 240mm, djup 124mm, h\u00f6jd 190 mm<\/p>\n<p>Matl\u00e5dornas m\u00e5tt: bredd 197mm, djup 120mm, h\u00f6jd 60mm<\/p>\n<p>Tillverkad i Europa, i Spanien.<br \/>\nGaranti 24 kk<\/p>\n<p>ISO 9001, ISO14001, BRC.<\/p>\n<p>Obs! En kylklamp beh\u00f6vs f\u00f6r att h\u00e5lla kylan.<\/p>\n","protected":false},"excerpt":{"rendered":"<p>Polarbox CoolerBag \u00e4r en s\u00f6t och praktisk liten kylv\u00e4ska med tv\u00e5 matl\u00e5dor. Denna h\u00f6gklassiga 5 liters retro-vintage kylv\u00e4ska i h\u00e5rd plast \u00e4r beh\u00e4ndig att ta med vart du \u00e4n g\u00e5r &#8211; till jobbet, tr\u00e4ningen, en kort resa, en picknick.. Kylv\u00e4skan \u00e4r tillverkad av polypropylen och isolerad med Airpop-polystyren. Kylv\u00e4skan har ett elegant handtag i l\u00e4der, [&hellip;]<\/p>\n","protected":false},"featured_media":144778,"comment_status":"open","ping_status":"closed","template":"","meta":{"_acf_changed":false,"_relevanssi_hide_post":"","_relevanssi_hide_content":"","_relevanssi_pin_for_all":"","_relevanssi_pin_keywords":"","_relevanssi_unpin_keywords":"","_relevanssi_related_keywords":"","_relevanssi_related_include_ids":"","_relevanssi_related_exclude_ids":"","_relevanssi_related_no_append":"","_relevanssi_related_not_related":"","_relevanssi_related_posts":"","_relevanssi_noindex_reason":""},"pwb-brand":[37490],"product_brand":[],"product_cat":[36169,32082],"product_tag":[],"class_list":{"0":"post-137056","1":"product","2":"type-product","3":"status-publish","4":"has-post-thumbnail","6":"pwb-brand-polarbox-sv","7":"product_cat-coolerbag-6l-sv","8":"product_cat-ovriga-nyheter","10":"first","11":"instock","12":"taxable","13":"shipping-taxable","14":"purchasable","15":"product-type-simple"},"acf":[],"yoast_head":"<!-- This site is optimized with the Yoast SEO plugin v27.5 - https:\/\/yoast.com\/product\/yoast-seo-wordpress\/ -->\n<title>Polarbox CoolerBag 6L Pink POP - Oy Noortrade Ab<\/title>\n<meta name=\"robots\" content=\"index, follow, max-snippet:-1, max-image-preview:large, max-video-preview:-1\" \/>\n<link rel=\"canonical\" href=\"https:\/\/shop.noor.fi\/tuote\/polarbox-coolerbag-6l-pink-pop\/\" \/>\n<meta property=\"og:locale\" content=\"sv_SE\" \/>\n<meta property=\"og:type\" content=\"article\" \/>\n<meta property=\"og:title\" content=\"Polarbox CoolerBag 6L Pink POP - Oy Noortrade Ab\" \/>\n<meta property=\"og:description\" content=\"Polarbox CoolerBag \u00e4r en s\u00f6t och praktisk liten kylv\u00e4ska med tv\u00e5 matl\u00e5dor. Denna h\u00f6gklassiga 5 liters retro-vintage kylv\u00e4ska i h\u00e5rd plast \u00e4r beh\u00e4ndig att ta med vart du \u00e4n g\u00e5r &#8211; till jobbet, tr\u00e4ningen, en kort resa, en picknick.. Kylv\u00e4skan \u00e4r tillverkad av polypropylen och isolerad med Airpop-polystyren. Kylv\u00e4skan har ett elegant handtag i l\u00e4der, [&hellip;]\" \/>\n<meta property=\"og:url\" content=\"https:\/\/shop.noor.fi\/tuote\/polarbox-coolerbag-6l-pink-pop\/\" \/>\n<meta property=\"og:site_name\" content=\"Oy Noortrade Ab\" \/>\n<meta property=\"article:modified_time\" content=\"2026-04-23T17:10:11+00:00\" \/>\n<meta property=\"og:image\" content=\"https:\/\/shop.noor.fi\/wp-content\/uploads\/2026\/01\/PX-6LCL9497.jpg\" \/>\n\t<meta property=\"og:image:width\" content=\"1210\" \/>\n\t<meta property=\"og:image:height\" content=\"806\" \/>\n\t<meta property=\"og:image:type\" content=\"image\/jpeg\" \/>\n<meta name=\"twitter:card\" content=\"summary_large_image\" \/>\n<meta name=\"twitter:label1\" content=\"Ber\u00e4knad l\u00e4stid\" \/>\n\t<meta name=\"twitter:data1\" content=\"2 minuter\" \/>\n<script type=\"application\/ld+json\" class=\"yoast-schema-graph\">{\"@context\":\"https:\\\/\\\/schema.org\",\"@graph\":[{\"@type\":\"WebPage\",\"@id\":\"https:\\\/\\\/shop.noor.fi\\\/tuote\\\/polarbox-coolerbag-6l-pink-pop\\\/\",\"url\":\"https:\\\/\\\/shop.noor.fi\\\/tuote\\\/polarbox-coolerbag-6l-pink-pop\\\/\",\"name\":\"Polarbox CoolerBag 6L Pink POP - Oy Noortrade Ab\",\"isPartOf\":{\"@id\":\"https:\\\/\\\/shopnoorfi-wp31835.test.cchosting.fi\\\/#website\"},\"primaryImageOfPage\":{\"@id\":\"https:\\\/\\\/shop.noor.fi\\\/tuote\\\/polarbox-coolerbag-6l-pink-pop\\\/#primaryimage\"},\"image\":{\"@id\":\"https:\\\/\\\/shop.noor.fi\\\/tuote\\\/polarbox-coolerbag-6l-pink-pop\\\/#primaryimage\"},\"thumbnailUrl\":\"https:\\\/\\\/shop.noor.fi\\\/wp-content\\\/uploads\\\/2026\\\/01\\\/PX-6LCL9497.jpg\",\"datePublished\":\"2026-01-13T08:54:42+00:00\",\"dateModified\":\"2026-04-23T17:10:11+00:00\",\"breadcrumb\":{\"@id\":\"https:\\\/\\\/shop.noor.fi\\\/tuote\\\/polarbox-coolerbag-6l-pink-pop\\\/#breadcrumb\"},\"inLanguage\":\"sv-SE\",\"potentialAction\":[{\"@type\":\"ReadAction\",\"target\":[\"https:\\\/\\\/shop.noor.fi\\\/tuote\\\/polarbox-coolerbag-6l-pink-pop\\\/\"]}]},{\"@type\":\"ImageObject\",\"inLanguage\":\"sv-SE\",\"@id\":\"https:\\\/\\\/shop.noor.fi\\\/tuote\\\/polarbox-coolerbag-6l-pink-pop\\\/#primaryimage\",\"url\":\"https:\\\/\\\/shop.noor.fi\\\/wp-content\\\/uploads\\\/2026\\\/01\\\/PX-6LCL9497.jpg\",\"contentUrl\":\"https:\\\/\\\/shop.noor.fi\\\/wp-content\\\/uploads\\\/2026\\\/01\\\/PX-6LCL9497.jpg\",\"width\":1210,\"height\":806},{\"@type\":\"BreadcrumbList\",\"@id\":\"https:\\\/\\\/shop.noor.fi\\\/tuote\\\/polarbox-coolerbag-6l-pink-pop\\\/#breadcrumb\",\"itemListElement\":[{\"@type\":\"ListItem\",\"position\":1,\"name\":\"Etusivu\",\"item\":\"https:\\\/\\\/shop.noor.fi\\\/sv\\\/\"},{\"@type\":\"ListItem\",\"position\":2,\"name\":\"Butik\",\"item\":\"https:\\\/\\\/shopnoorfi-wp31835.test.cchosting.fi\\\/sv\\\/butik\\\/\"},{\"@type\":\"ListItem\",\"position\":3,\"name\":\"Polarbox CoolerBag 6L Pink POP\"}]},{\"@type\":\"WebSite\",\"@id\":\"https:\\\/\\\/shopnoorfi-wp31835.test.cchosting.fi\\\/#website\",\"url\":\"https:\\\/\\\/shopnoorfi-wp31835.test.cchosting.fi\\\/\",\"name\":\"Oy Noortrade Ab\",\"description\":\"Finnish family owned company with over 30 years of professional experience in lighting &amp; interior products import and sales - reliably.\",\"publisher\":{\"@id\":\"https:\\\/\\\/shopnoorfi-wp31835.test.cchosting.fi\\\/#organization\"},\"potentialAction\":[{\"@type\":\"SearchAction\",\"target\":{\"@type\":\"EntryPoint\",\"urlTemplate\":\"https:\\\/\\\/shopnoorfi-wp31835.test.cchosting.fi\\\/?s={search_term_string}\"},\"query-input\":{\"@type\":\"PropertyValueSpecification\",\"valueRequired\":true,\"valueName\":\"search_term_string\"}}],\"inLanguage\":\"sv-SE\"},{\"@type\":\"Organization\",\"@id\":\"https:\\\/\\\/shopnoorfi-wp31835.test.cchosting.fi\\\/#organization\",\"name\":\"Oy Noortrade Ab\",\"url\":\"https:\\\/\\\/shopnoorfi-wp31835.test.cchosting.fi\\\/\",\"logo\":{\"@type\":\"ImageObject\",\"inLanguage\":\"sv-SE\",\"@id\":\"https:\\\/\\\/shopnoorfi-wp31835.test.cchosting.fi\\\/#\\\/schema\\\/logo\\\/image\\\/\",\"url\":\"https:\\\/\\\/shop.noor.fi\\\/wp-content\\\/uploads\\\/2024\\\/01\\\/Oy-Noortrade-Ab-Corbel-VERSAL-bold-BLACK.png\",\"contentUrl\":\"https:\\\/\\\/shop.noor.fi\\\/wp-content\\\/uploads\\\/2024\\\/01\\\/Oy-Noortrade-Ab-Corbel-VERSAL-bold-BLACK.png\",\"width\":721,\"height\":177,\"caption\":\"Oy Noortrade Ab\"},\"image\":{\"@id\":\"https:\\\/\\\/shopnoorfi-wp31835.test.cchosting.fi\\\/#\\\/schema\\\/logo\\\/image\\\/\"}}]}<\/script>\n<!-- \/ Yoast SEO plugin. -->","yoast_head_json":{"title":"Polarbox CoolerBag 6L Pink POP - Oy Noortrade Ab","robots":{"index":"index","follow":"follow","max-snippet":"max-snippet:-1","max-image-preview":"max-image-preview:large","max-video-preview":"max-video-preview:-1"},"canonical":"https:\/\/shop.noor.fi\/tuote\/polarbox-coolerbag-6l-pink-pop\/","og_locale":"sv_SE","og_type":"article","og_title":"Polarbox CoolerBag 6L Pink POP - Oy Noortrade Ab","og_description":"Polarbox CoolerBag \u00e4r en s\u00f6t och praktisk liten kylv\u00e4ska med tv\u00e5 matl\u00e5dor. Denna h\u00f6gklassiga 5 liters retro-vintage kylv\u00e4ska i h\u00e5rd plast \u00e4r beh\u00e4ndig att ta med vart du \u00e4n g\u00e5r &#8211; till jobbet, tr\u00e4ningen, en kort resa, en picknick.. Kylv\u00e4skan \u00e4r tillverkad av polypropylen och isolerad med Airpop-polystyren. Kylv\u00e4skan har ett elegant handtag i l\u00e4der, [&hellip;]","og_url":"https:\/\/shop.noor.fi\/tuote\/polarbox-coolerbag-6l-pink-pop\/","og_site_name":"Oy Noortrade Ab","article_modified_time":"2026-04-23T17:10:11+00:00","og_image":[{"width":1210,"height":806,"url":"https:\/\/shop.noor.fi\/wp-content\/uploads\/2026\/01\/PX-6LCL9497.jpg","type":"image\/jpeg"}],"twitter_card":"summary_large_image","twitter_misc":{"Ber\u00e4knad l\u00e4stid":"2 minuter"},"schema":{"@context":"https:\/\/schema.org","@graph":[{"@type":"WebPage","@id":"https:\/\/shop.noor.fi\/tuote\/polarbox-coolerbag-6l-pink-pop\/","url":"https:\/\/shop.noor.fi\/tuote\/polarbox-coolerbag-6l-pink-pop\/","name":"Polarbox CoolerBag 6L Pink POP - Oy Noortrade Ab","isPartOf":{"@id":"https:\/\/shopnoorfi-wp31835.test.cchosting.fi\/#website"},"primaryImageOfPage":{"@id":"https:\/\/shop.noor.fi\/tuote\/polarbox-coolerbag-6l-pink-pop\/#primaryimage"},"image":{"@id":"https:\/\/shop.noor.fi\/tuote\/polarbox-coolerbag-6l-pink-pop\/#primaryimage"},"thumbnailUrl":"https:\/\/shop.noor.fi\/wp-content\/uploads\/2026\/01\/PX-6LCL9497.jpg","datePublished":"2026-01-13T08:54:42+00:00","dateModified":"2026-04-23T17:10:11+00:00","breadcrumb":{"@id":"https:\/\/shop.noor.fi\/tuote\/polarbox-coolerbag-6l-pink-pop\/#breadcrumb"},"inLanguage":"sv-SE","potentialAction":[{"@type":"ReadAction","target":["https:\/\/shop.noor.fi\/tuote\/polarbox-coolerbag-6l-pink-pop\/"]}]},{"@type":"ImageObject","inLanguage":"sv-SE","@id":"https:\/\/shop.noor.fi\/tuote\/polarbox-coolerbag-6l-pink-pop\/#primaryimage","url":"https:\/\/shop.noor.fi\/wp-content\/uploads\/2026\/01\/PX-6LCL9497.jpg","contentUrl":"https:\/\/shop.noor.fi\/wp-content\/uploads\/2026\/01\/PX-6LCL9497.jpg","width":1210,"height":806},{"@type":"BreadcrumbList","@id":"https:\/\/shop.noor.fi\/tuote\/polarbox-coolerbag-6l-pink-pop\/#breadcrumb","itemListElement":[{"@type":"ListItem","position":1,"name":"Etusivu","item":"https:\/\/shop.noor.fi\/sv\/"},{"@type":"ListItem","position":2,"name":"Butik","item":"https:\/\/shopnoorfi-wp31835.test.cchosting.fi\/sv\/butik\/"},{"@type":"ListItem","position":3,"name":"Polarbox CoolerBag 6L Pink POP"}]},{"@type":"WebSite","@id":"https:\/\/shopnoorfi-wp31835.test.cchosting.fi\/#website","url":"https:\/\/shopnoorfi-wp31835.test.cchosting.fi\/","name":"Oy Noortrade Ab","description":"Finnish family owned company with over 30 years of professional experience in lighting &amp; interior products import and sales - reliably.","publisher":{"@id":"https:\/\/shopnoorfi-wp31835.test.cchosting.fi\/#organization"},"potentialAction":[{"@type":"SearchAction","target":{"@type":"EntryPoint","urlTemplate":"https:\/\/shopnoorfi-wp31835.test.cchosting.fi\/?s={search_term_string}"},"query-input":{"@type":"PropertyValueSpecification","valueRequired":true,"valueName":"search_term_string"}}],"inLanguage":"sv-SE"},{"@type":"Organization","@id":"https:\/\/shopnoorfi-wp31835.test.cchosting.fi\/#organization","name":"Oy Noortrade Ab","url":"https:\/\/shopnoorfi-wp31835.test.cchosting.fi\/","logo":{"@type":"ImageObject","inLanguage":"sv-SE","@id":"https:\/\/shopnoorfi-wp31835.test.cchosting.fi\/#\/schema\/logo\/image\/","url":"https:\/\/shop.noor.fi\/wp-content\/uploads\/2024\/01\/Oy-Noortrade-Ab-Corbel-VERSAL-bold-BLACK.png","contentUrl":"https:\/\/shop.noor.fi\/wp-content\/uploads\/2024\/01\/Oy-Noortrade-Ab-Corbel-VERSAL-bold-BLACK.png","width":721,"height":177,"caption":"Oy Noortrade Ab"},"image":{"@id":"https:\/\/shopnoorfi-wp31835.test.cchosting.fi\/#\/schema\/logo\/image\/"}}]}},"brands":[{"id":37490,"name":"Polarbox","slug":"polarbox-sv"}],"_links":{"self":[{"href":"https:\/\/shop.noor.fi\/sv\/wp-json\/wp\/v2\/product\/137056","targetHints":{"allow":["GET"]}}],"collection":[{"href":"https:\/\/shop.noor.fi\/sv\/wp-json\/wp\/v2\/product"}],"about":[{"href":"https:\/\/shop.noor.fi\/sv\/wp-json\/wp\/v2\/types\/product"}],"replies":[{"embeddable":true,"href":"https:\/\/shop.noor.fi\/sv\/wp-json\/wp\/v2\/comments?post=137056"}],"wp:featuredmedia":[{"embeddable":true,"href":"https:\/\/shop.noor.fi\/sv\/wp-json\/wp\/v2\/media\/144778"}],"wp:attachment":[{"href":"https:\/\/shop.noor.fi\/sv\/wp-json\/wp\/v2\/media?parent=137056"}],"wp:term":[{"taxonomy":"pwb-brand","embeddable":true,"href":"https:\/\/shop.noor.fi\/sv\/wp-json\/wp\/v2\/pwb-brand?post=137056"},{"taxonomy":"product_brand","embeddable":true,"href":"https:\/\/shop.noor.fi\/sv\/wp-json\/wp\/v2\/product_brand?post=137056"},{"taxonomy":"product_cat","embeddable":true,"href":"https:\/\/shop.noor.fi\/sv\/wp-json\/wp\/v2\/product_cat?post=137056"},{"taxonomy":"product_tag","embeddable":true,"href":"https:\/\/shop.noor.fi\/sv\/wp-json\/wp\/v2\/product_tag?post=137056"}],"curies":[{"name":"wp","href":"https:\/\/api.w.org\/{rel}","templated":true}]}}