{"id":136950,"date":"2025-08-22T08:40:18","date_gmt":"2025-08-22T05:40:18","guid":{"rendered":"https:\/\/shop.noor.fi\/product\/tove-bordslampa-estelle-bla-56cm\/"},"modified":"2026-02-25T17:01:51","modified_gmt":"2026-02-25T15:01:51","slug":"tove-bordslampa-estelle-bla-56cm","status":"publish","type":"product","link":"https:\/\/shop.noor.fi\/sv\/produkt\/tove-bordslampa-estelle-bla-56cm\/","title":{"rendered":"Tove bordslampa Estelle bl\u00e5 56cm"},"content":{"rendered":"<p>Bordslampa Tove \u00e4r en stilren och tidl\u00f6s bordslampa i metall med en f\u00e4rgmatchad sk\u00e4rm i mjuk sammet. Den eleganta designen g\u00f6r att lampan passar lika bra i f\u00f6nstret som p\u00e5 s\u00e4ngbordet, skrivbordet eller i hallen \u2013 en riktig inredningsfavorit som sm\u00e4lter in \u00f6verallt. Med sin mjuka form och klassiska uttryck blir bordslampan Tove ett vackert och funktionellt tillskott i varje rum.<br \/>\nLampan \u00e4r 56 cm h\u00f6g inklusive sk\u00e4rm, med en stabil fot p\u00e5 10,5 cm i diameter och en sk\u00e4rm som m\u00e4ter 20 cm i diameter.<br \/>\nBordslampan har en 1,5 meter l\u00e5ng beige textilsladd, d\u00e4r str\u00f6mbrytaren \u00e4r placerad cirka 30 cm fr\u00e5n lampans fot f\u00f6r enkel \u00e5tkomst.<br \/>\nE27, max 40W. Ljusk\u00e4lla ing\u00e5r ej.<\/p>\n","protected":false},"excerpt":{"rendered":"<p>Bordslampa Tove \u00e4r en stilren och tidl\u00f6s bordslampa i metall med en f\u00e4rgmatchad sk\u00e4rm i mjuk sammet. Den eleganta designen g\u00f6r att lampan passar lika bra i f\u00f6nstret som p\u00e5 s\u00e4ngbordet, skrivbordet eller i hallen \u2013 en riktig inredningsfavorit som sm\u00e4lter in \u00f6verallt. Med sin mjuka form och klassiska uttryck blir bordslampan Tove ett vackert [&hellip;]<\/p>\n","protected":false},"featured_media":136873,"comment_status":"open","ping_status":"closed","template":"","meta":{"_acf_changed":false,"_relevanssi_hide_post":"","_relevanssi_hide_content":"","_relevanssi_pin_for_all":"","_relevanssi_pin_keywords":"","_relevanssi_unpin_keywords":"","_relevanssi_related_keywords":"","_relevanssi_related_include_ids":"","_relevanssi_related_exclude_ids":"","_relevanssi_related_no_append":"","_relevanssi_related_not_related":"","_relevanssi_related_posts":"","_relevanssi_noindex_reason":""},"pwb-brand":[28732],"product_brand":[],"product_cat":[32105],"product_tag":[],"class_list":{"0":"post-136950","1":"product","2":"type-product","3":"status-publish","4":"has-post-thumbnail","6":"pwb-brand-pr-home","7":"product_cat-bordslampor","9":"first","10":"onbackorder","11":"taxable","12":"shipping-taxable","13":"purchasable","14":"product-type-simple"},"acf":[],"yoast_head":"<!-- This site is optimized with the Yoast SEO plugin v27.6 - https:\/\/yoast.com\/product\/yoast-seo-wordpress\/ -->\n<title>Tove bordslampa Estelle bl\u00e5 56cm - Oy Noortrade Ab<\/title>\n<meta name=\"robots\" content=\"index, follow, max-snippet:-1, max-image-preview:large, max-video-preview:-1\" \/>\n<link rel=\"canonical\" href=\"https:\/\/shop.noor.fi\/sv\/produkt\/tove-bordslampa-estelle-bla-56cm\/\" \/>\n<meta property=\"og:locale\" content=\"sv_SE\" \/>\n<meta property=\"og:type\" content=\"article\" \/>\n<meta property=\"og:title\" content=\"Tove bordslampa Estelle bl\u00e5 56cm - Oy Noortrade Ab\" \/>\n<meta property=\"og:description\" content=\"Bordslampa Tove \u00e4r en stilren och tidl\u00f6s bordslampa i metall med en f\u00e4rgmatchad sk\u00e4rm i mjuk sammet. Den eleganta designen g\u00f6r att lampan passar lika bra i f\u00f6nstret som p\u00e5 s\u00e4ngbordet, skrivbordet eller i hallen \u2013 en riktig inredningsfavorit som sm\u00e4lter in \u00f6verallt. Med sin mjuka form och klassiska uttryck blir bordslampan Tove ett vackert [&hellip;]\" \/>\n<meta property=\"og:url\" content=\"https:\/\/shop.noor.fi\/sv\/produkt\/tove-bordslampa-estelle-bla-56cm\/\" \/>\n<meta property=\"og:site_name\" content=\"Oy Noortrade Ab\" \/>\n<meta property=\"article:modified_time\" content=\"2026-02-25T15:01:51+00:00\" \/>\n<meta property=\"og:image\" content=\"https:\/\/shop.noor.fi\/wp-content\/uploads\/2025\/08\/PR-70067-420088.jpg\" \/>\n\t<meta property=\"og:image:width\" content=\"908\" \/>\n\t<meta property=\"og:image:height\" content=\"1210\" \/>\n\t<meta property=\"og:image:type\" content=\"image\/jpeg\" \/>\n<meta name=\"twitter:card\" content=\"summary_large_image\" \/>\n<meta name=\"twitter:label1\" content=\"Ber\u00e4knad l\u00e4stid\" \/>\n\t<meta name=\"twitter:data1\" content=\"1 minut\" \/>\n<script type=\"application\/ld+json\" class=\"yoast-schema-graph\">{\"@context\":\"https:\\\/\\\/schema.org\",\"@graph\":[{\"@type\":\"WebPage\",\"@id\":\"https:\\\/\\\/shop.noor.fi\\\/sv\\\/produkt\\\/tove-bordslampa-estelle-bla-56cm\\\/\",\"url\":\"https:\\\/\\\/shop.noor.fi\\\/sv\\\/produkt\\\/tove-bordslampa-estelle-bla-56cm\\\/\",\"name\":\"Tove bordslampa Estelle bl\u00e5 56cm - Oy Noortrade Ab\",\"isPartOf\":{\"@id\":\"https:\\\/\\\/shopnoorfi-wp31835.test.cchosting.fi\\\/#website\"},\"primaryImageOfPage\":{\"@id\":\"https:\\\/\\\/shop.noor.fi\\\/sv\\\/produkt\\\/tove-bordslampa-estelle-bla-56cm\\\/#primaryimage\"},\"image\":{\"@id\":\"https:\\\/\\\/shop.noor.fi\\\/sv\\\/produkt\\\/tove-bordslampa-estelle-bla-56cm\\\/#primaryimage\"},\"thumbnailUrl\":\"https:\\\/\\\/shop.noor.fi\\\/wp-content\\\/uploads\\\/2025\\\/08\\\/PR-70067-420088.jpg\",\"datePublished\":\"2025-08-22T05:40:18+00:00\",\"dateModified\":\"2026-02-25T15:01:51+00:00\",\"breadcrumb\":{\"@id\":\"https:\\\/\\\/shop.noor.fi\\\/sv\\\/produkt\\\/tove-bordslampa-estelle-bla-56cm\\\/#breadcrumb\"},\"inLanguage\":\"sv-SE\",\"potentialAction\":[{\"@type\":\"ReadAction\",\"target\":[\"https:\\\/\\\/shop.noor.fi\\\/sv\\\/produkt\\\/tove-bordslampa-estelle-bla-56cm\\\/\"]}]},{\"@type\":\"ImageObject\",\"inLanguage\":\"sv-SE\",\"@id\":\"https:\\\/\\\/shop.noor.fi\\\/sv\\\/produkt\\\/tove-bordslampa-estelle-bla-56cm\\\/#primaryimage\",\"url\":\"https:\\\/\\\/shop.noor.fi\\\/wp-content\\\/uploads\\\/2025\\\/08\\\/PR-70067-420088.jpg\",\"contentUrl\":\"https:\\\/\\\/shop.noor.fi\\\/wp-content\\\/uploads\\\/2025\\\/08\\\/PR-70067-420088.jpg\",\"width\":908,\"height\":1210},{\"@type\":\"BreadcrumbList\",\"@id\":\"https:\\\/\\\/shop.noor.fi\\\/sv\\\/produkt\\\/tove-bordslampa-estelle-bla-56cm\\\/#breadcrumb\",\"itemListElement\":[{\"@type\":\"ListItem\",\"position\":1,\"name\":\"Etusivu\",\"item\":\"https:\\\/\\\/shop.noor.fi\\\/sv\\\/\"},{\"@type\":\"ListItem\",\"position\":2,\"name\":\"Butik\",\"item\":\"https:\\\/\\\/shopnoorfi-wp31835.test.cchosting.fi\\\/sv\\\/butik\\\/\"},{\"@type\":\"ListItem\",\"position\":3,\"name\":\"Tove bordslampa Estelle bl\u00e5 56cm\"}]},{\"@type\":\"WebSite\",\"@id\":\"https:\\\/\\\/shopnoorfi-wp31835.test.cchosting.fi\\\/#website\",\"url\":\"https:\\\/\\\/shopnoorfi-wp31835.test.cchosting.fi\\\/\",\"name\":\"Oy Noortrade Ab\",\"description\":\"Finnish family owned company with over 30 years of professional experience in lighting &amp; interior products import and sales - reliably.\",\"publisher\":{\"@id\":\"https:\\\/\\\/shopnoorfi-wp31835.test.cchosting.fi\\\/#organization\"},\"potentialAction\":[{\"@type\":\"SearchAction\",\"target\":{\"@type\":\"EntryPoint\",\"urlTemplate\":\"https:\\\/\\\/shopnoorfi-wp31835.test.cchosting.fi\\\/?s={search_term_string}\"},\"query-input\":{\"@type\":\"PropertyValueSpecification\",\"valueRequired\":true,\"valueName\":\"search_term_string\"}}],\"inLanguage\":\"sv-SE\"},{\"@type\":\"Organization\",\"@id\":\"https:\\\/\\\/shopnoorfi-wp31835.test.cchosting.fi\\\/#organization\",\"name\":\"Oy Noortrade Ab\",\"url\":\"https:\\\/\\\/shopnoorfi-wp31835.test.cchosting.fi\\\/\",\"logo\":{\"@type\":\"ImageObject\",\"inLanguage\":\"sv-SE\",\"@id\":\"https:\\\/\\\/shopnoorfi-wp31835.test.cchosting.fi\\\/#\\\/schema\\\/logo\\\/image\\\/\",\"url\":\"https:\\\/\\\/shop.noor.fi\\\/wp-content\\\/uploads\\\/2024\\\/01\\\/Oy-Noortrade-Ab-Corbel-VERSAL-bold-BLACK.png\",\"contentUrl\":\"https:\\\/\\\/shop.noor.fi\\\/wp-content\\\/uploads\\\/2024\\\/01\\\/Oy-Noortrade-Ab-Corbel-VERSAL-bold-BLACK.png\",\"width\":721,\"height\":177,\"caption\":\"Oy Noortrade Ab\"},\"image\":{\"@id\":\"https:\\\/\\\/shopnoorfi-wp31835.test.cchosting.fi\\\/#\\\/schema\\\/logo\\\/image\\\/\"}}]}<\/script>\n<!-- \/ Yoast SEO plugin. -->","yoast_head_json":{"title":"Tove bordslampa Estelle bl\u00e5 56cm - Oy Noortrade Ab","robots":{"index":"index","follow":"follow","max-snippet":"max-snippet:-1","max-image-preview":"max-image-preview:large","max-video-preview":"max-video-preview:-1"},"canonical":"https:\/\/shop.noor.fi\/sv\/produkt\/tove-bordslampa-estelle-bla-56cm\/","og_locale":"sv_SE","og_type":"article","og_title":"Tove bordslampa Estelle bl\u00e5 56cm - Oy Noortrade Ab","og_description":"Bordslampa Tove \u00e4r en stilren och tidl\u00f6s bordslampa i metall med en f\u00e4rgmatchad sk\u00e4rm i mjuk sammet. Den eleganta designen g\u00f6r att lampan passar lika bra i f\u00f6nstret som p\u00e5 s\u00e4ngbordet, skrivbordet eller i hallen \u2013 en riktig inredningsfavorit som sm\u00e4lter in \u00f6verallt. Med sin mjuka form och klassiska uttryck blir bordslampan Tove ett vackert [&hellip;]","og_url":"https:\/\/shop.noor.fi\/sv\/produkt\/tove-bordslampa-estelle-bla-56cm\/","og_site_name":"Oy Noortrade Ab","article_modified_time":"2026-02-25T15:01:51+00:00","og_image":[{"width":908,"height":1210,"url":"https:\/\/shop.noor.fi\/wp-content\/uploads\/2025\/08\/PR-70067-420088.jpg","type":"image\/jpeg"}],"twitter_card":"summary_large_image","twitter_misc":{"Ber\u00e4knad l\u00e4stid":"1 minut"},"schema":{"@context":"https:\/\/schema.org","@graph":[{"@type":"WebPage","@id":"https:\/\/shop.noor.fi\/sv\/produkt\/tove-bordslampa-estelle-bla-56cm\/","url":"https:\/\/shop.noor.fi\/sv\/produkt\/tove-bordslampa-estelle-bla-56cm\/","name":"Tove bordslampa Estelle bl\u00e5 56cm - Oy Noortrade Ab","isPartOf":{"@id":"https:\/\/shopnoorfi-wp31835.test.cchosting.fi\/#website"},"primaryImageOfPage":{"@id":"https:\/\/shop.noor.fi\/sv\/produkt\/tove-bordslampa-estelle-bla-56cm\/#primaryimage"},"image":{"@id":"https:\/\/shop.noor.fi\/sv\/produkt\/tove-bordslampa-estelle-bla-56cm\/#primaryimage"},"thumbnailUrl":"https:\/\/shop.noor.fi\/wp-content\/uploads\/2025\/08\/PR-70067-420088.jpg","datePublished":"2025-08-22T05:40:18+00:00","dateModified":"2026-02-25T15:01:51+00:00","breadcrumb":{"@id":"https:\/\/shop.noor.fi\/sv\/produkt\/tove-bordslampa-estelle-bla-56cm\/#breadcrumb"},"inLanguage":"sv-SE","potentialAction":[{"@type":"ReadAction","target":["https:\/\/shop.noor.fi\/sv\/produkt\/tove-bordslampa-estelle-bla-56cm\/"]}]},{"@type":"ImageObject","inLanguage":"sv-SE","@id":"https:\/\/shop.noor.fi\/sv\/produkt\/tove-bordslampa-estelle-bla-56cm\/#primaryimage","url":"https:\/\/shop.noor.fi\/wp-content\/uploads\/2025\/08\/PR-70067-420088.jpg","contentUrl":"https:\/\/shop.noor.fi\/wp-content\/uploads\/2025\/08\/PR-70067-420088.jpg","width":908,"height":1210},{"@type":"BreadcrumbList","@id":"https:\/\/shop.noor.fi\/sv\/produkt\/tove-bordslampa-estelle-bla-56cm\/#breadcrumb","itemListElement":[{"@type":"ListItem","position":1,"name":"Etusivu","item":"https:\/\/shop.noor.fi\/sv\/"},{"@type":"ListItem","position":2,"name":"Butik","item":"https:\/\/shopnoorfi-wp31835.test.cchosting.fi\/sv\/butik\/"},{"@type":"ListItem","position":3,"name":"Tove bordslampa Estelle bl\u00e5 56cm"}]},{"@type":"WebSite","@id":"https:\/\/shopnoorfi-wp31835.test.cchosting.fi\/#website","url":"https:\/\/shopnoorfi-wp31835.test.cchosting.fi\/","name":"Oy Noortrade Ab","description":"Finnish family owned company with over 30 years of professional experience in lighting &amp; interior products import and sales - reliably.","publisher":{"@id":"https:\/\/shopnoorfi-wp31835.test.cchosting.fi\/#organization"},"potentialAction":[{"@type":"SearchAction","target":{"@type":"EntryPoint","urlTemplate":"https:\/\/shopnoorfi-wp31835.test.cchosting.fi\/?s={search_term_string}"},"query-input":{"@type":"PropertyValueSpecification","valueRequired":true,"valueName":"search_term_string"}}],"inLanguage":"sv-SE"},{"@type":"Organization","@id":"https:\/\/shopnoorfi-wp31835.test.cchosting.fi\/#organization","name":"Oy Noortrade Ab","url":"https:\/\/shopnoorfi-wp31835.test.cchosting.fi\/","logo":{"@type":"ImageObject","inLanguage":"sv-SE","@id":"https:\/\/shopnoorfi-wp31835.test.cchosting.fi\/#\/schema\/logo\/image\/","url":"https:\/\/shop.noor.fi\/wp-content\/uploads\/2024\/01\/Oy-Noortrade-Ab-Corbel-VERSAL-bold-BLACK.png","contentUrl":"https:\/\/shop.noor.fi\/wp-content\/uploads\/2024\/01\/Oy-Noortrade-Ab-Corbel-VERSAL-bold-BLACK.png","width":721,"height":177,"caption":"Oy Noortrade Ab"},"image":{"@id":"https:\/\/shopnoorfi-wp31835.test.cchosting.fi\/#\/schema\/logo\/image\/"}}]}},"brands":[{"id":28732,"name":"PR Home","slug":"pr-home"}],"_links":{"self":[{"href":"https:\/\/shop.noor.fi\/sv\/wp-json\/wp\/v2\/product\/136950","targetHints":{"allow":["GET"]}}],"collection":[{"href":"https:\/\/shop.noor.fi\/sv\/wp-json\/wp\/v2\/product"}],"about":[{"href":"https:\/\/shop.noor.fi\/sv\/wp-json\/wp\/v2\/types\/product"}],"replies":[{"embeddable":true,"href":"https:\/\/shop.noor.fi\/sv\/wp-json\/wp\/v2\/comments?post=136950"}],"wp:featuredmedia":[{"embeddable":true,"href":"https:\/\/shop.noor.fi\/sv\/wp-json\/wp\/v2\/media\/136873"}],"wp:attachment":[{"href":"https:\/\/shop.noor.fi\/sv\/wp-json\/wp\/v2\/media?parent=136950"}],"wp:term":[{"taxonomy":"pwb-brand","embeddable":true,"href":"https:\/\/shop.noor.fi\/sv\/wp-json\/wp\/v2\/pwb-brand?post=136950"},{"taxonomy":"product_brand","embeddable":true,"href":"https:\/\/shop.noor.fi\/sv\/wp-json\/wp\/v2\/product_brand?post=136950"},{"taxonomy":"product_cat","embeddable":true,"href":"https:\/\/shop.noor.fi\/sv\/wp-json\/wp\/v2\/product_cat?post=136950"},{"taxonomy":"product_tag","embeddable":true,"href":"https:\/\/shop.noor.fi\/sv\/wp-json\/wp\/v2\/product_tag?post=136950"}],"curies":[{"name":"wp","href":"https:\/\/api.w.org\/{rel}","templated":true}]}}