{"id":136362,"date":"2025-09-15T11:04:38","date_gmt":"2025-09-15T08:04:38","guid":{"rendered":"https:\/\/shop.noor.fi\/product\/cato-vaggarmatur-skogsgron-svart\/"},"modified":"2026-05-06T17:13:39","modified_gmt":"2026-05-06T14:13:39","slug":"cato-vaggarmatur-skogsgron-svart","status":"publish","type":"product","link":"https:\/\/shop.noor.fi\/sv\/produkt\/cato-vaggarmatur-skogsgron-svart\/","title":{"rendered":"Cato v\u00e4ggarmatur skogsgr\u00f6n\/svart"},"content":{"rendered":"<p>Cato firar 20 \u00e5r som designikon med en jubileumsutg\u00e5va i exklusiv skogsgr\u00f6n kul\u00f6r med svarta detaljer \u2013 en hyllning till nordisk natur och tidl\u00f6s form.  En modern klassiker i ny skepnad, inspirerad av v\u00e5rt skandinaviska arv och tillverkad i Varberg med h\u00f6gsta kvalitet och funktionalitet. Stilren, dimbar och byggd f\u00f6r att h\u00e5lla, Cato kombinerar funktionell elegans med h\u00e5llbar kvalitet. Skapad f\u00f6r att lyfta b\u00e5de hem och offentliga rum. Cato tar ljuset fr\u00e5n Varberg in i era hem.<br \/>\nSladdl\u00e4ngd 3 m. Brytare p\u00e5 v\u00e4ggbrickan.<br \/>\nGU4\/MR11, max 4W. Ljusk\u00e4lla ing\u00e5r ej.<\/p>\n<p>Bredd 4,5 cm<br \/>\nDjup 15,9 cm<br \/>\nH\u00f6jd 14,7 cm<\/p>\n<p>Tillverkad i Varberg, Sverige.<\/p>\n","protected":false},"excerpt":{"rendered":"<p>Cato firar 20 \u00e5r som designikon med en jubileumsutg\u00e5va i exklusiv skogsgr\u00f6n kul\u00f6r med svarta detaljer \u2013 en hyllning till nordisk natur och tidl\u00f6s form. En modern klassiker i ny skepnad, inspirerad av v\u00e5rt skandinaviska arv och tillverkad i Varberg med h\u00f6gsta kvalitet och funktionalitet. Stilren, dimbar och byggd f\u00f6r att h\u00e5lla, Cato kombinerar funktionell [&hellip;]<\/p>\n","protected":false},"featured_media":138525,"comment_status":"open","ping_status":"closed","template":"","meta":{"_acf_changed":false,"_relevanssi_hide_post":"","_relevanssi_hide_content":"","_relevanssi_pin_for_all":"","_relevanssi_pin_keywords":"","_relevanssi_unpin_keywords":"","_relevanssi_related_keywords":"","_relevanssi_related_include_ids":"","_relevanssi_related_exclude_ids":"","_relevanssi_related_no_append":"","_relevanssi_related_not_related":"","_relevanssi_related_posts":"","_relevanssi_noindex_reason":""},"pwb-brand":[28733],"product_brand":[],"product_cat":[32120],"product_tag":[],"class_list":{"0":"post-136362","1":"product","2":"type-product","3":"status-publish","4":"has-post-thumbnail","6":"pwb-brand-belid","7":"product_cat-vagglampor","9":"first","10":"onbackorder","11":"taxable","12":"shipping-taxable","13":"purchasable","14":"product-type-simple"},"acf":[],"yoast_head":"<!-- This site is optimized with the Yoast SEO plugin v27.5 - https:\/\/yoast.com\/product\/yoast-seo-wordpress\/ -->\n<title>Cato v\u00e4ggarmatur skogsgr\u00f6n\/svart - Oy Noortrade Ab<\/title>\n<meta name=\"robots\" content=\"index, follow, max-snippet:-1, max-image-preview:large, max-video-preview:-1\" \/>\n<link rel=\"canonical\" href=\"https:\/\/shop.noor.fi\/sv\/produkt\/cato-vaggarmatur-skogsgron-svart\/\" \/>\n<meta property=\"og:locale\" content=\"sv_SE\" \/>\n<meta property=\"og:type\" content=\"article\" \/>\n<meta property=\"og:title\" content=\"Cato v\u00e4ggarmatur skogsgr\u00f6n\/svart - Oy Noortrade Ab\" \/>\n<meta property=\"og:description\" content=\"Cato firar 20 \u00e5r som designikon med en jubileumsutg\u00e5va i exklusiv skogsgr\u00f6n kul\u00f6r med svarta detaljer \u2013 en hyllning till nordisk natur och tidl\u00f6s form. En modern klassiker i ny skepnad, inspirerad av v\u00e5rt skandinaviska arv och tillverkad i Varberg med h\u00f6gsta kvalitet och funktionalitet. Stilren, dimbar och byggd f\u00f6r att h\u00e5lla, Cato kombinerar funktionell [&hellip;]\" \/>\n<meta property=\"og:url\" content=\"https:\/\/shop.noor.fi\/sv\/produkt\/cato-vaggarmatur-skogsgron-svart\/\" \/>\n<meta property=\"og:site_name\" content=\"Oy Noortrade Ab\" \/>\n<meta property=\"article:modified_time\" content=\"2026-05-06T14:13:39+00:00\" \/>\n<meta property=\"og:image\" content=\"https:\/\/shop.noor.fi\/wp-content\/uploads\/2025\/08\/7391534300500.jpg\" \/>\n\t<meta property=\"og:image:width\" content=\"1000\" \/>\n\t<meta property=\"og:image:height\" content=\"1000\" \/>\n\t<meta property=\"og:image:type\" content=\"image\/jpeg\" \/>\n<meta name=\"twitter:card\" content=\"summary_large_image\" \/>\n<meta name=\"twitter:label1\" content=\"Ber\u00e4knad l\u00e4stid\" \/>\n\t<meta name=\"twitter:data1\" content=\"1 minut\" \/>\n<script type=\"application\/ld+json\" class=\"yoast-schema-graph\">{\"@context\":\"https:\\\/\\\/schema.org\",\"@graph\":[{\"@type\":\"WebPage\",\"@id\":\"https:\\\/\\\/shop.noor.fi\\\/sv\\\/produkt\\\/cato-vaggarmatur-skogsgron-svart\\\/\",\"url\":\"https:\\\/\\\/shop.noor.fi\\\/sv\\\/produkt\\\/cato-vaggarmatur-skogsgron-svart\\\/\",\"name\":\"Cato v\u00e4ggarmatur skogsgr\u00f6n\\\/svart - Oy Noortrade Ab\",\"isPartOf\":{\"@id\":\"https:\\\/\\\/shopnoorfi-wp31835.test.cchosting.fi\\\/#website\"},\"primaryImageOfPage\":{\"@id\":\"https:\\\/\\\/shop.noor.fi\\\/sv\\\/produkt\\\/cato-vaggarmatur-skogsgron-svart\\\/#primaryimage\"},\"image\":{\"@id\":\"https:\\\/\\\/shop.noor.fi\\\/sv\\\/produkt\\\/cato-vaggarmatur-skogsgron-svart\\\/#primaryimage\"},\"thumbnailUrl\":\"https:\\\/\\\/shop.noor.fi\\\/wp-content\\\/uploads\\\/2025\\\/08\\\/7391534300500.jpg\",\"datePublished\":\"2025-09-15T08:04:38+00:00\",\"dateModified\":\"2026-05-06T14:13:39+00:00\",\"breadcrumb\":{\"@id\":\"https:\\\/\\\/shop.noor.fi\\\/sv\\\/produkt\\\/cato-vaggarmatur-skogsgron-svart\\\/#breadcrumb\"},\"inLanguage\":\"sv-SE\",\"potentialAction\":[{\"@type\":\"ReadAction\",\"target\":[\"https:\\\/\\\/shop.noor.fi\\\/sv\\\/produkt\\\/cato-vaggarmatur-skogsgron-svart\\\/\"]}]},{\"@type\":\"ImageObject\",\"inLanguage\":\"sv-SE\",\"@id\":\"https:\\\/\\\/shop.noor.fi\\\/sv\\\/produkt\\\/cato-vaggarmatur-skogsgron-svart\\\/#primaryimage\",\"url\":\"https:\\\/\\\/shop.noor.fi\\\/wp-content\\\/uploads\\\/2025\\\/08\\\/7391534300500.jpg\",\"contentUrl\":\"https:\\\/\\\/shop.noor.fi\\\/wp-content\\\/uploads\\\/2025\\\/08\\\/7391534300500.jpg\",\"width\":1000,\"height\":1000},{\"@type\":\"BreadcrumbList\",\"@id\":\"https:\\\/\\\/shop.noor.fi\\\/sv\\\/produkt\\\/cato-vaggarmatur-skogsgron-svart\\\/#breadcrumb\",\"itemListElement\":[{\"@type\":\"ListItem\",\"position\":1,\"name\":\"Etusivu\",\"item\":\"https:\\\/\\\/shop.noor.fi\\\/sv\\\/\"},{\"@type\":\"ListItem\",\"position\":2,\"name\":\"Butik\",\"item\":\"https:\\\/\\\/shopnoorfi-wp31835.test.cchosting.fi\\\/sv\\\/butik\\\/\"},{\"@type\":\"ListItem\",\"position\":3,\"name\":\"Cato v\u00e4ggarmatur skogsgr\u00f6n\\\/svart\"}]},{\"@type\":\"WebSite\",\"@id\":\"https:\\\/\\\/shopnoorfi-wp31835.test.cchosting.fi\\\/#website\",\"url\":\"https:\\\/\\\/shopnoorfi-wp31835.test.cchosting.fi\\\/\",\"name\":\"Oy Noortrade Ab\",\"description\":\"Finnish family owned company with over 30 years of professional experience in lighting &amp; interior products import and sales - reliably.\",\"publisher\":{\"@id\":\"https:\\\/\\\/shopnoorfi-wp31835.test.cchosting.fi\\\/#organization\"},\"potentialAction\":[{\"@type\":\"SearchAction\",\"target\":{\"@type\":\"EntryPoint\",\"urlTemplate\":\"https:\\\/\\\/shopnoorfi-wp31835.test.cchosting.fi\\\/?s={search_term_string}\"},\"query-input\":{\"@type\":\"PropertyValueSpecification\",\"valueRequired\":true,\"valueName\":\"search_term_string\"}}],\"inLanguage\":\"sv-SE\"},{\"@type\":\"Organization\",\"@id\":\"https:\\\/\\\/shopnoorfi-wp31835.test.cchosting.fi\\\/#organization\",\"name\":\"Oy Noortrade Ab\",\"url\":\"https:\\\/\\\/shopnoorfi-wp31835.test.cchosting.fi\\\/\",\"logo\":{\"@type\":\"ImageObject\",\"inLanguage\":\"sv-SE\",\"@id\":\"https:\\\/\\\/shopnoorfi-wp31835.test.cchosting.fi\\\/#\\\/schema\\\/logo\\\/image\\\/\",\"url\":\"https:\\\/\\\/shop.noor.fi\\\/wp-content\\\/uploads\\\/2024\\\/01\\\/Oy-Noortrade-Ab-Corbel-VERSAL-bold-BLACK.png\",\"contentUrl\":\"https:\\\/\\\/shop.noor.fi\\\/wp-content\\\/uploads\\\/2024\\\/01\\\/Oy-Noortrade-Ab-Corbel-VERSAL-bold-BLACK.png\",\"width\":721,\"height\":177,\"caption\":\"Oy Noortrade Ab\"},\"image\":{\"@id\":\"https:\\\/\\\/shopnoorfi-wp31835.test.cchosting.fi\\\/#\\\/schema\\\/logo\\\/image\\\/\"}}]}<\/script>\n<!-- \/ Yoast SEO plugin. -->","yoast_head_json":{"title":"Cato v\u00e4ggarmatur skogsgr\u00f6n\/svart - Oy Noortrade Ab","robots":{"index":"index","follow":"follow","max-snippet":"max-snippet:-1","max-image-preview":"max-image-preview:large","max-video-preview":"max-video-preview:-1"},"canonical":"https:\/\/shop.noor.fi\/sv\/produkt\/cato-vaggarmatur-skogsgron-svart\/","og_locale":"sv_SE","og_type":"article","og_title":"Cato v\u00e4ggarmatur skogsgr\u00f6n\/svart - Oy Noortrade Ab","og_description":"Cato firar 20 \u00e5r som designikon med en jubileumsutg\u00e5va i exklusiv skogsgr\u00f6n kul\u00f6r med svarta detaljer \u2013 en hyllning till nordisk natur och tidl\u00f6s form. En modern klassiker i ny skepnad, inspirerad av v\u00e5rt skandinaviska arv och tillverkad i Varberg med h\u00f6gsta kvalitet och funktionalitet. Stilren, dimbar och byggd f\u00f6r att h\u00e5lla, Cato kombinerar funktionell [&hellip;]","og_url":"https:\/\/shop.noor.fi\/sv\/produkt\/cato-vaggarmatur-skogsgron-svart\/","og_site_name":"Oy Noortrade Ab","article_modified_time":"2026-05-06T14:13:39+00:00","og_image":[{"width":1000,"height":1000,"url":"https:\/\/shop.noor.fi\/wp-content\/uploads\/2025\/08\/7391534300500.jpg","type":"image\/jpeg"}],"twitter_card":"summary_large_image","twitter_misc":{"Ber\u00e4knad l\u00e4stid":"1 minut"},"schema":{"@context":"https:\/\/schema.org","@graph":[{"@type":"WebPage","@id":"https:\/\/shop.noor.fi\/sv\/produkt\/cato-vaggarmatur-skogsgron-svart\/","url":"https:\/\/shop.noor.fi\/sv\/produkt\/cato-vaggarmatur-skogsgron-svart\/","name":"Cato v\u00e4ggarmatur skogsgr\u00f6n\/svart - Oy Noortrade Ab","isPartOf":{"@id":"https:\/\/shopnoorfi-wp31835.test.cchosting.fi\/#website"},"primaryImageOfPage":{"@id":"https:\/\/shop.noor.fi\/sv\/produkt\/cato-vaggarmatur-skogsgron-svart\/#primaryimage"},"image":{"@id":"https:\/\/shop.noor.fi\/sv\/produkt\/cato-vaggarmatur-skogsgron-svart\/#primaryimage"},"thumbnailUrl":"https:\/\/shop.noor.fi\/wp-content\/uploads\/2025\/08\/7391534300500.jpg","datePublished":"2025-09-15T08:04:38+00:00","dateModified":"2026-05-06T14:13:39+00:00","breadcrumb":{"@id":"https:\/\/shop.noor.fi\/sv\/produkt\/cato-vaggarmatur-skogsgron-svart\/#breadcrumb"},"inLanguage":"sv-SE","potentialAction":[{"@type":"ReadAction","target":["https:\/\/shop.noor.fi\/sv\/produkt\/cato-vaggarmatur-skogsgron-svart\/"]}]},{"@type":"ImageObject","inLanguage":"sv-SE","@id":"https:\/\/shop.noor.fi\/sv\/produkt\/cato-vaggarmatur-skogsgron-svart\/#primaryimage","url":"https:\/\/shop.noor.fi\/wp-content\/uploads\/2025\/08\/7391534300500.jpg","contentUrl":"https:\/\/shop.noor.fi\/wp-content\/uploads\/2025\/08\/7391534300500.jpg","width":1000,"height":1000},{"@type":"BreadcrumbList","@id":"https:\/\/shop.noor.fi\/sv\/produkt\/cato-vaggarmatur-skogsgron-svart\/#breadcrumb","itemListElement":[{"@type":"ListItem","position":1,"name":"Etusivu","item":"https:\/\/shop.noor.fi\/sv\/"},{"@type":"ListItem","position":2,"name":"Butik","item":"https:\/\/shopnoorfi-wp31835.test.cchosting.fi\/sv\/butik\/"},{"@type":"ListItem","position":3,"name":"Cato v\u00e4ggarmatur skogsgr\u00f6n\/svart"}]},{"@type":"WebSite","@id":"https:\/\/shopnoorfi-wp31835.test.cchosting.fi\/#website","url":"https:\/\/shopnoorfi-wp31835.test.cchosting.fi\/","name":"Oy Noortrade Ab","description":"Finnish family owned company with over 30 years of professional experience in lighting &amp; interior products import and sales - reliably.","publisher":{"@id":"https:\/\/shopnoorfi-wp31835.test.cchosting.fi\/#organization"},"potentialAction":[{"@type":"SearchAction","target":{"@type":"EntryPoint","urlTemplate":"https:\/\/shopnoorfi-wp31835.test.cchosting.fi\/?s={search_term_string}"},"query-input":{"@type":"PropertyValueSpecification","valueRequired":true,"valueName":"search_term_string"}}],"inLanguage":"sv-SE"},{"@type":"Organization","@id":"https:\/\/shopnoorfi-wp31835.test.cchosting.fi\/#organization","name":"Oy Noortrade Ab","url":"https:\/\/shopnoorfi-wp31835.test.cchosting.fi\/","logo":{"@type":"ImageObject","inLanguage":"sv-SE","@id":"https:\/\/shopnoorfi-wp31835.test.cchosting.fi\/#\/schema\/logo\/image\/","url":"https:\/\/shop.noor.fi\/wp-content\/uploads\/2024\/01\/Oy-Noortrade-Ab-Corbel-VERSAL-bold-BLACK.png","contentUrl":"https:\/\/shop.noor.fi\/wp-content\/uploads\/2024\/01\/Oy-Noortrade-Ab-Corbel-VERSAL-bold-BLACK.png","width":721,"height":177,"caption":"Oy Noortrade Ab"},"image":{"@id":"https:\/\/shopnoorfi-wp31835.test.cchosting.fi\/#\/schema\/logo\/image\/"}}]}},"brands":[{"id":28733,"name":"Belid","slug":"belid"}],"_links":{"self":[{"href":"https:\/\/shop.noor.fi\/sv\/wp-json\/wp\/v2\/product\/136362","targetHints":{"allow":["GET"]}}],"collection":[{"href":"https:\/\/shop.noor.fi\/sv\/wp-json\/wp\/v2\/product"}],"about":[{"href":"https:\/\/shop.noor.fi\/sv\/wp-json\/wp\/v2\/types\/product"}],"replies":[{"embeddable":true,"href":"https:\/\/shop.noor.fi\/sv\/wp-json\/wp\/v2\/comments?post=136362"}],"wp:featuredmedia":[{"embeddable":true,"href":"https:\/\/shop.noor.fi\/sv\/wp-json\/wp\/v2\/media\/138525"}],"wp:attachment":[{"href":"https:\/\/shop.noor.fi\/sv\/wp-json\/wp\/v2\/media?parent=136362"}],"wp:term":[{"taxonomy":"pwb-brand","embeddable":true,"href":"https:\/\/shop.noor.fi\/sv\/wp-json\/wp\/v2\/pwb-brand?post=136362"},{"taxonomy":"product_brand","embeddable":true,"href":"https:\/\/shop.noor.fi\/sv\/wp-json\/wp\/v2\/product_brand?post=136362"},{"taxonomy":"product_cat","embeddable":true,"href":"https:\/\/shop.noor.fi\/sv\/wp-json\/wp\/v2\/product_cat?post=136362"},{"taxonomy":"product_tag","embeddable":true,"href":"https:\/\/shop.noor.fi\/sv\/wp-json\/wp\/v2\/product_tag?post=136362"}],"curies":[{"name":"wp","href":"https:\/\/api.w.org\/{rel}","templated":true}]}}