{"id":134392,"date":"2025-08-05T11:40:40","date_gmt":"2025-08-05T08:40:40","guid":{"rendered":"https:\/\/shopnoorfi-wp31835.test.cchosting.fi\/product\/led-lampa-e14-p45-opaque-filament-ra90-2700k-250lm\/"},"modified":"2026-03-13T17:40:15","modified_gmt":"2026-03-13T15:40:15","slug":"led-lampa-e14-p45-opaque-filament-ra90-2700k-250lm-2","status":"publish","type":"product","link":"https:\/\/shop.noor.fi\/sv\/produkt\/led-lampa-e14-p45-opaque-filament-ra90-2700k-250lm-2\/","title":{"rendered":"LED-lampa E14 P45 Opaque filament RA90 2700K 250lm"},"content":{"rendered":"<p>Helt opal lampa med h\u00f6g f\u00e4rg\u00e5tergivning, RA90. Lampan \u00e4r dimmerkompatibel.<br \/>\nE14, f\u00e4rgtemperatur varmvit 2700K. Ljusfl\u00f6de 250 lumen. Effekt 3,5W.<br \/>\nMotsvarar 25W gl\u00f6dlampa.<\/p>\n<p>Diameter 4,5 cm<br \/>\nH\u00f6jd 7,8 cm<\/p>\n<p>Opaque Filament lamporna \u00e4r vita och rundstr\u00e5lande. De ger ett j\u00e4mnt och diffust ljus som passar perfekt under sk\u00e4rm men \u00e4r lika snygga i armaturer d\u00e4r ljusk\u00e4llan syns. Med ett mjukt sken passar de i m\u00e5nga olika milj\u00f6er.<\/p>\n","protected":false},"excerpt":{"rendered":"<p>Helt opal lampa med h\u00f6g f\u00e4rg\u00e5tergivning, RA90. Lampan \u00e4r dimmerkompatibel. E14, f\u00e4rgtemperatur varmvit 2700K. Ljusfl\u00f6de 250 lumen. Effekt 3,5W. Motsvarar 25W gl\u00f6dlampa. Diameter 4,5 cm H\u00f6jd 7,8 cm Opaque Filament lamporna \u00e4r vita och rundstr\u00e5lande. De ger ett j\u00e4mnt och diffust ljus som passar perfekt under sk\u00e4rm men \u00e4r lika snygga i armaturer d\u00e4r ljusk\u00e4llan [&hellip;]<\/p>\n","protected":false},"featured_media":135420,"comment_status":"open","ping_status":"closed","template":"","meta":{"_acf_changed":false,"_relevanssi_hide_post":"","_relevanssi_hide_content":"","_relevanssi_pin_for_all":"","_relevanssi_pin_keywords":"","_relevanssi_unpin_keywords":"","_relevanssi_related_keywords":"","_relevanssi_related_include_ids":"","_relevanssi_related_exclude_ids":"","_relevanssi_related_no_append":"","_relevanssi_related_not_related":"","_relevanssi_related_posts":"","_relevanssi_noindex_reason":""},"pwb-brand":[37491,28728],"product_brand":[],"product_cat":[31815,32057,31796,32162],"product_tag":[],"class_list":{"0":"post-134392","1":"product","2":"type-product","3":"status-publish","4":"has-post-thumbnail","6":"pwb-brand-star-trading-sv","7":"pwb-brand-star-trading","8":"product_cat-vakiolamput","9":"product_cat-ljuskallor","10":"product_cat-lamput","11":"product_cat-baslampor","13":"first","14":"instock","15":"taxable","16":"shipping-taxable","17":"purchasable","18":"product-type-simple"},"acf":[],"yoast_head":"<!-- This site is optimized with the Yoast SEO plugin v27.5 - https:\/\/yoast.com\/product\/yoast-seo-wordpress\/ -->\n<title>LED-lampa E14 P45 Opaque filament RA90 2700K 250lm - Oy Noortrade Ab<\/title>\n<meta name=\"robots\" content=\"index, follow, max-snippet:-1, max-image-preview:large, max-video-preview:-1\" \/>\n<link rel=\"canonical\" href=\"https:\/\/shop.noor.fi\/produkt\/led-lamppu-e14-p45-opaque-filament-ra90-2700k-250l\/\" \/>\n<meta property=\"og:locale\" content=\"sv_SE\" \/>\n<meta property=\"og:type\" content=\"article\" \/>\n<meta property=\"og:title\" content=\"LED-lampa E14 P45 Opaque filament RA90 2700K 250lm - Oy Noortrade Ab\" \/>\n<meta property=\"og:description\" content=\"Helt opal lampa med h\u00f6g f\u00e4rg\u00e5tergivning, RA90. Lampan \u00e4r dimmerkompatibel. E14, f\u00e4rgtemperatur varmvit 2700K. Ljusfl\u00f6de 250 lumen. Effekt 3,5W. Motsvarar 25W gl\u00f6dlampa. Diameter 4,5 cm H\u00f6jd 7,8 cm Opaque Filament lamporna \u00e4r vita och rundstr\u00e5lande. De ger ett j\u00e4mnt och diffust ljus som passar perfekt under sk\u00e4rm men \u00e4r lika snygga i armaturer d\u00e4r ljusk\u00e4llan [&hellip;]\" \/>\n<meta property=\"og:url\" content=\"https:\/\/shop.noor.fi\/produkt\/led-lamppu-e14-p45-opaque-filament-ra90-2700k-250l\/\" \/>\n<meta property=\"og:site_name\" content=\"Oy Noortrade Ab\" \/>\n<meta property=\"article:modified_time\" content=\"2026-03-13T15:40:15+00:00\" \/>\n<meta property=\"og:image\" content=\"https:\/\/shop.noor.fi\/wp-content\/uploads\/2025\/07\/7391482079923.jpg\" \/>\n\t<meta property=\"og:image:width\" content=\"840\" \/>\n\t<meta property=\"og:image:height\" content=\"1210\" \/>\n\t<meta property=\"og:image:type\" content=\"image\/jpeg\" \/>\n<meta name=\"twitter:card\" content=\"summary_large_image\" \/>\n<script type=\"application\/ld+json\" class=\"yoast-schema-graph\">{\"@context\":\"https:\\\/\\\/schema.org\",\"@graph\":[{\"@type\":\"WebPage\",\"@id\":\"https:\\\/\\\/shop.noor.fi\\\/produkt\\\/led-lamppu-e14-p45-opaque-filament-ra90-2700k-250l\\\/\",\"url\":\"https:\\\/\\\/shop.noor.fi\\\/produkt\\\/led-lamppu-e14-p45-opaque-filament-ra90-2700k-250l\\\/\",\"name\":\"LED-lampa E14 P45 Opaque filament RA90 2700K 250lm - Oy Noortrade Ab\",\"isPartOf\":{\"@id\":\"https:\\\/\\\/shopnoorfi-wp31835.test.cchosting.fi\\\/#website\"},\"primaryImageOfPage\":{\"@id\":\"https:\\\/\\\/shop.noor.fi\\\/produkt\\\/led-lamppu-e14-p45-opaque-filament-ra90-2700k-250l\\\/#primaryimage\"},\"image\":{\"@id\":\"https:\\\/\\\/shop.noor.fi\\\/produkt\\\/led-lamppu-e14-p45-opaque-filament-ra90-2700k-250l\\\/#primaryimage\"},\"thumbnailUrl\":\"https:\\\/\\\/shop.noor.fi\\\/wp-content\\\/uploads\\\/2025\\\/07\\\/7391482079923.jpg\",\"datePublished\":\"2025-08-05T08:40:40+00:00\",\"dateModified\":\"2026-03-13T15:40:15+00:00\",\"breadcrumb\":{\"@id\":\"https:\\\/\\\/shop.noor.fi\\\/produkt\\\/led-lamppu-e14-p45-opaque-filament-ra90-2700k-250l\\\/#breadcrumb\"},\"inLanguage\":\"sv-SE\",\"potentialAction\":[{\"@type\":\"ReadAction\",\"target\":[\"https:\\\/\\\/shop.noor.fi\\\/produkt\\\/led-lamppu-e14-p45-opaque-filament-ra90-2700k-250l\\\/\"]}]},{\"@type\":\"ImageObject\",\"inLanguage\":\"sv-SE\",\"@id\":\"https:\\\/\\\/shop.noor.fi\\\/produkt\\\/led-lamppu-e14-p45-opaque-filament-ra90-2700k-250l\\\/#primaryimage\",\"url\":\"https:\\\/\\\/shop.noor.fi\\\/wp-content\\\/uploads\\\/2025\\\/07\\\/7391482079923.jpg\",\"contentUrl\":\"https:\\\/\\\/shop.noor.fi\\\/wp-content\\\/uploads\\\/2025\\\/07\\\/7391482079923.jpg\",\"width\":840,\"height\":1210},{\"@type\":\"BreadcrumbList\",\"@id\":\"https:\\\/\\\/shop.noor.fi\\\/produkt\\\/led-lamppu-e14-p45-opaque-filament-ra90-2700k-250l\\\/#breadcrumb\",\"itemListElement\":[{\"@type\":\"ListItem\",\"position\":1,\"name\":\"Etusivu\",\"item\":\"https:\\\/\\\/shop.noor.fi\\\/sv\\\/\"},{\"@type\":\"ListItem\",\"position\":2,\"name\":\"Butik\",\"item\":\"https:\\\/\\\/shopnoorfi-wp31835.test.cchosting.fi\\\/sv\\\/butik\\\/\"},{\"@type\":\"ListItem\",\"position\":3,\"name\":\"LED-lampa E14 P45 Opaque filament RA90 2700K 250lm\"}]},{\"@type\":\"WebSite\",\"@id\":\"https:\\\/\\\/shopnoorfi-wp31835.test.cchosting.fi\\\/#website\",\"url\":\"https:\\\/\\\/shopnoorfi-wp31835.test.cchosting.fi\\\/\",\"name\":\"Oy Noortrade Ab\",\"description\":\"Finnish family owned company with over 30 years of professional experience in lighting &amp; interior products import and sales - reliably.\",\"publisher\":{\"@id\":\"https:\\\/\\\/shopnoorfi-wp31835.test.cchosting.fi\\\/#organization\"},\"potentialAction\":[{\"@type\":\"SearchAction\",\"target\":{\"@type\":\"EntryPoint\",\"urlTemplate\":\"https:\\\/\\\/shopnoorfi-wp31835.test.cchosting.fi\\\/?s={search_term_string}\"},\"query-input\":{\"@type\":\"PropertyValueSpecification\",\"valueRequired\":true,\"valueName\":\"search_term_string\"}}],\"inLanguage\":\"sv-SE\"},{\"@type\":\"Organization\",\"@id\":\"https:\\\/\\\/shopnoorfi-wp31835.test.cchosting.fi\\\/#organization\",\"name\":\"Oy Noortrade Ab\",\"url\":\"https:\\\/\\\/shopnoorfi-wp31835.test.cchosting.fi\\\/\",\"logo\":{\"@type\":\"ImageObject\",\"inLanguage\":\"sv-SE\",\"@id\":\"https:\\\/\\\/shopnoorfi-wp31835.test.cchosting.fi\\\/#\\\/schema\\\/logo\\\/image\\\/\",\"url\":\"https:\\\/\\\/shop.noor.fi\\\/wp-content\\\/uploads\\\/2024\\\/01\\\/Oy-Noortrade-Ab-Corbel-VERSAL-bold-BLACK.png\",\"contentUrl\":\"https:\\\/\\\/shop.noor.fi\\\/wp-content\\\/uploads\\\/2024\\\/01\\\/Oy-Noortrade-Ab-Corbel-VERSAL-bold-BLACK.png\",\"width\":721,\"height\":177,\"caption\":\"Oy Noortrade Ab\"},\"image\":{\"@id\":\"https:\\\/\\\/shopnoorfi-wp31835.test.cchosting.fi\\\/#\\\/schema\\\/logo\\\/image\\\/\"}}]}<\/script>\n<!-- \/ Yoast SEO plugin. -->","yoast_head_json":{"title":"LED-lampa E14 P45 Opaque filament RA90 2700K 250lm - Oy Noortrade Ab","robots":{"index":"index","follow":"follow","max-snippet":"max-snippet:-1","max-image-preview":"max-image-preview:large","max-video-preview":"max-video-preview:-1"},"canonical":"https:\/\/shop.noor.fi\/produkt\/led-lamppu-e14-p45-opaque-filament-ra90-2700k-250l\/","og_locale":"sv_SE","og_type":"article","og_title":"LED-lampa E14 P45 Opaque filament RA90 2700K 250lm - Oy Noortrade Ab","og_description":"Helt opal lampa med h\u00f6g f\u00e4rg\u00e5tergivning, RA90. Lampan \u00e4r dimmerkompatibel. E14, f\u00e4rgtemperatur varmvit 2700K. Ljusfl\u00f6de 250 lumen. Effekt 3,5W. Motsvarar 25W gl\u00f6dlampa. Diameter 4,5 cm H\u00f6jd 7,8 cm Opaque Filament lamporna \u00e4r vita och rundstr\u00e5lande. De ger ett j\u00e4mnt och diffust ljus som passar perfekt under sk\u00e4rm men \u00e4r lika snygga i armaturer d\u00e4r ljusk\u00e4llan [&hellip;]","og_url":"https:\/\/shop.noor.fi\/produkt\/led-lamppu-e14-p45-opaque-filament-ra90-2700k-250l\/","og_site_name":"Oy Noortrade Ab","article_modified_time":"2026-03-13T15:40:15+00:00","og_image":[{"width":840,"height":1210,"url":"https:\/\/shop.noor.fi\/wp-content\/uploads\/2025\/07\/7391482079923.jpg","type":"image\/jpeg"}],"twitter_card":"summary_large_image","schema":{"@context":"https:\/\/schema.org","@graph":[{"@type":"WebPage","@id":"https:\/\/shop.noor.fi\/produkt\/led-lamppu-e14-p45-opaque-filament-ra90-2700k-250l\/","url":"https:\/\/shop.noor.fi\/produkt\/led-lamppu-e14-p45-opaque-filament-ra90-2700k-250l\/","name":"LED-lampa E14 P45 Opaque filament RA90 2700K 250lm - Oy Noortrade Ab","isPartOf":{"@id":"https:\/\/shopnoorfi-wp31835.test.cchosting.fi\/#website"},"primaryImageOfPage":{"@id":"https:\/\/shop.noor.fi\/produkt\/led-lamppu-e14-p45-opaque-filament-ra90-2700k-250l\/#primaryimage"},"image":{"@id":"https:\/\/shop.noor.fi\/produkt\/led-lamppu-e14-p45-opaque-filament-ra90-2700k-250l\/#primaryimage"},"thumbnailUrl":"https:\/\/shop.noor.fi\/wp-content\/uploads\/2025\/07\/7391482079923.jpg","datePublished":"2025-08-05T08:40:40+00:00","dateModified":"2026-03-13T15:40:15+00:00","breadcrumb":{"@id":"https:\/\/shop.noor.fi\/produkt\/led-lamppu-e14-p45-opaque-filament-ra90-2700k-250l\/#breadcrumb"},"inLanguage":"sv-SE","potentialAction":[{"@type":"ReadAction","target":["https:\/\/shop.noor.fi\/produkt\/led-lamppu-e14-p45-opaque-filament-ra90-2700k-250l\/"]}]},{"@type":"ImageObject","inLanguage":"sv-SE","@id":"https:\/\/shop.noor.fi\/produkt\/led-lamppu-e14-p45-opaque-filament-ra90-2700k-250l\/#primaryimage","url":"https:\/\/shop.noor.fi\/wp-content\/uploads\/2025\/07\/7391482079923.jpg","contentUrl":"https:\/\/shop.noor.fi\/wp-content\/uploads\/2025\/07\/7391482079923.jpg","width":840,"height":1210},{"@type":"BreadcrumbList","@id":"https:\/\/shop.noor.fi\/produkt\/led-lamppu-e14-p45-opaque-filament-ra90-2700k-250l\/#breadcrumb","itemListElement":[{"@type":"ListItem","position":1,"name":"Etusivu","item":"https:\/\/shop.noor.fi\/sv\/"},{"@type":"ListItem","position":2,"name":"Butik","item":"https:\/\/shopnoorfi-wp31835.test.cchosting.fi\/sv\/butik\/"},{"@type":"ListItem","position":3,"name":"LED-lampa E14 P45 Opaque filament RA90 2700K 250lm"}]},{"@type":"WebSite","@id":"https:\/\/shopnoorfi-wp31835.test.cchosting.fi\/#website","url":"https:\/\/shopnoorfi-wp31835.test.cchosting.fi\/","name":"Oy Noortrade Ab","description":"Finnish family owned company with over 30 years of professional experience in lighting &amp; interior products import and sales - reliably.","publisher":{"@id":"https:\/\/shopnoorfi-wp31835.test.cchosting.fi\/#organization"},"potentialAction":[{"@type":"SearchAction","target":{"@type":"EntryPoint","urlTemplate":"https:\/\/shopnoorfi-wp31835.test.cchosting.fi\/?s={search_term_string}"},"query-input":{"@type":"PropertyValueSpecification","valueRequired":true,"valueName":"search_term_string"}}],"inLanguage":"sv-SE"},{"@type":"Organization","@id":"https:\/\/shopnoorfi-wp31835.test.cchosting.fi\/#organization","name":"Oy Noortrade Ab","url":"https:\/\/shopnoorfi-wp31835.test.cchosting.fi\/","logo":{"@type":"ImageObject","inLanguage":"sv-SE","@id":"https:\/\/shopnoorfi-wp31835.test.cchosting.fi\/#\/schema\/logo\/image\/","url":"https:\/\/shop.noor.fi\/wp-content\/uploads\/2024\/01\/Oy-Noortrade-Ab-Corbel-VERSAL-bold-BLACK.png","contentUrl":"https:\/\/shop.noor.fi\/wp-content\/uploads\/2024\/01\/Oy-Noortrade-Ab-Corbel-VERSAL-bold-BLACK.png","width":721,"height":177,"caption":"Oy Noortrade Ab"},"image":{"@id":"https:\/\/shopnoorfi-wp31835.test.cchosting.fi\/#\/schema\/logo\/image\/"}}]}},"brands":[{"id":28728,"name":"Star Trading","slug":"star-trading"},{"id":37491,"name":"Star Trading","slug":"star-trading-sv"}],"_links":{"self":[{"href":"https:\/\/shop.noor.fi\/sv\/wp-json\/wp\/v2\/product\/134392","targetHints":{"allow":["GET"]}}],"collection":[{"href":"https:\/\/shop.noor.fi\/sv\/wp-json\/wp\/v2\/product"}],"about":[{"href":"https:\/\/shop.noor.fi\/sv\/wp-json\/wp\/v2\/types\/product"}],"replies":[{"embeddable":true,"href":"https:\/\/shop.noor.fi\/sv\/wp-json\/wp\/v2\/comments?post=134392"}],"wp:featuredmedia":[{"embeddable":true,"href":"https:\/\/shop.noor.fi\/sv\/wp-json\/wp\/v2\/media\/135420"}],"wp:attachment":[{"href":"https:\/\/shop.noor.fi\/sv\/wp-json\/wp\/v2\/media?parent=134392"}],"wp:term":[{"taxonomy":"pwb-brand","embeddable":true,"href":"https:\/\/shop.noor.fi\/sv\/wp-json\/wp\/v2\/pwb-brand?post=134392"},{"taxonomy":"product_brand","embeddable":true,"href":"https:\/\/shop.noor.fi\/sv\/wp-json\/wp\/v2\/product_brand?post=134392"},{"taxonomy":"product_cat","embeddable":true,"href":"https:\/\/shop.noor.fi\/sv\/wp-json\/wp\/v2\/product_cat?post=134392"},{"taxonomy":"product_tag","embeddable":true,"href":"https:\/\/shop.noor.fi\/sv\/wp-json\/wp\/v2\/product_tag?post=134392"}],"curies":[{"name":"wp","href":"https:\/\/api.w.org\/{rel}","templated":true}]}}