{"id":134368,"date":"2025-08-05T12:36:18","date_gmt":"2025-08-05T09:36:18","guid":{"rendered":"https:\/\/shopnoorfi-wp31835.test.cchosting.fi\/product\/woody-julgranstillbehor-brun\/"},"modified":"2026-02-26T11:01:52","modified_gmt":"2026-02-26T09:01:52","slug":"woody-julgranstillbehor-brun","status":"publish","type":"product","link":"https:\/\/shop.noor.fi\/sv\/produkt\/woody-julgranstillbehor-brun\/","title":{"rendered":"Woody julgranstillbeh\u00f6r brun"},"content":{"rendered":"<p>\u00d6ppen tr\u00e4l\u00e5da tillverkad av furu och betsad i en m\u00f6rkbrun f\u00e4rg. L\u00e5dan anv\u00e4nds f\u00f6r att t\u00e4cka julgranens fot. Passar granf\u00f6tter upp till 57 cm.<br \/>\nEnkel att s\u00e4tta ihop med hj\u00e4lp av de fastsatta dekorativa krokarna.<\/p>\n<p>Bredd 45 cm<br \/>\nDjup 45 cm<br \/>\nH\u00f6jd 25 cm<\/p>\n","protected":false},"excerpt":{"rendered":"<p>\u00d6ppen tr\u00e4l\u00e5da tillverkad av furu och betsad i en m\u00f6rkbrun f\u00e4rg. L\u00e5dan anv\u00e4nds f\u00f6r att t\u00e4cka julgranens fot. Passar granf\u00f6tter upp till 57 cm. Enkel att s\u00e4tta ihop med hj\u00e4lp av de fastsatta dekorativa krokarna. Bredd 45 cm Djup 45 cm H\u00f6jd 25 cm<\/p>\n","protected":false},"featured_media":135537,"comment_status":"open","ping_status":"closed","template":"","meta":{"_acf_changed":false,"_relevanssi_hide_post":"","_relevanssi_hide_content":"","_relevanssi_pin_for_all":"","_relevanssi_pin_keywords":"","_relevanssi_unpin_keywords":"","_relevanssi_related_keywords":"","_relevanssi_related_include_ids":"","_relevanssi_related_exclude_ids":"","_relevanssi_related_no_append":"","_relevanssi_related_not_related":"","_relevanssi_related_posts":"","_relevanssi_noindex_reason":""},"pwb-brand":[37491,28728],"product_brand":[],"product_cat":[32014,32082],"product_tag":[],"class_list":{"0":"post-134368","1":"product","2":"type-product","3":"status-publish","4":"has-post-thumbnail","6":"pwb-brand-star-trading-sv","7":"pwb-brand-star-trading","8":"product_cat-tillbehor-granar","9":"product_cat-ovriga-nyheter","11":"first","12":"instock","13":"taxable","14":"shipping-taxable","15":"purchasable","16":"product-type-simple"},"acf":[],"yoast_head":"<!-- This site is optimized with the Yoast SEO plugin v27.5 - https:\/\/yoast.com\/product\/yoast-seo-wordpress\/ -->\n<title>Woody julgranstillbeh\u00f6r brun - Oy Noortrade Ab<\/title>\n<meta name=\"robots\" content=\"index, follow, max-snippet:-1, max-image-preview:large, max-video-preview:-1\" \/>\n<link rel=\"canonical\" href=\"https:\/\/shop.noor.fi\/produkt\/woody-joulukuusitarvike-ruskea\/\" \/>\n<meta property=\"og:locale\" content=\"sv_SE\" \/>\n<meta property=\"og:type\" content=\"article\" \/>\n<meta property=\"og:title\" content=\"Woody julgranstillbeh\u00f6r brun - Oy Noortrade Ab\" \/>\n<meta property=\"og:description\" content=\"\u00d6ppen tr\u00e4l\u00e5da tillverkad av furu och betsad i en m\u00f6rkbrun f\u00e4rg. L\u00e5dan anv\u00e4nds f\u00f6r att t\u00e4cka julgranens fot. Passar granf\u00f6tter upp till 57 cm. Enkel att s\u00e4tta ihop med hj\u00e4lp av de fastsatta dekorativa krokarna. Bredd 45 cm Djup 45 cm H\u00f6jd 25 cm\" \/>\n<meta property=\"og:url\" content=\"https:\/\/shop.noor.fi\/produkt\/woody-joulukuusitarvike-ruskea\/\" \/>\n<meta property=\"og:site_name\" content=\"Oy Noortrade Ab\" \/>\n<meta property=\"article:modified_time\" content=\"2026-02-26T09:01:52+00:00\" \/>\n<meta property=\"og:image\" content=\"https:\/\/shop.noor.fi\/wp-content\/uploads\/2025\/07\/7391482077707.jpg\" \/>\n\t<meta property=\"og:image:width\" content=\"1210\" \/>\n\t<meta property=\"og:image:height\" content=\"665\" \/>\n\t<meta property=\"og:image:type\" content=\"image\/jpeg\" \/>\n<meta name=\"twitter:card\" content=\"summary_large_image\" \/>\n<script type=\"application\/ld+json\" class=\"yoast-schema-graph\">{\"@context\":\"https:\\\/\\\/schema.org\",\"@graph\":[{\"@type\":\"WebPage\",\"@id\":\"https:\\\/\\\/shop.noor.fi\\\/produkt\\\/woody-joulukuusitarvike-ruskea\\\/\",\"url\":\"https:\\\/\\\/shop.noor.fi\\\/produkt\\\/woody-joulukuusitarvike-ruskea\\\/\",\"name\":\"Woody julgranstillbeh\u00f6r brun - Oy Noortrade Ab\",\"isPartOf\":{\"@id\":\"https:\\\/\\\/shopnoorfi-wp31835.test.cchosting.fi\\\/#website\"},\"primaryImageOfPage\":{\"@id\":\"https:\\\/\\\/shop.noor.fi\\\/produkt\\\/woody-joulukuusitarvike-ruskea\\\/#primaryimage\"},\"image\":{\"@id\":\"https:\\\/\\\/shop.noor.fi\\\/produkt\\\/woody-joulukuusitarvike-ruskea\\\/#primaryimage\"},\"thumbnailUrl\":\"https:\\\/\\\/shop.noor.fi\\\/wp-content\\\/uploads\\\/2025\\\/07\\\/7391482077707.jpg\",\"datePublished\":\"2025-08-05T09:36:18+00:00\",\"dateModified\":\"2026-02-26T09:01:52+00:00\",\"breadcrumb\":{\"@id\":\"https:\\\/\\\/shop.noor.fi\\\/produkt\\\/woody-joulukuusitarvike-ruskea\\\/#breadcrumb\"},\"inLanguage\":\"sv-SE\",\"potentialAction\":[{\"@type\":\"ReadAction\",\"target\":[\"https:\\\/\\\/shop.noor.fi\\\/produkt\\\/woody-joulukuusitarvike-ruskea\\\/\"]}]},{\"@type\":\"ImageObject\",\"inLanguage\":\"sv-SE\",\"@id\":\"https:\\\/\\\/shop.noor.fi\\\/produkt\\\/woody-joulukuusitarvike-ruskea\\\/#primaryimage\",\"url\":\"https:\\\/\\\/shop.noor.fi\\\/wp-content\\\/uploads\\\/2025\\\/07\\\/7391482077707.jpg\",\"contentUrl\":\"https:\\\/\\\/shop.noor.fi\\\/wp-content\\\/uploads\\\/2025\\\/07\\\/7391482077707.jpg\",\"width\":1210,\"height\":665},{\"@type\":\"BreadcrumbList\",\"@id\":\"https:\\\/\\\/shop.noor.fi\\\/produkt\\\/woody-joulukuusitarvike-ruskea\\\/#breadcrumb\",\"itemListElement\":[{\"@type\":\"ListItem\",\"position\":1,\"name\":\"Etusivu\",\"item\":\"https:\\\/\\\/shop.noor.fi\\\/sv\\\/\"},{\"@type\":\"ListItem\",\"position\":2,\"name\":\"Butik\",\"item\":\"https:\\\/\\\/shopnoorfi-wp31835.test.cchosting.fi\\\/sv\\\/butik\\\/\"},{\"@type\":\"ListItem\",\"position\":3,\"name\":\"Woody julgranstillbeh\u00f6r brun\"}]},{\"@type\":\"WebSite\",\"@id\":\"https:\\\/\\\/shopnoorfi-wp31835.test.cchosting.fi\\\/#website\",\"url\":\"https:\\\/\\\/shopnoorfi-wp31835.test.cchosting.fi\\\/\",\"name\":\"Oy Noortrade Ab\",\"description\":\"Finnish family owned company with over 30 years of professional experience in lighting &amp; interior products import and sales - reliably.\",\"publisher\":{\"@id\":\"https:\\\/\\\/shopnoorfi-wp31835.test.cchosting.fi\\\/#organization\"},\"potentialAction\":[{\"@type\":\"SearchAction\",\"target\":{\"@type\":\"EntryPoint\",\"urlTemplate\":\"https:\\\/\\\/shopnoorfi-wp31835.test.cchosting.fi\\\/?s={search_term_string}\"},\"query-input\":{\"@type\":\"PropertyValueSpecification\",\"valueRequired\":true,\"valueName\":\"search_term_string\"}}],\"inLanguage\":\"sv-SE\"},{\"@type\":\"Organization\",\"@id\":\"https:\\\/\\\/shopnoorfi-wp31835.test.cchosting.fi\\\/#organization\",\"name\":\"Oy Noortrade Ab\",\"url\":\"https:\\\/\\\/shopnoorfi-wp31835.test.cchosting.fi\\\/\",\"logo\":{\"@type\":\"ImageObject\",\"inLanguage\":\"sv-SE\",\"@id\":\"https:\\\/\\\/shopnoorfi-wp31835.test.cchosting.fi\\\/#\\\/schema\\\/logo\\\/image\\\/\",\"url\":\"https:\\\/\\\/shop.noor.fi\\\/wp-content\\\/uploads\\\/2024\\\/01\\\/Oy-Noortrade-Ab-Corbel-VERSAL-bold-BLACK.png\",\"contentUrl\":\"https:\\\/\\\/shop.noor.fi\\\/wp-content\\\/uploads\\\/2024\\\/01\\\/Oy-Noortrade-Ab-Corbel-VERSAL-bold-BLACK.png\",\"width\":721,\"height\":177,\"caption\":\"Oy Noortrade Ab\"},\"image\":{\"@id\":\"https:\\\/\\\/shopnoorfi-wp31835.test.cchosting.fi\\\/#\\\/schema\\\/logo\\\/image\\\/\"}}]}<\/script>\n<!-- \/ Yoast SEO plugin. -->","yoast_head_json":{"title":"Woody julgranstillbeh\u00f6r brun - Oy Noortrade Ab","robots":{"index":"index","follow":"follow","max-snippet":"max-snippet:-1","max-image-preview":"max-image-preview:large","max-video-preview":"max-video-preview:-1"},"canonical":"https:\/\/shop.noor.fi\/produkt\/woody-joulukuusitarvike-ruskea\/","og_locale":"sv_SE","og_type":"article","og_title":"Woody julgranstillbeh\u00f6r brun - Oy Noortrade Ab","og_description":"\u00d6ppen tr\u00e4l\u00e5da tillverkad av furu och betsad i en m\u00f6rkbrun f\u00e4rg. L\u00e5dan anv\u00e4nds f\u00f6r att t\u00e4cka julgranens fot. Passar granf\u00f6tter upp till 57 cm. Enkel att s\u00e4tta ihop med hj\u00e4lp av de fastsatta dekorativa krokarna. Bredd 45 cm Djup 45 cm H\u00f6jd 25 cm","og_url":"https:\/\/shop.noor.fi\/produkt\/woody-joulukuusitarvike-ruskea\/","og_site_name":"Oy Noortrade Ab","article_modified_time":"2026-02-26T09:01:52+00:00","og_image":[{"width":1210,"height":665,"url":"https:\/\/shop.noor.fi\/wp-content\/uploads\/2025\/07\/7391482077707.jpg","type":"image\/jpeg"}],"twitter_card":"summary_large_image","schema":{"@context":"https:\/\/schema.org","@graph":[{"@type":"WebPage","@id":"https:\/\/shop.noor.fi\/produkt\/woody-joulukuusitarvike-ruskea\/","url":"https:\/\/shop.noor.fi\/produkt\/woody-joulukuusitarvike-ruskea\/","name":"Woody julgranstillbeh\u00f6r brun - Oy Noortrade Ab","isPartOf":{"@id":"https:\/\/shopnoorfi-wp31835.test.cchosting.fi\/#website"},"primaryImageOfPage":{"@id":"https:\/\/shop.noor.fi\/produkt\/woody-joulukuusitarvike-ruskea\/#primaryimage"},"image":{"@id":"https:\/\/shop.noor.fi\/produkt\/woody-joulukuusitarvike-ruskea\/#primaryimage"},"thumbnailUrl":"https:\/\/shop.noor.fi\/wp-content\/uploads\/2025\/07\/7391482077707.jpg","datePublished":"2025-08-05T09:36:18+00:00","dateModified":"2026-02-26T09:01:52+00:00","breadcrumb":{"@id":"https:\/\/shop.noor.fi\/produkt\/woody-joulukuusitarvike-ruskea\/#breadcrumb"},"inLanguage":"sv-SE","potentialAction":[{"@type":"ReadAction","target":["https:\/\/shop.noor.fi\/produkt\/woody-joulukuusitarvike-ruskea\/"]}]},{"@type":"ImageObject","inLanguage":"sv-SE","@id":"https:\/\/shop.noor.fi\/produkt\/woody-joulukuusitarvike-ruskea\/#primaryimage","url":"https:\/\/shop.noor.fi\/wp-content\/uploads\/2025\/07\/7391482077707.jpg","contentUrl":"https:\/\/shop.noor.fi\/wp-content\/uploads\/2025\/07\/7391482077707.jpg","width":1210,"height":665},{"@type":"BreadcrumbList","@id":"https:\/\/shop.noor.fi\/produkt\/woody-joulukuusitarvike-ruskea\/#breadcrumb","itemListElement":[{"@type":"ListItem","position":1,"name":"Etusivu","item":"https:\/\/shop.noor.fi\/sv\/"},{"@type":"ListItem","position":2,"name":"Butik","item":"https:\/\/shopnoorfi-wp31835.test.cchosting.fi\/sv\/butik\/"},{"@type":"ListItem","position":3,"name":"Woody julgranstillbeh\u00f6r brun"}]},{"@type":"WebSite","@id":"https:\/\/shopnoorfi-wp31835.test.cchosting.fi\/#website","url":"https:\/\/shopnoorfi-wp31835.test.cchosting.fi\/","name":"Oy Noortrade Ab","description":"Finnish family owned company with over 30 years of professional experience in lighting &amp; interior products import and sales - reliably.","publisher":{"@id":"https:\/\/shopnoorfi-wp31835.test.cchosting.fi\/#organization"},"potentialAction":[{"@type":"SearchAction","target":{"@type":"EntryPoint","urlTemplate":"https:\/\/shopnoorfi-wp31835.test.cchosting.fi\/?s={search_term_string}"},"query-input":{"@type":"PropertyValueSpecification","valueRequired":true,"valueName":"search_term_string"}}],"inLanguage":"sv-SE"},{"@type":"Organization","@id":"https:\/\/shopnoorfi-wp31835.test.cchosting.fi\/#organization","name":"Oy Noortrade Ab","url":"https:\/\/shopnoorfi-wp31835.test.cchosting.fi\/","logo":{"@type":"ImageObject","inLanguage":"sv-SE","@id":"https:\/\/shopnoorfi-wp31835.test.cchosting.fi\/#\/schema\/logo\/image\/","url":"https:\/\/shop.noor.fi\/wp-content\/uploads\/2024\/01\/Oy-Noortrade-Ab-Corbel-VERSAL-bold-BLACK.png","contentUrl":"https:\/\/shop.noor.fi\/wp-content\/uploads\/2024\/01\/Oy-Noortrade-Ab-Corbel-VERSAL-bold-BLACK.png","width":721,"height":177,"caption":"Oy Noortrade Ab"},"image":{"@id":"https:\/\/shopnoorfi-wp31835.test.cchosting.fi\/#\/schema\/logo\/image\/"}}]}},"brands":[{"id":28728,"name":"Star Trading","slug":"star-trading"},{"id":37491,"name":"Star Trading","slug":"star-trading-sv"}],"_links":{"self":[{"href":"https:\/\/shop.noor.fi\/sv\/wp-json\/wp\/v2\/product\/134368","targetHints":{"allow":["GET"]}}],"collection":[{"href":"https:\/\/shop.noor.fi\/sv\/wp-json\/wp\/v2\/product"}],"about":[{"href":"https:\/\/shop.noor.fi\/sv\/wp-json\/wp\/v2\/types\/product"}],"replies":[{"embeddable":true,"href":"https:\/\/shop.noor.fi\/sv\/wp-json\/wp\/v2\/comments?post=134368"}],"wp:featuredmedia":[{"embeddable":true,"href":"https:\/\/shop.noor.fi\/sv\/wp-json\/wp\/v2\/media\/135537"}],"wp:attachment":[{"href":"https:\/\/shop.noor.fi\/sv\/wp-json\/wp\/v2\/media?parent=134368"}],"wp:term":[{"taxonomy":"pwb-brand","embeddable":true,"href":"https:\/\/shop.noor.fi\/sv\/wp-json\/wp\/v2\/pwb-brand?post=134368"},{"taxonomy":"product_brand","embeddable":true,"href":"https:\/\/shop.noor.fi\/sv\/wp-json\/wp\/v2\/product_brand?post=134368"},{"taxonomy":"product_cat","embeddable":true,"href":"https:\/\/shop.noor.fi\/sv\/wp-json\/wp\/v2\/product_cat?post=134368"},{"taxonomy":"product_tag","embeddable":true,"href":"https:\/\/shop.noor.fi\/sv\/wp-json\/wp\/v2\/product_tag?post=134368"}],"curies":[{"name":"wp","href":"https:\/\/api.w.org\/{rel}","templated":true}]}}