{"id":134298,"date":"2025-08-05T12:47:06","date_gmt":"2025-08-05T09:47:06","guid":{"rendered":"https:\/\/shopnoorfi-wp31835.test.cchosting.fi\/product\/flamme-candy-led-antikljus-2-pack-svart\/"},"modified":"2026-03-10T08:30:40","modified_gmt":"2026-03-10T06:30:40","slug":"flamme-candy-led-antikljus-2-pack-svart","status":"publish","type":"product","link":"https:\/\/shop.noor.fi\/sv\/produkt\/flamme-candy-led-antikljus-2-pack-svart\/","title":{"rendered":"Flamme Candy LED antikljus 2-pack svart"},"content":{"rendered":"<p>Flamme Candy \u00e4r ett antikljus i plast med en vacker realistisk varmvit Flamme-l\u00e5ga. 2-pack.<br \/>\nTimerfunktionen g\u00f6r det m\u00f6jligt att s\u00e4tta ljusen att lysa i 6 timmar och vara sl\u00e4ckt i 18 timmar f\u00f6r att sedan t\u00e4ndas igen n\u00e4sta dag.<br \/>\nLjusen fungerar med totalt fyra AA-batterier som ing\u00e5r ej.<br \/>\nIntegrerad LED, lampan \u00e4r ej utbytbar.<\/p>\n<p>Diameter 2,3 cm<br \/>\nH\u00f6jd 26 cm<\/p>\n","protected":false},"excerpt":{"rendered":"<p>Flamme Candy \u00e4r ett antikljus i plast med en vacker realistisk varmvit Flamme-l\u00e5ga. 2-pack. Timerfunktionen g\u00f6r det m\u00f6jligt att s\u00e4tta ljusen att lysa i 6 timmar och vara sl\u00e4ckt i 18 timmar f\u00f6r att sedan t\u00e4ndas igen n\u00e4sta dag. Ljusen fungerar med totalt fyra AA-batterier som ing\u00e5r ej. Integrerad LED, lampan \u00e4r ej utbytbar. Diameter [&hellip;]<\/p>\n","protected":false},"featured_media":135697,"comment_status":"open","ping_status":"closed","template":"","meta":{"_acf_changed":false,"_relevanssi_hide_post":"","_relevanssi_hide_content":"","_relevanssi_pin_for_all":"","_relevanssi_pin_keywords":"","_relevanssi_unpin_keywords":"","_relevanssi_related_keywords":"","_relevanssi_related_include_ids":"","_relevanssi_related_exclude_ids":"","_relevanssi_related_no_append":"","_relevanssi_related_not_related":"","_relevanssi_related_posts":"","_relevanssi_noindex_reason":""},"pwb-brand":[28728],"product_brand":[],"product_cat":[32009,31994],"product_tag":[],"class_list":{"0":"post-134298","1":"product","2":"type-product","3":"status-publish","4":"has-post-thumbnail","6":"pwb-brand-star-trading","7":"product_cat-jul-och-sasongsbelysning","8":"product_cat-antikljus","10":"first","11":"instock","12":"taxable","13":"shipping-taxable","14":"purchasable","15":"product-type-simple"},"acf":[],"yoast_head":"<!-- This site is optimized with the Yoast SEO plugin v27.3 - https:\/\/yoast.com\/product\/yoast-seo-wordpress\/ -->\n<title>Flamme Candy LED antikljus 2-pack svart - Oy Noortrade Ab<\/title>\n<meta name=\"robots\" content=\"index, follow, max-snippet:-1, max-image-preview:large, max-video-preview:-1\" \/>\n<link rel=\"canonical\" href=\"https:\/\/shop.noor.fi\/produkt\/flamme-candy-led-antiikkikynttila-2p-musta\/\" \/>\n<meta property=\"og:locale\" content=\"sv_SE\" \/>\n<meta property=\"og:type\" content=\"article\" \/>\n<meta property=\"og:title\" content=\"Flamme Candy LED antikljus 2-pack svart - Oy Noortrade Ab\" \/>\n<meta property=\"og:description\" content=\"Flamme Candy \u00e4r ett antikljus i plast med en vacker realistisk varmvit Flamme-l\u00e5ga. 2-pack. Timerfunktionen g\u00f6r det m\u00f6jligt att s\u00e4tta ljusen att lysa i 6 timmar och vara sl\u00e4ckt i 18 timmar f\u00f6r att sedan t\u00e4ndas igen n\u00e4sta dag. Ljusen fungerar med totalt fyra AA-batterier som ing\u00e5r ej. Integrerad LED, lampan \u00e4r ej utbytbar. Diameter [&hellip;]\" \/>\n<meta property=\"og:url\" content=\"https:\/\/shop.noor.fi\/produkt\/flamme-candy-led-antiikkikynttila-2p-musta\/\" \/>\n<meta property=\"og:site_name\" content=\"Oy Noortrade Ab\" \/>\n<meta property=\"article:modified_time\" content=\"2026-03-10T06:30:40+00:00\" \/>\n<meta property=\"og:image\" content=\"https:\/\/shop.noor.fi\/wp-content\/uploads\/2025\/07\/7391482078872.jpg\" \/>\n\t<meta property=\"og:image:width\" content=\"216\" \/>\n\t<meta property=\"og:image:height\" content=\"1210\" \/>\n\t<meta property=\"og:image:type\" content=\"image\/jpeg\" \/>\n<meta name=\"twitter:card\" content=\"summary_large_image\" \/>\n<script type=\"application\/ld+json\" class=\"yoast-schema-graph\">{\"@context\":\"https:\\\/\\\/schema.org\",\"@graph\":[{\"@type\":\"WebPage\",\"@id\":\"https:\\\/\\\/shop.noor.fi\\\/produkt\\\/flamme-candy-led-antiikkikynttila-2p-musta\\\/\",\"url\":\"https:\\\/\\\/shop.noor.fi\\\/produkt\\\/flamme-candy-led-antiikkikynttila-2p-musta\\\/\",\"name\":\"Flamme Candy LED antikljus 2-pack svart - Oy Noortrade Ab\",\"isPartOf\":{\"@id\":\"https:\\\/\\\/shopnoorfi-wp31835.test.cchosting.fi\\\/#website\"},\"primaryImageOfPage\":{\"@id\":\"https:\\\/\\\/shop.noor.fi\\\/produkt\\\/flamme-candy-led-antiikkikynttila-2p-musta\\\/#primaryimage\"},\"image\":{\"@id\":\"https:\\\/\\\/shop.noor.fi\\\/produkt\\\/flamme-candy-led-antiikkikynttila-2p-musta\\\/#primaryimage\"},\"thumbnailUrl\":\"https:\\\/\\\/shop.noor.fi\\\/wp-content\\\/uploads\\\/2025\\\/07\\\/7391482078872.jpg\",\"datePublished\":\"2025-08-05T09:47:06+00:00\",\"dateModified\":\"2026-03-10T06:30:40+00:00\",\"breadcrumb\":{\"@id\":\"https:\\\/\\\/shop.noor.fi\\\/produkt\\\/flamme-candy-led-antiikkikynttila-2p-musta\\\/#breadcrumb\"},\"inLanguage\":\"sv-SE\",\"potentialAction\":[{\"@type\":\"ReadAction\",\"target\":[\"https:\\\/\\\/shop.noor.fi\\\/produkt\\\/flamme-candy-led-antiikkikynttila-2p-musta\\\/\"]}]},{\"@type\":\"ImageObject\",\"inLanguage\":\"sv-SE\",\"@id\":\"https:\\\/\\\/shop.noor.fi\\\/produkt\\\/flamme-candy-led-antiikkikynttila-2p-musta\\\/#primaryimage\",\"url\":\"https:\\\/\\\/shop.noor.fi\\\/wp-content\\\/uploads\\\/2025\\\/07\\\/7391482078872.jpg\",\"contentUrl\":\"https:\\\/\\\/shop.noor.fi\\\/wp-content\\\/uploads\\\/2025\\\/07\\\/7391482078872.jpg\",\"width\":216,\"height\":1210},{\"@type\":\"BreadcrumbList\",\"@id\":\"https:\\\/\\\/shop.noor.fi\\\/produkt\\\/flamme-candy-led-antiikkikynttila-2p-musta\\\/#breadcrumb\",\"itemListElement\":[{\"@type\":\"ListItem\",\"position\":1,\"name\":\"Etusivu\",\"item\":\"https:\\\/\\\/shop.noor.fi\\\/sv\\\/\"},{\"@type\":\"ListItem\",\"position\":2,\"name\":\"Butik\",\"item\":\"https:\\\/\\\/shopnoorfi-wp31835.test.cchosting.fi\\\/sv\\\/butik\\\/\"},{\"@type\":\"ListItem\",\"position\":3,\"name\":\"Flamme Candy LED antikljus 2-pack svart\"}]},{\"@type\":\"WebSite\",\"@id\":\"https:\\\/\\\/shopnoorfi-wp31835.test.cchosting.fi\\\/#website\",\"url\":\"https:\\\/\\\/shopnoorfi-wp31835.test.cchosting.fi\\\/\",\"name\":\"Oy Noortrade Ab\",\"description\":\"Finnish family owned company with over 30 years of professional experience in lighting &amp; interior products import and sales - reliably.\",\"publisher\":{\"@id\":\"https:\\\/\\\/shopnoorfi-wp31835.test.cchosting.fi\\\/#organization\"},\"potentialAction\":[{\"@type\":\"SearchAction\",\"target\":{\"@type\":\"EntryPoint\",\"urlTemplate\":\"https:\\\/\\\/shopnoorfi-wp31835.test.cchosting.fi\\\/?s={search_term_string}\"},\"query-input\":{\"@type\":\"PropertyValueSpecification\",\"valueRequired\":true,\"valueName\":\"search_term_string\"}}],\"inLanguage\":\"sv-SE\"},{\"@type\":\"Organization\",\"@id\":\"https:\\\/\\\/shopnoorfi-wp31835.test.cchosting.fi\\\/#organization\",\"name\":\"Oy Noortrade Ab\",\"url\":\"https:\\\/\\\/shopnoorfi-wp31835.test.cchosting.fi\\\/\",\"logo\":{\"@type\":\"ImageObject\",\"inLanguage\":\"sv-SE\",\"@id\":\"https:\\\/\\\/shopnoorfi-wp31835.test.cchosting.fi\\\/#\\\/schema\\\/logo\\\/image\\\/\",\"url\":\"https:\\\/\\\/shop.noor.fi\\\/wp-content\\\/uploads\\\/2024\\\/01\\\/Oy-Noortrade-Ab-Corbel-VERSAL-bold-BLACK.png\",\"contentUrl\":\"https:\\\/\\\/shop.noor.fi\\\/wp-content\\\/uploads\\\/2024\\\/01\\\/Oy-Noortrade-Ab-Corbel-VERSAL-bold-BLACK.png\",\"width\":721,\"height\":177,\"caption\":\"Oy Noortrade Ab\"},\"image\":{\"@id\":\"https:\\\/\\\/shopnoorfi-wp31835.test.cchosting.fi\\\/#\\\/schema\\\/logo\\\/image\\\/\"}}]}<\/script>\n<!-- \/ Yoast SEO plugin. -->","yoast_head_json":{"title":"Flamme Candy LED antikljus 2-pack svart - Oy Noortrade Ab","robots":{"index":"index","follow":"follow","max-snippet":"max-snippet:-1","max-image-preview":"max-image-preview:large","max-video-preview":"max-video-preview:-1"},"canonical":"https:\/\/shop.noor.fi\/produkt\/flamme-candy-led-antiikkikynttila-2p-musta\/","og_locale":"sv_SE","og_type":"article","og_title":"Flamme Candy LED antikljus 2-pack svart - Oy Noortrade Ab","og_description":"Flamme Candy \u00e4r ett antikljus i plast med en vacker realistisk varmvit Flamme-l\u00e5ga. 2-pack. Timerfunktionen g\u00f6r det m\u00f6jligt att s\u00e4tta ljusen att lysa i 6 timmar och vara sl\u00e4ckt i 18 timmar f\u00f6r att sedan t\u00e4ndas igen n\u00e4sta dag. Ljusen fungerar med totalt fyra AA-batterier som ing\u00e5r ej. Integrerad LED, lampan \u00e4r ej utbytbar. Diameter [&hellip;]","og_url":"https:\/\/shop.noor.fi\/produkt\/flamme-candy-led-antiikkikynttila-2p-musta\/","og_site_name":"Oy Noortrade Ab","article_modified_time":"2026-03-10T06:30:40+00:00","og_image":[{"width":216,"height":1210,"url":"https:\/\/shop.noor.fi\/wp-content\/uploads\/2025\/07\/7391482078872.jpg","type":"image\/jpeg"}],"twitter_card":"summary_large_image","schema":{"@context":"https:\/\/schema.org","@graph":[{"@type":"WebPage","@id":"https:\/\/shop.noor.fi\/produkt\/flamme-candy-led-antiikkikynttila-2p-musta\/","url":"https:\/\/shop.noor.fi\/produkt\/flamme-candy-led-antiikkikynttila-2p-musta\/","name":"Flamme Candy LED antikljus 2-pack svart - Oy Noortrade Ab","isPartOf":{"@id":"https:\/\/shopnoorfi-wp31835.test.cchosting.fi\/#website"},"primaryImageOfPage":{"@id":"https:\/\/shop.noor.fi\/produkt\/flamme-candy-led-antiikkikynttila-2p-musta\/#primaryimage"},"image":{"@id":"https:\/\/shop.noor.fi\/produkt\/flamme-candy-led-antiikkikynttila-2p-musta\/#primaryimage"},"thumbnailUrl":"https:\/\/shop.noor.fi\/wp-content\/uploads\/2025\/07\/7391482078872.jpg","datePublished":"2025-08-05T09:47:06+00:00","dateModified":"2026-03-10T06:30:40+00:00","breadcrumb":{"@id":"https:\/\/shop.noor.fi\/produkt\/flamme-candy-led-antiikkikynttila-2p-musta\/#breadcrumb"},"inLanguage":"sv-SE","potentialAction":[{"@type":"ReadAction","target":["https:\/\/shop.noor.fi\/produkt\/flamme-candy-led-antiikkikynttila-2p-musta\/"]}]},{"@type":"ImageObject","inLanguage":"sv-SE","@id":"https:\/\/shop.noor.fi\/produkt\/flamme-candy-led-antiikkikynttila-2p-musta\/#primaryimage","url":"https:\/\/shop.noor.fi\/wp-content\/uploads\/2025\/07\/7391482078872.jpg","contentUrl":"https:\/\/shop.noor.fi\/wp-content\/uploads\/2025\/07\/7391482078872.jpg","width":216,"height":1210},{"@type":"BreadcrumbList","@id":"https:\/\/shop.noor.fi\/produkt\/flamme-candy-led-antiikkikynttila-2p-musta\/#breadcrumb","itemListElement":[{"@type":"ListItem","position":1,"name":"Etusivu","item":"https:\/\/shop.noor.fi\/sv\/"},{"@type":"ListItem","position":2,"name":"Butik","item":"https:\/\/shopnoorfi-wp31835.test.cchosting.fi\/sv\/butik\/"},{"@type":"ListItem","position":3,"name":"Flamme Candy LED antikljus 2-pack svart"}]},{"@type":"WebSite","@id":"https:\/\/shopnoorfi-wp31835.test.cchosting.fi\/#website","url":"https:\/\/shopnoorfi-wp31835.test.cchosting.fi\/","name":"Oy Noortrade Ab","description":"Finnish family owned company with over 30 years of professional experience in lighting &amp; interior products import and sales - reliably.","publisher":{"@id":"https:\/\/shopnoorfi-wp31835.test.cchosting.fi\/#organization"},"potentialAction":[{"@type":"SearchAction","target":{"@type":"EntryPoint","urlTemplate":"https:\/\/shopnoorfi-wp31835.test.cchosting.fi\/?s={search_term_string}"},"query-input":{"@type":"PropertyValueSpecification","valueRequired":true,"valueName":"search_term_string"}}],"inLanguage":"sv-SE"},{"@type":"Organization","@id":"https:\/\/shopnoorfi-wp31835.test.cchosting.fi\/#organization","name":"Oy Noortrade Ab","url":"https:\/\/shopnoorfi-wp31835.test.cchosting.fi\/","logo":{"@type":"ImageObject","inLanguage":"sv-SE","@id":"https:\/\/shopnoorfi-wp31835.test.cchosting.fi\/#\/schema\/logo\/image\/","url":"https:\/\/shop.noor.fi\/wp-content\/uploads\/2024\/01\/Oy-Noortrade-Ab-Corbel-VERSAL-bold-BLACK.png","contentUrl":"https:\/\/shop.noor.fi\/wp-content\/uploads\/2024\/01\/Oy-Noortrade-Ab-Corbel-VERSAL-bold-BLACK.png","width":721,"height":177,"caption":"Oy Noortrade Ab"},"image":{"@id":"https:\/\/shopnoorfi-wp31835.test.cchosting.fi\/#\/schema\/logo\/image\/"}}]}},"brands":[{"id":28728,"name":"Star Trading","slug":"star-trading"}],"_links":{"self":[{"href":"https:\/\/shop.noor.fi\/sv\/wp-json\/wp\/v2\/product\/134298","targetHints":{"allow":["GET"]}}],"collection":[{"href":"https:\/\/shop.noor.fi\/sv\/wp-json\/wp\/v2\/product"}],"about":[{"href":"https:\/\/shop.noor.fi\/sv\/wp-json\/wp\/v2\/types\/product"}],"replies":[{"embeddable":true,"href":"https:\/\/shop.noor.fi\/sv\/wp-json\/wp\/v2\/comments?post=134298"}],"wp:featuredmedia":[{"embeddable":true,"href":"https:\/\/shop.noor.fi\/sv\/wp-json\/wp\/v2\/media\/135697"}],"wp:attachment":[{"href":"https:\/\/shop.noor.fi\/sv\/wp-json\/wp\/v2\/media?parent=134298"}],"wp:term":[{"taxonomy":"pwb-brand","embeddable":true,"href":"https:\/\/shop.noor.fi\/sv\/wp-json\/wp\/v2\/pwb-brand?post=134298"},{"taxonomy":"product_brand","embeddable":true,"href":"https:\/\/shop.noor.fi\/sv\/wp-json\/wp\/v2\/product_brand?post=134298"},{"taxonomy":"product_cat","embeddable":true,"href":"https:\/\/shop.noor.fi\/sv\/wp-json\/wp\/v2\/product_cat?post=134298"},{"taxonomy":"product_tag","embeddable":true,"href":"https:\/\/shop.noor.fi\/sv\/wp-json\/wp\/v2\/product_tag?post=134298"}],"curies":[{"name":"wp","href":"https:\/\/api.w.org\/{rel}","templated":true}]}}