{"id":131758,"date":"2025-05-13T13:41:29","date_gmt":"2025-05-13T10:41:29","guid":{"rendered":"https:\/\/shop.noor.fi\/product\/solo-bordslampa-matt-beige-sofia-vilja-58cm\/"},"modified":"2026-04-01T15:47:04","modified_gmt":"2026-04-01T12:47:04","slug":"solo-bordslampa-matt-beige-sofia-vilja-58cm","status":"publish","type":"product","link":"https:\/\/shop.noor.fi\/sv\/produkt\/solo-bordslampa-matt-beige-sofia-vilja-58cm\/","title":{"rendered":"Solo bordslampa matt beige\/Sofia Vilja 58cm"},"content":{"rendered":"<p>Ett pakett med 44 cm h\u00f6g lampfot Solo i metall med matt beige finish, och lampsk\u00e4rm Sofia i ett vackert m\u00f6nstrat tyg.<br \/>\nSk\u00e4rmen \u00e4r 25 cm i diameter och 18 cm h\u00f6g, och har ett E27 ringf\u00e4ste.<br \/>\nBordlampans totala h\u00f6jd \u00e4r 58 cm.<br \/>\nSladdl\u00e4ngd 170 cm, med str\u00f6mbrytare.<\/p>\n<p>E27, max 40W. Ljusk\u00e4lla ing\u00e5r ej.<\/p>\n","protected":false},"excerpt":{"rendered":"<p>Ett pakett med 44 cm h\u00f6g lampfot Solo i metall med matt beige finish, och lampsk\u00e4rm Sofia i ett vackert m\u00f6nstrat tyg. Sk\u00e4rmen \u00e4r 25 cm i diameter och 18 cm h\u00f6g, och har ett E27 ringf\u00e4ste. Bordlampans totala h\u00f6jd \u00e4r 58 cm. Sladdl\u00e4ngd 170 cm, med str\u00f6mbrytare. E27, max 40W. Ljusk\u00e4lla ing\u00e5r ej.<\/p>\n","protected":false},"featured_media":131326,"comment_status":"open","ping_status":"closed","template":"","meta":{"_acf_changed":false,"_relevanssi_hide_post":"","_relevanssi_hide_content":"","_relevanssi_pin_for_all":"","_relevanssi_pin_keywords":"","_relevanssi_unpin_keywords":"","_relevanssi_related_keywords":"","_relevanssi_related_include_ids":"","_relevanssi_related_exclude_ids":"","_relevanssi_related_no_append":"","_relevanssi_related_not_related":"","_relevanssi_related_posts":"","_relevanssi_noindex_reason":""},"pwb-brand":[28732],"product_brand":[],"product_cat":[32105,31803],"product_tag":[],"class_list":{"0":"post-131758","1":"product","2":"type-product","3":"status-publish","4":"has-post-thumbnail","6":"pwb-brand-pr-home","7":"product_cat-bordslampor","8":"product_cat-poytavalaisimet","10":"first","11":"onbackorder","12":"taxable","13":"shipping-taxable","14":"purchasable","15":"product-type-simple"},"acf":[],"yoast_head":"<!-- This site is optimized with the Yoast SEO plugin v27.4 - https:\/\/yoast.com\/product\/yoast-seo-wordpress\/ -->\n<title>Solo bordslampa matt beige\/Sofia Vilja 58cm - Oy Noortrade Ab<\/title>\n<meta name=\"robots\" content=\"index, follow, max-snippet:-1, max-image-preview:large, max-video-preview:-1\" \/>\n<link rel=\"canonical\" href=\"https:\/\/shop.noor.fi\/tuote\/solo-poytavalaisin-mattabeige-sofia-vilja-58cm\/\" \/>\n<meta property=\"og:locale\" content=\"sv_SE\" \/>\n<meta property=\"og:type\" content=\"article\" \/>\n<meta property=\"og:title\" content=\"Solo bordslampa matt beige\/Sofia Vilja 58cm - Oy Noortrade Ab\" \/>\n<meta property=\"og:description\" content=\"Ett pakett med 44 cm h\u00f6g lampfot Solo i metall med matt beige finish, och lampsk\u00e4rm Sofia i ett vackert m\u00f6nstrat tyg. Sk\u00e4rmen \u00e4r 25 cm i diameter och 18 cm h\u00f6g, och har ett E27 ringf\u00e4ste. Bordlampans totala h\u00f6jd \u00e4r 58 cm. Sladdl\u00e4ngd 170 cm, med str\u00f6mbrytare. E27, max 40W. Ljusk\u00e4lla ing\u00e5r ej.\" \/>\n<meta property=\"og:url\" content=\"https:\/\/shop.noor.fi\/tuote\/solo-poytavalaisin-mattabeige-sofia-vilja-58cm\/\" \/>\n<meta property=\"og:site_name\" content=\"Oy Noortrade Ab\" \/>\n<meta property=\"article:modified_time\" content=\"2026-04-01T12:47:04+00:00\" \/>\n<meta property=\"og:image\" content=\"https:\/\/shop.noor.fi\/wp-content\/uploads\/2025\/05\/7330976146185.jpg\" \/>\n\t<meta property=\"og:image:width\" content=\"908\" \/>\n\t<meta property=\"og:image:height\" content=\"1210\" \/>\n\t<meta property=\"og:image:type\" content=\"image\/jpeg\" \/>\n<meta name=\"twitter:card\" content=\"summary_large_image\" \/>\n<script type=\"application\/ld+json\" class=\"yoast-schema-graph\">{\"@context\":\"https:\\\/\\\/schema.org\",\"@graph\":[{\"@type\":\"WebPage\",\"@id\":\"https:\\\/\\\/shop.noor.fi\\\/tuote\\\/solo-poytavalaisin-mattabeige-sofia-vilja-58cm\\\/\",\"url\":\"https:\\\/\\\/shop.noor.fi\\\/tuote\\\/solo-poytavalaisin-mattabeige-sofia-vilja-58cm\\\/\",\"name\":\"Solo bordslampa matt beige\\\/Sofia Vilja 58cm - Oy Noortrade Ab\",\"isPartOf\":{\"@id\":\"https:\\\/\\\/shopnoorfi-wp31835.test.cchosting.fi\\\/#website\"},\"primaryImageOfPage\":{\"@id\":\"https:\\\/\\\/shop.noor.fi\\\/tuote\\\/solo-poytavalaisin-mattabeige-sofia-vilja-58cm\\\/#primaryimage\"},\"image\":{\"@id\":\"https:\\\/\\\/shop.noor.fi\\\/tuote\\\/solo-poytavalaisin-mattabeige-sofia-vilja-58cm\\\/#primaryimage\"},\"thumbnailUrl\":\"https:\\\/\\\/shop.noor.fi\\\/wp-content\\\/uploads\\\/2025\\\/05\\\/7330976146185.jpg\",\"datePublished\":\"2025-05-13T10:41:29+00:00\",\"dateModified\":\"2026-04-01T12:47:04+00:00\",\"breadcrumb\":{\"@id\":\"https:\\\/\\\/shop.noor.fi\\\/tuote\\\/solo-poytavalaisin-mattabeige-sofia-vilja-58cm\\\/#breadcrumb\"},\"inLanguage\":\"sv-SE\",\"potentialAction\":[{\"@type\":\"ReadAction\",\"target\":[\"https:\\\/\\\/shop.noor.fi\\\/tuote\\\/solo-poytavalaisin-mattabeige-sofia-vilja-58cm\\\/\"]}]},{\"@type\":\"ImageObject\",\"inLanguage\":\"sv-SE\",\"@id\":\"https:\\\/\\\/shop.noor.fi\\\/tuote\\\/solo-poytavalaisin-mattabeige-sofia-vilja-58cm\\\/#primaryimage\",\"url\":\"https:\\\/\\\/shop.noor.fi\\\/wp-content\\\/uploads\\\/2025\\\/05\\\/7330976146185.jpg\",\"contentUrl\":\"https:\\\/\\\/shop.noor.fi\\\/wp-content\\\/uploads\\\/2025\\\/05\\\/7330976146185.jpg\",\"width\":908,\"height\":1210},{\"@type\":\"BreadcrumbList\",\"@id\":\"https:\\\/\\\/shop.noor.fi\\\/tuote\\\/solo-poytavalaisin-mattabeige-sofia-vilja-58cm\\\/#breadcrumb\",\"itemListElement\":[{\"@type\":\"ListItem\",\"position\":1,\"name\":\"Etusivu\",\"item\":\"https:\\\/\\\/shop.noor.fi\\\/sv\\\/\"},{\"@type\":\"ListItem\",\"position\":2,\"name\":\"Butik\",\"item\":\"https:\\\/\\\/shopnoorfi-wp31835.test.cchosting.fi\\\/sv\\\/butik\\\/\"},{\"@type\":\"ListItem\",\"position\":3,\"name\":\"Solo bordslampa matt beige\\\/Sofia Vilja 58cm\"}]},{\"@type\":\"WebSite\",\"@id\":\"https:\\\/\\\/shopnoorfi-wp31835.test.cchosting.fi\\\/#website\",\"url\":\"https:\\\/\\\/shopnoorfi-wp31835.test.cchosting.fi\\\/\",\"name\":\"Oy Noortrade Ab\",\"description\":\"Finnish family owned company with over 30 years of professional experience in lighting &amp; interior products import and sales - reliably.\",\"publisher\":{\"@id\":\"https:\\\/\\\/shopnoorfi-wp31835.test.cchosting.fi\\\/#organization\"},\"potentialAction\":[{\"@type\":\"SearchAction\",\"target\":{\"@type\":\"EntryPoint\",\"urlTemplate\":\"https:\\\/\\\/shopnoorfi-wp31835.test.cchosting.fi\\\/?s={search_term_string}\"},\"query-input\":{\"@type\":\"PropertyValueSpecification\",\"valueRequired\":true,\"valueName\":\"search_term_string\"}}],\"inLanguage\":\"sv-SE\"},{\"@type\":\"Organization\",\"@id\":\"https:\\\/\\\/shopnoorfi-wp31835.test.cchosting.fi\\\/#organization\",\"name\":\"Oy Noortrade Ab\",\"url\":\"https:\\\/\\\/shopnoorfi-wp31835.test.cchosting.fi\\\/\",\"logo\":{\"@type\":\"ImageObject\",\"inLanguage\":\"sv-SE\",\"@id\":\"https:\\\/\\\/shopnoorfi-wp31835.test.cchosting.fi\\\/#\\\/schema\\\/logo\\\/image\\\/\",\"url\":\"https:\\\/\\\/shop.noor.fi\\\/wp-content\\\/uploads\\\/2024\\\/01\\\/Oy-Noortrade-Ab-Corbel-VERSAL-bold-BLACK.png\",\"contentUrl\":\"https:\\\/\\\/shop.noor.fi\\\/wp-content\\\/uploads\\\/2024\\\/01\\\/Oy-Noortrade-Ab-Corbel-VERSAL-bold-BLACK.png\",\"width\":721,\"height\":177,\"caption\":\"Oy Noortrade Ab\"},\"image\":{\"@id\":\"https:\\\/\\\/shopnoorfi-wp31835.test.cchosting.fi\\\/#\\\/schema\\\/logo\\\/image\\\/\"}}]}<\/script>\n<!-- \/ Yoast SEO plugin. -->","yoast_head_json":{"title":"Solo bordslampa matt beige\/Sofia Vilja 58cm - Oy Noortrade Ab","robots":{"index":"index","follow":"follow","max-snippet":"max-snippet:-1","max-image-preview":"max-image-preview:large","max-video-preview":"max-video-preview:-1"},"canonical":"https:\/\/shop.noor.fi\/tuote\/solo-poytavalaisin-mattabeige-sofia-vilja-58cm\/","og_locale":"sv_SE","og_type":"article","og_title":"Solo bordslampa matt beige\/Sofia Vilja 58cm - Oy Noortrade Ab","og_description":"Ett pakett med 44 cm h\u00f6g lampfot Solo i metall med matt beige finish, och lampsk\u00e4rm Sofia i ett vackert m\u00f6nstrat tyg. Sk\u00e4rmen \u00e4r 25 cm i diameter och 18 cm h\u00f6g, och har ett E27 ringf\u00e4ste. Bordlampans totala h\u00f6jd \u00e4r 58 cm. Sladdl\u00e4ngd 170 cm, med str\u00f6mbrytare. E27, max 40W. Ljusk\u00e4lla ing\u00e5r ej.","og_url":"https:\/\/shop.noor.fi\/tuote\/solo-poytavalaisin-mattabeige-sofia-vilja-58cm\/","og_site_name":"Oy Noortrade Ab","article_modified_time":"2026-04-01T12:47:04+00:00","og_image":[{"width":908,"height":1210,"url":"https:\/\/shop.noor.fi\/wp-content\/uploads\/2025\/05\/7330976146185.jpg","type":"image\/jpeg"}],"twitter_card":"summary_large_image","schema":{"@context":"https:\/\/schema.org","@graph":[{"@type":"WebPage","@id":"https:\/\/shop.noor.fi\/tuote\/solo-poytavalaisin-mattabeige-sofia-vilja-58cm\/","url":"https:\/\/shop.noor.fi\/tuote\/solo-poytavalaisin-mattabeige-sofia-vilja-58cm\/","name":"Solo bordslampa matt beige\/Sofia Vilja 58cm - Oy Noortrade Ab","isPartOf":{"@id":"https:\/\/shopnoorfi-wp31835.test.cchosting.fi\/#website"},"primaryImageOfPage":{"@id":"https:\/\/shop.noor.fi\/tuote\/solo-poytavalaisin-mattabeige-sofia-vilja-58cm\/#primaryimage"},"image":{"@id":"https:\/\/shop.noor.fi\/tuote\/solo-poytavalaisin-mattabeige-sofia-vilja-58cm\/#primaryimage"},"thumbnailUrl":"https:\/\/shop.noor.fi\/wp-content\/uploads\/2025\/05\/7330976146185.jpg","datePublished":"2025-05-13T10:41:29+00:00","dateModified":"2026-04-01T12:47:04+00:00","breadcrumb":{"@id":"https:\/\/shop.noor.fi\/tuote\/solo-poytavalaisin-mattabeige-sofia-vilja-58cm\/#breadcrumb"},"inLanguage":"sv-SE","potentialAction":[{"@type":"ReadAction","target":["https:\/\/shop.noor.fi\/tuote\/solo-poytavalaisin-mattabeige-sofia-vilja-58cm\/"]}]},{"@type":"ImageObject","inLanguage":"sv-SE","@id":"https:\/\/shop.noor.fi\/tuote\/solo-poytavalaisin-mattabeige-sofia-vilja-58cm\/#primaryimage","url":"https:\/\/shop.noor.fi\/wp-content\/uploads\/2025\/05\/7330976146185.jpg","contentUrl":"https:\/\/shop.noor.fi\/wp-content\/uploads\/2025\/05\/7330976146185.jpg","width":908,"height":1210},{"@type":"BreadcrumbList","@id":"https:\/\/shop.noor.fi\/tuote\/solo-poytavalaisin-mattabeige-sofia-vilja-58cm\/#breadcrumb","itemListElement":[{"@type":"ListItem","position":1,"name":"Etusivu","item":"https:\/\/shop.noor.fi\/sv\/"},{"@type":"ListItem","position":2,"name":"Butik","item":"https:\/\/shopnoorfi-wp31835.test.cchosting.fi\/sv\/butik\/"},{"@type":"ListItem","position":3,"name":"Solo bordslampa matt beige\/Sofia Vilja 58cm"}]},{"@type":"WebSite","@id":"https:\/\/shopnoorfi-wp31835.test.cchosting.fi\/#website","url":"https:\/\/shopnoorfi-wp31835.test.cchosting.fi\/","name":"Oy Noortrade Ab","description":"Finnish family owned company with over 30 years of professional experience in lighting &amp; interior products import and sales - reliably.","publisher":{"@id":"https:\/\/shopnoorfi-wp31835.test.cchosting.fi\/#organization"},"potentialAction":[{"@type":"SearchAction","target":{"@type":"EntryPoint","urlTemplate":"https:\/\/shopnoorfi-wp31835.test.cchosting.fi\/?s={search_term_string}"},"query-input":{"@type":"PropertyValueSpecification","valueRequired":true,"valueName":"search_term_string"}}],"inLanguage":"sv-SE"},{"@type":"Organization","@id":"https:\/\/shopnoorfi-wp31835.test.cchosting.fi\/#organization","name":"Oy Noortrade Ab","url":"https:\/\/shopnoorfi-wp31835.test.cchosting.fi\/","logo":{"@type":"ImageObject","inLanguage":"sv-SE","@id":"https:\/\/shopnoorfi-wp31835.test.cchosting.fi\/#\/schema\/logo\/image\/","url":"https:\/\/shop.noor.fi\/wp-content\/uploads\/2024\/01\/Oy-Noortrade-Ab-Corbel-VERSAL-bold-BLACK.png","contentUrl":"https:\/\/shop.noor.fi\/wp-content\/uploads\/2024\/01\/Oy-Noortrade-Ab-Corbel-VERSAL-bold-BLACK.png","width":721,"height":177,"caption":"Oy Noortrade Ab"},"image":{"@id":"https:\/\/shopnoorfi-wp31835.test.cchosting.fi\/#\/schema\/logo\/image\/"}}]}},"brands":[{"id":28732,"name":"PR Home","slug":"pr-home"}],"_links":{"self":[{"href":"https:\/\/shop.noor.fi\/sv\/wp-json\/wp\/v2\/product\/131758","targetHints":{"allow":["GET"]}}],"collection":[{"href":"https:\/\/shop.noor.fi\/sv\/wp-json\/wp\/v2\/product"}],"about":[{"href":"https:\/\/shop.noor.fi\/sv\/wp-json\/wp\/v2\/types\/product"}],"replies":[{"embeddable":true,"href":"https:\/\/shop.noor.fi\/sv\/wp-json\/wp\/v2\/comments?post=131758"}],"wp:featuredmedia":[{"embeddable":true,"href":"https:\/\/shop.noor.fi\/sv\/wp-json\/wp\/v2\/media\/131326"}],"wp:attachment":[{"href":"https:\/\/shop.noor.fi\/sv\/wp-json\/wp\/v2\/media?parent=131758"}],"wp:term":[{"taxonomy":"pwb-brand","embeddable":true,"href":"https:\/\/shop.noor.fi\/sv\/wp-json\/wp\/v2\/pwb-brand?post=131758"},{"taxonomy":"product_brand","embeddable":true,"href":"https:\/\/shop.noor.fi\/sv\/wp-json\/wp\/v2\/product_brand?post=131758"},{"taxonomy":"product_cat","embeddable":true,"href":"https:\/\/shop.noor.fi\/sv\/wp-json\/wp\/v2\/product_cat?post=131758"},{"taxonomy":"product_tag","embeddable":true,"href":"https:\/\/shop.noor.fi\/sv\/wp-json\/wp\/v2\/product_tag?post=131758"}],"curies":[{"name":"wp","href":"https:\/\/api.w.org\/{rel}","templated":true}]}}