{"id":131722,"date":"2025-08-14T09:16:41","date_gmt":"2025-08-14T06:16:41","guid":{"rendered":"https:\/\/shop.noor.fi\/product\/stina-taklampa-de-mina-havre-40cm\/"},"modified":"2026-04-10T11:07:30","modified_gmt":"2026-04-10T08:07:30","slug":"stina-taklampa-de-mina-havre-40cm","status":"publish","type":"product","link":"https:\/\/shop.noor.fi\/sv\/produkt\/stina-taklampa-de-mina-havre-40cm\/","title":{"rendered":"Stina taklampa De Mina havre 40cm"},"content":{"rendered":"<p>Taklampa Stina med rynkat tyg och en rynkad kjol som \u00e4r 15cm h\u00f6g. Formen p\u00e5 sk\u00e4rmen \u00e4r l\u00e4tt konisk. M\u00f6nstret De Mina kommer fr\u00e5n f\u00f6rs\u00e4ttningsbladet p\u00e5 n\u00e5gra av Carl Larssons b\u00f6cker, bland annat boken &#8217;De mina&#8217;.<br \/>\nTvinnad vit textilsladd, l\u00e4ngd 120 cm. Krokupph\u00e4ng, kopplingsplint. Takplugg ing\u00e5r ej.<br \/>\nE27, max 25W. En LED-ljusk\u00e4lla max 8W rekommenderas. Ljusk\u00e4lla ing\u00e5r ej.<\/p>\n<p>Diameter 40 cm<br \/>\nH\u00f6jd 16 cm (exkl. kjol)<br \/>\nSk\u00e4rmens diameter upptill 12 cm<\/p>\n<p>Tyget \u00e4r certifierad enligt STANDARD 100 by OEKO-TEX\u00ae. Certifieringen garanterar att produkten \u00e4r testad och fri fr\u00e5n \u00e4mnen som kan vara skadliga f\u00f6r h\u00e4lsan och milj\u00f6n.<\/p>\n","protected":false},"excerpt":{"rendered":"<p>Taklampa Stina med rynkat tyg och en rynkad kjol som \u00e4r 15cm h\u00f6g. Formen p\u00e5 sk\u00e4rmen \u00e4r l\u00e4tt konisk. M\u00f6nstret De Mina kommer fr\u00e5n f\u00f6rs\u00e4ttningsbladet p\u00e5 n\u00e5gra av Carl Larssons b\u00f6cker, bland annat boken &#8217;De mina&#8217;. Tvinnad vit textilsladd, l\u00e4ngd 120 cm. Krokupph\u00e4ng, kopplingsplint. Takplugg ing\u00e5r ej. E27, max 25W. En LED-ljusk\u00e4lla max 8W rekommenderas. [&hellip;]<\/p>\n","protected":false},"featured_media":136571,"comment_status":"open","ping_status":"closed","template":"","meta":{"_acf_changed":false,"_relevanssi_hide_post":"","_relevanssi_hide_content":"","_relevanssi_pin_for_all":"","_relevanssi_pin_keywords":"","_relevanssi_unpin_keywords":"","_relevanssi_related_keywords":"","_relevanssi_related_include_ids":"","_relevanssi_related_exclude_ids":"","_relevanssi_related_no_append":"","_relevanssi_related_not_related":"","_relevanssi_related_posts":"","_relevanssi_noindex_reason":""},"pwb-brand":[28732],"product_brand":[],"product_cat":[31864,32115],"product_tag":[],"class_list":{"0":"post-131722","1":"product","2":"type-product","3":"status-publish","4":"has-post-thumbnail","6":"pwb-brand-pr-home","7":"product_cat-riippuvalaisimet","8":"product_cat-pendlar","10":"first","11":"onbackorder","12":"taxable","13":"shipping-taxable","14":"purchasable","15":"product-type-simple"},"acf":[],"yoast_head":"<!-- This site is optimized with the Yoast SEO plugin v27.5 - https:\/\/yoast.com\/product\/yoast-seo-wordpress\/ -->\n<title>Stina taklampa De Mina havre 40cm - Oy Noortrade Ab<\/title>\n<meta name=\"robots\" content=\"index, follow, max-snippet:-1, max-image-preview:large, max-video-preview:-1\" \/>\n<link rel=\"canonical\" href=\"https:\/\/shop.noor.fi\/tuote\/stina-riippuvalaisin-de-mina-kaura-40cm\/\" \/>\n<meta property=\"og:locale\" content=\"sv_SE\" \/>\n<meta property=\"og:type\" content=\"article\" \/>\n<meta property=\"og:title\" content=\"Stina taklampa De Mina havre 40cm - Oy Noortrade Ab\" \/>\n<meta property=\"og:description\" content=\"Taklampa Stina med rynkat tyg och en rynkad kjol som \u00e4r 15cm h\u00f6g. Formen p\u00e5 sk\u00e4rmen \u00e4r l\u00e4tt konisk. M\u00f6nstret De Mina kommer fr\u00e5n f\u00f6rs\u00e4ttningsbladet p\u00e5 n\u00e5gra av Carl Larssons b\u00f6cker, bland annat boken &#8217;De mina&#8217;. Tvinnad vit textilsladd, l\u00e4ngd 120 cm. Krokupph\u00e4ng, kopplingsplint. Takplugg ing\u00e5r ej. E27, max 25W. En LED-ljusk\u00e4lla max 8W rekommenderas. [&hellip;]\" \/>\n<meta property=\"og:url\" content=\"https:\/\/shop.noor.fi\/tuote\/stina-riippuvalaisin-de-mina-kaura-40cm\/\" \/>\n<meta property=\"og:site_name\" content=\"Oy Noortrade Ab\" \/>\n<meta property=\"article:modified_time\" content=\"2026-04-10T08:07:30+00:00\" \/>\n<meta property=\"og:image\" content=\"https:\/\/shop.noor.fi\/wp-content\/uploads\/2025\/08\/PR-ST40-033-CT01.jpg\" \/>\n\t<meta property=\"og:image:width\" content=\"908\" \/>\n\t<meta property=\"og:image:height\" content=\"1210\" \/>\n\t<meta property=\"og:image:type\" content=\"image\/jpeg\" \/>\n<meta name=\"twitter:card\" content=\"summary_large_image\" \/>\n<meta name=\"twitter:label1\" content=\"Ber\u00e4knad l\u00e4stid\" \/>\n\t<meta name=\"twitter:data1\" content=\"1 minut\" \/>\n<script type=\"application\/ld+json\" class=\"yoast-schema-graph\">{\"@context\":\"https:\\\/\\\/schema.org\",\"@graph\":[{\"@type\":\"WebPage\",\"@id\":\"https:\\\/\\\/shop.noor.fi\\\/tuote\\\/stina-riippuvalaisin-de-mina-kaura-40cm\\\/\",\"url\":\"https:\\\/\\\/shop.noor.fi\\\/tuote\\\/stina-riippuvalaisin-de-mina-kaura-40cm\\\/\",\"name\":\"Stina taklampa De Mina havre 40cm - Oy Noortrade Ab\",\"isPartOf\":{\"@id\":\"https:\\\/\\\/shopnoorfi-wp31835.test.cchosting.fi\\\/#website\"},\"primaryImageOfPage\":{\"@id\":\"https:\\\/\\\/shop.noor.fi\\\/tuote\\\/stina-riippuvalaisin-de-mina-kaura-40cm\\\/#primaryimage\"},\"image\":{\"@id\":\"https:\\\/\\\/shop.noor.fi\\\/tuote\\\/stina-riippuvalaisin-de-mina-kaura-40cm\\\/#primaryimage\"},\"thumbnailUrl\":\"https:\\\/\\\/shop.noor.fi\\\/wp-content\\\/uploads\\\/2025\\\/08\\\/PR-ST40-033-CT01.jpg\",\"datePublished\":\"2025-08-14T06:16:41+00:00\",\"dateModified\":\"2026-04-10T08:07:30+00:00\",\"breadcrumb\":{\"@id\":\"https:\\\/\\\/shop.noor.fi\\\/tuote\\\/stina-riippuvalaisin-de-mina-kaura-40cm\\\/#breadcrumb\"},\"inLanguage\":\"sv-SE\",\"potentialAction\":[{\"@type\":\"ReadAction\",\"target\":[\"https:\\\/\\\/shop.noor.fi\\\/tuote\\\/stina-riippuvalaisin-de-mina-kaura-40cm\\\/\"]}]},{\"@type\":\"ImageObject\",\"inLanguage\":\"sv-SE\",\"@id\":\"https:\\\/\\\/shop.noor.fi\\\/tuote\\\/stina-riippuvalaisin-de-mina-kaura-40cm\\\/#primaryimage\",\"url\":\"https:\\\/\\\/shop.noor.fi\\\/wp-content\\\/uploads\\\/2025\\\/08\\\/PR-ST40-033-CT01.jpg\",\"contentUrl\":\"https:\\\/\\\/shop.noor.fi\\\/wp-content\\\/uploads\\\/2025\\\/08\\\/PR-ST40-033-CT01.jpg\",\"width\":908,\"height\":1210},{\"@type\":\"BreadcrumbList\",\"@id\":\"https:\\\/\\\/shop.noor.fi\\\/tuote\\\/stina-riippuvalaisin-de-mina-kaura-40cm\\\/#breadcrumb\",\"itemListElement\":[{\"@type\":\"ListItem\",\"position\":1,\"name\":\"Etusivu\",\"item\":\"https:\\\/\\\/shop.noor.fi\\\/sv\\\/\"},{\"@type\":\"ListItem\",\"position\":2,\"name\":\"Butik\",\"item\":\"https:\\\/\\\/shopnoorfi-wp31835.test.cchosting.fi\\\/sv\\\/butik\\\/\"},{\"@type\":\"ListItem\",\"position\":3,\"name\":\"Stina taklampa De Mina havre 40cm\"}]},{\"@type\":\"WebSite\",\"@id\":\"https:\\\/\\\/shopnoorfi-wp31835.test.cchosting.fi\\\/#website\",\"url\":\"https:\\\/\\\/shopnoorfi-wp31835.test.cchosting.fi\\\/\",\"name\":\"Oy Noortrade Ab\",\"description\":\"Finnish family owned company with over 30 years of professional experience in lighting &amp; interior products import and sales - reliably.\",\"publisher\":{\"@id\":\"https:\\\/\\\/shopnoorfi-wp31835.test.cchosting.fi\\\/#organization\"},\"potentialAction\":[{\"@type\":\"SearchAction\",\"target\":{\"@type\":\"EntryPoint\",\"urlTemplate\":\"https:\\\/\\\/shopnoorfi-wp31835.test.cchosting.fi\\\/?s={search_term_string}\"},\"query-input\":{\"@type\":\"PropertyValueSpecification\",\"valueRequired\":true,\"valueName\":\"search_term_string\"}}],\"inLanguage\":\"sv-SE\"},{\"@type\":\"Organization\",\"@id\":\"https:\\\/\\\/shopnoorfi-wp31835.test.cchosting.fi\\\/#organization\",\"name\":\"Oy Noortrade Ab\",\"url\":\"https:\\\/\\\/shopnoorfi-wp31835.test.cchosting.fi\\\/\",\"logo\":{\"@type\":\"ImageObject\",\"inLanguage\":\"sv-SE\",\"@id\":\"https:\\\/\\\/shopnoorfi-wp31835.test.cchosting.fi\\\/#\\\/schema\\\/logo\\\/image\\\/\",\"url\":\"https:\\\/\\\/shop.noor.fi\\\/wp-content\\\/uploads\\\/2024\\\/01\\\/Oy-Noortrade-Ab-Corbel-VERSAL-bold-BLACK.png\",\"contentUrl\":\"https:\\\/\\\/shop.noor.fi\\\/wp-content\\\/uploads\\\/2024\\\/01\\\/Oy-Noortrade-Ab-Corbel-VERSAL-bold-BLACK.png\",\"width\":721,\"height\":177,\"caption\":\"Oy Noortrade Ab\"},\"image\":{\"@id\":\"https:\\\/\\\/shopnoorfi-wp31835.test.cchosting.fi\\\/#\\\/schema\\\/logo\\\/image\\\/\"}}]}<\/script>\n<!-- \/ Yoast SEO plugin. -->","yoast_head_json":{"title":"Stina taklampa De Mina havre 40cm - Oy Noortrade Ab","robots":{"index":"index","follow":"follow","max-snippet":"max-snippet:-1","max-image-preview":"max-image-preview:large","max-video-preview":"max-video-preview:-1"},"canonical":"https:\/\/shop.noor.fi\/tuote\/stina-riippuvalaisin-de-mina-kaura-40cm\/","og_locale":"sv_SE","og_type":"article","og_title":"Stina taklampa De Mina havre 40cm - Oy Noortrade Ab","og_description":"Taklampa Stina med rynkat tyg och en rynkad kjol som \u00e4r 15cm h\u00f6g. Formen p\u00e5 sk\u00e4rmen \u00e4r l\u00e4tt konisk. M\u00f6nstret De Mina kommer fr\u00e5n f\u00f6rs\u00e4ttningsbladet p\u00e5 n\u00e5gra av Carl Larssons b\u00f6cker, bland annat boken &#8217;De mina&#8217;. Tvinnad vit textilsladd, l\u00e4ngd 120 cm. Krokupph\u00e4ng, kopplingsplint. Takplugg ing\u00e5r ej. E27, max 25W. En LED-ljusk\u00e4lla max 8W rekommenderas. [&hellip;]","og_url":"https:\/\/shop.noor.fi\/tuote\/stina-riippuvalaisin-de-mina-kaura-40cm\/","og_site_name":"Oy Noortrade Ab","article_modified_time":"2026-04-10T08:07:30+00:00","og_image":[{"width":908,"height":1210,"url":"https:\/\/shop.noor.fi\/wp-content\/uploads\/2025\/08\/PR-ST40-033-CT01.jpg","type":"image\/jpeg"}],"twitter_card":"summary_large_image","twitter_misc":{"Ber\u00e4knad l\u00e4stid":"1 minut"},"schema":{"@context":"https:\/\/schema.org","@graph":[{"@type":"WebPage","@id":"https:\/\/shop.noor.fi\/tuote\/stina-riippuvalaisin-de-mina-kaura-40cm\/","url":"https:\/\/shop.noor.fi\/tuote\/stina-riippuvalaisin-de-mina-kaura-40cm\/","name":"Stina taklampa De Mina havre 40cm - Oy Noortrade Ab","isPartOf":{"@id":"https:\/\/shopnoorfi-wp31835.test.cchosting.fi\/#website"},"primaryImageOfPage":{"@id":"https:\/\/shop.noor.fi\/tuote\/stina-riippuvalaisin-de-mina-kaura-40cm\/#primaryimage"},"image":{"@id":"https:\/\/shop.noor.fi\/tuote\/stina-riippuvalaisin-de-mina-kaura-40cm\/#primaryimage"},"thumbnailUrl":"https:\/\/shop.noor.fi\/wp-content\/uploads\/2025\/08\/PR-ST40-033-CT01.jpg","datePublished":"2025-08-14T06:16:41+00:00","dateModified":"2026-04-10T08:07:30+00:00","breadcrumb":{"@id":"https:\/\/shop.noor.fi\/tuote\/stina-riippuvalaisin-de-mina-kaura-40cm\/#breadcrumb"},"inLanguage":"sv-SE","potentialAction":[{"@type":"ReadAction","target":["https:\/\/shop.noor.fi\/tuote\/stina-riippuvalaisin-de-mina-kaura-40cm\/"]}]},{"@type":"ImageObject","inLanguage":"sv-SE","@id":"https:\/\/shop.noor.fi\/tuote\/stina-riippuvalaisin-de-mina-kaura-40cm\/#primaryimage","url":"https:\/\/shop.noor.fi\/wp-content\/uploads\/2025\/08\/PR-ST40-033-CT01.jpg","contentUrl":"https:\/\/shop.noor.fi\/wp-content\/uploads\/2025\/08\/PR-ST40-033-CT01.jpg","width":908,"height":1210},{"@type":"BreadcrumbList","@id":"https:\/\/shop.noor.fi\/tuote\/stina-riippuvalaisin-de-mina-kaura-40cm\/#breadcrumb","itemListElement":[{"@type":"ListItem","position":1,"name":"Etusivu","item":"https:\/\/shop.noor.fi\/sv\/"},{"@type":"ListItem","position":2,"name":"Butik","item":"https:\/\/shopnoorfi-wp31835.test.cchosting.fi\/sv\/butik\/"},{"@type":"ListItem","position":3,"name":"Stina taklampa De Mina havre 40cm"}]},{"@type":"WebSite","@id":"https:\/\/shopnoorfi-wp31835.test.cchosting.fi\/#website","url":"https:\/\/shopnoorfi-wp31835.test.cchosting.fi\/","name":"Oy Noortrade Ab","description":"Finnish family owned company with over 30 years of professional experience in lighting &amp; interior products import and sales - reliably.","publisher":{"@id":"https:\/\/shopnoorfi-wp31835.test.cchosting.fi\/#organization"},"potentialAction":[{"@type":"SearchAction","target":{"@type":"EntryPoint","urlTemplate":"https:\/\/shopnoorfi-wp31835.test.cchosting.fi\/?s={search_term_string}"},"query-input":{"@type":"PropertyValueSpecification","valueRequired":true,"valueName":"search_term_string"}}],"inLanguage":"sv-SE"},{"@type":"Organization","@id":"https:\/\/shopnoorfi-wp31835.test.cchosting.fi\/#organization","name":"Oy Noortrade Ab","url":"https:\/\/shopnoorfi-wp31835.test.cchosting.fi\/","logo":{"@type":"ImageObject","inLanguage":"sv-SE","@id":"https:\/\/shopnoorfi-wp31835.test.cchosting.fi\/#\/schema\/logo\/image\/","url":"https:\/\/shop.noor.fi\/wp-content\/uploads\/2024\/01\/Oy-Noortrade-Ab-Corbel-VERSAL-bold-BLACK.png","contentUrl":"https:\/\/shop.noor.fi\/wp-content\/uploads\/2024\/01\/Oy-Noortrade-Ab-Corbel-VERSAL-bold-BLACK.png","width":721,"height":177,"caption":"Oy Noortrade Ab"},"image":{"@id":"https:\/\/shopnoorfi-wp31835.test.cchosting.fi\/#\/schema\/logo\/image\/"}}]}},"brands":[{"id":28732,"name":"PR Home","slug":"pr-home"}],"_links":{"self":[{"href":"https:\/\/shop.noor.fi\/sv\/wp-json\/wp\/v2\/product\/131722","targetHints":{"allow":["GET"]}}],"collection":[{"href":"https:\/\/shop.noor.fi\/sv\/wp-json\/wp\/v2\/product"}],"about":[{"href":"https:\/\/shop.noor.fi\/sv\/wp-json\/wp\/v2\/types\/product"}],"replies":[{"embeddable":true,"href":"https:\/\/shop.noor.fi\/sv\/wp-json\/wp\/v2\/comments?post=131722"}],"wp:featuredmedia":[{"embeddable":true,"href":"https:\/\/shop.noor.fi\/sv\/wp-json\/wp\/v2\/media\/136571"}],"wp:attachment":[{"href":"https:\/\/shop.noor.fi\/sv\/wp-json\/wp\/v2\/media?parent=131722"}],"wp:term":[{"taxonomy":"pwb-brand","embeddable":true,"href":"https:\/\/shop.noor.fi\/sv\/wp-json\/wp\/v2\/pwb-brand?post=131722"},{"taxonomy":"product_brand","embeddable":true,"href":"https:\/\/shop.noor.fi\/sv\/wp-json\/wp\/v2\/product_brand?post=131722"},{"taxonomy":"product_cat","embeddable":true,"href":"https:\/\/shop.noor.fi\/sv\/wp-json\/wp\/v2\/product_cat?post=131722"},{"taxonomy":"product_tag","embeddable":true,"href":"https:\/\/shop.noor.fi\/sv\/wp-json\/wp\/v2\/product_tag?post=131722"}],"curies":[{"name":"wp","href":"https:\/\/api.w.org\/{rel}","templated":true}]}}