{"id":130886,"date":"2025-08-14T09:09:08","date_gmt":"2025-08-14T06:09:08","guid":{"rendered":"https:\/\/shop.noor.fi\/product\/cia-toppringskarm-vilja-mossa-20cm\/"},"modified":"2026-04-10T10:44:13","modified_gmt":"2026-04-10T07:44:13","slug":"cia-toppringskarm-vilja-mossa-20cm","status":"publish","type":"product","link":"https:\/\/shop.noor.fi\/sv\/produkt\/cia-toppringskarm-vilja-mossa-20cm\/","title":{"rendered":"Cia Toppringsk\u00e4rm Vilja mossa 20cm"},"content":{"rendered":"<p>Lampsk\u00e4rm i polyester. Cia toppringssk\u00e4rm \u00e4r ett utm\u00e4rkt val f\u00f6r den som s\u00f6ker en stilren detalj till sin belysning. Den avsmalnande formen ger en sofistikerad look, och det det tryckta Vilja m\u00f6nstret tillf\u00f6r en k\u00e4nsla av tidl\u00f6s elegans.<br \/>\nDenna sk\u00e4rm har ett E27 toppringsf\u00e4ste som f\u00e4stes ovanifr\u00e5n, och passar till lampor med b\u00f6jd arm, t.ex. PR Homes Amy golvlampor.<\/p>\n<p>Diameter 20 cm \/ 13 cm<br \/>\nH\u00f6jd 19 cm<\/p>\n","protected":false},"excerpt":{"rendered":"<p>Lampsk\u00e4rm i polyester. Cia toppringssk\u00e4rm \u00e4r ett utm\u00e4rkt val f\u00f6r den som s\u00f6ker en stilren detalj till sin belysning. Den avsmalnande formen ger en sofistikerad look, och det det tryckta Vilja m\u00f6nstret tillf\u00f6r en k\u00e4nsla av tidl\u00f6s elegans. Denna sk\u00e4rm har ett E27 toppringsf\u00e4ste som f\u00e4stes ovanifr\u00e5n, och passar till lampor med b\u00f6jd arm, t.ex. [&hellip;]<\/p>\n","protected":false},"featured_media":136531,"comment_status":"open","ping_status":"closed","template":"","meta":{"_acf_changed":false,"_relevanssi_hide_post":"","_relevanssi_hide_content":"","_relevanssi_pin_for_all":"","_relevanssi_pin_keywords":"","_relevanssi_unpin_keywords":"","_relevanssi_related_keywords":"","_relevanssi_related_include_ids":"","_relevanssi_related_exclude_ids":"","_relevanssi_related_no_append":"","_relevanssi_related_not_related":"","_relevanssi_related_posts":"","_relevanssi_noindex_reason":""},"pwb-brand":[28732],"product_brand":[],"product_cat":[31876,32182],"product_tag":[],"class_list":{"0":"post-130886","1":"product","2":"type-product","3":"status-publish","4":"has-post-thumbnail","6":"pwb-brand-pr-home","7":"product_cat-varjostimet-ylalaippakiinnityksella","8":"product_cat-skarm-topp","10":"first","11":"onbackorder","12":"taxable","13":"shipping-taxable","14":"purchasable","15":"product-type-simple"},"acf":[],"yoast_head":"<!-- This site is optimized with the Yoast SEO plugin v27.5 - https:\/\/yoast.com\/product\/yoast-seo-wordpress\/ -->\n<title>Cia Toppringsk\u00e4rm Vilja mossa 20cm - Oy Noortrade Ab<\/title>\n<meta name=\"robots\" content=\"index, follow, max-snippet:-1, max-image-preview:large, max-video-preview:-1\" \/>\n<link rel=\"canonical\" href=\"https:\/\/shop.noor.fi\/tuote\/cia-toppringvarjostin-vilja-sammaleenvihrea-20cm\/\" \/>\n<meta property=\"og:locale\" content=\"sv_SE\" \/>\n<meta property=\"og:type\" content=\"article\" \/>\n<meta property=\"og:title\" content=\"Cia Toppringsk\u00e4rm Vilja mossa 20cm - Oy Noortrade Ab\" \/>\n<meta property=\"og:description\" content=\"Lampsk\u00e4rm i polyester. Cia toppringssk\u00e4rm \u00e4r ett utm\u00e4rkt val f\u00f6r den som s\u00f6ker en stilren detalj till sin belysning. Den avsmalnande formen ger en sofistikerad look, och det det tryckta Vilja m\u00f6nstret tillf\u00f6r en k\u00e4nsla av tidl\u00f6s elegans. Denna sk\u00e4rm har ett E27 toppringsf\u00e4ste som f\u00e4stes ovanifr\u00e5n, och passar till lampor med b\u00f6jd arm, t.ex. [&hellip;]\" \/>\n<meta property=\"og:url\" content=\"https:\/\/shop.noor.fi\/tuote\/cia-toppringvarjostin-vilja-sammaleenvihrea-20cm\/\" \/>\n<meta property=\"og:site_name\" content=\"Oy Noortrade Ab\" \/>\n<meta property=\"article:modified_time\" content=\"2026-04-10T07:44:13+00:00\" \/>\n<meta property=\"og:image\" content=\"https:\/\/shop.noor.fi\/wp-content\/uploads\/2025\/08\/PR-1420-8859-177.jpg\" \/>\n\t<meta property=\"og:image:width\" content=\"1210\" \/>\n\t<meta property=\"og:image:height\" content=\"1210\" \/>\n\t<meta property=\"og:image:type\" content=\"image\/jpeg\" \/>\n<meta name=\"twitter:card\" content=\"summary_large_image\" \/>\n<script type=\"application\/ld+json\" class=\"yoast-schema-graph\">{\"@context\":\"https:\\\/\\\/schema.org\",\"@graph\":[{\"@type\":\"WebPage\",\"@id\":\"https:\\\/\\\/shop.noor.fi\\\/tuote\\\/cia-toppringvarjostin-vilja-sammaleenvihrea-20cm\\\/\",\"url\":\"https:\\\/\\\/shop.noor.fi\\\/tuote\\\/cia-toppringvarjostin-vilja-sammaleenvihrea-20cm\\\/\",\"name\":\"Cia Toppringsk\u00e4rm Vilja mossa 20cm - Oy Noortrade Ab\",\"isPartOf\":{\"@id\":\"https:\\\/\\\/shopnoorfi-wp31835.test.cchosting.fi\\\/#website\"},\"primaryImageOfPage\":{\"@id\":\"https:\\\/\\\/shop.noor.fi\\\/tuote\\\/cia-toppringvarjostin-vilja-sammaleenvihrea-20cm\\\/#primaryimage\"},\"image\":{\"@id\":\"https:\\\/\\\/shop.noor.fi\\\/tuote\\\/cia-toppringvarjostin-vilja-sammaleenvihrea-20cm\\\/#primaryimage\"},\"thumbnailUrl\":\"https:\\\/\\\/shop.noor.fi\\\/wp-content\\\/uploads\\\/2025\\\/08\\\/PR-1420-8859-177.jpg\",\"datePublished\":\"2025-08-14T06:09:08+00:00\",\"dateModified\":\"2026-04-10T07:44:13+00:00\",\"breadcrumb\":{\"@id\":\"https:\\\/\\\/shop.noor.fi\\\/tuote\\\/cia-toppringvarjostin-vilja-sammaleenvihrea-20cm\\\/#breadcrumb\"},\"inLanguage\":\"sv-SE\",\"potentialAction\":[{\"@type\":\"ReadAction\",\"target\":[\"https:\\\/\\\/shop.noor.fi\\\/tuote\\\/cia-toppringvarjostin-vilja-sammaleenvihrea-20cm\\\/\"]}]},{\"@type\":\"ImageObject\",\"inLanguage\":\"sv-SE\",\"@id\":\"https:\\\/\\\/shop.noor.fi\\\/tuote\\\/cia-toppringvarjostin-vilja-sammaleenvihrea-20cm\\\/#primaryimage\",\"url\":\"https:\\\/\\\/shop.noor.fi\\\/wp-content\\\/uploads\\\/2025\\\/08\\\/PR-1420-8859-177.jpg\",\"contentUrl\":\"https:\\\/\\\/shop.noor.fi\\\/wp-content\\\/uploads\\\/2025\\\/08\\\/PR-1420-8859-177.jpg\",\"width\":1210,\"height\":1210},{\"@type\":\"BreadcrumbList\",\"@id\":\"https:\\\/\\\/shop.noor.fi\\\/tuote\\\/cia-toppringvarjostin-vilja-sammaleenvihrea-20cm\\\/#breadcrumb\",\"itemListElement\":[{\"@type\":\"ListItem\",\"position\":1,\"name\":\"Etusivu\",\"item\":\"https:\\\/\\\/shop.noor.fi\\\/sv\\\/\"},{\"@type\":\"ListItem\",\"position\":2,\"name\":\"Butik\",\"item\":\"https:\\\/\\\/shopnoorfi-wp31835.test.cchosting.fi\\\/sv\\\/butik\\\/\"},{\"@type\":\"ListItem\",\"position\":3,\"name\":\"Cia Toppringsk\u00e4rm Vilja mossa 20cm\"}]},{\"@type\":\"WebSite\",\"@id\":\"https:\\\/\\\/shopnoorfi-wp31835.test.cchosting.fi\\\/#website\",\"url\":\"https:\\\/\\\/shopnoorfi-wp31835.test.cchosting.fi\\\/\",\"name\":\"Oy Noortrade Ab\",\"description\":\"Finnish family owned company with over 30 years of professional experience in lighting &amp; interior products import and sales - reliably.\",\"publisher\":{\"@id\":\"https:\\\/\\\/shopnoorfi-wp31835.test.cchosting.fi\\\/#organization\"},\"potentialAction\":[{\"@type\":\"SearchAction\",\"target\":{\"@type\":\"EntryPoint\",\"urlTemplate\":\"https:\\\/\\\/shopnoorfi-wp31835.test.cchosting.fi\\\/?s={search_term_string}\"},\"query-input\":{\"@type\":\"PropertyValueSpecification\",\"valueRequired\":true,\"valueName\":\"search_term_string\"}}],\"inLanguage\":\"sv-SE\"},{\"@type\":\"Organization\",\"@id\":\"https:\\\/\\\/shopnoorfi-wp31835.test.cchosting.fi\\\/#organization\",\"name\":\"Oy Noortrade Ab\",\"url\":\"https:\\\/\\\/shopnoorfi-wp31835.test.cchosting.fi\\\/\",\"logo\":{\"@type\":\"ImageObject\",\"inLanguage\":\"sv-SE\",\"@id\":\"https:\\\/\\\/shopnoorfi-wp31835.test.cchosting.fi\\\/#\\\/schema\\\/logo\\\/image\\\/\",\"url\":\"https:\\\/\\\/shop.noor.fi\\\/wp-content\\\/uploads\\\/2024\\\/01\\\/Oy-Noortrade-Ab-Corbel-VERSAL-bold-BLACK.png\",\"contentUrl\":\"https:\\\/\\\/shop.noor.fi\\\/wp-content\\\/uploads\\\/2024\\\/01\\\/Oy-Noortrade-Ab-Corbel-VERSAL-bold-BLACK.png\",\"width\":721,\"height\":177,\"caption\":\"Oy Noortrade Ab\"},\"image\":{\"@id\":\"https:\\\/\\\/shopnoorfi-wp31835.test.cchosting.fi\\\/#\\\/schema\\\/logo\\\/image\\\/\"}}]}<\/script>\n<!-- \/ Yoast SEO plugin. -->","yoast_head_json":{"title":"Cia Toppringsk\u00e4rm Vilja mossa 20cm - Oy Noortrade Ab","robots":{"index":"index","follow":"follow","max-snippet":"max-snippet:-1","max-image-preview":"max-image-preview:large","max-video-preview":"max-video-preview:-1"},"canonical":"https:\/\/shop.noor.fi\/tuote\/cia-toppringvarjostin-vilja-sammaleenvihrea-20cm\/","og_locale":"sv_SE","og_type":"article","og_title":"Cia Toppringsk\u00e4rm Vilja mossa 20cm - Oy Noortrade Ab","og_description":"Lampsk\u00e4rm i polyester. Cia toppringssk\u00e4rm \u00e4r ett utm\u00e4rkt val f\u00f6r den som s\u00f6ker en stilren detalj till sin belysning. Den avsmalnande formen ger en sofistikerad look, och det det tryckta Vilja m\u00f6nstret tillf\u00f6r en k\u00e4nsla av tidl\u00f6s elegans. Denna sk\u00e4rm har ett E27 toppringsf\u00e4ste som f\u00e4stes ovanifr\u00e5n, och passar till lampor med b\u00f6jd arm, t.ex. [&hellip;]","og_url":"https:\/\/shop.noor.fi\/tuote\/cia-toppringvarjostin-vilja-sammaleenvihrea-20cm\/","og_site_name":"Oy Noortrade Ab","article_modified_time":"2026-04-10T07:44:13+00:00","og_image":[{"width":1210,"height":1210,"url":"https:\/\/shop.noor.fi\/wp-content\/uploads\/2025\/08\/PR-1420-8859-177.jpg","type":"image\/jpeg"}],"twitter_card":"summary_large_image","schema":{"@context":"https:\/\/schema.org","@graph":[{"@type":"WebPage","@id":"https:\/\/shop.noor.fi\/tuote\/cia-toppringvarjostin-vilja-sammaleenvihrea-20cm\/","url":"https:\/\/shop.noor.fi\/tuote\/cia-toppringvarjostin-vilja-sammaleenvihrea-20cm\/","name":"Cia Toppringsk\u00e4rm Vilja mossa 20cm - Oy Noortrade Ab","isPartOf":{"@id":"https:\/\/shopnoorfi-wp31835.test.cchosting.fi\/#website"},"primaryImageOfPage":{"@id":"https:\/\/shop.noor.fi\/tuote\/cia-toppringvarjostin-vilja-sammaleenvihrea-20cm\/#primaryimage"},"image":{"@id":"https:\/\/shop.noor.fi\/tuote\/cia-toppringvarjostin-vilja-sammaleenvihrea-20cm\/#primaryimage"},"thumbnailUrl":"https:\/\/shop.noor.fi\/wp-content\/uploads\/2025\/08\/PR-1420-8859-177.jpg","datePublished":"2025-08-14T06:09:08+00:00","dateModified":"2026-04-10T07:44:13+00:00","breadcrumb":{"@id":"https:\/\/shop.noor.fi\/tuote\/cia-toppringvarjostin-vilja-sammaleenvihrea-20cm\/#breadcrumb"},"inLanguage":"sv-SE","potentialAction":[{"@type":"ReadAction","target":["https:\/\/shop.noor.fi\/tuote\/cia-toppringvarjostin-vilja-sammaleenvihrea-20cm\/"]}]},{"@type":"ImageObject","inLanguage":"sv-SE","@id":"https:\/\/shop.noor.fi\/tuote\/cia-toppringvarjostin-vilja-sammaleenvihrea-20cm\/#primaryimage","url":"https:\/\/shop.noor.fi\/wp-content\/uploads\/2025\/08\/PR-1420-8859-177.jpg","contentUrl":"https:\/\/shop.noor.fi\/wp-content\/uploads\/2025\/08\/PR-1420-8859-177.jpg","width":1210,"height":1210},{"@type":"BreadcrumbList","@id":"https:\/\/shop.noor.fi\/tuote\/cia-toppringvarjostin-vilja-sammaleenvihrea-20cm\/#breadcrumb","itemListElement":[{"@type":"ListItem","position":1,"name":"Etusivu","item":"https:\/\/shop.noor.fi\/sv\/"},{"@type":"ListItem","position":2,"name":"Butik","item":"https:\/\/shopnoorfi-wp31835.test.cchosting.fi\/sv\/butik\/"},{"@type":"ListItem","position":3,"name":"Cia Toppringsk\u00e4rm Vilja mossa 20cm"}]},{"@type":"WebSite","@id":"https:\/\/shopnoorfi-wp31835.test.cchosting.fi\/#website","url":"https:\/\/shopnoorfi-wp31835.test.cchosting.fi\/","name":"Oy Noortrade Ab","description":"Finnish family owned company with over 30 years of professional experience in lighting &amp; interior products import and sales - reliably.","publisher":{"@id":"https:\/\/shopnoorfi-wp31835.test.cchosting.fi\/#organization"},"potentialAction":[{"@type":"SearchAction","target":{"@type":"EntryPoint","urlTemplate":"https:\/\/shopnoorfi-wp31835.test.cchosting.fi\/?s={search_term_string}"},"query-input":{"@type":"PropertyValueSpecification","valueRequired":true,"valueName":"search_term_string"}}],"inLanguage":"sv-SE"},{"@type":"Organization","@id":"https:\/\/shopnoorfi-wp31835.test.cchosting.fi\/#organization","name":"Oy Noortrade Ab","url":"https:\/\/shopnoorfi-wp31835.test.cchosting.fi\/","logo":{"@type":"ImageObject","inLanguage":"sv-SE","@id":"https:\/\/shopnoorfi-wp31835.test.cchosting.fi\/#\/schema\/logo\/image\/","url":"https:\/\/shop.noor.fi\/wp-content\/uploads\/2024\/01\/Oy-Noortrade-Ab-Corbel-VERSAL-bold-BLACK.png","contentUrl":"https:\/\/shop.noor.fi\/wp-content\/uploads\/2024\/01\/Oy-Noortrade-Ab-Corbel-VERSAL-bold-BLACK.png","width":721,"height":177,"caption":"Oy Noortrade Ab"},"image":{"@id":"https:\/\/shopnoorfi-wp31835.test.cchosting.fi\/#\/schema\/logo\/image\/"}}]}},"brands":[{"id":28732,"name":"PR Home","slug":"pr-home"}],"_links":{"self":[{"href":"https:\/\/shop.noor.fi\/sv\/wp-json\/wp\/v2\/product\/130886","targetHints":{"allow":["GET"]}}],"collection":[{"href":"https:\/\/shop.noor.fi\/sv\/wp-json\/wp\/v2\/product"}],"about":[{"href":"https:\/\/shop.noor.fi\/sv\/wp-json\/wp\/v2\/types\/product"}],"replies":[{"embeddable":true,"href":"https:\/\/shop.noor.fi\/sv\/wp-json\/wp\/v2\/comments?post=130886"}],"wp:featuredmedia":[{"embeddable":true,"href":"https:\/\/shop.noor.fi\/sv\/wp-json\/wp\/v2\/media\/136531"}],"wp:attachment":[{"href":"https:\/\/shop.noor.fi\/sv\/wp-json\/wp\/v2\/media?parent=130886"}],"wp:term":[{"taxonomy":"pwb-brand","embeddable":true,"href":"https:\/\/shop.noor.fi\/sv\/wp-json\/wp\/v2\/pwb-brand?post=130886"},{"taxonomy":"product_brand","embeddable":true,"href":"https:\/\/shop.noor.fi\/sv\/wp-json\/wp\/v2\/product_brand?post=130886"},{"taxonomy":"product_cat","embeddable":true,"href":"https:\/\/shop.noor.fi\/sv\/wp-json\/wp\/v2\/product_cat?post=130886"},{"taxonomy":"product_tag","embeddable":true,"href":"https:\/\/shop.noor.fi\/sv\/wp-json\/wp\/v2\/product_tag?post=130886"}],"curies":[{"name":"wp","href":"https:\/\/api.w.org\/{rel}","templated":true}]}}