{"id":130876,"date":"2025-08-14T09:07:49","date_gmt":"2025-08-14T06:07:49","guid":{"rendered":"https:\/\/shop.noor.fi\/product\/cia-toppringskarm-de-mina-mossa-20cm\/"},"modified":"2026-04-10T10:43:33","modified_gmt":"2026-04-10T07:43:33","slug":"cia-toppringskarm-de-mina-mossa-20cm","status":"publish","type":"product","link":"https:\/\/shop.noor.fi\/sv\/produkt\/cia-toppringskarm-de-mina-mossa-20cm\/","title":{"rendered":"Cia Toppringsk\u00e4rm De Mina mossa 20cm"},"content":{"rendered":"<p>Lampsk\u00e4rm i bomull. M\u00f6nstret De Mina kommer fr\u00e5n f\u00f6rs\u00e4ttningsbladet p\u00e5 n\u00e5gra av Carl Larssons b\u00f6cker, bland annat boken &#8217;De mina&#8217;.<br \/>\nSk\u00e4rmen har en ljus insida och matchande kantband.<br \/>\nDenna sk\u00e4rm har ett E27 toppringsf\u00e4ste som f\u00e4stes ovanifr\u00e5n, och passar till lampor med b\u00f6jd arm, t.ex. PR Homes Amy golvlampor.<\/p>\n<p>Diameter 20 cm \/ 13 cm<br \/>\nH\u00f6jd 19 cm<\/p>\n","protected":false},"excerpt":{"rendered":"<p>Lampsk\u00e4rm i bomull. M\u00f6nstret De Mina kommer fr\u00e5n f\u00f6rs\u00e4ttningsbladet p\u00e5 n\u00e5gra av Carl Larssons b\u00f6cker, bland annat boken &#8217;De mina&#8217;. Sk\u00e4rmen har en ljus insida och matchande kantband. Denna sk\u00e4rm har ett E27 toppringsf\u00e4ste som f\u00e4stes ovanifr\u00e5n, och passar till lampor med b\u00f6jd arm, t.ex. PR Homes Amy golvlampor. Diameter 20 cm \/ 13 cm [&hellip;]<\/p>\n","protected":false},"featured_media":136498,"comment_status":"open","ping_status":"closed","template":"","meta":{"_acf_changed":false,"_relevanssi_hide_post":"","_relevanssi_hide_content":"","_relevanssi_pin_for_all":"","_relevanssi_pin_keywords":"","_relevanssi_unpin_keywords":"","_relevanssi_related_keywords":"","_relevanssi_related_include_ids":"","_relevanssi_related_exclude_ids":"","_relevanssi_related_no_append":"","_relevanssi_related_not_related":"","_relevanssi_related_posts":"","_relevanssi_noindex_reason":""},"pwb-brand":[28732,37489],"product_brand":[],"product_cat":[31876,32182],"product_tag":[],"class_list":{"0":"post-130876","1":"product","2":"type-product","3":"status-publish","4":"has-post-thumbnail","6":"pwb-brand-pr-home","7":"pwb-brand-pr-home-sv","8":"product_cat-varjostimet-ylalaippakiinnityksella","9":"product_cat-skarm-topp","11":"first","12":"onbackorder","13":"taxable","14":"shipping-taxable","15":"purchasable","16":"product-type-simple"},"acf":[],"yoast_head":"<!-- This site is optimized with the Yoast SEO plugin v27.5 - https:\/\/yoast.com\/product\/yoast-seo-wordpress\/ -->\n<title>Cia Toppringsk\u00e4rm De Mina mossa 20cm - Oy Noortrade Ab<\/title>\n<meta name=\"robots\" content=\"index, follow, max-snippet:-1, max-image-preview:large, max-video-preview:-1\" \/>\n<link rel=\"canonical\" href=\"https:\/\/shop.noor.fi\/tuote\/cia-toppringvarjostin-de-mina-sammaleenvihrea-20cm\/\" \/>\n<meta property=\"og:locale\" content=\"sv_SE\" \/>\n<meta property=\"og:type\" content=\"article\" \/>\n<meta property=\"og:title\" content=\"Cia Toppringsk\u00e4rm De Mina mossa 20cm - Oy Noortrade Ab\" \/>\n<meta property=\"og:description\" content=\"Lampsk\u00e4rm i bomull. M\u00f6nstret De Mina kommer fr\u00e5n f\u00f6rs\u00e4ttningsbladet p\u00e5 n\u00e5gra av Carl Larssons b\u00f6cker, bland annat boken &#8217;De mina&#8217;. Sk\u00e4rmen har en ljus insida och matchande kantband. Denna sk\u00e4rm har ett E27 toppringsf\u00e4ste som f\u00e4stes ovanifr\u00e5n, och passar till lampor med b\u00f6jd arm, t.ex. PR Homes Amy golvlampor. Diameter 20 cm \/ 13 cm [&hellip;]\" \/>\n<meta property=\"og:url\" content=\"https:\/\/shop.noor.fi\/tuote\/cia-toppringvarjostin-de-mina-sammaleenvihrea-20cm\/\" \/>\n<meta property=\"og:site_name\" content=\"Oy Noortrade Ab\" \/>\n<meta property=\"article:modified_time\" content=\"2026-04-10T07:43:33+00:00\" \/>\n<meta property=\"og:image\" content=\"https:\/\/shop.noor.fi\/wp-content\/uploads\/2025\/08\/PR-1420-1410-177.jpg\" \/>\n\t<meta property=\"og:image:width\" content=\"1210\" \/>\n\t<meta property=\"og:image:height\" content=\"1210\" \/>\n\t<meta property=\"og:image:type\" content=\"image\/jpeg\" \/>\n<meta name=\"twitter:card\" content=\"summary_large_image\" \/>\n<script type=\"application\/ld+json\" class=\"yoast-schema-graph\">{\"@context\":\"https:\\\/\\\/schema.org\",\"@graph\":[{\"@type\":\"WebPage\",\"@id\":\"https:\\\/\\\/shop.noor.fi\\\/tuote\\\/cia-toppringvarjostin-de-mina-sammaleenvihrea-20cm\\\/\",\"url\":\"https:\\\/\\\/shop.noor.fi\\\/tuote\\\/cia-toppringvarjostin-de-mina-sammaleenvihrea-20cm\\\/\",\"name\":\"Cia Toppringsk\u00e4rm De Mina mossa 20cm - Oy Noortrade Ab\",\"isPartOf\":{\"@id\":\"https:\\\/\\\/shopnoorfi-wp31835.test.cchosting.fi\\\/#website\"},\"primaryImageOfPage\":{\"@id\":\"https:\\\/\\\/shop.noor.fi\\\/tuote\\\/cia-toppringvarjostin-de-mina-sammaleenvihrea-20cm\\\/#primaryimage\"},\"image\":{\"@id\":\"https:\\\/\\\/shop.noor.fi\\\/tuote\\\/cia-toppringvarjostin-de-mina-sammaleenvihrea-20cm\\\/#primaryimage\"},\"thumbnailUrl\":\"https:\\\/\\\/shop.noor.fi\\\/wp-content\\\/uploads\\\/2025\\\/08\\\/PR-1420-1410-177.jpg\",\"datePublished\":\"2025-08-14T06:07:49+00:00\",\"dateModified\":\"2026-04-10T07:43:33+00:00\",\"breadcrumb\":{\"@id\":\"https:\\\/\\\/shop.noor.fi\\\/tuote\\\/cia-toppringvarjostin-de-mina-sammaleenvihrea-20cm\\\/#breadcrumb\"},\"inLanguage\":\"sv-SE\",\"potentialAction\":[{\"@type\":\"ReadAction\",\"target\":[\"https:\\\/\\\/shop.noor.fi\\\/tuote\\\/cia-toppringvarjostin-de-mina-sammaleenvihrea-20cm\\\/\"]}]},{\"@type\":\"ImageObject\",\"inLanguage\":\"sv-SE\",\"@id\":\"https:\\\/\\\/shop.noor.fi\\\/tuote\\\/cia-toppringvarjostin-de-mina-sammaleenvihrea-20cm\\\/#primaryimage\",\"url\":\"https:\\\/\\\/shop.noor.fi\\\/wp-content\\\/uploads\\\/2025\\\/08\\\/PR-1420-1410-177.jpg\",\"contentUrl\":\"https:\\\/\\\/shop.noor.fi\\\/wp-content\\\/uploads\\\/2025\\\/08\\\/PR-1420-1410-177.jpg\",\"width\":1210,\"height\":1210},{\"@type\":\"BreadcrumbList\",\"@id\":\"https:\\\/\\\/shop.noor.fi\\\/tuote\\\/cia-toppringvarjostin-de-mina-sammaleenvihrea-20cm\\\/#breadcrumb\",\"itemListElement\":[{\"@type\":\"ListItem\",\"position\":1,\"name\":\"Etusivu\",\"item\":\"https:\\\/\\\/shop.noor.fi\\\/sv\\\/\"},{\"@type\":\"ListItem\",\"position\":2,\"name\":\"Butik\",\"item\":\"https:\\\/\\\/shopnoorfi-wp31835.test.cchosting.fi\\\/sv\\\/butik\\\/\"},{\"@type\":\"ListItem\",\"position\":3,\"name\":\"Cia Toppringsk\u00e4rm De Mina mossa 20cm\"}]},{\"@type\":\"WebSite\",\"@id\":\"https:\\\/\\\/shopnoorfi-wp31835.test.cchosting.fi\\\/#website\",\"url\":\"https:\\\/\\\/shopnoorfi-wp31835.test.cchosting.fi\\\/\",\"name\":\"Oy Noortrade Ab\",\"description\":\"Finnish family owned company with over 30 years of professional experience in lighting &amp; interior products import and sales - reliably.\",\"publisher\":{\"@id\":\"https:\\\/\\\/shopnoorfi-wp31835.test.cchosting.fi\\\/#organization\"},\"potentialAction\":[{\"@type\":\"SearchAction\",\"target\":{\"@type\":\"EntryPoint\",\"urlTemplate\":\"https:\\\/\\\/shopnoorfi-wp31835.test.cchosting.fi\\\/?s={search_term_string}\"},\"query-input\":{\"@type\":\"PropertyValueSpecification\",\"valueRequired\":true,\"valueName\":\"search_term_string\"}}],\"inLanguage\":\"sv-SE\"},{\"@type\":\"Organization\",\"@id\":\"https:\\\/\\\/shopnoorfi-wp31835.test.cchosting.fi\\\/#organization\",\"name\":\"Oy Noortrade Ab\",\"url\":\"https:\\\/\\\/shopnoorfi-wp31835.test.cchosting.fi\\\/\",\"logo\":{\"@type\":\"ImageObject\",\"inLanguage\":\"sv-SE\",\"@id\":\"https:\\\/\\\/shopnoorfi-wp31835.test.cchosting.fi\\\/#\\\/schema\\\/logo\\\/image\\\/\",\"url\":\"https:\\\/\\\/shop.noor.fi\\\/wp-content\\\/uploads\\\/2024\\\/01\\\/Oy-Noortrade-Ab-Corbel-VERSAL-bold-BLACK.png\",\"contentUrl\":\"https:\\\/\\\/shop.noor.fi\\\/wp-content\\\/uploads\\\/2024\\\/01\\\/Oy-Noortrade-Ab-Corbel-VERSAL-bold-BLACK.png\",\"width\":721,\"height\":177,\"caption\":\"Oy Noortrade Ab\"},\"image\":{\"@id\":\"https:\\\/\\\/shopnoorfi-wp31835.test.cchosting.fi\\\/#\\\/schema\\\/logo\\\/image\\\/\"}}]}<\/script>\n<!-- \/ Yoast SEO plugin. -->","yoast_head_json":{"title":"Cia Toppringsk\u00e4rm De Mina mossa 20cm - Oy Noortrade Ab","robots":{"index":"index","follow":"follow","max-snippet":"max-snippet:-1","max-image-preview":"max-image-preview:large","max-video-preview":"max-video-preview:-1"},"canonical":"https:\/\/shop.noor.fi\/tuote\/cia-toppringvarjostin-de-mina-sammaleenvihrea-20cm\/","og_locale":"sv_SE","og_type":"article","og_title":"Cia Toppringsk\u00e4rm De Mina mossa 20cm - Oy Noortrade Ab","og_description":"Lampsk\u00e4rm i bomull. M\u00f6nstret De Mina kommer fr\u00e5n f\u00f6rs\u00e4ttningsbladet p\u00e5 n\u00e5gra av Carl Larssons b\u00f6cker, bland annat boken &#8217;De mina&#8217;. Sk\u00e4rmen har en ljus insida och matchande kantband. Denna sk\u00e4rm har ett E27 toppringsf\u00e4ste som f\u00e4stes ovanifr\u00e5n, och passar till lampor med b\u00f6jd arm, t.ex. PR Homes Amy golvlampor. Diameter 20 cm \/ 13 cm [&hellip;]","og_url":"https:\/\/shop.noor.fi\/tuote\/cia-toppringvarjostin-de-mina-sammaleenvihrea-20cm\/","og_site_name":"Oy Noortrade Ab","article_modified_time":"2026-04-10T07:43:33+00:00","og_image":[{"width":1210,"height":1210,"url":"https:\/\/shop.noor.fi\/wp-content\/uploads\/2025\/08\/PR-1420-1410-177.jpg","type":"image\/jpeg"}],"twitter_card":"summary_large_image","schema":{"@context":"https:\/\/schema.org","@graph":[{"@type":"WebPage","@id":"https:\/\/shop.noor.fi\/tuote\/cia-toppringvarjostin-de-mina-sammaleenvihrea-20cm\/","url":"https:\/\/shop.noor.fi\/tuote\/cia-toppringvarjostin-de-mina-sammaleenvihrea-20cm\/","name":"Cia Toppringsk\u00e4rm De Mina mossa 20cm - Oy Noortrade Ab","isPartOf":{"@id":"https:\/\/shopnoorfi-wp31835.test.cchosting.fi\/#website"},"primaryImageOfPage":{"@id":"https:\/\/shop.noor.fi\/tuote\/cia-toppringvarjostin-de-mina-sammaleenvihrea-20cm\/#primaryimage"},"image":{"@id":"https:\/\/shop.noor.fi\/tuote\/cia-toppringvarjostin-de-mina-sammaleenvihrea-20cm\/#primaryimage"},"thumbnailUrl":"https:\/\/shop.noor.fi\/wp-content\/uploads\/2025\/08\/PR-1420-1410-177.jpg","datePublished":"2025-08-14T06:07:49+00:00","dateModified":"2026-04-10T07:43:33+00:00","breadcrumb":{"@id":"https:\/\/shop.noor.fi\/tuote\/cia-toppringvarjostin-de-mina-sammaleenvihrea-20cm\/#breadcrumb"},"inLanguage":"sv-SE","potentialAction":[{"@type":"ReadAction","target":["https:\/\/shop.noor.fi\/tuote\/cia-toppringvarjostin-de-mina-sammaleenvihrea-20cm\/"]}]},{"@type":"ImageObject","inLanguage":"sv-SE","@id":"https:\/\/shop.noor.fi\/tuote\/cia-toppringvarjostin-de-mina-sammaleenvihrea-20cm\/#primaryimage","url":"https:\/\/shop.noor.fi\/wp-content\/uploads\/2025\/08\/PR-1420-1410-177.jpg","contentUrl":"https:\/\/shop.noor.fi\/wp-content\/uploads\/2025\/08\/PR-1420-1410-177.jpg","width":1210,"height":1210},{"@type":"BreadcrumbList","@id":"https:\/\/shop.noor.fi\/tuote\/cia-toppringvarjostin-de-mina-sammaleenvihrea-20cm\/#breadcrumb","itemListElement":[{"@type":"ListItem","position":1,"name":"Etusivu","item":"https:\/\/shop.noor.fi\/sv\/"},{"@type":"ListItem","position":2,"name":"Butik","item":"https:\/\/shopnoorfi-wp31835.test.cchosting.fi\/sv\/butik\/"},{"@type":"ListItem","position":3,"name":"Cia Toppringsk\u00e4rm De Mina mossa 20cm"}]},{"@type":"WebSite","@id":"https:\/\/shopnoorfi-wp31835.test.cchosting.fi\/#website","url":"https:\/\/shopnoorfi-wp31835.test.cchosting.fi\/","name":"Oy Noortrade Ab","description":"Finnish family owned company with over 30 years of professional experience in lighting &amp; interior products import and sales - reliably.","publisher":{"@id":"https:\/\/shopnoorfi-wp31835.test.cchosting.fi\/#organization"},"potentialAction":[{"@type":"SearchAction","target":{"@type":"EntryPoint","urlTemplate":"https:\/\/shopnoorfi-wp31835.test.cchosting.fi\/?s={search_term_string}"},"query-input":{"@type":"PropertyValueSpecification","valueRequired":true,"valueName":"search_term_string"}}],"inLanguage":"sv-SE"},{"@type":"Organization","@id":"https:\/\/shopnoorfi-wp31835.test.cchosting.fi\/#organization","name":"Oy Noortrade Ab","url":"https:\/\/shopnoorfi-wp31835.test.cchosting.fi\/","logo":{"@type":"ImageObject","inLanguage":"sv-SE","@id":"https:\/\/shopnoorfi-wp31835.test.cchosting.fi\/#\/schema\/logo\/image\/","url":"https:\/\/shop.noor.fi\/wp-content\/uploads\/2024\/01\/Oy-Noortrade-Ab-Corbel-VERSAL-bold-BLACK.png","contentUrl":"https:\/\/shop.noor.fi\/wp-content\/uploads\/2024\/01\/Oy-Noortrade-Ab-Corbel-VERSAL-bold-BLACK.png","width":721,"height":177,"caption":"Oy Noortrade Ab"},"image":{"@id":"https:\/\/shopnoorfi-wp31835.test.cchosting.fi\/#\/schema\/logo\/image\/"}}]}},"brands":[{"id":28732,"name":"PR Home","slug":"pr-home"},{"id":37489,"name":"PR Home","slug":"pr-home-sv"}],"_links":{"self":[{"href":"https:\/\/shop.noor.fi\/sv\/wp-json\/wp\/v2\/product\/130876","targetHints":{"allow":["GET"]}}],"collection":[{"href":"https:\/\/shop.noor.fi\/sv\/wp-json\/wp\/v2\/product"}],"about":[{"href":"https:\/\/shop.noor.fi\/sv\/wp-json\/wp\/v2\/types\/product"}],"replies":[{"embeddable":true,"href":"https:\/\/shop.noor.fi\/sv\/wp-json\/wp\/v2\/comments?post=130876"}],"wp:featuredmedia":[{"embeddable":true,"href":"https:\/\/shop.noor.fi\/sv\/wp-json\/wp\/v2\/media\/136498"}],"wp:attachment":[{"href":"https:\/\/shop.noor.fi\/sv\/wp-json\/wp\/v2\/media?parent=130876"}],"wp:term":[{"taxonomy":"pwb-brand","embeddable":true,"href":"https:\/\/shop.noor.fi\/sv\/wp-json\/wp\/v2\/pwb-brand?post=130876"},{"taxonomy":"product_brand","embeddable":true,"href":"https:\/\/shop.noor.fi\/sv\/wp-json\/wp\/v2\/product_brand?post=130876"},{"taxonomy":"product_cat","embeddable":true,"href":"https:\/\/shop.noor.fi\/sv\/wp-json\/wp\/v2\/product_cat?post=130876"},{"taxonomy":"product_tag","embeddable":true,"href":"https:\/\/shop.noor.fi\/sv\/wp-json\/wp\/v2\/product_tag?post=130876"}],"curies":[{"name":"wp","href":"https:\/\/api.w.org\/{rel}","templated":true}]}}