{"id":130772,"date":"2025-05-13T12:38:16","date_gmt":"2025-05-13T09:38:16","guid":{"rendered":"https:\/\/shop.noor.fi\/product\/solo-fonsterlampa-blank-denim-13cm\/"},"modified":"2026-04-10T10:42:24","modified_gmt":"2026-04-10T07:42:24","slug":"solo-fonsterlampa-blank-denim-13cm","status":"publish","type":"product","link":"https:\/\/shop.noor.fi\/sv\/produkt\/solo-fonsterlampa-blank-denim-13cm\/","title":{"rendered":"Solo f\u00f6nsterlampa blank denim 13cm"},"content":{"rendered":"<p>En liten n\u00e4tt f\u00f6nsterlampa i metall med h\u00f6gblank denim finish p\u00e5 utsidan och matt denim insida.<br \/>\n350 cm l\u00e5ng svart textilsladd,  upph\u00e4ngningsbygel och v\u00e4ggkontakt.<br \/>\nE27, max 25W. Ljusk\u00e4lla ing\u00e5r ej.<\/p>\n<p>Diameter 13 cm<br \/>\nH\u00f6jd 19 cm<\/p>\n","protected":false},"excerpt":{"rendered":"<p>En liten n\u00e4tt f\u00f6nsterlampa i metall med h\u00f6gblank denim finish p\u00e5 utsidan och matt denim insida. 350 cm l\u00e5ng svart textilsladd, upph\u00e4ngningsbygel och v\u00e4ggkontakt. E27, max 25W. Ljusk\u00e4lla ing\u00e5r ej. Diameter 13 cm H\u00f6jd 19 cm<\/p>\n","protected":false},"featured_media":131099,"comment_status":"open","ping_status":"closed","template":"","meta":{"_acf_changed":false,"_relevanssi_hide_post":"","_relevanssi_hide_content":"","_relevanssi_pin_for_all":"","_relevanssi_pin_keywords":"","_relevanssi_unpin_keywords":"","_relevanssi_related_keywords":"","_relevanssi_related_include_ids":"","_relevanssi_related_exclude_ids":"","_relevanssi_related_no_append":"","_relevanssi_related_not_related":"","_relevanssi_related_posts":"","_relevanssi_noindex_reason":""},"pwb-brand":[28732],"product_brand":[],"product_cat":[31801,32005],"product_tag":[],"class_list":{"0":"post-130772","1":"product","2":"type-product","3":"status-publish","4":"has-post-thumbnail","6":"pwb-brand-pr-home","7":"product_cat-ikkunavalaisimet","8":"product_cat-fonsterlampor","10":"first","11":"onbackorder","12":"taxable","13":"shipping-taxable","14":"purchasable","15":"product-type-simple"},"acf":[],"yoast_head":"<!-- This site is optimized with the Yoast SEO plugin v27.4 - https:\/\/yoast.com\/product\/yoast-seo-wordpress\/ -->\n<title>Solo f\u00f6nsterlampa blank denim 13cm - Oy Noortrade Ab<\/title>\n<meta name=\"robots\" content=\"index, follow, max-snippet:-1, max-image-preview:large, max-video-preview:-1\" \/>\n<link rel=\"canonical\" href=\"https:\/\/shop.noor.fi\/tuote\/solo-ikkunavalaisin-kiiltava-denim-13cm\/\" \/>\n<meta property=\"og:locale\" content=\"sv_SE\" \/>\n<meta property=\"og:type\" content=\"article\" \/>\n<meta property=\"og:title\" content=\"Solo f\u00f6nsterlampa blank denim 13cm - Oy Noortrade Ab\" \/>\n<meta property=\"og:description\" content=\"En liten n\u00e4tt f\u00f6nsterlampa i metall med h\u00f6gblank denim finish p\u00e5 utsidan och matt denim insida. 350 cm l\u00e5ng svart textilsladd, upph\u00e4ngningsbygel och v\u00e4ggkontakt. E27, max 25W. Ljusk\u00e4lla ing\u00e5r ej. Diameter 13 cm H\u00f6jd 19 cm\" \/>\n<meta property=\"og:url\" content=\"https:\/\/shop.noor.fi\/tuote\/solo-ikkunavalaisin-kiiltava-denim-13cm\/\" \/>\n<meta property=\"og:site_name\" content=\"Oy Noortrade Ab\" \/>\n<meta property=\"article:modified_time\" content=\"2026-04-10T07:42:24+00:00\" \/>\n<meta property=\"og:image\" content=\"https:\/\/shop.noor.fi\/wp-content\/uploads\/2025\/05\/7330976144327.jpg\" \/>\n\t<meta property=\"og:image:width\" content=\"908\" \/>\n\t<meta property=\"og:image:height\" content=\"1210\" \/>\n\t<meta property=\"og:image:type\" content=\"image\/jpeg\" \/>\n<meta name=\"twitter:card\" content=\"summary_large_image\" \/>\n<script type=\"application\/ld+json\" class=\"yoast-schema-graph\">{\"@context\":\"https:\\\/\\\/schema.org\",\"@graph\":[{\"@type\":\"WebPage\",\"@id\":\"https:\\\/\\\/shop.noor.fi\\\/tuote\\\/solo-ikkunavalaisin-kiiltava-denim-13cm\\\/\",\"url\":\"https:\\\/\\\/shop.noor.fi\\\/tuote\\\/solo-ikkunavalaisin-kiiltava-denim-13cm\\\/\",\"name\":\"Solo f\u00f6nsterlampa blank denim 13cm - Oy Noortrade Ab\",\"isPartOf\":{\"@id\":\"https:\\\/\\\/shopnoorfi-wp31835.test.cchosting.fi\\\/#website\"},\"primaryImageOfPage\":{\"@id\":\"https:\\\/\\\/shop.noor.fi\\\/tuote\\\/solo-ikkunavalaisin-kiiltava-denim-13cm\\\/#primaryimage\"},\"image\":{\"@id\":\"https:\\\/\\\/shop.noor.fi\\\/tuote\\\/solo-ikkunavalaisin-kiiltava-denim-13cm\\\/#primaryimage\"},\"thumbnailUrl\":\"https:\\\/\\\/shop.noor.fi\\\/wp-content\\\/uploads\\\/2025\\\/05\\\/7330976144327.jpg\",\"datePublished\":\"2025-05-13T09:38:16+00:00\",\"dateModified\":\"2026-04-10T07:42:24+00:00\",\"breadcrumb\":{\"@id\":\"https:\\\/\\\/shop.noor.fi\\\/tuote\\\/solo-ikkunavalaisin-kiiltava-denim-13cm\\\/#breadcrumb\"},\"inLanguage\":\"sv-SE\",\"potentialAction\":[{\"@type\":\"ReadAction\",\"target\":[\"https:\\\/\\\/shop.noor.fi\\\/tuote\\\/solo-ikkunavalaisin-kiiltava-denim-13cm\\\/\"]}]},{\"@type\":\"ImageObject\",\"inLanguage\":\"sv-SE\",\"@id\":\"https:\\\/\\\/shop.noor.fi\\\/tuote\\\/solo-ikkunavalaisin-kiiltava-denim-13cm\\\/#primaryimage\",\"url\":\"https:\\\/\\\/shop.noor.fi\\\/wp-content\\\/uploads\\\/2025\\\/05\\\/7330976144327.jpg\",\"contentUrl\":\"https:\\\/\\\/shop.noor.fi\\\/wp-content\\\/uploads\\\/2025\\\/05\\\/7330976144327.jpg\",\"width\":908,\"height\":1210},{\"@type\":\"BreadcrumbList\",\"@id\":\"https:\\\/\\\/shop.noor.fi\\\/tuote\\\/solo-ikkunavalaisin-kiiltava-denim-13cm\\\/#breadcrumb\",\"itemListElement\":[{\"@type\":\"ListItem\",\"position\":1,\"name\":\"Etusivu\",\"item\":\"https:\\\/\\\/shop.noor.fi\\\/sv\\\/\"},{\"@type\":\"ListItem\",\"position\":2,\"name\":\"Butik\",\"item\":\"https:\\\/\\\/shopnoorfi-wp31835.test.cchosting.fi\\\/sv\\\/butik\\\/\"},{\"@type\":\"ListItem\",\"position\":3,\"name\":\"Solo f\u00f6nsterlampa blank denim 13cm\"}]},{\"@type\":\"WebSite\",\"@id\":\"https:\\\/\\\/shopnoorfi-wp31835.test.cchosting.fi\\\/#website\",\"url\":\"https:\\\/\\\/shopnoorfi-wp31835.test.cchosting.fi\\\/\",\"name\":\"Oy Noortrade Ab\",\"description\":\"Finnish family owned company with over 30 years of professional experience in lighting &amp; interior products import and sales - reliably.\",\"publisher\":{\"@id\":\"https:\\\/\\\/shopnoorfi-wp31835.test.cchosting.fi\\\/#organization\"},\"potentialAction\":[{\"@type\":\"SearchAction\",\"target\":{\"@type\":\"EntryPoint\",\"urlTemplate\":\"https:\\\/\\\/shopnoorfi-wp31835.test.cchosting.fi\\\/?s={search_term_string}\"},\"query-input\":{\"@type\":\"PropertyValueSpecification\",\"valueRequired\":true,\"valueName\":\"search_term_string\"}}],\"inLanguage\":\"sv-SE\"},{\"@type\":\"Organization\",\"@id\":\"https:\\\/\\\/shopnoorfi-wp31835.test.cchosting.fi\\\/#organization\",\"name\":\"Oy Noortrade Ab\",\"url\":\"https:\\\/\\\/shopnoorfi-wp31835.test.cchosting.fi\\\/\",\"logo\":{\"@type\":\"ImageObject\",\"inLanguage\":\"sv-SE\",\"@id\":\"https:\\\/\\\/shopnoorfi-wp31835.test.cchosting.fi\\\/#\\\/schema\\\/logo\\\/image\\\/\",\"url\":\"https:\\\/\\\/shop.noor.fi\\\/wp-content\\\/uploads\\\/2024\\\/01\\\/Oy-Noortrade-Ab-Corbel-VERSAL-bold-BLACK.png\",\"contentUrl\":\"https:\\\/\\\/shop.noor.fi\\\/wp-content\\\/uploads\\\/2024\\\/01\\\/Oy-Noortrade-Ab-Corbel-VERSAL-bold-BLACK.png\",\"width\":721,\"height\":177,\"caption\":\"Oy Noortrade Ab\"},\"image\":{\"@id\":\"https:\\\/\\\/shopnoorfi-wp31835.test.cchosting.fi\\\/#\\\/schema\\\/logo\\\/image\\\/\"}}]}<\/script>\n<!-- \/ Yoast SEO plugin. -->","yoast_head_json":{"title":"Solo f\u00f6nsterlampa blank denim 13cm - Oy Noortrade Ab","robots":{"index":"index","follow":"follow","max-snippet":"max-snippet:-1","max-image-preview":"max-image-preview:large","max-video-preview":"max-video-preview:-1"},"canonical":"https:\/\/shop.noor.fi\/tuote\/solo-ikkunavalaisin-kiiltava-denim-13cm\/","og_locale":"sv_SE","og_type":"article","og_title":"Solo f\u00f6nsterlampa blank denim 13cm - Oy Noortrade Ab","og_description":"En liten n\u00e4tt f\u00f6nsterlampa i metall med h\u00f6gblank denim finish p\u00e5 utsidan och matt denim insida. 350 cm l\u00e5ng svart textilsladd, upph\u00e4ngningsbygel och v\u00e4ggkontakt. E27, max 25W. Ljusk\u00e4lla ing\u00e5r ej. Diameter 13 cm H\u00f6jd 19 cm","og_url":"https:\/\/shop.noor.fi\/tuote\/solo-ikkunavalaisin-kiiltava-denim-13cm\/","og_site_name":"Oy Noortrade Ab","article_modified_time":"2026-04-10T07:42:24+00:00","og_image":[{"width":908,"height":1210,"url":"https:\/\/shop.noor.fi\/wp-content\/uploads\/2025\/05\/7330976144327.jpg","type":"image\/jpeg"}],"twitter_card":"summary_large_image","schema":{"@context":"https:\/\/schema.org","@graph":[{"@type":"WebPage","@id":"https:\/\/shop.noor.fi\/tuote\/solo-ikkunavalaisin-kiiltava-denim-13cm\/","url":"https:\/\/shop.noor.fi\/tuote\/solo-ikkunavalaisin-kiiltava-denim-13cm\/","name":"Solo f\u00f6nsterlampa blank denim 13cm - Oy Noortrade Ab","isPartOf":{"@id":"https:\/\/shopnoorfi-wp31835.test.cchosting.fi\/#website"},"primaryImageOfPage":{"@id":"https:\/\/shop.noor.fi\/tuote\/solo-ikkunavalaisin-kiiltava-denim-13cm\/#primaryimage"},"image":{"@id":"https:\/\/shop.noor.fi\/tuote\/solo-ikkunavalaisin-kiiltava-denim-13cm\/#primaryimage"},"thumbnailUrl":"https:\/\/shop.noor.fi\/wp-content\/uploads\/2025\/05\/7330976144327.jpg","datePublished":"2025-05-13T09:38:16+00:00","dateModified":"2026-04-10T07:42:24+00:00","breadcrumb":{"@id":"https:\/\/shop.noor.fi\/tuote\/solo-ikkunavalaisin-kiiltava-denim-13cm\/#breadcrumb"},"inLanguage":"sv-SE","potentialAction":[{"@type":"ReadAction","target":["https:\/\/shop.noor.fi\/tuote\/solo-ikkunavalaisin-kiiltava-denim-13cm\/"]}]},{"@type":"ImageObject","inLanguage":"sv-SE","@id":"https:\/\/shop.noor.fi\/tuote\/solo-ikkunavalaisin-kiiltava-denim-13cm\/#primaryimage","url":"https:\/\/shop.noor.fi\/wp-content\/uploads\/2025\/05\/7330976144327.jpg","contentUrl":"https:\/\/shop.noor.fi\/wp-content\/uploads\/2025\/05\/7330976144327.jpg","width":908,"height":1210},{"@type":"BreadcrumbList","@id":"https:\/\/shop.noor.fi\/tuote\/solo-ikkunavalaisin-kiiltava-denim-13cm\/#breadcrumb","itemListElement":[{"@type":"ListItem","position":1,"name":"Etusivu","item":"https:\/\/shop.noor.fi\/sv\/"},{"@type":"ListItem","position":2,"name":"Butik","item":"https:\/\/shopnoorfi-wp31835.test.cchosting.fi\/sv\/butik\/"},{"@type":"ListItem","position":3,"name":"Solo f\u00f6nsterlampa blank denim 13cm"}]},{"@type":"WebSite","@id":"https:\/\/shopnoorfi-wp31835.test.cchosting.fi\/#website","url":"https:\/\/shopnoorfi-wp31835.test.cchosting.fi\/","name":"Oy Noortrade Ab","description":"Finnish family owned company with over 30 years of professional experience in lighting &amp; interior products import and sales - reliably.","publisher":{"@id":"https:\/\/shopnoorfi-wp31835.test.cchosting.fi\/#organization"},"potentialAction":[{"@type":"SearchAction","target":{"@type":"EntryPoint","urlTemplate":"https:\/\/shopnoorfi-wp31835.test.cchosting.fi\/?s={search_term_string}"},"query-input":{"@type":"PropertyValueSpecification","valueRequired":true,"valueName":"search_term_string"}}],"inLanguage":"sv-SE"},{"@type":"Organization","@id":"https:\/\/shopnoorfi-wp31835.test.cchosting.fi\/#organization","name":"Oy Noortrade Ab","url":"https:\/\/shopnoorfi-wp31835.test.cchosting.fi\/","logo":{"@type":"ImageObject","inLanguage":"sv-SE","@id":"https:\/\/shopnoorfi-wp31835.test.cchosting.fi\/#\/schema\/logo\/image\/","url":"https:\/\/shop.noor.fi\/wp-content\/uploads\/2024\/01\/Oy-Noortrade-Ab-Corbel-VERSAL-bold-BLACK.png","contentUrl":"https:\/\/shop.noor.fi\/wp-content\/uploads\/2024\/01\/Oy-Noortrade-Ab-Corbel-VERSAL-bold-BLACK.png","width":721,"height":177,"caption":"Oy Noortrade Ab"},"image":{"@id":"https:\/\/shopnoorfi-wp31835.test.cchosting.fi\/#\/schema\/logo\/image\/"}}]}},"brands":[{"id":28732,"name":"PR Home","slug":"pr-home"}],"_links":{"self":[{"href":"https:\/\/shop.noor.fi\/sv\/wp-json\/wp\/v2\/product\/130772","targetHints":{"allow":["GET"]}}],"collection":[{"href":"https:\/\/shop.noor.fi\/sv\/wp-json\/wp\/v2\/product"}],"about":[{"href":"https:\/\/shop.noor.fi\/sv\/wp-json\/wp\/v2\/types\/product"}],"replies":[{"embeddable":true,"href":"https:\/\/shop.noor.fi\/sv\/wp-json\/wp\/v2\/comments?post=130772"}],"wp:featuredmedia":[{"embeddable":true,"href":"https:\/\/shop.noor.fi\/sv\/wp-json\/wp\/v2\/media\/131099"}],"wp:attachment":[{"href":"https:\/\/shop.noor.fi\/sv\/wp-json\/wp\/v2\/media?parent=130772"}],"wp:term":[{"taxonomy":"pwb-brand","embeddable":true,"href":"https:\/\/shop.noor.fi\/sv\/wp-json\/wp\/v2\/pwb-brand?post=130772"},{"taxonomy":"product_brand","embeddable":true,"href":"https:\/\/shop.noor.fi\/sv\/wp-json\/wp\/v2\/product_brand?post=130772"},{"taxonomy":"product_cat","embeddable":true,"href":"https:\/\/shop.noor.fi\/sv\/wp-json\/wp\/v2\/product_cat?post=130772"},{"taxonomy":"product_tag","embeddable":true,"href":"https:\/\/shop.noor.fi\/sv\/wp-json\/wp\/v2\/product_tag?post=130772"}],"curies":[{"name":"wp","href":"https:\/\/api.w.org\/{rel}","templated":true}]}}