{"id":130752,"date":"2025-05-13T10:25:31","date_gmt":"2025-05-13T07:25:31","guid":{"rendered":"https:\/\/shop.noor.fi\/product\/wells-tak-fonsterlampa-denim-guld-24cm\/"},"modified":"2026-04-10T12:52:44","modified_gmt":"2026-04-10T09:52:44","slug":"wells-tak-fonsterlampa-denim-guld-24cm","status":"publish","type":"product","link":"https:\/\/shop.noor.fi\/sv\/produkt\/wells-tak-fonsterlampa-denim-guld-24cm\/","title":{"rendered":"Wells tak\/f\u00f6nsterlampa denim\/guld 24cm"},"content":{"rendered":"<p>Wells tak\/f\u00f6nsterlampa har en form som har inspirerats av en blomma. F\u00f6nsterlampan ger en fr\u00e4sch romantisk k\u00e4nsla och pryder ditt hem med sina feminina former och l\u00e4ckra f\u00e4rger. Lampan har en guldf\u00e4rgad insida som sprider ett varmt h\u00e4rligt sken.<br \/>\nVarje sk\u00e4rm \u00e4r handgjord och mindre avvikelser kan f\u00f6rekomma i h\u00f6jd och bredd.<br \/>\n350 cm l\u00e5ng svart textilsladd med v\u00e4ggkontakt.<br \/>\nE27, max 25W. Ljusk\u00e4lla ing\u00e5r ej.<\/p>\n<p>Diameter 24 cm<br \/>\nH\u00f6jd 21 cm<\/p>\n","protected":false},"excerpt":{"rendered":"<p>Wells tak\/f\u00f6nsterlampa har en form som har inspirerats av en blomma. F\u00f6nsterlampan ger en fr\u00e4sch romantisk k\u00e4nsla och pryder ditt hem med sina feminina former och l\u00e4ckra f\u00e4rger. Lampan har en guldf\u00e4rgad insida som sprider ett varmt h\u00e4rligt sken. Varje sk\u00e4rm \u00e4r handgjord och mindre avvikelser kan f\u00f6rekomma i h\u00f6jd och bredd. 350 cm l\u00e5ng [&hellip;]<\/p>\n","protected":false},"featured_media":131133,"comment_status":"open","ping_status":"closed","template":"","meta":{"_acf_changed":false,"_relevanssi_hide_post":"","_relevanssi_hide_content":"","_relevanssi_pin_for_all":"","_relevanssi_pin_keywords":"","_relevanssi_unpin_keywords":"","_relevanssi_related_keywords":"","_relevanssi_related_include_ids":"","_relevanssi_related_exclude_ids":"","_relevanssi_related_no_append":"","_relevanssi_related_not_related":"","_relevanssi_related_posts":"","_relevanssi_noindex_reason":""},"pwb-brand":[28732,37489],"product_brand":[],"product_cat":[31801,32005],"product_tag":[],"class_list":{"0":"post-130752","1":"product","2":"type-product","3":"status-publish","4":"has-post-thumbnail","6":"pwb-brand-pr-home","7":"pwb-brand-pr-home-sv","8":"product_cat-ikkunavalaisimet","9":"product_cat-fonsterlampor","11":"first","12":"instock","13":"taxable","14":"shipping-taxable","15":"purchasable","16":"product-type-simple"},"acf":[],"yoast_head":"<!-- This site is optimized with the Yoast SEO plugin v27.5 - https:\/\/yoast.com\/product\/yoast-seo-wordpress\/ -->\n<title>Wells tak\/f\u00f6nsterlampa denim\/guld 24cm - Oy Noortrade Ab<\/title>\n<meta name=\"robots\" content=\"index, follow, max-snippet:-1, max-image-preview:large, max-video-preview:-1\" \/>\n<link rel=\"canonical\" href=\"https:\/\/shop.noor.fi\/tuote\/wells-katto-ikkunavalaisin-denim-kulta-24cm\/\" \/>\n<meta property=\"og:locale\" content=\"sv_SE\" \/>\n<meta property=\"og:type\" content=\"article\" \/>\n<meta property=\"og:title\" content=\"Wells tak\/f\u00f6nsterlampa denim\/guld 24cm - Oy Noortrade Ab\" \/>\n<meta property=\"og:description\" content=\"Wells tak\/f\u00f6nsterlampa har en form som har inspirerats av en blomma. F\u00f6nsterlampan ger en fr\u00e4sch romantisk k\u00e4nsla och pryder ditt hem med sina feminina former och l\u00e4ckra f\u00e4rger. Lampan har en guldf\u00e4rgad insida som sprider ett varmt h\u00e4rligt sken. Varje sk\u00e4rm \u00e4r handgjord och mindre avvikelser kan f\u00f6rekomma i h\u00f6jd och bredd. 350 cm l\u00e5ng [&hellip;]\" \/>\n<meta property=\"og:url\" content=\"https:\/\/shop.noor.fi\/tuote\/wells-katto-ikkunavalaisin-denim-kulta-24cm\/\" \/>\n<meta property=\"og:site_name\" content=\"Oy Noortrade Ab\" \/>\n<meta property=\"article:modified_time\" content=\"2026-04-10T09:52:44+00:00\" \/>\n<meta property=\"og:image\" content=\"https:\/\/shop.noor.fi\/wp-content\/uploads\/2025\/05\/7330976144389.jpg\" \/>\n\t<meta property=\"og:image:width\" content=\"908\" \/>\n\t<meta property=\"og:image:height\" content=\"1210\" \/>\n\t<meta property=\"og:image:type\" content=\"image\/jpeg\" \/>\n<meta name=\"twitter:card\" content=\"summary_large_image\" \/>\n<script type=\"application\/ld+json\" class=\"yoast-schema-graph\">{\"@context\":\"https:\\\/\\\/schema.org\",\"@graph\":[{\"@type\":\"WebPage\",\"@id\":\"https:\\\/\\\/shop.noor.fi\\\/tuote\\\/wells-katto-ikkunavalaisin-denim-kulta-24cm\\\/\",\"url\":\"https:\\\/\\\/shop.noor.fi\\\/tuote\\\/wells-katto-ikkunavalaisin-denim-kulta-24cm\\\/\",\"name\":\"Wells tak\\\/f\u00f6nsterlampa denim\\\/guld 24cm - Oy Noortrade Ab\",\"isPartOf\":{\"@id\":\"https:\\\/\\\/shopnoorfi-wp31835.test.cchosting.fi\\\/#website\"},\"primaryImageOfPage\":{\"@id\":\"https:\\\/\\\/shop.noor.fi\\\/tuote\\\/wells-katto-ikkunavalaisin-denim-kulta-24cm\\\/#primaryimage\"},\"image\":{\"@id\":\"https:\\\/\\\/shop.noor.fi\\\/tuote\\\/wells-katto-ikkunavalaisin-denim-kulta-24cm\\\/#primaryimage\"},\"thumbnailUrl\":\"https:\\\/\\\/shop.noor.fi\\\/wp-content\\\/uploads\\\/2025\\\/05\\\/7330976144389.jpg\",\"datePublished\":\"2025-05-13T07:25:31+00:00\",\"dateModified\":\"2026-04-10T09:52:44+00:00\",\"breadcrumb\":{\"@id\":\"https:\\\/\\\/shop.noor.fi\\\/tuote\\\/wells-katto-ikkunavalaisin-denim-kulta-24cm\\\/#breadcrumb\"},\"inLanguage\":\"sv-SE\",\"potentialAction\":[{\"@type\":\"ReadAction\",\"target\":[\"https:\\\/\\\/shop.noor.fi\\\/tuote\\\/wells-katto-ikkunavalaisin-denim-kulta-24cm\\\/\"]}]},{\"@type\":\"ImageObject\",\"inLanguage\":\"sv-SE\",\"@id\":\"https:\\\/\\\/shop.noor.fi\\\/tuote\\\/wells-katto-ikkunavalaisin-denim-kulta-24cm\\\/#primaryimage\",\"url\":\"https:\\\/\\\/shop.noor.fi\\\/wp-content\\\/uploads\\\/2025\\\/05\\\/7330976144389.jpg\",\"contentUrl\":\"https:\\\/\\\/shop.noor.fi\\\/wp-content\\\/uploads\\\/2025\\\/05\\\/7330976144389.jpg\",\"width\":908,\"height\":1210},{\"@type\":\"BreadcrumbList\",\"@id\":\"https:\\\/\\\/shop.noor.fi\\\/tuote\\\/wells-katto-ikkunavalaisin-denim-kulta-24cm\\\/#breadcrumb\",\"itemListElement\":[{\"@type\":\"ListItem\",\"position\":1,\"name\":\"Etusivu\",\"item\":\"https:\\\/\\\/shop.noor.fi\\\/sv\\\/\"},{\"@type\":\"ListItem\",\"position\":2,\"name\":\"Butik\",\"item\":\"https:\\\/\\\/shopnoorfi-wp31835.test.cchosting.fi\\\/sv\\\/butik\\\/\"},{\"@type\":\"ListItem\",\"position\":3,\"name\":\"Wells tak\\\/f\u00f6nsterlampa denim\\\/guld 24cm\"}]},{\"@type\":\"WebSite\",\"@id\":\"https:\\\/\\\/shopnoorfi-wp31835.test.cchosting.fi\\\/#website\",\"url\":\"https:\\\/\\\/shopnoorfi-wp31835.test.cchosting.fi\\\/\",\"name\":\"Oy Noortrade Ab\",\"description\":\"Finnish family owned company with over 30 years of professional experience in lighting &amp; interior products import and sales - reliably.\",\"publisher\":{\"@id\":\"https:\\\/\\\/shopnoorfi-wp31835.test.cchosting.fi\\\/#organization\"},\"potentialAction\":[{\"@type\":\"SearchAction\",\"target\":{\"@type\":\"EntryPoint\",\"urlTemplate\":\"https:\\\/\\\/shopnoorfi-wp31835.test.cchosting.fi\\\/?s={search_term_string}\"},\"query-input\":{\"@type\":\"PropertyValueSpecification\",\"valueRequired\":true,\"valueName\":\"search_term_string\"}}],\"inLanguage\":\"sv-SE\"},{\"@type\":\"Organization\",\"@id\":\"https:\\\/\\\/shopnoorfi-wp31835.test.cchosting.fi\\\/#organization\",\"name\":\"Oy Noortrade Ab\",\"url\":\"https:\\\/\\\/shopnoorfi-wp31835.test.cchosting.fi\\\/\",\"logo\":{\"@type\":\"ImageObject\",\"inLanguage\":\"sv-SE\",\"@id\":\"https:\\\/\\\/shopnoorfi-wp31835.test.cchosting.fi\\\/#\\\/schema\\\/logo\\\/image\\\/\",\"url\":\"https:\\\/\\\/shop.noor.fi\\\/wp-content\\\/uploads\\\/2024\\\/01\\\/Oy-Noortrade-Ab-Corbel-VERSAL-bold-BLACK.png\",\"contentUrl\":\"https:\\\/\\\/shop.noor.fi\\\/wp-content\\\/uploads\\\/2024\\\/01\\\/Oy-Noortrade-Ab-Corbel-VERSAL-bold-BLACK.png\",\"width\":721,\"height\":177,\"caption\":\"Oy Noortrade Ab\"},\"image\":{\"@id\":\"https:\\\/\\\/shopnoorfi-wp31835.test.cchosting.fi\\\/#\\\/schema\\\/logo\\\/image\\\/\"}}]}<\/script>\n<!-- \/ Yoast SEO plugin. -->","yoast_head_json":{"title":"Wells tak\/f\u00f6nsterlampa denim\/guld 24cm - Oy Noortrade Ab","robots":{"index":"index","follow":"follow","max-snippet":"max-snippet:-1","max-image-preview":"max-image-preview:large","max-video-preview":"max-video-preview:-1"},"canonical":"https:\/\/shop.noor.fi\/tuote\/wells-katto-ikkunavalaisin-denim-kulta-24cm\/","og_locale":"sv_SE","og_type":"article","og_title":"Wells tak\/f\u00f6nsterlampa denim\/guld 24cm - Oy Noortrade Ab","og_description":"Wells tak\/f\u00f6nsterlampa har en form som har inspirerats av en blomma. F\u00f6nsterlampan ger en fr\u00e4sch romantisk k\u00e4nsla och pryder ditt hem med sina feminina former och l\u00e4ckra f\u00e4rger. Lampan har en guldf\u00e4rgad insida som sprider ett varmt h\u00e4rligt sken. Varje sk\u00e4rm \u00e4r handgjord och mindre avvikelser kan f\u00f6rekomma i h\u00f6jd och bredd. 350 cm l\u00e5ng [&hellip;]","og_url":"https:\/\/shop.noor.fi\/tuote\/wells-katto-ikkunavalaisin-denim-kulta-24cm\/","og_site_name":"Oy Noortrade Ab","article_modified_time":"2026-04-10T09:52:44+00:00","og_image":[{"width":908,"height":1210,"url":"https:\/\/shop.noor.fi\/wp-content\/uploads\/2025\/05\/7330976144389.jpg","type":"image\/jpeg"}],"twitter_card":"summary_large_image","schema":{"@context":"https:\/\/schema.org","@graph":[{"@type":"WebPage","@id":"https:\/\/shop.noor.fi\/tuote\/wells-katto-ikkunavalaisin-denim-kulta-24cm\/","url":"https:\/\/shop.noor.fi\/tuote\/wells-katto-ikkunavalaisin-denim-kulta-24cm\/","name":"Wells tak\/f\u00f6nsterlampa denim\/guld 24cm - Oy Noortrade Ab","isPartOf":{"@id":"https:\/\/shopnoorfi-wp31835.test.cchosting.fi\/#website"},"primaryImageOfPage":{"@id":"https:\/\/shop.noor.fi\/tuote\/wells-katto-ikkunavalaisin-denim-kulta-24cm\/#primaryimage"},"image":{"@id":"https:\/\/shop.noor.fi\/tuote\/wells-katto-ikkunavalaisin-denim-kulta-24cm\/#primaryimage"},"thumbnailUrl":"https:\/\/shop.noor.fi\/wp-content\/uploads\/2025\/05\/7330976144389.jpg","datePublished":"2025-05-13T07:25:31+00:00","dateModified":"2026-04-10T09:52:44+00:00","breadcrumb":{"@id":"https:\/\/shop.noor.fi\/tuote\/wells-katto-ikkunavalaisin-denim-kulta-24cm\/#breadcrumb"},"inLanguage":"sv-SE","potentialAction":[{"@type":"ReadAction","target":["https:\/\/shop.noor.fi\/tuote\/wells-katto-ikkunavalaisin-denim-kulta-24cm\/"]}]},{"@type":"ImageObject","inLanguage":"sv-SE","@id":"https:\/\/shop.noor.fi\/tuote\/wells-katto-ikkunavalaisin-denim-kulta-24cm\/#primaryimage","url":"https:\/\/shop.noor.fi\/wp-content\/uploads\/2025\/05\/7330976144389.jpg","contentUrl":"https:\/\/shop.noor.fi\/wp-content\/uploads\/2025\/05\/7330976144389.jpg","width":908,"height":1210},{"@type":"BreadcrumbList","@id":"https:\/\/shop.noor.fi\/tuote\/wells-katto-ikkunavalaisin-denim-kulta-24cm\/#breadcrumb","itemListElement":[{"@type":"ListItem","position":1,"name":"Etusivu","item":"https:\/\/shop.noor.fi\/sv\/"},{"@type":"ListItem","position":2,"name":"Butik","item":"https:\/\/shopnoorfi-wp31835.test.cchosting.fi\/sv\/butik\/"},{"@type":"ListItem","position":3,"name":"Wells tak\/f\u00f6nsterlampa denim\/guld 24cm"}]},{"@type":"WebSite","@id":"https:\/\/shopnoorfi-wp31835.test.cchosting.fi\/#website","url":"https:\/\/shopnoorfi-wp31835.test.cchosting.fi\/","name":"Oy Noortrade Ab","description":"Finnish family owned company with over 30 years of professional experience in lighting &amp; interior products import and sales - reliably.","publisher":{"@id":"https:\/\/shopnoorfi-wp31835.test.cchosting.fi\/#organization"},"potentialAction":[{"@type":"SearchAction","target":{"@type":"EntryPoint","urlTemplate":"https:\/\/shopnoorfi-wp31835.test.cchosting.fi\/?s={search_term_string}"},"query-input":{"@type":"PropertyValueSpecification","valueRequired":true,"valueName":"search_term_string"}}],"inLanguage":"sv-SE"},{"@type":"Organization","@id":"https:\/\/shopnoorfi-wp31835.test.cchosting.fi\/#organization","name":"Oy Noortrade Ab","url":"https:\/\/shopnoorfi-wp31835.test.cchosting.fi\/","logo":{"@type":"ImageObject","inLanguage":"sv-SE","@id":"https:\/\/shopnoorfi-wp31835.test.cchosting.fi\/#\/schema\/logo\/image\/","url":"https:\/\/shop.noor.fi\/wp-content\/uploads\/2024\/01\/Oy-Noortrade-Ab-Corbel-VERSAL-bold-BLACK.png","contentUrl":"https:\/\/shop.noor.fi\/wp-content\/uploads\/2024\/01\/Oy-Noortrade-Ab-Corbel-VERSAL-bold-BLACK.png","width":721,"height":177,"caption":"Oy Noortrade Ab"},"image":{"@id":"https:\/\/shopnoorfi-wp31835.test.cchosting.fi\/#\/schema\/logo\/image\/"}}]}},"brands":[{"id":28732,"name":"PR Home","slug":"pr-home"},{"id":37489,"name":"PR Home","slug":"pr-home-sv"}],"_links":{"self":[{"href":"https:\/\/shop.noor.fi\/sv\/wp-json\/wp\/v2\/product\/130752","targetHints":{"allow":["GET"]}}],"collection":[{"href":"https:\/\/shop.noor.fi\/sv\/wp-json\/wp\/v2\/product"}],"about":[{"href":"https:\/\/shop.noor.fi\/sv\/wp-json\/wp\/v2\/types\/product"}],"replies":[{"embeddable":true,"href":"https:\/\/shop.noor.fi\/sv\/wp-json\/wp\/v2\/comments?post=130752"}],"wp:featuredmedia":[{"embeddable":true,"href":"https:\/\/shop.noor.fi\/sv\/wp-json\/wp\/v2\/media\/131133"}],"wp:attachment":[{"href":"https:\/\/shop.noor.fi\/sv\/wp-json\/wp\/v2\/media?parent=130752"}],"wp:term":[{"taxonomy":"pwb-brand","embeddable":true,"href":"https:\/\/shop.noor.fi\/sv\/wp-json\/wp\/v2\/pwb-brand?post=130752"},{"taxonomy":"product_brand","embeddable":true,"href":"https:\/\/shop.noor.fi\/sv\/wp-json\/wp\/v2\/product_brand?post=130752"},{"taxonomy":"product_cat","embeddable":true,"href":"https:\/\/shop.noor.fi\/sv\/wp-json\/wp\/v2\/product_cat?post=130752"},{"taxonomy":"product_tag","embeddable":true,"href":"https:\/\/shop.noor.fi\/sv\/wp-json\/wp\/v2\/product_tag?post=130752"}],"curies":[{"name":"wp","href":"https:\/\/api.w.org\/{rel}","templated":true}]}}