{"id":130746,"date":"2025-05-13T10:25:34","date_gmt":"2025-05-13T07:25:34","guid":{"rendered":"https:\/\/shop.noor.fi\/product\/wells-vagglampa-beige-guld-21cm\/"},"modified":"2026-05-04T12:39:21","modified_gmt":"2026-05-04T09:39:21","slug":"wells-vagglampa-beige-guld-21cm","status":"publish","type":"product","link":"https:\/\/shop.noor.fi\/sv\/produkt\/wells-vagglampa-beige-guld-21cm\/","title":{"rendered":"Wells v\u00e4gglampa beige\/guld 21cm"},"content":{"rendered":"<p>Wells v\u00e4gglampa har en form som har inspirerats av en blomma. V\u00e4gglampan ger en fr\u00e4sch romantisk k\u00e4nsla och pryder ditt hem med sina feminina former och l\u00e4ckra f\u00e4rger. Lampan har en guldf\u00e4rgad insida som sprider ett varmt h\u00e4rligt sken.<br \/>\nVarje sk\u00e4rm \u00e4r handgjord och mindre avvikelser kan f\u00f6rekomma i h\u00f6jd och bredd.<br \/>\n160 cm l\u00e5ng svart sladd med str\u00f6mbrytare ca 15cm fr\u00e5n v\u00e4ggf\u00e4stet.<br \/>\nE27, max 25W. Ljusk\u00e4lla ing\u00e5r ej.<\/p>\n<p>Bredd 21 cm<br \/>\nDjup 31 cm<br \/>\nH\u00f6jd 35 cm<\/p>\n","protected":false},"excerpt":{"rendered":"<p>Wells v\u00e4gglampa har en form som har inspirerats av en blomma. V\u00e4gglampan ger en fr\u00e4sch romantisk k\u00e4nsla och pryder ditt hem med sina feminina former och l\u00e4ckra f\u00e4rger. Lampan har en guldf\u00e4rgad insida som sprider ett varmt h\u00e4rligt sken. Varje sk\u00e4rm \u00e4r handgjord och mindre avvikelser kan f\u00f6rekomma i h\u00f6jd och bredd. 160 cm l\u00e5ng [&hellip;]<\/p>\n","protected":false},"featured_media":131150,"comment_status":"open","ping_status":"closed","template":"","meta":{"_acf_changed":false,"_relevanssi_hide_post":"","_relevanssi_hide_content":"","_relevanssi_pin_for_all":"","_relevanssi_pin_keywords":"","_relevanssi_unpin_keywords":"","_relevanssi_related_keywords":"","_relevanssi_related_include_ids":"","_relevanssi_related_exclude_ids":"","_relevanssi_related_no_append":"","_relevanssi_related_not_related":"","_relevanssi_related_posts":"","_relevanssi_noindex_reason":""},"pwb-brand":[37489],"product_brand":[],"product_cat":[32120],"product_tag":[],"class_list":{"0":"post-130746","1":"product","2":"type-product","3":"status-publish","4":"has-post-thumbnail","6":"pwb-brand-pr-home-sv","7":"product_cat-vagglampor","9":"first","10":"onbackorder","11":"taxable","12":"shipping-taxable","13":"purchasable","14":"product-type-simple"},"acf":[],"yoast_head":"<!-- This site is optimized with the Yoast SEO plugin v27.5 - https:\/\/yoast.com\/product\/yoast-seo-wordpress\/ -->\n<title>Wells v\u00e4gglampa beige\/guld 21cm - Oy Noortrade Ab<\/title>\n<meta name=\"robots\" content=\"index, follow, max-snippet:-1, max-image-preview:large, max-video-preview:-1\" \/>\n<link rel=\"canonical\" href=\"https:\/\/shop.noor.fi\/tuote\/wells-seinavalaisin-beige-kulta-21cm\/\" \/>\n<meta property=\"og:locale\" content=\"sv_SE\" \/>\n<meta property=\"og:type\" content=\"article\" \/>\n<meta property=\"og:title\" content=\"Wells v\u00e4gglampa beige\/guld 21cm - Oy Noortrade Ab\" \/>\n<meta property=\"og:description\" content=\"Wells v\u00e4gglampa har en form som har inspirerats av en blomma. V\u00e4gglampan ger en fr\u00e4sch romantisk k\u00e4nsla och pryder ditt hem med sina feminina former och l\u00e4ckra f\u00e4rger. Lampan har en guldf\u00e4rgad insida som sprider ett varmt h\u00e4rligt sken. Varje sk\u00e4rm \u00e4r handgjord och mindre avvikelser kan f\u00f6rekomma i h\u00f6jd och bredd. 160 cm l\u00e5ng [&hellip;]\" \/>\n<meta property=\"og:url\" content=\"https:\/\/shop.noor.fi\/tuote\/wells-seinavalaisin-beige-kulta-21cm\/\" \/>\n<meta property=\"og:site_name\" content=\"Oy Noortrade Ab\" \/>\n<meta property=\"article:modified_time\" content=\"2026-05-04T09:39:21+00:00\" \/>\n<meta property=\"og:image\" content=\"https:\/\/shop.noor.fi\/wp-content\/uploads\/2025\/05\/7330976144419.jpg\" \/>\n\t<meta property=\"og:image:width\" content=\"908\" \/>\n\t<meta property=\"og:image:height\" content=\"1210\" \/>\n\t<meta property=\"og:image:type\" content=\"image\/jpeg\" \/>\n<meta name=\"twitter:card\" content=\"summary_large_image\" \/>\n<script type=\"application\/ld+json\" class=\"yoast-schema-graph\">{\"@context\":\"https:\\\/\\\/schema.org\",\"@graph\":[{\"@type\":\"WebPage\",\"@id\":\"https:\\\/\\\/shop.noor.fi\\\/tuote\\\/wells-seinavalaisin-beige-kulta-21cm\\\/\",\"url\":\"https:\\\/\\\/shop.noor.fi\\\/tuote\\\/wells-seinavalaisin-beige-kulta-21cm\\\/\",\"name\":\"Wells v\u00e4gglampa beige\\\/guld 21cm - Oy Noortrade Ab\",\"isPartOf\":{\"@id\":\"https:\\\/\\\/shopnoorfi-wp31835.test.cchosting.fi\\\/#website\"},\"primaryImageOfPage\":{\"@id\":\"https:\\\/\\\/shop.noor.fi\\\/tuote\\\/wells-seinavalaisin-beige-kulta-21cm\\\/#primaryimage\"},\"image\":{\"@id\":\"https:\\\/\\\/shop.noor.fi\\\/tuote\\\/wells-seinavalaisin-beige-kulta-21cm\\\/#primaryimage\"},\"thumbnailUrl\":\"https:\\\/\\\/shop.noor.fi\\\/wp-content\\\/uploads\\\/2025\\\/05\\\/7330976144419.jpg\",\"datePublished\":\"2025-05-13T07:25:34+00:00\",\"dateModified\":\"2026-05-04T09:39:21+00:00\",\"breadcrumb\":{\"@id\":\"https:\\\/\\\/shop.noor.fi\\\/tuote\\\/wells-seinavalaisin-beige-kulta-21cm\\\/#breadcrumb\"},\"inLanguage\":\"sv-SE\",\"potentialAction\":[{\"@type\":\"ReadAction\",\"target\":[\"https:\\\/\\\/shop.noor.fi\\\/tuote\\\/wells-seinavalaisin-beige-kulta-21cm\\\/\"]}]},{\"@type\":\"ImageObject\",\"inLanguage\":\"sv-SE\",\"@id\":\"https:\\\/\\\/shop.noor.fi\\\/tuote\\\/wells-seinavalaisin-beige-kulta-21cm\\\/#primaryimage\",\"url\":\"https:\\\/\\\/shop.noor.fi\\\/wp-content\\\/uploads\\\/2025\\\/05\\\/7330976144419.jpg\",\"contentUrl\":\"https:\\\/\\\/shop.noor.fi\\\/wp-content\\\/uploads\\\/2025\\\/05\\\/7330976144419.jpg\",\"width\":908,\"height\":1210},{\"@type\":\"BreadcrumbList\",\"@id\":\"https:\\\/\\\/shop.noor.fi\\\/tuote\\\/wells-seinavalaisin-beige-kulta-21cm\\\/#breadcrumb\",\"itemListElement\":[{\"@type\":\"ListItem\",\"position\":1,\"name\":\"Etusivu\",\"item\":\"https:\\\/\\\/shop.noor.fi\\\/sv\\\/\"},{\"@type\":\"ListItem\",\"position\":2,\"name\":\"Butik\",\"item\":\"https:\\\/\\\/shopnoorfi-wp31835.test.cchosting.fi\\\/sv\\\/butik\\\/\"},{\"@type\":\"ListItem\",\"position\":3,\"name\":\"Wells v\u00e4gglampa beige\\\/guld 21cm\"}]},{\"@type\":\"WebSite\",\"@id\":\"https:\\\/\\\/shopnoorfi-wp31835.test.cchosting.fi\\\/#website\",\"url\":\"https:\\\/\\\/shopnoorfi-wp31835.test.cchosting.fi\\\/\",\"name\":\"Oy Noortrade Ab\",\"description\":\"Finnish family owned company with over 30 years of professional experience in lighting &amp; interior products import and sales - reliably.\",\"publisher\":{\"@id\":\"https:\\\/\\\/shopnoorfi-wp31835.test.cchosting.fi\\\/#organization\"},\"potentialAction\":[{\"@type\":\"SearchAction\",\"target\":{\"@type\":\"EntryPoint\",\"urlTemplate\":\"https:\\\/\\\/shopnoorfi-wp31835.test.cchosting.fi\\\/?s={search_term_string}\"},\"query-input\":{\"@type\":\"PropertyValueSpecification\",\"valueRequired\":true,\"valueName\":\"search_term_string\"}}],\"inLanguage\":\"sv-SE\"},{\"@type\":\"Organization\",\"@id\":\"https:\\\/\\\/shopnoorfi-wp31835.test.cchosting.fi\\\/#organization\",\"name\":\"Oy Noortrade Ab\",\"url\":\"https:\\\/\\\/shopnoorfi-wp31835.test.cchosting.fi\\\/\",\"logo\":{\"@type\":\"ImageObject\",\"inLanguage\":\"sv-SE\",\"@id\":\"https:\\\/\\\/shopnoorfi-wp31835.test.cchosting.fi\\\/#\\\/schema\\\/logo\\\/image\\\/\",\"url\":\"https:\\\/\\\/shop.noor.fi\\\/wp-content\\\/uploads\\\/2024\\\/01\\\/Oy-Noortrade-Ab-Corbel-VERSAL-bold-BLACK.png\",\"contentUrl\":\"https:\\\/\\\/shop.noor.fi\\\/wp-content\\\/uploads\\\/2024\\\/01\\\/Oy-Noortrade-Ab-Corbel-VERSAL-bold-BLACK.png\",\"width\":721,\"height\":177,\"caption\":\"Oy Noortrade Ab\"},\"image\":{\"@id\":\"https:\\\/\\\/shopnoorfi-wp31835.test.cchosting.fi\\\/#\\\/schema\\\/logo\\\/image\\\/\"}}]}<\/script>\n<!-- \/ Yoast SEO plugin. -->","yoast_head_json":{"title":"Wells v\u00e4gglampa beige\/guld 21cm - Oy Noortrade Ab","robots":{"index":"index","follow":"follow","max-snippet":"max-snippet:-1","max-image-preview":"max-image-preview:large","max-video-preview":"max-video-preview:-1"},"canonical":"https:\/\/shop.noor.fi\/tuote\/wells-seinavalaisin-beige-kulta-21cm\/","og_locale":"sv_SE","og_type":"article","og_title":"Wells v\u00e4gglampa beige\/guld 21cm - Oy Noortrade Ab","og_description":"Wells v\u00e4gglampa har en form som har inspirerats av en blomma. V\u00e4gglampan ger en fr\u00e4sch romantisk k\u00e4nsla och pryder ditt hem med sina feminina former och l\u00e4ckra f\u00e4rger. Lampan har en guldf\u00e4rgad insida som sprider ett varmt h\u00e4rligt sken. Varje sk\u00e4rm \u00e4r handgjord och mindre avvikelser kan f\u00f6rekomma i h\u00f6jd och bredd. 160 cm l\u00e5ng [&hellip;]","og_url":"https:\/\/shop.noor.fi\/tuote\/wells-seinavalaisin-beige-kulta-21cm\/","og_site_name":"Oy Noortrade Ab","article_modified_time":"2026-05-04T09:39:21+00:00","og_image":[{"width":908,"height":1210,"url":"https:\/\/shop.noor.fi\/wp-content\/uploads\/2025\/05\/7330976144419.jpg","type":"image\/jpeg"}],"twitter_card":"summary_large_image","schema":{"@context":"https:\/\/schema.org","@graph":[{"@type":"WebPage","@id":"https:\/\/shop.noor.fi\/tuote\/wells-seinavalaisin-beige-kulta-21cm\/","url":"https:\/\/shop.noor.fi\/tuote\/wells-seinavalaisin-beige-kulta-21cm\/","name":"Wells v\u00e4gglampa beige\/guld 21cm - Oy Noortrade Ab","isPartOf":{"@id":"https:\/\/shopnoorfi-wp31835.test.cchosting.fi\/#website"},"primaryImageOfPage":{"@id":"https:\/\/shop.noor.fi\/tuote\/wells-seinavalaisin-beige-kulta-21cm\/#primaryimage"},"image":{"@id":"https:\/\/shop.noor.fi\/tuote\/wells-seinavalaisin-beige-kulta-21cm\/#primaryimage"},"thumbnailUrl":"https:\/\/shop.noor.fi\/wp-content\/uploads\/2025\/05\/7330976144419.jpg","datePublished":"2025-05-13T07:25:34+00:00","dateModified":"2026-05-04T09:39:21+00:00","breadcrumb":{"@id":"https:\/\/shop.noor.fi\/tuote\/wells-seinavalaisin-beige-kulta-21cm\/#breadcrumb"},"inLanguage":"sv-SE","potentialAction":[{"@type":"ReadAction","target":["https:\/\/shop.noor.fi\/tuote\/wells-seinavalaisin-beige-kulta-21cm\/"]}]},{"@type":"ImageObject","inLanguage":"sv-SE","@id":"https:\/\/shop.noor.fi\/tuote\/wells-seinavalaisin-beige-kulta-21cm\/#primaryimage","url":"https:\/\/shop.noor.fi\/wp-content\/uploads\/2025\/05\/7330976144419.jpg","contentUrl":"https:\/\/shop.noor.fi\/wp-content\/uploads\/2025\/05\/7330976144419.jpg","width":908,"height":1210},{"@type":"BreadcrumbList","@id":"https:\/\/shop.noor.fi\/tuote\/wells-seinavalaisin-beige-kulta-21cm\/#breadcrumb","itemListElement":[{"@type":"ListItem","position":1,"name":"Etusivu","item":"https:\/\/shop.noor.fi\/sv\/"},{"@type":"ListItem","position":2,"name":"Butik","item":"https:\/\/shopnoorfi-wp31835.test.cchosting.fi\/sv\/butik\/"},{"@type":"ListItem","position":3,"name":"Wells v\u00e4gglampa beige\/guld 21cm"}]},{"@type":"WebSite","@id":"https:\/\/shopnoorfi-wp31835.test.cchosting.fi\/#website","url":"https:\/\/shopnoorfi-wp31835.test.cchosting.fi\/","name":"Oy Noortrade Ab","description":"Finnish family owned company with over 30 years of professional experience in lighting &amp; interior products import and sales - reliably.","publisher":{"@id":"https:\/\/shopnoorfi-wp31835.test.cchosting.fi\/#organization"},"potentialAction":[{"@type":"SearchAction","target":{"@type":"EntryPoint","urlTemplate":"https:\/\/shopnoorfi-wp31835.test.cchosting.fi\/?s={search_term_string}"},"query-input":{"@type":"PropertyValueSpecification","valueRequired":true,"valueName":"search_term_string"}}],"inLanguage":"sv-SE"},{"@type":"Organization","@id":"https:\/\/shopnoorfi-wp31835.test.cchosting.fi\/#organization","name":"Oy Noortrade Ab","url":"https:\/\/shopnoorfi-wp31835.test.cchosting.fi\/","logo":{"@type":"ImageObject","inLanguage":"sv-SE","@id":"https:\/\/shopnoorfi-wp31835.test.cchosting.fi\/#\/schema\/logo\/image\/","url":"https:\/\/shop.noor.fi\/wp-content\/uploads\/2024\/01\/Oy-Noortrade-Ab-Corbel-VERSAL-bold-BLACK.png","contentUrl":"https:\/\/shop.noor.fi\/wp-content\/uploads\/2024\/01\/Oy-Noortrade-Ab-Corbel-VERSAL-bold-BLACK.png","width":721,"height":177,"caption":"Oy Noortrade Ab"},"image":{"@id":"https:\/\/shopnoorfi-wp31835.test.cchosting.fi\/#\/schema\/logo\/image\/"}}]}},"brands":[{"id":37489,"name":"PR Home","slug":"pr-home-sv"}],"_links":{"self":[{"href":"https:\/\/shop.noor.fi\/sv\/wp-json\/wp\/v2\/product\/130746","targetHints":{"allow":["GET"]}}],"collection":[{"href":"https:\/\/shop.noor.fi\/sv\/wp-json\/wp\/v2\/product"}],"about":[{"href":"https:\/\/shop.noor.fi\/sv\/wp-json\/wp\/v2\/types\/product"}],"replies":[{"embeddable":true,"href":"https:\/\/shop.noor.fi\/sv\/wp-json\/wp\/v2\/comments?post=130746"}],"wp:featuredmedia":[{"embeddable":true,"href":"https:\/\/shop.noor.fi\/sv\/wp-json\/wp\/v2\/media\/131150"}],"wp:attachment":[{"href":"https:\/\/shop.noor.fi\/sv\/wp-json\/wp\/v2\/media?parent=130746"}],"wp:term":[{"taxonomy":"pwb-brand","embeddable":true,"href":"https:\/\/shop.noor.fi\/sv\/wp-json\/wp\/v2\/pwb-brand?post=130746"},{"taxonomy":"product_brand","embeddable":true,"href":"https:\/\/shop.noor.fi\/sv\/wp-json\/wp\/v2\/product_brand?post=130746"},{"taxonomy":"product_cat","embeddable":true,"href":"https:\/\/shop.noor.fi\/sv\/wp-json\/wp\/v2\/product_cat?post=130746"},{"taxonomy":"product_tag","embeddable":true,"href":"https:\/\/shop.noor.fi\/sv\/wp-json\/wp\/v2\/product_tag?post=130746"}],"curies":[{"name":"wp","href":"https:\/\/api.w.org\/{rel}","templated":true}]}}