{"id":130485,"date":"2025-04-28T13:17:11","date_gmt":"2025-04-28T10:17:11","guid":{"rendered":"https:\/\/shop.noor.fi\/product\/cyclone-flex-vaggarmatur-vit\/"},"modified":"2026-01-20T20:18:50","modified_gmt":"2026-01-20T18:18:50","slug":"cycloneflex-vaggarmatur-vit","status":"publish","type":"product","link":"https:\/\/shop.noor.fi\/sv\/produkt\/cycloneflex-vaggarmatur-vit\/","title":{"rendered":"Cyclone Flex v\u00e4ggarmatur vit"},"content":{"rendered":"<p>En klassisk v\u00e4gglampa f\u00f6r fast installation &#8211; levereras utan kabel. Lampan har en flexibel arm som g\u00f6r att sk\u00e4rmen kan roteras och vippas efter vad som ska belysas.<br \/>\nE14, max 15W. Ljusk\u00e4lla ing\u00e5r ej.<\/p>\n<p>Bredd 12,5 cm<br \/>\nDjup 37 cm<br \/>\nH\u00f6jd 37 cm<br \/>\nV\u00e4ggf\u00e4ste i diameter 12,5 cm<br \/>\nSk\u00e4rm i diameter 11 cm<\/p>\n","protected":false},"excerpt":{"rendered":"<p>En klassisk v\u00e4gglampa f\u00f6r fast installation &#8211; levereras utan kabel. Lampan har en flexibel arm som g\u00f6r att sk\u00e4rmen kan roteras och vippas efter vad som ska belysas. E14, max 15W. Ljusk\u00e4lla ing\u00e5r ej. Bredd 12,5 cm Djup 37 cm H\u00f6jd 37 cm V\u00e4ggf\u00e4ste i diameter 12,5 cm Sk\u00e4rm i diameter 11 cm<\/p>\n","protected":false},"featured_media":136213,"comment_status":"open","ping_status":"closed","template":"","meta":{"_acf_changed":false,"_relevanssi_hide_post":"","_relevanssi_hide_content":"","_relevanssi_pin_for_all":"","_relevanssi_pin_keywords":"","_relevanssi_unpin_keywords":"","_relevanssi_related_keywords":"","_relevanssi_related_include_ids":"","_relevanssi_related_exclude_ids":"","_relevanssi_related_no_append":"","_relevanssi_related_not_related":"","_relevanssi_related_posts":"","_relevanssi_noindex_reason":""},"pwb-brand":[28730],"product_brand":[],"product_cat":[32120],"product_tag":[],"class_list":{"0":"post-130485","1":"product","2":"type-product","3":"status-publish","4":"has-post-thumbnail","6":"pwb-brand-nordlux","7":"product_cat-vagglampor","9":"first","10":"instock","11":"taxable","12":"shipping-taxable","13":"purchasable","14":"product-type-simple"},"acf":[],"yoast_head":"<!-- This site is optimized with the Yoast SEO plugin v27.5 - https:\/\/yoast.com\/product\/yoast-seo-wordpress\/ -->\n<title>Cyclone Flex v\u00e4ggarmatur vit - Oy Noortrade Ab<\/title>\n<meta name=\"description\" content=\"En klassisk v\u00e4gglampa f\u00f6r fast installation - levereras utan kabel. Lampan har en flexibel arm som g\u00f6r att sk\u00e4rmen kan roteras\" \/>\n<meta name=\"robots\" content=\"index, follow, max-snippet:-1, max-image-preview:large, max-video-preview:-1\" \/>\n<link rel=\"canonical\" href=\"https:\/\/shop.noor.fi\/sv\/produkt\/cycloneflex-vaggarmatur-vit\/\" \/>\n<meta property=\"og:locale\" content=\"sv_SE\" \/>\n<meta property=\"og:type\" content=\"article\" \/>\n<meta property=\"og:title\" content=\"Cyclone Flex v\u00e4ggarmatur vit - Oy Noortrade Ab\" \/>\n<meta property=\"og:description\" content=\"En klassisk v\u00e4gglampa f\u00f6r fast installation - levereras utan kabel. Lampan har en flexibel arm som g\u00f6r att sk\u00e4rmen kan roteras\" \/>\n<meta property=\"og:url\" content=\"https:\/\/shop.noor.fi\/sv\/produkt\/cycloneflex-vaggarmatur-vit\/\" \/>\n<meta property=\"og:site_name\" content=\"Oy Noortrade Ab\" \/>\n<meta property=\"article:modified_time\" content=\"2026-01-20T18:18:50+00:00\" \/>\n<meta property=\"og:image\" content=\"https:\/\/shop.noor.fi\/wp-content\/uploads\/2025\/04\/5704924024801.jpg\" \/>\n\t<meta property=\"og:image:width\" content=\"1210\" \/>\n\t<meta property=\"og:image:height\" content=\"1210\" \/>\n\t<meta property=\"og:image:type\" content=\"image\/jpeg\" \/>\n<meta name=\"twitter:card\" content=\"summary_large_image\" \/>\n<meta name=\"twitter:label1\" content=\"Ber\u00e4knad l\u00e4stid\" \/>\n\t<meta name=\"twitter:data1\" content=\"1 minut\" \/>\n<script type=\"application\/ld+json\" class=\"yoast-schema-graph\">{\"@context\":\"https:\\\/\\\/schema.org\",\"@graph\":[{\"@type\":\"WebPage\",\"@id\":\"https:\\\/\\\/shop.noor.fi\\\/sv\\\/produkt\\\/cycloneflex-vaggarmatur-vit\\\/\",\"url\":\"https:\\\/\\\/shop.noor.fi\\\/sv\\\/produkt\\\/cycloneflex-vaggarmatur-vit\\\/\",\"name\":\"Cyclone Flex v\u00e4ggarmatur vit - Oy Noortrade Ab\",\"isPartOf\":{\"@id\":\"https:\\\/\\\/shopnoorfi-wp31835.test.cchosting.fi\\\/#website\"},\"primaryImageOfPage\":{\"@id\":\"https:\\\/\\\/shop.noor.fi\\\/sv\\\/produkt\\\/cycloneflex-vaggarmatur-vit\\\/#primaryimage\"},\"image\":{\"@id\":\"https:\\\/\\\/shop.noor.fi\\\/sv\\\/produkt\\\/cycloneflex-vaggarmatur-vit\\\/#primaryimage\"},\"thumbnailUrl\":\"https:\\\/\\\/shop.noor.fi\\\/wp-content\\\/uploads\\\/2025\\\/04\\\/5704924024801.jpg\",\"datePublished\":\"2025-04-28T10:17:11+00:00\",\"dateModified\":\"2026-01-20T18:18:50+00:00\",\"description\":\"En klassisk v\u00e4gglampa f\u00f6r fast installation - levereras utan kabel. Lampan har en flexibel arm som g\u00f6r att sk\u00e4rmen kan roteras\",\"breadcrumb\":{\"@id\":\"https:\\\/\\\/shop.noor.fi\\\/sv\\\/produkt\\\/cycloneflex-vaggarmatur-vit\\\/#breadcrumb\"},\"inLanguage\":\"sv-SE\",\"potentialAction\":[{\"@type\":\"ReadAction\",\"target\":[\"https:\\\/\\\/shop.noor.fi\\\/sv\\\/produkt\\\/cycloneflex-vaggarmatur-vit\\\/\"]}]},{\"@type\":\"ImageObject\",\"inLanguage\":\"sv-SE\",\"@id\":\"https:\\\/\\\/shop.noor.fi\\\/sv\\\/produkt\\\/cycloneflex-vaggarmatur-vit\\\/#primaryimage\",\"url\":\"https:\\\/\\\/shop.noor.fi\\\/wp-content\\\/uploads\\\/2025\\\/04\\\/5704924024801.jpg\",\"contentUrl\":\"https:\\\/\\\/shop.noor.fi\\\/wp-content\\\/uploads\\\/2025\\\/04\\\/5704924024801.jpg\",\"width\":1210,\"height\":1210,\"caption\":\"Valkoinen sein\u00e4valaisin joustavalla varrella\"},{\"@type\":\"BreadcrumbList\",\"@id\":\"https:\\\/\\\/shop.noor.fi\\\/sv\\\/produkt\\\/cycloneflex-vaggarmatur-vit\\\/#breadcrumb\",\"itemListElement\":[{\"@type\":\"ListItem\",\"position\":1,\"name\":\"Etusivu\",\"item\":\"https:\\\/\\\/shop.noor.fi\\\/sv\\\/\"},{\"@type\":\"ListItem\",\"position\":2,\"name\":\"Butik\",\"item\":\"https:\\\/\\\/shopnoorfi-wp31835.test.cchosting.fi\\\/sv\\\/butik\\\/\"},{\"@type\":\"ListItem\",\"position\":3,\"name\":\"Cyclone Flex v\u00e4ggarmatur vit\"}]},{\"@type\":\"WebSite\",\"@id\":\"https:\\\/\\\/shopnoorfi-wp31835.test.cchosting.fi\\\/#website\",\"url\":\"https:\\\/\\\/shopnoorfi-wp31835.test.cchosting.fi\\\/\",\"name\":\"Oy Noortrade Ab\",\"description\":\"Finnish family owned company with over 30 years of professional experience in lighting &amp; interior products import and sales - reliably.\",\"publisher\":{\"@id\":\"https:\\\/\\\/shopnoorfi-wp31835.test.cchosting.fi\\\/#organization\"},\"potentialAction\":[{\"@type\":\"SearchAction\",\"target\":{\"@type\":\"EntryPoint\",\"urlTemplate\":\"https:\\\/\\\/shopnoorfi-wp31835.test.cchosting.fi\\\/?s={search_term_string}\"},\"query-input\":{\"@type\":\"PropertyValueSpecification\",\"valueRequired\":true,\"valueName\":\"search_term_string\"}}],\"inLanguage\":\"sv-SE\"},{\"@type\":\"Organization\",\"@id\":\"https:\\\/\\\/shopnoorfi-wp31835.test.cchosting.fi\\\/#organization\",\"name\":\"Oy Noortrade Ab\",\"url\":\"https:\\\/\\\/shopnoorfi-wp31835.test.cchosting.fi\\\/\",\"logo\":{\"@type\":\"ImageObject\",\"inLanguage\":\"sv-SE\",\"@id\":\"https:\\\/\\\/shopnoorfi-wp31835.test.cchosting.fi\\\/#\\\/schema\\\/logo\\\/image\\\/\",\"url\":\"https:\\\/\\\/shop.noor.fi\\\/wp-content\\\/uploads\\\/2024\\\/01\\\/Oy-Noortrade-Ab-Corbel-VERSAL-bold-BLACK.png\",\"contentUrl\":\"https:\\\/\\\/shop.noor.fi\\\/wp-content\\\/uploads\\\/2024\\\/01\\\/Oy-Noortrade-Ab-Corbel-VERSAL-bold-BLACK.png\",\"width\":721,\"height\":177,\"caption\":\"Oy Noortrade Ab\"},\"image\":{\"@id\":\"https:\\\/\\\/shopnoorfi-wp31835.test.cchosting.fi\\\/#\\\/schema\\\/logo\\\/image\\\/\"}}]}<\/script>\n<!-- \/ Yoast SEO plugin. -->","yoast_head_json":{"title":"Cyclone Flex v\u00e4ggarmatur vit - Oy Noortrade Ab","description":"En klassisk v\u00e4gglampa f\u00f6r fast installation - levereras utan kabel. Lampan har en flexibel arm som g\u00f6r att sk\u00e4rmen kan roteras","robots":{"index":"index","follow":"follow","max-snippet":"max-snippet:-1","max-image-preview":"max-image-preview:large","max-video-preview":"max-video-preview:-1"},"canonical":"https:\/\/shop.noor.fi\/sv\/produkt\/cycloneflex-vaggarmatur-vit\/","og_locale":"sv_SE","og_type":"article","og_title":"Cyclone Flex v\u00e4ggarmatur vit - Oy Noortrade Ab","og_description":"En klassisk v\u00e4gglampa f\u00f6r fast installation - levereras utan kabel. Lampan har en flexibel arm som g\u00f6r att sk\u00e4rmen kan roteras","og_url":"https:\/\/shop.noor.fi\/sv\/produkt\/cycloneflex-vaggarmatur-vit\/","og_site_name":"Oy Noortrade Ab","article_modified_time":"2026-01-20T18:18:50+00:00","og_image":[{"width":1210,"height":1210,"url":"https:\/\/shop.noor.fi\/wp-content\/uploads\/2025\/04\/5704924024801.jpg","type":"image\/jpeg"}],"twitter_card":"summary_large_image","twitter_misc":{"Ber\u00e4knad l\u00e4stid":"1 minut"},"schema":{"@context":"https:\/\/schema.org","@graph":[{"@type":"WebPage","@id":"https:\/\/shop.noor.fi\/sv\/produkt\/cycloneflex-vaggarmatur-vit\/","url":"https:\/\/shop.noor.fi\/sv\/produkt\/cycloneflex-vaggarmatur-vit\/","name":"Cyclone Flex v\u00e4ggarmatur vit - Oy Noortrade Ab","isPartOf":{"@id":"https:\/\/shopnoorfi-wp31835.test.cchosting.fi\/#website"},"primaryImageOfPage":{"@id":"https:\/\/shop.noor.fi\/sv\/produkt\/cycloneflex-vaggarmatur-vit\/#primaryimage"},"image":{"@id":"https:\/\/shop.noor.fi\/sv\/produkt\/cycloneflex-vaggarmatur-vit\/#primaryimage"},"thumbnailUrl":"https:\/\/shop.noor.fi\/wp-content\/uploads\/2025\/04\/5704924024801.jpg","datePublished":"2025-04-28T10:17:11+00:00","dateModified":"2026-01-20T18:18:50+00:00","description":"En klassisk v\u00e4gglampa f\u00f6r fast installation - levereras utan kabel. Lampan har en flexibel arm som g\u00f6r att sk\u00e4rmen kan roteras","breadcrumb":{"@id":"https:\/\/shop.noor.fi\/sv\/produkt\/cycloneflex-vaggarmatur-vit\/#breadcrumb"},"inLanguage":"sv-SE","potentialAction":[{"@type":"ReadAction","target":["https:\/\/shop.noor.fi\/sv\/produkt\/cycloneflex-vaggarmatur-vit\/"]}]},{"@type":"ImageObject","inLanguage":"sv-SE","@id":"https:\/\/shop.noor.fi\/sv\/produkt\/cycloneflex-vaggarmatur-vit\/#primaryimage","url":"https:\/\/shop.noor.fi\/wp-content\/uploads\/2025\/04\/5704924024801.jpg","contentUrl":"https:\/\/shop.noor.fi\/wp-content\/uploads\/2025\/04\/5704924024801.jpg","width":1210,"height":1210,"caption":"Valkoinen sein\u00e4valaisin joustavalla varrella"},{"@type":"BreadcrumbList","@id":"https:\/\/shop.noor.fi\/sv\/produkt\/cycloneflex-vaggarmatur-vit\/#breadcrumb","itemListElement":[{"@type":"ListItem","position":1,"name":"Etusivu","item":"https:\/\/shop.noor.fi\/sv\/"},{"@type":"ListItem","position":2,"name":"Butik","item":"https:\/\/shopnoorfi-wp31835.test.cchosting.fi\/sv\/butik\/"},{"@type":"ListItem","position":3,"name":"Cyclone Flex v\u00e4ggarmatur vit"}]},{"@type":"WebSite","@id":"https:\/\/shopnoorfi-wp31835.test.cchosting.fi\/#website","url":"https:\/\/shopnoorfi-wp31835.test.cchosting.fi\/","name":"Oy Noortrade Ab","description":"Finnish family owned company with over 30 years of professional experience in lighting &amp; interior products import and sales - reliably.","publisher":{"@id":"https:\/\/shopnoorfi-wp31835.test.cchosting.fi\/#organization"},"potentialAction":[{"@type":"SearchAction","target":{"@type":"EntryPoint","urlTemplate":"https:\/\/shopnoorfi-wp31835.test.cchosting.fi\/?s={search_term_string}"},"query-input":{"@type":"PropertyValueSpecification","valueRequired":true,"valueName":"search_term_string"}}],"inLanguage":"sv-SE"},{"@type":"Organization","@id":"https:\/\/shopnoorfi-wp31835.test.cchosting.fi\/#organization","name":"Oy Noortrade Ab","url":"https:\/\/shopnoorfi-wp31835.test.cchosting.fi\/","logo":{"@type":"ImageObject","inLanguage":"sv-SE","@id":"https:\/\/shopnoorfi-wp31835.test.cchosting.fi\/#\/schema\/logo\/image\/","url":"https:\/\/shop.noor.fi\/wp-content\/uploads\/2024\/01\/Oy-Noortrade-Ab-Corbel-VERSAL-bold-BLACK.png","contentUrl":"https:\/\/shop.noor.fi\/wp-content\/uploads\/2024\/01\/Oy-Noortrade-Ab-Corbel-VERSAL-bold-BLACK.png","width":721,"height":177,"caption":"Oy Noortrade Ab"},"image":{"@id":"https:\/\/shopnoorfi-wp31835.test.cchosting.fi\/#\/schema\/logo\/image\/"}}]}},"brands":[{"id":28730,"name":"Nordlux","slug":"nordlux"}],"_links":{"self":[{"href":"https:\/\/shop.noor.fi\/sv\/wp-json\/wp\/v2\/product\/130485","targetHints":{"allow":["GET"]}}],"collection":[{"href":"https:\/\/shop.noor.fi\/sv\/wp-json\/wp\/v2\/product"}],"about":[{"href":"https:\/\/shop.noor.fi\/sv\/wp-json\/wp\/v2\/types\/product"}],"replies":[{"embeddable":true,"href":"https:\/\/shop.noor.fi\/sv\/wp-json\/wp\/v2\/comments?post=130485"}],"wp:featuredmedia":[{"embeddable":true,"href":"https:\/\/shop.noor.fi\/sv\/wp-json\/wp\/v2\/media\/136213"}],"wp:attachment":[{"href":"https:\/\/shop.noor.fi\/sv\/wp-json\/wp\/v2\/media?parent=130485"}],"wp:term":[{"taxonomy":"pwb-brand","embeddable":true,"href":"https:\/\/shop.noor.fi\/sv\/wp-json\/wp\/v2\/pwb-brand?post=130485"},{"taxonomy":"product_brand","embeddable":true,"href":"https:\/\/shop.noor.fi\/sv\/wp-json\/wp\/v2\/product_brand?post=130485"},{"taxonomy":"product_cat","embeddable":true,"href":"https:\/\/shop.noor.fi\/sv\/wp-json\/wp\/v2\/product_cat?post=130485"},{"taxonomy":"product_tag","embeddable":true,"href":"https:\/\/shop.noor.fi\/sv\/wp-json\/wp\/v2\/product_tag?post=130485"}],"curies":[{"name":"wp","href":"https:\/\/api.w.org\/{rel}","templated":true}]}}